{"id":31294,"date":"2025-01-28T17:21:07","date_gmt":"2025-01-28T15:21:07","guid":{"rendered":"https:\/\/www.visitsaimaa.fi\/?page_id=31294"},"modified":"2025-01-28T17:33:30","modified_gmt":"2025-01-28T15:33:30","slug":"hotels-bb-et-hebergements-de-charme","status":"publish","type":"page","link":"https:\/\/www.visitsaimaa.fi\/fr\/page-daccueil\/hotels-bb-et-hebergements-de-charme\/","title":{"rendered":"H\u00f4tels, B&amp;B et h\u00e9bergements de charme"},"content":{"rendered":"<p>[vc_row full_width=\u00a0\u00bbstretch_row_content_no_spaces\u00a0\u00bb full_height=\u00a0\u00bbyes\u00a0\u00bb parallax=\u00a0\u00bbcontent-moving-fade\u00a0\u00bb css=\u00a0\u00bb.vc_custom_1738078386498{padding-top: 250px !important;padding-bottom: 350px !important;background-image: url(https:\/\/www.visitsaimaa.fi\/wp-content\/uploads\/2024\/05\/dji_0582-scaled.jpg?id=30246) !important;background-position: center;background-repeat: no-repeat !important;background-size: cover !important;}\u00a0\u00bb][vc_column][vc_column_text css=\u00a0\u00bb\u00a0\u00bb][\/vc_column_text][\/vc_column][\/vc_row][vc_row css=\u00a0\u00bb.vc_custom_1567421184936{margin-bottom: 50px !important;}\u00a0\u00bb][vc_column width=\u00a0\u00bb1\/6&Prime;][\/vc_column][vc_column width=\u00a0\u00bb2\/3&Prime;][vc_column_text css=\u00a0\u00bb\u00a0\u00bb]<\/p>\n<h1 style=\"text-align: center\"><strong>H\u00f4tels, B&amp;B et h\u00e9bergements de charme<\/strong><\/h1>\n<p style=\"text-align: center\">Dans la r\u00e9gion des lacs finlandais de Saimaa, vous trouverez un large \u00e9ventail d\u2019h\u00e9bergements adapt\u00e9s \u00e0 tous les go\u00fbts et budgets, allant des auberges traditionnelles pleines de charme et d\u2019atmosph\u00e8re aux h\u00f4tels modernes et villas design luxueuses. Peut-\u00eatre pr\u00e9f\u00e9reriez-vous un appart&rsquo;h\u00f4tel, offrant tout l\u2019espace et les commodit\u00e9s d\u2019un appartement, tout en b\u00e9n\u00e9ficiant des services d\u2019un h\u00f4tel? Dans les h\u00f4tels de Mikkeli, Savonlinna et Varkaus, vous serez accueilli en tant qu\u2019invit\u00e9, et non comme un simple touriste.<\/p>\n<p style=\"text-align: center\">Des villas design luxueuses, des h\u00e9bergements sp\u00e9ciaux et les charmantes fermes r\u00e9nov\u00e9es connues sous le nom de Charms of Saimaa sont \u00e9galement disponibles en alternative aux h\u00f4tels de Mikkeli, Varkaus et Savonlinna. Situ\u00e9s \u00e0 proximit\u00e9 des villes, ces h\u00e9bergements offrent une vari\u00e9t\u00e9 d\u2019options allant de chambres cosy pour une personne \u00e0 des \u00e9co-villas con\u00e7ues pour accueillir de grands groupes ou des conf\u00e9rences.<br \/>\nQuel que soit le type d\u2019h\u00e9bergement dont vous avez besoin, vous le trouverez \u00e0 Saimaa!<\/p>\n<p>[\/vc_column_text][vc_icon type=\u00a0\u00bbmaterial\u00a0\u00bb icon_material=\u00a0\u00bbvc-material vc-material-expand_more\u00a0\u00bb color=\u00a0\u00bbblack\u00a0\u00bb size=\u00a0\u00bbxl\u00a0\u00bb align=\u00a0\u00bbcenter\u00a0\u00bb css_animation=\u00a0\u00bbfadeInDown\u00a0\u00bb][\/vc_column][vc_column width=\u00a0\u00bb1\/6&Prime;][\/vc_column][\/vc_row][vc_row full_height=\u00a0\u00bbyes\u00a0\u00bb content_placement=\u00a0\u00bbbottom\u00a0\u00bb parallax=\u00a0\u00bbcontent-moving\u00a0\u00bb][vc_column][vc_single_image image=\u00a0\u00bb30275&Prime; img_size=\u00a0\u00bbfull\u00a0\u00bb alignment=\u00a0\u00bbright\u00a0\u00bb css=\u00a0\u00bb\u00a0\u00bb][vc_column_text css=\u00a0\u00bb\u00a0\u00bb]<\/p>\n<h2 style=\"text-align: center\">Laissez-nous vous pr\u00e9senter les propri\u00e9t\u00e9s indiqu\u00e9es sur la carte!<\/h2>\n<p>[\/vc_column_text][vc_icon type=\u00a0\u00bbmaterial\u00a0\u00bb icon_material=\u00a0\u00bbvc-material vc-material-expand_more\u00a0\u00bb color=\u00a0\u00bbblack\u00a0\u00bb size=\u00a0\u00bbxl\u00a0\u00bb align=\u00a0\u00bbcenter\u00a0\u00bb css_animation=\u00a0\u00bbfadeInDown\u00a0\u00bb][\/vc_column][\/vc_row][vc_row][vc_column width=\u00a0\u00bb1\/2&Prime;][vc_column_text css=\u00a0\u00bb\u00a0\u00bb]<\/p>\n<p style=\"text-align: left\"><strong>1. <a href=\"https:\/\/www.spahotelcasino.fi\/en\/\">SpaHotel Casino<\/a>\u00a0<\/strong>&#8211; Un h\u00f4tel au centre-ville de Savonlinna, sur les \u00ab\u202f\u00celes Heureuses\u202f\u00bb, qui nourrit l\u2019esprit, le corps et l\u2019\u00e2me.<\/p>\n<p style=\"text-align: left\"><strong>2. <a href=\"http:\/\/sokoshotels.fi\">Sokos Hotel Seurahuone Savonlinna<\/a> <\/strong>&#8211; Un h\u00f4tel accueillant situ\u00e9 sur la place du march\u00e9 de Savonlinna.<\/p>\n<p style=\"text-align: left\"><strong>3. <a href=\"http:\/\/vipcruise.info\">VipCruise<\/a>\u00a0<\/strong>&#8211; Croisi\u00e8res priv\u00e9es sur le lac Saimaa \u00e0 bord d\u2019un luxueux bateau \u00e0 vapeur.<\/p>\n<p style=\"text-align: left\"><strong>4. <a href=\"https:\/\/www.hotelliwanhapappila.fi\/index.html\">Wanha Pappila<\/a>\u00a0<\/strong>&#8211; Un h\u00f4tel romantique pr\u00e8s du centre-ville de Savonlinna.<\/p>\n<p><strong>5. <a href=\"https:\/\/www.openshoressaimaa.com\/tours\/\">OpenShoresSaimaa<\/a>\u00a0<\/strong>&#8211; Croisi\u00e8res d\u2019aventure sur mesure sur le lac Saimaa.<\/p>\n<p><strong>6. <a href=\"https:\/\/www.kuus-hukkala.com\/fi\/majoitus\/\">Kuus-Hukkala<\/a>\u00a0<\/strong>&#8211; Camping et h\u00e9bergements confortables dans des greniers r\u00e9nov\u00e9s.<\/p>\n<p><strong>7. <a href=\"https:\/\/www.waahto.fi\/majoitus\">Willa Aria &amp; Huwila Studios<\/a><\/strong><a href=\"https:\/\/www.waahto.fi\/majoitus\">\u00a0<\/a>&#8211; H\u00f4tel boutique Willa Aria et studios Huwila au centre-ville de Savonlinna.<\/p>\n<p><strong>8. <a href=\"https:\/\/www.jarvisydan.com\/\">Nature Hotel &amp; Spa Resort J\u00e4rvisyd\u00e4n<\/a> <\/strong>&#8211; Suites panoramiques, suites Kota, p\u00e9niches, nids d\u2019oiseaux, suites panoramiques et espace pour caravanes.<\/p>\n<p><strong>9. <a href=\"http:\/\/kururesort.com\">Kuru Resort<\/a>\u00a0<\/strong>&#8211; Villas et suites luxueuses et priv\u00e9es, exclusivement r\u00e9serv\u00e9es aux adultes.<\/p>\n<p><strong>10. <a href=\"https:\/\/kotonamanor.com\/\">Kotona Manor<\/a>\u00a0<\/strong>&#8211; Nouveau complexe haut de gamme ouvrant en 2025.<\/p>\n<p><strong>11. <a href=\"http:\/\/pihlasresort.com\">PihlasResort<\/a>\u00a0<\/strong>&#8211; Nouveau complexe \u00e9co-luxueux offrant des villas foresti\u00e8res et des villas jardin tout \u00e9quip\u00e9es.<\/p>\n<p><strong>12. <a href=\"https:\/\/www.punkaharjuresort.fi\/en#accomodation\">Punkaharju Resort<\/a>\u00a0<\/strong>&#8211; Chambres, appartements et camping \u00e0 Punkaharju.<\/p>\n<p><strong>13. <a href=\"https:\/\/www.kruunupuisto.fi\/en\/sleep-eat\/\">Kruunupuisto<\/a>\u00a0<\/strong>&#8211; H\u00f4tel, charmante Villa Urhola et appartements de vacances \u00e0 Punkaharju.<\/p>\n<p><strong>14. <a href=\"https:\/\/www.ruokkeenlomakyla.fi\/en\/accommodation\/\">Ruoke Holiday Village<\/a>\u00a0<\/strong>&#8211; Camping au bord des eaux cristallines du lac Puruvesi.<\/p>\n<p><strong>15. <a href=\"https:\/\/www.tiittalankartano.fi\/en\/majoitus\/\">Tiittala Manor\u00a0<\/a><\/strong>&#8211; H\u00e9bergement en manoir et appartements \u00e0 Sulkava.<\/p>\n<p><strong>16. <a href=\"https:\/\/www.oravivillage.com\/en?_gl=1*tsmqlv*_up*MQ..*_ga*MTU1NzY0MDQzNi4xNzE3MTU0NTc0*_ga_FD3WPNCMJM*MTcxNzE1NDU3NC4xLjAuMTcxNzE1NDU3NC4wLjAuMA..\">Oravi Village<\/a>\u00a0<\/strong>&#8211; \u00c9co-auberge dans le parc national de Linnansaari et appartements \u00e0 Oravi.<\/p>\n<p><strong>17. <a href=\"https:\/\/kanavaresort.fi\/en\/stay\/\">Kanava Resort<\/a><\/strong> &#8211; Villas modernes pr\u00e8s du parc national de Linnansaari.[\/vc_column_text][\/vc_column][vc_column width=\u00a0\u00bb1\/2&Prime;][vc_column_text css=\u00a0\u00bb\u00a0\u00bb]<strong>18. <a href=\"https:\/\/tanhuvaara.fi\/en\/accommodation\/\">Tanhuvaara Sport Resort<\/a>\u00a0<\/strong>&#8211; Chambres d\u2019h\u00f4tel, appartements et camping dans un complexe offrant d\u2019excellentes installations sportives.<\/p>\n<p><strong>19. <a href=\"https:\/\/lomamokkila.fi\/en\/lomamokkila\/\">Lomamokkila<\/a>\u00a0<\/strong>&#8211; H\u00e9bergement en bed and breakfast dans la campagne finlandaise.<\/p>\n<p><strong>20. <a href=\"https:\/\/www.hoteloscar.fi\/en\/\">Hotel Oscar\u00a0<\/a><\/strong>&#8211; Un h\u00f4tel spacieux situ\u00e9 au centre-ville de Varkaus, \u00e0 proximit\u00e9 des sites culturels et historiques.<\/p>\n<p><strong>21. <a href=\"https:\/\/putkisalo.fi\/majoitus\/\">Putkisalo Manor<\/a>\u00a0<\/strong>&#8211; H\u00e9bergement enchanteur dans une ferme traditionnelle d\u2019\u00e9levage de moutons.<\/p>\n<p><strong>22.<a href=\"https:\/\/kinkamonaalto.johku.com\/fi_FI\"> Kinkamon Aalto<\/a>\u00a0<\/strong>&#8211; Glamping et tentes suspendues \u00e0 Varkaus.<\/p>\n<p><strong>23. <a href=\"https:\/\/landhauskekkola.fi\/en\/accommodation\/\">Landhaus Kekkola<\/a>\u00a0<\/strong>&#8211; 14 chambres de style maison de campagne \u00e0 l\u2019\u00e9tage sup\u00e9rieur du manoir Kekkola, \u00e0 Mikkeli.<\/p>\n<p><strong>24. <a href=\"https:\/\/tertinkartano.fi\/en\/accommodation\/\">Tertti Manor<\/a><\/strong> &#8211; H\u00f4tel boutique dans la cour du manoir \u00e0 Mikkeli.<\/p>\n<p><strong>26. <a href=\"http:\/\/uhkua.fi\">Uhkua<\/a>\u00a0<\/strong>&#8211; H\u00e9bergement unique sur un radeau flottant sur le lac Saimaa.<\/p>\n<p><strong>27.\u00a0<\/strong><strong><a href=\"https:\/\/www.scandichotels.com\/hotels\/finland\/mikkeli\/scandic-mikkeli?utm_source=google&amp;utm_medium=cpc&amp;utm_campaign=FI_Brand_Generic&amp;utm_id=722940934&amp;&amp;cmpid=ppc_BH2d&amp;s_kwcid=AL!7589!3!650991744458!e!!g!!scandic%20mikkeli&amp;gad_source=1&amp;gclid=Cj0KCQjw9vqyBhCKARIsAIIcLMFKi27WTzx-QFAv7ccJbi702iLphTEL8HPYuP_kjT7BUGtyhfbERuMaAhLCEALw_wcB&amp;gclsrc=aw.ds&amp;_gl=1*l746ea*_ga*MTY0ODMwNTI4LjE3MTM4NTUwNTI.*_ga_SYJ3HGVZKX*MTcxNzQ4NjI0MS4zLjAuMTcxNzQ4NjI0MS4wLjAuMA..\">Scandic Mikkeli<\/a><\/strong> &#8211; H\u00f4tel confortable avec piscine int\u00e9rieure, situ\u00e9 au centre de Mikkeli.<\/p>\n<p><strong>28. <a href=\"https:\/\/www.sokoshotels.fi\/en\/hotels\/mikkeli\/original-sokos-hotel-vaakuna\">Sokos Hotel Vaakuna\u00a0<\/a><\/strong>&#8211; H\u00f4tel chaleureux au centre-ville de Mikkeli, juste \u00e0 c\u00f4t\u00e9 de la place du march\u00e9.<\/p>\n<p><strong>29. <a href=\"https:\/\/www.woikoskifeeling.fi\/en\/whd-gard\/accommodation.html\">Woikoski Feeling<\/a>\u00a0<\/strong>&#8211; Complexe \u00e9l\u00e9gant et diversifi\u00e9, entour\u00e9 d\u2019une histoire riche et d\u2019une nature magnifique \u00e0 M\u00e4ntyharju.<\/p>\n<p><strong>30. <a href=\"http:\/\/sahanlahtiresort.fi\">Sahanlahti Resort\u00a0<\/a>\u00a0<\/strong>&#8211; Chambres d\u2019h\u00f4tel, villas et villas de luxe au bord du lac Saimaa \u00e0 Puumala.<\/p>\n<p><strong>31. <a href=\"http:\/\/pistohiekka.fi\">Pistohiekka Resort<\/a>\u00a0<\/strong>&#8211; Chalets modernes au bord du lac Saimaa dans la cour du complexe.<\/p>\n<p><strong>32. <a href=\"https:\/\/www.pistocamp.fi\/\">PistoCamp<\/a>\u00a0<\/strong>&#8211; Camping l\u00e9gendaire entour\u00e9 des magnifiques paysages du lac Saimaa.[\/vc_column_text][\/vc_column][\/vc_row][vc_row][vc_column][vc_zigzag][\/vc_column][\/vc_row][vc_row css=\u00a0\u00bb.vc_custom_1717678891421{padding-top: 20px !important;}\u00a0\u00bb][vc_column width=\u00a0\u00bb1\/4&Prime;][vc_btn title=\u00a0\u00bbCOTTAGES DANS LA R\u00c9GION DU LAC SAIMAA\u00a0\u00bb style=\u00a0\u00bbflat\u00a0\u00bb color=\u00a0\u00bbprimary\u00a0\u00bb size=\u00a0\u00bblg\u00a0\u00bb align=\u00a0\u00bbright\u00a0\u00bb css=\u00a0\u00bb\u00a0\u00bb link=\u00a0\u00bburl:https%3A%2F%2Fwww.visitsaimaa.fi%2Fen%2Ffinland-cottages-saimaa%2F|title:Cottages|target:_blank\u00a0\u00bb][\/vc_column][vc_column width=\u00a0\u00bb1\/4&Prime;][vc_btn title=\u00a0\u00bbRESTAURANTS\u00a0\u00bb style=\u00a0\u00bbflat\u00a0\u00bb color=\u00a0\u00bbprimary\u00a0\u00bb size=\u00a0\u00bblg\u00a0\u00bb align=\u00a0\u00bbcenter\u00a0\u00bb css=\u00a0\u00bb\u00a0\u00bb link=\u00a0\u00bburl:https%3A%2F%2Fwww.visitsaimaa.fi%2Fen%2Frestaurants-mikkeli-savonlinna%2F|title:Restaurants\u00a0\u00bb][\/vc_column][vc_column width=\u00a0\u00bb1\/4&Prime;][vc_btn title=\u00a0\u00bbQUE FAIRE?\u00a0\u00bb style=\u00a0\u00bbflat\u00a0\u00bb color=\u00a0\u00bbprimary\u00a0\u00bb size=\u00a0\u00bblg\u00a0\u00bb align=\u00a0\u00bbleft\u00a0\u00bb css=\u00a0\u00bb\u00a0\u00bb link=\u00a0\u00bburl:https%3A%2F%2Fwww.visitsaimaa.fi%2Fen%2Ffinland-holiday-activities%2F|target:_blank\u00a0\u00bb][\/vc_column][vc_column width=\u00a0\u00bb1\/4&Prime;][vc_btn title=\u00a0\u00bbD\u00c9COUVREZ NOTRE INSTAGRAM\u00a0\u00bb style=\u00a0\u00bbflat\u00a0\u00bb color=\u00a0\u00bbprimary\u00a0\u00bb size=\u00a0\u00bblg\u00a0\u00bb align=\u00a0\u00bbcenter\u00a0\u00bb css=\u00a0\u00bb\u00a0\u00bb link=\u00a0\u00bburl:https%3A%2F%2Fwww.instagram.com%2Fvisitsaimaa_official%2F|title:Instagram\u00a0\u00bb][\/vc_column][\/vc_row][vc_row][vc_column][\/vc_column][\/vc_row]<\/p>\n","protected":false},"excerpt":{"rendered":"<p>[vc_row full_width=\u00a0\u00bbstretch_row_content_no_spaces\u00a0\u00bb full_height=\u00a0\u00bbyes\u00a0\u00bb parallax=\u00a0\u00bbcontent-moving-fade\u00a0\u00bb css=\u00a0\u00bb.vc_custom_1738078386498{padding-top: 250px !important;padding-bottom: 350px !important;background-image: url(https:\/\/www.visitsaimaa.fi\/wp-content\/uploads\/2024\/05\/dji_0582-scaled.jpg?id=30246) !important;background-position: center;background-repeat: no-repeat !important;background-size: cover !important;}\u00a0\u00bb][vc_column][vc_column_text css=\u00a0\u00bb\u00a0\u00bb][\/vc_column_text][\/vc_column][\/vc_row][vc_row css=\u00a0\u00bb.vc_custom_1567421184936{margin-bottom: 50px !important;}\u00a0\u00bb][vc_column width=\u00a0\u00bb1\/6&Prime;][\/vc_column][vc_column width=\u00a0\u00bb2\/3&Prime;][vc_column_text css=\u00a0\u00bb\u00a0\u00bb] H\u00f4tels, B&amp;B et h\u00e9bergements de charme Dans [&hellip;]<\/p>\n","protected":false},"author":63,"featured_media":0,"parent":30705,"menu_order":0,"comment_status":"closed","ping_status":"closed","template":"","meta":{"footnotes":""},"relatedcontent":[],"class_list":["post-31294","page","type-page","status-publish","hentry"],"yoast_head":"<!-- This site is optimized with the Yoast SEO Premium plugin v27.3 (Yoast SEO v27.5) - https:\/\/yoast.com\/product\/yoast-seo-premium-wordpress\/ -->\n<title>H\u00f4tels, B&amp;B et h\u00e9bergements de charme - Visit Saimaa<\/title>\n<meta name=\"description\" content=\"H\u00f4tels, B&amp;B et h\u00e9bergements de charme Dans la r\u00e9gion des lacs finlandais de Saimaa, vous trouverez un large \u00e9ventail d\u2019h\u00e9bergements adapt\u00e9s \u00e0 tous les Dans la r\u00e9gion des lacs finlandais de Saimaa, vous trouverez un large \u00e9ventail d\u2019h\u00e9bergements adapt\u00e9s \u00e0 tous les go\u00fbts et budgets, allant des auberges traditionnelles pleines de charme et d\u2019atmosph\u00e8re aux h\u00f4tels modernes et villas design luxueuses. Peut-\u00eatre pr\u00e9f\u00e9reriez-vous un appart&#039;h\u00f4tel, offrant tout l\u2019espace et les commodit\u00e9s d\u2019un appartement, tout en b\u00e9n\u00e9ficiant des services d\u2019un h\u00f4tel? Dans les h\u00f4tels de Mikkeli, Savonlinna et Varkaus, vous serez accueilli en tant qu\u2019invit\u00e9, et non comme un simple touriste.\" \/>\n<meta name=\"robots\" content=\"index, follow, max-snippet:-1, max-image-preview:large, max-video-preview:-1\" \/>\n<link rel=\"canonical\" href=\"https:\/\/www.visitsaimaa.fi\/fr\/page-daccueil\/hotels-bb-et-hebergements-de-charme\/\" \/>\n<meta property=\"og:locale\" content=\"fr_FR\" \/>\n<meta property=\"og:type\" content=\"article\" \/>\n<meta property=\"og:title\" content=\"H\u00f4tels, B&amp;B et h\u00e9bergements de charme\" \/>\n<meta property=\"og:description\" content=\"H\u00f4tels, B&amp;B et h\u00e9bergements de charme Dans la r\u00e9gion des lacs finlandais de Saimaa, vous trouverez un large \u00e9ventail d\u2019h\u00e9bergements adapt\u00e9s \u00e0 tous les Dans la r\u00e9gion des lacs finlandais de Saimaa, vous trouverez un large \u00e9ventail d\u2019h\u00e9bergements adapt\u00e9s \u00e0 tous les go\u00fbts et budgets, allant des auberges traditionnelles pleines de charme et d\u2019atmosph\u00e8re aux h\u00f4tels modernes et villas design luxueuses. Peut-\u00eatre pr\u00e9f\u00e9reriez-vous un appart&#039;h\u00f4tel, offrant tout l\u2019espace et les commodit\u00e9s d\u2019un appartement, tout en b\u00e9n\u00e9ficiant des services d\u2019un h\u00f4tel? Dans les h\u00f4tels de Mikkeli, Savonlinna et Varkaus, vous serez accueilli en tant qu\u2019invit\u00e9, et non comme un simple touriste.\" \/>\n<meta property=\"og:url\" content=\"https:\/\/www.visitsaimaa.fi\/fr\/page-daccueil\/hotels-bb-et-hebergements-de-charme\/\" \/>\n<meta property=\"og:site_name\" content=\"Visit Saimaa\" \/>\n<meta property=\"article:modified_time\" content=\"2025-01-28T15:33:30+00:00\" \/>\n<meta name=\"twitter:label1\" content=\"Est. reading time\" \/>\n\t<meta name=\"twitter:data1\" content=\"5 minutes\" \/>\n<script type=\"application\/ld+json\" class=\"yoast-schema-graph\">{\"@context\":\"https:\\\/\\\/schema.org\",\"@graph\":[{\"@type\":\"WebPage\",\"@id\":\"https:\\\/\\\/www.visitsaimaa.fi\\\/fr\\\/page-daccueil\\\/hotels-bb-et-hebergements-de-charme\\\/\",\"url\":\"https:\\\/\\\/www.visitsaimaa.fi\\\/fr\\\/page-daccueil\\\/hotels-bb-et-hebergements-de-charme\\\/\",\"name\":\"H\u00f4tels, B&amp;B et h\u00e9bergements de charme - Visit Saimaa\",\"isPartOf\":{\"@id\":\"https:\\\/\\\/www.visitsaimaa.fi\\\/fi\\\/#website\"},\"datePublished\":\"2025-01-28T15:21:07+00:00\",\"dateModified\":\"2025-01-28T15:33:30+00:00\",\"description\":\"H\u00f4tels, B&amp;B et h\u00e9bergements de charme Dans la r\u00e9gion des lacs finlandais de Saimaa, vous trouverez un large \u00e9ventail d\u2019h\u00e9bergements adapt\u00e9s \u00e0 tous les Dans la r\u00e9gion des lacs finlandais de Saimaa, vous trouverez un large \u00e9ventail d\u2019h\u00e9bergements adapt\u00e9s \u00e0 tous les go\u00fbts et budgets, allant des auberges traditionnelles pleines de charme et d\u2019atmosph\u00e8re aux h\u00f4tels modernes et villas design luxueuses. Peut-\u00eatre pr\u00e9f\u00e9reriez-vous un appart'h\u00f4tel, offrant tout l\u2019espace et les commodit\u00e9s d\u2019un appartement, tout en b\u00e9n\u00e9ficiant des services d\u2019un h\u00f4tel? Dans les h\u00f4tels de Mikkeli, Savonlinna et Varkaus, vous serez accueilli en tant qu\u2019invit\u00e9, et non comme un simple touriste.\",\"breadcrumb\":{\"@id\":\"https:\\\/\\\/www.visitsaimaa.fi\\\/fr\\\/page-daccueil\\\/hotels-bb-et-hebergements-de-charme\\\/#breadcrumb\"},\"inLanguage\":\"fr-FR\",\"potentialAction\":[{\"@type\":\"ReadAction\",\"target\":[\"https:\\\/\\\/www.visitsaimaa.fi\\\/fr\\\/page-daccueil\\\/hotels-bb-et-hebergements-de-charme\\\/\"]}]},{\"@type\":\"BreadcrumbList\",\"@id\":\"https:\\\/\\\/www.visitsaimaa.fi\\\/fr\\\/page-daccueil\\\/hotels-bb-et-hebergements-de-charme\\\/#breadcrumb\",\"itemListElement\":[{\"@type\":\"ListItem\",\"position\":1,\"name\":\"Visit Saimaa\",\"item\":\"https:\\\/\\\/www.visitsaimaa.fi\\\/fr\\\/\"},{\"@type\":\"ListItem\",\"position\":2,\"name\":\"Page d\\\\&rsquo;accueil\",\"item\":\"https:\\\/\\\/www.visitsaimaa.fi\\\/fr\\\/\"},{\"@type\":\"ListItem\",\"position\":3,\"name\":\"H\u00f4tels, B&amp;B et h\u00e9bergements de charme\"}]},{\"@type\":\"WebSite\",\"@id\":\"https:\\\/\\\/www.visitsaimaa.fi\\\/fi\\\/#website\",\"url\":\"https:\\\/\\\/www.visitsaimaa.fi\\\/fi\\\/\",\"name\":\"Visit Saimaa\",\"description\":\"The Official Travel Guide of Lakeland Saimaa\",\"potentialAction\":[{\"@type\":\"SearchAction\",\"target\":{\"@type\":\"EntryPoint\",\"urlTemplate\":\"https:\\\/\\\/www.visitsaimaa.fi\\\/fi\\\/?s={search_term_string}\"},\"query-input\":{\"@type\":\"PropertyValueSpecification\",\"valueRequired\":true,\"valueName\":\"search_term_string\"}}],\"inLanguage\":\"fr-FR\"}]}<\/script>\n<!-- \/ Yoast SEO Premium plugin. -->","yoast_head_json":{"title":"H\u00f4tels, B&amp;B et h\u00e9bergements de charme - Visit Saimaa","description":"H\u00f4tels, B&amp;B et h\u00e9bergements de charme Dans la r\u00e9gion des lacs finlandais de Saimaa, vous trouverez un large \u00e9ventail d\u2019h\u00e9bergements adapt\u00e9s \u00e0 tous les Dans la r\u00e9gion des lacs finlandais de Saimaa, vous trouverez un large \u00e9ventail d\u2019h\u00e9bergements adapt\u00e9s \u00e0 tous les go\u00fbts et budgets, allant des auberges traditionnelles pleines de charme et d\u2019atmosph\u00e8re aux h\u00f4tels modernes et villas design luxueuses. Peut-\u00eatre pr\u00e9f\u00e9reriez-vous un appart'h\u00f4tel, offrant tout l\u2019espace et les commodit\u00e9s d\u2019un appartement, tout en b\u00e9n\u00e9ficiant des services d\u2019un h\u00f4tel? Dans les h\u00f4tels de Mikkeli, Savonlinna et Varkaus, vous serez accueilli en tant qu\u2019invit\u00e9, et non comme un simple touriste.","robots":{"index":"index","follow":"follow","max-snippet":"max-snippet:-1","max-image-preview":"max-image-preview:large","max-video-preview":"max-video-preview:-1"},"canonical":"https:\/\/www.visitsaimaa.fi\/fr\/page-daccueil\/hotels-bb-et-hebergements-de-charme\/","og_locale":"fr_FR","og_type":"article","og_title":"H\u00f4tels, B&amp;B et h\u00e9bergements de charme","og_description":"H\u00f4tels, B&amp;B et h\u00e9bergements de charme Dans la r\u00e9gion des lacs finlandais de Saimaa, vous trouverez un large \u00e9ventail d\u2019h\u00e9bergements adapt\u00e9s \u00e0 tous les Dans la r\u00e9gion des lacs finlandais de Saimaa, vous trouverez un large \u00e9ventail d\u2019h\u00e9bergements adapt\u00e9s \u00e0 tous les go\u00fbts et budgets, allant des auberges traditionnelles pleines de charme et d\u2019atmosph\u00e8re aux h\u00f4tels modernes et villas design luxueuses. Peut-\u00eatre pr\u00e9f\u00e9reriez-vous un appart'h\u00f4tel, offrant tout l\u2019espace et les commodit\u00e9s d\u2019un appartement, tout en b\u00e9n\u00e9ficiant des services d\u2019un h\u00f4tel? Dans les h\u00f4tels de Mikkeli, Savonlinna et Varkaus, vous serez accueilli en tant qu\u2019invit\u00e9, et non comme un simple touriste.","og_url":"https:\/\/www.visitsaimaa.fi\/fr\/page-daccueil\/hotels-bb-et-hebergements-de-charme\/","og_site_name":"Visit Saimaa","article_modified_time":"2025-01-28T15:33:30+00:00","twitter_misc":{"Est. reading time":"5 minutes"},"schema":{"@context":"https:\/\/schema.org","@graph":[{"@type":"WebPage","@id":"https:\/\/www.visitsaimaa.fi\/fr\/page-daccueil\/hotels-bb-et-hebergements-de-charme\/","url":"https:\/\/www.visitsaimaa.fi\/fr\/page-daccueil\/hotels-bb-et-hebergements-de-charme\/","name":"H\u00f4tels, B&amp;B et h\u00e9bergements de charme - Visit Saimaa","isPartOf":{"@id":"https:\/\/www.visitsaimaa.fi\/fi\/#website"},"datePublished":"2025-01-28T15:21:07+00:00","dateModified":"2025-01-28T15:33:30+00:00","description":"H\u00f4tels, B&amp;B et h\u00e9bergements de charme Dans la r\u00e9gion des lacs finlandais de Saimaa, vous trouverez un large \u00e9ventail d\u2019h\u00e9bergements adapt\u00e9s \u00e0 tous les Dans la r\u00e9gion des lacs finlandais de Saimaa, vous trouverez un large \u00e9ventail d\u2019h\u00e9bergements adapt\u00e9s \u00e0 tous les go\u00fbts et budgets, allant des auberges traditionnelles pleines de charme et d\u2019atmosph\u00e8re aux h\u00f4tels modernes et villas design luxueuses. Peut-\u00eatre pr\u00e9f\u00e9reriez-vous un appart'h\u00f4tel, offrant tout l\u2019espace et les commodit\u00e9s d\u2019un appartement, tout en b\u00e9n\u00e9ficiant des services d\u2019un h\u00f4tel? Dans les h\u00f4tels de Mikkeli, Savonlinna et Varkaus, vous serez accueilli en tant qu\u2019invit\u00e9, et non comme un simple touriste.","breadcrumb":{"@id":"https:\/\/www.visitsaimaa.fi\/fr\/page-daccueil\/hotels-bb-et-hebergements-de-charme\/#breadcrumb"},"inLanguage":"fr-FR","potentialAction":[{"@type":"ReadAction","target":["https:\/\/www.visitsaimaa.fi\/fr\/page-daccueil\/hotels-bb-et-hebergements-de-charme\/"]}]},{"@type":"BreadcrumbList","@id":"https:\/\/www.visitsaimaa.fi\/fr\/page-daccueil\/hotels-bb-et-hebergements-de-charme\/#breadcrumb","itemListElement":[{"@type":"ListItem","position":1,"name":"Visit Saimaa","item":"https:\/\/www.visitsaimaa.fi\/fr\/"},{"@type":"ListItem","position":2,"name":"Page d\\&rsquo;accueil","item":"https:\/\/www.visitsaimaa.fi\/fr\/"},{"@type":"ListItem","position":3,"name":"H\u00f4tels, B&amp;B et h\u00e9bergements de charme"}]},{"@type":"WebSite","@id":"https:\/\/www.visitsaimaa.fi\/fi\/#website","url":"https:\/\/www.visitsaimaa.fi\/fi\/","name":"Visit Saimaa","description":"The Official Travel Guide of Lakeland Saimaa","potentialAction":[{"@type":"SearchAction","target":{"@type":"EntryPoint","urlTemplate":"https:\/\/www.visitsaimaa.fi\/fi\/?s={search_term_string}"},"query-input":{"@type":"PropertyValueSpecification","valueRequired":true,"valueName":"search_term_string"}}],"inLanguage":"fr-FR"}]}},"_links":{"self":[{"href":"https:\/\/www.visitsaimaa.fi\/fr\/wp-json\/wp\/v2\/pages\/31294","targetHints":{"allow":["GET"]}}],"collection":[{"href":"https:\/\/www.visitsaimaa.fi\/fr\/wp-json\/wp\/v2\/pages"}],"about":[{"href":"https:\/\/www.visitsaimaa.fi\/fr\/wp-json\/wp\/v2\/types\/page"}],"author":[{"embeddable":true,"href":"https:\/\/www.visitsaimaa.fi\/fr\/wp-json\/wp\/v2\/users\/63"}],"replies":[{"embeddable":true,"href":"https:\/\/www.visitsaimaa.fi\/fr\/wp-json\/wp\/v2\/comments?post=31294"}],"version-history":[{"count":4,"href":"https:\/\/www.visitsaimaa.fi\/fr\/wp-json\/wp\/v2\/pages\/31294\/revisions"}],"predecessor-version":[{"id":31298,"href":"https:\/\/www.visitsaimaa.fi\/fr\/wp-json\/wp\/v2\/pages\/31294\/revisions\/31298"}],"up":[{"embeddable":true,"href":"https:\/\/www.visitsaimaa.fi\/fr\/wp-json\/wp\/v2\/pages\/30705"}],"wp:attachment":[{"href":"https:\/\/www.visitsaimaa.fi\/fr\/wp-json\/wp\/v2\/media?parent=31294"}],"wp:term":[{"taxonomy":"relatedcontent","embeddable":true,"href":"https:\/\/www.visitsaimaa.fi\/fr\/wp-json\/wp\/v2\/relatedcontent?post=31294"}],"curies":[{"name":"wp","href":"https:\/\/api.w.org\/{rel}","templated":true}]}}