{"id":30705,"date":"2024-07-03T10:58:23","date_gmt":"2024-07-03T07:58:23","guid":{"rendered":"https:\/\/www.visitsaimaa.fi\/?page_id=30705"},"modified":"2025-03-25T16:04:39","modified_gmt":"2025-03-25T14:04:39","slug":"page-daccueil","status":"publish","type":"page","link":"https:\/\/www.visitsaimaa.fi\/fr\/","title":{"rendered":"Page d\\&rsquo;accueil"},"content":{"rendered":"<p>[vc_row full_width=\u00a0\u00bbstretch_row_content_no_spaces\u00a0\u00bb full_height=\u00a0\u00bbyes\u00a0\u00bb columns_placement=\u00a0\u00bbtop\u00a0\u00bb equal_height=\u00a0\u00bbyes\u00a0\u00bb content_placement=\u00a0\u00bbtop\u00a0\u00bb video_bg=\u00a0\u00bbyes\u00a0\u00bb video_bg_url=\u00a0\u00bbhttps:\/\/www.youtube.com\/watch?v=Kmc2uLurwh8&Prime; css=\u00a0\u00bb.vc_custom_1716538572803{border-top-width: 200px !important;padding-top: 200px !important;padding-bottom: 200px !important;}\u00a0\u00bb][vc_column][vc_column_text css=\u00a0\u00bb\u00a0\u00bb]<\/p>\n<h2><\/h2>\n<h2><\/h2>\n<h2><\/h2>\n<h2 style=\"text-align: center\"><span style=\"color: #ffffff\">Un s\u00e9jour de vacances dans la magnifique r\u00e9gion du lac Saimaa en Finlande<\/span><\/h2>\n<p>[\/vc_column_text][\/vc_column][\/vc_row][vc_row css=\u00a0\u00bb.vc_custom_1567148115795{margin-bottom: 50px !important;}\u00a0\u00bb][vc_column][vc_column_text css=\u00a0\u00bb\u00a0\u00bb]<\/p>\n<p style=\"text-align: center\">Bienvenue sur le site Visit Lake Saimaa. Il offre une multitude d&rsquo;inspiration et d&rsquo;informations sur la r\u00e9gion du lac Saimaa, les vacances en famille, les attractions \u00e0 visiter, les activit\u00e9s, la culture du sauna, le Festival d&rsquo;Op\u00e9ra, le vendace, et les villes de Mikkeli, Savonlinna et Varkaus, pour vous aider \u00e0 planifier vos vacances en Finlande et dans la r\u00e9gion de Saimaa.<\/p>\n<p style=\"text-align: center\">R\u00eavez-vous de vacances en Finlande, d&rsquo;un chalet d&rsquo;\u00e9t\u00e9 au bord d&rsquo;un lac, d&rsquo;un sauna priv\u00e9, et d&rsquo;une paix et tranquillit\u00e9 absolues ? Ici, vous trouverez des informations sur comment se rendre dans la r\u00e9gion de Saimaa, sur ce qu&rsquo;elle offre, et sur les options d&rsquo;h\u00e9bergement (que vous pr\u00e9f\u00e9riez un camping, un chalet, ou un autre type de logement).<\/p>\n<h2 style=\"text-align: center\">La r\u00e9gion du lac Saimaa a re\u00e7u le prestigieux titre international de R\u00e9gion Europ\u00e9enne de la Gastronomie 2024<\/h2>\n<div class=\"flex flex-grow flex-col max-w-full\">\n<div class=\"min-h-[20px] text-message flex flex-col items-start whitespace-pre-wrap break-words [.text-message+&amp;]:mt-5 juice:w-full juice:items-end overflow-x-auto gap-2\" dir=\"auto\" data-message-author-role=\"assistant\" data-message-id=\"4558b999-5891-40e4-a9a2-9899922a1c61\">\n<div class=\"flex w-full flex-col gap-1 juice:empty:hidden juice:first:pt-[3px]\">\n<div class=\"markdown prose w-full break-words dark:prose-invert light\">\n<p style=\"text-align: center\">La gastronomie et la culture uniques de l&rsquo;Est de la Finlande sont c\u00e9l\u00e9br\u00e9es avec des exp\u00e9riences riches qui combinent la nourriture la plus pure du monde et la culture originelle. Notre cuisine est bas\u00e9e sur les r\u00e9coltes saisonni\u00e8res. Nous poss\u00e9dons encore les comp\u00e9tences n\u00e9cessaires pour vivre en parfaite harmonie avec la nature. Les longues nuits blanches du nord cr\u00e9ent des conditions id\u00e9ales pour cultiver des ingr\u00e9dients purs et aromatiques. Les for\u00eats de Saimaa sont un v\u00e9ritable tr\u00e9sor de l\u00e9gumes sauvages, de baies et de champignons, riches en saveurs.<\/p>\n<\/div>\n<\/div>\n<\/div>\n<\/div>\n<h2 style=\"text-align: center\">Des vacances actives dans la r\u00e9gion de Saimaa<\/h2>\n<p style=\"text-align: center\">Cano\u00eb, v\u00e9lo, natation, randonn\u00e9e\u2026 Ou pr\u00e9f\u00e9rez-vous faire du ski ou de la baignade en glace ? Que diriez-vous d&rsquo;une promenade en for\u00eat, de faire du yoga sur un ponton, ou de cueillir des baies ? L&rsquo;\u00e9t\u00e9 et l&rsquo;hiver finlandais offrent une multitude de possibilit\u00e9s pour toutes sortes d&rsquo;activit\u00e9s.<\/p>\n<h2 style=\"text-align: center\">Une escapade plus proche que vous ne le pensez<\/h2>\n<p style=\"text-align: center\">La Finlande et la r\u00e9gion de Saimaa sont \u00e9tonnamment proches. Vous pouvez atteindre la capitale finlandaise, Helsinki, depuis l&rsquo;Europe centrale en seulement quelques heures d&rsquo;avion, et il ne faut que quelques heures de plus pour conduire d&rsquo;Helsinki \u00e0 la r\u00e9gion de Saimaa, dans l&rsquo;Est de la Finlande. Vos vacances en Finlande sont plus proches que vous ne le pensez.<\/p>\n<p>[\/vc_column_text][\/vc_column][\/vc_row][vc_row full_width=\u00a0\u00bbstretch_row_content\u00a0\u00bb full_height=\u00a0\u00bbyes\u00a0\u00bb parallax=\u00a0\u00bbcontent-moving-fade\u00a0\u00bb parallax_image=\u00a0\u00bb28786&Prime;][vc_column width=\u00a0\u00bb1\/3&Prime;][vc_custom_heading text=\u00a0\u00bbDES PAYSAGES FASCINANTS\u00a0\u00bb font_container=\u00a0\u00bbtag:h2|text_align:left|color:%23ffffff\u00a0\u00bb use_theme_fonts=\u00a0\u00bbyes\u00a0\u00bb css=\u00a0\u00bb\u00a0\u00bb][vc_custom_heading text=\u00a0\u00bbLa Finlande et ses habitants tirent leur force de la nature : des for\u00eats infinies et des milliers de lacs, un ciel bleu avec des nuages blancs, les quatre saisons avec leurs caract\u00e9ristiques distinctives, la neige et la glace, et les nuits blanches de l&rsquo;\u00e9t\u00e9. La culture et le design finlandais puisent \u00e9galement leur inspiration et leur force motrice dans la nature. Il y a beaucoup de puissance de la nature \u00e0 partager avec les visiteurs. Cela vaut la peine d&rsquo;\u00eatre v\u00e9cu par vous-m\u00eame, alors venez et laissez-vous fasciner par la beaut\u00e9 de vos vacances en Finlande et dans la r\u00e9gion de Saimaa.\u00a0\u00bb font_container=\u00a0\u00bbtag:div|text_align:left|color:%23ffffff\u00a0\u00bb use_theme_fonts=\u00a0\u00bbyes\u00a0\u00bb css=\u00a0\u00bb\u00a0\u00bb][vc_empty_space height=\u00a0\u00bb12px\u00a0\u00bb][vc_btn title=\u00a0\u00bbLIRE LA SUITE SUR LE LAC SAIMAA\u00a0\u00bb shape=\u00a0\u00bbsquare\u00a0\u00bb color=\u00a0\u00bbblack\u00a0\u00bb css=\u00a0\u00bb\u00a0\u00bb link=\u00a0\u00bburl:http%3A%2F%2Fwww.visitsaimaa.fi%2Fen%2Ffinland-holiday-reasons-to-travel-to-mikkeli-savonlinna%2F\u00a0\u00bb][\/vc_column][vc_column width=\u00a0\u00bb2\/3&Prime;][\/vc_column][\/vc_row][vc_row css=\u00a0\u00bb.vc_custom_1568369483875{margin-top: 20px !important;margin-bottom: 20px !important;}\u00a0\u00bb][vc_column][vc_column_text css=\u00a0\u00bb\u00a0\u00bb]<\/p>\n<h2 style=\"text-align: center\">Comment s&rsquo;y rendre<\/h2>\n<p style=\"text-align: center\">Le lac Saimaa se trouve dans la province de Finlande orientale, ce que beaucoup appellent le district des lacs finlandais. Dans cette r\u00e9gion, les villes de Mikkeli, Savonlinna, Lappeenranta, Imatra, Joensuu et Kuopio sont toutes \u00e0 une courte distance en voiture les unes des autres.<\/p>\n<p style=\"text-align: center\">La distance de la capitale, Helsinki, \u00e0 Mikkeli est de 230 km (le temps de trajet est d&rsquo;environ 2,5 heures) et \u00e0 Savonlinna est de 332 km (avec un temps de trajet d&rsquo;environ 4 heures). Vous pouvez facilement vous rendre \u00e0 Savonlinna ou Mikkeli en voiture, en train ou en autocar, ou vous pouvez voyager \u00e0 Savonlinna en avion depuis Helsinki.<\/p>\n<p>[\/vc_column_text][\/vc_column][\/vc_row][vc_row full_width=\u00a0\u00bbstretch_row_content_no_spaces\u00a0\u00bb full_height=\u00a0\u00bbyes\u00a0\u00bb][vc_column parallax=\u00a0\u00bbcontent-moving\u00a0\u00bb parallax_image=\u00a0\u00bb31611&Prime; width=\u00a0\u00bb1\/2&Prime;][vc_column_text css=\u00a0\u00bb\u00a0\u00bb]<\/p>\n<h2><\/h2>\n<h2><\/h2>\n<p>&nbsp;<\/p>\n<p>&nbsp;<\/p>\n<h2 style=\"text-align: center\"><span style=\"color: #ffffff\">9 raisons de voyager au lac Saimaa<\/span><\/h2>\n<p>[\/vc_column_text][vc_btn title=\u00a0\u00bbLIRE LA SUITE\u00a0\u00bb style=\u00a0\u00bbclassic\u00a0\u00bb color=\u00a0\u00bbblack\u00a0\u00bb align=\u00a0\u00bbcenter\u00a0\u00bb css=\u00a0\u00bb.vc_custom_1730382174121{padding-top: 150px !important;}\u00a0\u00bb link=\u00a0\u00bburl:%20https%3A%2F%2Fwww.visitsaimaa.fi%2Ffr%2F9-raisons-lac-saimaa%2F|title:9%20reasons|target:_blank\u00a0\u00bb][\/vc_column][vc_column parallax=\u00a0\u00bbcontent-moving-fade\u00a0\u00bb parallax_image=\u00a0\u00bb31607&Prime; width=\u00a0\u00bb1\/2&Prime;][vc_column_text css=\u00a0\u00bb\u00a0\u00bb]<\/p>\n<h2><\/h2>\n<h2><\/h2>\n<p>&nbsp;<\/p>\n<p>&nbsp;<\/p>\n<h2 style=\"text-align: center\"><span style=\"color: #ffffff\">Top 7 exp\u00e9riences dans la r\u00e9gion du lac Saimaa<\/span><\/h2>\n<p>[\/vc_column_text][vc_btn title=\u00a0\u00bbLIRE LA SUITE\u00a0\u00bb style=\u00a0\u00bbclassic\u00a0\u00bb color=\u00a0\u00bbblack\u00a0\u00bb align=\u00a0\u00bbcenter\u00a0\u00bb css=\u00a0\u00bb.vc_custom_1742911083712{padding-top: 150px !important;}\u00a0\u00bb link=\u00a0\u00bburl:https%3A%2F%2Fwww.visitsaimaa.fi%2Ffr%2Ftop-7-experiences-dans-la-region-du-lac-saimaa%2F|title:7%20experiences|target:_blank\u00a0\u00bb][\/vc_column][\/vc_row][vc_row full_width=\u00a0\u00bbstretch_row_content_no_spaces\u00a0\u00bb][vc_column][vc_empty_space height=\u00a0\u00bb50px\u00a0\u00bb][vc_separator][\/vc_column][\/vc_row][vc_row full_width=\u00a0\u00bbstretch_row_content\u00a0\u00bb css=\u00a0\u00bb.vc_custom_1742909924632{background-image: url(https:\/\/www.visitsaimaa.fi\/wp-content\/uploads\/2025\/03\/saimaa-ringed-seal-on-the-rock-visit-saimaa.jpg?id=31589) !important;background-position: center !important;background-repeat: no-repeat !important;background-size: cover !important;}\u00a0\u00bb][vc_column][vc_column_text css=\u00a0\u00bb.vc_custom_1719995695866{padding-top: 100px !important;padding-bottom: 100px !important;}\u00a0\u00bb]<\/p>\n<h2 style=\"text-align: center\"><span style=\"color: #ffffff\">Phoque annel\u00e9 de Saimaa<\/span><\/h2>\n<p style=\"text-align: center\"><span style=\"color: #ffffff\">Le phoque annel\u00e9 de Saimaa, une esp\u00e8ce rare, vit uniquement dans les eaux du lac Saimaa. Lors des excursions pour observer les phoques, vous pouvez rep\u00e9rer cet animal en voie de disparition.<\/span><\/p>\n<p>[\/vc_column_text][vc_btn title=\u00a0\u00bbLIRE LA SUITE\u00a0\u00bb style=\u00a0\u00bbclassic\u00a0\u00bb color=\u00a0\u00bbblack\u00a0\u00bb align=\u00a0\u00bbcenter\u00a0\u00bb css=\u00a0\u00bb.vc_custom_1719995536799{padding-bottom: 150px !important;}\u00a0\u00bb link=\u00a0\u00bburl:https%3A%2F%2Fwww.visitsaimaa.fi%2Fen%2Fsaimaa-ringed-seal%2F|title:Summer%20activities|target:_blank\u00a0\u00bb][\/vc_column][\/vc_row][vc_row full_width=\u00a0\u00bbstretch_row_content_no_spaces\u00a0\u00bb][vc_column][vc_empty_space height=\u00a0\u00bb50px\u00a0\u00bb][vc_separator][\/vc_column][\/vc_row][vc_row full_width=\u00a0\u00bbstretch_row_content\u00a0\u00bb full_height=\u00a0\u00bbyes\u00a0\u00bb parallax=\u00a0\u00bbcontent-moving-fade\u00a0\u00bb parallax_image=\u00a0\u00bb29848&Prime;][vc_column width=\u00a0\u00bb2\/3&Prime;][\/vc_column][vc_column width=\u00a0\u00bb1\/3&Prime;][vc_custom_heading text=\u00a0\u00bbH\u00c9BERGEMENT DANS LA R\u00c9GION DU LAC SAIMAA\u00a0\u00bb font_container=\u00a0\u00bbtag:h2|text_align:left|color:%23ffffff\u00a0\u00bb use_theme_fonts=\u00a0\u00bbyes\u00a0\u00bb css=\u00a0\u00bb\u00a0\u00bb][vc_custom_heading text=\u00a0\u00bbDans la r\u00e9gion du lac Saimaa, au c\u0153ur du plus grand district des lacs de Finlande, vous d\u00e9couvrirez un large \u00e9ventail d&rsquo;h\u00e9bergements en pleine nature, adapt\u00e9s \u00e0 tous les go\u00fbts et budgets. Que vous recherchiez des vacances de luxe ou un s\u00e9jour de luxe, vous trouverez tout, des auberges traditionnelles pleines de charme aux h\u00f4tels modernes, ainsi que des villas design luxueuses. Vous pr\u00e9f\u00e9rez peut-\u00eatre un appart&rsquo;h\u00f4tel offrant l&rsquo;espace et les commodit\u00e9s d&rsquo;un appartement, mais avec tous les services d&rsquo;un h\u00f4tel? Dans les h\u00f4tels de Mikkeli, Savonlinna et Varkaus, vous serez accueilli en tant qu&rsquo;invit\u00e9, pas simplement en tant que touriste.\u00a0\u00bb font_container=\u00a0\u00bbtag:div|text_align:left|color:%23ffffff\u00a0\u00bb use_theme_fonts=\u00a0\u00bbyes\u00a0\u00bb css=\u00a0\u00bb\u00a0\u00bb][vc_empty_space height=\u00a0\u00bb12px\u00a0\u00bb][vc_btn title=\u00a0\u00bbLIRE DAVANTAGE SUR LES H\u00c8BERGEMENTS\u00a0\u00bb shape=\u00a0\u00bbsquare\u00a0\u00bb color=\u00a0\u00bbprimary\u00a0\u00bb css=\u00a0\u00bb\u00a0\u00bb link=\u00a0\u00bburl:https%3A%2F%2Fwww.visitsaimaa.fi%2Ffr%2Fpage-daccueil%2Fhotels-bb-et-hebergements-de-charme%2F|title:Accommodation\u00a0\u00bb][\/vc_column][\/vc_row][vc_row full_width=\u00a0\u00bbstretch_row_content_no_spaces\u00a0\u00bb][vc_column][vc_empty_space height=\u00a0\u00bb50px\u00a0\u00bb][vc_separator][\/vc_column][\/vc_row][vc_row full_width=\u00a0\u00bbstretch_row_content_no_spaces\u00a0\u00bb full_height=\u00a0\u00bbyes\u00a0\u00bb parallax=\u00a0\u00bbcontent-moving-fade\u00a0\u00bb parallax_image=\u00a0\u00bb28066&Prime; css=\u00a0\u00bb.vc_custom_1683014015011{padding-top: 30px !important;}\u00a0\u00bb][vc_column parallax=\u00a0\u00bbcontent-moving-fade\u00a0\u00bb][vc_column_text css=\u00a0\u00bb\u00a0\u00bb]<\/p>\n<h2><\/h2>\n<h2 style=\"text-align: center\"><span style=\"color: #ffffff\">Saimaa est la R\u00e9gion Europ\u00e9enne de la Gastronomie<\/span><\/h2>\n<p style=\"text-align: center\"><span style=\"color: #ffffff\">La r\u00e9gion du lac Saimaa a \u00e9t\u00e9 d\u00e9sign\u00e9e R\u00e9gion Europ\u00e9enne de la Gastronomie pour l&rsquo;ann\u00e9e 2024<\/span><\/p>\n<p>[\/vc_column_text][vc_btn title=\u00a0\u00bbLIRE LA SUITE\u00a0\u00bb align=\u00a0\u00bbcenter\u00a0\u00bb css=\u00a0\u00bb\u00a0\u00bb link=\u00a0\u00bburl:https%3A%2F%2Fwww.visitsaimaa.fi%2Fen%2Feuropean-region-of-gastronomy%2F|title:Saimaa%20%E2%80%93%20European%20Region%20of%20Gastronomy\u00a0\u00bb][\/vc_column][\/vc_row][vc_row][vc_column width=\u00a0\u00bb1\/2&Prime;][vc_video link=\u00a0\u00bbhttps:\/\/www.youtube.com\/watch?v=Q6NWLNxsu7Q\u00a0\u00bb align=\u00a0\u00bbcenter\u00a0\u00bb css=\u00a0\u00bb.vc_custom_1568185627204{margin-top: 40px !important;margin-bottom: 60px !important;}\u00a0\u00bb][vc_video link=\u00a0\u00bbhttps:\/\/youtu.be\/Oh5OSKuidSE\u00a0\u00bb align=\u00a0\u00bbcenter\u00a0\u00bb css=\u00a0\u00bb.vc_custom_1568369172807{margin-top: 40px !important;margin-bottom: 60px !important;}\u00a0\u00bb][vc_video link=\u00a0\u00bbhttps:\/\/youtu.be\/-EL1SCWIP0M\u00a0\u00bb align=\u00a0\u00bbcenter\u00a0\u00bb css=\u00a0\u00bb.vc_custom_1568369180888{margin-top: 40px !important;margin-bottom: 60px !important;}\u00a0\u00bb][\/vc_column][vc_column width=\u00a0\u00bb1\/2&Prime;][vc_video link=\u00a0\u00bbhttps:\/\/youtu.be\/vAevQObxuoI\u00a0\u00bb align=\u00a0\u00bbcenter\u00a0\u00bb css=\u00a0\u00bb.vc_custom_1568369188363{margin-top: 40px !important;margin-bottom: 60px !important;}\u00a0\u00bb][vc_video link=\u00a0\u00bbhttps:\/\/www.youtube.com\/watch?v=wF3IjhnGPYY\u00a0\u00bb align=\u00a0\u00bbcenter\u00a0\u00bb css=\u00a0\u00bb.vc_custom_1568369196456{margin-top: 40px !important;margin-bottom: 60px !important;}\u00a0\u00bb][vc_video link=\u00a0\u00bbhttps:\/\/youtu.be\/r1OQCWNJXCw\u00a0\u00bb align=\u00a0\u00bbcenter\u00a0\u00bb css=\u00a0\u00bb.vc_custom_1568369203560{margin-top: 40px !important;margin-bottom: 60px !important;}\u00a0\u00bb][\/vc_column][\/vc_row][vc_row][vc_column][vc_column_text css=\u00a0\u00bb.vc_custom_1742909739935{padding-top: 100px !important;padding-bottom: 100px !important;}\u00a0\u00bb]<\/p>\n<h2 style=\"text-align: center\"><span style=\"color: #ffffff\">Meilleures exp\u00e9riences hivernales dans la r\u00e9gion du lac Saimaa, en Finlande<\/span><\/h2>\n<p style=\"text-align: center\"><span style=\"color: #ffffff\">Activit\u00e9s en plein air <\/span><\/p>\n<p>[\/vc_column_text][vc_btn title=\u00a0\u00bbLIRE LA SUITE\u00a0\u00bb style=\u00a0\u00bbclassic\u00a0\u00bb color=\u00a0\u00bbblack\u00a0\u00bb align=\u00a0\u00bbcenter\u00a0\u00bb css=\u00a0\u00bb.vc_custom_1726651385153{padding-bottom: 150px !important;}\u00a0\u00bb link=\u00a0\u00bburl:%20https%3A%2F%2Fwww.visitsaimaa.fi%2Ffr%2Factivites-a-saimaa%2F|title:Winter%20activities|target:_blank\u00a0\u00bb][\/vc_column][\/vc_row][vc_row css=\u00a0\u00bb.vc_custom_1567148115795{margin-bottom: 50px !important;}\u00a0\u00bb][vc_column][vc_zigzag][\/vc_column][\/vc_row]<\/p>\n","protected":false},"excerpt":{"rendered":"<p>[vc_row full_width=\u00a0\u00bbstretch_row_content_no_spaces\u00a0\u00bb full_height=\u00a0\u00bbyes\u00a0\u00bb columns_placement=\u00a0\u00bbtop\u00a0\u00bb equal_height=\u00a0\u00bbyes\u00a0\u00bb content_placement=\u00a0\u00bbtop\u00a0\u00bb video_bg=\u00a0\u00bbyes\u00a0\u00bb video_bg_url=\u00a0\u00bbhttps:\/\/www.youtube.com\/watch?v=Kmc2uLurwh8&Prime; css=\u00a0\u00bb.vc_custom_1716538572803{border-top-width: 200px !important;padding-top: 200px !important;padding-bottom: 200px !important;}\u00a0\u00bb][vc_column][vc_column_text css=\u00a0\u00bb\u00a0\u00bb] Un s\u00e9jour de vacances dans la magnifique r\u00e9gion du lac Saimaa en Finlande [\/vc_column_text][\/vc_column][\/vc_row][vc_row [&hellip;]<\/p>\n","protected":false},"author":63,"featured_media":0,"parent":0,"menu_order":0,"comment_status":"closed","ping_status":"closed","template":"","meta":{"footnotes":""},"relatedcontent":[],"class_list":["post-30705","page","type-page","status-publish","hentry"],"yoast_head":"<!-- This site is optimized with the Yoast SEO Premium plugin v27.3 (Yoast SEO v27.5) - https:\/\/yoast.com\/product\/yoast-seo-premium-wordpress\/ -->\n<title>Page d\\&#039;accueil - Visit Saimaa<\/title>\n<meta name=\"description\" content=\"Un s\u00e9jour de vacances dans la magnifique r\u00e9gion du lac Saimaa en Finlande Bienvenue sur le site Visit Lake Saimaa. Il offre une multitude d&#039;inspiration et Planifiez-vous un voyage en Finlande? Bienvenue sur le site Visit Lake Saimaa. Il propose une mine d&#039;inspiration et d&#039;informations sur la r\u00e9gion du lac Saimaa, les croisi\u00e8res, les peintures rupestres, la culture gastronomique, les vacances en famille, les attractions \u00e0 visiter, les activit\u00e9s, la culture du sauna, les \u00e9v\u00e9nements, le vendace, ainsi que sur les villes de Mikkeli, Savonlinna et Varkaus, pour vous aider \u00e0 planifier vos vacances en Finlande et dans la r\u00e9gion de Saimaa.\" \/>\n<meta name=\"robots\" content=\"index, follow, max-snippet:-1, max-image-preview:large, max-video-preview:-1\" \/>\n<link rel=\"canonical\" href=\"https:\/\/www.visitsaimaa.fi\/fr\/\" \/>\n<meta property=\"og:locale\" content=\"fr_FR\" \/>\n<meta property=\"og:type\" content=\"article\" \/>\n<meta property=\"og:title\" content=\"Page d\\&#039;accueil\" \/>\n<meta property=\"og:description\" content=\"Un s\u00e9jour de vacances dans la magnifique r\u00e9gion du lac Saimaa en Finlande Bienvenue sur le site Visit Lake Saimaa. Il offre une multitude d&#039;inspiration et Planifiez-vous un voyage en Finlande? Bienvenue sur le site Visit Lake Saimaa. Il propose une mine d&#039;inspiration et d&#039;informations sur la r\u00e9gion du lac Saimaa, les croisi\u00e8res, les peintures rupestres, la culture gastronomique, les vacances en famille, les attractions \u00e0 visiter, les activit\u00e9s, la culture du sauna, les \u00e9v\u00e9nements, le vendace, ainsi que sur les villes de Mikkeli, Savonlinna et Varkaus, pour vous aider \u00e0 planifier vos vacances en Finlande et dans la r\u00e9gion de Saimaa.\" \/>\n<meta property=\"og:url\" content=\"https:\/\/www.visitsaimaa.fi\/fr\/\" \/>\n<meta property=\"og:site_name\" content=\"Visit Saimaa\" \/>\n<meta property=\"article:modified_time\" content=\"2025-03-25T14:04:39+00:00\" \/>\n<meta name=\"twitter:label1\" content=\"Est. reading time\" \/>\n\t<meta name=\"twitter:data1\" content=\"7 minutes\" \/>\n<script type=\"application\/ld+json\" class=\"yoast-schema-graph\">{\"@context\":\"https:\\\/\\\/schema.org\",\"@graph\":[{\"@type\":\"WebPage\",\"@id\":\"https:\\\/\\\/www.visitsaimaa.fi\\\/fr\\\/\",\"url\":\"https:\\\/\\\/www.visitsaimaa.fi\\\/fr\\\/\",\"name\":\"Page d\\\\'accueil - Visit Saimaa\",\"isPartOf\":{\"@id\":\"https:\\\/\\\/www.visitsaimaa.fi\\\/fi\\\/#website\"},\"datePublished\":\"2024-07-03T07:58:23+00:00\",\"dateModified\":\"2025-03-25T14:04:39+00:00\",\"description\":\"Un s\u00e9jour de vacances dans la magnifique r\u00e9gion du lac Saimaa en Finlande Bienvenue sur le site Visit Lake Saimaa. Il offre une multitude d'inspiration et Planifiez-vous un voyage en Finlande? Bienvenue sur le site Visit Lake Saimaa. Il propose une mine d'inspiration et d'informations sur la r\u00e9gion du lac Saimaa, les croisi\u00e8res, les peintures rupestres, la culture gastronomique, les vacances en famille, les attractions \u00e0 visiter, les activit\u00e9s, la culture du sauna, les \u00e9v\u00e9nements, le vendace, ainsi que sur les villes de Mikkeli, Savonlinna et Varkaus, pour vous aider \u00e0 planifier vos vacances en Finlande et dans la r\u00e9gion de Saimaa.\",\"breadcrumb\":{\"@id\":\"https:\\\/\\\/www.visitsaimaa.fi\\\/fr\\\/#breadcrumb\"},\"inLanguage\":\"fr-FR\",\"potentialAction\":[{\"@type\":\"ReadAction\",\"target\":[\"https:\\\/\\\/www.visitsaimaa.fi\\\/fr\\\/\"]}]},{\"@type\":\"BreadcrumbList\",\"@id\":\"https:\\\/\\\/www.visitsaimaa.fi\\\/fr\\\/#breadcrumb\",\"itemListElement\":[{\"@type\":\"ListItem\",\"position\":1,\"name\":\"Visit Saimaa\",\"item\":\"https:\\\/\\\/www.visitsaimaa.fi\\\/fr\\\/\"},{\"@type\":\"ListItem\",\"position\":2,\"name\":\"Page d\\\\&rsquo;accueil\"}]},{\"@type\":\"WebSite\",\"@id\":\"https:\\\/\\\/www.visitsaimaa.fi\\\/fi\\\/#website\",\"url\":\"https:\\\/\\\/www.visitsaimaa.fi\\\/fi\\\/\",\"name\":\"Visit Saimaa\",\"description\":\"The Official Travel Guide of Lakeland Saimaa\",\"potentialAction\":[{\"@type\":\"SearchAction\",\"target\":{\"@type\":\"EntryPoint\",\"urlTemplate\":\"https:\\\/\\\/www.visitsaimaa.fi\\\/fi\\\/?s={search_term_string}\"},\"query-input\":{\"@type\":\"PropertyValueSpecification\",\"valueRequired\":true,\"valueName\":\"search_term_string\"}}],\"inLanguage\":\"fr-FR\"}]}<\/script>\n<!-- \/ Yoast SEO Premium plugin. -->","yoast_head_json":{"title":"Page d\\'accueil - Visit Saimaa","description":"Un s\u00e9jour de vacances dans la magnifique r\u00e9gion du lac Saimaa en Finlande Bienvenue sur le site Visit Lake Saimaa. Il offre une multitude d'inspiration et Planifiez-vous un voyage en Finlande? Bienvenue sur le site Visit Lake Saimaa. Il propose une mine d'inspiration et d'informations sur la r\u00e9gion du lac Saimaa, les croisi\u00e8res, les peintures rupestres, la culture gastronomique, les vacances en famille, les attractions \u00e0 visiter, les activit\u00e9s, la culture du sauna, les \u00e9v\u00e9nements, le vendace, ainsi que sur les villes de Mikkeli, Savonlinna et Varkaus, pour vous aider \u00e0 planifier vos vacances en Finlande et dans la r\u00e9gion de Saimaa.","robots":{"index":"index","follow":"follow","max-snippet":"max-snippet:-1","max-image-preview":"max-image-preview:large","max-video-preview":"max-video-preview:-1"},"canonical":"https:\/\/www.visitsaimaa.fi\/fr\/","og_locale":"fr_FR","og_type":"article","og_title":"Page d\\'accueil","og_description":"Un s\u00e9jour de vacances dans la magnifique r\u00e9gion du lac Saimaa en Finlande Bienvenue sur le site Visit Lake Saimaa. Il offre une multitude d'inspiration et Planifiez-vous un voyage en Finlande? Bienvenue sur le site Visit Lake Saimaa. Il propose une mine d'inspiration et d'informations sur la r\u00e9gion du lac Saimaa, les croisi\u00e8res, les peintures rupestres, la culture gastronomique, les vacances en famille, les attractions \u00e0 visiter, les activit\u00e9s, la culture du sauna, les \u00e9v\u00e9nements, le vendace, ainsi que sur les villes de Mikkeli, Savonlinna et Varkaus, pour vous aider \u00e0 planifier vos vacances en Finlande et dans la r\u00e9gion de Saimaa.","og_url":"https:\/\/www.visitsaimaa.fi\/fr\/","og_site_name":"Visit Saimaa","article_modified_time":"2025-03-25T14:04:39+00:00","twitter_misc":{"Est. reading time":"7 minutes"},"schema":{"@context":"https:\/\/schema.org","@graph":[{"@type":"WebPage","@id":"https:\/\/www.visitsaimaa.fi\/fr\/","url":"https:\/\/www.visitsaimaa.fi\/fr\/","name":"Page d\\'accueil - Visit Saimaa","isPartOf":{"@id":"https:\/\/www.visitsaimaa.fi\/fi\/#website"},"datePublished":"2024-07-03T07:58:23+00:00","dateModified":"2025-03-25T14:04:39+00:00","description":"Un s\u00e9jour de vacances dans la magnifique r\u00e9gion du lac Saimaa en Finlande Bienvenue sur le site Visit Lake Saimaa. Il offre une multitude d'inspiration et Planifiez-vous un voyage en Finlande? Bienvenue sur le site Visit Lake Saimaa. Il propose une mine d'inspiration et d'informations sur la r\u00e9gion du lac Saimaa, les croisi\u00e8res, les peintures rupestres, la culture gastronomique, les vacances en famille, les attractions \u00e0 visiter, les activit\u00e9s, la culture du sauna, les \u00e9v\u00e9nements, le vendace, ainsi que sur les villes de Mikkeli, Savonlinna et Varkaus, pour vous aider \u00e0 planifier vos vacances en Finlande et dans la r\u00e9gion de Saimaa.","breadcrumb":{"@id":"https:\/\/www.visitsaimaa.fi\/fr\/#breadcrumb"},"inLanguage":"fr-FR","potentialAction":[{"@type":"ReadAction","target":["https:\/\/www.visitsaimaa.fi\/fr\/"]}]},{"@type":"BreadcrumbList","@id":"https:\/\/www.visitsaimaa.fi\/fr\/#breadcrumb","itemListElement":[{"@type":"ListItem","position":1,"name":"Visit Saimaa","item":"https:\/\/www.visitsaimaa.fi\/fr\/"},{"@type":"ListItem","position":2,"name":"Page d\\&rsquo;accueil"}]},{"@type":"WebSite","@id":"https:\/\/www.visitsaimaa.fi\/fi\/#website","url":"https:\/\/www.visitsaimaa.fi\/fi\/","name":"Visit Saimaa","description":"The Official Travel Guide of Lakeland Saimaa","potentialAction":[{"@type":"SearchAction","target":{"@type":"EntryPoint","urlTemplate":"https:\/\/www.visitsaimaa.fi\/fi\/?s={search_term_string}"},"query-input":{"@type":"PropertyValueSpecification","valueRequired":true,"valueName":"search_term_string"}}],"inLanguage":"fr-FR"}]}},"_links":{"self":[{"href":"https:\/\/www.visitsaimaa.fi\/fr\/wp-json\/wp\/v2\/pages\/30705","targetHints":{"allow":["GET"]}}],"collection":[{"href":"https:\/\/www.visitsaimaa.fi\/fr\/wp-json\/wp\/v2\/pages"}],"about":[{"href":"https:\/\/www.visitsaimaa.fi\/fr\/wp-json\/wp\/v2\/types\/page"}],"author":[{"embeddable":true,"href":"https:\/\/www.visitsaimaa.fi\/fr\/wp-json\/wp\/v2\/users\/63"}],"replies":[{"embeddable":true,"href":"https:\/\/www.visitsaimaa.fi\/fr\/wp-json\/wp\/v2\/comments?post=30705"}],"version-history":[{"count":15,"href":"https:\/\/www.visitsaimaa.fi\/fr\/wp-json\/wp\/v2\/pages\/30705\/revisions"}],"predecessor-version":[{"id":31936,"href":"https:\/\/www.visitsaimaa.fi\/fr\/wp-json\/wp\/v2\/pages\/30705\/revisions\/31936"}],"wp:attachment":[{"href":"https:\/\/www.visitsaimaa.fi\/fr\/wp-json\/wp\/v2\/media?parent=30705"}],"wp:term":[{"taxonomy":"relatedcontent","embeddable":true,"href":"https:\/\/www.visitsaimaa.fi\/fr\/wp-json\/wp\/v2\/relatedcontent?post=30705"}],"curies":[{"name":"wp","href":"https:\/\/api.w.org\/{rel}","templated":true}]}}