{"id":8562,"date":"2018-11-20T10:59:07","date_gmt":"2018-11-20T08:59:07","guid":{"rendered":"https:\/\/www.visitsaimaa.fi\/?page_id=8562"},"modified":"2026-01-21T21:37:04","modified_gmt":"2026-01-21T19:37:04","slug":"retkiluistelu","status":"publish","type":"page","link":"https:\/\/www.visitsaimaa.fi\/fi\/nae-ja-koe\/aktiviteetit\/retkiluistelu\/","title":{"rendered":"Retkiluistelu"},"content":{"rendered":"<p>[vc_row][vc_column width=&#8221;1\/6&#8243;][\/vc_column][vc_column width=&#8221;2\/3&#8243;][vc_column_text css=&#8221;.vc_custom_1549528796171{padding-bottom: 20px !important;}&#8221;]<\/p>\n<h1 style=\"text-align: center\"><strong>Retkiluistele hoidetuilla luonnonj\u00e4\u00e4reiteill\u00e4 upeissa Saimaan maisemissa. Tervetuloa!<\/strong><\/h1>\n<p>[\/vc_column_text][\/vc_column][vc_column width=&#8221;1\/6&#8243;][\/vc_column][\/vc_row][vc_row][vc_column][vc_column_text]<a href=\"https:\/\/www.visitsaimaa.fi\/wp-content\/uploads\/2019\/02\/Retkeily_resortit_kartta_animaatio_Once_ORG_1300x900px-3.gif\"><img loading=\"lazy\" decoding=\"async\" class=\"wp-image-9452 size-full aligncenter\" src=\"https:\/\/www.visitsaimaa.fi\/wp-content\/uploads\/2019\/02\/Retkeily_resortit_kartta_animaatio_Once_ORG_1300x900px-3.gif\" alt=\"\" width=\"1300\" height=\"900\" \/><\/a>[\/vc_column_text][\/vc_column][\/vc_row][vc_row][vc_column width=&#8221;1\/6&#8243;][vc_separator][\/vc_column][vc_column width=&#8221;2\/3&#8243;][vc_column_text css=&#8221;&#8221;]<\/p>\n<h3 class=\"p1\" style=\"text-align: center;\">Saimaan seudulta l\u00f6yd\u00e4t kaksi yll\u00e4pidetty\u00e4 luonnonj\u00e4\u00e4reitist\u00f6\u00e4, joista molemmat tarjoavat paitsi upeat mahdollisuudet omatoimiseen retkeilyyn, my\u00f6s opastettuja retki\u00e4 ja muita talviulkoilumahdollisuuksia. Ihastuttavat ja omaleimaiset majoituskohteet sek\u00e4 herkullinen ruoka kruunaavat el\u00e4myksen!<\/h3>\n<p>[\/vc_column_text][\/vc_column][vc_column width=&#8221;1\/6&#8243;][\/vc_column][\/vc_row][vc_row][vc_column width=&#8221;1\/2&#8243;][vc_single_image image=&#8221;9219&#8243; img_size=&#8221;full&#8221; alignment=&#8221;center&#8221;][vc_column_text css=&#8221;&#8221;]<strong>Talvivaellusreitti Linnansaaren kansallispuistossa<\/strong><\/p>\n<p>Linnansaaren kansallispuistossa kulkeva ja yritysvetoisesti yll\u00e4pidetty j\u00e4\u00e4reitti yhdist\u00e4\u00e4 kaksi matkailukeskusta \u2013 J\u00e4rvisyd\u00e4men ja Oravin \u2013 toisiinsa. Useita erilaisia reittivaihtoehtoja sek\u00e4 tulipaikkoja.<\/p>\n<p>Oravi &#8211; J\u00e4rvikota 2,5 km<br \/>\nOravi &#8211; Linnansaari 5 km<br \/>\nOravi &#8211; PikkuLappi 15 km<br \/>\nOravi &#8211; Kaarnetsaari 18 km<br \/>\nOravi &#8211; J\u00e4rvisyd\u00e4n 18 km<\/p>\n<p>J\u00e4rvisyd\u00e4n &#8211; Kaarnetsaari 3 km<br \/>\nJ\u00e4rvisyd\u00e4n &#8211; Pikkulappi 4 km<br \/>\nJ\u00e4rvisyd\u00e4n &#8211; Linnansaari 14 km<br \/>\nJ\u00e4rvisyd\u00e4n &#8211; Oravi 19 km[\/vc_column_text][vc_btn title=&#8221;Lis\u00e4tietoja ja ajantasainen j\u00e4\u00e4tilanne&#8221; shape=&#8221;square&#8221; color=&#8221;info&#8221; align=&#8221;left&#8221; link=&#8221;url:https%3A%2F%2Fwww.oravivillage.com%2Ffi%2FAktiviteetit%2FTalvi%2FJaareitti-&#8221;][\/vc_column][vc_column width=&#8221;1\/2&#8243;][vc_single_image image=&#8221;9223&#8243; img_size=&#8221;full&#8221; alignment=&#8221;center&#8221;][vc_column_text]<strong>Punkaharjun retkiluistelureitit harjumaisemissa<\/strong><\/p>\n<p>Upeissa kansallismaisemissa kulkeva, p\u00e4ivitt\u00e4in yll\u00e4pidetty retkiluistelureitist\u00f6 koostuu nelj\u00e4st\u00e4 eri mittaisesta osuudesta. Luistelureiteille p\u00e4\u00e4set aivan m\u00f6kkien l\u00e4hettyvilt\u00e4, sill\u00e4 l\u00e4ht\u00f6paikka on Matkailukeskus Harjun Portin rannasta tai poikkeavien j\u00e4\u00e4olosuhteiden vallitessa Tuunaansaaren etel\u00e4k\u00e4rjest\u00e4. Haataansaaressa yll\u00e4pidet\u00e4\u00e4n nuotiopaikkaa Harjun Portin toimesta ja Kruunupuiston rannassa on talvikaudella avoin yleis\u00f6lle avoin grillikatos. Reitin varrella, noin 2,5 km p\u00e4\u00e4ss\u00e4 l\u00e4ht\u00f6paikasta, on Inkeritalon vohvelikahvila.<\/p>\n<p>Lenkki Haataansaareen 7 km<br \/>\nLenkki Siplahteen (Kruunupuiston rannan kautta) 8 km<br \/>\nLenkki Kaarnalahteen 2 km<br \/>\nLenkki Valkialammelle 1,5 km[\/vc_column_text][vc_btn title=&#8221;Lis\u00e4tietoja ja ajantasainen j\u00e4\u00e4tilanne&#8221; shape=&#8221;square&#8221; color=&#8221;info&#8221; link=&#8221;url:https%3A%2F%2Fwww.harjunportti.fi%2Ffi%2Faktiviteetit%2Fretkiluistelupaivakirja%2F&#8221;][\/vc_column][\/vc_row][vc_row][vc_column][vc_empty_space][vc_separator border_width=&#8221;2&#8243;][vc_column_text css=&#8221;.vc_custom_1549874176077{margin-top: 3px !important;margin-bottom: 30px !important;padding-top: 70px !important;padding-bottom: 100px !important;background-color: #17819b !important;border-radius: 3px !important;}&#8221;]<\/p>\n<h1 style=\"text-align: center\"><span style=\"color: #ffffff\"><a style=\"color: #ffffff\" name=\"anchor1\"><\/a>Ainutlaatuinen talvivaellusreitti Linnansaaren kansallispuistossa<\/span><\/h1>\n<h5 style=\"text-align: center\"><span style=\"color: #ffffff\">Yli 20 km eri pituisia reittivaihtoehtoja, kaksi ihastuttavaa majoituskohdetta ja lettukahvila.<\/span><\/h5>\n<p>[\/vc_column_text][vc_single_image image=&#8221;9210&#8243; img_size=&#8221;full&#8221; alignment=&#8221;center&#8221;][\/vc_column][\/vc_row][vc_row][vc_column width=&#8221;1\/2&#8243;][vc_single_image image=&#8221;9242&#8243; img_size=&#8221;full&#8221; alignment=&#8221;center&#8221;][vc_column_text css=&#8221;&#8221;]<\/p>\n<h2 style=\"text-align: left;\"><span lang=\"EN-US\">Talvista j\u00e4\u00e4vaellusta ja lettuja<\/span><\/h2>\n<p>[\/vc_column_text][vc_column_text css=&#8221;&#8221;]Suomen upeimmassa j\u00e4rviluonnossa kulkevaa talvivaellusreitti\u00e4 on kokonaisuudessaan yli 20 km s\u00e4\u00e4olosuhteiden salliessa. Reitill\u00e4 voi liikkua py\u00f6r\u00e4ll\u00e4, jalkaisin, hiiht\u00e4en, moottorikelkalla tai rekikyydill\u00e4 ja mahdollisesti my\u00f6s luistellen mik\u00e4li s\u00e4\u00e4tilanne sen mahdollistaa.<\/p>\n<p>Reitin varrella on j\u00e4rvikota ja tulipaikkoja sek\u00e4 viikonloppuisin avoinna oleva lettukahvila. Linnansaaressa on lis\u00e4ksi merkitty lumikenk\u00e4reitti.<\/p>\n<p>Reitille p\u00e4\u00e4see Saimaa Holiday Oravista sek\u00e4 Hotel &amp; Spa resort J\u00e4rvisyd\u00e4mest\u00e4.[\/vc_column_text][vc_btn title=&#8221;Katso reittiohjeet, reitin kunto ja k\u00e4ytt\u00f6maksut&#8221; color=&#8221;info&#8221; css=&#8221;&#8221; link=&#8221;url:https%3A%2F%2Fwww.outdooractive.fi%2Ffi%2Froute%2Ftalviretkeily%2Flinnansaaren-kansallispuisto%2Flinnansaaren-talvivaellusreitti-savonlinna-saimaa%2F56023880%2F|title:Linnansaaren%20talvivaellusreittiin%2C%20kuntoon%20ja%20k%C3%A4ytt%C3%B6maksuihin|target:_blank&#8221;][\/vc_column][vc_column width=&#8221;1\/2&#8243;][vc_video link=&#8221;https:\/\/www.youtube.com\/watch?v=Y8Wg8HPi0yc&amp;feature=youtu.be&#8221;][vc_column_text css=&#8221;&#8221;]<\/p>\n<h2 style=\"text-align: left;\"><span lang=\"EN-US\">Useita reittivaihtoehtoja<\/span><\/h2>\n<p>[\/vc_column_text][vc_column_text css=&#8221;&#8221;]Oravi &#8211; Linnansaari 5 km<br \/>\nOravi &#8211; Pikkulappi 15 km<br \/>\nOravi &#8211; Kaarnetsaari 18 km<br \/>\nOravi &#8211; J\u00e4rvisyd\u00e4n 19 km<\/p>\n<p>J\u00e4rvisyd\u00e4n &#8211; Kaarnetsaari 3 km<br \/>\nJ\u00e4rvisyd\u00e4n &#8211; Pikkulappi 4 km<br \/>\nJ\u00e4rvisyd\u00e4n &#8211; Linnansaari 14 km<br \/>\nJ\u00e4rvisyd\u00e4n &#8211; Oravi 19 km[\/vc_column_text][\/vc_column][\/vc_row][vc_row][vc_column][vc_column_text]<\/p>\n<h2 style=\"text-align: center\"><span lang=\"EN-US\">Majoitu mukavasti Linnansaaren kansallispuiston tuntumassa<\/span><\/h2>\n<p>[\/vc_column_text][\/vc_column][\/vc_row][vc_row][vc_column width=&#8221;1\/2&#8243;][vc_single_image image=&#8221;9246&#8243; img_size=&#8221;full&#8221; alignment=&#8221;center&#8221;][vc_column_text]<\/p>\n<h2 style=\"text-align: left\">Hotel &amp; Spa Resort J\u00e4rvisyd\u00e4n<\/h2>\n<p>[\/vc_column_text][vc_column_text]Tule nautiskelemaan talvisesta j\u00e4rviluonnosta Linnansaaren kansallispuiston maisemiin ja rentoutumaan J\u00e4rvisyd\u00e4men historialliseen milj\u00f6\u00f6seen Suomen ainoaan j\u00e4rvikylpyl\u00e4\u00e4n.[\/vc_column_text][vc_btn title=&#8221;Hotel &amp; Spa Resort J\u00e4rvisyd\u00e4n&#8221; shape=&#8221;square&#8221; color=&#8221;info&#8221; size=&#8221;lg&#8221; align=&#8221;left&#8221; link=&#8221;url:https%3A%2F%2Fstore.jarvisydan.com%2Ffi%2Fmajoitus%2Felamyshotelli%2Ftalvinen-viikonloppuloma-saimaalla%23basic||target:%20_blank|&#8221;][\/vc_column][vc_column width=&#8221;1\/2&#8243;][vc_single_image image=&#8221;9250&#8243; img_size=&#8221;full&#8221; alignment=&#8221;center&#8221;][vc_column_text]<\/p>\n<h2 style=\"text-align: left\">SaimaaHoliday Oravi<\/h2>\n<p>[\/vc_column_text][vc_column_text]Viet\u00e4 reipas ulkoiluloma talvisen Linnansaaren kansallispuiston upeissa maisemissa. Oravista Linnansaareen kulkee 5 km talvivaellusreitti joka jatkuu koko kansallispuiston l\u00e4pi J\u00e4rvisyd\u00e4meen, yhteens\u00e4 reitill\u00e4 on mittaa n 20km. Reitin varrelta l\u00f6yd\u00e4t tulipaikkoja sek\u00e4 kahvilan. Reitill\u00e4 voi liikkua kelist\u00e4 riippuen retkiluistellen, potkurilla, hiiht\u00e4en tai vaeltaen.[\/vc_column_text][vc_btn title=&#8221;SaimaaHoliday Oravi&#8221; shape=&#8221;square&#8221; color=&#8221;info&#8221; size=&#8221;lg&#8221; align=&#8221;left&#8221; link=&#8221;url:https%3A%2F%2Fstore.oravivillage.com%2Ffi%2Fmajoitus%2Fhotelli%2Flinnansaaren-talvipaketti||target:%20_blank|&#8221;][\/vc_column][\/vc_row][vc_row][vc_column][vc_empty_space][vc_separator border_width=&#8221;2&#8243;][vc_column_text css=&#8221;.vc_custom_1549874192667{margin-top: 30px !important;margin-bottom: 30px !important;padding-top: 70px !important;padding-bottom: 100px !important;background-color: #17819b !important;}&#8221;]<\/p>\n<h1 style=\"text-align: center\"><span style=\"color: #ffffff\"><a style=\"color: #ffffff\" name=\"anchor2\"><\/a>Punkaharjulla retkiluistellaan upeissa harjumaisemissa<\/span><\/h1>\n<h5 style=\"text-align: center\"><span style=\"color: #ffffff\">15 km eri pituisia reittivaihtoehtoja, kaksi ihastuttavaa majoituskohdetta ja vohvelikahvila<\/span><\/h5>\n<p>[\/vc_column_text][vc_column_text][\/vc_column_text][\/vc_column][\/vc_row][vc_row][vc_column width=&#8221;1\/2&#8243;][vc_single_image image=&#8221;9255&#8243; img_size=&#8221;full&#8221; alignment=&#8221;center&#8221;][vc_column_text]<\/p>\n<h2 style=\"text-align: left\"><span lang=\"EN-US\">Retkiluistelua ja vohveleita<\/span><\/h2>\n<p>[\/vc_column_text][vc_column_text]Upeissa kansallismaisemissa kulkeva, p\u00e4ivitt\u00e4in yll\u00e4pidetty retkiluistelureitist\u00f6 koostuu nelj\u00e4st\u00e4 eri mittaisesta osuudesta. Majoittua voit Harjunportin matkailukeskuksessa tai Kruunupuistossa.\u00a0Luistelureiteille p\u00e4\u00e4set aivan m\u00f6kkien l\u00e4hettyvilt\u00e4, sill\u00e4 l\u00e4ht\u00f6paikka on Matkailukeskus Harjun Portin rannasta tai poikkeavien j\u00e4\u00e4olosuhteiden vallitessa Tuunaansaaren etel\u00e4k\u00e4rjest\u00e4. Reitille Haataansaaressa yll\u00e4pidet\u00e4\u00e4n nuotiopaikkaa Harjun Portin toimesta ja Kruunupuiston rannassa on talvikaudella avoin yleis\u00f6lle avoin grillikatos. Reitin varrella, noin 2,5 km p\u00e4\u00e4ss\u00e4 l\u00e4ht\u00f6paikasta on Inkeritalon vohvelikahvila.[\/vc_column_text][\/vc_column][vc_column width=&#8221;1\/2&#8243;][vc_video link=&#8221;https:\/\/www.youtube.com\/watch?time_continue=2&amp;v=StWH32pfFMg&#8221;][vc_column_text]<\/p>\n<h2 style=\"text-align: left\"><span lang=\"EN-US\">Valittavanasi nelj\u00e4 reittipituutta<\/span><\/h2>\n<p>[\/vc_column_text][vc_column_text]7 km lenkki Haataansaareen<br \/>\n8 km lenkki Siplahteen (Kruunupuiston rannan kautta)<br \/>\n2 km lenkki Kaarnalahteen<br \/>\n1,5 km lenkki Valkialammelle<br \/>\nReittien pituudet ovat noin -matkoja.<\/p>\n<p>Kunnossapitotiedotteet, reittipalvelut, opastetut retket ja mm. lettukahvilan aukioloajat l\u00f6yd\u00e4t\u00a0<a href=\"https:\/\/www.harjunportti.fi\/fi\/aktiviteetit\/talvi\/retkiluistelureitit\/\">t\u00e4\u00e4lt\u00e4<\/a>[\/vc_column_text][\/vc_column][\/vc_row][vc_row][vc_column][vc_column_text]<\/p>\n<h2 style=\"text-align: center\">Majoitu mukavasti Punkaharjun retkiluistelureitin varrella<\/h2>\n<p>[\/vc_column_text][\/vc_column][\/vc_row][vc_row][vc_column width=&#8221;1\/2&#8243;][vc_single_image image=&#8221;9259&#8243; img_size=&#8221;full&#8221; alignment=&#8221;center&#8221;][vc_column_text]<\/p>\n<h2 style=\"text-align: left\">Matkailukeskus Harjun Portti<\/h2>\n<p>[\/vc_column_text][vc_column_text]Matkailukeskus Harjun Portissa nautit talvisesta luonnosta ja laajasta aktiviteettitarjonnasta keskell\u00e4 upeita j\u00e4rvimaisemia.\u00a0Lomakyl\u00e4n rannasta p\u00e4\u00e4set suoraan retkiluistelureitille, jonka varrella voit pys\u00e4hty\u00e4 kahville ainutlaatuiselle Lettutuvalle tai paistamaan makkarat nuotiopaikalle. Harjun Portin matkailukeskukseen p\u00e4\u00e4set junalla, sill\u00e4 Retretin pys\u00e4kki sijaitsee vain 100 m p\u00e4\u00e4ss\u00e4 vastaanotosta.[\/vc_column_text][vc_btn title=&#8221;Matkailukeskus Harjun Portti&#8221; shape=&#8221;square&#8221; color=&#8221;info&#8221; size=&#8221;lg&#8221; align=&#8221;left&#8221; link=&#8221;url:https%3A%2F%2Fwww.harjunportti.fi%2Ffi%2Faktiviteetit%2Fretkiluistelupaivakirja%2F||target:%20_blank|&#8221;][\/vc_column][vc_column width=&#8221;1\/2&#8243;][vc_single_image image=&#8221;9285&#8243; img_size=&#8221;full&#8221; alignment=&#8221;center&#8221;][vc_column_text]<\/p>\n<h2 style=\"text-align: left\">Kruunupuisto<\/h2>\n<p>[\/vc_column_text][vc_column_text css=&#8221;&#8221;]Kruunupuistossa voit nauttia Punkaharjun kansallismaisemasta, y\u00f6py\u00e4 satavuotiaassa p\u00e4\u00e4rakennuksessa tai jugendhuvila Urholan upeissa puitteissa sek\u00e4 hemmotella itse\u00e4si erilaisilla kylpyl\u00e4,- terveys- ja hyvinvointipalveluilla.[\/vc_column_text][vc_btn title=&#8221;Kruunupuisto&#8221; shape=&#8221;square&#8221; color=&#8221;info&#8221; size=&#8221;lg&#8221; align=&#8221;left&#8221; link=&#8221;url:http%3A%2F%2Fwww.kruunupuisto.fi%2Fhotelli%2F||target:%20_blank|&#8221;][\/vc_column][\/vc_row][vc_row][vc_column][vc_empty_space][vc_separator border_width=&#8221;2&#8243;][vc_column_text]<\/p>\n<h2 class=\"p1\" style=\"text-align: center\">Helppo tulla ja vaivaton liikkua<\/h2>\n<p>[\/vc_column_text][vc_single_image image=&#8221;9236&#8243; img_size=&#8221;2000&#215;600&#8243; alignment=&#8221;center&#8221;][vc_column_text]<\/p>\n<h4 class=\"p1\" style=\"text-align: center\">Matka Helsingist\u00e4 Saimaalle on autolla ja junalla noin 4 tuntia. Lento Helsingist\u00e4 Savonlinnaan ja Lappeenrantaan kest\u00e4\u00e4 noin tunnin,\u00a0josta on k\u00e4tev\u00e4 joko vuokra-autolla, bussilla tai tilauskuljetuksella siirty\u00e4 retkiluistelureitin majoituskohteeseen. Juna- ja bussiyhteydet Mikkeliin, Savonlinnaan sek\u00e4 Punkaharjulle ovat hyv\u00e4t. Kaikkien kaupunkien v\u00e4lill\u00e4 liikenn\u00f6i useita vuoroja p\u00e4ivitt\u00e4in. Punkaharjun Retretin junapys\u00e4kilt\u00e4 on vain noin 100 metri\u00e4 Matkailukeskus Harjun porttiin. N\u00e4in talviaikaan \u2013 varsinkin kun lunta piisaa \u2013 saattaa liikenne takkuilla hieman, joten matka-ajat kannattaa tarkistaa liikenn\u00f6itsij\u00f6iden omilta verkkosivuilta.<\/h4>\n<h4 class=\"p1\" style=\"text-align: center\">Isommille ryhmille tilausajokuljetus on k\u00e4tev\u00e4 tapa liikkua ja sit\u00e4 kannattaa tiedustella suoraan majoituskohteesta.<\/h4>\n<p>[\/vc_column_text][\/vc_column][\/vc_row][vc_row][vc_column][vc_column_text]<\/p>\n<h2 style=\"text-align: center\">L\u00e4mpim\u00e4sti tervetuloa vieraaksemme!<\/h2>\n<p>[\/vc_column_text][\/vc_column][\/vc_row][vc_row][vc_column width=&#8221;1\/3&#8243;][vc_message icon_fontawesome=&#8221;fa fa-car&#8221;]Autolla Helsingist\u00e4 Rantasalmelle ja Punkaharjulle noin 4 tuntia.[\/vc_message][\/vc_column][vc_column width=&#8221;1\/3&#8243;][vc_message icon_fontawesome=&#8221;fa fa-train&#8221;]Junalla Mikkeliin noin 2,5 tuntia ja Varkauteen, Punkaharjulle sek\u00e4 Savonlinnaan (l\u00e4hell\u00e4 Rantasalmea) noin 4 tuntia.[\/vc_message][\/vc_column][vc_column width=&#8221;1\/3&#8243;][vc_message icon_fontawesome=&#8221;fa fa-plane&#8221;]Lent\u00e4en Helsingist\u00e4 Savonlinnaan noin tunti.[\/vc_message][\/vc_column][\/vc_row]<\/p>\n","protected":false},"excerpt":{"rendered":"<p>[vc_row][vc_column width=&#8221;1\/6&#8243;][\/vc_column][vc_column width=&#8221;2\/3&#8243;][vc_column_text css=&#8221;.vc_custom_1549528796171{padding-bottom: 20px !important;}&#8221;] Retkiluistele hoidetuilla luonnonj\u00e4\u00e4reiteill\u00e4 upeissa Saimaan maisemissa. Tervetuloa! [\/vc_column_text][\/vc_column][vc_column width=&#8221;1\/6&#8243;][\/vc_column][\/vc_row][vc_row][vc_column][vc_column_text][\/vc_column_text][\/vc_column][\/vc_row][vc_row][vc_column width=&#8221;1\/6&#8243;][vc_separator][\/vc_column][vc_column width=&#8221;2\/3&#8243;][vc_column_text css=&#8221;&#8221;] Saimaan seudulta l\u00f6yd\u00e4t kaksi yll\u00e4pidetty\u00e4 luonnonj\u00e4\u00e4reitist\u00f6\u00e4, joista molemmat tarjoavat paitsi upeat mahdollisuudet [&hellip;]<\/p>\n","protected":false},"author":46,"featured_media":0,"parent":6990,"menu_order":0,"comment_status":"closed","ping_status":"closed","template":"","meta":{"footnotes":""},"relatedcontent":[],"class_list":{"0":"post-8562","1":"page","2":"type-page","3":"status-publish","4":"hentry","6":"priority-3"},"yoast_head":"<!-- This site is optimized with the Yoast SEO Premium plugin v27.3 (Yoast SEO v27.4) - https:\/\/yoast.com\/product\/yoast-seo-premium-wordpress\/ -->\n<title>Retkiluistelu - Visit Saimaa<\/title>\n<meta name=\"description\" content=\"Retkiluistele hoidetuilla luonnonj\u00e4\u00e4reiteill\u00e4 upeissa Saimaan maisemissa. Tervetuloa!Saimaan seudulta l\u00f6yd\u00e4t kaksi yll\u00e4pidetty\u00e4 luonnonj\u00e4\u00e4reitist\u00f6\u00e4,\" \/>\n<meta name=\"robots\" content=\"index, follow, max-snippet:-1, max-image-preview:large, max-video-preview:-1\" \/>\n<link rel=\"canonical\" href=\"https:\/\/www.visitsaimaa.fi\/fi\/nae-ja-koe\/aktiviteetit\/retkiluistelu\/\" \/>\n<meta property=\"og:locale\" content=\"fi_FI\" \/>\n<meta property=\"og:type\" content=\"article\" \/>\n<meta property=\"og:title\" content=\"Retkiluistelu\" \/>\n<meta property=\"og:description\" content=\"Retkiluistele hoidetuilla luonnonj\u00e4\u00e4reiteill\u00e4 upeissa Saimaan maisemissa. Tervetuloa!Saimaan seudulta l\u00f6yd\u00e4t kaksi yll\u00e4pidetty\u00e4 luonnonj\u00e4\u00e4reitist\u00f6\u00e4,\" \/>\n<meta property=\"og:url\" content=\"https:\/\/www.visitsaimaa.fi\/fi\/nae-ja-koe\/aktiviteetit\/retkiluistelu\/\" \/>\n<meta property=\"og:site_name\" content=\"Visit Saimaa\" \/>\n<meta property=\"article:modified_time\" content=\"2026-01-21T19:37:04+00:00\" \/>\n<meta property=\"og:image\" content=\"https:\/\/www.visitsaimaa.fi\/wp-content\/uploads\/2019\/02\/Retkeily_resortit_kartta_animaatio_Once_ORG_1300x900px-3.gif\" \/>\n<meta name=\"twitter:label1\" content=\"Arvioitu lukuaika\" \/>\n\t<meta name=\"twitter:data1\" content=\"6 minuuttia\" \/>\n<script type=\"application\/ld+json\" class=\"yoast-schema-graph\">{\"@context\":\"https:\\\/\\\/schema.org\",\"@graph\":[{\"@type\":\"WebPage\",\"@id\":\"https:\\\/\\\/www.visitsaimaa.fi\\\/fi\\\/nae-ja-koe\\\/aktiviteetit\\\/retkiluistelu\\\/\",\"url\":\"https:\\\/\\\/www.visitsaimaa.fi\\\/fi\\\/nae-ja-koe\\\/aktiviteetit\\\/retkiluistelu\\\/\",\"name\":\"Retkiluistelu - Visit Saimaa\",\"isPartOf\":{\"@id\":\"https:\\\/\\\/www.visitsaimaa.fi\\\/fi\\\/#website\"},\"primaryImageOfPage\":{\"@id\":\"https:\\\/\\\/www.visitsaimaa.fi\\\/fi\\\/nae-ja-koe\\\/aktiviteetit\\\/retkiluistelu\\\/#primaryimage\"},\"image\":{\"@id\":\"https:\\\/\\\/www.visitsaimaa.fi\\\/fi\\\/nae-ja-koe\\\/aktiviteetit\\\/retkiluistelu\\\/#primaryimage\"},\"thumbnailUrl\":\"https:\\\/\\\/www.visitsaimaa.fi\\\/wp-content\\\/uploads\\\/2019\\\/02\\\/Retkeily_resortit_kartta_animaatio_Once_ORG_1300x900px-3.gif\",\"datePublished\":\"2018-11-20T08:59:07+00:00\",\"dateModified\":\"2026-01-21T19:37:04+00:00\",\"description\":\"Retkiluistele hoidetuilla luonnonj\u00e4\u00e4reiteill\u00e4 upeissa Saimaan maisemissa. Tervetuloa!Saimaan seudulta l\u00f6yd\u00e4t kaksi yll\u00e4pidetty\u00e4 luonnonj\u00e4\u00e4reitist\u00f6\u00e4,\",\"breadcrumb\":{\"@id\":\"https:\\\/\\\/www.visitsaimaa.fi\\\/fi\\\/nae-ja-koe\\\/aktiviteetit\\\/retkiluistelu\\\/#breadcrumb\"},\"inLanguage\":\"fi\",\"potentialAction\":[{\"@type\":\"ReadAction\",\"target\":[\"https:\\\/\\\/www.visitsaimaa.fi\\\/fi\\\/nae-ja-koe\\\/aktiviteetit\\\/retkiluistelu\\\/\"]}]},{\"@type\":\"ImageObject\",\"inLanguage\":\"fi\",\"@id\":\"https:\\\/\\\/www.visitsaimaa.fi\\\/fi\\\/nae-ja-koe\\\/aktiviteetit\\\/retkiluistelu\\\/#primaryimage\",\"url\":\"https:\\\/\\\/www.visitsaimaa.fi\\\/wp-content\\\/uploads\\\/2019\\\/02\\\/Retkeily_resortit_kartta_animaatio_Once_ORG_1300x900px-3.gif\",\"contentUrl\":\"https:\\\/\\\/www.visitsaimaa.fi\\\/wp-content\\\/uploads\\\/2019\\\/02\\\/Retkeily_resortit_kartta_animaatio_Once_ORG_1300x900px-3.gif\"},{\"@type\":\"BreadcrumbList\",\"@id\":\"https:\\\/\\\/www.visitsaimaa.fi\\\/fi\\\/nae-ja-koe\\\/aktiviteetit\\\/retkiluistelu\\\/#breadcrumb\",\"itemListElement\":[{\"@type\":\"ListItem\",\"position\":1,\"name\":\"Visit Saimaa\",\"item\":\"https:\\\/\\\/www.visitsaimaa.fi\\\/fi\\\/\"},{\"@type\":\"ListItem\",\"position\":2,\"name\":\"N\u00e4e ja koe\",\"item\":\"https:\\\/\\\/www.visitsaimaa.fi\\\/fi\\\/nae-ja-koe\\\/\"},{\"@type\":\"ListItem\",\"position\":3,\"name\":\"Aktiviteetit\",\"item\":\"https:\\\/\\\/www.visitsaimaa.fi\\\/fi\\\/nae-ja-koe\\\/aktiviteetit\\\/\"},{\"@type\":\"ListItem\",\"position\":4,\"name\":\"Retkiluistelu\"}]},{\"@type\":\"WebSite\",\"@id\":\"https:\\\/\\\/www.visitsaimaa.fi\\\/fi\\\/#website\",\"url\":\"https:\\\/\\\/www.visitsaimaa.fi\\\/fi\\\/\",\"name\":\"Visit Saimaa\",\"description\":\"The Official Travel Guide of Lakeland Saimaa\",\"potentialAction\":[{\"@type\":\"SearchAction\",\"target\":{\"@type\":\"EntryPoint\",\"urlTemplate\":\"https:\\\/\\\/www.visitsaimaa.fi\\\/fi\\\/?s={search_term_string}\"},\"query-input\":{\"@type\":\"PropertyValueSpecification\",\"valueRequired\":true,\"valueName\":\"search_term_string\"}}],\"inLanguage\":\"fi\"}]}<\/script>\n<!-- \/ Yoast SEO Premium plugin. -->","yoast_head_json":{"title":"Retkiluistelu - Visit Saimaa","description":"Retkiluistele hoidetuilla luonnonj\u00e4\u00e4reiteill\u00e4 upeissa Saimaan maisemissa. Tervetuloa!Saimaan seudulta l\u00f6yd\u00e4t kaksi yll\u00e4pidetty\u00e4 luonnonj\u00e4\u00e4reitist\u00f6\u00e4,","robots":{"index":"index","follow":"follow","max-snippet":"max-snippet:-1","max-image-preview":"max-image-preview:large","max-video-preview":"max-video-preview:-1"},"canonical":"https:\/\/www.visitsaimaa.fi\/fi\/nae-ja-koe\/aktiviteetit\/retkiluistelu\/","og_locale":"fi_FI","og_type":"article","og_title":"Retkiluistelu","og_description":"Retkiluistele hoidetuilla luonnonj\u00e4\u00e4reiteill\u00e4 upeissa Saimaan maisemissa. Tervetuloa!Saimaan seudulta l\u00f6yd\u00e4t kaksi yll\u00e4pidetty\u00e4 luonnonj\u00e4\u00e4reitist\u00f6\u00e4,","og_url":"https:\/\/www.visitsaimaa.fi\/fi\/nae-ja-koe\/aktiviteetit\/retkiluistelu\/","og_site_name":"Visit Saimaa","article_modified_time":"2026-01-21T19:37:04+00:00","og_image":[{"url":"https:\/\/www.visitsaimaa.fi\/wp-content\/uploads\/2019\/02\/Retkeily_resortit_kartta_animaatio_Once_ORG_1300x900px-3.gif","type":"","width":"","height":""}],"twitter_misc":{"Arvioitu lukuaika":"6 minuuttia"},"schema":{"@context":"https:\/\/schema.org","@graph":[{"@type":"WebPage","@id":"https:\/\/www.visitsaimaa.fi\/fi\/nae-ja-koe\/aktiviteetit\/retkiluistelu\/","url":"https:\/\/www.visitsaimaa.fi\/fi\/nae-ja-koe\/aktiviteetit\/retkiluistelu\/","name":"Retkiluistelu - Visit Saimaa","isPartOf":{"@id":"https:\/\/www.visitsaimaa.fi\/fi\/#website"},"primaryImageOfPage":{"@id":"https:\/\/www.visitsaimaa.fi\/fi\/nae-ja-koe\/aktiviteetit\/retkiluistelu\/#primaryimage"},"image":{"@id":"https:\/\/www.visitsaimaa.fi\/fi\/nae-ja-koe\/aktiviteetit\/retkiluistelu\/#primaryimage"},"thumbnailUrl":"https:\/\/www.visitsaimaa.fi\/wp-content\/uploads\/2019\/02\/Retkeily_resortit_kartta_animaatio_Once_ORG_1300x900px-3.gif","datePublished":"2018-11-20T08:59:07+00:00","dateModified":"2026-01-21T19:37:04+00:00","description":"Retkiluistele hoidetuilla luonnonj\u00e4\u00e4reiteill\u00e4 upeissa Saimaan maisemissa. Tervetuloa!Saimaan seudulta l\u00f6yd\u00e4t kaksi yll\u00e4pidetty\u00e4 luonnonj\u00e4\u00e4reitist\u00f6\u00e4,","breadcrumb":{"@id":"https:\/\/www.visitsaimaa.fi\/fi\/nae-ja-koe\/aktiviteetit\/retkiluistelu\/#breadcrumb"},"inLanguage":"fi","potentialAction":[{"@type":"ReadAction","target":["https:\/\/www.visitsaimaa.fi\/fi\/nae-ja-koe\/aktiviteetit\/retkiluistelu\/"]}]},{"@type":"ImageObject","inLanguage":"fi","@id":"https:\/\/www.visitsaimaa.fi\/fi\/nae-ja-koe\/aktiviteetit\/retkiluistelu\/#primaryimage","url":"https:\/\/www.visitsaimaa.fi\/wp-content\/uploads\/2019\/02\/Retkeily_resortit_kartta_animaatio_Once_ORG_1300x900px-3.gif","contentUrl":"https:\/\/www.visitsaimaa.fi\/wp-content\/uploads\/2019\/02\/Retkeily_resortit_kartta_animaatio_Once_ORG_1300x900px-3.gif"},{"@type":"BreadcrumbList","@id":"https:\/\/www.visitsaimaa.fi\/fi\/nae-ja-koe\/aktiviteetit\/retkiluistelu\/#breadcrumb","itemListElement":[{"@type":"ListItem","position":1,"name":"Visit Saimaa","item":"https:\/\/www.visitsaimaa.fi\/fi\/"},{"@type":"ListItem","position":2,"name":"N\u00e4e ja koe","item":"https:\/\/www.visitsaimaa.fi\/fi\/nae-ja-koe\/"},{"@type":"ListItem","position":3,"name":"Aktiviteetit","item":"https:\/\/www.visitsaimaa.fi\/fi\/nae-ja-koe\/aktiviteetit\/"},{"@type":"ListItem","position":4,"name":"Retkiluistelu"}]},{"@type":"WebSite","@id":"https:\/\/www.visitsaimaa.fi\/fi\/#website","url":"https:\/\/www.visitsaimaa.fi\/fi\/","name":"Visit Saimaa","description":"The Official Travel Guide of Lakeland Saimaa","potentialAction":[{"@type":"SearchAction","target":{"@type":"EntryPoint","urlTemplate":"https:\/\/www.visitsaimaa.fi\/fi\/?s={search_term_string}"},"query-input":{"@type":"PropertyValueSpecification","valueRequired":true,"valueName":"search_term_string"}}],"inLanguage":"fi"}]}},"_links":{"self":[{"href":"https:\/\/www.visitsaimaa.fi\/fi\/wp-json\/wp\/v2\/pages\/8562","targetHints":{"allow":["GET"]}}],"collection":[{"href":"https:\/\/www.visitsaimaa.fi\/fi\/wp-json\/wp\/v2\/pages"}],"about":[{"href":"https:\/\/www.visitsaimaa.fi\/fi\/wp-json\/wp\/v2\/types\/page"}],"author":[{"embeddable":true,"href":"https:\/\/www.visitsaimaa.fi\/fi\/wp-json\/wp\/v2\/users\/46"}],"replies":[{"embeddable":true,"href":"https:\/\/www.visitsaimaa.fi\/fi\/wp-json\/wp\/v2\/comments?post=8562"}],"version-history":[{"count":9,"href":"https:\/\/www.visitsaimaa.fi\/fi\/wp-json\/wp\/v2\/pages\/8562\/revisions"}],"predecessor-version":[{"id":32673,"href":"https:\/\/www.visitsaimaa.fi\/fi\/wp-json\/wp\/v2\/pages\/8562\/revisions\/32673"}],"up":[{"embeddable":true,"href":"https:\/\/www.visitsaimaa.fi\/fi\/wp-json\/wp\/v2\/pages\/6990"}],"wp:attachment":[{"href":"https:\/\/www.visitsaimaa.fi\/fi\/wp-json\/wp\/v2\/media?parent=8562"}],"wp:term":[{"taxonomy":"relatedcontent","embeddable":true,"href":"https:\/\/www.visitsaimaa.fi\/fi\/wp-json\/wp\/v2\/relatedcontent?post=8562"}],"curies":[{"name":"wp","href":"https:\/\/api.w.org\/{rel}","templated":true}]}}