{"id":7718,"date":"2018-06-01T10:14:43","date_gmt":"2018-06-01T07:14:43","guid":{"rendered":"https:\/\/www.visitsaimaa.fi\/?page_id=7718"},"modified":"2025-03-10T12:17:14","modified_gmt":"2025-03-10T10:17:14","slug":"risteilyt","status":"publish","type":"page","link":"https:\/\/www.visitsaimaa.fi\/fi\/nae-ja-koe\/aktiviteetit\/risteilyt\/","title":{"rendered":"Risteilyt"},"content":{"rendered":"<p>[vc_row full_width=&#8221;stretch_row_content_no_spaces&#8221; parallax=&#8221;content-moving-fade&#8221; parallax_speed_bg=&#8221;&#8221; css=&#8221;.vc_custom_1741351702402{margin-bottom: 40px !important;}&#8221;][vc_column]<div class=\"main_header big\">\n    <figure style=\"background-image: url('https:\/\/www.visitsaimaa.fi\/wp-content\/uploads\/2020\/05\/Travelers-Buddy_DSC6025-1920x600.png'); background-position: center center;\"><\/figure>\n    <div class=\"main_header_content\" style=\"\">\n        <div class=\"container\">\n            \n<h1 style=\"text-align: center;\">Risteilyt Saimaalla<\/h1>\n<p style=\"text-align: center;\">Parhaat Saimaa el\u00e4mykset koet laineilla<\/p>\n    \n        <\/div>\n    <\/div><!-- \/.container -->\n<\/div><!-- \/.main_header -->\n\n[\/vc_column][\/vc_row][vc_row][vc_column width=&#8221;1\/6&#8243;][vc_empty_space][\/vc_column][vc_column width=&#8221;2\/3&#8243;][vc_column_text css=&#8221;&#8221;]<\/p>\n<p style=\"text-align: center;\"><strong>Maisema- ja teemaristeilyt ovat leppoisa tapa viett\u00e4\u00e4 kes\u00e4p\u00e4iv\u00e4\u00e4 Saimaalla. Valitset sitten nostalgisen h\u00f6yrylaivan, n\u00e4pp\u00e4r\u00e4n moottorialuksen, perinteisen puuveneen tai ymp\u00e4rist\u00f6yst\u00e4v\u00e4llisen ekopaatin. Saimaan alue p\u00e4\u00e4see parhaiten oikeuksiinsa j\u00e4rvelt\u00e4 koettuna.<\/strong><\/p>\n<p>[\/vc_column_text][\/vc_column][vc_column width=&#8221;1\/6&#8243;][vc_empty_space][\/vc_column][\/vc_row][vc_row equal_height=&#8221;yes&#8221;][vc_column parallax=&#8221;content-moving&#8221;][vc_row_inner][vc_column_inner width=&#8221;1\/6&#8243;][\/vc_column_inner][vc_column_inner width=&#8221;2\/3&#8243;][vc_column_text css=&#8221;&#8221;]<\/p>\n<h2 style=\"text-align: center;\">Maisema- ja teemaristeilyt<\/h2>\n<p style=\"text-align: center;\">Maisemaristeilyt saaristossa tai kaupungin ymp\u00e4ri. Teemaristeilyt joogaten, t\u00e4hti\u00e4 ihaillen tai uhanlaisia saimaannorppia bongaillen. Kauden uutuutena Hein\u00e4veden kanavaristeilyjen paluu tutulla s\/s Hein\u00e4vedell\u00e4 Savonlinnasta Kuopioon.<\/p>\n<p>[\/vc_column_text][vc_empty_space][\/vc_column_inner][vc_column_inner width=&#8221;1\/6&#8243;][\/vc_column_inner][\/vc_row_inner][vc_raw_html css=&#8221;&#8221;]JTNDc2NyaXB0JTIwdHlwZSUzRCUyMnRleHQlMkZqYXZhc2NyaXB0JTIyJTIwc3JjJTNEJTIyaHR0cHMlM0ElMkYlMkZ3aWRnZXRzLmJva3VuLmlvJTJGYXNzZXRzJTJGamF2YXNjcmlwdHMlMkZhcHBzJTJGYnVpbGQlMkZCb2t1bldpZGdldHNMb2FkZXIuanMlM0Zib29raW5nQ2hhbm5lbFVVSUQlM0Q4NTQzYzMxMy1iNjZiLTQxYjUtYmVkNi1mMTgwOWZmMTYxNmQlMjIlMjBhc3luYyUzRSUzQyUyRnNjcmlwdCUzRSUwRCUwQSUyMCUyMCUyMCUyMCUyMCUwRCUwQSUyMCUyMCUyMCUyMCUzQ2RpdiUyMGNsYXNzJTNEJTIyYm9rdW5XaWRnZXQlMjIlMjBkYXRhLXNyYyUzRCUyMmh0dHBzJTNBJTJGJTJGd2lkZ2V0cy5ib2t1bi5pbyUyRm9ubGluZS1zYWxlcyUyRjg1NDNjMzEzLWI2NmItNDFiNS1iZWQ2LWYxODA5ZmYxNjE2ZCUyRnByb2R1Y3QtbGlzdCUyRjg3MzY0JTIyJTNFJTNDJTJGZGl2JTNFJTBEJTBBJTIwJTIwJTIwJTIwJTNDbm9zY3JpcHQlM0VQbGVhc2UlMjBlbmFibGUlMjBqYXZhc2NyaXB0JTIwaW4lMjB5b3VyJTIwYnJvd3NlciUyMHRvJTIwYm9vayUzQyUyRm5vc2NyaXB0JTNFJTBEJTBB[\/vc_raw_html][\/vc_column][\/vc_row][vc_row equal_height=&#8221;yes&#8221;][vc_column width=&#8221;1\/6&#8243;][\/vc_column][vc_column width=&#8221;2\/3&#8243;][vc_column_text css=&#8221;&#8221;]<\/p>\n<h2 style=\"text-align: center;\"><span style=\"color: #000000;\">Lakeland GTE -risteilyt Saimaalle Puumalassa<\/span><\/h2>\n<p style=\"text-align: center;\">L\u00e4hde bongaamaan norppaa, kuuntelemaan aitoja tarinoita tai piknikille Saimaan huikeaan luontoon.<\/p>\n<p>[\/vc_column_text][vc_empty_space][\/vc_column][vc_column width=&#8221;1\/6&#8243;][\/vc_column][\/vc_row][vc_row equal_height=&#8221;yes&#8221;][vc_column][vc_raw_html css=&#8221;&#8221;]JUMyJUEwJTNDam9oa3Utd2lkZ2V0JTIwaWQlM0QlMjJsYWtlbGFuZGd0ZSUyRjJiNTU0YjM4ZTdmZjU1ZmUlMjIlMjBsb2NhbGUlM0QlRTIlODAlOURmaV9GSSUyMiUzRSUzQyUyRmpvaGt1LXdpZGdldCUzRQ==[\/vc_raw_html][vc_empty_space][\/vc_column][\/vc_row][vc_row][vc_column][vc_column_text css=&#8221;&#8221;]<\/p>\n<h2 style=\"text-align: center;\">Risteile Varkaudessa tai hypp\u00e4\u00e4 Hop On Hop Off -el\u00e4mysreitille<\/h2>\n<p style=\"text-align: center;\">Varkaudesta ja Savonlinnasta J\u00e4rvisyd\u00e4men kylpyl\u00e4\u00e4n p\u00e4\u00e4see kes\u00e4isin risteillen Saimaan upealla maisemareitill\u00e4.<\/p>\n<p style=\"text-align: center;\">Hop On Hop Off-el\u00e4mysreitill\u00e4 p\u00e4\u00e4set risteillen mielenkiintoisiin kohteisiin, kuten Astuvansalmen kalliomaalauksille.<\/p>\n<p>[\/vc_column_text][\/vc_column][\/vc_row][vc_row equal_height=&#8221;yes&#8221; css=&#8221;.vc_custom_1655186485349{padding-bottom: 30px !important;}&#8221;][vc_column width=&#8221;1\/2&#8243; css=&#8221;.vc_custom_1652780602485{padding-top: 100px !important;padding-bottom: 100px !important;background-image: url(https:\/\/www.visitsaimaa.fi\/wp-content\/uploads\/2022\/05\/HopOnHopOff_11-5-2021_Fullres-59-scaled.jpg?id=26407) !important;background-position: center !important;background-repeat: no-repeat !important;background-size: cover !important;}&#8221;][vc_column_text]<\/p>\n<h2 style=\"text-align: center;\"><span style=\"color: #ffffff;\">Hypp\u00e4\u00e4 kyytiin Hop On Hop Off -el\u00e4mysreiteille<\/span><\/h2>\n<p>[\/vc_column_text][vc_btn title=&#8221;LUE LIS\u00c4\u00c4&#8221; style=&#8221;flat&#8221; color=&#8221;white&#8221; align=&#8221;center&#8221; link=&#8221;url:https%3A%2F%2Fwww.visitmikkeli.fi%2Fteema%2Fhop-on-hop-off&#8211;reitit-saimaalle-kesalla-2023|target:_blank&#8221;][\/vc_column][vc_column width=&#8221;1\/2&#8243; css=&#8221;.vc_custom_1623763879587{padding-top: 100px !important;padding-bottom: 100px !important;background-image: url(https:\/\/www.visitsaimaa.fi\/wp-content\/uploads\/2016\/03\/finljandija-ozero-saima.jpg?id=3835) !important;background-position: center !important;background-repeat: no-repeat !important;background-size: cover !important;}&#8221;][vc_column_text]<\/p>\n<h2 style=\"text-align: center;\"><span style=\"color: #ffffff;\">Risteile Varkaudesta J\u00e4rvisyd\u00e4meen<\/span><\/h2>\n<p>[\/vc_column_text][vc_btn title=&#8221;LUE LIS\u00c4\u00c4&#8221; style=&#8221;flat&#8221; color=&#8221;white&#8221; align=&#8221;center&#8221; link=&#8221;url:https%3A%2F%2Fsavonlinnaristeilyt.fi%2Fkesan-teemaristeilyt%2F|target:_blank&#8221;][\/vc_column][\/vc_row][vc_row][vc_column width=&#8221;1\/6&#8243;][\/vc_column][vc_column width=&#8221;2\/3&#8243;][vc_column_text css=&#8221;&#8221;]<\/p>\n<h2 style=\"text-align: center;\">Tilausristeilyt<\/h2>\n<p style=\"text-align: center;\">Saimaalla voit my\u00f6s r\u00e4\u00e4t\u00e4l\u00f6id\u00e4 risteilyn omien tarpeiden ja toiveidesi mukaan. Tutustu yritystemme mahdollisuuksiin.<\/p>\n<p>[\/vc_column_text][\/vc_column][vc_column width=&#8221;1\/6&#8243;][\/vc_column][\/vc_row][vc_row][vc_column width=&#8221;1\/5&#8243;][vc_empty_space]<div class=\"image-and-button-shortcode\" style=\"background-image: url('https:\/\/www.visitsaimaa.fi\/wp-content\/uploads\/2015\/11\/Vip-Cruise-steamships-2-1920x600.jpg')\">\n\t\t\t<h3 class=\"h2\">VIP Cruise<\/h3>\n\t\t<a href=\"https:\/\/www.vipcruise.info\/risteilyt\/\" target=\"_blank\" class=\"btn btn-primary\">Tilausristeilyt h\u00f6yrylaivalla &raquo;<\/a>\n<\/div>\n[\/vc_column][vc_column width=&#8221;1\/5&#8243;][vc_empty_space]<div class=\"image-and-button-shortcode\" style=\"background-image: url('https:\/\/www.visitsaimaa.fi\/wp-content\/uploads\/2023\/05\/visit-saimaa_savonlinna-risteilyt_full-size-4.jpg')\">\n\t\t\t<h3 class=\"h2\">Savonlinna-Risteilyt<\/h3>\n\t\t<a href=\"https:\/\/savonlinnaristeilyt.fi\/tilausristeilyt\/\" target=\"_blank\" class=\"btn btn-primary\">Tilausristeilyt Savonlinnassa &raquo;<\/a>\n<\/div>\n[\/vc_column][vc_column width=&#8221;1\/5&#8243;][vc_empty_space]<div class=\"image-and-button-shortcode\" style=\"background-image: url('https:\/\/www.visitsaimaa.fi\/wp-content\/uploads\/2025\/03\/2023-08-01-savonlinna-risteilyt_heinaveden-reitti-0120-1920x600.jpg')\">\n\t\t\t<h3 class=\"h2\">Blue Lake Cruises<\/h3>\n\t\t<a href=\"https:\/\/bluelakecruises.fi\/tilausristeilyt\/\" target=\"_blank\" class=\"btn btn-primary\">Tilausristeilyt m\/s Kartillilla &raquo;<\/a>\n<\/div>\n[\/vc_column][vc_column width=&#8221;1\/5&#8243;][vc_empty_space]<div class=\"image-and-button-shortcode\" style=\"background-image: url('https:\/\/www.visitsaimaa.fi\/wp-content\/uploads\/2024\/07\/kongo-1920x600.jpg')\">\n\t\t\t<h3 class=\"h2\">Open Shores Saimaa<\/h3>\n\t\t<a href=\"https:\/\/www.openshoressaimaa.com\/fi\/tours\/\" target=\"_blank\" class=\"btn btn-primary\">R\u00e4\u00e4t\u00e4l\u00f6i uniikki tilausristeily Saimaalla &raquo;<\/a>\n<\/div>\n[\/vc_column][vc_column width=&#8221;1\/5&#8243;][vc_empty_space]<div class=\"image-and-button-shortcode\" style=\"background-image: url('https:\/\/www.visitsaimaa.fi\/wp-content\/uploads\/2020\/11\/sum_Astuvansalmi_012020_HeidiKristiinatmi2-1920x600.png')\">\n\t\t\t<h3 class=\"h2\">Rib Saimaa<\/h3>\n\t\t<a href=\"https:\/\/www.ribsaimaa.fi\/risteilyt\/\" target=\"_blank\" class=\"btn btn-primary\">Tilausristeilyt Mikkelin seudulla &raquo;<\/a>\n<\/div>\n[\/vc_column][\/vc_row][vc_row][vc_column][vc_empty_space][vc_empty_space][\/vc_column][\/vc_row][vc_row][vc_column width=&#8221;1\/6&#8243;][\/vc_column][vc_column width=&#8221;2\/3&#8243;][vc_column_text css=&#8221;&#8221;]<\/p>\n<h2 style=\"text-align: center;\">El\u00e4mysristeilyt<\/h2>\n<p style=\"text-align: center;\">Saimaan luonto ja labyrinttimainen saaristo tarjoaa n\u00e4ht\u00e4v\u00e4\u00e4 ja koettavaa niin paljon, ett\u00e4 mik\u00e4li haluat saada uniikkeja Saimaa kokemuksia voit r\u00e4\u00e4t\u00e4l\u00f6id\u00e4 oman el\u00e4mysristeilysi. Pient\u00e4 luksusta el\u00e4m\u00e4\u00e4n saat varaamalla h\u00f6yrylaivan vain omaan k\u00e4ytt\u00f6\u00f6si. Seikkailunhaluisemmille sieluille tarjolla on retki saareen, jossa valmistetaan p\u00e4iv\u00e4n ateria tai mahdollisesti aivan oma Saimaan saaristohyppely omien toiveidesi mukaan.<\/p>\n<p>[\/vc_column_text][\/vc_column][vc_column width=&#8221;1\/6&#8243;][\/vc_column][\/vc_row][vc_row][vc_column width=&#8221;1\/4&#8243;][vc_empty_space]<div class=\"image-and-button-shortcode\" style=\"background-image: url('https:\/\/www.visitsaimaa.fi\/wp-content\/uploads\/2022\/05\/Kopio-tiedostosta-Vip-Cruise-Paul-Wahl-7-HDR_low-1024x600.jpg')\">\n\t\t\t<h3 class=\"h2\">VIP Cruise<\/h3>\n\t\t<a href=\"https:\/\/www.vipcruise.info\/laiva\/hoyrylaiva-s-s-paul-wahl\/\" target=\"_blank\" class=\"btn btn-primary\">Uniikki h\u00f6yrylaivaristeily &raquo;<\/a>\n<\/div>\n[\/vc_column][vc_column width=&#8221;1\/4&#8243;][vc_empty_space]<div class=\"image-and-button-shortcode\" style=\"background-image: url('https:\/\/www.visitsaimaa.fi\/wp-content\/uploads\/2024\/05\/uhkua_kaposaari_15-7-2022-32-1920x600.jpg')\">\n\t\t\t<h3 class=\"h2\">Uhkua<\/h3>\n\t\t<a href=\"https:\/\/uhkua.fi\/palvelut\/\" target=\"_blank\" class=\"btn btn-primary\">Erityiset el\u00e4mykset Saimaan makujen \u00e4\u00e4rell\u00e4 &raquo;<\/a>\n<\/div>\n[\/vc_column][vc_column width=&#8221;1\/4&#8243;][vc_empty_space]<div class=\"image-and-button-shortcode\" style=\"background-image: url('https:\/\/www.visitsaimaa.fi\/wp-content\/uploads\/2025\/03\/dji_0658-scaled-1-1920x600.jpg')\">\n\t\t\t<h3 class=\"h2\">Open Shores Saimaa<\/h3>\n\t\t<a href=\"https:\/\/www.openshoressaimaa.com\/fi\/tours\/\" target=\"_blank\" class=\"btn btn-primary\">Seikkaile Saimaalla &raquo;<\/a>\n<\/div>\n[\/vc_column][vc_column width=&#8221;1\/4&#8243;][vc_empty_space]<div class=\"image-and-button-shortcode\" style=\"background-image: url('https:\/\/www.visitsaimaa.fi\/wp-content\/uploads\/2025\/02\/kallioniemi_astuvansalmi_valokuvaajajonnevaahtera-41-1920x600.jpg')\">\n\t\t\t<h3 class=\"h2\">Rib Saimaa<\/h3>\n\t\t<a href=\"https:\/\/www.ribsaimaa.fi\/\" target=\"_blank\" class=\"btn btn-primary\">RIB-veneristeilyt kalliomaalauksille tai saaristoon &raquo;<\/a>\n<\/div>\n[\/vc_column][\/vc_row]<\/p>\n","protected":false},"excerpt":{"rendered":"<p>[vc_row full_width=&#8221;stretch_row_content_no_spaces&#8221; parallax=&#8221;content-moving-fade&#8221; parallax_speed_bg=&#8221;&#8221; css=&#8221;.vc_custom_1741351702402{margin-bottom: 40px !important;}&#8221;][vc_column][\/vc_column][\/vc_row][vc_row][vc_column width=&#8221;1\/6&#8243;][vc_empty_space][\/vc_column][vc_column width=&#8221;2\/3&#8243;][vc_column_text css=&#8221;&#8221;] Maisema- ja teemaristeilyt ovat leppoisa tapa viett\u00e4\u00e4 kes\u00e4p\u00e4iv\u00e4\u00e4 Saimaalla. Valitset sitten nostalgisen h\u00f6yrylaivan, n\u00e4pp\u00e4r\u00e4n moottorialuksen, perinteisen puuveneen tai ymp\u00e4rist\u00f6yst\u00e4v\u00e4llisen ekopaatin. [&hellip;]<\/p>\n","protected":false},"author":2,"featured_media":0,"parent":6990,"menu_order":0,"comment_status":"closed","ping_status":"closed","template":"","meta":{"footnotes":""},"relatedcontent":[],"class_list":{"0":"post-7718","1":"page","2":"type-page","3":"status-publish","4":"hentry","6":"priority-3"},"yoast_head":"<!-- This site is optimized with the Yoast SEO Premium plugin v27.3 (Yoast SEO v27.4) - https:\/\/yoast.com\/product\/yoast-seo-premium-wordpress\/ -->\n<title>Risteilyt - Visit Saimaa<\/title>\n<meta name=\"description\" content=\"Maisema- ja teemaristeilyt ovat leppoisa tapa viett\u00e4\u00e4 kes\u00e4p\u00e4iv\u00e4\u00e4 Saimaalla. Valitset sitten nostalgisen h\u00f6yrylaivan, n\u00e4pp\u00e4r\u00e4n moottorialuksen, perinteisen Maisema- ja teemaristeilyt ovat leppoisa tapa viett\u00e4\u00e4 kes\u00e4p\u00e4iv\u00e4\u00e4 Saimaalla. Valitset sitten nostalgisen h\u00f6yrylaivan, n\u00e4pp\u00e4r\u00e4n moottorialuksen, perinteisen puuveneen tai ymp\u00e4rist\u00f6yst\u00e4v\u00e4llisen ekopaatin. Saimaan alue p\u00e4\u00e4see parhaiten oikeuksiinsa j\u00e4rvelt\u00e4 koettuna.\" \/>\n<meta name=\"robots\" content=\"index, follow, max-snippet:-1, max-image-preview:large, max-video-preview:-1\" \/>\n<link rel=\"canonical\" href=\"https:\/\/www.visitsaimaa.fi\/fi\/nae-ja-koe\/aktiviteetit\/risteilyt\/\" \/>\n<meta property=\"og:locale\" content=\"fi_FI\" \/>\n<meta property=\"og:type\" content=\"article\" \/>\n<meta property=\"og:title\" content=\"Risteilyt\" \/>\n<meta property=\"og:description\" content=\"Maisema- ja teemaristeilyt ovat leppoisa tapa viett\u00e4\u00e4 kes\u00e4p\u00e4iv\u00e4\u00e4 Saimaalla. Valitset sitten nostalgisen h\u00f6yrylaivan, n\u00e4pp\u00e4r\u00e4n moottorialuksen, perinteisen Maisema- ja teemaristeilyt ovat leppoisa tapa viett\u00e4\u00e4 kes\u00e4p\u00e4iv\u00e4\u00e4 Saimaalla. Valitset sitten nostalgisen h\u00f6yrylaivan, n\u00e4pp\u00e4r\u00e4n moottorialuksen, perinteisen puuveneen tai ymp\u00e4rist\u00f6yst\u00e4v\u00e4llisen ekopaatin. Saimaan alue p\u00e4\u00e4see parhaiten oikeuksiinsa j\u00e4rvelt\u00e4 koettuna.\" \/>\n<meta property=\"og:url\" content=\"https:\/\/www.visitsaimaa.fi\/fi\/nae-ja-koe\/aktiviteetit\/risteilyt\/\" \/>\n<meta property=\"og:site_name\" content=\"Visit Saimaa\" \/>\n<meta property=\"article:modified_time\" content=\"2025-03-10T10:17:14+00:00\" \/>\n<meta name=\"twitter:label1\" content=\"Arvioitu lukuaika\" \/>\n\t<meta name=\"twitter:data1\" content=\"2 minuuttia\" \/>\n<script type=\"application\/ld+json\" class=\"yoast-schema-graph\">{\"@context\":\"https:\\\/\\\/schema.org\",\"@graph\":[{\"@type\":\"WebPage\",\"@id\":\"https:\\\/\\\/www.visitsaimaa.fi\\\/fi\\\/nae-ja-koe\\\/aktiviteetit\\\/risteilyt\\\/\",\"url\":\"https:\\\/\\\/www.visitsaimaa.fi\\\/fi\\\/nae-ja-koe\\\/aktiviteetit\\\/risteilyt\\\/\",\"name\":\"Risteilyt - Visit Saimaa\",\"isPartOf\":{\"@id\":\"https:\\\/\\\/www.visitsaimaa.fi\\\/fi\\\/#website\"},\"datePublished\":\"2018-06-01T07:14:43+00:00\",\"dateModified\":\"2025-03-10T10:17:14+00:00\",\"description\":\"Maisema- ja teemaristeilyt ovat leppoisa tapa viett\u00e4\u00e4 kes\u00e4p\u00e4iv\u00e4\u00e4 Saimaalla. Valitset sitten nostalgisen h\u00f6yrylaivan, n\u00e4pp\u00e4r\u00e4n moottorialuksen, perinteisen Maisema- ja teemaristeilyt ovat leppoisa tapa viett\u00e4\u00e4 kes\u00e4p\u00e4iv\u00e4\u00e4 Saimaalla. Valitset sitten nostalgisen h\u00f6yrylaivan, n\u00e4pp\u00e4r\u00e4n moottorialuksen, perinteisen puuveneen tai ymp\u00e4rist\u00f6yst\u00e4v\u00e4llisen ekopaatin. Saimaan alue p\u00e4\u00e4see parhaiten oikeuksiinsa j\u00e4rvelt\u00e4 koettuna.\",\"breadcrumb\":{\"@id\":\"https:\\\/\\\/www.visitsaimaa.fi\\\/fi\\\/nae-ja-koe\\\/aktiviteetit\\\/risteilyt\\\/#breadcrumb\"},\"inLanguage\":\"fi\",\"potentialAction\":[{\"@type\":\"ReadAction\",\"target\":[\"https:\\\/\\\/www.visitsaimaa.fi\\\/fi\\\/nae-ja-koe\\\/aktiviteetit\\\/risteilyt\\\/\"]}]},{\"@type\":\"BreadcrumbList\",\"@id\":\"https:\\\/\\\/www.visitsaimaa.fi\\\/fi\\\/nae-ja-koe\\\/aktiviteetit\\\/risteilyt\\\/#breadcrumb\",\"itemListElement\":[{\"@type\":\"ListItem\",\"position\":1,\"name\":\"Visit Saimaa\",\"item\":\"https:\\\/\\\/www.visitsaimaa.fi\\\/fi\\\/\"},{\"@type\":\"ListItem\",\"position\":2,\"name\":\"N\u00e4e ja koe\",\"item\":\"https:\\\/\\\/www.visitsaimaa.fi\\\/fi\\\/nae-ja-koe\\\/\"},{\"@type\":\"ListItem\",\"position\":3,\"name\":\"Aktiviteetit\",\"item\":\"https:\\\/\\\/www.visitsaimaa.fi\\\/fi\\\/nae-ja-koe\\\/aktiviteetit\\\/\"},{\"@type\":\"ListItem\",\"position\":4,\"name\":\"Risteilyt\"}]},{\"@type\":\"WebSite\",\"@id\":\"https:\\\/\\\/www.visitsaimaa.fi\\\/fi\\\/#website\",\"url\":\"https:\\\/\\\/www.visitsaimaa.fi\\\/fi\\\/\",\"name\":\"Visit Saimaa\",\"description\":\"The Official Travel Guide of Lakeland Saimaa\",\"potentialAction\":[{\"@type\":\"SearchAction\",\"target\":{\"@type\":\"EntryPoint\",\"urlTemplate\":\"https:\\\/\\\/www.visitsaimaa.fi\\\/fi\\\/?s={search_term_string}\"},\"query-input\":{\"@type\":\"PropertyValueSpecification\",\"valueRequired\":true,\"valueName\":\"search_term_string\"}}],\"inLanguage\":\"fi\"}]}<\/script>\n<!-- \/ Yoast SEO Premium plugin. -->","yoast_head_json":{"title":"Risteilyt - Visit Saimaa","description":"Maisema- ja teemaristeilyt ovat leppoisa tapa viett\u00e4\u00e4 kes\u00e4p\u00e4iv\u00e4\u00e4 Saimaalla. Valitset sitten nostalgisen h\u00f6yrylaivan, n\u00e4pp\u00e4r\u00e4n moottorialuksen, perinteisen Maisema- ja teemaristeilyt ovat leppoisa tapa viett\u00e4\u00e4 kes\u00e4p\u00e4iv\u00e4\u00e4 Saimaalla. Valitset sitten nostalgisen h\u00f6yrylaivan, n\u00e4pp\u00e4r\u00e4n moottorialuksen, perinteisen puuveneen tai ymp\u00e4rist\u00f6yst\u00e4v\u00e4llisen ekopaatin. Saimaan alue p\u00e4\u00e4see parhaiten oikeuksiinsa j\u00e4rvelt\u00e4 koettuna.","robots":{"index":"index","follow":"follow","max-snippet":"max-snippet:-1","max-image-preview":"max-image-preview:large","max-video-preview":"max-video-preview:-1"},"canonical":"https:\/\/www.visitsaimaa.fi\/fi\/nae-ja-koe\/aktiviteetit\/risteilyt\/","og_locale":"fi_FI","og_type":"article","og_title":"Risteilyt","og_description":"Maisema- ja teemaristeilyt ovat leppoisa tapa viett\u00e4\u00e4 kes\u00e4p\u00e4iv\u00e4\u00e4 Saimaalla. Valitset sitten nostalgisen h\u00f6yrylaivan, n\u00e4pp\u00e4r\u00e4n moottorialuksen, perinteisen Maisema- ja teemaristeilyt ovat leppoisa tapa viett\u00e4\u00e4 kes\u00e4p\u00e4iv\u00e4\u00e4 Saimaalla. Valitset sitten nostalgisen h\u00f6yrylaivan, n\u00e4pp\u00e4r\u00e4n moottorialuksen, perinteisen puuveneen tai ymp\u00e4rist\u00f6yst\u00e4v\u00e4llisen ekopaatin. Saimaan alue p\u00e4\u00e4see parhaiten oikeuksiinsa j\u00e4rvelt\u00e4 koettuna.","og_url":"https:\/\/www.visitsaimaa.fi\/fi\/nae-ja-koe\/aktiviteetit\/risteilyt\/","og_site_name":"Visit Saimaa","article_modified_time":"2025-03-10T10:17:14+00:00","twitter_misc":{"Arvioitu lukuaika":"2 minuuttia"},"schema":{"@context":"https:\/\/schema.org","@graph":[{"@type":"WebPage","@id":"https:\/\/www.visitsaimaa.fi\/fi\/nae-ja-koe\/aktiviteetit\/risteilyt\/","url":"https:\/\/www.visitsaimaa.fi\/fi\/nae-ja-koe\/aktiviteetit\/risteilyt\/","name":"Risteilyt - Visit Saimaa","isPartOf":{"@id":"https:\/\/www.visitsaimaa.fi\/fi\/#website"},"datePublished":"2018-06-01T07:14:43+00:00","dateModified":"2025-03-10T10:17:14+00:00","description":"Maisema- ja teemaristeilyt ovat leppoisa tapa viett\u00e4\u00e4 kes\u00e4p\u00e4iv\u00e4\u00e4 Saimaalla. Valitset sitten nostalgisen h\u00f6yrylaivan, n\u00e4pp\u00e4r\u00e4n moottorialuksen, perinteisen Maisema- ja teemaristeilyt ovat leppoisa tapa viett\u00e4\u00e4 kes\u00e4p\u00e4iv\u00e4\u00e4 Saimaalla. Valitset sitten nostalgisen h\u00f6yrylaivan, n\u00e4pp\u00e4r\u00e4n moottorialuksen, perinteisen puuveneen tai ymp\u00e4rist\u00f6yst\u00e4v\u00e4llisen ekopaatin. Saimaan alue p\u00e4\u00e4see parhaiten oikeuksiinsa j\u00e4rvelt\u00e4 koettuna.","breadcrumb":{"@id":"https:\/\/www.visitsaimaa.fi\/fi\/nae-ja-koe\/aktiviteetit\/risteilyt\/#breadcrumb"},"inLanguage":"fi","potentialAction":[{"@type":"ReadAction","target":["https:\/\/www.visitsaimaa.fi\/fi\/nae-ja-koe\/aktiviteetit\/risteilyt\/"]}]},{"@type":"BreadcrumbList","@id":"https:\/\/www.visitsaimaa.fi\/fi\/nae-ja-koe\/aktiviteetit\/risteilyt\/#breadcrumb","itemListElement":[{"@type":"ListItem","position":1,"name":"Visit Saimaa","item":"https:\/\/www.visitsaimaa.fi\/fi\/"},{"@type":"ListItem","position":2,"name":"N\u00e4e ja koe","item":"https:\/\/www.visitsaimaa.fi\/fi\/nae-ja-koe\/"},{"@type":"ListItem","position":3,"name":"Aktiviteetit","item":"https:\/\/www.visitsaimaa.fi\/fi\/nae-ja-koe\/aktiviteetit\/"},{"@type":"ListItem","position":4,"name":"Risteilyt"}]},{"@type":"WebSite","@id":"https:\/\/www.visitsaimaa.fi\/fi\/#website","url":"https:\/\/www.visitsaimaa.fi\/fi\/","name":"Visit Saimaa","description":"The Official Travel Guide of Lakeland Saimaa","potentialAction":[{"@type":"SearchAction","target":{"@type":"EntryPoint","urlTemplate":"https:\/\/www.visitsaimaa.fi\/fi\/?s={search_term_string}"},"query-input":{"@type":"PropertyValueSpecification","valueRequired":true,"valueName":"search_term_string"}}],"inLanguage":"fi"}]}},"_links":{"self":[{"href":"https:\/\/www.visitsaimaa.fi\/fi\/wp-json\/wp\/v2\/pages\/7718","targetHints":{"allow":["GET"]}}],"collection":[{"href":"https:\/\/www.visitsaimaa.fi\/fi\/wp-json\/wp\/v2\/pages"}],"about":[{"href":"https:\/\/www.visitsaimaa.fi\/fi\/wp-json\/wp\/v2\/types\/page"}],"author":[{"embeddable":true,"href":"https:\/\/www.visitsaimaa.fi\/fi\/wp-json\/wp\/v2\/users\/2"}],"replies":[{"embeddable":true,"href":"https:\/\/www.visitsaimaa.fi\/fi\/wp-json\/wp\/v2\/comments?post=7718"}],"version-history":[{"count":95,"href":"https:\/\/www.visitsaimaa.fi\/fi\/wp-json\/wp\/v2\/pages\/7718\/revisions"}],"predecessor-version":[{"id":31564,"href":"https:\/\/www.visitsaimaa.fi\/fi\/wp-json\/wp\/v2\/pages\/7718\/revisions\/31564"}],"up":[{"embeddable":true,"href":"https:\/\/www.visitsaimaa.fi\/fi\/wp-json\/wp\/v2\/pages\/6990"}],"wp:attachment":[{"href":"https:\/\/www.visitsaimaa.fi\/fi\/wp-json\/wp\/v2\/media?parent=7718"}],"wp:term":[{"taxonomy":"relatedcontent","embeddable":true,"href":"https:\/\/www.visitsaimaa.fi\/fi\/wp-json\/wp\/v2\/relatedcontent?post=7718"}],"curies":[{"name":"wp","href":"https:\/\/api.w.org\/{rel}","templated":true}]}}