{"id":6996,"date":"2017-10-10T16:07:03","date_gmt":"2017-10-10T13:07:03","guid":{"rendered":"https:\/\/www.visitsaimaa.fi\/?page_id=6996"},"modified":"2024-05-22T08:55:41","modified_gmt":"2024-05-22T05:55:41","slug":"kulttuuria","status":"publish","type":"page","link":"https:\/\/www.visitsaimaa.fi\/fi\/nae-ja-koe\/kulttuuria\/","title":{"rendered":"Kulttuuria"},"content":{"rendered":"<p>[vc_row full_width=&#8221;stretch_row_content_no_spaces&#8221;][vc_column]<div class=\"main_header big\">\n    <figure style=\"background-image: url('https:\/\/www.visitsaimaa.fi\/wp-content\/uploads\/2017\/10\/Otello-1920x600.jpg'); background-position: center center;\"><\/figure>\n    <div class=\"main_header_content\" style=\"\">\n        <div class=\"container\">\n                \n        <\/div>\n    <\/div><!-- \/.container -->\n<\/div><!-- \/.main_header -->\n\n[\/vc_column][\/vc_row][vc_row][vc_column width=&#8221;1\/4&#8243;][\/vc_column][vc_column width=&#8221;1\/2&#8243;][vc_empty_space][vc_column_text]<\/p>\n<h1 style=\"text-align: center\">Saimaa on kulttuurin koti kes\u00e4t talvet<\/h1>\n<p style=\"text-align: center\">#saimaamoments<\/p>\n<p style=\"text-align: center\">Saimaalla s\u00e4velet soi, teatteri viihdytt\u00e4\u00e4\u00a0ja ooppera ihastuttaa. Museoita l\u00f6ytyy jokaiseen l\u00e4ht\u00f6\u00f6n &#8211; p\u00e4\u00e4majakaupunki Mikkelin sotahistoriasta Olavinlinnan jylhiin maisemiin ja Varkauden naivistitaiden\u00e4yttelyihin. Kulttuuritapahtumat liikuttavat kansaa ymp\u00e4ri Saimaata &#8211; rantasaunoista raveihin ja musiikkitapahtumiin.<\/p>\n<p>[\/vc_column_text][vc_icon icon_fontawesome=&#8221;fas fa-angle-down&#8221; color=&#8221;black&#8221; align=&#8221;center&#8221; css_animation=&#8221;fadeInDown&#8221;][\/vc_column][vc_column width=&#8221;1\/4&#8243;][\/vc_column][\/vc_row][vc_row][vc_column][vc_empty_space][vc_custom_heading text=&#8221;Suosittelemme&#8221; font_container=&#8221;tag:h2|text_align:center&#8221;][vc_empty_space][\/vc_column][\/vc_row][vc_row equal_height=&#8221;yes&#8221;][vc_column width=&#8221;1\/3&#8243; css=&#8221;.vc_custom_1682338651152{background-image: url(https:\/\/www.visitsaimaa.fi\/wp-content\/uploads\/2021\/04\/Olavinlinna-ja-Riihisaari.jpg?id=20398) !important;background-position: center !important;background-repeat: no-repeat !important;background-size: cover !important;}&#8221;][vc_empty_space height=&#8221;247px&#8221;][vc_custom_heading text=&#8221;Olavinlinna&#8221; font_container=&#8221;tag:h2|text_align:center|color:%23ffffff&#8221;][vc_empty_space height=&#8221;200px&#8221;][vc_btn title=&#8221;Lue lis\u00e4\u00e4&#8221; style=&#8221;flat&#8221; shape=&#8221;square&#8221; color=&#8221;black&#8221; align=&#8221;center&#8221; link=&#8221;url:http%3A%2F%2Fwww.kansallismuseo.fi%2Ffi%2Folavinlinna|target:_blank&#8221;][\/vc_column][vc_column width=&#8221;1\/3&#8243; css=&#8221;.vc_custom_1682407517698{background-image: url(https:\/\/www.visitsaimaa.fi\/wp-content\/uploads\/2021\/05\/Tiedekeskus-muisti-sasta-syyta-tulla-saimaalle.jpg?id=20491) !important;background-position: center !important;background-repeat: no-repeat !important;background-size: cover !important;}&#8221;][vc_empty_space height=&#8221;247px&#8221;][vc_custom_heading text=&#8221;Sodan ja rauhan keskus Muisti&#8221; font_container=&#8221;tag:h2|text_align:center|color:%23ffffff&#8221;][vc_empty_space height=&#8221;150px&#8221;][vc_btn title=&#8221;Lue lis\u00e4\u00e4&#8221; style=&#8221;flat&#8221; shape=&#8221;square&#8221; color=&#8221;black&#8221; align=&#8221;center&#8221; link=&#8221;url:https%3A%2F%2Fmuisti.org%2F%3Fgclid%3DEAIaIQobChMIoOzetsHE_gIVHywGAB0_0wFHEAAYASAAEgJvEPD_BwE|target:_blank&#8221;][\/vc_column][vc_column width=&#8221;1\/3&#8243; css=&#8221;.vc_custom_1682407579311{background-image: url(https:\/\/www.visitsaimaa.fi\/wp-content\/uploads\/2019\/06\/Mekaanisen-Musiikin-Museo-Amadeus.jpg?id=13091) !important;background-position: center !important;background-repeat: no-repeat !important;background-size: cover !important;}&#8221;][vc_empty_space height=&#8221;247px&#8221;][vc_custom_heading text=&#8221;Mekaanisen musiikin museo&#8221; font_container=&#8221;tag:h2|text_align:center|color:%23ffffff&#8221;][vc_empty_space height=&#8221;150px&#8221;][vc_btn title=&#8221;Lue lis\u00e4\u00e4&#8221; style=&#8221;flat&#8221; shape=&#8221;square&#8221; color=&#8221;black&#8221; align=&#8221;center&#8221; link=&#8221;url:https%3A%2F%2Fwww.mekaanisenmusiikinmuseo.fi%2F&#8221;][\/vc_column][\/vc_row][vc_row][vc_column][vc_empty_space][vc_custom_heading text=&#8221;Museot ja n\u00e4yttelyt&#8221; font_container=&#8221;tag:h2|text_align:center&#8221;]<div class=\"posts-list-grid wpb_content_element\">\n                            <div class=\"row no-gutter\"><div class=\"row no-gutter\"><div class=\"col-xs-10 col-sm-5 col-lg-4 col-main row-two \">    <div class=\"post-box post-stub\" data-openid=\"-1--1\" data-contentid=\"1:\" data-showrelated=\"1\" id=\"-1--1\">\n\n        <div class=\"vs_post_thumbnail\" style=\"background-image: url('https:\/\/www.visitsaimaa.fi\/wp-content\/themes\/visitsaimaa2019\/images\/default_visitsaimaa_2016.jpg')\" ><\/div>\n        <div class=\"image_overlay\"><\/div>\n                \n                <a href=\"\"  class=\" get-post-details\" title=\"\">\n            <span class=\"info\">\n                \n                                <span class=\"h3\"><\/span>\n                                            <\/span><!-- \/.info -->\n        <\/a>\n\n    <\/div>\n    <\/div><!-- box-main --><div class=\"col-xs-10 col-sm-5 col-lg-6 col-rest row-two\"><div class=\"row no-gutter\"><div class=\"col-xs-5 col-lg-33\">    <div class=\"post-box post-stub post-28302 revision type-revision status-inherit hentry\" data-openid=\"13187-autosave-v1-1-28302-2\" data-contentid=\"1:28302\" data-showrelated=\"1\" id=\"13187-autosave-v1-1-28302-2\">\n\n        <div class=\"vs_post_thumbnail\" style=\"background-image: url('https:\/\/www.visitsaimaa.fi\/wp-content\/themes\/visitsaimaa2019\/images\/default_visitsaimaa_2016.jpg')\" ><\/div>\n        <div class=\"image_overlay\"><\/div>\n                \n                <a href=\"https:\/\/www.visitsaimaa.fi\/fi\/?p=28302\"  class=\" get-post-details\" title=\"Etusivu\">\n            <span class=\"info\">\n                \n                                <span class=\"h3\">Etusivu<\/span>\n                                            <\/span><!-- \/.info -->\n        <\/a>\n\n    <\/div>\n    <\/div><div class=\"col-xs-5 col-lg-33\">    <div class=\"post-box post-stub\" data-openid=\"-1--3\" data-contentid=\"1:\" data-showrelated=\"1\" id=\"-1--3\">\n\n        <div class=\"vs_post_thumbnail\" style=\"background-image: url('https:\/\/www.visitsaimaa.fi\/wp-content\/themes\/visitsaimaa2019\/images\/default_visitsaimaa_2016.jpg')\" ><\/div>\n        <div class=\"image_overlay\"><\/div>\n                \n                <a href=\"\"  class=\" get-post-details\" title=\"\">\n            <span class=\"info\">\n                \n                                <span class=\"h3\"><\/span>\n                                            <\/span><!-- \/.info -->\n        <\/a>\n\n    <\/div>\n    <\/div><div class=\"col-xs-5 col-lg-33\">    <div class=\"post-box post-stub post-22693 attachment type-attachment status-inherit hentry\" data-openid=\"sami_kurosen_makumatka_saimaalla_kausi_1_jakso_6_kallioniemi_ilkkaarvola_samikuronen_artokeinanen_otto_002_kuvaaja_vilmanorokorpi-1-22693-4\" data-contentid=\"1:22693\" data-showrelated=\"1\" id=\"sami_kurosen_makumatka_saimaalla_kausi_1_jakso_6_kallioniemi_ilkkaarvola_samikuronen_artokeinanen_otto_002_kuvaaja_vilmanorokorpi-1-22693-4\">\n\n        <div class=\"vs_post_thumbnail\" style=\"background-image: url('https:\/\/www.visitsaimaa.fi\/wp-content\/themes\/visitsaimaa2019\/images\/default_visitsaimaa_2016.jpg')\" ><\/div>\n        <div class=\"image_overlay\"><\/div>\n                \n                <a href=\"https:\/\/www.visitsaimaa.fi\/fi\/sami_kurosen_makumatka_saimaalla_kausi_1_jakso_6_kallioniemi_ilkkaarvola_samikuronen_artokeinanen_otto_002_kuvaaja_vilmanorokorpi\/\"  class=\" get-post-details\" title=\"sami_kurosen_makumatka_saimaalla_kausi_1_jakso_6_kallioniemi_ilkkaarvola_samikuronen_artokeinanen_otto_002_kuvaaja_vilmanorokorpi\">\n            <span class=\"info\">\n                \n                                <span class=\"h3\">sami_kurosen_makumatka_saimaalla_kausi_1_jakso_6_kallioniemi_ilkkaarvola_samikuronen_artokeinanen_otto_002_kuvaaja_vilmanorokorpi<\/span>\n                                            <\/span><!-- \/.info -->\n        <\/a>\n\n    <\/div>\n    <\/div><div class=\"col-xs-5 col-lg-33\">    <div class=\"post-box post-stub\" data-openid=\"-1--5\" data-contentid=\"1:\" data-showrelated=\"1\" id=\"-1--5\">\n\n        <div class=\"vs_post_thumbnail\" style=\"background-image: url('https:\/\/www.visitsaimaa.fi\/wp-content\/themes\/visitsaimaa2019\/images\/default_visitsaimaa_2016.jpg')\" ><\/div>\n        <div class=\"image_overlay\"><\/div>\n                \n                <a href=\"\"  class=\" get-post-details\" title=\"\">\n            <span class=\"info\">\n                \n                                <span class=\"h3\"><\/span>\n                                            <\/span><!-- \/.info -->\n        <\/a>\n\n    <\/div>\n    <\/div><div class=\"col-xs-10 col-lg-66\">    <div class=\"post-box post-stub post-28885 attachment type-attachment status-inherit hentry\" data-openid=\"visitsaimaa_pyorailyreitit_3-2-1-28885-6\" data-contentid=\"1:28885\" data-showrelated=\"1\" id=\"visitsaimaa_pyorailyreitit_3-2-1-28885-6\">\n\n        <div class=\"vs_post_thumbnail\" style=\"background-image: url('https:\/\/www.visitsaimaa.fi\/wp-content\/themes\/visitsaimaa2019\/images\/default_visitsaimaa_2016.jpg')\" ><\/div>\n        <div class=\"image_overlay\"><\/div>\n                \n                <a href=\"https:\/\/www.visitsaimaa.fi\/fi\/visitsaimaa_pyorailyreitit_3-2\/\"  class=\" get-post-details\" title=\"VISITSAIMAA_pyorailyreitit_3\">\n            <span class=\"info\">\n                \n                                <span class=\"h3\">VISITSAIMAA_pyorailyreitit_3<\/span>\n                                            <\/span><!-- \/.info -->\n        <\/a>\n\n    <\/div>\n    <\/div><\/div><!-- row --><\/div><!-- .rest --><\/div><!-- \/.row --><\/div><!-- \/.row -->\n                            <\/div><!--\/.posts-list-grid -->[\/vc_column][\/vc_row][vc_row][vc_column][vc_empty_space][vc_custom_heading text=&#8221;K\u00e4yntikohteet ja ostokset&#8221; font_container=&#8221;tag:h2|text_align:center&#8221;]<div class=\"posts-list-grid wpb_content_element\">\n                            <div class=\"row no-gutter\"><div class=\"row no-gutter\"><div class=\"col-xs-10 col-sm-5 col-lg-4 col-main row-two \">    <div class=\"post-box post-stub post-6014 flamingo_contact type-flamingo_contact status-publish hentry priority-3\" data-openid=\"nita-silvennoinen-savonlinnatravel-com-1-6014-7\" data-contentid=\"1:6014\" data-showrelated=\"1\" id=\"nita-silvennoinen-savonlinnatravel-com-1-6014-7\">\n\n        <div class=\"vs_post_thumbnail\" style=\"background-image: url('https:\/\/www.visitsaimaa.fi\/wp-content\/themes\/visitsaimaa2019\/images\/default_visitsaimaa_2016.jpg')\" ><\/div>\n        <div class=\"image_overlay\"><\/div>\n                \n                <a href=\"https:\/\/www.visitsaimaa.fi\/fi\/?post_type=flamingo_contact&p=6014\"  class=\" get-post-details\" title=\"nita.silvennoinen@savonlinnatravel.com\">\n            <span class=\"info\">\n                \n                                <span class=\"h3\">nita.silvennoinen@savonlinnatravel.com<\/span>\n                                            <\/span><!-- \/.info -->\n        <\/a>\n\n    <\/div>\n    <\/div><!-- box-main --><div class=\"col-xs-10 col-sm-5 col-lg-6 col-rest row-two\"><div class=\"row no-gutter\"><div class=\"col-xs-10 col-lg-66\">    <div class=\"post-box post-stub\" data-openid=\"-1--8\" data-contentid=\"1:\" data-showrelated=\"1\" id=\"-1--8\">\n\n        <div class=\"vs_post_thumbnail\" style=\"background-image: url('https:\/\/www.visitsaimaa.fi\/wp-content\/themes\/visitsaimaa2019\/images\/default_visitsaimaa_2016.jpg')\" ><\/div>\n        <div class=\"image_overlay\"><\/div>\n                \n                <a href=\"\"  class=\" get-post-details\" title=\"\">\n            <span class=\"info\">\n                \n                                <span class=\"h3\"><\/span>\n                                            <\/span><!-- \/.info -->\n        <\/a>\n\n    <\/div>\n    <\/div><div class=\"col-xs-5 col-lg-33\">    <div class=\"post-box filler \" style=\"background-color: #360032;\">\n        <div class=\"icon\"><\/div>\n                    <div class=\"background-icon\" style=\" background-image: url('');\" ><\/div>\n        \n        \n                    <span class=\"info\">\n                                            <\/span>\n        \n    <\/div>\n\n    <\/div><div class=\"col-xs-5 col-lg-33\">    <div class=\"post-box filler \" style=\"background-color: #450440;\">\n        <div class=\"icon\"><\/div>\n                    <div class=\"background-icon\" style=\" background-image: url('');\" ><\/div>\n        \n        \n                    <span class=\"info\">\n                                            <\/span>\n        \n    <\/div>\n\n    <\/div><div class=\"col-xs-10 col-lg-66\">    <div class=\"post-box post-stub post-26353 revision type-revision status-inherit hentry\" data-openid=\"26178-revision-v1-1-26353-9\" data-contentid=\"1:26353\" data-showrelated=\"1\" id=\"26178-revision-v1-1-26353-9\">\n\n        <div class=\"vs_post_thumbnail\" style=\"background-image: url('https:\/\/www.visitsaimaa.fi\/wp-content\/themes\/visitsaimaa2019\/images\/default_visitsaimaa_2016.jpg')\" ><\/div>\n        <div class=\"image_overlay\"><\/div>\n                \n                <a href=\"https:\/\/www.visitsaimaa.fi\/fi\/?p=26353\"  class=\" get-post-details\" title=\"Midnight sun in Saimaa\">\n            <span class=\"info\">\n                \n                                <span class=\"h3\">Midnight sun in Saimaa<\/span>\n                                            <\/span><!-- \/.info -->\n        <\/a>\n\n    <\/div>\n    <\/div><\/div><!-- row --><\/div><!-- .rest --><\/div><!-- \/.row --><\/div><!-- \/.row -->\n                            <\/div><!--\/.posts-list-grid -->[\/vc_column][\/vc_row][vc_row][vc_column][vc_empty_space][vc_custom_heading text=&#8221;Teatterit&#8221; font_container=&#8221;tag:h2|text_align:center&#8221;]<div class=\"posts-list-grid wpb_content_element no-list-items\"><\/div>[\/vc_column][\/vc_row]<\/p>\n","protected":false},"excerpt":{"rendered":"<p>[vc_row full_width=&#8221;stretch_row_content_no_spaces&#8221;][vc_column][\/vc_column][\/vc_row][vc_row][vc_column width=&#8221;1\/4&#8243;][\/vc_column][vc_column width=&#8221;1\/2&#8243;][vc_empty_space][vc_column_text] Saimaa on kulttuurin koti kes\u00e4t talvet #saimaamoments Saimaalla s\u00e4velet soi, teatteri viihdytt\u00e4\u00e4\u00a0ja ooppera ihastuttaa. Museoita l\u00f6ytyy jokaiseen l\u00e4ht\u00f6\u00f6n &#8211; p\u00e4\u00e4majakaupunki Mikkelin sotahistoriasta Olavinlinnan jylhiin maisemiin ja [&hellip;]<\/p>\n","protected":false},"author":1,"featured_media":0,"parent":6983,"menu_order":0,"comment_status":"closed","ping_status":"closed","template":"","meta":{"footnotes":""},"relatedcontent":[],"class_list":{"0":"post-6996","1":"page","2":"type-page","3":"status-publish","4":"hentry","6":"priority-3"},"yoast_head":"<!-- This site is optimized with the Yoast SEO Premium plugin v27.3 (Yoast SEO v27.4) - https:\/\/yoast.com\/product\/yoast-seo-premium-wordpress\/ -->\n<title>Kulttuuria - Visit Saimaa<\/title>\n<meta name=\"description\" content=\"Saimaa on kulttuurin koti kes\u00e4t talvet #saimaamoments Saimaalla s\u00e4velet soi, teatteri viihdytt\u00e4\u00e4\u00a0ja ooppera ihastuttaa. Museoita l\u00f6ytyy jokaiseen l\u00e4ht\u00f6\u00f6n\" \/>\n<meta name=\"robots\" content=\"noindex, follow\" \/>\n<meta property=\"og:locale\" content=\"fi_FI\" \/>\n<meta property=\"og:type\" content=\"article\" \/>\n<meta property=\"og:title\" content=\"Kulttuuria\" \/>\n<meta property=\"og:description\" content=\"Saimaa on kulttuurin koti kes\u00e4t talvet #saimaamoments Saimaalla s\u00e4velet soi, teatteri viihdytt\u00e4\u00e4\u00a0ja ooppera ihastuttaa. Museoita l\u00f6ytyy jokaiseen l\u00e4ht\u00f6\u00f6n\" \/>\n<meta property=\"og:url\" content=\"https:\/\/www.visitsaimaa.fi\/fi\/nae-ja-koe\/kulttuuria\/\" \/>\n<meta property=\"og:site_name\" content=\"Visit Saimaa\" \/>\n<meta property=\"article:modified_time\" content=\"2024-05-22T05:55:41+00:00\" \/>\n<meta name=\"twitter:label1\" content=\"Arvioitu lukuaika\" \/>\n\t<meta name=\"twitter:data1\" content=\"1 minuutti\" \/>\n<script type=\"application\/ld+json\" class=\"yoast-schema-graph\">{\"@context\":\"https:\\\/\\\/schema.org\",\"@graph\":[{\"@type\":\"WebPage\",\"@id\":\"https:\\\/\\\/www.visitsaimaa.fi\\\/fi\\\/nae-ja-koe\\\/kulttuuria\\\/\",\"url\":\"https:\\\/\\\/www.visitsaimaa.fi\\\/fi\\\/nae-ja-koe\\\/kulttuuria\\\/\",\"name\":\"Kulttuuria - Visit Saimaa\",\"isPartOf\":{\"@id\":\"https:\\\/\\\/www.visitsaimaa.fi\\\/fi\\\/#website\"},\"datePublished\":\"2017-10-10T13:07:03+00:00\",\"dateModified\":\"2024-05-22T05:55:41+00:00\",\"description\":\"Saimaa on kulttuurin koti kes\u00e4t talvet #saimaamoments Saimaalla s\u00e4velet soi, teatteri viihdytt\u00e4\u00e4\u00a0ja ooppera ihastuttaa. Museoita l\u00f6ytyy jokaiseen l\u00e4ht\u00f6\u00f6n\",\"breadcrumb\":{\"@id\":\"https:\\\/\\\/www.visitsaimaa.fi\\\/fi\\\/nae-ja-koe\\\/kulttuuria\\\/#breadcrumb\"},\"inLanguage\":\"fi\",\"potentialAction\":[{\"@type\":\"ReadAction\",\"target\":[\"https:\\\/\\\/www.visitsaimaa.fi\\\/fi\\\/nae-ja-koe\\\/kulttuuria\\\/\"]}]},{\"@type\":\"BreadcrumbList\",\"@id\":\"https:\\\/\\\/www.visitsaimaa.fi\\\/fi\\\/nae-ja-koe\\\/kulttuuria\\\/#breadcrumb\",\"itemListElement\":[{\"@type\":\"ListItem\",\"position\":1,\"name\":\"Visit Saimaa\",\"item\":\"https:\\\/\\\/www.visitsaimaa.fi\\\/fi\\\/\"},{\"@type\":\"ListItem\",\"position\":2,\"name\":\"N\u00e4e ja koe\",\"item\":\"https:\\\/\\\/www.visitsaimaa.fi\\\/fi\\\/nae-ja-koe\\\/\"},{\"@type\":\"ListItem\",\"position\":3,\"name\":\"Kulttuuria\"}]},{\"@type\":\"WebSite\",\"@id\":\"https:\\\/\\\/www.visitsaimaa.fi\\\/fi\\\/#website\",\"url\":\"https:\\\/\\\/www.visitsaimaa.fi\\\/fi\\\/\",\"name\":\"Visit Saimaa\",\"description\":\"The Official Travel Guide of Lakeland Saimaa\",\"potentialAction\":[{\"@type\":\"SearchAction\",\"target\":{\"@type\":\"EntryPoint\",\"urlTemplate\":\"https:\\\/\\\/www.visitsaimaa.fi\\\/fi\\\/?s={search_term_string}\"},\"query-input\":{\"@type\":\"PropertyValueSpecification\",\"valueRequired\":true,\"valueName\":\"search_term_string\"}}],\"inLanguage\":\"fi\"}]}<\/script>\n<!-- \/ Yoast SEO Premium plugin. -->","yoast_head_json":{"title":"Kulttuuria - Visit Saimaa","description":"Saimaa on kulttuurin koti kes\u00e4t talvet #saimaamoments Saimaalla s\u00e4velet soi, teatteri viihdytt\u00e4\u00e4\u00a0ja ooppera ihastuttaa. Museoita l\u00f6ytyy jokaiseen l\u00e4ht\u00f6\u00f6n","robots":{"index":"noindex","follow":"follow"},"og_locale":"fi_FI","og_type":"article","og_title":"Kulttuuria","og_description":"Saimaa on kulttuurin koti kes\u00e4t talvet #saimaamoments Saimaalla s\u00e4velet soi, teatteri viihdytt\u00e4\u00e4\u00a0ja ooppera ihastuttaa. Museoita l\u00f6ytyy jokaiseen l\u00e4ht\u00f6\u00f6n","og_url":"https:\/\/www.visitsaimaa.fi\/fi\/nae-ja-koe\/kulttuuria\/","og_site_name":"Visit Saimaa","article_modified_time":"2024-05-22T05:55:41+00:00","twitter_misc":{"Arvioitu lukuaika":"1 minuutti"},"schema":{"@context":"https:\/\/schema.org","@graph":[{"@type":"WebPage","@id":"https:\/\/www.visitsaimaa.fi\/fi\/nae-ja-koe\/kulttuuria\/","url":"https:\/\/www.visitsaimaa.fi\/fi\/nae-ja-koe\/kulttuuria\/","name":"Kulttuuria - Visit Saimaa","isPartOf":{"@id":"https:\/\/www.visitsaimaa.fi\/fi\/#website"},"datePublished":"2017-10-10T13:07:03+00:00","dateModified":"2024-05-22T05:55:41+00:00","description":"Saimaa on kulttuurin koti kes\u00e4t talvet #saimaamoments Saimaalla s\u00e4velet soi, teatteri viihdytt\u00e4\u00e4\u00a0ja ooppera ihastuttaa. Museoita l\u00f6ytyy jokaiseen l\u00e4ht\u00f6\u00f6n","breadcrumb":{"@id":"https:\/\/www.visitsaimaa.fi\/fi\/nae-ja-koe\/kulttuuria\/#breadcrumb"},"inLanguage":"fi","potentialAction":[{"@type":"ReadAction","target":["https:\/\/www.visitsaimaa.fi\/fi\/nae-ja-koe\/kulttuuria\/"]}]},{"@type":"BreadcrumbList","@id":"https:\/\/www.visitsaimaa.fi\/fi\/nae-ja-koe\/kulttuuria\/#breadcrumb","itemListElement":[{"@type":"ListItem","position":1,"name":"Visit Saimaa","item":"https:\/\/www.visitsaimaa.fi\/fi\/"},{"@type":"ListItem","position":2,"name":"N\u00e4e ja koe","item":"https:\/\/www.visitsaimaa.fi\/fi\/nae-ja-koe\/"},{"@type":"ListItem","position":3,"name":"Kulttuuria"}]},{"@type":"WebSite","@id":"https:\/\/www.visitsaimaa.fi\/fi\/#website","url":"https:\/\/www.visitsaimaa.fi\/fi\/","name":"Visit Saimaa","description":"The Official Travel Guide of Lakeland Saimaa","potentialAction":[{"@type":"SearchAction","target":{"@type":"EntryPoint","urlTemplate":"https:\/\/www.visitsaimaa.fi\/fi\/?s={search_term_string}"},"query-input":{"@type":"PropertyValueSpecification","valueRequired":true,"valueName":"search_term_string"}}],"inLanguage":"fi"}]}},"_links":{"self":[{"href":"https:\/\/www.visitsaimaa.fi\/fi\/wp-json\/wp\/v2\/pages\/6996","targetHints":{"allow":["GET"]}}],"collection":[{"href":"https:\/\/www.visitsaimaa.fi\/fi\/wp-json\/wp\/v2\/pages"}],"about":[{"href":"https:\/\/www.visitsaimaa.fi\/fi\/wp-json\/wp\/v2\/types\/page"}],"author":[{"embeddable":true,"href":"https:\/\/www.visitsaimaa.fi\/fi\/wp-json\/wp\/v2\/users\/1"}],"replies":[{"embeddable":true,"href":"https:\/\/www.visitsaimaa.fi\/fi\/wp-json\/wp\/v2\/comments?post=6996"}],"version-history":[{"count":30,"href":"https:\/\/www.visitsaimaa.fi\/fi\/wp-json\/wp\/v2\/pages\/6996\/revisions"}],"predecessor-version":[{"id":30151,"href":"https:\/\/www.visitsaimaa.fi\/fi\/wp-json\/wp\/v2\/pages\/6996\/revisions\/30151"}],"up":[{"embeddable":true,"href":"https:\/\/www.visitsaimaa.fi\/fi\/wp-json\/wp\/v2\/pages\/6983"}],"wp:attachment":[{"href":"https:\/\/www.visitsaimaa.fi\/fi\/wp-json\/wp\/v2\/media?parent=6996"}],"wp:term":[{"taxonomy":"relatedcontent","embeddable":true,"href":"https:\/\/www.visitsaimaa.fi\/fi\/wp-json\/wp\/v2\/relatedcontent?post=6996"}],"curies":[{"name":"wp","href":"https:\/\/api.w.org\/{rel}","templated":true}]}}