{"id":6990,"date":"2017-10-10T16:06:17","date_gmt":"2017-10-10T13:06:17","guid":{"rendered":"https:\/\/www.visitsaimaa.fi\/?page_id=6990"},"modified":"2024-01-16T09:04:41","modified_gmt":"2024-01-16T07:04:41","slug":"aktiviteetit","status":"publish","type":"page","link":"https:\/\/www.visitsaimaa.fi\/fi\/nae-ja-koe\/aktiviteetit\/","title":{"rendered":"Aktiviteetit"},"content":{"rendered":"<p>[vc_row][vc_column][vc_column_text]<\/p>\n<h2 style=\"text-align: center\">Saimaan aitoja el\u00e4myksi\u00e4 ja kokemuksia<\/h2>\n<p>[\/vc_column_text][vc_column_text]<\/p>\n<p style=\"text-align: center\">Saimaalta l\u00f6ytyy tekemist\u00e4 jokaiselle vuodenajalle. Alueemme ainutlaatuinen luonto tarjoaa el\u00e4myksi\u00e4 ja kokemuksia ymp\u00e4ri vuoden &#8211; retkiluistelusta rapsakassa pikku pakkasessa rantasaunan ja Saimaan aaltojen hell\u00e4\u00e4n hyv\u00e4ilyyn kauniina kes\u00e4iltana. Jos tuntuu, ett\u00e4 mielummin tutustuisit luontoon ja aktiviteetteihin kokeneen oppaan johdolla, sekin onnistuu! Meilt\u00e4 l\u00f6ytyy useita aktiviteettien ammattilaisia, jotka mielell\u00e4\u00e4n auttavat sinua l\u00f6yt\u00e4m\u00e4\u00e4n parhaat, aidot Saimaan el\u00e4mykset.<\/p>\n<p>[\/vc_column_text][vc_column_text]<\/p>\n<h3 style=\"text-align: center\">Opastettuja retki\u00e4 ja aktiviteetteja<\/h3>\n<p>[\/vc_column_text][vc_icon icon_fontawesome=&#8221;fas fa-angle-down&#8221; color=&#8221;black&#8221; align=&#8221;center&#8221; css_animation=&#8221;fadeInDown&#8221;][\/vc_column][\/vc_row][vc_row][vc_column]<div class=\"posts-list-grid wpb_content_element\">\n                            <div class=\"row no-gutter\"><div class=\"row no-gutter\"><div class=\"col-xs-10 col-sm-5 col-lg-4 col-main row-two \">    <div class=\"post-box post-stub post-2971 nav_menu_item type-nav_menu_item status-publish hentry priority-3\" data-openid=\"sauna-1-2971-1\" data-contentid=\"1:2971\" data-showrelated=\"1\" id=\"sauna-1-2971-1\">\n\n        <div class=\"vs_post_thumbnail\" style=\"background-image: url('https:\/\/www.visitsaimaa.fi\/wp-content\/themes\/visitsaimaa2019\/images\/default_visitsaimaa_2016.jpg')\" ><\/div>\n        <div class=\"image_overlay\"><\/div>\n                \n                <a href=\"https:\/\/www.visitsaimaa.fi\/fi\/sauna\/\"  class=\" get-post-details\" title=\"Sauna\">\n            <span class=\"info\">\n                \n                                <span class=\"h3\">Sauna<\/span>\n                                            <\/span><!-- \/.info -->\n        <\/a>\n\n    <\/div>\n    <\/div><!-- box-main --><div class=\"col-xs-10 col-sm-5 col-lg-6 col-rest row-two\"><div class=\"row no-gutter\"><div class=\"col-xs-10 col-lg-66\">    <div class=\"post-box post-stub\" data-openid=\"-1--2\" data-contentid=\"1:\" data-showrelated=\"1\" id=\"-1--2\">\n\n        <div class=\"vs_post_thumbnail\" style=\"background-image: url('https:\/\/www.visitsaimaa.fi\/wp-content\/themes\/visitsaimaa2019\/images\/default_visitsaimaa_2016.jpg')\" ><\/div>\n        <div class=\"image_overlay\"><\/div>\n                \n                <a href=\"\"  class=\" get-post-details\" title=\"\">\n            <span class=\"info\">\n                \n                                <span class=\"h3\"><\/span>\n                                            <\/span><!-- \/.info -->\n        <\/a>\n\n    <\/div>\n    <\/div><div class=\"col-xs-5 col-lg-33\">    <div class=\"post-box post-stub\" data-openid=\"-1--3\" data-contentid=\"1:\" data-showrelated=\"1\" id=\"-1--3\">\n\n        <div class=\"vs_post_thumbnail\" style=\"background-image: url('https:\/\/www.visitsaimaa.fi\/wp-content\/themes\/visitsaimaa2019\/images\/default_visitsaimaa_2016.jpg')\" ><\/div>\n        <div class=\"image_overlay\"><\/div>\n                \n                <a href=\"\"  class=\" get-post-details\" title=\"\">\n            <span class=\"info\">\n                \n                                <span class=\"h3\"><\/span>\n                                            <\/span><!-- \/.info -->\n        <\/a>\n\n    <\/div>\n    <\/div><div class=\"col-xs-5 col-lg-33\">    <div class=\"post-box post-stub\" data-openid=\"-1--4\" data-contentid=\"1:\" data-showrelated=\"1\" id=\"-1--4\">\n\n        <div class=\"vs_post_thumbnail\" style=\"background-image: url('https:\/\/www.visitsaimaa.fi\/wp-content\/themes\/visitsaimaa2019\/images\/default_visitsaimaa_2016.jpg')\" ><\/div>\n        <div class=\"image_overlay\"><\/div>\n                \n                <a href=\"\"  class=\" get-post-details\" title=\"\">\n            <span class=\"info\">\n                \n                                <span class=\"h3\"><\/span>\n                                            <\/span><!-- \/.info -->\n        <\/a>\n\n    <\/div>\n    <\/div><div class=\"col-xs-10 col-lg-66\">    <div class=\"post-box post-stub\" data-openid=\"-1--5\" data-contentid=\"1:\" data-showrelated=\"1\" id=\"-1--5\">\n\n        <div class=\"vs_post_thumbnail\" style=\"background-image: url('https:\/\/www.visitsaimaa.fi\/wp-content\/themes\/visitsaimaa2019\/images\/default_visitsaimaa_2016.jpg')\" ><\/div>\n        <div class=\"image_overlay\"><\/div>\n                \n                <a href=\"\"  class=\" get-post-details\" title=\"\">\n            <span class=\"info\">\n                \n                                <span class=\"h3\"><\/span>\n                                            <\/span><!-- \/.info -->\n        <\/a>\n\n    <\/div>\n    <\/div><\/div><!-- row --><\/div><!-- .rest --><\/div><!-- \/.row --><\/div><!-- \/.row -->\n                            <\/div><!--\/.posts-list-grid -->[\/vc_column][\/vc_row][vc_row][vc_column][vc_column_text]<\/p>\n<h2 style=\"text-align: center\">Lempeit\u00e4 l\u00f6ylyj\u00e4 ja suloisia saunael\u00e4myksi\u00e4<\/h2>\n<p>[\/vc_column_text][vc_column_text]<\/p>\n<p style=\"text-align: center\">Aktiviteettiloma, l\u00f6h\u00f6ilyloma, veneilyloma,\u00a0m\u00f6kkiloma, shoppailuloma, kulttuuriloma\u2026 Olipa lomasi millainen tahansa, sen kruunaavat\u00a0kunnon l\u00f6ylyt Saimaan rannalla.<\/p>\n<p>[\/vc_column_text][vc_icon icon_fontawesome=&#8221;fas fa-angle-down&#8221; color=&#8221;black&#8221; align=&#8221;center&#8221; css_animation=&#8221;fadeInDown&#8221;]<div class=\"posts-list-grid wpb_content_element\">\n                            <div class=\"row no-gutter\"><div class=\"row no-gutter\"><div class=\"col-xs-10 col-sm-5 col-lg-4 col-main row-two \">    <div class=\"post-box post-stub\" data-openid=\"-1--6\" data-contentid=\"1:\" data-showrelated=\"1\" id=\"-1--6\">\n\n        <div class=\"vs_post_thumbnail\" style=\"background-image: url('https:\/\/www.visitsaimaa.fi\/wp-content\/themes\/visitsaimaa2019\/images\/default_visitsaimaa_2016.jpg')\" ><\/div>\n        <div class=\"image_overlay\"><\/div>\n                \n                <a href=\"\"  class=\" get-post-details\" title=\"\">\n            <span class=\"info\">\n                \n                                <span class=\"h3\"><\/span>\n                                            <\/span><!-- \/.info -->\n        <\/a>\n\n    <\/div>\n    <\/div><!-- box-main --><div class=\"col-xs-10 col-sm-5 col-lg-6 col-rest row-two\"><div class=\"row no-gutter\"><div class=\"col-xs-10 col-lg-66\">    <div class=\"post-box post-stub\" data-openid=\"-1--7\" data-contentid=\"1:\" data-showrelated=\"1\" id=\"-1--7\">\n\n        <div class=\"vs_post_thumbnail\" style=\"background-image: url('https:\/\/www.visitsaimaa.fi\/wp-content\/themes\/visitsaimaa2019\/images\/default_visitsaimaa_2016.jpg')\" ><\/div>\n        <div class=\"image_overlay\"><\/div>\n                \n                <a href=\"\"  class=\" get-post-details\" title=\"\">\n            <span class=\"info\">\n                \n                                <span class=\"h3\"><\/span>\n                                            <\/span><!-- \/.info -->\n        <\/a>\n\n    <\/div>\n    <\/div><div class=\"col-xs-5 col-lg-33\">    <div class=\"post-box filler social\" style=\"background-color: #3B5998;\">\n        <div class=\"icon\"><\/div>\n                    <div class=\"background-icon\" style=\" background-image: url('https:\/\/www.visitsaimaa.fi\/wp-content\/themes\/visitsaimaa2019\/images\/icons\/facebook-128.png');\" ><\/div>\n        \n        \n                    <a href=\"https:\/\/www.facebook.com\/visitsaimaa.fi\/\" target=\"_blank\" >\n                    <span class=\"info\">\n                                            <\/span>\n                    <\/a>\n        \n    <\/div>\n\n    <\/div><div class=\"col-xs-5 col-lg-33\">    <div class=\"post-box filler social\" style=\"background-color: #3F729B;\">\n        <div class=\"icon\"><\/div>\n                    <div class=\"background-icon\" style=\" background-image: url('https:\/\/www.visitsaimaa.fi\/wp-content\/themes\/visitsaimaa2019\/images\/icons\/instagram-128.png');\" ><\/div>\n        \n        \n                    <a href=\"https:\/\/www.instagram.com\/visitsaimaa.fi\/\" target=\"_blank\" >\n                    <span class=\"info\">\n                                            <\/span>\n                    <\/a>\n        \n    <\/div>\n\n    <\/div><div class=\"col-xs-10 col-lg-66\">    <div class=\"post-box post-stub\" data-openid=\"-1--8\" data-contentid=\"1:\" data-showrelated=\"1\" id=\"-1--8\">\n\n        <div class=\"vs_post_thumbnail\" style=\"background-image: url('https:\/\/www.visitsaimaa.fi\/wp-content\/themes\/visitsaimaa2019\/images\/default_visitsaimaa_2016.jpg')\" ><\/div>\n        <div class=\"image_overlay\"><\/div>\n                \n                <a href=\"\"  class=\" get-post-details\" title=\"\">\n            <span class=\"info\">\n                \n                                <span class=\"h3\"><\/span>\n                                            <\/span><!-- \/.info -->\n        <\/a>\n\n    <\/div>\n    <\/div><\/div><!-- row --><\/div><!-- .rest --><\/div><!-- \/.row --><\/div><!-- \/.row -->\n                            <\/div><!--\/.posts-list-grid -->[\/vc_column][\/vc_row][vc_row][vc_column][vc_column_text]<\/p>\n<h2 style=\"text-align: center\">Retkeile Oravin maisemissa<\/h2>\n<p style=\"text-align: center\">Patikoi, melo ja kalasta Oravin luonnon rauhassa Saimaan vesill\u00e4.<\/p>\n<p>[\/vc_column_text][\/vc_column][\/vc_row][vc_row][vc_column width=&#8221;1\/2&#8243;][vc_video link=&#8221;https:\/\/www.youtube.com\/watch?v=A8By2vptg3o&#8221;][\/vc_column][vc_column width=&#8221;1\/2&#8243;][vc_video link=&#8221;https:\/\/www.youtube.com\/watch?v=7ih6VyEDXbA&#8221;][\/vc_column][\/vc_row]<\/p>\n","protected":false},"excerpt":{"rendered":"<p>[vc_row][vc_column][vc_column_text] Saimaan aitoja el\u00e4myksi\u00e4 ja kokemuksia [\/vc_column_text][vc_column_text] Saimaalta l\u00f6ytyy tekemist\u00e4 jokaiselle vuodenajalle. Alueemme ainutlaatuinen luonto tarjoaa el\u00e4myksi\u00e4 ja kokemuksia ymp\u00e4ri vuoden &#8211; retkiluistelusta rapsakassa pikku pakkasessa rantasaunan ja Saimaan aaltojen [&hellip;]<\/p>\n","protected":false},"author":1,"featured_media":0,"parent":6983,"menu_order":0,"comment_status":"closed","ping_status":"closed","template":"","meta":{"footnotes":""},"relatedcontent":[],"class_list":{"0":"post-6990","1":"page","2":"type-page","3":"status-publish","4":"hentry","6":"priority-3"},"yoast_head":"<!-- This site is optimized with the Yoast SEO Premium plugin v27.3 (Yoast SEO v27.2) - https:\/\/yoast.com\/product\/yoast-seo-premium-wordpress\/ -->\n<title>Aktiviteetit - Visit Saimaa<\/title>\n<meta name=\"description\" content=\"Saimaan aitoja el\u00e4myksi\u00e4 ja kokemuksia Saimaalta l\u00f6ytyy tekemist\u00e4 jokaiselle vuodenajalle. Alueemme ainutlaatuinen luonto tarjoaa el\u00e4myksi\u00e4 ja kokemuksia\" \/>\n<meta name=\"robots\" content=\"noindex, follow\" \/>\n<meta property=\"og:locale\" content=\"fi_FI\" \/>\n<meta property=\"og:type\" content=\"article\" \/>\n<meta property=\"og:title\" content=\"Aktiviteetit - Visit Saimaa\" \/>\n<meta property=\"og:description\" content=\"Saimaan aitoja el\u00e4myksi\u00e4 ja kokemuksia Saimaalta l\u00f6ytyy tekemist\u00e4 jokaiselle vuodenajalle. Alueemme ainutlaatuinen luonto tarjoaa el\u00e4myksi\u00e4 ja kokemuksia\" \/>\n<meta property=\"og:url\" content=\"https:\/\/www.visitsaimaa.fi\/fi\/nae-ja-koe\/aktiviteetit\/\" \/>\n<meta property=\"og:site_name\" content=\"Visit Saimaa\" \/>\n<meta property=\"article:modified_time\" content=\"2024-01-16T07:04:41+00:00\" \/>\n<meta name=\"twitter:label1\" content=\"Arvioitu lukuaika\" \/>\n\t<meta name=\"twitter:data1\" content=\"1 minuutti\" \/>\n<script type=\"application\/ld+json\" class=\"yoast-schema-graph\">{\"@context\":\"https:\/\/schema.org\",\"@graph\":[{\"@type\":\"WebPage\",\"@id\":\"https:\/\/www.visitsaimaa.fi\/fi\/nae-ja-koe\/aktiviteetit\/\",\"url\":\"https:\/\/www.visitsaimaa.fi\/fi\/nae-ja-koe\/aktiviteetit\/\",\"name\":\"Aktiviteetit - Visit Saimaa\",\"isPartOf\":{\"@id\":\"https:\/\/www.visitsaimaa.fi\/fi\/#website\"},\"datePublished\":\"2017-10-10T13:06:17+00:00\",\"dateModified\":\"2024-01-16T07:04:41+00:00\",\"description\":\"Saimaan aitoja el\u00e4myksi\u00e4 ja kokemuksia Saimaalta l\u00f6ytyy tekemist\u00e4 jokaiselle vuodenajalle. Alueemme ainutlaatuinen luonto tarjoaa el\u00e4myksi\u00e4 ja kokemuksia\",\"breadcrumb\":{\"@id\":\"https:\/\/www.visitsaimaa.fi\/fi\/nae-ja-koe\/aktiviteetit\/#breadcrumb\"},\"inLanguage\":\"fi\",\"potentialAction\":[{\"@type\":\"ReadAction\",\"target\":[\"https:\/\/www.visitsaimaa.fi\/fi\/nae-ja-koe\/aktiviteetit\/\"]}]},{\"@type\":\"BreadcrumbList\",\"@id\":\"https:\/\/www.visitsaimaa.fi\/fi\/nae-ja-koe\/aktiviteetit\/#breadcrumb\",\"itemListElement\":[{\"@type\":\"ListItem\",\"position\":1,\"name\":\"Visit Saimaa\",\"item\":\"https:\/\/www.visitsaimaa.fi\/fi\/\"},{\"@type\":\"ListItem\",\"position\":2,\"name\":\"N\u00e4e ja koe\",\"item\":\"https:\/\/www.visitsaimaa.fi\/fi\/nae-ja-koe\/\"},{\"@type\":\"ListItem\",\"position\":3,\"name\":\"Aktiviteetit\"}]},{\"@type\":\"WebSite\",\"@id\":\"https:\/\/www.visitsaimaa.fi\/fi\/#website\",\"url\":\"https:\/\/www.visitsaimaa.fi\/fi\/\",\"name\":\"Visit Saimaa\",\"description\":\"The Official Travel Guide of Lakeland Saimaa\",\"potentialAction\":[{\"@type\":\"SearchAction\",\"target\":{\"@type\":\"EntryPoint\",\"urlTemplate\":\"https:\/\/www.visitsaimaa.fi\/fi\/?s={search_term_string}\"},\"query-input\":{\"@type\":\"PropertyValueSpecification\",\"valueRequired\":true,\"valueName\":\"search_term_string\"}}],\"inLanguage\":\"fi\"}]}<\/script>\n<!-- \/ Yoast SEO Premium plugin. -->","yoast_head_json":{"title":"Aktiviteetit - Visit Saimaa","description":"Saimaan aitoja el\u00e4myksi\u00e4 ja kokemuksia Saimaalta l\u00f6ytyy tekemist\u00e4 jokaiselle vuodenajalle. Alueemme ainutlaatuinen luonto tarjoaa el\u00e4myksi\u00e4 ja kokemuksia","robots":{"index":"noindex","follow":"follow"},"og_locale":"fi_FI","og_type":"article","og_title":"Aktiviteetit - Visit Saimaa","og_description":"Saimaan aitoja el\u00e4myksi\u00e4 ja kokemuksia Saimaalta l\u00f6ytyy tekemist\u00e4 jokaiselle vuodenajalle. Alueemme ainutlaatuinen luonto tarjoaa el\u00e4myksi\u00e4 ja kokemuksia","og_url":"https:\/\/www.visitsaimaa.fi\/fi\/nae-ja-koe\/aktiviteetit\/","og_site_name":"Visit Saimaa","article_modified_time":"2024-01-16T07:04:41+00:00","twitter_misc":{"Arvioitu lukuaika":"1 minuutti"},"schema":{"@context":"https:\/\/schema.org","@graph":[{"@type":"WebPage","@id":"https:\/\/www.visitsaimaa.fi\/fi\/nae-ja-koe\/aktiviteetit\/","url":"https:\/\/www.visitsaimaa.fi\/fi\/nae-ja-koe\/aktiviteetit\/","name":"Aktiviteetit - Visit Saimaa","isPartOf":{"@id":"https:\/\/www.visitsaimaa.fi\/fi\/#website"},"datePublished":"2017-10-10T13:06:17+00:00","dateModified":"2024-01-16T07:04:41+00:00","description":"Saimaan aitoja el\u00e4myksi\u00e4 ja kokemuksia Saimaalta l\u00f6ytyy tekemist\u00e4 jokaiselle vuodenajalle. Alueemme ainutlaatuinen luonto tarjoaa el\u00e4myksi\u00e4 ja kokemuksia","breadcrumb":{"@id":"https:\/\/www.visitsaimaa.fi\/fi\/nae-ja-koe\/aktiviteetit\/#breadcrumb"},"inLanguage":"fi","potentialAction":[{"@type":"ReadAction","target":["https:\/\/www.visitsaimaa.fi\/fi\/nae-ja-koe\/aktiviteetit\/"]}]},{"@type":"BreadcrumbList","@id":"https:\/\/www.visitsaimaa.fi\/fi\/nae-ja-koe\/aktiviteetit\/#breadcrumb","itemListElement":[{"@type":"ListItem","position":1,"name":"Visit Saimaa","item":"https:\/\/www.visitsaimaa.fi\/fi\/"},{"@type":"ListItem","position":2,"name":"N\u00e4e ja koe","item":"https:\/\/www.visitsaimaa.fi\/fi\/nae-ja-koe\/"},{"@type":"ListItem","position":3,"name":"Aktiviteetit"}]},{"@type":"WebSite","@id":"https:\/\/www.visitsaimaa.fi\/fi\/#website","url":"https:\/\/www.visitsaimaa.fi\/fi\/","name":"Visit Saimaa","description":"The Official Travel Guide of Lakeland Saimaa","potentialAction":[{"@type":"SearchAction","target":{"@type":"EntryPoint","urlTemplate":"https:\/\/www.visitsaimaa.fi\/fi\/?s={search_term_string}"},"query-input":{"@type":"PropertyValueSpecification","valueRequired":true,"valueName":"search_term_string"}}],"inLanguage":"fi"}]}},"_links":{"self":[{"href":"https:\/\/www.visitsaimaa.fi\/fi\/wp-json\/wp\/v2\/pages\/6990","targetHints":{"allow":["GET"]}}],"collection":[{"href":"https:\/\/www.visitsaimaa.fi\/fi\/wp-json\/wp\/v2\/pages"}],"about":[{"href":"https:\/\/www.visitsaimaa.fi\/fi\/wp-json\/wp\/v2\/types\/page"}],"author":[{"embeddable":true,"href":"https:\/\/www.visitsaimaa.fi\/fi\/wp-json\/wp\/v2\/users\/1"}],"replies":[{"embeddable":true,"href":"https:\/\/www.visitsaimaa.fi\/fi\/wp-json\/wp\/v2\/comments?post=6990"}],"version-history":[{"count":9,"href":"https:\/\/www.visitsaimaa.fi\/fi\/wp-json\/wp\/v2\/pages\/6990\/revisions"}],"predecessor-version":[{"id":29674,"href":"https:\/\/www.visitsaimaa.fi\/fi\/wp-json\/wp\/v2\/pages\/6990\/revisions\/29674"}],"up":[{"embeddable":true,"href":"https:\/\/www.visitsaimaa.fi\/fi\/wp-json\/wp\/v2\/pages\/6983"}],"wp:attachment":[{"href":"https:\/\/www.visitsaimaa.fi\/fi\/wp-json\/wp\/v2\/media?parent=6990"}],"wp:term":[{"taxonomy":"relatedcontent","embeddable":true,"href":"https:\/\/www.visitsaimaa.fi\/fi\/wp-json\/wp\/v2\/relatedcontent?post=6990"}],"curies":[{"name":"wp","href":"https:\/\/api.w.org\/{rel}","templated":true}]}}