{"id":6983,"date":"2017-10-10T16:04:18","date_gmt":"2017-10-10T13:04:18","guid":{"rendered":"https:\/\/www.visitsaimaa.fi\/?page_id=6983"},"modified":"2026-02-05T09:45:39","modified_gmt":"2026-02-05T07:45:39","slug":"nae-ja-koe","status":"publish","type":"page","link":"https:\/\/www.visitsaimaa.fi\/fi\/nae-ja-koe\/","title":{"rendered":"N\u00e4e ja koe"},"content":{"rendered":"<p>[vc_row full_width=&#8221;stretch_row_content_no_spaces&#8221; parallax=&#8221;content-moving-fade&#8221; parallax_image=&#8221;27089&#8243;][vc_column css=&#8221;.vc_custom_1662707148845{background-color: rgba(0,0,0,0.14) !important;*background-color: rgb(0,0,0) !important;}&#8221;][vc_column_text]<\/p>\n<h1><\/h1>\n<p>&nbsp;<\/p>\n<p>&nbsp;<\/p>\n<p>&nbsp;<\/p>\n<p>&nbsp;<\/p>\n<p>&nbsp;<\/p>\n<p>&nbsp;<\/p>\n<p>&nbsp;<\/p>\n<p>&nbsp;<\/p>\n<p>&nbsp;<\/p>\n<h1 class=\"montserrat\" style=\"text-align: center\"><span style=\"color: #ffffff\"><strong><span style=\"font-size: 5rem;letter-spacing: 0.3em\">N\u00c4E JA KOE<\/span><\/strong><\/span><\/h1>\n<p>&nbsp;<\/p>\n<p>&nbsp;<\/p>\n<p>&nbsp;<\/p>\n<p>&nbsp;<\/p>\n<p>&nbsp;<\/p>\n<p>&nbsp;<\/p>\n<p>&nbsp;<\/p>\n<p>[\/vc_column_text][\/vc_column][\/vc_row][vc_row][vc_column width=&#8221;1\/4&#8243;][\/vc_column][vc_column width=&#8221;1\/2&#8243;][vc_empty_space][vc_column_text]<\/p>\n<h1 style=\"text-align: center\">N\u00e4e &amp; koe Saimaalla<\/h1>\n<p style=\"text-align: center\">#saimaamoments<\/p>\n<p style=\"text-align: center\">Saimaalta l\u00f6ytyy n\u00e4ht\u00e4v\u00e4\u00e4 ja koettavaa jokaisena vuodenaikana! Sokkeloinen Saimaan saaristo k\u00e4tkee sis\u00e4lleen luonnon harvinaisuuksia, perinteik\u00e4st\u00e4 saaristokulttuuria, historiaa, taidetta ja tietenkin aitoja saunael\u00e4myksi\u00e4.<\/p>\n<p style=\"text-align: center\">Valitse oma kiinnostuksen kohteesi ja l\u00e4hde kokemaan Saimaan ainutlaatuisen j\u00e4rviluonnon hienoudet!<\/p>\n<p>[\/vc_column_text][\/vc_column][vc_column width=&#8221;1\/4&#8243;][\/vc_column][\/vc_row][vc_row css=&#8221;.vc_custom_1622203864990{padding-top: 30px !important;padding-bottom: 30px !important;}&#8221;][vc_column][vc_empty_space][vc_column_text]<\/p>\n<h2 style=\"text-align: center\">L\u00e4hde Saimaan kiinnostavimpiin kohteisiin<\/h2>\n<p>[\/vc_column_text][\/vc_column][\/vc_row][vc_row equal_height=&#8221;yes&#8221;][vc_column width=&#8221;1\/3&#8243; css=&#8221;.vc_custom_1622202007784{padding-top: 100px !important;padding-bottom: 100px !important;background-image: url(https:\/\/www.visitsaimaa.fi\/wp-content\/uploads\/2020\/06\/rantasalmi-05-2017.png?id=16537) !important;background-position: center !important;background-repeat: no-repeat !important;background-size: cover !important;}&#8221;][vc_column_text]<\/p>\n<h3 style=\"text-align: center\"><span style=\"color: #ffffff\">L\u00e4hde norpanbongausretkelle<\/span><\/h3>\n<p>[\/vc_column_text][vc_btn title=&#8221;LUE LIS\u00c4\u00c4&#8221; style=&#8221;flat&#8221; shape=&#8221;square&#8221; color=&#8221;white&#8221; align=&#8221;center&#8221; link=&#8221;url:https%3A%2F%2Fwww.visitsaimaa.fi%2Ffi%2Fnae-ja-koe%2Fsaimaannorppa%2F&#8221;][\/vc_column][vc_column width=&#8221;1\/3&#8243; css=&#8221;.vc_custom_1622202429130{padding-top: 100px !important;padding-bottom: 100px !important;background-image: url(https:\/\/www.visitsaimaa.fi\/wp-content\/uploads\/2015\/09\/VS-saunakuva.jpg?id=295) !important;background-position: center !important;background-repeat: no-repeat !important;background-size: cover !important;}&#8221;][vc_column_text]<\/p>\n<h3 style=\"text-align: center\"><span style=\"color: #ffffff\">Saunael\u00e4myksi\u00e4<\/span><\/h3>\n<p>[\/vc_column_text][vc_btn title=&#8221;LUE LIS\u00c4\u00c4&#8221; style=&#8221;flat&#8221; shape=&#8221;square&#8221; color=&#8221;white&#8221; align=&#8221;center&#8221; link=&#8221;url:https%3A%2F%2Fwww.visitsaimaa.fi%2Ffi%2Fnae-ja-koe%2Fsauna%2F&#8221;][\/vc_column][vc_column width=&#8221;1\/3&#8243; css=&#8221;.vc_custom_1622204742716{padding-top: 100px !important;padding-bottom: 100px !important;background-image: url(https:\/\/www.visitsaimaa.fi\/wp-content\/uploads\/2021\/03\/Summer-sunset-in-Savonlinna.jpg?id=19817) !important;background-position: center !important;background-repeat: no-repeat !important;background-size: cover !important;}&#8221;][vc_column_text]<\/p>\n<h3 style=\"text-align: center\"><span style=\"color: #ffffff\">Saimaan parhaat veneilyreitit<\/span><\/h3>\n<p>[\/vc_column_text][vc_btn title=&#8221;LUE LIS\u00c4\u00c4&#8221; style=&#8221;flat&#8221; shape=&#8221;square&#8221; color=&#8221;white&#8221; align=&#8221;center&#8221; link=&#8221;url:https%3A%2F%2Fwww.visitsaimaa.fi%2Ffi%2Fnae-ja-koe%2Fveneilijan-saimaa%2F&#8221;][\/vc_column][\/vc_row][vc_row equal_height=&#8221;yes&#8221;][vc_column width=&#8221;1\/3&#8243; css=&#8221;.vc_custom_1622202669577{padding-top: 100px !important;padding-bottom: 100px !important;background-image: url(https:\/\/www.visitsaimaa.fi\/wp-content\/uploads\/2020\/10\/Astuvansalmi_012020_HeidiKristiinatmi2.png?id=18289) !important;background-position: center !important;background-repeat: no-repeat !important;background-size: cover !important;}&#8221;][vc_column_text]<\/p>\n<h3 style=\"text-align: center\"><span style=\"color: #ffffff\">Saimaan kalliotaideharvinaisuudet<\/span><\/h3>\n<p>[\/vc_column_text][vc_btn title=&#8221;LUE LIS\u00c4\u00c4&#8221; style=&#8221;flat&#8221; shape=&#8221;square&#8221; color=&#8221;white&#8221; align=&#8221;center&#8221; link=&#8221;url:https%3A%2F%2Fwww.visitsaimaa.fi%2Ffi%2Fnae-ja-koe%2Fkalliotaide%2F&#8221;][\/vc_column][vc_column width=&#8221;1\/3&#8243; css=&#8221;.vc_custom_1622204759848{padding-top: 100px !important;padding-bottom: 100px !important;background-image: url(https:\/\/www.visitsaimaa.fi\/wp-content\/uploads\/2018\/06\/gastronomy_tertti.png?id=7668) !important;background-position: center !important;background-repeat: no-repeat !important;background-size: cover !important;}&#8221;][vc_column_text]<\/p>\n<h3 style=\"text-align: center\"><span style=\"color: #ffffff\">Kartanot ja puutarhat kutsuvat<\/span><\/h3>\n<p>[\/vc_column_text][vc_btn title=&#8221;LUE LIS\u00c4\u00c4&#8221; style=&#8221;flat&#8221; shape=&#8221;square&#8221; color=&#8221;white&#8221; align=&#8221;center&#8221; link=&#8221;url:https%3A%2F%2Fwww.visitsaimaa.fi%2Ffi%2Fnae-ja-koe%2Fkartanot-ja-puutarhat%2F&#8221;][\/vc_column][vc_column width=&#8221;1\/3&#8243; css=&#8221;.vc_custom_1622204766823{padding-top: 100px !important;padding-bottom: 100px !important;background-image: url(https:\/\/www.visitsaimaa.fi\/wp-content\/uploads\/2017\/10\/Otello.jpg?id=7145) !important;background-position: center !important;background-repeat: no-repeat !important;background-size: cover !important;}&#8221;][vc_column_text]<\/p>\n<h3 style=\"text-align: center\"><span style=\"color: #ffffff\">Saimaan kulttuurit\u00e4rpit<\/span><\/h3>\n<p>[\/vc_column_text][vc_btn title=&#8221;LUE LIS\u00c4\u00c4&#8221; style=&#8221;flat&#8221; shape=&#8221;square&#8221; color=&#8221;white&#8221; align=&#8221;center&#8221; link=&#8221;url:https%3A%2F%2Fwww.visitsaimaa.fi%2Ffi%2Fnae-ja-koe%2Fkulttuuria%2F&#8221;][\/vc_column][\/vc_row][vc_row disable_element=&#8221;yes&#8221;][vc_column][vc_empty_space][vc_column_text css=&#8221;.vc_custom_1622205684484{padding-top: 30px !important;padding-bottom: 30px !important;}&#8221;]<\/p>\n<h2 style=\"text-align: center\">Mikkelin, Savonlinnan ja Varkauden kaupunkien parhaimmat<\/h2>\n<p style=\"text-align: center\">Saimaan rantakaupungit tarjoavat n\u00e4ht\u00e4v\u00e4\u00e4 ja tekemist\u00e4 koko perheelle.<\/p>\n<p>[\/vc_column_text][\/vc_column][\/vc_row][vc_row disable_element=&#8221;yes&#8221;][vc_column]<div class=\"posts-list-grid wpb_content_element\">\n                            <div class=\"row no-gutter\"><div class=\"row no-gutter\"><div class=\"col-xs-10 col-sm-5 col-lg-4 col-main row-two \">    <div class=\"post-box post-stub post-23304 attachment type-attachment status-inherit hentry\" data-openid=\"aloe-veera-2-1-23304-1\" data-contentid=\"1:23304\" data-showrelated=\"1\" id=\"aloe-veera-2-1-23304-1\">\n\n        <div class=\"vs_post_thumbnail\" style=\"background-image: url('https:\/\/www.visitsaimaa.fi\/wp-content\/themes\/visitsaimaa2019\/images\/default_visitsaimaa_2016.jpg')\" ><\/div>\n        <div class=\"image_overlay\"><\/div>\n                \n                <a href=\"https:\/\/www.visitsaimaa.fi\/fi\/ru\/aloe-veera-2\/\"  class=\" get-post-details\" title=\"Aloe Veera\">\n            <span class=\"info\">\n                \n                                <span class=\"h3\">Aloe Veera<\/span>\n                                            <\/span><!-- \/.info -->\n        <\/a>\n\n    <\/div>\n    <\/div><!-- box-main --><div class=\"col-xs-10 col-sm-5 col-lg-6 col-rest row-two\"><div class=\"row no-gutter\"><div class=\"col-xs-10 col-lg-66\">    <div class=\"post-box filler \" style=\"background-color: #360032;\">\n        <div class=\"icon\"><\/div>\n                    <div class=\"background-icon\" style=\" background-image: url('');\" ><\/div>\n        \n        \n                    <span class=\"info\">\n                                            <\/span>\n        \n    <\/div>\n\n    <\/div><div class=\"col-xs-5 col-lg-33\">    <div class=\"post-box filler \" style=\"background-color: #450440;\">\n        <div class=\"icon\"><\/div>\n                    <div class=\"background-icon\" style=\" background-image: url('');\" ><\/div>\n        \n        \n                    <span class=\"info\">\n                                            <\/span>\n        \n    <\/div>\n\n    <\/div><div class=\"col-xs-5 col-lg-33\">    <div class=\"post-box filler \" style=\"background-color: #5F385C;\">\n        <div class=\"icon\"><\/div>\n                    <div class=\"background-icon\" style=\" background-image: url('');\" ><\/div>\n        \n        \n                    <span class=\"info\">\n                                            <\/span>\n        \n    <\/div>\n\n    <\/div><div class=\"col-xs-10 col-lg-66\">    <div class=\"post-box filler \" style=\"background-color: #5A1E55;\">\n        <div class=\"icon\"><\/div>\n                    <div class=\"background-icon\" style=\" background-image: url('');\" ><\/div>\n        \n        \n                    <span class=\"info\">\n                                            <\/span>\n        \n    <\/div>\n\n    <\/div><\/div><!-- row --><\/div><!-- .rest --><\/div><!-- \/.row --><\/div><!-- \/.row -->\n                            <\/div><!--\/.posts-list-grid -->[\/vc_column][\/vc_row][vc_row][vc_column][vc_empty_space][vc_column_text]<\/p>\n<h2 style=\"text-align: center\">Saimaalla l\u00f6yd\u00e4t tekemist\u00e4 jokaisena vuodenaikana<\/h2>\n<p style=\"text-align: center\">Saimaan luontoaktiviteetit sesongin mukaan, kulttuurin\u00e4ht\u00e4vyydet, tapahtumat ja ravintolat kutsuvat viihtym\u00e4\u00e4n Saimaalle jokaisena vuodenaikana.<\/p>\n<p>[\/vc_column_text][\/vc_column][\/vc_row][vc_row equal_height=&#8221;yes&#8221;][vc_column width=&#8221;1\/4&#8243; css=&#8221;.vc_custom_1622205409514{padding-top: 100px !important;padding-bottom: 100px !important;background-image: url(https:\/\/www.visitsaimaa.fi\/wp-content\/uploads\/2016\/03\/finljandija-velosipedy.jpg?id=3817) !important;background-position: center !important;background-repeat: no-repeat !important;background-size: cover !important;}&#8221;][vc_column_text]<\/p>\n<h3 style=\"text-align: center\"><span style=\"color: #ffffff\">Kev\u00e4\u00e4n parhaat matkakohteet<\/span><\/h3>\n<p>[\/vc_column_text][vc_btn title=&#8221;LUE LIS\u00c4\u00c4&#8221; style=&#8221;flat&#8221; shape=&#8221;square&#8221; color=&#8221;white&#8221; align=&#8221;center&#8221; link=&#8221;url:https%3A%2F%2Fwww.visitsaimaa.fi%2Ffi%2Fnae-ja-koe%2Fkevat%2F&#8221;][\/vc_column][vc_column width=&#8221;1\/4&#8243; css=&#8221;.vc_custom_1622205404540{padding-top: 100px !important;padding-bottom: 100px !important;background-image: url(https:\/\/www.visitsaimaa.fi\/wp-content\/uploads\/2021\/03\/swimming-in-Lake-Saimaa-puruvesi.jpg?id=19712) !important;background-position: center !important;background-repeat: no-repeat !important;background-size: cover !important;}&#8221;][vc_column_text]<\/p>\n<h3 style=\"text-align: center\"><span style=\"color: #ffffff\">Kes\u00e4loma Saimaalla<\/span><\/h3>\n<p>[\/vc_column_text][vc_btn title=&#8221;LUE LIS\u00c4\u00c4&#8221; style=&#8221;flat&#8221; shape=&#8221;square&#8221; color=&#8221;white&#8221; align=&#8221;center&#8221; link=&#8221;url:https%3A%2F%2Fwww.visitsaimaa.fi%2Ffi%2Fnae-ja-koe%2Fkesa%2F&#8221;][\/vc_column][vc_column width=&#8221;1\/4&#8243; css=&#8221;.vc_custom_1622205398773{padding-top: 100px !important;padding-bottom: 100px !important;background-image: url(https:\/\/www.visitsaimaa.fi\/wp-content\/uploads\/2020\/10\/savonlinna-10-2017.png?id=18143) !important;background-position: center !important;background-repeat: no-repeat !important;background-size: cover !important;}&#8221;][vc_column_text]<\/p>\n<h3 style=\"text-align: center\"><span style=\"color: #ffffff\">Syksyn tunnelmaa<\/span><\/h3>\n<p>[\/vc_column_text][vc_btn title=&#8221;LUE LIS\u00c4\u00c4&#8221; style=&#8221;flat&#8221; shape=&#8221;square&#8221; color=&#8221;white&#8221; align=&#8221;center&#8221; link=&#8221;url:https%3A%2F%2Fwww.visitsaimaa.fi%2Ffi%2Fnae-ja-koe%2Fsyksy%2F&#8221;][\/vc_column][vc_column width=&#8221;1\/4&#8243; css=&#8221;.vc_custom_1622205392188{padding-top: 100px !important;padding-bottom: 100px !important;background-image: url(https:\/\/www.visitsaimaa.fi\/wp-content\/uploads\/2021\/01\/Olavinlinna_tammikuu2021.png?id=19088) !important;background-position: center !important;background-repeat: no-repeat !important;background-size: cover !important;}&#8221;][vc_column_text]<\/p>\n<h3 style=\"text-align: center\"><span style=\"color: #ffffff\">Saimaan talvi yll\u00e4tt\u00e4\u00e4<\/span><\/h3>\n<p>[\/vc_column_text][vc_btn title=&#8221;LUE LIS\u00c4\u00c4&#8221; style=&#8221;flat&#8221; shape=&#8221;square&#8221; color=&#8221;white&#8221; align=&#8221;center&#8221; link=&#8221;url:https%3A%2F%2Fwww.visitsaimaa.fi%2Ffi%2Fnae-ja-koe%2Ftalvi%2F&#8221;][\/vc_column][\/vc_row][vc_row][vc_column][vc_empty_space][\/vc_column][\/vc_row][vc_row disable_element=&#8221;yes&#8221;][vc_column][vc_column_text css=&#8221;&#8221;]<\/p>\n<h2 style=\"text-align: center\">Koloveden ja Linnansaaren kansallispuistot<\/h2>\n<p style=\"text-align: center\">Koloveden kansallispuistossa vesi kantaa melojan kalliojyrk\u00e4nteiden syliin, Saimaan syvyyksien ylle. Linnansaaren kansallispuisto taas on sympaattisen saimaannorpan kotivesi\u00e4. Ominaista Linnansaarelle ovat my\u00f6s avarat j\u00e4rvensel\u00e4t, sadat saaret ja luodot sek\u00e4 rantakallioiden takaa paljastuvat rehev\u00e4t lehdot.<\/p>\n<p>[\/vc_column_text][\/vc_column][\/vc_row][vc_row disable_element=&#8221;yes&#8221;][\/vc_row][vc_column][\/vc_column]<\/p>\n","protected":false},"excerpt":{"rendered":"<p>[vc_row full_width=&#8221;stretch_row_content_no_spaces&#8221; parallax=&#8221;content-moving-fade&#8221; parallax_image=&#8221;27089&#8243;][vc_column css=&#8221;.vc_custom_1662707148845{background-color: rgba(0,0,0,0.14) !important;*background-color: rgb(0,0,0) !important;}&#8221;][vc_column_text] &nbsp; &nbsp; &nbsp; &nbsp; &nbsp; &nbsp; &nbsp; &nbsp; &nbsp; N\u00c4E JA KOE &nbsp; &nbsp; &nbsp; &nbsp; &nbsp; &nbsp; &nbsp; [\/vc_column_text][\/vc_column][\/vc_row][vc_row][vc_column width=&#8221;1\/4&#8243;][\/vc_column][vc_column [&hellip;]<\/p>\n","protected":false},"author":1,"featured_media":0,"parent":0,"menu_order":0,"comment_status":"closed","ping_status":"closed","template":"","meta":{"footnotes":""},"relatedcontent":[],"class_list":{"0":"post-6983","1":"page","2":"type-page","3":"status-publish","4":"hentry","6":"priority-3"},"yoast_head":"<!-- This site is optimized with the Yoast SEO Premium plugin v27.3 (Yoast SEO v27.5) - https:\/\/yoast.com\/product\/yoast-seo-premium-wordpress\/ -->\n<title>N\u00e4e ja koe - Visit Saimaa<\/title>\n<meta name=\"description\" content=\"&nbsp; &nbsp; &nbsp; &nbsp; &nbsp; &nbsp; &nbsp; &nbsp; &nbsp; N\u00c4E JA KOE &nbsp; &nbsp; &nbsp; &nbsp; &nbsp; &nbsp; &nbsp; N\u00e4e &amp; koe Saimaalla\" \/>\n<meta name=\"robots\" content=\"noindex, follow\" \/>\n<meta property=\"og:locale\" content=\"fi_FI\" \/>\n<meta property=\"og:type\" content=\"article\" \/>\n<meta property=\"og:title\" content=\"N\u00e4e ja koe\" \/>\n<meta property=\"og:description\" content=\"&nbsp; &nbsp; &nbsp; &nbsp; &nbsp; &nbsp; &nbsp; &nbsp; &nbsp; N\u00c4E JA KOE &nbsp; &nbsp; &nbsp; &nbsp; &nbsp; &nbsp; &nbsp; N\u00e4e &amp; koe Saimaalla\" \/>\n<meta property=\"og:url\" content=\"https:\/\/www.visitsaimaa.fi\/fi\/nae-ja-koe\/\" \/>\n<meta property=\"og:site_name\" content=\"Visit Saimaa\" \/>\n<meta property=\"article:modified_time\" content=\"2026-02-05T07:45:39+00:00\" \/>\n<meta name=\"twitter:label1\" content=\"Arvioitu lukuaika\" \/>\n\t<meta name=\"twitter:data1\" content=\"3 minuuttia\" \/>\n<script type=\"application\/ld+json\" class=\"yoast-schema-graph\">{\"@context\":\"https:\\\/\\\/schema.org\",\"@graph\":[{\"@type\":\"WebPage\",\"@id\":\"https:\\\/\\\/www.visitsaimaa.fi\\\/fi\\\/nae-ja-koe\\\/\",\"url\":\"https:\\\/\\\/www.visitsaimaa.fi\\\/fi\\\/nae-ja-koe\\\/\",\"name\":\"N\u00e4e ja koe - Visit Saimaa\",\"isPartOf\":{\"@id\":\"https:\\\/\\\/www.visitsaimaa.fi\\\/fi\\\/#website\"},\"datePublished\":\"2017-10-10T13:04:18+00:00\",\"dateModified\":\"2026-02-05T07:45:39+00:00\",\"description\":\"&nbsp; &nbsp; &nbsp; &nbsp; &nbsp; &nbsp; &nbsp; &nbsp; &nbsp; N\u00c4E JA KOE &nbsp; &nbsp; &nbsp; &nbsp; &nbsp; &nbsp; &nbsp; N\u00e4e &amp; koe Saimaalla\",\"breadcrumb\":{\"@id\":\"https:\\\/\\\/www.visitsaimaa.fi\\\/fi\\\/nae-ja-koe\\\/#breadcrumb\"},\"inLanguage\":\"fi\",\"potentialAction\":[{\"@type\":\"ReadAction\",\"target\":[\"https:\\\/\\\/www.visitsaimaa.fi\\\/fi\\\/nae-ja-koe\\\/\"]}]},{\"@type\":\"BreadcrumbList\",\"@id\":\"https:\\\/\\\/www.visitsaimaa.fi\\\/fi\\\/nae-ja-koe\\\/#breadcrumb\",\"itemListElement\":[{\"@type\":\"ListItem\",\"position\":1,\"name\":\"Visit Saimaa\",\"item\":\"https:\\\/\\\/www.visitsaimaa.fi\\\/fi\\\/\"},{\"@type\":\"ListItem\",\"position\":2,\"name\":\"N\u00e4e ja koe\"}]},{\"@type\":\"WebSite\",\"@id\":\"https:\\\/\\\/www.visitsaimaa.fi\\\/fi\\\/#website\",\"url\":\"https:\\\/\\\/www.visitsaimaa.fi\\\/fi\\\/\",\"name\":\"Visit Saimaa\",\"description\":\"The Official Travel Guide of Lakeland Saimaa\",\"potentialAction\":[{\"@type\":\"SearchAction\",\"target\":{\"@type\":\"EntryPoint\",\"urlTemplate\":\"https:\\\/\\\/www.visitsaimaa.fi\\\/fi\\\/?s={search_term_string}\"},\"query-input\":{\"@type\":\"PropertyValueSpecification\",\"valueRequired\":true,\"valueName\":\"search_term_string\"}}],\"inLanguage\":\"fi\"}]}<\/script>\n<!-- \/ Yoast SEO Premium plugin. -->","yoast_head_json":{"title":"N\u00e4e ja koe - Visit Saimaa","description":"&nbsp; &nbsp; &nbsp; &nbsp; &nbsp; &nbsp; &nbsp; &nbsp; &nbsp; N\u00c4E JA KOE &nbsp; &nbsp; &nbsp; &nbsp; &nbsp; &nbsp; &nbsp; N\u00e4e &amp; koe Saimaalla","robots":{"index":"noindex","follow":"follow"},"og_locale":"fi_FI","og_type":"article","og_title":"N\u00e4e ja koe","og_description":"&nbsp; &nbsp; &nbsp; &nbsp; &nbsp; &nbsp; &nbsp; &nbsp; &nbsp; N\u00c4E JA KOE &nbsp; &nbsp; &nbsp; &nbsp; &nbsp; &nbsp; &nbsp; N\u00e4e &amp; koe Saimaalla","og_url":"https:\/\/www.visitsaimaa.fi\/fi\/nae-ja-koe\/","og_site_name":"Visit Saimaa","article_modified_time":"2026-02-05T07:45:39+00:00","twitter_misc":{"Arvioitu lukuaika":"3 minuuttia"},"schema":{"@context":"https:\/\/schema.org","@graph":[{"@type":"WebPage","@id":"https:\/\/www.visitsaimaa.fi\/fi\/nae-ja-koe\/","url":"https:\/\/www.visitsaimaa.fi\/fi\/nae-ja-koe\/","name":"N\u00e4e ja koe - Visit Saimaa","isPartOf":{"@id":"https:\/\/www.visitsaimaa.fi\/fi\/#website"},"datePublished":"2017-10-10T13:04:18+00:00","dateModified":"2026-02-05T07:45:39+00:00","description":"&nbsp; &nbsp; &nbsp; &nbsp; &nbsp; &nbsp; &nbsp; &nbsp; &nbsp; N\u00c4E JA KOE &nbsp; &nbsp; &nbsp; &nbsp; &nbsp; &nbsp; &nbsp; N\u00e4e &amp; koe Saimaalla","breadcrumb":{"@id":"https:\/\/www.visitsaimaa.fi\/fi\/nae-ja-koe\/#breadcrumb"},"inLanguage":"fi","potentialAction":[{"@type":"ReadAction","target":["https:\/\/www.visitsaimaa.fi\/fi\/nae-ja-koe\/"]}]},{"@type":"BreadcrumbList","@id":"https:\/\/www.visitsaimaa.fi\/fi\/nae-ja-koe\/#breadcrumb","itemListElement":[{"@type":"ListItem","position":1,"name":"Visit Saimaa","item":"https:\/\/www.visitsaimaa.fi\/fi\/"},{"@type":"ListItem","position":2,"name":"N\u00e4e ja koe"}]},{"@type":"WebSite","@id":"https:\/\/www.visitsaimaa.fi\/fi\/#website","url":"https:\/\/www.visitsaimaa.fi\/fi\/","name":"Visit Saimaa","description":"The Official Travel Guide of Lakeland Saimaa","potentialAction":[{"@type":"SearchAction","target":{"@type":"EntryPoint","urlTemplate":"https:\/\/www.visitsaimaa.fi\/fi\/?s={search_term_string}"},"query-input":{"@type":"PropertyValueSpecification","valueRequired":true,"valueName":"search_term_string"}}],"inLanguage":"fi"}]}},"_links":{"self":[{"href":"https:\/\/www.visitsaimaa.fi\/fi\/wp-json\/wp\/v2\/pages\/6983","targetHints":{"allow":["GET"]}}],"collection":[{"href":"https:\/\/www.visitsaimaa.fi\/fi\/wp-json\/wp\/v2\/pages"}],"about":[{"href":"https:\/\/www.visitsaimaa.fi\/fi\/wp-json\/wp\/v2\/types\/page"}],"author":[{"embeddable":true,"href":"https:\/\/www.visitsaimaa.fi\/fi\/wp-json\/wp\/v2\/users\/1"}],"replies":[{"embeddable":true,"href":"https:\/\/www.visitsaimaa.fi\/fi\/wp-json\/wp\/v2\/comments?post=6983"}],"version-history":[{"count":39,"href":"https:\/\/www.visitsaimaa.fi\/fi\/wp-json\/wp\/v2\/pages\/6983\/revisions"}],"predecessor-version":[{"id":32692,"href":"https:\/\/www.visitsaimaa.fi\/fi\/wp-json\/wp\/v2\/pages\/6983\/revisions\/32692"}],"wp:attachment":[{"href":"https:\/\/www.visitsaimaa.fi\/fi\/wp-json\/wp\/v2\/media?parent=6983"}],"wp:term":[{"taxonomy":"relatedcontent","embeddable":true,"href":"https:\/\/www.visitsaimaa.fi\/fi\/wp-json\/wp\/v2\/relatedcontent?post=6983"}],"curies":[{"name":"wp","href":"https:\/\/api.w.org\/{rel}","templated":true}]}}