{"id":29300,"date":"2023-09-27T22:15:38","date_gmt":"2023-09-27T19:15:38","guid":{"rendered":"https:\/\/www.visitsaimaa.fi\/?page_id=29300"},"modified":"2024-06-18T13:01:03","modified_gmt":"2024-06-18T10:01:03","slug":"teatterit-saimaalla","status":"publish","type":"page","link":"https:\/\/www.visitsaimaa.fi\/fi\/nae-ja-koe\/kulttuuria\/teatterit-saimaalla\/","title":{"rendered":"Teatterit Saimaalla"},"content":{"rendered":"<p>[vc_row full_width=&#8221;stretch_row_content_no_spaces&#8221;][vc_column]<div class=\"main_header normal\">\n    <figure style=\"background-image: url('https:\/\/www.visitsaimaa.fi\/wp-content\/uploads\/2022\/09\/Varkauden_teatteri_web-12_low-1500x600.jpg'); background-position: center top;\"><\/figure>\n    <div class=\"main_header_content\" style=\"\">\n        <div class=\"container\">\n            \n<h1 style=\"text-align: center\">Teatterit<\/h1>\n<p style=\"text-align: center\">Suuria tunteita teatterin h\u00e4m\u00e4riss\u00e4.<\/p>\n    \n        <\/div>\n    <\/div><!-- \/.container -->\n<\/div><!-- \/.main_header -->\n\n[\/vc_column][\/vc_row][vc_row][vc_column width=&#8221;1\/6&#8243;][vc_column_text][\/vc_column_text][\/vc_column][vc_column width=&#8221;2\/3&#8243;][vc_column_text css=&#8221;.vc_custom_1718704449787{padding-top: 40px !important;}&#8221;]<\/p>\n<p style=\"text-align: center\">Varkauden Teatterissa nautitaan upeista teatteri-el\u00e4myksist\u00e4 tunnelmallisessa ymp\u00e4rist\u00f6ss\u00e4. 110-vuotias ammattiteatteri tarjoilee vuosittain 4-5 omaa ensi-iltaa t\u00e4ydell\u00e4 syd\u00e4mell\u00e4 sek\u00e4 rakkaudesta yleis\u00f6\u00e4 kohtaan. Varkauden Teatterin jokainen esitys koskettaa ja voimauttaa \u2013 tuottaa nautinnon iloa, kyyneleit\u00e4k\u00e4\u00e4n unohtamatta. Lis\u00e4ksi ohjelmistoa rikastuttavat Klubi-illat ja t\u00e4htivierailut.<\/p>\n<p style=\"text-align: center\">Savonlinnan Teatteri on vuonna 1914 perustettu ammattiteatteri, joka valmistaa 4-5 ensi-iltaa yhden tuotantokauden aikana. Ohjelmistoon kuuluvat my\u00f6s erilaiset yhteisn\u00e4yt\u00e4nn\u00f6t paikallisten orkestereiden ja ammattitaiteilijoiden kanssa. Teatterin tarjontaan kuuluvat my\u00f6s vierailuesitykset, tapahtumat ja konsertit.<\/p>\n<p>[\/vc_column_text][\/vc_column][vc_column width=&#8221;1\/6&#8243;][vc_column_text][\/vc_column_text][\/vc_column][\/vc_row][vc_row css=&#8221;.vc_custom_1554969443304{margin-top: 40px !important;}&#8221;][vc_column][vc_row_inner][vc_column_inner width=&#8221;1\/2&#8243;]<div class=\"image-and-button-shortcode\" style=\"background-image: url('https:\/\/www.visitsaimaa.fi\/wp-content\/uploads\/2022\/09\/Varkauden_teatteri_web-12_low-1500x600.jpg')\">\n\t\t<a href=\"https:\/\/varkaudenteatteri.fi\/\" target=\"_blank\" class=\"btn btn-primary\">VARKAUDEN TEATTERI &raquo;<\/a>\n<\/div>\n[\/vc_column_inner][vc_column_inner width=&#8221;1\/2&#8243;]<div class=\"image-and-button-shortcode\" style=\"background-image: url('https:\/\/www.visitsaimaa.fi\/wp-content\/uploads\/2020\/07\/SUMMER-DAY-IN-PUNKAHARJU.jpg')\">\n\t\t<a href=\"https:\/\/savonlinnanteatteri.fi\/\"  class=\"btn btn-primary\">SAVONLINNAN TEATTERI &raquo;<\/a>\n<\/div>\n[\/vc_column_inner][\/vc_row_inner][\/vc_column][\/vc_row][vc_row][vc_column][vc_separator][vc_column_text css=&#8221;&#8221;]<\/p>\n<h2 style=\"text-align: center\">Mit\u00e4p\u00e4, jos j\u00e4isitte y\u00f6ksi tai herkuttelisitte raikkaalla l\u00e4hiruoalla?<\/h2>\n<p>[\/vc_column_text][vc_row_inner css=&#8221;.vc_custom_1718704389012{padding-bottom: 20px !important;}&#8221;][vc_column_inner width=&#8221;1\/2&#8243;]<div class=\"image-and-button-shortcode\" style=\"background-image: url('https:\/\/www.visitsaimaa.fi\/wp-content\/uploads\/2024\/05\/sahanlahti_koskivahti_web-7129-1024x600.jpg')\">\n\t\t<a href=\"https:\/\/www.visitsaimaa.fi\/fi\/herkuttele\/ravintolat-ja-kahvilat\/\" target=\"_blank\" class=\"btn btn-primary\">RAVINTOLAT &raquo;<\/a>\n<\/div>\n[\/vc_column_inner][vc_column_inner width=&#8221;1\/2&#8243;]<div class=\"image-and-button-shortcode\" style=\"background-image: url('https:\/\/www.visitsaimaa.fi\/wp-content\/uploads\/2024\/05\/by_julia_kivela_0v5a2610-1920x600.jpg')\">\n\t\t<a href=\"https:\/\/www.visitsaimaa.fi\/fi\/majoitu\/\" target=\"_blank\" class=\"btn btn-primary\">MAJOITUS &raquo;<\/a>\n<\/div>\n[\/vc_column_inner][\/vc_row_inner][\/vc_column][\/vc_row][vc_row][vc_column][\/vc_column][\/vc_row]<\/p>\n","protected":false},"excerpt":{"rendered":"<p>[vc_row full_width=&#8221;stretch_row_content_no_spaces&#8221;][vc_column][\/vc_column][\/vc_row][vc_row][vc_column width=&#8221;1\/6&#8243;][vc_column_text][\/vc_column_text][\/vc_column][vc_column width=&#8221;2\/3&#8243;][vc_column_text css=&#8221;.vc_custom_1718704449787{padding-top: 40px !important;}&#8221;] Varkauden Teatterissa nautitaan upeista teatteri-el\u00e4myksist\u00e4 tunnelmallisessa ymp\u00e4rist\u00f6ss\u00e4. 110-vuotias ammattiteatteri tarjoilee vuosittain 4-5 omaa ensi-iltaa t\u00e4ydell\u00e4 syd\u00e4mell\u00e4 sek\u00e4 rakkaudesta yleis\u00f6\u00e4 kohtaan. Varkauden Teatterin jokainen [&hellip;]<\/p>\n","protected":false},"author":68,"featured_media":0,"parent":6996,"menu_order":0,"comment_status":"closed","ping_status":"closed","template":"","meta":{"footnotes":""},"relatedcontent":[],"class_list":["post-29300","page","type-page","status-publish","hentry"],"yoast_head":"<!-- This site is optimized with the Yoast SEO Premium plugin v27.3 (Yoast SEO v27.4) - https:\/\/yoast.com\/product\/yoast-seo-premium-wordpress\/ -->\n<title>Teatterit Saimaalla - Visit Saimaa<\/title>\n<meta name=\"description\" content=\"Varkauden Teatterissa nautitaan upeista teatteri-el\u00e4myksist\u00e4 tunnelmallisessa ymp\u00e4rist\u00f6ss\u00e4. 110-vuotias ammattiteatteri tarjoilee vuosittain 4-5 omaa\" \/>\n<meta name=\"robots\" content=\"index, follow, max-snippet:-1, max-image-preview:large, max-video-preview:-1\" \/>\n<link rel=\"canonical\" href=\"https:\/\/www.visitsaimaa.fi\/fi\/nae-ja-koe\/kulttuuria\/teatterit-saimaalla\/\" \/>\n<meta property=\"og:locale\" content=\"fi_FI\" \/>\n<meta property=\"og:type\" content=\"article\" \/>\n<meta property=\"og:title\" content=\"Teatterit Saimaalla\" \/>\n<meta property=\"og:description\" content=\"Varkauden Teatterissa nautitaan upeista teatteri-el\u00e4myksist\u00e4 tunnelmallisessa ymp\u00e4rist\u00f6ss\u00e4. 110-vuotias ammattiteatteri tarjoilee vuosittain 4-5 omaa\" \/>\n<meta property=\"og:url\" content=\"https:\/\/www.visitsaimaa.fi\/fi\/nae-ja-koe\/kulttuuria\/teatterit-saimaalla\/\" \/>\n<meta property=\"og:site_name\" content=\"Visit Saimaa\" \/>\n<meta property=\"article:modified_time\" content=\"2024-06-18T10:01:03+00:00\" \/>\n<meta name=\"twitter:label1\" content=\"Arvioitu lukuaika\" \/>\n\t<meta name=\"twitter:data1\" content=\"1 minuutti\" \/>\n<script type=\"application\/ld+json\" class=\"yoast-schema-graph\">{\"@context\":\"https:\\\/\\\/schema.org\",\"@graph\":[{\"@type\":\"WebPage\",\"@id\":\"https:\\\/\\\/www.visitsaimaa.fi\\\/fi\\\/nae-ja-koe\\\/kulttuuria\\\/teatterit-saimaalla\\\/\",\"url\":\"https:\\\/\\\/www.visitsaimaa.fi\\\/fi\\\/nae-ja-koe\\\/kulttuuria\\\/teatterit-saimaalla\\\/\",\"name\":\"Teatterit Saimaalla - Visit Saimaa\",\"isPartOf\":{\"@id\":\"https:\\\/\\\/www.visitsaimaa.fi\\\/fi\\\/#website\"},\"datePublished\":\"2023-09-27T19:15:38+00:00\",\"dateModified\":\"2024-06-18T10:01:03+00:00\",\"description\":\"Varkauden Teatterissa nautitaan upeista teatteri-el\u00e4myksist\u00e4 tunnelmallisessa ymp\u00e4rist\u00f6ss\u00e4. 110-vuotias ammattiteatteri tarjoilee vuosittain 4-5 omaa\",\"breadcrumb\":{\"@id\":\"https:\\\/\\\/www.visitsaimaa.fi\\\/fi\\\/nae-ja-koe\\\/kulttuuria\\\/teatterit-saimaalla\\\/#breadcrumb\"},\"inLanguage\":\"fi\",\"potentialAction\":[{\"@type\":\"ReadAction\",\"target\":[\"https:\\\/\\\/www.visitsaimaa.fi\\\/fi\\\/nae-ja-koe\\\/kulttuuria\\\/teatterit-saimaalla\\\/\"]}]},{\"@type\":\"BreadcrumbList\",\"@id\":\"https:\\\/\\\/www.visitsaimaa.fi\\\/fi\\\/nae-ja-koe\\\/kulttuuria\\\/teatterit-saimaalla\\\/#breadcrumb\",\"itemListElement\":[{\"@type\":\"ListItem\",\"position\":1,\"name\":\"Visit Saimaa\",\"item\":\"https:\\\/\\\/www.visitsaimaa.fi\\\/fi\\\/\"},{\"@type\":\"ListItem\",\"position\":2,\"name\":\"N\u00e4e ja koe\",\"item\":\"https:\\\/\\\/www.visitsaimaa.fi\\\/fi\\\/nae-ja-koe\\\/\"},{\"@type\":\"ListItem\",\"position\":3,\"name\":\"Kulttuuria\",\"item\":\"https:\\\/\\\/www.visitsaimaa.fi\\\/fi\\\/nae-ja-koe\\\/kulttuuria\\\/\"},{\"@type\":\"ListItem\",\"position\":4,\"name\":\"Teatterit Saimaalla\"}]},{\"@type\":\"WebSite\",\"@id\":\"https:\\\/\\\/www.visitsaimaa.fi\\\/fi\\\/#website\",\"url\":\"https:\\\/\\\/www.visitsaimaa.fi\\\/fi\\\/\",\"name\":\"Visit Saimaa\",\"description\":\"The Official Travel Guide of Lakeland Saimaa\",\"potentialAction\":[{\"@type\":\"SearchAction\",\"target\":{\"@type\":\"EntryPoint\",\"urlTemplate\":\"https:\\\/\\\/www.visitsaimaa.fi\\\/fi\\\/?s={search_term_string}\"},\"query-input\":{\"@type\":\"PropertyValueSpecification\",\"valueRequired\":true,\"valueName\":\"search_term_string\"}}],\"inLanguage\":\"fi\"}]}<\/script>\n<!-- \/ Yoast SEO Premium plugin. -->","yoast_head_json":{"title":"Teatterit Saimaalla - Visit Saimaa","description":"Varkauden Teatterissa nautitaan upeista teatteri-el\u00e4myksist\u00e4 tunnelmallisessa ymp\u00e4rist\u00f6ss\u00e4. 110-vuotias ammattiteatteri tarjoilee vuosittain 4-5 omaa","robots":{"index":"index","follow":"follow","max-snippet":"max-snippet:-1","max-image-preview":"max-image-preview:large","max-video-preview":"max-video-preview:-1"},"canonical":"https:\/\/www.visitsaimaa.fi\/fi\/nae-ja-koe\/kulttuuria\/teatterit-saimaalla\/","og_locale":"fi_FI","og_type":"article","og_title":"Teatterit Saimaalla","og_description":"Varkauden Teatterissa nautitaan upeista teatteri-el\u00e4myksist\u00e4 tunnelmallisessa ymp\u00e4rist\u00f6ss\u00e4. 110-vuotias ammattiteatteri tarjoilee vuosittain 4-5 omaa","og_url":"https:\/\/www.visitsaimaa.fi\/fi\/nae-ja-koe\/kulttuuria\/teatterit-saimaalla\/","og_site_name":"Visit Saimaa","article_modified_time":"2024-06-18T10:01:03+00:00","twitter_misc":{"Arvioitu lukuaika":"1 minuutti"},"schema":{"@context":"https:\/\/schema.org","@graph":[{"@type":"WebPage","@id":"https:\/\/www.visitsaimaa.fi\/fi\/nae-ja-koe\/kulttuuria\/teatterit-saimaalla\/","url":"https:\/\/www.visitsaimaa.fi\/fi\/nae-ja-koe\/kulttuuria\/teatterit-saimaalla\/","name":"Teatterit Saimaalla - Visit Saimaa","isPartOf":{"@id":"https:\/\/www.visitsaimaa.fi\/fi\/#website"},"datePublished":"2023-09-27T19:15:38+00:00","dateModified":"2024-06-18T10:01:03+00:00","description":"Varkauden Teatterissa nautitaan upeista teatteri-el\u00e4myksist\u00e4 tunnelmallisessa ymp\u00e4rist\u00f6ss\u00e4. 110-vuotias ammattiteatteri tarjoilee vuosittain 4-5 omaa","breadcrumb":{"@id":"https:\/\/www.visitsaimaa.fi\/fi\/nae-ja-koe\/kulttuuria\/teatterit-saimaalla\/#breadcrumb"},"inLanguage":"fi","potentialAction":[{"@type":"ReadAction","target":["https:\/\/www.visitsaimaa.fi\/fi\/nae-ja-koe\/kulttuuria\/teatterit-saimaalla\/"]}]},{"@type":"BreadcrumbList","@id":"https:\/\/www.visitsaimaa.fi\/fi\/nae-ja-koe\/kulttuuria\/teatterit-saimaalla\/#breadcrumb","itemListElement":[{"@type":"ListItem","position":1,"name":"Visit Saimaa","item":"https:\/\/www.visitsaimaa.fi\/fi\/"},{"@type":"ListItem","position":2,"name":"N\u00e4e ja koe","item":"https:\/\/www.visitsaimaa.fi\/fi\/nae-ja-koe\/"},{"@type":"ListItem","position":3,"name":"Kulttuuria","item":"https:\/\/www.visitsaimaa.fi\/fi\/nae-ja-koe\/kulttuuria\/"},{"@type":"ListItem","position":4,"name":"Teatterit Saimaalla"}]},{"@type":"WebSite","@id":"https:\/\/www.visitsaimaa.fi\/fi\/#website","url":"https:\/\/www.visitsaimaa.fi\/fi\/","name":"Visit Saimaa","description":"The Official Travel Guide of Lakeland Saimaa","potentialAction":[{"@type":"SearchAction","target":{"@type":"EntryPoint","urlTemplate":"https:\/\/www.visitsaimaa.fi\/fi\/?s={search_term_string}"},"query-input":{"@type":"PropertyValueSpecification","valueRequired":true,"valueName":"search_term_string"}}],"inLanguage":"fi"}]}},"_links":{"self":[{"href":"https:\/\/www.visitsaimaa.fi\/fi\/wp-json\/wp\/v2\/pages\/29300","targetHints":{"allow":["GET"]}}],"collection":[{"href":"https:\/\/www.visitsaimaa.fi\/fi\/wp-json\/wp\/v2\/pages"}],"about":[{"href":"https:\/\/www.visitsaimaa.fi\/fi\/wp-json\/wp\/v2\/types\/page"}],"author":[{"embeddable":true,"href":"https:\/\/www.visitsaimaa.fi\/fi\/wp-json\/wp\/v2\/users\/68"}],"replies":[{"embeddable":true,"href":"https:\/\/www.visitsaimaa.fi\/fi\/wp-json\/wp\/v2\/comments?post=29300"}],"version-history":[{"count":7,"href":"https:\/\/www.visitsaimaa.fi\/fi\/wp-json\/wp\/v2\/pages\/29300\/revisions"}],"predecessor-version":[{"id":30629,"href":"https:\/\/www.visitsaimaa.fi\/fi\/wp-json\/wp\/v2\/pages\/29300\/revisions\/30629"}],"up":[{"embeddable":true,"href":"https:\/\/www.visitsaimaa.fi\/fi\/wp-json\/wp\/v2\/pages\/6996"}],"wp:attachment":[{"href":"https:\/\/www.visitsaimaa.fi\/fi\/wp-json\/wp\/v2\/media?parent=29300"}],"wp:term":[{"taxonomy":"relatedcontent","embeddable":true,"href":"https:\/\/www.visitsaimaa.fi\/fi\/wp-json\/wp\/v2\/relatedcontent?post=29300"}],"curies":[{"name":"wp","href":"https:\/\/api.w.org\/{rel}","templated":true}]}}