{"id":29017,"date":"2023-09-07T18:56:03","date_gmt":"2023-09-07T15:56:03","guid":{"rendered":"https:\/\/www.visitsaimaa.fi\/?page_id=29017"},"modified":"2023-09-07T21:03:56","modified_gmt":"2023-09-07T18:03:56","slug":"makumatka-saimaalla-reseptit","status":"publish","type":"page","link":"https:\/\/www.visitsaimaa.fi\/fi\/herkuttele\/makumatka-saimaalla-reseptit\/","title":{"rendered":"Makumatka Saimaalla -reseptit"},"content":{"rendered":"<p>[vc_section full_width=&#8221;stretch_row_content&#8221; full_height=&#8221;yes&#8221; content_placement=&#8221;bottom&#8221; parallax=&#8221;content-moving-fade&#8221; css=&#8221;.vc_custom_1624945299362{padding-top: 0px !important;background-image: url(https:\/\/www.visitsaimaa.fi\/wp-content\/uploads\/2021\/06\/sami_kurosen_makumatka_saimaalla_kausi_1_jakso_4_sahanlahti_samikuronen_002_kuvaaja_vilmanorokorpi_rajattu_low-scaled.jpg?id=21861) !important;}&#8221;][vc_row content_placement=&#8221;bottom&#8221; css=&#8221;.vc_custom_1624945406993{padding-top: 180px !important;padding-bottom: 180px !important;}&#8221;][vc_column][vc_single_image image=&#8221;21169&#8243; img_size=&#8221;large&#8221; alignment=&#8221;center&#8221; css_animation=&#8221;fadeInLeftBig&#8221;][\/vc_column][\/vc_row][\/vc_section][vc_row full_width=&#8221;stretch_row_content_no_spaces&#8221; css=&#8221;.vc_custom_1624945475271{background-color: #27348b !important;}&#8221;][vc_column][vc_column_text]<\/p>\n<h1 style=\"text-align: center\"><span style=\"color: #ffffff\">L\u00e4hde Sami Kurosen makumatkalle Saimaalle<\/span><\/h1>\n<h2 style=\"text-align: center\"><span style=\"color: #ffffff\">Katso Ruudussa<\/span><\/h2>\n<p>[\/vc_column_text][vc_column_text]<\/p>\n<p style=\"text-align: center\"><strong><span style=\"color: #ffffff\">Mik\u00e4li my\u00f6s sin\u00e4 haluat l\u00e4hte\u00e4 Saimaalle ja kokea samoja el\u00e4myksi\u00e4 kuin Sami, niin t\u00e4ss\u00e4 valmiiksi mietitty kiertomatkan. Voit k\u00e4yd\u00e4 vaikka osassa reittikohteista tai nauttia koko kierroksen.<\/span><\/strong><\/p>\n<p>[\/vc_column_text][vc_btn title=&#8221;Sami Kurosen makumatka -reitti&#8221; color=&#8221;primary&#8221; size=&#8221;lg&#8221; align=&#8221;center&#8221; css_animation=&#8221;fadeInDownBig&#8221; link=&#8221;url:https%3A%2F%2Fwww.visitsaimaa.fi%2Ffi%2Freitit%2Fsami-kurosen-makumatka-saimaalla-reitti%2F|title:Sami%20Kurosen%20makumatka%20-reitti&#8221;][vc_empty_space height=&#8221;50&#8243;][\/vc_column][\/vc_row][vc_row full_width=&#8221;stretch_row_content_no_spaces&#8221;][vc_column width=&#8221;1\/4&#8243;][\/vc_column][vc_column width=&#8221;1\/2&#8243;][vc_column_text]<\/p>\n<h2 style=\"text-align: center\">Luvassa Samin makumatkalla<\/h2>\n<p style=\"text-align: center\"><strong>Sami Kuronen vie meid\u00e4t makumatkallaan Saimaan kauniisiin j\u00e4rvimaisemiin ja upeisiin matkailukohteisiin. P\u00e4\u00e4kokkien opastuksella Sami valmistaa jaksoissa l\u00e4hiruokaherkkuja, joista nautitaan illallisella yhdess\u00e4 paikallisten yritt\u00e4jien kanssa.<\/strong><\/p>\n<p>[\/vc_column_text][\/vc_column][vc_column width=&#8221;1\/4&#8243;][\/vc_column][\/vc_row][vc_row][vc_column width=&#8221;1\/2&#8243;][vc_column_text]<\/p>\n<h3 style=\"text-align: center\">Jakso 1:<br \/>\nJ\u00e4nn\u00e4 j\u00e4rvikala<\/h3>\n<p>[\/vc_column_text][vc_single_image image=&#8221;21868&#8243; img_size=&#8221;full&#8221;][vc_column_text]<em><strong>Sami Kuronen<\/strong><\/em> matkaa Mikkeliin, tutustuu kotimaisen viinintuotantoon Ollinm\u00e4en viinitilalla ja kokeilee kalaonnea Saimaalla paikallisen kalaoppaan, <em><strong>Mika K\u00e4rkk\u00e4isen<\/strong><\/em>, ohjauksessa. Haukisaaliista Sami valmistaa Chef of D.O. Saimaa <em><strong>Ilkka Arvolan<\/strong><\/em> kanssa herkullisen illallisen, jota nautitaan kotimaisen marjaviinin kera Halla Nature &amp; Design Villassa Anttolan upeissa maisemissa.[\/vc_column_text][vc_btn title=&#8221;Jakso 1 &#8211; J\u00e4nn\u00e4 j\u00e4rvikala&#8221; shape=&#8221;square&#8221; color=&#8221;black&#8221; size=&#8221;lg&#8221; align=&#8221;center&#8221; link=&#8221;url:https%3A%2F%2Fwww.visitsaimaa.fi%2Ffi%2Fjanna-jarvikala%2F&#8221;][\/vc_column][vc_column width=&#8221;1\/2&#8243;][vc_column_text]<\/p>\n<h3 style=\"text-align: center\">Jakso 2:<br \/>\nVillit yrtit ja sienet<\/h3>\n<p>[\/vc_column_text][vc_single_image image=&#8221;21876&#8243; img_size=&#8221;full&#8221;][vc_column_text]Savonlinnassa <em><strong>Sami Kuronen<\/strong><\/em> vierailee tunnelmallisessa Kahvila-Ravintola &amp; Hotelli Saimassa ja tutustuu aitoihin historiallisiin luksusluokan h\u00f6yrylaivoihin. Hotelli Punkaharjussa villiinnyt\u00e4\u00e4n nauttimaan luonnon oman vihannesmarketin antimia. Villiruokavision\u00e4\u00e4ri <em><strong>Sami Tallbergin<\/strong><\/em> valmistamaa illallista nautitaan hotellin em\u00e4nn\u00e4n <em><strong>Saimi Hoyerin<\/strong><\/em> yst\u00e4vien seurassa.[\/vc_column_text][vc_btn title=&#8221;Jakso 2 &#8211; Villit yrtit ja sienet&#8221; shape=&#8221;square&#8221; color=&#8221;black&#8221; size=&#8221;lg&#8221; align=&#8221;center&#8221; link=&#8221;url:https%3A%2F%2Fwww.visitsaimaa.fi%2Ffi%2Fvillit-yrtit-ja-sienet%2F|title:Villit%20yrtit%20ja%20sienet&#8221;][\/vc_column][\/vc_row][vc_row][vc_column][vc_zigzag color=&#8221;blue&#8221;][\/vc_column][\/vc_row][vc_row][vc_column width=&#8221;1\/2&#8243;][vc_column_text]<\/p>\n<h3 style=\"text-align: center\">Jakso 3:<br \/>\nLempe\u00e4 lammas<\/h3>\n<p>[\/vc_column_text][vc_single_image image=&#8221;21880&#8243; img_size=&#8221;full&#8221;][vc_column_text]Makumatka Saimaalla jatkuu <em><strong>Sami Kurosen<\/strong><\/em> seurassa Linnansaaren kansallispuiston vesilt\u00e4 Oraviin ja Rantasalmen kauniisiin maalaismaisemiin. Sami grillaa Chef of D.O. Saimaa <em><strong>Ilkka Arvolan<\/strong><\/em> kanssa Putkisalon kartanon eettisesti kasvatetusta karitsanlihasta ja sesongin vihanneksista jotain hyv\u00e4\u00e4 ja herkullista. Illallisella kohdataan ja hiljennyt\u00e4\u00e4n el\u00e4m\u00e4n edess\u00e4.[\/vc_column_text][vc_btn title=&#8221;Jakso 3 &#8211; Lempe\u00e4 lammas&#8221; shape=&#8221;square&#8221; color=&#8221;black&#8221; size=&#8221;lg&#8221; align=&#8221;center&#8221; link=&#8221;url:https%3A%2F%2Fwww.visitsaimaa.fi%2Ffi%2Flempea-lammas%2F&#8221;][\/vc_column][vc_column width=&#8221;1\/2&#8243;][vc_column_text]<\/p>\n<h3 style=\"text-align: center\">Jakso 4:<br \/>\nHurmaava hanhi<\/h3>\n<p>[\/vc_column_text][vc_single_image image=&#8221;21884&#8243; img_size=&#8221;full&#8221;][vc_column_text]Mikkelin Kenk\u00e4verosta <em><strong>Sami Kurosen<\/strong><\/em> makumatka starttaa kohti Hauhalan hanhifarmia ja Sahanlahti Resortia Puumalassa. Sami loihtii veljens\u00e4 <em><strong>Pasin<\/strong><\/em> kanssa hanhesta hurmaavia annoksia kotimaisin yrtein h\u00f6ystettyn\u00e4. Illallista nautitaan Saimaan upeimpien j\u00e4rvimaisemien \u00e4\u00e4rell\u00e4 paikallisten yritt\u00e4jien seurassa.[\/vc_column_text][vc_btn title=&#8221;Jakso 4 &#8211; Hurmaava hanhi&#8221; shape=&#8221;square&#8221; color=&#8221;black&#8221; size=&#8221;lg&#8221; align=&#8221;center&#8221; link=&#8221;url:https%3A%2F%2Fwww.visitsaimaa.fi%2Ffi%2Fhurmaava-hanhi%2F&#8221;][\/vc_column][\/vc_row][vc_row][vc_column][vc_zigzag color=&#8221;blue&#8221;][\/vc_column][\/vc_row][vc_row][vc_column width=&#8221;1\/2&#8243;][vc_column_text]<\/p>\n<h3 style=\"text-align: center\">Jakso 5:<br \/>\nPuutarhan satoa<\/h3>\n<p>[\/vc_column_text][vc_single_image image=&#8221;21917&#8243; img_size=&#8221;full&#8221;][vc_column_text]<em><strong>Sami Kurosen<\/strong><\/em> p\u00e4iv\u00e4 k\u00e4ynnistyy runsaalla aamiaisella idyllisess\u00e4 Lomamokkilassa Savonlinnassa. Mikkeliss\u00e4 Samia odottaa sukellus vanhan p\u00e4\u00e4majakaupungin historiaan sek\u00e4 kartano- ja ruokakulttuuriin. Tertin kartanossa nautitaan perinteisi\u00e4 savolaisia makuja kartanon maiden antimista ja kuullaan kiehtovia juttuja menneest\u00e4 ajasta.[\/vc_column_text][vc_btn title=&#8221;Jakso 5 &#8211; Puutarhan satoa&#8221; shape=&#8221;square&#8221; color=&#8221;black&#8221; size=&#8221;lg&#8221; align=&#8221;center&#8221; link=&#8221;url:https%3A%2F%2Fwww.visitsaimaa.fi%2Ffi%2Fpuutarhan-satoa%2F&#8221;][\/vc_column][vc_column width=&#8221;1\/2&#8243;][vc_column_text]<\/p>\n<h3 style=\"text-align: center\">Jakso 6:<br \/>\nMahtava muikku<\/h3>\n<p>[\/vc_column_text][vc_single_image image=&#8221;21892&#8243; img_size=&#8221;full&#8221;][vc_column_text]Makumatkan viimeinen p\u00e4iv\u00e4 alkaa Puumalan kes\u00e4paratiisista, jossa <em><strong>Sami Kuronen<\/strong><\/em> l\u00e4htee Kalakontin yritt\u00e4jien matkassa muikkua troolaamaan. Sami kokkaa Chef of D.O. Saimaa <em><strong>Ilkka Arvolan<\/strong><\/em> kanssa muikusta avotulella herkkuillallisen Kallioniemess\u00e4 Ristiinassa. P\u00e4iv\u00e4 p\u00e4\u00e4ttyy huikeisiin maisemiin Astuvansalmen kalliomaalauksilla.[\/vc_column_text][vc_btn title=&#8221;Jakso 6 &#8211; Mahtava muikku&#8221; shape=&#8221;square&#8221; color=&#8221;black&#8221; size=&#8221;lg&#8221; align=&#8221;center&#8221; link=&#8221;url:https%3A%2F%2Fwww.visitsaimaa.fi%2Ffi%2Fmahtava-muikku%2F&#8221;][\/vc_column][\/vc_row]<\/p>\n","protected":false},"excerpt":{"rendered":"<p>[vc_section full_width=&#8221;stretch_row_content&#8221; full_height=&#8221;yes&#8221; content_placement=&#8221;bottom&#8221; parallax=&#8221;content-moving-fade&#8221; css=&#8221;.vc_custom_1624945299362{padding-top: 0px !important;background-image: url(https:\/\/www.visitsaimaa.fi\/wp-content\/uploads\/2021\/06\/sami_kurosen_makumatka_saimaalla_kausi_1_jakso_4_sahanlahti_samikuronen_002_kuvaaja_vilmanorokorpi_rajattu_low-scaled.jpg?id=21861) !important;}&#8221;][vc_row content_placement=&#8221;bottom&#8221; css=&#8221;.vc_custom_1624945406993{padding-top: 180px !important;padding-bottom: 180px !important;}&#8221;][vc_column][vc_single_image image=&#8221;21169&#8243; img_size=&#8221;large&#8221; alignment=&#8221;center&#8221; css_animation=&#8221;fadeInLeftBig&#8221;][\/vc_column][\/vc_row][\/vc_section][vc_row full_width=&#8221;stretch_row_content_no_spaces&#8221; css=&#8221;.vc_custom_1624945475271{background-color: #27348b !important;}&#8221;][vc_column][vc_column_text] L\u00e4hde Sami Kurosen makumatkalle Saimaalle Katso [&hellip;]<\/p>\n","protected":false},"author":68,"featured_media":0,"parent":20543,"menu_order":0,"comment_status":"closed","ping_status":"closed","template":"","meta":{"footnotes":""},"relatedcontent":[],"class_list":["post-29017","page","type-page","status-publish","hentry"],"yoast_head":"<!-- This site is optimized with the Yoast SEO Premium plugin v27.3 (Yoast SEO v27.5) - https:\/\/yoast.com\/product\/yoast-seo-premium-wordpress\/ -->\n<title>Makumatka Saimaalla -reseptit - Visit Saimaa<\/title>\n<meta name=\"description\" content=\"L\u00e4hde Sami Kurosen makumatkalle Saimaalle Katso Ruudussa Mik\u00e4li my\u00f6s sin\u00e4 haluat l\u00e4hte\u00e4 Saimaalle ja kokea samoja el\u00e4myksi\u00e4 kuin Sami, niin t\u00e4ss\u00e4\" \/>\n<meta name=\"robots\" content=\"index, follow, max-snippet:-1, max-image-preview:large, max-video-preview:-1\" \/>\n<link rel=\"canonical\" href=\"https:\/\/www.visitsaimaa.fi\/fi\/herkuttele\/makumatka-saimaalla-reseptit\/\" \/>\n<meta property=\"og:locale\" content=\"fi_FI\" \/>\n<meta property=\"og:type\" content=\"article\" \/>\n<meta property=\"og:title\" content=\"Makumatka Saimaalla -reseptit\" \/>\n<meta property=\"og:description\" content=\"L\u00e4hde Sami Kurosen makumatkalle Saimaalle Katso Ruudussa Mik\u00e4li my\u00f6s sin\u00e4 haluat l\u00e4hte\u00e4 Saimaalle ja kokea samoja el\u00e4myksi\u00e4 kuin Sami, niin t\u00e4ss\u00e4\" \/>\n<meta property=\"og:url\" content=\"https:\/\/www.visitsaimaa.fi\/fi\/herkuttele\/makumatka-saimaalla-reseptit\/\" \/>\n<meta property=\"og:site_name\" content=\"Visit Saimaa\" \/>\n<meta property=\"article:modified_time\" content=\"2023-09-07T18:03:56+00:00\" \/>\n<meta name=\"twitter:label1\" content=\"Arvioitu lukuaika\" \/>\n\t<meta name=\"twitter:data1\" content=\"3 minuuttia\" \/>\n<script type=\"application\/ld+json\" class=\"yoast-schema-graph\">{\"@context\":\"https:\\\/\\\/schema.org\",\"@graph\":[{\"@type\":\"WebPage\",\"@id\":\"https:\\\/\\\/www.visitsaimaa.fi\\\/fi\\\/herkuttele\\\/makumatka-saimaalla-reseptit\\\/\",\"url\":\"https:\\\/\\\/www.visitsaimaa.fi\\\/fi\\\/herkuttele\\\/makumatka-saimaalla-reseptit\\\/\",\"name\":\"Makumatka Saimaalla -reseptit - Visit Saimaa\",\"isPartOf\":{\"@id\":\"https:\\\/\\\/www.visitsaimaa.fi\\\/fi\\\/#website\"},\"datePublished\":\"2023-09-07T15:56:03+00:00\",\"dateModified\":\"2023-09-07T18:03:56+00:00\",\"description\":\"L\u00e4hde Sami Kurosen makumatkalle Saimaalle Katso Ruudussa Mik\u00e4li my\u00f6s sin\u00e4 haluat l\u00e4hte\u00e4 Saimaalle ja kokea samoja el\u00e4myksi\u00e4 kuin Sami, niin t\u00e4ss\u00e4\",\"breadcrumb\":{\"@id\":\"https:\\\/\\\/www.visitsaimaa.fi\\\/fi\\\/herkuttele\\\/makumatka-saimaalla-reseptit\\\/#breadcrumb\"},\"inLanguage\":\"fi\",\"potentialAction\":[{\"@type\":\"ReadAction\",\"target\":[\"https:\\\/\\\/www.visitsaimaa.fi\\\/fi\\\/herkuttele\\\/makumatka-saimaalla-reseptit\\\/\"]}]},{\"@type\":\"BreadcrumbList\",\"@id\":\"https:\\\/\\\/www.visitsaimaa.fi\\\/fi\\\/herkuttele\\\/makumatka-saimaalla-reseptit\\\/#breadcrumb\",\"itemListElement\":[{\"@type\":\"ListItem\",\"position\":1,\"name\":\"Visit Saimaa\",\"item\":\"https:\\\/\\\/www.visitsaimaa.fi\\\/fi\\\/\"},{\"@type\":\"ListItem\",\"position\":2,\"name\":\"Herkuttele\",\"item\":\"https:\\\/\\\/www.visitsaimaa.fi\\\/fi\\\/herkuttele\\\/\"},{\"@type\":\"ListItem\",\"position\":3,\"name\":\"Makumatka Saimaalla -reseptit\"}]},{\"@type\":\"WebSite\",\"@id\":\"https:\\\/\\\/www.visitsaimaa.fi\\\/fi\\\/#website\",\"url\":\"https:\\\/\\\/www.visitsaimaa.fi\\\/fi\\\/\",\"name\":\"Visit Saimaa\",\"description\":\"The Official Travel Guide of Lakeland Saimaa\",\"potentialAction\":[{\"@type\":\"SearchAction\",\"target\":{\"@type\":\"EntryPoint\",\"urlTemplate\":\"https:\\\/\\\/www.visitsaimaa.fi\\\/fi\\\/?s={search_term_string}\"},\"query-input\":{\"@type\":\"PropertyValueSpecification\",\"valueRequired\":true,\"valueName\":\"search_term_string\"}}],\"inLanguage\":\"fi\"}]}<\/script>\n<!-- \/ Yoast SEO Premium plugin. -->","yoast_head_json":{"title":"Makumatka Saimaalla -reseptit - Visit Saimaa","description":"L\u00e4hde Sami Kurosen makumatkalle Saimaalle Katso Ruudussa Mik\u00e4li my\u00f6s sin\u00e4 haluat l\u00e4hte\u00e4 Saimaalle ja kokea samoja el\u00e4myksi\u00e4 kuin Sami, niin t\u00e4ss\u00e4","robots":{"index":"index","follow":"follow","max-snippet":"max-snippet:-1","max-image-preview":"max-image-preview:large","max-video-preview":"max-video-preview:-1"},"canonical":"https:\/\/www.visitsaimaa.fi\/fi\/herkuttele\/makumatka-saimaalla-reseptit\/","og_locale":"fi_FI","og_type":"article","og_title":"Makumatka Saimaalla -reseptit","og_description":"L\u00e4hde Sami Kurosen makumatkalle Saimaalle Katso Ruudussa Mik\u00e4li my\u00f6s sin\u00e4 haluat l\u00e4hte\u00e4 Saimaalle ja kokea samoja el\u00e4myksi\u00e4 kuin Sami, niin t\u00e4ss\u00e4","og_url":"https:\/\/www.visitsaimaa.fi\/fi\/herkuttele\/makumatka-saimaalla-reseptit\/","og_site_name":"Visit Saimaa","article_modified_time":"2023-09-07T18:03:56+00:00","twitter_misc":{"Arvioitu lukuaika":"3 minuuttia"},"schema":{"@context":"https:\/\/schema.org","@graph":[{"@type":"WebPage","@id":"https:\/\/www.visitsaimaa.fi\/fi\/herkuttele\/makumatka-saimaalla-reseptit\/","url":"https:\/\/www.visitsaimaa.fi\/fi\/herkuttele\/makumatka-saimaalla-reseptit\/","name":"Makumatka Saimaalla -reseptit - Visit Saimaa","isPartOf":{"@id":"https:\/\/www.visitsaimaa.fi\/fi\/#website"},"datePublished":"2023-09-07T15:56:03+00:00","dateModified":"2023-09-07T18:03:56+00:00","description":"L\u00e4hde Sami Kurosen makumatkalle Saimaalle Katso Ruudussa Mik\u00e4li my\u00f6s sin\u00e4 haluat l\u00e4hte\u00e4 Saimaalle ja kokea samoja el\u00e4myksi\u00e4 kuin Sami, niin t\u00e4ss\u00e4","breadcrumb":{"@id":"https:\/\/www.visitsaimaa.fi\/fi\/herkuttele\/makumatka-saimaalla-reseptit\/#breadcrumb"},"inLanguage":"fi","potentialAction":[{"@type":"ReadAction","target":["https:\/\/www.visitsaimaa.fi\/fi\/herkuttele\/makumatka-saimaalla-reseptit\/"]}]},{"@type":"BreadcrumbList","@id":"https:\/\/www.visitsaimaa.fi\/fi\/herkuttele\/makumatka-saimaalla-reseptit\/#breadcrumb","itemListElement":[{"@type":"ListItem","position":1,"name":"Visit Saimaa","item":"https:\/\/www.visitsaimaa.fi\/fi\/"},{"@type":"ListItem","position":2,"name":"Herkuttele","item":"https:\/\/www.visitsaimaa.fi\/fi\/herkuttele\/"},{"@type":"ListItem","position":3,"name":"Makumatka Saimaalla -reseptit"}]},{"@type":"WebSite","@id":"https:\/\/www.visitsaimaa.fi\/fi\/#website","url":"https:\/\/www.visitsaimaa.fi\/fi\/","name":"Visit Saimaa","description":"The Official Travel Guide of Lakeland Saimaa","potentialAction":[{"@type":"SearchAction","target":{"@type":"EntryPoint","urlTemplate":"https:\/\/www.visitsaimaa.fi\/fi\/?s={search_term_string}"},"query-input":{"@type":"PropertyValueSpecification","valueRequired":true,"valueName":"search_term_string"}}],"inLanguage":"fi"}]}},"_links":{"self":[{"href":"https:\/\/www.visitsaimaa.fi\/fi\/wp-json\/wp\/v2\/pages\/29017","targetHints":{"allow":["GET"]}}],"collection":[{"href":"https:\/\/www.visitsaimaa.fi\/fi\/wp-json\/wp\/v2\/pages"}],"about":[{"href":"https:\/\/www.visitsaimaa.fi\/fi\/wp-json\/wp\/v2\/types\/page"}],"author":[{"embeddable":true,"href":"https:\/\/www.visitsaimaa.fi\/fi\/wp-json\/wp\/v2\/users\/68"}],"replies":[{"embeddable":true,"href":"https:\/\/www.visitsaimaa.fi\/fi\/wp-json\/wp\/v2\/comments?post=29017"}],"version-history":[{"count":3,"href":"https:\/\/www.visitsaimaa.fi\/fi\/wp-json\/wp\/v2\/pages\/29017\/revisions"}],"predecessor-version":[{"id":29198,"href":"https:\/\/www.visitsaimaa.fi\/fi\/wp-json\/wp\/v2\/pages\/29017\/revisions\/29198"}],"up":[{"embeddable":true,"href":"https:\/\/www.visitsaimaa.fi\/fi\/wp-json\/wp\/v2\/pages\/20543"}],"wp:attachment":[{"href":"https:\/\/www.visitsaimaa.fi\/fi\/wp-json\/wp\/v2\/media?parent=29017"}],"wp:term":[{"taxonomy":"relatedcontent","embeddable":true,"href":"https:\/\/www.visitsaimaa.fi\/fi\/wp-json\/wp\/v2\/relatedcontent?post=29017"}],"curies":[{"name":"wp","href":"https:\/\/api.w.org\/{rel}","templated":true}]}}