{"id":28355,"date":"2023-05-18T15:50:46","date_gmt":"2023-05-18T12:50:46","guid":{"rendered":"https:\/\/www.visitsaimaa.fi\/?page_id=28355"},"modified":"2024-05-22T09:40:51","modified_gmt":"2024-05-22T06:40:51","slug":"valinevuokraus","status":"publish","type":"page","link":"https:\/\/www.visitsaimaa.fi\/fi\/nae-ja-koe\/aktiviteetit\/valinevuokraus\/","title":{"rendered":"V\u00e4linevuokraus"},"content":{"rendered":"<p>[vc_row full_width=&#8221;stretch_row_content_no_spaces&#8221; parallax=&#8221;content-moving-fade&#8221; parallax_image=&#8221;20935&#8243;][vc_column][vc_column_text]<\/p>\n<h2 class=\"montserrat\" style=\"text-align: center\"><\/h2>\n<p>&nbsp;<\/p>\n<p>&nbsp;<\/p>\n<p>&nbsp;<\/p>\n<p>&nbsp;<\/p>\n<p>&nbsp;<\/p>\n<p>&nbsp;<\/p>\n<p>&nbsp;<\/p>\n<p>&nbsp;<\/p>\n<h2 class=\"montserrat\" style=\"text-align: center\"><span style=\"color: #ffffff\"><strong><span style=\"font-size: 5rem;letter-spacing: 0.3em\">V\u00c4LINEVUOKRAUS<\/span><\/strong><\/span><\/h2>\n<p>&nbsp;<\/p>\n<p>&nbsp;<\/p>\n<p>&nbsp;<\/p>\n<p>[\/vc_column_text][\/vc_column][\/vc_row][vc_row][vc_column][vc_empty_space][\/vc_column][\/vc_row][vc_row][vc_column width=&#8221;1\/4&#8243;][\/vc_column][vc_column width=&#8221;1\/2&#8243;][vc_column_text]<\/p>\n<h1 style=\"text-align: center\">V\u00e4linevuokraus<\/h1>\n<p class=\"lead\" style=\"text-align: center\">Voit vuokrata v\u00e4lineet Saimaalla, joten sinun ei ole v\u00e4ltt\u00e4m\u00e4t\u00f6nt\u00e4 tuoda niit\u00e4 mukanasi. Tarjolla on kaikkea mit\u00e4 vain voit tarvita, polkupy\u00f6rist\u00e4 soutuveneisiin ja kalastusv\u00e4lineist\u00e4 k\u00e4velysauvoihin.<\/p>\n<p>[\/vc_column_text][\/vc_column][vc_column width=&#8221;1\/4&#8243;][\/vc_column][\/vc_row][vc_row][vc_column][vc_empty_space][vc_empty_space][vc_column_text]<\/p>\n<h2 style=\"text-align: center\">V\u00e4linevuokraamot Saimaalla<\/h2>\n<p>[\/vc_column_text][vc_row_inner][vc_column_inner width=&#8221;1\/2&#8243;][vc_single_image image=&#8221;28929&#8243; img_size=&#8221;full&#8221;][vc_column_text]<\/p>\n<h3>Uhkua Oy<\/h3>\n<p>J\u00e4rjest\u00e4mme kest\u00e4v\u00e4ll\u00e4 tavalla toteutettuja luontokokemuksia Luoteis-Saimaalla Y\u00f6veden ja Louhiveden ymp\u00e4rist\u00f6ss\u00e4. Omatoimista tai ohjattua melontaa, kalastusta ja retkeily\u00e4 sek\u00e4 luontoruokailuja ja tapahtumia luonnossa. Vuokrattavana avokanootteja, soutuvene, telttasauna, riippumattoja, lumikenki\u00e4 ja muita retkeilyv\u00e4lineit\u00e4.[\/vc_column_text][vc_btn title=&#8221;Uhkua Oy&#8221; style=&#8221;flat&#8221; shape=&#8221;square&#8221; color=&#8221;black&#8221; link=&#8221;url:https%3A%2F%2Fuhkua.fi%2Fpalvelut%2F%23vuokraamo|target:_blank&#8221; el_class=&#8221;#saimaa_btn&#8221;][\/vc_column_inner][vc_column_inner width=&#8221;1\/2&#8243;][vc_single_image image=&#8221;28933&#8243; img_size=&#8221;full&#8221;][vc_column_text]<\/p>\n<h3>SaimaaHoliday Oravi Oy<\/h3>\n<p>Vuokrav\u00e4lineet Oravissa, Koloveden Kirkkorannassa ja Linnansaaren leirint\u00e4alueella ja kuljetuspalvelulla muualle (pyyd\u00e4 tarjous kuljetuksesta). Valikoimassa muun muassa kajakit, kanootit, SUP-laudat, soutuveneet sek\u00e4 retkeilyv\u00e4lineit\u00e4.[\/vc_column_text][vc_btn title=&#8221;SaimaaHoliday Oravi Oy&#8221; style=&#8221;flat&#8221; shape=&#8221;square&#8221; color=&#8221;black&#8221; link=&#8221;url:https%3A%2F%2Fwww.oravivillage.com%2Ffi%2FAktiviteetit%2FKesa%2FMelonta%2FAloittelijoiden-melontaretki|target:_blank&#8221; el_class=&#8221;#saimaa_btn&#8221;][\/vc_column_inner][\/vc_row_inner][vc_row_inner][vc_column_inner width=&#8221;1\/2&#8243;][vc_single_image image=&#8221;28106&#8243; img_size=&#8221;full&#8221;][vc_column_text]<\/p>\n<h3>Hotel &amp; Spa Resort J\u00e4rvisyd\u00e4n Oy<\/h3>\n<div class=\"category-info-wrap hidden-print space-below\">\n<div class=\"product-content-main product-content-text text-content\">\n<p>Safaritalosta l\u00f6yd\u00e4t kauden vuokrav\u00e4lineet ja Outdoor Shopin ulkoiluv\u00e4linevalikoiman sek\u00e4 varaat retket! Vuokraa meilt\u00e4 v\u00e4lineit\u00e4 ja l\u00e4hde omatoimiselle retkelle luontoon! Safaritalon yhteydess\u00e4 on kattava Outdoor Shop, josta l\u00f6yd\u00e4t laadukkaita v\u00e4lineit\u00e4 ulkoiluun ja retkeilyyn \u2013 itselle tai vaikka tuliaiseksi!<\/p>\n<\/div>\n<\/div>\n<p>[\/vc_column_text][vc_btn title=&#8221;Hotel &amp; Spa Resort J\u00e4rvisyd\u00e4n Oy&#8221; style=&#8221;flat&#8221; shape=&#8221;square&#8221; color=&#8221;black&#8221; link=&#8221;url:https%3A%2F%2Fwww.jarvisydan.com%2Faktiviteetit%2Fvalinevuokraus-kauppa%2F&#8221;][\/vc_column_inner][vc_column_inner width=&#8221;1\/2&#8243;][vc_single_image image=&#8221;27196&#8243; img_size=&#8221;full&#8221;][vc_column_text]<\/p>\n<h3>Lakeland GTE Oy<\/h3>\n<div class=\"category-info-wrap hidden-print space-below\">\n<div class=\"product-content-main product-content-text text-content\">\n<p>Vuokraa v\u00e4lineet Puumalan keskustasta ja nauti retkeilyst\u00e4 Puumalan luonnossa Saimaalla. Talvella vuokrattavana lumikenki\u00e4 ja liukulumikenki\u00e4. Kes\u00e4ll\u00e4 vuokraamme kanootteja, kajakkeja, sup-lautoja ja kalastuskelluntarengasta. Vuokraamo toimii itsepalveluperiaatteella: varaa ja maksa verkkokaupasta, nouda ja palauta vuokraamoon ohjeiden mukaan<\/p>\n<\/div>\n<\/div>\n<div class=\"row js-grid\"><\/div>\n<p>[\/vc_column_text][vc_btn title=&#8221;Lakeland GTE Oy&#8221; style=&#8221;flat&#8221; shape=&#8221;square&#8221; color=&#8221;black&#8221; link=&#8221;url:https%3A%2F%2Fwww.lakelandgte.fi%2Ffi_FI%2Fvalinevuokraamo-puumalan-keskusta|target:_blank&#8221; el_class=&#8221;#saimaa_btn&#8221;][\/vc_column_inner][\/vc_row_inner][vc_row_inner][vc_column_inner width=&#8221;1\/2&#8243;][vc_single_image image=&#8221;4907&#8243; img_size=&#8221;full&#8221;][vc_column_text]<\/p>\n<h3>Matkailukeskus Harjun Portti<\/h3>\n<div class=\"category-info-wrap hidden-print space-below\">\n<div class=\"product-content-main product-content-text text-content\">\n<p>E-fatbiket, gravel-\u00a0ja s\u00e4hk\u00f6maastopy\u00f6r\u00e4t, kajakit, veneet ja sup-laudat! Paikanp\u00e4\u00e4lt\u00e4 vuokrattuna tai toimitettuna.\u00a0 Kes\u00e4kauppa &amp; v\u00e4linevuokraamo auki joka p\u00e4iv\u00e4.<\/p>\n<\/div>\n<\/div>\n<p>[\/vc_column_text][vc_btn title=&#8221;Matkailukeskus Harjun Portti&#8221; style=&#8221;flat&#8221; shape=&#8221;square&#8221; color=&#8221;black&#8221; link=&#8221;url:https%3A%2F%2Fwww.harjunportti.fi%2Ffi%2Faktiviteetit%2Fvalinevuokraamo%2F&#8221;][\/vc_column_inner][vc_column_inner width=&#8221;1\/2&#8243;][vc_single_image image=&#8221;1419&#8243; img_size=&#8221;full&#8221;][vc_column_text]<\/p>\n<h3>Kruunupuisto<\/h3>\n<div class=\"category-info-wrap hidden-print space-below\">\n<div class=\"product-content-main product-content-text text-content\">\n<p>Kruunupuistossa on laaja vuokrav\u00e4linevalikoima monenlaiseen ulkona liikkumiseen eri vuodenaikoina niin harjualueen reitist\u00f6ill\u00e4, j\u00e4rvell\u00e4 kuin piha- ja puistoalueellamme. Valloita harju vaikka s\u00e4hk\u00f6avusteisella maastopy\u00f6r\u00e4ll\u00e4 tai fatbikell\u00e4!<\/p>\n<\/div>\n<\/div>\n<div class=\"row js-grid\"><\/div>\n<p>[\/vc_column_text][vc_btn title=&#8221;Kruunupuisto&#8221; style=&#8221;flat&#8221; shape=&#8221;square&#8221; color=&#8221;black&#8221; link=&#8221;url:https%3A%2F%2Fwww.kruunupuisto.fi%2Fvapaa-aika%2Fvalinevuokraus%2F|target:_blank&#8221; el_class=&#8221;#saimaa_btn&#8221;][\/vc_column_inner][\/vc_row_inner]<div class=\"posts-list-grid wpb_content_element no-list-items\"><\/div>[\/vc_column][\/vc_row]<\/p>\n","protected":false},"excerpt":{"rendered":"<p>[vc_row full_width=&#8221;stretch_row_content_no_spaces&#8221; parallax=&#8221;content-moving-fade&#8221; parallax_image=&#8221;20935&#8243;][vc_column][vc_column_text] &nbsp; &nbsp; &nbsp; &nbsp; &nbsp; &nbsp; &nbsp; &nbsp; V\u00c4LINEVUOKRAUS &nbsp; &nbsp; &nbsp; [\/vc_column_text][\/vc_column][\/vc_row][vc_row][vc_column][vc_empty_space][\/vc_column][\/vc_row][vc_row][vc_column width=&#8221;1\/4&#8243;][\/vc_column][vc_column width=&#8221;1\/2&#8243;][vc_column_text] V\u00e4linevuokraus Voit vuokrata v\u00e4lineet Saimaalla, joten sinun ei ole v\u00e4ltt\u00e4m\u00e4t\u00f6nt\u00e4 tuoda [&hellip;]<\/p>\n","protected":false},"author":69,"featured_media":0,"parent":6990,"menu_order":0,"comment_status":"closed","ping_status":"closed","template":"","meta":{"footnotes":""},"relatedcontent":[],"class_list":["post-28355","page","type-page","status-publish","hentry"],"yoast_head":"<!-- This site is optimized with the Yoast SEO Premium plugin v27.3 (Yoast SEO v27.5) - https:\/\/yoast.com\/product\/yoast-seo-premium-wordpress\/ -->\n<title>V\u00e4linevuokraus - Visit Saimaa<\/title>\n<meta name=\"description\" content=\"&nbsp; &nbsp; &nbsp; &nbsp; &nbsp; &nbsp; &nbsp; &nbsp; V\u00c4LINEVUOKRAUS &nbsp; &nbsp; &nbsp; V\u00e4linevuokraus Voit vuokrata v\u00e4lineet Saimaalla, joten sinun\" \/>\n<meta name=\"robots\" content=\"index, follow, max-snippet:-1, max-image-preview:large, max-video-preview:-1\" \/>\n<link rel=\"canonical\" href=\"https:\/\/www.visitsaimaa.fi\/fi\/nae-ja-koe\/aktiviteetit\/valinevuokraus\/\" \/>\n<meta property=\"og:locale\" content=\"fi_FI\" \/>\n<meta property=\"og:type\" content=\"article\" \/>\n<meta property=\"og:title\" content=\"V\u00e4linevuokraus\" \/>\n<meta property=\"og:description\" content=\"&nbsp; &nbsp; &nbsp; &nbsp; &nbsp; &nbsp; &nbsp; &nbsp; V\u00c4LINEVUOKRAUS &nbsp; &nbsp; &nbsp; V\u00e4linevuokraus Voit vuokrata v\u00e4lineet Saimaalla, joten sinun\" \/>\n<meta property=\"og:url\" content=\"https:\/\/www.visitsaimaa.fi\/fi\/nae-ja-koe\/aktiviteetit\/valinevuokraus\/\" \/>\n<meta property=\"og:site_name\" content=\"Visit Saimaa\" \/>\n<meta property=\"article:modified_time\" content=\"2024-05-22T06:40:51+00:00\" \/>\n<meta name=\"twitter:label1\" content=\"Arvioitu lukuaika\" \/>\n\t<meta name=\"twitter:data1\" content=\"2 minuuttia\" \/>\n<script type=\"application\/ld+json\" class=\"yoast-schema-graph\">{\"@context\":\"https:\\\/\\\/schema.org\",\"@graph\":[{\"@type\":\"WebPage\",\"@id\":\"https:\\\/\\\/www.visitsaimaa.fi\\\/fi\\\/nae-ja-koe\\\/aktiviteetit\\\/valinevuokraus\\\/\",\"url\":\"https:\\\/\\\/www.visitsaimaa.fi\\\/fi\\\/nae-ja-koe\\\/aktiviteetit\\\/valinevuokraus\\\/\",\"name\":\"V\u00e4linevuokraus - Visit Saimaa\",\"isPartOf\":{\"@id\":\"https:\\\/\\\/www.visitsaimaa.fi\\\/fi\\\/#website\"},\"datePublished\":\"2023-05-18T12:50:46+00:00\",\"dateModified\":\"2024-05-22T06:40:51+00:00\",\"description\":\"&nbsp; &nbsp; &nbsp; &nbsp; &nbsp; &nbsp; &nbsp; &nbsp; V\u00c4LINEVUOKRAUS &nbsp; &nbsp; &nbsp; V\u00e4linevuokraus Voit vuokrata v\u00e4lineet Saimaalla, joten sinun\",\"breadcrumb\":{\"@id\":\"https:\\\/\\\/www.visitsaimaa.fi\\\/fi\\\/nae-ja-koe\\\/aktiviteetit\\\/valinevuokraus\\\/#breadcrumb\"},\"inLanguage\":\"fi\",\"potentialAction\":[{\"@type\":\"ReadAction\",\"target\":[\"https:\\\/\\\/www.visitsaimaa.fi\\\/fi\\\/nae-ja-koe\\\/aktiviteetit\\\/valinevuokraus\\\/\"]}]},{\"@type\":\"BreadcrumbList\",\"@id\":\"https:\\\/\\\/www.visitsaimaa.fi\\\/fi\\\/nae-ja-koe\\\/aktiviteetit\\\/valinevuokraus\\\/#breadcrumb\",\"itemListElement\":[{\"@type\":\"ListItem\",\"position\":1,\"name\":\"Visit Saimaa\",\"item\":\"https:\\\/\\\/www.visitsaimaa.fi\\\/fi\\\/\"},{\"@type\":\"ListItem\",\"position\":2,\"name\":\"N\u00e4e ja koe\",\"item\":\"https:\\\/\\\/www.visitsaimaa.fi\\\/fi\\\/nae-ja-koe\\\/\"},{\"@type\":\"ListItem\",\"position\":3,\"name\":\"Aktiviteetit\",\"item\":\"https:\\\/\\\/www.visitsaimaa.fi\\\/fi\\\/nae-ja-koe\\\/aktiviteetit\\\/\"},{\"@type\":\"ListItem\",\"position\":4,\"name\":\"V\u00e4linevuokraus\"}]},{\"@type\":\"WebSite\",\"@id\":\"https:\\\/\\\/www.visitsaimaa.fi\\\/fi\\\/#website\",\"url\":\"https:\\\/\\\/www.visitsaimaa.fi\\\/fi\\\/\",\"name\":\"Visit Saimaa\",\"description\":\"The Official Travel Guide of Lakeland Saimaa\",\"potentialAction\":[{\"@type\":\"SearchAction\",\"target\":{\"@type\":\"EntryPoint\",\"urlTemplate\":\"https:\\\/\\\/www.visitsaimaa.fi\\\/fi\\\/?s={search_term_string}\"},\"query-input\":{\"@type\":\"PropertyValueSpecification\",\"valueRequired\":true,\"valueName\":\"search_term_string\"}}],\"inLanguage\":\"fi\"}]}<\/script>\n<!-- \/ Yoast SEO Premium plugin. -->","yoast_head_json":{"title":"V\u00e4linevuokraus - Visit Saimaa","description":"&nbsp; &nbsp; &nbsp; &nbsp; &nbsp; &nbsp; &nbsp; &nbsp; V\u00c4LINEVUOKRAUS &nbsp; &nbsp; &nbsp; V\u00e4linevuokraus Voit vuokrata v\u00e4lineet Saimaalla, joten sinun","robots":{"index":"index","follow":"follow","max-snippet":"max-snippet:-1","max-image-preview":"max-image-preview:large","max-video-preview":"max-video-preview:-1"},"canonical":"https:\/\/www.visitsaimaa.fi\/fi\/nae-ja-koe\/aktiviteetit\/valinevuokraus\/","og_locale":"fi_FI","og_type":"article","og_title":"V\u00e4linevuokraus","og_description":"&nbsp; &nbsp; &nbsp; &nbsp; &nbsp; &nbsp; &nbsp; &nbsp; V\u00c4LINEVUOKRAUS &nbsp; &nbsp; &nbsp; V\u00e4linevuokraus Voit vuokrata v\u00e4lineet Saimaalla, joten sinun","og_url":"https:\/\/www.visitsaimaa.fi\/fi\/nae-ja-koe\/aktiviteetit\/valinevuokraus\/","og_site_name":"Visit Saimaa","article_modified_time":"2024-05-22T06:40:51+00:00","twitter_misc":{"Arvioitu lukuaika":"2 minuuttia"},"schema":{"@context":"https:\/\/schema.org","@graph":[{"@type":"WebPage","@id":"https:\/\/www.visitsaimaa.fi\/fi\/nae-ja-koe\/aktiviteetit\/valinevuokraus\/","url":"https:\/\/www.visitsaimaa.fi\/fi\/nae-ja-koe\/aktiviteetit\/valinevuokraus\/","name":"V\u00e4linevuokraus - Visit Saimaa","isPartOf":{"@id":"https:\/\/www.visitsaimaa.fi\/fi\/#website"},"datePublished":"2023-05-18T12:50:46+00:00","dateModified":"2024-05-22T06:40:51+00:00","description":"&nbsp; &nbsp; &nbsp; &nbsp; &nbsp; &nbsp; &nbsp; &nbsp; V\u00c4LINEVUOKRAUS &nbsp; &nbsp; &nbsp; V\u00e4linevuokraus Voit vuokrata v\u00e4lineet Saimaalla, joten sinun","breadcrumb":{"@id":"https:\/\/www.visitsaimaa.fi\/fi\/nae-ja-koe\/aktiviteetit\/valinevuokraus\/#breadcrumb"},"inLanguage":"fi","potentialAction":[{"@type":"ReadAction","target":["https:\/\/www.visitsaimaa.fi\/fi\/nae-ja-koe\/aktiviteetit\/valinevuokraus\/"]}]},{"@type":"BreadcrumbList","@id":"https:\/\/www.visitsaimaa.fi\/fi\/nae-ja-koe\/aktiviteetit\/valinevuokraus\/#breadcrumb","itemListElement":[{"@type":"ListItem","position":1,"name":"Visit Saimaa","item":"https:\/\/www.visitsaimaa.fi\/fi\/"},{"@type":"ListItem","position":2,"name":"N\u00e4e ja koe","item":"https:\/\/www.visitsaimaa.fi\/fi\/nae-ja-koe\/"},{"@type":"ListItem","position":3,"name":"Aktiviteetit","item":"https:\/\/www.visitsaimaa.fi\/fi\/nae-ja-koe\/aktiviteetit\/"},{"@type":"ListItem","position":4,"name":"V\u00e4linevuokraus"}]},{"@type":"WebSite","@id":"https:\/\/www.visitsaimaa.fi\/fi\/#website","url":"https:\/\/www.visitsaimaa.fi\/fi\/","name":"Visit Saimaa","description":"The Official Travel Guide of Lakeland Saimaa","potentialAction":[{"@type":"SearchAction","target":{"@type":"EntryPoint","urlTemplate":"https:\/\/www.visitsaimaa.fi\/fi\/?s={search_term_string}"},"query-input":{"@type":"PropertyValueSpecification","valueRequired":true,"valueName":"search_term_string"}}],"inLanguage":"fi"}]}},"_links":{"self":[{"href":"https:\/\/www.visitsaimaa.fi\/fi\/wp-json\/wp\/v2\/pages\/28355","targetHints":{"allow":["GET"]}}],"collection":[{"href":"https:\/\/www.visitsaimaa.fi\/fi\/wp-json\/wp\/v2\/pages"}],"about":[{"href":"https:\/\/www.visitsaimaa.fi\/fi\/wp-json\/wp\/v2\/types\/page"}],"author":[{"embeddable":true,"href":"https:\/\/www.visitsaimaa.fi\/fi\/wp-json\/wp\/v2\/users\/69"}],"replies":[{"embeddable":true,"href":"https:\/\/www.visitsaimaa.fi\/fi\/wp-json\/wp\/v2\/comments?post=28355"}],"version-history":[{"count":20,"href":"https:\/\/www.visitsaimaa.fi\/fi\/wp-json\/wp\/v2\/pages\/28355\/revisions"}],"predecessor-version":[{"id":30163,"href":"https:\/\/www.visitsaimaa.fi\/fi\/wp-json\/wp\/v2\/pages\/28355\/revisions\/30163"}],"up":[{"embeddable":true,"href":"https:\/\/www.visitsaimaa.fi\/fi\/wp-json\/wp\/v2\/pages\/6990"}],"wp:attachment":[{"href":"https:\/\/www.visitsaimaa.fi\/fi\/wp-json\/wp\/v2\/media?parent=28355"}],"wp:term":[{"taxonomy":"relatedcontent","embeddable":true,"href":"https:\/\/www.visitsaimaa.fi\/fi\/wp-json\/wp\/v2\/relatedcontent?post=28355"}],"curies":[{"name":"wp","href":"https:\/\/api.w.org\/{rel}","templated":true}]}}