{"id":26432,"date":"2022-05-18T10:22:27","date_gmt":"2022-05-18T07:22:27","guid":{"rendered":"https:\/\/www.visitsaimaa.fi\/?page_id=26432"},"modified":"2024-05-22T09:37:00","modified_gmt":"2024-05-22T06:37:00","slug":"kalastus","status":"publish","type":"page","link":"https:\/\/www.visitsaimaa.fi\/fi\/nae-ja-koe\/aktiviteetit\/kalastus\/","title":{"rendered":"Kalastus"},"content":{"rendered":"<p>[vc_row full_width=&#8221;stretch_row_content_no_spaces&#8221;][vc_column]<div class=\"main_header normal\">\n    <figure style=\"background-image: url('https:\/\/www.visitsaimaa.fi\/wp-content\/uploads\/2015\/09\/web_poikajakala-1920x600.jpg'); background-position: center top;\"><\/figure>\n    <div class=\"main_header_content\" style=\"\">\n        <div class=\"container\">\n            \n<h1 style=\"text-align: center\">Kalastus Saimaalla<\/h1>\n<p style=\"text-align: center\">Keksi parhaat kalavaleet Saimaalla<\/p>\n    \n        <\/div>\n    <\/div><!-- \/.container -->\n<\/div><!-- \/.main_header -->\n\n[\/vc_column][\/vc_row][vc_row][vc_column width=&#8221;1\/6&#8243;][\/vc_column][vc_column width=&#8221;2\/3&#8243;][vc_empty_space][vc_column_text]Unohtumattomille kalareissuille p\u00e4\u00e4set <a href=\"https:\/\/www.oravivillage.com\/fi\/Aktiviteetit\/Kesa\/Kalastus\">Saimaa Holiday Oravin<\/a>, <a href=\"https:\/\/www.jarvisydan.com\/kalastus\/\">J\u00e4rvisyd\u00e4men<\/a> tai <a href=\"https:\/\/www.lakelandgte.fi\/fi\/kalastusretket-moottoriveneella\/\">LakelandGTE<\/a>:n oppaiden matkassa. Vierailla vesill\u00e4 parhaiden kalapaikkojen l\u00f6yt\u00e4minen on haastavaa. Kokeneiden kalaoppaiden mukana p\u00e4\u00e4set parhaille paikoille ja tutustut tekniikoihin ja sopivimpiin kalastusv\u00e4lineisiin kelin, veden l\u00e4mp\u00f6tilan ja vuorokaudenajan mukaan.<\/p>\n<p>Saimaan j\u00e4rvensel\u00e4t tarjoavat upeita luontoel\u00e4myksi\u00e4 sek\u00e4 aiheita uusille hienoille kalajutuille. Kalareissuja on kalastajan mukaan, olitpa vasta-alkaja tai kokeneempi konkari, tai l\u00e4hd\u00f6ss\u00e4 viett\u00e4m\u00e4\u00e4n kalaretke\u00e4 koko perheen kanssa.[\/vc_column_text][\/vc_column][vc_column width=&#8221;1\/6&#8243;][\/vc_column][\/vc_row][vc_row css=&#8221;.vc_custom_1652861192574{margin-top: 30px !important;}&#8221;][vc_column][vc_column_text]<\/p>\n<h2 style=\"text-align: center\">Vinkkej\u00e4 opastetuista kalastusretkist\u00e4 Saimaalla<\/h2>\n<p>[\/vc_column_text][\/vc_column][\/vc_row][vc_row][vc_column]<div class=\"posts-list-grid wpb_content_element\">\n                            <div class=\"row no-gutter\"><div class=\"row no-gutter\"><div class=\"col-xs-10 col-sm-5 col-lg-4 col-main row-two \">    <div class=\"post-box post-stub\" data-openid=\"-1--1\" data-contentid=\"1:\" data-showrelated=\"1\" id=\"-1--1\">\n\n        <div class=\"vs_post_thumbnail\" style=\"background-image: url('https:\/\/www.visitsaimaa.fi\/wp-content\/themes\/visitsaimaa2019\/images\/default_visitsaimaa_2016.jpg')\" ><\/div>\n        <div class=\"image_overlay\"><\/div>\n                \n                <a href=\"\"  class=\" get-post-details\" title=\"\">\n            <span class=\"info\">\n                \n                                <span class=\"h3\"><\/span>\n                                            <\/span><!-- \/.info -->\n        <\/a>\n\n    <\/div>\n    <\/div><!-- box-main --><div class=\"col-xs-10 col-sm-5 col-lg-6 col-rest row-two\"><div class=\"row no-gutter\"><div class=\"col-xs-10 col-lg-66\">    <div class=\"post-box post-stub\" data-openid=\"-1--2\" data-contentid=\"1:\" data-showrelated=\"1\" id=\"-1--2\">\n\n        <div class=\"vs_post_thumbnail\" style=\"background-image: url('https:\/\/www.visitsaimaa.fi\/wp-content\/themes\/visitsaimaa2019\/images\/default_visitsaimaa_2016.jpg')\" ><\/div>\n        <div class=\"image_overlay\"><\/div>\n                \n                <a href=\"\"  class=\" get-post-details\" title=\"\">\n            <span class=\"info\">\n                \n                                <span class=\"h3\"><\/span>\n                                            <\/span><!-- \/.info -->\n        <\/a>\n\n    <\/div>\n    <\/div><div class=\"col-xs-5 col-lg-33\">    <div class=\"post-box filler \" style=\"background-color: #360032;\">\n        <div class=\"icon\"><\/div>\n                    <div class=\"background-icon\" style=\" background-image: url('');\" ><\/div>\n        \n        \n                    <span class=\"info\">\n                                            <\/span>\n        \n    <\/div>\n\n    <\/div><div class=\"col-xs-5 col-lg-33\">    <div class=\"post-box filler \" style=\"background-color: #450440;\">\n        <div class=\"icon\"><\/div>\n                    <div class=\"background-icon\" style=\" background-image: url('');\" ><\/div>\n        \n        \n                    <span class=\"info\">\n                                            <\/span>\n        \n    <\/div>\n\n    <\/div><div class=\"col-xs-10 col-lg-66\">    <div class=\"post-box post-stub\" data-openid=\"-1--3\" data-contentid=\"1:\" data-showrelated=\"1\" id=\"-1--3\">\n\n        <div class=\"vs_post_thumbnail\" style=\"background-image: url('https:\/\/www.visitsaimaa.fi\/wp-content\/themes\/visitsaimaa2019\/images\/default_visitsaimaa_2016.jpg')\" ><\/div>\n        <div class=\"image_overlay\"><\/div>\n                \n                <a href=\"\"  class=\" get-post-details\" title=\"\">\n            <span class=\"info\">\n                \n                                <span class=\"h3\"><\/span>\n                                            <\/span><!-- \/.info -->\n        <\/a>\n\n    <\/div>\n    <\/div><\/div><!-- row --><\/div><!-- .rest --><\/div><!-- \/.row --><\/div><!-- \/.row -->\n                            <\/div><!--\/.posts-list-grid -->[\/vc_column][\/vc_row]<\/p>\n","protected":false},"excerpt":{"rendered":"<p>[vc_row full_width=&#8221;stretch_row_content_no_spaces&#8221;][vc_column][\/vc_column][\/vc_row][vc_row][vc_column width=&#8221;1\/6&#8243;][\/vc_column][vc_column width=&#8221;2\/3&#8243;][vc_empty_space][vc_column_text]Unohtumattomille kalareissuille p\u00e4\u00e4set Saimaa Holiday Oravin, J\u00e4rvisyd\u00e4men tai LakelandGTE:n oppaiden matkassa. Vierailla vesill\u00e4 parhaiden kalapaikkojen l\u00f6yt\u00e4minen on haastavaa. Kokeneiden kalaoppaiden mukana p\u00e4\u00e4set parhaille paikoille ja tutustut tekniikoihin [&hellip;]<\/p>\n","protected":false},"author":62,"featured_media":0,"parent":6990,"menu_order":0,"comment_status":"closed","ping_status":"closed","template":"","meta":{"footnotes":""},"relatedcontent":[],"class_list":["post-26432","page","type-page","status-publish","hentry"],"yoast_head":"<!-- This site is optimized with the Yoast SEO Premium plugin v27.3 (Yoast SEO v27.3) - https:\/\/yoast.com\/product\/yoast-seo-premium-wordpress\/ -->\n<title>Kalastus - Visit Saimaa<\/title>\n<meta name=\"description\" content=\"Unohtumattomille kalareissuille p\u00e4\u00e4set Saimaa Holiday Oravin, J\u00e4rvisyd\u00e4men tai LakelandGTE:n oppaiden matkassa. Vierailla vesill\u00e4 parhaiden kalapaikkojen\" \/>\n<meta name=\"robots\" content=\"index, follow, max-snippet:-1, max-image-preview:large, max-video-preview:-1\" \/>\n<link rel=\"canonical\" href=\"https:\/\/www.visitsaimaa.fi\/fi\/nae-ja-koe\/aktiviteetit\/kalastus\/\" \/>\n<meta property=\"og:locale\" content=\"fi_FI\" \/>\n<meta property=\"og:type\" content=\"article\" \/>\n<meta property=\"og:title\" content=\"Kalastus\" \/>\n<meta property=\"og:description\" content=\"Unohtumattomille kalareissuille p\u00e4\u00e4set Saimaa Holiday Oravin, J\u00e4rvisyd\u00e4men tai LakelandGTE:n oppaiden matkassa. Vierailla vesill\u00e4 parhaiden kalapaikkojen\" \/>\n<meta property=\"og:url\" content=\"https:\/\/www.visitsaimaa.fi\/fi\/nae-ja-koe\/aktiviteetit\/kalastus\/\" \/>\n<meta property=\"og:site_name\" content=\"Visit Saimaa\" \/>\n<meta property=\"article:modified_time\" content=\"2024-05-22T06:37:00+00:00\" \/>\n<meta name=\"twitter:label1\" content=\"Arvioitu lukuaika\" \/>\n\t<meta name=\"twitter:data1\" content=\"1 minuutti\" \/>\n<script type=\"application\/ld+json\" class=\"yoast-schema-graph\">{\"@context\":\"https:\\\/\\\/schema.org\",\"@graph\":[{\"@type\":\"WebPage\",\"@id\":\"https:\\\/\\\/www.visitsaimaa.fi\\\/fi\\\/nae-ja-koe\\\/aktiviteetit\\\/kalastus\\\/\",\"url\":\"https:\\\/\\\/www.visitsaimaa.fi\\\/fi\\\/nae-ja-koe\\\/aktiviteetit\\\/kalastus\\\/\",\"name\":\"Kalastus - Visit Saimaa\",\"isPartOf\":{\"@id\":\"https:\\\/\\\/www.visitsaimaa.fi\\\/fi\\\/#website\"},\"datePublished\":\"2022-05-18T07:22:27+00:00\",\"dateModified\":\"2024-05-22T06:37:00+00:00\",\"description\":\"Unohtumattomille kalareissuille p\u00e4\u00e4set Saimaa Holiday Oravin, J\u00e4rvisyd\u00e4men tai LakelandGTE:n oppaiden matkassa. Vierailla vesill\u00e4 parhaiden kalapaikkojen\",\"breadcrumb\":{\"@id\":\"https:\\\/\\\/www.visitsaimaa.fi\\\/fi\\\/nae-ja-koe\\\/aktiviteetit\\\/kalastus\\\/#breadcrumb\"},\"inLanguage\":\"fi\",\"potentialAction\":[{\"@type\":\"ReadAction\",\"target\":[\"https:\\\/\\\/www.visitsaimaa.fi\\\/fi\\\/nae-ja-koe\\\/aktiviteetit\\\/kalastus\\\/\"]}]},{\"@type\":\"BreadcrumbList\",\"@id\":\"https:\\\/\\\/www.visitsaimaa.fi\\\/fi\\\/nae-ja-koe\\\/aktiviteetit\\\/kalastus\\\/#breadcrumb\",\"itemListElement\":[{\"@type\":\"ListItem\",\"position\":1,\"name\":\"Visit Saimaa\",\"item\":\"https:\\\/\\\/www.visitsaimaa.fi\\\/fi\\\/\"},{\"@type\":\"ListItem\",\"position\":2,\"name\":\"N\u00e4e ja koe\",\"item\":\"https:\\\/\\\/www.visitsaimaa.fi\\\/fi\\\/nae-ja-koe\\\/\"},{\"@type\":\"ListItem\",\"position\":3,\"name\":\"Aktiviteetit\",\"item\":\"https:\\\/\\\/www.visitsaimaa.fi\\\/fi\\\/nae-ja-koe\\\/aktiviteetit\\\/\"},{\"@type\":\"ListItem\",\"position\":4,\"name\":\"Kalastus\"}]},{\"@type\":\"WebSite\",\"@id\":\"https:\\\/\\\/www.visitsaimaa.fi\\\/fi\\\/#website\",\"url\":\"https:\\\/\\\/www.visitsaimaa.fi\\\/fi\\\/\",\"name\":\"Visit Saimaa\",\"description\":\"The Official Travel Guide of Lakeland Saimaa\",\"potentialAction\":[{\"@type\":\"SearchAction\",\"target\":{\"@type\":\"EntryPoint\",\"urlTemplate\":\"https:\\\/\\\/www.visitsaimaa.fi\\\/fi\\\/?s={search_term_string}\"},\"query-input\":{\"@type\":\"PropertyValueSpecification\",\"valueRequired\":true,\"valueName\":\"search_term_string\"}}],\"inLanguage\":\"fi\"}]}<\/script>\n<!-- \/ Yoast SEO Premium plugin. -->","yoast_head_json":{"title":"Kalastus - Visit Saimaa","description":"Unohtumattomille kalareissuille p\u00e4\u00e4set Saimaa Holiday Oravin, J\u00e4rvisyd\u00e4men tai LakelandGTE:n oppaiden matkassa. Vierailla vesill\u00e4 parhaiden kalapaikkojen","robots":{"index":"index","follow":"follow","max-snippet":"max-snippet:-1","max-image-preview":"max-image-preview:large","max-video-preview":"max-video-preview:-1"},"canonical":"https:\/\/www.visitsaimaa.fi\/fi\/nae-ja-koe\/aktiviteetit\/kalastus\/","og_locale":"fi_FI","og_type":"article","og_title":"Kalastus","og_description":"Unohtumattomille kalareissuille p\u00e4\u00e4set Saimaa Holiday Oravin, J\u00e4rvisyd\u00e4men tai LakelandGTE:n oppaiden matkassa. Vierailla vesill\u00e4 parhaiden kalapaikkojen","og_url":"https:\/\/www.visitsaimaa.fi\/fi\/nae-ja-koe\/aktiviteetit\/kalastus\/","og_site_name":"Visit Saimaa","article_modified_time":"2024-05-22T06:37:00+00:00","twitter_misc":{"Arvioitu lukuaika":"1 minuutti"},"schema":{"@context":"https:\/\/schema.org","@graph":[{"@type":"WebPage","@id":"https:\/\/www.visitsaimaa.fi\/fi\/nae-ja-koe\/aktiviteetit\/kalastus\/","url":"https:\/\/www.visitsaimaa.fi\/fi\/nae-ja-koe\/aktiviteetit\/kalastus\/","name":"Kalastus - Visit Saimaa","isPartOf":{"@id":"https:\/\/www.visitsaimaa.fi\/fi\/#website"},"datePublished":"2022-05-18T07:22:27+00:00","dateModified":"2024-05-22T06:37:00+00:00","description":"Unohtumattomille kalareissuille p\u00e4\u00e4set Saimaa Holiday Oravin, J\u00e4rvisyd\u00e4men tai LakelandGTE:n oppaiden matkassa. Vierailla vesill\u00e4 parhaiden kalapaikkojen","breadcrumb":{"@id":"https:\/\/www.visitsaimaa.fi\/fi\/nae-ja-koe\/aktiviteetit\/kalastus\/#breadcrumb"},"inLanguage":"fi","potentialAction":[{"@type":"ReadAction","target":["https:\/\/www.visitsaimaa.fi\/fi\/nae-ja-koe\/aktiviteetit\/kalastus\/"]}]},{"@type":"BreadcrumbList","@id":"https:\/\/www.visitsaimaa.fi\/fi\/nae-ja-koe\/aktiviteetit\/kalastus\/#breadcrumb","itemListElement":[{"@type":"ListItem","position":1,"name":"Visit Saimaa","item":"https:\/\/www.visitsaimaa.fi\/fi\/"},{"@type":"ListItem","position":2,"name":"N\u00e4e ja koe","item":"https:\/\/www.visitsaimaa.fi\/fi\/nae-ja-koe\/"},{"@type":"ListItem","position":3,"name":"Aktiviteetit","item":"https:\/\/www.visitsaimaa.fi\/fi\/nae-ja-koe\/aktiviteetit\/"},{"@type":"ListItem","position":4,"name":"Kalastus"}]},{"@type":"WebSite","@id":"https:\/\/www.visitsaimaa.fi\/fi\/#website","url":"https:\/\/www.visitsaimaa.fi\/fi\/","name":"Visit Saimaa","description":"The Official Travel Guide of Lakeland Saimaa","potentialAction":[{"@type":"SearchAction","target":{"@type":"EntryPoint","urlTemplate":"https:\/\/www.visitsaimaa.fi\/fi\/?s={search_term_string}"},"query-input":{"@type":"PropertyValueSpecification","valueRequired":true,"valueName":"search_term_string"}}],"inLanguage":"fi"}]}},"_links":{"self":[{"href":"https:\/\/www.visitsaimaa.fi\/fi\/wp-json\/wp\/v2\/pages\/26432","targetHints":{"allow":["GET"]}}],"collection":[{"href":"https:\/\/www.visitsaimaa.fi\/fi\/wp-json\/wp\/v2\/pages"}],"about":[{"href":"https:\/\/www.visitsaimaa.fi\/fi\/wp-json\/wp\/v2\/types\/page"}],"author":[{"embeddable":true,"href":"https:\/\/www.visitsaimaa.fi\/fi\/wp-json\/wp\/v2\/users\/62"}],"replies":[{"embeddable":true,"href":"https:\/\/www.visitsaimaa.fi\/fi\/wp-json\/wp\/v2\/comments?post=26432"}],"version-history":[{"count":16,"href":"https:\/\/www.visitsaimaa.fi\/fi\/wp-json\/wp\/v2\/pages\/26432\/revisions"}],"predecessor-version":[{"id":30159,"href":"https:\/\/www.visitsaimaa.fi\/fi\/wp-json\/wp\/v2\/pages\/26432\/revisions\/30159"}],"up":[{"embeddable":true,"href":"https:\/\/www.visitsaimaa.fi\/fi\/wp-json\/wp\/v2\/pages\/6990"}],"wp:attachment":[{"href":"https:\/\/www.visitsaimaa.fi\/fi\/wp-json\/wp\/v2\/media?parent=26432"}],"wp:term":[{"taxonomy":"relatedcontent","embeddable":true,"href":"https:\/\/www.visitsaimaa.fi\/fi\/wp-json\/wp\/v2\/relatedcontent?post=26432"}],"curies":[{"name":"wp","href":"https:\/\/api.w.org\/{rel}","templated":true}]}}