{"id":25987,"date":"2022-04-06T11:08:45","date_gmt":"2022-04-06T08:08:45","guid":{"rendered":"https:\/\/www.visitsaimaa.fi\/?page_id=25987"},"modified":"2023-09-07T19:55:56","modified_gmt":"2023-09-07T16:55:56","slug":"rokansaari","status":"publish","type":"page","link":"https:\/\/www.visitsaimaa.fi\/fi\/nae-ja-koe\/luontokohteet-ja-reitit\/rokansaari\/","title":{"rendered":"Rokansaari Puumalassa"},"content":{"rendered":"<p>[vc_row][vc_column width=&#8221;1\/2&#8243;][vc_single_image image=&#8221;25934&#8243; img_size=&#8221;full&#8221; css=&#8221;.vc_custom_1649231104580{padding-top: 30px !important;}&#8221;][\/vc_column][vc_column width=&#8221;1\/2&#8243; css=&#8221;.vc_custom_1588155965355{padding-right: 50px !important;padding-left: 50px !important;}&#8221;][vc_column_text]<\/p>\n<h2>Rokansaaren virkistysalue Puumalassa<\/h2>\n<p>[\/vc_column_text][vc_separator style=&#8221;dashed&#8221; border_width=&#8221;2&#8243;][vc_column_text]<em> Lietvedell\u00e4 Puumalassa sijaitseva Rokansaari on hiekkarantoineen, kumpuilevine harjuineen, suppalampineen ja kangasmetsineen vertaansa vailla oleva virkistysalue ja Saimaa GeoPark -kohde.<\/em><\/p>\n<hr \/>\n<p>Upota vapaat hienoon hiekkaan, kuuntele hiljaisuutta ja aisti luontoa. Rokansaaren ihanat hiekkarannat sopivat mainiosti koko perheen rantap\u00e4ivien viettoon.<\/p>\n<p>Saarella voi y\u00f6py\u00e4 pieniss\u00e4 vuokram\u00f6keiss\u00e4, teltassa tai omassa veneess\u00e4 Rokansaaren retkisatamassa. M\u00f6kkivuokraajille on soutuveneit\u00e4 saareen soutamista varten.\u00a0Kes\u00e4isin saaressa toimii my\u00f6s kahvila 1940-luvulla rakennetussa huvilassa, josta saa juomia ja purtavaa omien ev\u00e4iden lis\u00e4ksi.<\/p>\n<p><a href=\"https:\/\/www.saimaageopark.fi\/kohteet\/rokansaari-island\/\">Tutustu Rokansaareen ihmeisiin<\/a>.<\/p>\n<p>[\/vc_column_text][\/vc_column][\/vc_row]<\/p>\n","protected":false},"excerpt":{"rendered":"<p>[vc_row][vc_column width=&#8221;1\/2&#8243;][vc_single_image image=&#8221;25934&#8243; img_size=&#8221;full&#8221; css=&#8221;.vc_custom_1649231104580{padding-top: 30px !important;}&#8221;][\/vc_column][vc_column width=&#8221;1\/2&#8243; css=&#8221;.vc_custom_1588155965355{padding-right: 50px !important;padding-left: 50px !important;}&#8221;][vc_column_text] Rokansaaren virkistysalue Puumalassa [\/vc_column_text][vc_separator style=&#8221;dashed&#8221; border_width=&#8221;2&#8243;][vc_column_text] Lietvedell\u00e4 Puumalassa sijaitseva Rokansaari on hiekkarantoineen, kumpuilevine harjuineen, suppalampineen ja kangasmetsineen [&hellip;]<\/p>\n","protected":false},"author":62,"featured_media":0,"parent":12445,"menu_order":0,"comment_status":"closed","ping_status":"closed","template":"","meta":{"footnotes":""},"relatedcontent":[],"class_list":["post-25987","page","type-page","status-publish","hentry"],"yoast_head":"<!-- This site is optimized with the Yoast SEO Premium plugin v27.3 (Yoast SEO v27.4) - https:\/\/yoast.com\/product\/yoast-seo-premium-wordpress\/ -->\n<title>Rokansaari Puumalassa - Visit Saimaa<\/title>\n<meta name=\"description\" content=\"Rokansaaren virkistysalue Puumalassa Lietvedell\u00e4 Puumalassa sijaitseva Rokansaari on hiekkarantoineen, kumpuilevine harjuineen, suppalampineen ja\" \/>\n<meta name=\"robots\" content=\"index, follow, max-snippet:-1, max-image-preview:large, max-video-preview:-1\" \/>\n<link rel=\"canonical\" href=\"https:\/\/www.visitsaimaa.fi\/fi\/nae-ja-koe\/luontokohteet-ja-reitit\/rokansaari\/\" \/>\n<meta property=\"og:locale\" content=\"fi_FI\" \/>\n<meta property=\"og:type\" content=\"article\" \/>\n<meta property=\"og:title\" content=\"Rokansaari Puumalassa\" \/>\n<meta property=\"og:description\" content=\"Rokansaaren virkistysalue Puumalassa Lietvedell\u00e4 Puumalassa sijaitseva Rokansaari on hiekkarantoineen, kumpuilevine harjuineen, suppalampineen ja\" \/>\n<meta property=\"og:url\" content=\"https:\/\/www.visitsaimaa.fi\/fi\/nae-ja-koe\/luontokohteet-ja-reitit\/rokansaari\/\" \/>\n<meta property=\"og:site_name\" content=\"Visit Saimaa\" \/>\n<meta property=\"article:modified_time\" content=\"2023-09-07T16:55:56+00:00\" \/>\n<meta name=\"twitter:label1\" content=\"Arvioitu lukuaika\" \/>\n\t<meta name=\"twitter:data1\" content=\"1 minuutti\" \/>\n<script type=\"application\/ld+json\" class=\"yoast-schema-graph\">{\"@context\":\"https:\\\/\\\/schema.org\",\"@graph\":[{\"@type\":\"WebPage\",\"@id\":\"https:\\\/\\\/www.visitsaimaa.fi\\\/fi\\\/nae-ja-koe\\\/luontokohteet-ja-reitit\\\/rokansaari\\\/\",\"url\":\"https:\\\/\\\/www.visitsaimaa.fi\\\/fi\\\/nae-ja-koe\\\/luontokohteet-ja-reitit\\\/rokansaari\\\/\",\"name\":\"Rokansaari Puumalassa - Visit Saimaa\",\"isPartOf\":{\"@id\":\"https:\\\/\\\/www.visitsaimaa.fi\\\/fi\\\/#website\"},\"datePublished\":\"2022-04-06T08:08:45+00:00\",\"dateModified\":\"2023-09-07T16:55:56+00:00\",\"description\":\"Rokansaaren virkistysalue Puumalassa Lietvedell\u00e4 Puumalassa sijaitseva Rokansaari on hiekkarantoineen, kumpuilevine harjuineen, suppalampineen ja\",\"breadcrumb\":{\"@id\":\"https:\\\/\\\/www.visitsaimaa.fi\\\/fi\\\/nae-ja-koe\\\/luontokohteet-ja-reitit\\\/rokansaari\\\/#breadcrumb\"},\"inLanguage\":\"fi\",\"potentialAction\":[{\"@type\":\"ReadAction\",\"target\":[\"https:\\\/\\\/www.visitsaimaa.fi\\\/fi\\\/nae-ja-koe\\\/luontokohteet-ja-reitit\\\/rokansaari\\\/\"]}]},{\"@type\":\"BreadcrumbList\",\"@id\":\"https:\\\/\\\/www.visitsaimaa.fi\\\/fi\\\/nae-ja-koe\\\/luontokohteet-ja-reitit\\\/rokansaari\\\/#breadcrumb\",\"itemListElement\":[{\"@type\":\"ListItem\",\"position\":1,\"name\":\"Visit Saimaa\",\"item\":\"https:\\\/\\\/www.visitsaimaa.fi\\\/fi\\\/\"},{\"@type\":\"ListItem\",\"position\":2,\"name\":\"N\u00e4e ja koe\",\"item\":\"https:\\\/\\\/www.visitsaimaa.fi\\\/fi\\\/nae-ja-koe\\\/\"},{\"@type\":\"ListItem\",\"position\":3,\"name\":\"Luontokohteet ja -reitit\",\"item\":\"https:\\\/\\\/www.visitsaimaa.fi\\\/fi\\\/nae-ja-koe\\\/luontokohteet-ja-reitit\\\/\"},{\"@type\":\"ListItem\",\"position\":4,\"name\":\"Rokansaari Puumalassa\"}]},{\"@type\":\"WebSite\",\"@id\":\"https:\\\/\\\/www.visitsaimaa.fi\\\/fi\\\/#website\",\"url\":\"https:\\\/\\\/www.visitsaimaa.fi\\\/fi\\\/\",\"name\":\"Visit Saimaa\",\"description\":\"The Official Travel Guide of Lakeland Saimaa\",\"potentialAction\":[{\"@type\":\"SearchAction\",\"target\":{\"@type\":\"EntryPoint\",\"urlTemplate\":\"https:\\\/\\\/www.visitsaimaa.fi\\\/fi\\\/?s={search_term_string}\"},\"query-input\":{\"@type\":\"PropertyValueSpecification\",\"valueRequired\":true,\"valueName\":\"search_term_string\"}}],\"inLanguage\":\"fi\"}]}<\/script>\n<!-- \/ Yoast SEO Premium plugin. -->","yoast_head_json":{"title":"Rokansaari Puumalassa - Visit Saimaa","description":"Rokansaaren virkistysalue Puumalassa Lietvedell\u00e4 Puumalassa sijaitseva Rokansaari on hiekkarantoineen, kumpuilevine harjuineen, suppalampineen ja","robots":{"index":"index","follow":"follow","max-snippet":"max-snippet:-1","max-image-preview":"max-image-preview:large","max-video-preview":"max-video-preview:-1"},"canonical":"https:\/\/www.visitsaimaa.fi\/fi\/nae-ja-koe\/luontokohteet-ja-reitit\/rokansaari\/","og_locale":"fi_FI","og_type":"article","og_title":"Rokansaari Puumalassa","og_description":"Rokansaaren virkistysalue Puumalassa Lietvedell\u00e4 Puumalassa sijaitseva Rokansaari on hiekkarantoineen, kumpuilevine harjuineen, suppalampineen ja","og_url":"https:\/\/www.visitsaimaa.fi\/fi\/nae-ja-koe\/luontokohteet-ja-reitit\/rokansaari\/","og_site_name":"Visit Saimaa","article_modified_time":"2023-09-07T16:55:56+00:00","twitter_misc":{"Arvioitu lukuaika":"1 minuutti"},"schema":{"@context":"https:\/\/schema.org","@graph":[{"@type":"WebPage","@id":"https:\/\/www.visitsaimaa.fi\/fi\/nae-ja-koe\/luontokohteet-ja-reitit\/rokansaari\/","url":"https:\/\/www.visitsaimaa.fi\/fi\/nae-ja-koe\/luontokohteet-ja-reitit\/rokansaari\/","name":"Rokansaari Puumalassa - Visit Saimaa","isPartOf":{"@id":"https:\/\/www.visitsaimaa.fi\/fi\/#website"},"datePublished":"2022-04-06T08:08:45+00:00","dateModified":"2023-09-07T16:55:56+00:00","description":"Rokansaaren virkistysalue Puumalassa Lietvedell\u00e4 Puumalassa sijaitseva Rokansaari on hiekkarantoineen, kumpuilevine harjuineen, suppalampineen ja","breadcrumb":{"@id":"https:\/\/www.visitsaimaa.fi\/fi\/nae-ja-koe\/luontokohteet-ja-reitit\/rokansaari\/#breadcrumb"},"inLanguage":"fi","potentialAction":[{"@type":"ReadAction","target":["https:\/\/www.visitsaimaa.fi\/fi\/nae-ja-koe\/luontokohteet-ja-reitit\/rokansaari\/"]}]},{"@type":"BreadcrumbList","@id":"https:\/\/www.visitsaimaa.fi\/fi\/nae-ja-koe\/luontokohteet-ja-reitit\/rokansaari\/#breadcrumb","itemListElement":[{"@type":"ListItem","position":1,"name":"Visit Saimaa","item":"https:\/\/www.visitsaimaa.fi\/fi\/"},{"@type":"ListItem","position":2,"name":"N\u00e4e ja koe","item":"https:\/\/www.visitsaimaa.fi\/fi\/nae-ja-koe\/"},{"@type":"ListItem","position":3,"name":"Luontokohteet ja -reitit","item":"https:\/\/www.visitsaimaa.fi\/fi\/nae-ja-koe\/luontokohteet-ja-reitit\/"},{"@type":"ListItem","position":4,"name":"Rokansaari Puumalassa"}]},{"@type":"WebSite","@id":"https:\/\/www.visitsaimaa.fi\/fi\/#website","url":"https:\/\/www.visitsaimaa.fi\/fi\/","name":"Visit Saimaa","description":"The Official Travel Guide of Lakeland Saimaa","potentialAction":[{"@type":"SearchAction","target":{"@type":"EntryPoint","urlTemplate":"https:\/\/www.visitsaimaa.fi\/fi\/?s={search_term_string}"},"query-input":{"@type":"PropertyValueSpecification","valueRequired":true,"valueName":"search_term_string"}}],"inLanguage":"fi"}]}},"_links":{"self":[{"href":"https:\/\/www.visitsaimaa.fi\/fi\/wp-json\/wp\/v2\/pages\/25987","targetHints":{"allow":["GET"]}}],"collection":[{"href":"https:\/\/www.visitsaimaa.fi\/fi\/wp-json\/wp\/v2\/pages"}],"about":[{"href":"https:\/\/www.visitsaimaa.fi\/fi\/wp-json\/wp\/v2\/types\/page"}],"author":[{"embeddable":true,"href":"https:\/\/www.visitsaimaa.fi\/fi\/wp-json\/wp\/v2\/users\/62"}],"replies":[{"embeddable":true,"href":"https:\/\/www.visitsaimaa.fi\/fi\/wp-json\/wp\/v2\/comments?post=25987"}],"version-history":[{"count":1,"href":"https:\/\/www.visitsaimaa.fi\/fi\/wp-json\/wp\/v2\/pages\/25987\/revisions"}],"predecessor-version":[{"id":25988,"href":"https:\/\/www.visitsaimaa.fi\/fi\/wp-json\/wp\/v2\/pages\/25987\/revisions\/25988"}],"up":[{"embeddable":true,"href":"https:\/\/www.visitsaimaa.fi\/fi\/wp-json\/wp\/v2\/pages\/12445"}],"wp:attachment":[{"href":"https:\/\/www.visitsaimaa.fi\/fi\/wp-json\/wp\/v2\/media?parent=25987"}],"wp:term":[{"taxonomy":"relatedcontent","embeddable":true,"href":"https:\/\/www.visitsaimaa.fi\/fi\/wp-json\/wp\/v2\/relatedcontent?post=25987"}],"curies":[{"name":"wp","href":"https:\/\/api.w.org\/{rel}","templated":true}]}}