{"id":25836,"date":"2022-03-31T17:39:54","date_gmt":"2022-03-31T14:39:54","guid":{"rendered":"https:\/\/www.visitsaimaa.fi\/?page_id=25836"},"modified":"2023-09-07T19:41:59","modified_gmt":"2023-09-07T16:41:59","slug":"vihrean-kullan-kulttuuritie","status":"publish","type":"page","link":"https:\/\/www.visitsaimaa.fi\/fi\/nae-ja-koe\/kayntikohteet\/vihrean-kullan-kulttuuritie\/","title":{"rendered":"Vihre\u00e4n kullan kulttuuritie"},"content":{"rendered":"<p>[vc_row][vc_column width=&#8221;1\/2&#8243;][vc_single_image image=&#8221;25837&#8243; img_size=&#8221;full&#8221; css=&#8221;.vc_custom_1648733985642{padding-top: 30px !important;}&#8221;][\/vc_column][vc_column width=&#8221;1\/2&#8243; css=&#8221;.vc_custom_1588155965355{padding-right: 50px !important;padding-left: 50px !important;}&#8221;][vc_column_text]<\/p>\n<h2>Vihre\u00e4n kullan kulttuuritien aarteet<\/h2>\n<p>[\/vc_column_text][vc_separator style=&#8221;dashed&#8221; border_width=&#8221;2&#8243;][vc_column_text]<em>Vihre\u00e4n kullan kulttuuritie on upea matkailutie M\u00e4ntyharjusta Ristiinan, Puumalan, Sulkavan, Savonlinnan\u00a0 kautta Punkaharjulle ja Suomen Mets\u00e4museo Lustoon<\/em>. <em>Kulttuuritie vie kylien, kaupunkien, mets\u00e4isten taipaleiden ja idyllisten maalaismaisemien l\u00e4pi kiert\u00e4en Saimaan ja j\u00e4rvien rantoja. Kulttuuritien voi kulkea autolla, py\u00f6r\u00e4ll\u00e4 tai l\u00e4hte\u00e4 reissuun jalkaisin. Reitin pituus on 250 km.<\/em><\/p>\n<hr \/>\n<h3>Vihre\u00e4n kullan reitti johdattaa mets\u00e4n ja Saimaan saloihin<\/h3>\n<p>Kulttuuritien varrella mets\u00e4t, m\u00e4et ja j\u00e4rvet v\u00e4ritt\u00e4v\u00e4t maisemaa. Ristiinassa kannattaa poiketa <a href=\"https:\/\/www.visitsaimaa.fi\/fi\/astuvansalmen-kalliomaalaukset-historialliset-graffitit-saimaalla\/\" target=\"_blank\" rel=\"noopener\">Astuvansalmen kalliomaalauksilla<\/a> kokemassa vuosituhansien takaista kalliotaidetta ja aistimassa aikaa, jolloin mets\u00e4st\u00e4j\u00e4t eliv\u00e4t luonnon antimista ja palvoivat metsien luonnonhenki\u00e4. Saimaan h\u00e4ik\u00e4isevist\u00e4 maisemista saa nauttia my\u00f6s matkan jatkuessa Lietvedelle, Puumalaan, Sulkavan harjuille, Savonlinnaan ja Punkaharjulle. Saimaan vesireittien merkityksest\u00e4 ja kiehtovasta historiasta kertoo Savonlinnaan keskiajalla rakennettu <a href=\"https:\/\/www.visitsaimaa.fi\/fi\/olavinlinna-ja-riihisaari\/\">Olavinlinna<\/a>. Punkaharjun harjutiet johdattavat <a href=\"https:\/\/lusto.fi\/\" target=\"_blank\" rel=\"noopener\">Suomen Mets\u00e4museo Lustoon<\/a>, joka avaa niin pienille kuin isommillekin k\u00e4vij\u00f6ille metsien ja suomalaisten suhdetta, mets\u00e4n historiaa ja ihmeellisyytt\u00e4.<\/p>\n<h3>Poikkea my\u00f6s n\u00e4iss\u00e4 matkan varrella<\/h3>\n<ul>\n<li>Kipua <a href=\"https:\/\/www.visitsaimaa.fi\/fi\/neitvuori\/\" target=\"_blank\" rel=\"noopener\">Neitvuorelle <\/a>Anttolassa, Saimaan katolle, ja ihastele n\u00e4kymi\u00e4 pitk\u00e4lle Luonterin sel\u00e4lle.<\/li>\n<li><a href=\"https:\/\/www.visitsaimaa.fi\/fi\/reitit\/saimaan-charmantit\/sahanlahti-resort\/\" target=\"_blank\" rel=\"noopener\">Sahanlahti Resortissa<\/a> Puumalassa puulla ja Saimaalla on yhteinen historia. Vieh\u00e4tt\u00e4v\u00e4 matkailukeskus ravintoloineen ja huviloineen on rakennettu vanhan vesisahan milj\u00f6\u00f6seen Saimaan rannalle.<\/li>\n<li>Nauti Saimaan aitoa gastronomiaa esimerkiksi Sahanlahden ravintoloissa, Ravintola Niinipuussa Puumalassa tai Hotelli Punkaharjun villiruokaravintolassa. L\u00f6yd\u00e4 <a href=\"https:\/\/www.visitsaimaa.fi\/fi\/ruoka\/\">Saimaan herkkup\u00f6yd\u00e4t<\/a> ja <a href=\"https:\/\/www.visitsaimaa.fi\/fi\/majoitu\/\">mukavimmat majoitukset<\/a>.<\/li>\n<\/ul>\n<p>[\/vc_column_text][\/vc_column][\/vc_row]<\/p>\n","protected":false},"excerpt":{"rendered":"<p>[vc_row][vc_column width=&#8221;1\/2&#8243;][vc_single_image image=&#8221;25837&#8243; img_size=&#8221;full&#8221; css=&#8221;.vc_custom_1648733985642{padding-top: 30px !important;}&#8221;][\/vc_column][vc_column width=&#8221;1\/2&#8243; css=&#8221;.vc_custom_1588155965355{padding-right: 50px !important;padding-left: 50px !important;}&#8221;][vc_column_text] Vihre\u00e4n kullan kulttuuritien aarteet [\/vc_column_text][vc_separator style=&#8221;dashed&#8221; border_width=&#8221;2&#8243;][vc_column_text]Vihre\u00e4n kullan kulttuuritie on upea matkailutie M\u00e4ntyharjusta Ristiinan, Puumalan, Sulkavan, Savonlinnan\u00a0 [&hellip;]<\/p>\n","protected":false},"author":62,"featured_media":0,"parent":29043,"menu_order":0,"comment_status":"closed","ping_status":"closed","template":"","meta":{"footnotes":""},"relatedcontent":[],"class_list":["post-25836","page","type-page","status-publish","hentry"],"yoast_head":"<!-- This site is optimized with the Yoast SEO Premium plugin v27.3 (Yoast SEO v27.3) - https:\/\/yoast.com\/product\/yoast-seo-premium-wordpress\/ -->\n<title>Vihre\u00e4n kullan kulttuuritie - Visit Saimaa<\/title>\n<meta name=\"description\" content=\"Vihre\u00e4n kullan kulttuuritien aarteet Vihre\u00e4n kullan kulttuuritie on upea matkailutie M\u00e4ntyharjusta Ristiinan, Puumalan, Sulkavan, Savonlinnan\u00a0 kautta\" \/>\n<meta name=\"robots\" content=\"index, follow, max-snippet:-1, max-image-preview:large, max-video-preview:-1\" \/>\n<link rel=\"canonical\" href=\"https:\/\/www.visitsaimaa.fi\/fi\/nae-ja-koe\/kayntikohteet\/vihrean-kullan-kulttuuritie\/\" \/>\n<meta property=\"og:locale\" content=\"fi_FI\" \/>\n<meta property=\"og:type\" content=\"article\" \/>\n<meta property=\"og:title\" content=\"Vihre\u00e4n kullan kulttuuritie\" \/>\n<meta property=\"og:description\" content=\"Vihre\u00e4n kullan kulttuuritien aarteet Vihre\u00e4n kullan kulttuuritie on upea matkailutie M\u00e4ntyharjusta Ristiinan, Puumalan, Sulkavan, Savonlinnan\u00a0 kautta\" \/>\n<meta property=\"og:url\" content=\"https:\/\/www.visitsaimaa.fi\/fi\/nae-ja-koe\/kayntikohteet\/vihrean-kullan-kulttuuritie\/\" \/>\n<meta property=\"og:site_name\" content=\"Visit Saimaa\" \/>\n<meta property=\"article:modified_time\" content=\"2023-09-07T16:41:59+00:00\" \/>\n<meta name=\"twitter:label1\" content=\"Arvioitu lukuaika\" \/>\n\t<meta name=\"twitter:data1\" content=\"2 minuuttia\" \/>\n<script type=\"application\/ld+json\" class=\"yoast-schema-graph\">{\"@context\":\"https:\\\/\\\/schema.org\",\"@graph\":[{\"@type\":\"WebPage\",\"@id\":\"https:\\\/\\\/www.visitsaimaa.fi\\\/fi\\\/nae-ja-koe\\\/kayntikohteet\\\/vihrean-kullan-kulttuuritie\\\/\",\"url\":\"https:\\\/\\\/www.visitsaimaa.fi\\\/fi\\\/nae-ja-koe\\\/kayntikohteet\\\/vihrean-kullan-kulttuuritie\\\/\",\"name\":\"Vihre\u00e4n kullan kulttuuritie - Visit Saimaa\",\"isPartOf\":{\"@id\":\"https:\\\/\\\/www.visitsaimaa.fi\\\/fi\\\/#website\"},\"datePublished\":\"2022-03-31T14:39:54+00:00\",\"dateModified\":\"2023-09-07T16:41:59+00:00\",\"description\":\"Vihre\u00e4n kullan kulttuuritien aarteet Vihre\u00e4n kullan kulttuuritie on upea matkailutie M\u00e4ntyharjusta Ristiinan, Puumalan, Sulkavan, Savonlinnan\u00a0 kautta\",\"breadcrumb\":{\"@id\":\"https:\\\/\\\/www.visitsaimaa.fi\\\/fi\\\/nae-ja-koe\\\/kayntikohteet\\\/vihrean-kullan-kulttuuritie\\\/#breadcrumb\"},\"inLanguage\":\"fi\",\"potentialAction\":[{\"@type\":\"ReadAction\",\"target\":[\"https:\\\/\\\/www.visitsaimaa.fi\\\/fi\\\/nae-ja-koe\\\/kayntikohteet\\\/vihrean-kullan-kulttuuritie\\\/\"]}]},{\"@type\":\"BreadcrumbList\",\"@id\":\"https:\\\/\\\/www.visitsaimaa.fi\\\/fi\\\/nae-ja-koe\\\/kayntikohteet\\\/vihrean-kullan-kulttuuritie\\\/#breadcrumb\",\"itemListElement\":[{\"@type\":\"ListItem\",\"position\":1,\"name\":\"Visit Saimaa\",\"item\":\"https:\\\/\\\/www.visitsaimaa.fi\\\/fi\\\/\"},{\"@type\":\"ListItem\",\"position\":2,\"name\":\"N\u00e4e ja koe\",\"item\":\"https:\\\/\\\/www.visitsaimaa.fi\\\/fi\\\/nae-ja-koe\\\/\"},{\"@type\":\"ListItem\",\"position\":3,\"name\":\"K\u00e4yntikohteet\",\"item\":\"https:\\\/\\\/www.visitsaimaa.fi\\\/fi\\\/nae-ja-koe\\\/kayntikohteet\\\/\"},{\"@type\":\"ListItem\",\"position\":4,\"name\":\"Vihre\u00e4n kullan kulttuuritie\"}]},{\"@type\":\"WebSite\",\"@id\":\"https:\\\/\\\/www.visitsaimaa.fi\\\/fi\\\/#website\",\"url\":\"https:\\\/\\\/www.visitsaimaa.fi\\\/fi\\\/\",\"name\":\"Visit Saimaa\",\"description\":\"The Official Travel Guide of Lakeland Saimaa\",\"potentialAction\":[{\"@type\":\"SearchAction\",\"target\":{\"@type\":\"EntryPoint\",\"urlTemplate\":\"https:\\\/\\\/www.visitsaimaa.fi\\\/fi\\\/?s={search_term_string}\"},\"query-input\":{\"@type\":\"PropertyValueSpecification\",\"valueRequired\":true,\"valueName\":\"search_term_string\"}}],\"inLanguage\":\"fi\"}]}<\/script>\n<!-- \/ Yoast SEO Premium plugin. -->","yoast_head_json":{"title":"Vihre\u00e4n kullan kulttuuritie - Visit Saimaa","description":"Vihre\u00e4n kullan kulttuuritien aarteet Vihre\u00e4n kullan kulttuuritie on upea matkailutie M\u00e4ntyharjusta Ristiinan, Puumalan, Sulkavan, Savonlinnan\u00a0 kautta","robots":{"index":"index","follow":"follow","max-snippet":"max-snippet:-1","max-image-preview":"max-image-preview:large","max-video-preview":"max-video-preview:-1"},"canonical":"https:\/\/www.visitsaimaa.fi\/fi\/nae-ja-koe\/kayntikohteet\/vihrean-kullan-kulttuuritie\/","og_locale":"fi_FI","og_type":"article","og_title":"Vihre\u00e4n kullan kulttuuritie","og_description":"Vihre\u00e4n kullan kulttuuritien aarteet Vihre\u00e4n kullan kulttuuritie on upea matkailutie M\u00e4ntyharjusta Ristiinan, Puumalan, Sulkavan, Savonlinnan\u00a0 kautta","og_url":"https:\/\/www.visitsaimaa.fi\/fi\/nae-ja-koe\/kayntikohteet\/vihrean-kullan-kulttuuritie\/","og_site_name":"Visit Saimaa","article_modified_time":"2023-09-07T16:41:59+00:00","twitter_misc":{"Arvioitu lukuaika":"2 minuuttia"},"schema":{"@context":"https:\/\/schema.org","@graph":[{"@type":"WebPage","@id":"https:\/\/www.visitsaimaa.fi\/fi\/nae-ja-koe\/kayntikohteet\/vihrean-kullan-kulttuuritie\/","url":"https:\/\/www.visitsaimaa.fi\/fi\/nae-ja-koe\/kayntikohteet\/vihrean-kullan-kulttuuritie\/","name":"Vihre\u00e4n kullan kulttuuritie - Visit Saimaa","isPartOf":{"@id":"https:\/\/www.visitsaimaa.fi\/fi\/#website"},"datePublished":"2022-03-31T14:39:54+00:00","dateModified":"2023-09-07T16:41:59+00:00","description":"Vihre\u00e4n kullan kulttuuritien aarteet Vihre\u00e4n kullan kulttuuritie on upea matkailutie M\u00e4ntyharjusta Ristiinan, Puumalan, Sulkavan, Savonlinnan\u00a0 kautta","breadcrumb":{"@id":"https:\/\/www.visitsaimaa.fi\/fi\/nae-ja-koe\/kayntikohteet\/vihrean-kullan-kulttuuritie\/#breadcrumb"},"inLanguage":"fi","potentialAction":[{"@type":"ReadAction","target":["https:\/\/www.visitsaimaa.fi\/fi\/nae-ja-koe\/kayntikohteet\/vihrean-kullan-kulttuuritie\/"]}]},{"@type":"BreadcrumbList","@id":"https:\/\/www.visitsaimaa.fi\/fi\/nae-ja-koe\/kayntikohteet\/vihrean-kullan-kulttuuritie\/#breadcrumb","itemListElement":[{"@type":"ListItem","position":1,"name":"Visit Saimaa","item":"https:\/\/www.visitsaimaa.fi\/fi\/"},{"@type":"ListItem","position":2,"name":"N\u00e4e ja koe","item":"https:\/\/www.visitsaimaa.fi\/fi\/nae-ja-koe\/"},{"@type":"ListItem","position":3,"name":"K\u00e4yntikohteet","item":"https:\/\/www.visitsaimaa.fi\/fi\/nae-ja-koe\/kayntikohteet\/"},{"@type":"ListItem","position":4,"name":"Vihre\u00e4n kullan kulttuuritie"}]},{"@type":"WebSite","@id":"https:\/\/www.visitsaimaa.fi\/fi\/#website","url":"https:\/\/www.visitsaimaa.fi\/fi\/","name":"Visit Saimaa","description":"The Official Travel Guide of Lakeland Saimaa","potentialAction":[{"@type":"SearchAction","target":{"@type":"EntryPoint","urlTemplate":"https:\/\/www.visitsaimaa.fi\/fi\/?s={search_term_string}"},"query-input":{"@type":"PropertyValueSpecification","valueRequired":true,"valueName":"search_term_string"}}],"inLanguage":"fi"}]}},"_links":{"self":[{"href":"https:\/\/www.visitsaimaa.fi\/fi\/wp-json\/wp\/v2\/pages\/25836","targetHints":{"allow":["GET"]}}],"collection":[{"href":"https:\/\/www.visitsaimaa.fi\/fi\/wp-json\/wp\/v2\/pages"}],"about":[{"href":"https:\/\/www.visitsaimaa.fi\/fi\/wp-json\/wp\/v2\/types\/page"}],"author":[{"embeddable":true,"href":"https:\/\/www.visitsaimaa.fi\/fi\/wp-json\/wp\/v2\/users\/62"}],"replies":[{"embeddable":true,"href":"https:\/\/www.visitsaimaa.fi\/fi\/wp-json\/wp\/v2\/comments?post=25836"}],"version-history":[{"count":6,"href":"https:\/\/www.visitsaimaa.fi\/fi\/wp-json\/wp\/v2\/pages\/25836\/revisions"}],"predecessor-version":[{"id":25868,"href":"https:\/\/www.visitsaimaa.fi\/fi\/wp-json\/wp\/v2\/pages\/25836\/revisions\/25868"}],"up":[{"embeddable":true,"href":"https:\/\/www.visitsaimaa.fi\/fi\/wp-json\/wp\/v2\/pages\/29043"}],"wp:attachment":[{"href":"https:\/\/www.visitsaimaa.fi\/fi\/wp-json\/wp\/v2\/media?parent=25836"}],"wp:term":[{"taxonomy":"relatedcontent","embeddable":true,"href":"https:\/\/www.visitsaimaa.fi\/fi\/wp-json\/wp\/v2\/relatedcontent?post=25836"}],"curies":[{"name":"wp","href":"https:\/\/api.w.org\/{rel}","templated":true}]}}