{"id":25710,"date":"2022-03-14T15:09:03","date_gmt":"2022-03-14T13:09:03","guid":{"rendered":"https:\/\/www.visitsaimaa.fi\/?page_id=25710"},"modified":"2023-09-07T19:44:57","modified_gmt":"2023-09-07T16:44:57","slug":"ammakoski","status":"publish","type":"page","link":"https:\/\/www.visitsaimaa.fi\/fi\/nae-ja-koe\/kayntikohteet\/ammakoski\/","title":{"rendered":"\u00c4mm\u00e4koski kuohuu Vanhan Varkauden tunnelmaa"},"content":{"rendered":"<p>[vc_row][vc_column width=&#8221;1\/2&#8243; css=&#8221;.vc_custom_1619785287312{padding-top: 30px !important;padding-right: 50px !important;padding-left: 50px !important;}&#8221;][vc_single_image image=&#8221;25683&#8243; img_size=&#8221;full&#8221;][\/vc_column][vc_column width=&#8221;1\/2&#8243;][vc_column_text]<\/p>\n<h2>Ammenna virtaa ja voimaa \u00c4mm\u00e4kosken maisemista<\/h2>\n<p>[\/vc_column_text][vc_separator][vc_column_text]<em>Ihastu Varkauteen! Saimaan l\u00e4hiluontoon, historiaan ja teolliseen arkkitehtuuriin.\u00a0<\/em><\/p>\n<hr \/>\n<p><span style=\"font-weight: 400\">\u00c4mm\u00e4koski kuohuineen ja <a href=\"https:\/\/www.visitsaimaa.fi\/fi\/kamarin-saari-ja-ammankoski\/\">luontopolkuineen<\/a> tarjoaa mahtavat puitteet virkistykseen ja vapaa-ajan viettoon. T\u00e4\u00e4ll\u00e4, aivan Varkauden kaupunkikeskustan tuntumassa, luonto on tiiviiss\u00e4 yhteydess\u00e4 teollisen kulttuuriperinn\u00f6n kanssa. Juuri valmistuneet k\u00e4velysillat johdattavat kulkijansa P\u00e4ivi\u00f6nsaaren museoista, majoituskohteista ja ravintoloista satumaisten koskimaisemien l\u00e4pi, aina Taipaleen kanava-alueelle saakka.<\/span><\/p>\n<h3>Historiallinen koski kokee muodonmuutoksen<\/h3>\n<p><span style=\"font-weight: 400\">Varkauden kalaisat kosket kiinnostivat aikanaan my\u00f6s Ruotsin kruunua, ja Kustaa Vaasa julistikin er\u00e4maiden kuuluvan \u201dJumalalle, kuninkaalle ja Ruotsin kruunulle. Varkauteen syntyi Olavinlinnan alaisuudessa toiminut kruununkalastamo 1500-luvulla.\u00a0<\/span><\/p>\n<p>Varkauden koskien, metsien ja j\u00e4rvimalmivarantojen ymp\u00e4rille syntyi teollisuutta vuonna 1815 perustetun ruukin my\u00f6t\u00e4. Nyt teollisuuteen valjastettu koski on<span style=\"font-weight: 400\"> muuttamassa muotoaan.\u00a0 \u00c4mm\u00e4koskeen rakennetaan loppukes\u00e4ll\u00e4 2022 iso padon ohitusuoma, jota pitkin uhanalaiset vaelluskalat l\u00f6yt\u00e4v\u00e4t jatkossa tien lis\u00e4\u00e4ntymisalueilleen.\u00a0 Se on hyv\u00e4 uutinen my\u00f6s kalastuksen harrastajille.\u00a0<\/span><\/p>\n<p><span style=\"font-weight: 400\">Vanhan Varkauden alue rakentui aikanaan ruukin ymp\u00e4rille, ja se on merkitt\u00e4v\u00e4 rakennettu ja my\u00f6s suojeltu kulttuuriymp\u00e4rist\u00f6.\u00a0 <\/span><span style=\"font-weight: 400\">Vanha Varkaus -k\u00e4velykierros esittelee alueen ainutlaatuista arkkitehtuuria sek\u00e4 teollista kulttuuriperint\u00f6\u00e4 aina 1800-luvulta alkaen.<\/span><\/p>\n<p>Tule Varkauteen ja ihastu! Lue lis\u00e4\u00e4 <a href=\"http:\/\/www.visitvarkaus.fi\/\">Visit Varkauden<\/a> sivuilta.[\/vc_column_text][\/vc_column][\/vc_row][vc_column][\/vc_column]<\/p>\n","protected":false},"excerpt":{"rendered":"<p>[vc_row][vc_column width=&#8221;1\/2&#8243; css=&#8221;.vc_custom_1619785287312{padding-top: 30px !important;padding-right: 50px !important;padding-left: 50px !important;}&#8221;][vc_single_image image=&#8221;25683&#8243; img_size=&#8221;full&#8221;][\/vc_column][vc_column width=&#8221;1\/2&#8243;][vc_column_text] Ammenna virtaa ja voimaa \u00c4mm\u00e4kosken maisemista [\/vc_column_text][vc_separator][vc_column_text]Ihastu Varkauteen! Saimaan l\u00e4hiluontoon, historiaan ja teolliseen arkkitehtuuriin.\u00a0 \u00c4mm\u00e4koski kuohuineen ja luontopolkuineen [&hellip;]<\/p>\n","protected":false},"author":63,"featured_media":0,"parent":29043,"menu_order":0,"comment_status":"closed","ping_status":"closed","template":"","meta":{"footnotes":""},"relatedcontent":[],"class_list":["post-25710","page","type-page","status-publish","hentry"],"yoast_head":"<!-- This site is optimized with the Yoast SEO Premium plugin v27.3 (Yoast SEO v27.5) - https:\/\/yoast.com\/product\/yoast-seo-premium-wordpress\/ -->\n<title>\u00c4mm\u00e4koski kuohuu Vanhan Varkauden tunnelmaa - Visit Saimaa<\/title>\n<meta name=\"description\" content=\"Ammenna virtaa ja voimaa \u00c4mm\u00e4kosken maisemista Ihastu Varkauteen! Saimaan l\u00e4hiluontoon, historiaan ja teolliseen arkkitehtuuriin.\u00a0 \u00c4mm\u00e4koski kuohuineen ja\" \/>\n<meta name=\"robots\" content=\"index, follow, max-snippet:-1, max-image-preview:large, max-video-preview:-1\" \/>\n<link rel=\"canonical\" href=\"https:\/\/www.visitsaimaa.fi\/fi\/nae-ja-koe\/kayntikohteet\/ammakoski\/\" \/>\n<meta property=\"og:locale\" content=\"fi_FI\" \/>\n<meta property=\"og:type\" content=\"article\" \/>\n<meta property=\"og:title\" content=\"\u00c4mm\u00e4koski kuohuu Vanhan Varkauden tunnelmaa\" \/>\n<meta property=\"og:description\" content=\"Ammenna virtaa ja voimaa \u00c4mm\u00e4kosken maisemista Ihastu Varkauteen! Saimaan l\u00e4hiluontoon, historiaan ja teolliseen arkkitehtuuriin.\u00a0 \u00c4mm\u00e4koski kuohuineen ja\" \/>\n<meta property=\"og:url\" content=\"https:\/\/www.visitsaimaa.fi\/fi\/nae-ja-koe\/kayntikohteet\/ammakoski\/\" \/>\n<meta property=\"og:site_name\" content=\"Visit Saimaa\" \/>\n<meta property=\"article:modified_time\" content=\"2023-09-07T16:44:57+00:00\" \/>\n<meta name=\"twitter:label1\" content=\"Arvioitu lukuaika\" \/>\n\t<meta name=\"twitter:data1\" content=\"2 minuuttia\" \/>\n<script type=\"application\/ld+json\" class=\"yoast-schema-graph\">{\"@context\":\"https:\\\/\\\/schema.org\",\"@graph\":[{\"@type\":\"WebPage\",\"@id\":\"https:\\\/\\\/www.visitsaimaa.fi\\\/fi\\\/nae-ja-koe\\\/kayntikohteet\\\/ammakoski\\\/\",\"url\":\"https:\\\/\\\/www.visitsaimaa.fi\\\/fi\\\/nae-ja-koe\\\/kayntikohteet\\\/ammakoski\\\/\",\"name\":\"\u00c4mm\u00e4koski kuohuu Vanhan Varkauden tunnelmaa - Visit Saimaa\",\"isPartOf\":{\"@id\":\"https:\\\/\\\/www.visitsaimaa.fi\\\/fi\\\/#website\"},\"datePublished\":\"2022-03-14T13:09:03+00:00\",\"dateModified\":\"2023-09-07T16:44:57+00:00\",\"description\":\"Ammenna virtaa ja voimaa \u00c4mm\u00e4kosken maisemista Ihastu Varkauteen! Saimaan l\u00e4hiluontoon, historiaan ja teolliseen arkkitehtuuriin.\u00a0 \u00c4mm\u00e4koski kuohuineen ja\",\"breadcrumb\":{\"@id\":\"https:\\\/\\\/www.visitsaimaa.fi\\\/fi\\\/nae-ja-koe\\\/kayntikohteet\\\/ammakoski\\\/#breadcrumb\"},\"inLanguage\":\"fi\",\"potentialAction\":[{\"@type\":\"ReadAction\",\"target\":[\"https:\\\/\\\/www.visitsaimaa.fi\\\/fi\\\/nae-ja-koe\\\/kayntikohteet\\\/ammakoski\\\/\"]}]},{\"@type\":\"BreadcrumbList\",\"@id\":\"https:\\\/\\\/www.visitsaimaa.fi\\\/fi\\\/nae-ja-koe\\\/kayntikohteet\\\/ammakoski\\\/#breadcrumb\",\"itemListElement\":[{\"@type\":\"ListItem\",\"position\":1,\"name\":\"Visit Saimaa\",\"item\":\"https:\\\/\\\/www.visitsaimaa.fi\\\/fi\\\/\"},{\"@type\":\"ListItem\",\"position\":2,\"name\":\"N\u00e4e ja koe\",\"item\":\"https:\\\/\\\/www.visitsaimaa.fi\\\/fi\\\/nae-ja-koe\\\/\"},{\"@type\":\"ListItem\",\"position\":3,\"name\":\"K\u00e4yntikohteet\",\"item\":\"https:\\\/\\\/www.visitsaimaa.fi\\\/fi\\\/nae-ja-koe\\\/kayntikohteet\\\/\"},{\"@type\":\"ListItem\",\"position\":4,\"name\":\"\u00c4mm\u00e4koski kuohuu Vanhan Varkauden tunnelmaa\"}]},{\"@type\":\"WebSite\",\"@id\":\"https:\\\/\\\/www.visitsaimaa.fi\\\/fi\\\/#website\",\"url\":\"https:\\\/\\\/www.visitsaimaa.fi\\\/fi\\\/\",\"name\":\"Visit Saimaa\",\"description\":\"The Official Travel Guide of Lakeland Saimaa\",\"potentialAction\":[{\"@type\":\"SearchAction\",\"target\":{\"@type\":\"EntryPoint\",\"urlTemplate\":\"https:\\\/\\\/www.visitsaimaa.fi\\\/fi\\\/?s={search_term_string}\"},\"query-input\":{\"@type\":\"PropertyValueSpecification\",\"valueRequired\":true,\"valueName\":\"search_term_string\"}}],\"inLanguage\":\"fi\"}]}<\/script>\n<!-- \/ Yoast SEO Premium plugin. -->","yoast_head_json":{"title":"\u00c4mm\u00e4koski kuohuu Vanhan Varkauden tunnelmaa - Visit Saimaa","description":"Ammenna virtaa ja voimaa \u00c4mm\u00e4kosken maisemista Ihastu Varkauteen! Saimaan l\u00e4hiluontoon, historiaan ja teolliseen arkkitehtuuriin.\u00a0 \u00c4mm\u00e4koski kuohuineen ja","robots":{"index":"index","follow":"follow","max-snippet":"max-snippet:-1","max-image-preview":"max-image-preview:large","max-video-preview":"max-video-preview:-1"},"canonical":"https:\/\/www.visitsaimaa.fi\/fi\/nae-ja-koe\/kayntikohteet\/ammakoski\/","og_locale":"fi_FI","og_type":"article","og_title":"\u00c4mm\u00e4koski kuohuu Vanhan Varkauden tunnelmaa","og_description":"Ammenna virtaa ja voimaa \u00c4mm\u00e4kosken maisemista Ihastu Varkauteen! Saimaan l\u00e4hiluontoon, historiaan ja teolliseen arkkitehtuuriin.\u00a0 \u00c4mm\u00e4koski kuohuineen ja","og_url":"https:\/\/www.visitsaimaa.fi\/fi\/nae-ja-koe\/kayntikohteet\/ammakoski\/","og_site_name":"Visit Saimaa","article_modified_time":"2023-09-07T16:44:57+00:00","twitter_misc":{"Arvioitu lukuaika":"2 minuuttia"},"schema":{"@context":"https:\/\/schema.org","@graph":[{"@type":"WebPage","@id":"https:\/\/www.visitsaimaa.fi\/fi\/nae-ja-koe\/kayntikohteet\/ammakoski\/","url":"https:\/\/www.visitsaimaa.fi\/fi\/nae-ja-koe\/kayntikohteet\/ammakoski\/","name":"\u00c4mm\u00e4koski kuohuu Vanhan Varkauden tunnelmaa - Visit Saimaa","isPartOf":{"@id":"https:\/\/www.visitsaimaa.fi\/fi\/#website"},"datePublished":"2022-03-14T13:09:03+00:00","dateModified":"2023-09-07T16:44:57+00:00","description":"Ammenna virtaa ja voimaa \u00c4mm\u00e4kosken maisemista Ihastu Varkauteen! Saimaan l\u00e4hiluontoon, historiaan ja teolliseen arkkitehtuuriin.\u00a0 \u00c4mm\u00e4koski kuohuineen ja","breadcrumb":{"@id":"https:\/\/www.visitsaimaa.fi\/fi\/nae-ja-koe\/kayntikohteet\/ammakoski\/#breadcrumb"},"inLanguage":"fi","potentialAction":[{"@type":"ReadAction","target":["https:\/\/www.visitsaimaa.fi\/fi\/nae-ja-koe\/kayntikohteet\/ammakoski\/"]}]},{"@type":"BreadcrumbList","@id":"https:\/\/www.visitsaimaa.fi\/fi\/nae-ja-koe\/kayntikohteet\/ammakoski\/#breadcrumb","itemListElement":[{"@type":"ListItem","position":1,"name":"Visit Saimaa","item":"https:\/\/www.visitsaimaa.fi\/fi\/"},{"@type":"ListItem","position":2,"name":"N\u00e4e ja koe","item":"https:\/\/www.visitsaimaa.fi\/fi\/nae-ja-koe\/"},{"@type":"ListItem","position":3,"name":"K\u00e4yntikohteet","item":"https:\/\/www.visitsaimaa.fi\/fi\/nae-ja-koe\/kayntikohteet\/"},{"@type":"ListItem","position":4,"name":"\u00c4mm\u00e4koski kuohuu Vanhan Varkauden tunnelmaa"}]},{"@type":"WebSite","@id":"https:\/\/www.visitsaimaa.fi\/fi\/#website","url":"https:\/\/www.visitsaimaa.fi\/fi\/","name":"Visit Saimaa","description":"The Official Travel Guide of Lakeland Saimaa","potentialAction":[{"@type":"SearchAction","target":{"@type":"EntryPoint","urlTemplate":"https:\/\/www.visitsaimaa.fi\/fi\/?s={search_term_string}"},"query-input":{"@type":"PropertyValueSpecification","valueRequired":true,"valueName":"search_term_string"}}],"inLanguage":"fi"}]}},"_links":{"self":[{"href":"https:\/\/www.visitsaimaa.fi\/fi\/wp-json\/wp\/v2\/pages\/25710","targetHints":{"allow":["GET"]}}],"collection":[{"href":"https:\/\/www.visitsaimaa.fi\/fi\/wp-json\/wp\/v2\/pages"}],"about":[{"href":"https:\/\/www.visitsaimaa.fi\/fi\/wp-json\/wp\/v2\/types\/page"}],"author":[{"embeddable":true,"href":"https:\/\/www.visitsaimaa.fi\/fi\/wp-json\/wp\/v2\/users\/63"}],"replies":[{"embeddable":true,"href":"https:\/\/www.visitsaimaa.fi\/fi\/wp-json\/wp\/v2\/comments?post=25710"}],"version-history":[{"count":9,"href":"https:\/\/www.visitsaimaa.fi\/fi\/wp-json\/wp\/v2\/pages\/25710\/revisions"}],"predecessor-version":[{"id":25859,"href":"https:\/\/www.visitsaimaa.fi\/fi\/wp-json\/wp\/v2\/pages\/25710\/revisions\/25859"}],"up":[{"embeddable":true,"href":"https:\/\/www.visitsaimaa.fi\/fi\/wp-json\/wp\/v2\/pages\/29043"}],"wp:attachment":[{"href":"https:\/\/www.visitsaimaa.fi\/fi\/wp-json\/wp\/v2\/media?parent=25710"}],"wp:term":[{"taxonomy":"relatedcontent","embeddable":true,"href":"https:\/\/www.visitsaimaa.fi\/fi\/wp-json\/wp\/v2\/relatedcontent?post=25710"}],"curies":[{"name":"wp","href":"https:\/\/api.w.org\/{rel}","templated":true}]}}