{"id":25704,"date":"2022-03-14T14:06:15","date_gmt":"2022-03-14T12:06:15","guid":{"rendered":"https:\/\/www.visitsaimaa.fi\/?page_id=25704"},"modified":"2023-09-07T19:27:24","modified_gmt":"2023-09-07T16:27:24","slug":"mikkelin-tori","status":"publish","type":"page","link":"https:\/\/www.visitsaimaa.fi\/fi\/nae-ja-koe\/kayntikohteet\/mikkelin-tori\/","title":{"rendered":"Mikkelin tori"},"content":{"rendered":"<p>[vc_row][vc_column width=&#8221;1\/2&#8243; css=&#8221;.vc_custom_1619785287312{padding-top: 30px !important;padding-right: 50px !important;padding-left: 50px !important;}&#8221;][vc_single_image image=&#8221;25687&#8243; img_size=&#8221;full&#8221;][\/vc_column][vc_column width=&#8221;1\/2&#8243;][vc_column_text]<\/p>\n<h2>Saimaan hyv\u00e4 tunnelma kutsuu Mikkelin torille<\/h2>\n<p>[\/vc_column_text][vc_separator][vc_column_text]<em>Mikkelin torilla maistat ne parhaat paistetut muikut, makeimmat mansikat ja saat l\u00e4hes takuuvarmasti my\u00f6s juttuseuraa &#8211; sit\u00e4 halutessasi. Torikahvilassa nautit maistuvat kahvit katetussa teltassa vaikka tammikuun pakkasilla. Ja kes\u00e4ll\u00e4 voit valita torikahviloista sen kaikkein aurinkoisimman kahvilaterassin.<\/em><\/p>\n<hr \/>\n<h3>Saimaan tuoreet ja puhtaat raaka-aineet<\/h3>\n<p>Torilta l\u00f6yd\u00e4t niin l\u00e4hiseudun puhtaat ja tuoreet raaka-aineet kuin valmiitkin tuotteet. K\u00e4sity\u00f6l\u00e4iset, kuten kori- ja nahkatuotteiden valmistajat, kokoontuvat sankoin joukoin kuukausimarkkinoille joka kuukauden ensimm\u00e4isen\u00e4 lauantaina. Normaalia torikauppaa tehd\u00e4\u00e4n ymp\u00e4ri vuoden ja kes\u00e4ll\u00e4 viikon jokaisena p\u00e4iv\u00e4n\u00e4.<\/p>\n<p>Mikkelin tori on syd\u00e4n keskell\u00e4 kaupunkia, miss\u00e4 on tehty kauppaa jo 1700-luvulta l\u00e4htien. Nykyisin se tunnetaan ymp\u00e4ri Suomen leppoisana kohtaamispaikkana ja erinomaisena l\u00e4hiseudun tuottajien myyntipaikkana. Maankuulu tori tarjoaa ainekset aitoihin makuihin ja kohtaamisiin.<\/p>\n<h3>Majoitus- ja ravintolavinkit Mikkeliss\u00e4<\/h3>\n<p>Mikkeliss\u00e4 y\u00f6vyt ja herkuttelet tunnelmallisessa kartanomilj\u00f6\u00f6ss\u00e4 <a href=\"https:\/\/www.visitsaimaa.fi\/fi\/reitit\/saimaan-charmantit\/tertin-kartano\/\">Tertin kartanossa.<\/a> <a href=\"https:\/\/www.visitsaimaa.fi\/fi\/reitit\/saimaan-charmantit\/kyyhkylan-kartano-ja-hotelli\/\">Kyyhkyl\u00e4n Kartano<\/a> Saimaan rannalla tarjoaa majoitusta historiallisessa kartanohotellissa. D.O. Saimaan tuotteet nappaat mukaasi pappilamilj\u00f6\u00f6 <a href=\"https:\/\/www.visitsaimaa.fi\/fi\/reitit\/saimaan-charmantit\/kenkavero\/\">Kenk\u00e4verosta,<\/a> ja paikallisen viinitilan tuotteet <a href=\"https:\/\/www.visitsaimaa.fi\/fi\/reitit\/saimaan-charmantit\/ollinmaen-viinitila\/\">Ollinm\u00e4en viinitilalta<\/a>.[\/vc_column_text][\/vc_column][\/vc_row][vc_column][\/vc_column]<\/p>\n","protected":false},"excerpt":{"rendered":"<p>[vc_row][vc_column width=&#8221;1\/2&#8243; css=&#8221;.vc_custom_1619785287312{padding-top: 30px !important;padding-right: 50px !important;padding-left: 50px !important;}&#8221;][vc_single_image image=&#8221;25687&#8243; img_size=&#8221;full&#8221;][\/vc_column][vc_column width=&#8221;1\/2&#8243;][vc_column_text] Saimaan hyv\u00e4 tunnelma kutsuu Mikkelin torille [\/vc_column_text][vc_separator][vc_column_text]Mikkelin torilla maistat ne parhaat paistetut muikut, makeimmat mansikat ja saat l\u00e4hes [&hellip;]<\/p>\n","protected":false},"author":63,"featured_media":0,"parent":29043,"menu_order":0,"comment_status":"closed","ping_status":"closed","template":"","meta":{"footnotes":""},"relatedcontent":[],"class_list":["post-25704","page","type-page","status-publish","hentry"],"yoast_head":"<!-- This site is optimized with the Yoast SEO Premium plugin v27.3 (Yoast SEO v27.5) - https:\/\/yoast.com\/product\/yoast-seo-premium-wordpress\/ -->\n<title>Mikkelin tori - Visit Saimaa<\/title>\n<meta name=\"description\" content=\"Saimaan hyv\u00e4 tunnelma kutsuu Mikkelin torille Mikkelin torilla maistat ne parhaat paistetut muikut, makeimmat mansikat ja saat l\u00e4hes takuuvarmasti my\u00f6s\" \/>\n<meta name=\"robots\" content=\"index, follow, max-snippet:-1, max-image-preview:large, max-video-preview:-1\" \/>\n<link rel=\"canonical\" href=\"https:\/\/www.visitsaimaa.fi\/fi\/nae-ja-koe\/kayntikohteet\/mikkelin-tori\/\" \/>\n<meta property=\"og:locale\" content=\"fi_FI\" \/>\n<meta property=\"og:type\" content=\"article\" \/>\n<meta property=\"og:title\" content=\"Mikkelin tori\" \/>\n<meta property=\"og:description\" content=\"Saimaan hyv\u00e4 tunnelma kutsuu Mikkelin torille Mikkelin torilla maistat ne parhaat paistetut muikut, makeimmat mansikat ja saat l\u00e4hes takuuvarmasti my\u00f6s\" \/>\n<meta property=\"og:url\" content=\"https:\/\/www.visitsaimaa.fi\/fi\/nae-ja-koe\/kayntikohteet\/mikkelin-tori\/\" \/>\n<meta property=\"og:site_name\" content=\"Visit Saimaa\" \/>\n<meta property=\"article:modified_time\" content=\"2023-09-07T16:27:24+00:00\" \/>\n<meta name=\"twitter:label1\" content=\"Arvioitu lukuaika\" \/>\n\t<meta name=\"twitter:data1\" content=\"1 minuutti\" \/>\n<script type=\"application\/ld+json\" class=\"yoast-schema-graph\">{\"@context\":\"https:\\\/\\\/schema.org\",\"@graph\":[{\"@type\":\"WebPage\",\"@id\":\"https:\\\/\\\/www.visitsaimaa.fi\\\/fi\\\/nae-ja-koe\\\/kayntikohteet\\\/mikkelin-tori\\\/\",\"url\":\"https:\\\/\\\/www.visitsaimaa.fi\\\/fi\\\/nae-ja-koe\\\/kayntikohteet\\\/mikkelin-tori\\\/\",\"name\":\"Mikkelin tori - Visit Saimaa\",\"isPartOf\":{\"@id\":\"https:\\\/\\\/www.visitsaimaa.fi\\\/fi\\\/#website\"},\"datePublished\":\"2022-03-14T12:06:15+00:00\",\"dateModified\":\"2023-09-07T16:27:24+00:00\",\"description\":\"Saimaan hyv\u00e4 tunnelma kutsuu Mikkelin torille Mikkelin torilla maistat ne parhaat paistetut muikut, makeimmat mansikat ja saat l\u00e4hes takuuvarmasti my\u00f6s\",\"breadcrumb\":{\"@id\":\"https:\\\/\\\/www.visitsaimaa.fi\\\/fi\\\/nae-ja-koe\\\/kayntikohteet\\\/mikkelin-tori\\\/#breadcrumb\"},\"inLanguage\":\"fi\",\"potentialAction\":[{\"@type\":\"ReadAction\",\"target\":[\"https:\\\/\\\/www.visitsaimaa.fi\\\/fi\\\/nae-ja-koe\\\/kayntikohteet\\\/mikkelin-tori\\\/\"]}]},{\"@type\":\"BreadcrumbList\",\"@id\":\"https:\\\/\\\/www.visitsaimaa.fi\\\/fi\\\/nae-ja-koe\\\/kayntikohteet\\\/mikkelin-tori\\\/#breadcrumb\",\"itemListElement\":[{\"@type\":\"ListItem\",\"position\":1,\"name\":\"Visit Saimaa\",\"item\":\"https:\\\/\\\/www.visitsaimaa.fi\\\/fi\\\/\"},{\"@type\":\"ListItem\",\"position\":2,\"name\":\"N\u00e4e ja koe\",\"item\":\"https:\\\/\\\/www.visitsaimaa.fi\\\/fi\\\/nae-ja-koe\\\/\"},{\"@type\":\"ListItem\",\"position\":3,\"name\":\"K\u00e4yntikohteet\",\"item\":\"https:\\\/\\\/www.visitsaimaa.fi\\\/fi\\\/nae-ja-koe\\\/kayntikohteet\\\/\"},{\"@type\":\"ListItem\",\"position\":4,\"name\":\"Mikkelin tori\"}]},{\"@type\":\"WebSite\",\"@id\":\"https:\\\/\\\/www.visitsaimaa.fi\\\/fi\\\/#website\",\"url\":\"https:\\\/\\\/www.visitsaimaa.fi\\\/fi\\\/\",\"name\":\"Visit Saimaa\",\"description\":\"The Official Travel Guide of Lakeland Saimaa\",\"potentialAction\":[{\"@type\":\"SearchAction\",\"target\":{\"@type\":\"EntryPoint\",\"urlTemplate\":\"https:\\\/\\\/www.visitsaimaa.fi\\\/fi\\\/?s={search_term_string}\"},\"query-input\":{\"@type\":\"PropertyValueSpecification\",\"valueRequired\":true,\"valueName\":\"search_term_string\"}}],\"inLanguage\":\"fi\"}]}<\/script>\n<!-- \/ Yoast SEO Premium plugin. -->","yoast_head_json":{"title":"Mikkelin tori - Visit Saimaa","description":"Saimaan hyv\u00e4 tunnelma kutsuu Mikkelin torille Mikkelin torilla maistat ne parhaat paistetut muikut, makeimmat mansikat ja saat l\u00e4hes takuuvarmasti my\u00f6s","robots":{"index":"index","follow":"follow","max-snippet":"max-snippet:-1","max-image-preview":"max-image-preview:large","max-video-preview":"max-video-preview:-1"},"canonical":"https:\/\/www.visitsaimaa.fi\/fi\/nae-ja-koe\/kayntikohteet\/mikkelin-tori\/","og_locale":"fi_FI","og_type":"article","og_title":"Mikkelin tori","og_description":"Saimaan hyv\u00e4 tunnelma kutsuu Mikkelin torille Mikkelin torilla maistat ne parhaat paistetut muikut, makeimmat mansikat ja saat l\u00e4hes takuuvarmasti my\u00f6s","og_url":"https:\/\/www.visitsaimaa.fi\/fi\/nae-ja-koe\/kayntikohteet\/mikkelin-tori\/","og_site_name":"Visit Saimaa","article_modified_time":"2023-09-07T16:27:24+00:00","twitter_misc":{"Arvioitu lukuaika":"1 minuutti"},"schema":{"@context":"https:\/\/schema.org","@graph":[{"@type":"WebPage","@id":"https:\/\/www.visitsaimaa.fi\/fi\/nae-ja-koe\/kayntikohteet\/mikkelin-tori\/","url":"https:\/\/www.visitsaimaa.fi\/fi\/nae-ja-koe\/kayntikohteet\/mikkelin-tori\/","name":"Mikkelin tori - Visit Saimaa","isPartOf":{"@id":"https:\/\/www.visitsaimaa.fi\/fi\/#website"},"datePublished":"2022-03-14T12:06:15+00:00","dateModified":"2023-09-07T16:27:24+00:00","description":"Saimaan hyv\u00e4 tunnelma kutsuu Mikkelin torille Mikkelin torilla maistat ne parhaat paistetut muikut, makeimmat mansikat ja saat l\u00e4hes takuuvarmasti my\u00f6s","breadcrumb":{"@id":"https:\/\/www.visitsaimaa.fi\/fi\/nae-ja-koe\/kayntikohteet\/mikkelin-tori\/#breadcrumb"},"inLanguage":"fi","potentialAction":[{"@type":"ReadAction","target":["https:\/\/www.visitsaimaa.fi\/fi\/nae-ja-koe\/kayntikohteet\/mikkelin-tori\/"]}]},{"@type":"BreadcrumbList","@id":"https:\/\/www.visitsaimaa.fi\/fi\/nae-ja-koe\/kayntikohteet\/mikkelin-tori\/#breadcrumb","itemListElement":[{"@type":"ListItem","position":1,"name":"Visit Saimaa","item":"https:\/\/www.visitsaimaa.fi\/fi\/"},{"@type":"ListItem","position":2,"name":"N\u00e4e ja koe","item":"https:\/\/www.visitsaimaa.fi\/fi\/nae-ja-koe\/"},{"@type":"ListItem","position":3,"name":"K\u00e4yntikohteet","item":"https:\/\/www.visitsaimaa.fi\/fi\/nae-ja-koe\/kayntikohteet\/"},{"@type":"ListItem","position":4,"name":"Mikkelin tori"}]},{"@type":"WebSite","@id":"https:\/\/www.visitsaimaa.fi\/fi\/#website","url":"https:\/\/www.visitsaimaa.fi\/fi\/","name":"Visit Saimaa","description":"The Official Travel Guide of Lakeland Saimaa","potentialAction":[{"@type":"SearchAction","target":{"@type":"EntryPoint","urlTemplate":"https:\/\/www.visitsaimaa.fi\/fi\/?s={search_term_string}"},"query-input":{"@type":"PropertyValueSpecification","valueRequired":true,"valueName":"search_term_string"}}],"inLanguage":"fi"}]}},"_links":{"self":[{"href":"https:\/\/www.visitsaimaa.fi\/fi\/wp-json\/wp\/v2\/pages\/25704","targetHints":{"allow":["GET"]}}],"collection":[{"href":"https:\/\/www.visitsaimaa.fi\/fi\/wp-json\/wp\/v2\/pages"}],"about":[{"href":"https:\/\/www.visitsaimaa.fi\/fi\/wp-json\/wp\/v2\/types\/page"}],"author":[{"embeddable":true,"href":"https:\/\/www.visitsaimaa.fi\/fi\/wp-json\/wp\/v2\/users\/63"}],"replies":[{"embeddable":true,"href":"https:\/\/www.visitsaimaa.fi\/fi\/wp-json\/wp\/v2\/comments?post=25704"}],"version-history":[{"count":3,"href":"https:\/\/www.visitsaimaa.fi\/fi\/wp-json\/wp\/v2\/pages\/25704\/revisions"}],"predecessor-version":[{"id":25860,"href":"https:\/\/www.visitsaimaa.fi\/fi\/wp-json\/wp\/v2\/pages\/25704\/revisions\/25860"}],"up":[{"embeddable":true,"href":"https:\/\/www.visitsaimaa.fi\/fi\/wp-json\/wp\/v2\/pages\/29043"}],"wp:attachment":[{"href":"https:\/\/www.visitsaimaa.fi\/fi\/wp-json\/wp\/v2\/media?parent=25704"}],"wp:term":[{"taxonomy":"relatedcontent","embeddable":true,"href":"https:\/\/www.visitsaimaa.fi\/fi\/wp-json\/wp\/v2\/relatedcontent?post=25704"}],"curies":[{"name":"wp","href":"https:\/\/api.w.org\/{rel}","templated":true}]}}