{"id":24329,"date":"2021-11-01T15:43:10","date_gmt":"2021-11-01T13:43:10","guid":{"rendered":"https:\/\/www.visitsaimaa.fi\/?page_id=24329"},"modified":"2023-09-07T20:58:07","modified_gmt":"2023-09-07T17:58:07","slug":"kirjesaimaalta","status":"publish","type":"page","link":"https:\/\/www.visitsaimaa.fi\/fi\/suosittelemme\/kirjesaimaalta\/","title":{"rendered":"Kirje Saimaalta"},"content":{"rendered":"<p>[vc_row full_width=&#8221;stretch_row_content_no_spaces&#8221;][vc_column]<div class=\"main_header big\">\n    <figure style=\"background-image: url('https:\/\/www.visitsaimaa.fi\/wp-content\/uploads\/2020\/11\/neitvuori-1500x600.png'); background-position: center center;\"><\/figure>\n    <div class=\"main_header_content\" style=\"\">\n        <div class=\"container\">\n            \n<h1 style=\"text-align: center\">Rakkaudella Saimaalta<\/h1>\n<p style=\"text-align: center\">Aitoja tunteita ja el\u00e4m\u00e4\u00e4 Saimaan seudulta.<\/p>\n    \n        <\/div>\n    <\/div><!-- \/.container -->\n<\/div><!-- \/.main_header -->\n\n[\/vc_column][\/vc_row][vc_row][vc_column width=&#8221;1\/4&#8243;][\/vc_column][vc_column width=&#8221;1\/2&#8243;][vc_column_text css=&#8221;.vc_custom_1646723454031{padding-top: 40px !important;padding-bottom: 40px !important;}&#8221;]<\/p>\n<p style=\"text-align: center\">Paikalliset tekij\u00e4t ja ammattilaiset kertovat videotervehdyksiss\u00e4\u00e4n el\u00e4m\u00e4st\u00e4\u00e4n ja suhteestaan Saimaan seutuun.<\/p>\n<p style=\"text-align: center\">\u00a0Voitko samaistua n\u00e4ihin tuntemuksiin, tunnetko samaa Saimaan vetovoimaa? Luontoyhteys, onnen tunne, rauha ja aitous. Tule kokemaan se Saimaalle henkil\u00f6kohtaisesti.<\/p>\n<p style=\"text-align: center\"><strong>Vinkki: Tekstityksen saat p\u00e4\u00e4lle videon Asetukset-kuvakkeen kautta.<\/strong><\/p>\n<p>[\/vc_column_text][\/vc_column][vc_column width=&#8221;1\/4&#8243;][\/vc_column][\/vc_row][vc_row][vc_column width=&#8221;1\/2&#8243;][vc_column_text]<\/p>\n<h3 style=\"text-align: center\">David Taylor \u2013 Rakkaudella Saimaalta<\/h3>\n<p style=\"text-align: center\">Davidin kirjetervehdys perheyritys Kahvila Saimasta, Savonlinnasta.<strong><br \/>\n<\/strong><\/p>\n<p>[\/vc_column_text][vc_video link=&#8221;https:\/\/www.youtube.com\/watch?v=53G3jMc-l84&#8243;][\/vc_column][vc_column width=&#8221;1\/2&#8243;][vc_column_text]<\/p>\n<h3 style=\"text-align: center\">Sari Kaurola \u2013 Rakkaudella Saimaalta<\/h3>\n<p style=\"text-align: center\">Sarin iloinen tervehdys Varkaudesta.<strong><br \/>\n<\/strong><\/p>\n<p>[\/vc_column_text][vc_video link=&#8221;https:\/\/www.youtube.com\/watch?v=B8T2Zev_mng&#8221;][\/vc_column][\/vc_row][vc_row][vc_column width=&#8221;1\/3&#8243;][vc_column_text]<\/p>\n<h3 style=\"text-align: center\">Anna Grotenfelt-Paunonen \u2013 Rakkaudella Saimaalta<\/h3>\n<p style=\"text-align: center\">Katso Annan kirjetervehdys TeaHouse of Wehmaisista.<strong><br \/>\n<\/strong><\/p>\n<p>[\/vc_column_text][vc_video link=&#8221;https:\/\/www.youtube.com\/watch?v=EzBjQ29pPKs&#8221;][\/vc_column][vc_column width=&#8221;1\/3&#8243;][vc_column_text]<\/p>\n<h3 style=\"text-align: center\">Susanna Nuutinen \u2013 Rakkaudella Saimaalta<\/h3>\n<p style=\"text-align: center\">Katso Susannan kirjetervehdys Putkisalon kartanosta, Saimaan rannalta.<strong><br \/>\n<\/strong><\/p>\n<p>[\/vc_column_text][vc_video link=&#8221;https:\/\/www.youtube.com\/watch?v=XqK-8FDN5us&#8221;][\/vc_column][vc_column width=&#8221;1\/3&#8243;][vc_column_text]<\/p>\n<h3 style=\"text-align: center\">Jouni Kaartinen \u2013 Rakkaudella Saimaalta<\/h3>\n<p style=\"text-align: center\">Katso Jounin kirjetervehdys Kaartilan mallaspossutilalta, Juvalta.<strong><br \/>\n<\/strong><\/p>\n<p>[\/vc_column_text][vc_video link=&#8221;https:\/\/www.youtube.com\/watch?v=gjP3c62SDEU&amp;t=4s&#8221;][\/vc_column][\/vc_row][vc_row][vc_column width=&#8221;1\/2&#8243;][vc_column_text]<\/p>\n<h3 style=\"text-align: center\">Jukka Pohjolainen rakkaudella Saimaalta<\/h3>\n<p style=\"text-align: center\">Katso Jukan kirjetervehdys Saimaalta<strong><br \/>\n<\/strong>[\/vc_column_text][vc_video link=&#8221;https:\/\/www.youtube.com\/watch?v=CsyzY-yY8uY&amp;t=43s&#8221;][\/vc_column][vc_column width=&#8221;1\/2&#8243;][vc_column_text]<\/p>\n<h3 style=\"text-align: center\">Waltteri Torikka rakkaudella Saimaalta<\/h3>\n<p style=\"text-align: center\">Katso Waltterin kirjetervehdys Saimaalta<strong><br \/>\n<\/strong>[\/vc_column_text][vc_video link=&#8221;https:\/\/www.youtube.com\/watch?v=-8optOSOclc&#8221;][\/vc_column][\/vc_row]<\/p>\n","protected":false},"excerpt":{"rendered":"<p>[vc_row full_width=&#8221;stretch_row_content_no_spaces&#8221;][vc_column][\/vc_column][\/vc_row][vc_row][vc_column width=&#8221;1\/4&#8243;][\/vc_column][vc_column width=&#8221;1\/2&#8243;][vc_column_text css=&#8221;.vc_custom_1646723454031{padding-top: 40px !important;padding-bottom: 40px !important;}&#8221;] Paikalliset tekij\u00e4t ja ammattilaiset kertovat videotervehdyksiss\u00e4\u00e4n el\u00e4m\u00e4st\u00e4\u00e4n ja suhteestaan Saimaan seutuun. \u00a0Voitko samaistua n\u00e4ihin tuntemuksiin, tunnetko samaa Saimaan vetovoimaa? Luontoyhteys, onnen [&hellip;]<\/p>\n","protected":false},"author":62,"featured_media":0,"parent":29037,"menu_order":0,"comment_status":"closed","ping_status":"closed","template":"","meta":{"footnotes":""},"relatedcontent":[],"class_list":["post-24329","page","type-page","status-publish","hentry"],"yoast_head":"<!-- This site is optimized with the Yoast SEO Premium plugin v27.3 (Yoast SEO v27.3) - https:\/\/yoast.com\/product\/yoast-seo-premium-wordpress\/ -->\n<title>Kirje Saimaalta - Visit Saimaa<\/title>\n<meta name=\"description\" content=\"Paikalliset tekij\u00e4t ja ammattilaiset kertovat videotervehdyksiss\u00e4\u00e4n el\u00e4m\u00e4st\u00e4\u00e4n ja suhteestaan Saimaan seutuun. \u00a0Voitko samaistua n\u00e4ihin tuntemuksiin,\" \/>\n<meta name=\"robots\" content=\"index, follow, max-snippet:-1, max-image-preview:large, max-video-preview:-1\" \/>\n<link rel=\"canonical\" href=\"https:\/\/www.visitsaimaa.fi\/fi\/suosittelemme\/kirjesaimaalta\/\" \/>\n<meta property=\"og:locale\" content=\"fi_FI\" \/>\n<meta property=\"og:type\" content=\"article\" \/>\n<meta property=\"og:title\" content=\"Kirje Saimaalta\" \/>\n<meta property=\"og:description\" content=\"Paikalliset tekij\u00e4t ja ammattilaiset kertovat videotervehdyksiss\u00e4\u00e4n el\u00e4m\u00e4st\u00e4\u00e4n ja suhteestaan Saimaan seutuun. \u00a0Voitko samaistua n\u00e4ihin tuntemuksiin,\" \/>\n<meta property=\"og:url\" content=\"https:\/\/www.visitsaimaa.fi\/fi\/suosittelemme\/kirjesaimaalta\/\" \/>\n<meta property=\"og:site_name\" content=\"Visit Saimaa\" \/>\n<meta property=\"article:modified_time\" content=\"2023-09-07T17:58:07+00:00\" \/>\n<meta name=\"twitter:label1\" content=\"Arvioitu lukuaika\" \/>\n\t<meta name=\"twitter:data1\" content=\"1 minuutti\" \/>\n<script type=\"application\/ld+json\" class=\"yoast-schema-graph\">{\"@context\":\"https:\\\/\\\/schema.org\",\"@graph\":[{\"@type\":\"WebPage\",\"@id\":\"https:\\\/\\\/www.visitsaimaa.fi\\\/fi\\\/suosittelemme\\\/kirjesaimaalta\\\/\",\"url\":\"https:\\\/\\\/www.visitsaimaa.fi\\\/fi\\\/suosittelemme\\\/kirjesaimaalta\\\/\",\"name\":\"Kirje Saimaalta - Visit Saimaa\",\"isPartOf\":{\"@id\":\"https:\\\/\\\/www.visitsaimaa.fi\\\/fi\\\/#website\"},\"datePublished\":\"2021-11-01T13:43:10+00:00\",\"dateModified\":\"2023-09-07T17:58:07+00:00\",\"description\":\"Paikalliset tekij\u00e4t ja ammattilaiset kertovat videotervehdyksiss\u00e4\u00e4n el\u00e4m\u00e4st\u00e4\u00e4n ja suhteestaan Saimaan seutuun. \u00a0Voitko samaistua n\u00e4ihin tuntemuksiin,\",\"breadcrumb\":{\"@id\":\"https:\\\/\\\/www.visitsaimaa.fi\\\/fi\\\/suosittelemme\\\/kirjesaimaalta\\\/#breadcrumb\"},\"inLanguage\":\"fi\",\"potentialAction\":[{\"@type\":\"ReadAction\",\"target\":[\"https:\\\/\\\/www.visitsaimaa.fi\\\/fi\\\/suosittelemme\\\/kirjesaimaalta\\\/\"]}]},{\"@type\":\"BreadcrumbList\",\"@id\":\"https:\\\/\\\/www.visitsaimaa.fi\\\/fi\\\/suosittelemme\\\/kirjesaimaalta\\\/#breadcrumb\",\"itemListElement\":[{\"@type\":\"ListItem\",\"position\":1,\"name\":\"Visit Saimaa\",\"item\":\"https:\\\/\\\/www.visitsaimaa.fi\\\/fi\\\/\"},{\"@type\":\"ListItem\",\"position\":2,\"name\":\"Suosittelemme\",\"item\":\"https:\\\/\\\/www.visitsaimaa.fi\\\/fi\\\/suosittelemme\\\/\"},{\"@type\":\"ListItem\",\"position\":3,\"name\":\"Kirje Saimaalta\"}]},{\"@type\":\"WebSite\",\"@id\":\"https:\\\/\\\/www.visitsaimaa.fi\\\/fi\\\/#website\",\"url\":\"https:\\\/\\\/www.visitsaimaa.fi\\\/fi\\\/\",\"name\":\"Visit Saimaa\",\"description\":\"The Official Travel Guide of Lakeland Saimaa\",\"potentialAction\":[{\"@type\":\"SearchAction\",\"target\":{\"@type\":\"EntryPoint\",\"urlTemplate\":\"https:\\\/\\\/www.visitsaimaa.fi\\\/fi\\\/?s={search_term_string}\"},\"query-input\":{\"@type\":\"PropertyValueSpecification\",\"valueRequired\":true,\"valueName\":\"search_term_string\"}}],\"inLanguage\":\"fi\"}]}<\/script>\n<!-- \/ Yoast SEO Premium plugin. -->","yoast_head_json":{"title":"Kirje Saimaalta - Visit Saimaa","description":"Paikalliset tekij\u00e4t ja ammattilaiset kertovat videotervehdyksiss\u00e4\u00e4n el\u00e4m\u00e4st\u00e4\u00e4n ja suhteestaan Saimaan seutuun. \u00a0Voitko samaistua n\u00e4ihin tuntemuksiin,","robots":{"index":"index","follow":"follow","max-snippet":"max-snippet:-1","max-image-preview":"max-image-preview:large","max-video-preview":"max-video-preview:-1"},"canonical":"https:\/\/www.visitsaimaa.fi\/fi\/suosittelemme\/kirjesaimaalta\/","og_locale":"fi_FI","og_type":"article","og_title":"Kirje Saimaalta","og_description":"Paikalliset tekij\u00e4t ja ammattilaiset kertovat videotervehdyksiss\u00e4\u00e4n el\u00e4m\u00e4st\u00e4\u00e4n ja suhteestaan Saimaan seutuun. \u00a0Voitko samaistua n\u00e4ihin tuntemuksiin,","og_url":"https:\/\/www.visitsaimaa.fi\/fi\/suosittelemme\/kirjesaimaalta\/","og_site_name":"Visit Saimaa","article_modified_time":"2023-09-07T17:58:07+00:00","twitter_misc":{"Arvioitu lukuaika":"1 minuutti"},"schema":{"@context":"https:\/\/schema.org","@graph":[{"@type":"WebPage","@id":"https:\/\/www.visitsaimaa.fi\/fi\/suosittelemme\/kirjesaimaalta\/","url":"https:\/\/www.visitsaimaa.fi\/fi\/suosittelemme\/kirjesaimaalta\/","name":"Kirje Saimaalta - Visit Saimaa","isPartOf":{"@id":"https:\/\/www.visitsaimaa.fi\/fi\/#website"},"datePublished":"2021-11-01T13:43:10+00:00","dateModified":"2023-09-07T17:58:07+00:00","description":"Paikalliset tekij\u00e4t ja ammattilaiset kertovat videotervehdyksiss\u00e4\u00e4n el\u00e4m\u00e4st\u00e4\u00e4n ja suhteestaan Saimaan seutuun. \u00a0Voitko samaistua n\u00e4ihin tuntemuksiin,","breadcrumb":{"@id":"https:\/\/www.visitsaimaa.fi\/fi\/suosittelemme\/kirjesaimaalta\/#breadcrumb"},"inLanguage":"fi","potentialAction":[{"@type":"ReadAction","target":["https:\/\/www.visitsaimaa.fi\/fi\/suosittelemme\/kirjesaimaalta\/"]}]},{"@type":"BreadcrumbList","@id":"https:\/\/www.visitsaimaa.fi\/fi\/suosittelemme\/kirjesaimaalta\/#breadcrumb","itemListElement":[{"@type":"ListItem","position":1,"name":"Visit Saimaa","item":"https:\/\/www.visitsaimaa.fi\/fi\/"},{"@type":"ListItem","position":2,"name":"Suosittelemme","item":"https:\/\/www.visitsaimaa.fi\/fi\/suosittelemme\/"},{"@type":"ListItem","position":3,"name":"Kirje Saimaalta"}]},{"@type":"WebSite","@id":"https:\/\/www.visitsaimaa.fi\/fi\/#website","url":"https:\/\/www.visitsaimaa.fi\/fi\/","name":"Visit Saimaa","description":"The Official Travel Guide of Lakeland Saimaa","potentialAction":[{"@type":"SearchAction","target":{"@type":"EntryPoint","urlTemplate":"https:\/\/www.visitsaimaa.fi\/fi\/?s={search_term_string}"},"query-input":{"@type":"PropertyValueSpecification","valueRequired":true,"valueName":"search_term_string"}}],"inLanguage":"fi"}]}},"_links":{"self":[{"href":"https:\/\/www.visitsaimaa.fi\/fi\/wp-json\/wp\/v2\/pages\/24329","targetHints":{"allow":["GET"]}}],"collection":[{"href":"https:\/\/www.visitsaimaa.fi\/fi\/wp-json\/wp\/v2\/pages"}],"about":[{"href":"https:\/\/www.visitsaimaa.fi\/fi\/wp-json\/wp\/v2\/types\/page"}],"author":[{"embeddable":true,"href":"https:\/\/www.visitsaimaa.fi\/fi\/wp-json\/wp\/v2\/users\/62"}],"replies":[{"embeddable":true,"href":"https:\/\/www.visitsaimaa.fi\/fi\/wp-json\/wp\/v2\/comments?post=24329"}],"version-history":[{"count":22,"href":"https:\/\/www.visitsaimaa.fi\/fi\/wp-json\/wp\/v2\/pages\/24329\/revisions"}],"predecessor-version":[{"id":26609,"href":"https:\/\/www.visitsaimaa.fi\/fi\/wp-json\/wp\/v2\/pages\/24329\/revisions\/26609"}],"up":[{"embeddable":true,"href":"https:\/\/www.visitsaimaa.fi\/fi\/wp-json\/wp\/v2\/pages\/29037"}],"wp:attachment":[{"href":"https:\/\/www.visitsaimaa.fi\/fi\/wp-json\/wp\/v2\/media?parent=24329"}],"wp:term":[{"taxonomy":"relatedcontent","embeddable":true,"href":"https:\/\/www.visitsaimaa.fi\/fi\/wp-json\/wp\/v2\/relatedcontent?post=24329"}],"curies":[{"name":"wp","href":"https:\/\/api.w.org\/{rel}","templated":true}]}}