{"id":23220,"date":"2021-07-27T14:36:57","date_gmt":"2021-07-27T11:36:57","guid":{"rendered":"https:\/\/www.visitsaimaa.fi\/?page_id=23220"},"modified":"2021-09-15T12:01:35","modified_gmt":"2021-09-15T09:01:35","slug":"blogit","status":"publish","type":"page","link":"https:\/\/www.visitsaimaa.fi\/fi\/blogit\/","title":{"rendered":"Blogit"},"content":{"rendered":"<p>[vc_row full_width=&#8221;stretch_row_content_no_spaces&#8221;][vc_column]<div class=\"main_header normal\">\n    <figure style=\"background-image: url('https:\/\/www.visitsaimaa.fi\/wp-content\/uploads\/2019\/04\/moikkaava_norppa-1920x600.jpg'); background-position: center center;\"><\/figure>\n    <div class=\"main_header_content\" style=\"\">\n        <div class=\"container\">\n            \n<h1 style=\"text-align: center\">Blogeja Saimaalta<\/h1>\n<p style=\"text-align: center\">T\u00e4\u00e4lt\u00e4 l\u00f6yd\u00e4t parhaat tarinat Saimaan rannoilta, mets\u00e4polkujen varsilta, kylien raiteilta ja kaupunkien syd\u00e4mist\u00e4.<\/p>\n    \n        <\/div>\n    <\/div><!-- \/.container -->\n<\/div><!-- \/.main_header -->\n\n[\/vc_column][\/vc_row][vc_row full_width=&#8221;stretch_row_content_no_spaces&#8221; gap=&#8221;20&#8243; equal_height=&#8221;yes&#8221; css=&#8221;.vc_custom_1631696399822{padding-right: 30px !important;padding-bottom: 20px !important;padding-left: 30px !important;}&#8221;][vc_column width=&#8221;1\/3&#8243; css=&#8221;.vc_custom_1629266723379{padding-top: 100px !important;padding-bottom: 100px !important;background-image: url(https:\/\/www.visitsaimaa.fi\/wp-content\/uploads\/2021\/08\/Savonlinna-and-Saimaa-Region-1.jpg?id=23362) !important;background-position: center !important;background-repeat: no-repeat !important;background-size: cover !important;}&#8221;][vc_column_text]<\/p>\n<h3 style=\"text-align: center\"><span style=\"color: #ffffff\">Savonlinna &amp; Saimaa Region In Summer \u2013<\/span><br \/>\n<span style=\"color: #ffffff\">Top 10 Tips<\/span><\/h3>\n<p style=\"text-align: center\"><span style=\"color: #ffffff\">Kathrin Deter<\/span><\/p>\n<p>[\/vc_column_text][vc_btn title=&#8221;LUE LIS\u00c4\u00c4&#8221; style=&#8221;classic&#8221; color=&#8221;primary&#8221; align=&#8221;center&#8221; link=&#8221;url:https%3A%2F%2Fkathrindeter.com%2Fsavonlinna-saimaa-region-summer-trip-top-10-tips%2F|target:_blank&#8221;][\/vc_column][vc_column width=&#8221;1\/3&#8243; css=&#8221;.vc_custom_1627541942377{padding-top: 100px !important;padding-bottom: 100px !important;background-image: url(https:\/\/www.visitsaimaa.fi\/wp-content\/uploads\/2021\/07\/Mutkatonta.png?id=23259) !important;background-position: center !important;background-repeat: no-repeat !important;background-size: cover !important;}&#8221;][vc_column_text]<\/p>\n<h3 style=\"text-align: center\"><span style=\"color: #ffffff\">Viikonloppu Mikkeliss\u00e4 lasten kanssa \u2013 El\u00e4myksi\u00e4 Saimaalla<\/span><\/h3>\n<p style=\"text-align: center\"><span style=\"color: #ffffff\">MUTKATONTA \u2013 Parisuhdetta, perhe-el\u00e4m\u00e4\u00e4 ja matkustelua<\/span><\/p>\n<p>[\/vc_column_text][vc_btn title=&#8221;LUE LIS\u00c4\u00c4&#8221; style=&#8221;classic&#8221; color=&#8221;primary&#8221; align=&#8221;center&#8221; link=&#8221;url:https%3A%2F%2Fmutkatonta.com%2Fmikkeli-lasten-kanssa%2F|target:_blank&#8221;][\/vc_column][vc_column parallax=&#8221;content-moving&#8221; parallax_image=&#8221;23800&#8243; width=&#8221;1\/3&#8243;][vc_column_text]<\/p>\n<h3 style=\"text-align: center\"><span style=\"color: #ffffff\">Mets\u00e4kylpy<\/span><\/h3>\n<p style=\"text-align: center\"><span style=\"color: #ffffff\">Mari Pennanen, SaimaaLife Media<\/span><\/p>\n<p>&nbsp;<\/p>\n<p>&nbsp;<\/p>\n<p style=\"text-align: center\"><span style=\"color: #ffffff\">Video: Tero V\u00e4nttinen, Hotelli Punkaharju\u00a0<\/span><\/p>\n<p>[\/vc_column_text][vc_btn title=&#8221;LUE LIS\u00c4\u00c4&#8221; style=&#8221;classic&#8221; color=&#8221;primary&#8221; align=&#8221;center&#8221; link=&#8221;url:%20https%3A%2F%2Fwww.visitsaimaa.fi%2Ffi%2Fmetsakylpy%2F|target:_blank&#8221; css=&#8221;.vc_custom_1631696267414{padding-top: 20px !important;padding-bottom: 20px !important;}&#8221;][\/vc_column][\/vc_row][vc_row full_width=&#8221;stretch_row_content_no_spaces&#8221; gap=&#8221;20&#8243; equal_height=&#8221;yes&#8221; css=&#8221;.vc_custom_1629267503825{padding-right: 30px !important;padding-bottom: 20px !important;padding-left: 30px !important;}&#8221;][vc_column width=&#8221;1\/3&#8243; css=&#8221;.vc_custom_1627541959150{padding-top: 100px !important;padding-bottom: 100px !important;background-image: url(https:\/\/www.visitsaimaa.fi\/wp-content\/uploads\/2021\/07\/Saaristoreitti24.jpg?id=23265) !important;background-position: center !important;background-repeat: no-repeat !important;background-size: cover !important;}&#8221;][vc_column_text]<\/p>\n<h3 style=\"text-align: center\"><span style=\"color: #ffffff\">Puumalan saaristoreitti py\u00f6r\u00e4illen, Oravareitin melonta ja norpparisteily<\/span><\/h3>\n<p style=\"text-align: center\"><span style=\"color: #ffffff\">Sanna Wallenius \u2013 WALLENI.US<\/span><\/p>\n<p>[\/vc_column_text][vc_btn title=&#8221;LUE LIS\u00c4\u00c4&#8221; style=&#8221;classic&#8221; color=&#8221;primary&#8221; align=&#8221;center&#8221; link=&#8221;url:https%3A%2F%2Fwalleni.us%2Fkesa-saimaalla-puumalan-saaristoreitti-pyoraillen-ja-oravareitin-melonta%2F|target:_blank&#8221;][\/vc_column][vc_column width=&#8221;1\/3&#8243; css=&#8221;.vc_custom_1627542658556{padding-top: 100px !important;padding-bottom: 100px !important;background-image: url(https:\/\/www.visitsaimaa.fi\/wp-content\/uploads\/2021\/07\/Roadtrip-1.png?id=23278) !important;background-position: center !important;background-repeat: no-repeat !important;background-size: cover !important;}&#8221;][vc_column_text]<\/p>\n<h3 style=\"text-align: center\"><span style=\"color: #ffffff\">Roadtrip Suomen halki<\/span><\/h3>\n<p style=\"text-align: center\"><span style=\"color: #ffffff\">Sara Vanninen \u2013 Sara Tickle<\/span><\/p>\n<p>[\/vc_column_text][vc_btn title=&#8221;LUE LIS\u00c4\u00c4&#8221; style=&#8221;classic&#8221; color=&#8221;primary&#8221; align=&#8221;center&#8221; link=&#8221;url:https%3A%2F%2Fsaratickle.fi%2Ftag%2Fsaimaa%2F|target:_blank&#8221;][\/vc_column][vc_column width=&#8221;1\/3&#8243; css=&#8221;.vc_custom_1627541996072{padding-top: 100px !important;padding-bottom: 100px !important;background-image: url(https:\/\/www.visitsaimaa.fi\/wp-content\/uploads\/2021\/07\/Sykahdyttavan-kaunis-Saimaa.jpg?id=23269) !important;background-position: center !important;background-repeat: no-repeat !important;background-size: cover !important;}&#8221;][vc_column_text]<\/p>\n<h3 style=\"text-align: center\"><span style=\"color: #ffffff\">Syk\u00e4hdytt\u00e4v\u00e4n kaunis Saimaa<\/span><\/h3>\n<p style=\"text-align: center\"><span style=\"color: #ffffff\">Jenni Alexandrova<\/span><\/p>\n<p>[\/vc_column_text][vc_btn title=&#8221;LUE LIS\u00c4\u00c4&#8221; style=&#8221;classic&#8221; color=&#8221;primary&#8221; align=&#8221;center&#8221; link=&#8221;url:https%3A%2F%2Fjennialexandrova.com%2Fsykahdyttavan-kaunis-saimaa%2F|target:_blank&#8221;][\/vc_column][\/vc_row][vc_row full_width=&#8221;stretch_row_content_no_spaces&#8221; gap=&#8221;20&#8243; equal_height=&#8221;yes&#8221; css=&#8221;.vc_custom_1629267515040{padding-right: 30px !important;padding-bottom: 20px !important;padding-left: 30px !important;}&#8221;][vc_column width=&#8221;1\/3&#8243; css=&#8221;.vc_custom_1627543014174{padding-top: 100px !important;padding-bottom: 100px !important;background-image: url(https:\/\/www.visitsaimaa.fi\/wp-content\/uploads\/2021\/07\/Mokki-ja-esteeton-norppasafari-1.png?id=23293) !important;background-position: center !important;background-repeat: no-repeat !important;background-size: cover !important;}&#8221;][vc_column_text]<\/p>\n<h3 style=\"text-align: center\"><span style=\"color: #ffffff\">M\u00f6kki ja esteet\u00f6n norppasafari Oravissa<\/span><\/h3>\n<p style=\"text-align: center\"><span style=\"color: #ffffff\">Sanna Kalmari \u2013 Palmuasema<\/span><\/p>\n<p>[\/vc_column_text][vc_btn title=&#8221;LUE LIS\u00c4\u00c4&#8221; style=&#8221;classic&#8221; color=&#8221;primary&#8221; align=&#8221;center&#8221; link=&#8221;url:https%3A%2F%2Fwww.palmuasema.fi%2Froadtrip-saimaalla-mokki-ja-esteeton-norppasafari-oravissa%2F|target:_blank&#8221;][\/vc_column][vc_column width=&#8221;1\/3&#8243; css=&#8221;.vc_custom_1627543477297{padding-top: 100px !important;padding-bottom: 100px !important;background-image: url(https:\/\/www.visitsaimaa.fi\/wp-content\/uploads\/2021\/07\/Esteeton-Savonlinna.png?id=23297) !important;background-position: center !important;background-repeat: no-repeat !important;background-size: cover !important;}&#8221;][vc_column_text]<\/p>\n<h3 style=\"text-align: center\"><span style=\"color: #ffffff\">Esteet\u00f6n Savonlinna<\/span><\/h3>\n<p style=\"text-align: center\"><span style=\"color: #ffffff\">Sanna Kalmari \u2013 Palmuasema<\/span><\/p>\n<p>[\/vc_column_text][vc_btn title=&#8221;LUE LIS\u00c4\u00c4&#8221; style=&#8221;classic&#8221; color=&#8221;primary&#8221; align=&#8221;center&#8221; link=&#8221;url:https%3A%2F%2Fwww.palmuasema.fi%2Froadtrip-saimaalla-esteeton-savonlinna%2F|target:_blank&#8221;][\/vc_column][vc_column width=&#8221;1\/3&#8243; css=&#8221;.vc_custom_1627543628962{padding-top: 100px !important;padding-bottom: 100px !important;background-image: url(https:\/\/www.visitsaimaa.fi\/wp-content\/uploads\/2021\/07\/Aloe-Veera.jpg?id=23301) !important;background-position: center !important;background-repeat: no-repeat !important;background-size: cover !important;}&#8221;][vc_column_text]<\/p>\n<h3 style=\"text-align: center\"><span style=\"color: #ffffff\">Voiko kes\u00e4isemp\u00e4\u00e4 paikkaa olla Suomessa kuin Saimaa?<\/span><\/h3>\n<p style=\"text-align: center\"><span style=\"color: #ffffff\">Veera \u2013 Aurinkorasvaa ja Aloe Veeraa<\/span><\/p>\n<p>[\/vc_column_text][vc_btn title=&#8221;LUE LIS\u00c4\u00c4&#8221; style=&#8221;classic&#8221; color=&#8221;primary&#8221; align=&#8221;center&#8221; link=&#8221;url:https%3A%2F%2Fwww.rantapallo.fi%2Faurinkorasvaajaaloeveeraa%2F2020%2F06%2F16%2Fvoiko-kesaisempaa-paikkaa-olla-suomessa-kuin-saimaa%2F|target:_blank&#8221;][\/vc_column][\/vc_row][vc_row full_width=&#8221;stretch_row_content_no_spaces&#8221; gap=&#8221;20&#8243; equal_height=&#8221;yes&#8221; css=&#8221;.vc_custom_1629267515040{padding-right: 30px !important;padding-bottom: 20px !important;padding-left: 30px !important;}&#8221;][vc_column width=&#8221;1\/3&#8243; css=&#8221;.vc_custom_1629707782199{padding-top: 100px !important;padding-bottom: 100px !important;background-image: url(https:\/\/www.visitsaimaa.fi\/wp-content\/uploads\/2021\/08\/Varkaus109.jpg?id=23386) !important;background-position: center !important;background-repeat: no-repeat !important;background-size: cover !important;}&#8221;][vc_column_text]<\/p>\n<h3 style=\"text-align: center\"><span style=\"color: #ffffff\">Herkkuja ja lepoa: Varkauden ravintola- ja majoitusvinkit<\/span><\/h3>\n<p style=\"text-align: center\"><span style=\"color: #ffffff\">Sanna Wallenius &#8211; WALLENI.US<\/span><\/p>\n<p>[\/vc_column_text][vc_btn title=&#8221;LUE LIS\u00c4\u00c4&#8221; style=&#8221;classic&#8221; color=&#8221;primary&#8221; align=&#8221;center&#8221; link=&#8221;url:https%3A%2F%2Fwalleni.us%2Fvarkauden-parhaat-ravintolat-ja-hotellit%2F|target:_blank&#8221;][\/vc_column][vc_column width=&#8221;1\/3&#8243; css=&#8221;.vc_custom_1629708327950{padding-top: 100px !important;padding-bottom: 100px !important;background-image: url(https:\/\/www.visitsaimaa.fi\/wp-content\/uploads\/2021\/08\/tekemista_savonlinnassa_03.jpg?id=23396) !important;background-position: center !important;background-repeat: no-repeat !important;background-size: cover !important;}&#8221;][vc_column_text]<\/p>\n<h3 style=\"text-align: center\"><span style=\"color: #ffffff\">Top10 tekemist\u00e4 Savonlinnassa<\/span><\/h3>\n<p style=\"text-align: center\"><span style=\"color: #ffffff\">Kohteena maailma<\/span><\/p>\n<p>[\/vc_column_text][vc_btn title=&#8221;LUE LIS\u00c4\u00c4&#8221; style=&#8221;classic&#8221; color=&#8221;primary&#8221; align=&#8221;center&#8221; link=&#8221;url:https%3A%2F%2Fkohteenamaailma.fi%2Fkotimaa%2Ftop10-tekemista-savonlinnassa%2F|target:_blank&#8221;][\/vc_column][vc_column width=&#8221;1\/3&#8243; css=&#8221;.vc_custom_1629708545201{padding-top: 100px !important;padding-bottom: 100px !important;background-image: url(https:\/\/www.visitsaimaa.fi\/wp-content\/uploads\/2021\/08\/50086765076_7dc3fe5172_k-1152&#215;1536-1.jpg?id=23400) !important;background-position: center !important;background-repeat: no-repeat !important;background-size: cover !important;}&#8221;][vc_column_text]<\/p>\n<h3><\/h3>\n<h3 style=\"text-align: center\"><span style=\"color: #ffffff\">Punkaharju on gurmeeta sielulle ja ruumiille<\/span><\/h3>\n<p style=\"text-align: center\"><span style=\"color: #ffffff\">Travellover<\/span><\/p>\n<p>[\/vc_column_text][vc_btn title=&#8221;LUE LIS\u00c4\u00c4&#8221; style=&#8221;classic&#8221; color=&#8221;primary&#8221; align=&#8221;center&#8221; link=&#8221;url:https%3A%2F%2Fwww.travelloverblogi.fi%2Fpunkaharju-on-gurmeeta-sielulle-ja-ruumiille%2F|target:_blank&#8221;][\/vc_column][vc_column][\/vc_column][\/vc_row]<\/p>\n","protected":false},"excerpt":{"rendered":"<p>[vc_row full_width=&#8221;stretch_row_content_no_spaces&#8221;][vc_column][\/vc_column][\/vc_row][vc_row full_width=&#8221;stretch_row_content_no_spaces&#8221; gap=&#8221;20&#8243; equal_height=&#8221;yes&#8221; css=&#8221;.vc_custom_1631696399822{padding-right: 30px !important;padding-bottom: 20px !important;padding-left: 30px !important;}&#8221;][vc_column width=&#8221;1\/3&#8243; css=&#8221;.vc_custom_1629266723379{padding-top: 100px !important;padding-bottom: 100px !important;background-image: url(https:\/\/www.visitsaimaa.fi\/wp-content\/uploads\/2021\/08\/Savonlinna-and-Saimaa-Region-1.jpg?id=23362) !important;background-position: center !important;background-repeat: no-repeat !important;background-size: cover !important;}&#8221;][vc_column_text] Savonlinna &amp; Saimaa Region [&hellip;]<\/p>\n","protected":false},"author":62,"featured_media":0,"parent":0,"menu_order":0,"comment_status":"closed","ping_status":"closed","template":"","meta":{"footnotes":""},"relatedcontent":[],"class_list":["post-23220","page","type-page","status-publish","hentry"],"yoast_head":"<!-- This site is optimized with the Yoast SEO Premium plugin v27.3 (Yoast SEO v27.5) - https:\/\/yoast.com\/product\/yoast-seo-premium-wordpress\/ -->\n<title>Blogit - Visit Saimaa<\/title>\n<meta name=\"description\" content=\"Savonlinna &amp; Saimaa Region In Summer \u2013 Top 10 Tips Kathrin Deter Viikonloppu Mikkeliss\u00e4 lasten kanssa \u2013 El\u00e4myksi\u00e4 Saimaalla MUTKATONTA \u2013 Parisuhdetta,\" \/>\n<meta name=\"robots\" content=\"index, follow, max-snippet:-1, max-image-preview:large, max-video-preview:-1\" \/>\n<link rel=\"canonical\" href=\"https:\/\/www.visitsaimaa.fi\/fi\/blogit\/\" \/>\n<meta property=\"og:locale\" content=\"fi_FI\" \/>\n<meta property=\"og:type\" content=\"article\" \/>\n<meta property=\"og:title\" content=\"Blogit\" \/>\n<meta property=\"og:description\" content=\"Savonlinna &amp; Saimaa Region In Summer \u2013 Top 10 Tips Kathrin Deter Viikonloppu Mikkeliss\u00e4 lasten kanssa \u2013 El\u00e4myksi\u00e4 Saimaalla MUTKATONTA \u2013 Parisuhdetta,\" \/>\n<meta property=\"og:url\" content=\"https:\/\/www.visitsaimaa.fi\/fi\/blogit\/\" \/>\n<meta property=\"og:site_name\" content=\"Visit Saimaa\" \/>\n<meta property=\"article:modified_time\" content=\"2021-09-15T09:01:35+00:00\" \/>\n<meta name=\"twitter:label1\" content=\"Arvioitu lukuaika\" \/>\n\t<meta name=\"twitter:data1\" content=\"2 minuuttia\" \/>\n<script type=\"application\/ld+json\" class=\"yoast-schema-graph\">{\"@context\":\"https:\\\/\\\/schema.org\",\"@graph\":[{\"@type\":\"WebPage\",\"@id\":\"https:\\\/\\\/www.visitsaimaa.fi\\\/fi\\\/blogit\\\/\",\"url\":\"https:\\\/\\\/www.visitsaimaa.fi\\\/fi\\\/blogit\\\/\",\"name\":\"Blogit - Visit Saimaa\",\"isPartOf\":{\"@id\":\"https:\\\/\\\/www.visitsaimaa.fi\\\/fi\\\/#website\"},\"datePublished\":\"2021-07-27T11:36:57+00:00\",\"dateModified\":\"2021-09-15T09:01:35+00:00\",\"description\":\"Savonlinna &amp; Saimaa Region In Summer \u2013 Top 10 Tips Kathrin Deter Viikonloppu Mikkeliss\u00e4 lasten kanssa \u2013 El\u00e4myksi\u00e4 Saimaalla MUTKATONTA \u2013 Parisuhdetta,\",\"breadcrumb\":{\"@id\":\"https:\\\/\\\/www.visitsaimaa.fi\\\/fi\\\/blogit\\\/#breadcrumb\"},\"inLanguage\":\"fi\",\"potentialAction\":[{\"@type\":\"ReadAction\",\"target\":[\"https:\\\/\\\/www.visitsaimaa.fi\\\/fi\\\/blogit\\\/\"]}]},{\"@type\":\"BreadcrumbList\",\"@id\":\"https:\\\/\\\/www.visitsaimaa.fi\\\/fi\\\/blogit\\\/#breadcrumb\",\"itemListElement\":[{\"@type\":\"ListItem\",\"position\":1,\"name\":\"Visit Saimaa\",\"item\":\"https:\\\/\\\/www.visitsaimaa.fi\\\/fi\\\/\"},{\"@type\":\"ListItem\",\"position\":2,\"name\":\"Blogit\"}]},{\"@type\":\"WebSite\",\"@id\":\"https:\\\/\\\/www.visitsaimaa.fi\\\/fi\\\/#website\",\"url\":\"https:\\\/\\\/www.visitsaimaa.fi\\\/fi\\\/\",\"name\":\"Visit Saimaa\",\"description\":\"The Official Travel Guide of Lakeland Saimaa\",\"potentialAction\":[{\"@type\":\"SearchAction\",\"target\":{\"@type\":\"EntryPoint\",\"urlTemplate\":\"https:\\\/\\\/www.visitsaimaa.fi\\\/fi\\\/?s={search_term_string}\"},\"query-input\":{\"@type\":\"PropertyValueSpecification\",\"valueRequired\":true,\"valueName\":\"search_term_string\"}}],\"inLanguage\":\"fi\"}]}<\/script>\n<!-- \/ Yoast SEO Premium plugin. -->","yoast_head_json":{"title":"Blogit - Visit Saimaa","description":"Savonlinna &amp; Saimaa Region In Summer \u2013 Top 10 Tips Kathrin Deter Viikonloppu Mikkeliss\u00e4 lasten kanssa \u2013 El\u00e4myksi\u00e4 Saimaalla MUTKATONTA \u2013 Parisuhdetta,","robots":{"index":"index","follow":"follow","max-snippet":"max-snippet:-1","max-image-preview":"max-image-preview:large","max-video-preview":"max-video-preview:-1"},"canonical":"https:\/\/www.visitsaimaa.fi\/fi\/blogit\/","og_locale":"fi_FI","og_type":"article","og_title":"Blogit","og_description":"Savonlinna &amp; Saimaa Region In Summer \u2013 Top 10 Tips Kathrin Deter Viikonloppu Mikkeliss\u00e4 lasten kanssa \u2013 El\u00e4myksi\u00e4 Saimaalla MUTKATONTA \u2013 Parisuhdetta,","og_url":"https:\/\/www.visitsaimaa.fi\/fi\/blogit\/","og_site_name":"Visit Saimaa","article_modified_time":"2021-09-15T09:01:35+00:00","twitter_misc":{"Arvioitu lukuaika":"2 minuuttia"},"schema":{"@context":"https:\/\/schema.org","@graph":[{"@type":"WebPage","@id":"https:\/\/www.visitsaimaa.fi\/fi\/blogit\/","url":"https:\/\/www.visitsaimaa.fi\/fi\/blogit\/","name":"Blogit - Visit Saimaa","isPartOf":{"@id":"https:\/\/www.visitsaimaa.fi\/fi\/#website"},"datePublished":"2021-07-27T11:36:57+00:00","dateModified":"2021-09-15T09:01:35+00:00","description":"Savonlinna &amp; Saimaa Region In Summer \u2013 Top 10 Tips Kathrin Deter Viikonloppu Mikkeliss\u00e4 lasten kanssa \u2013 El\u00e4myksi\u00e4 Saimaalla MUTKATONTA \u2013 Parisuhdetta,","breadcrumb":{"@id":"https:\/\/www.visitsaimaa.fi\/fi\/blogit\/#breadcrumb"},"inLanguage":"fi","potentialAction":[{"@type":"ReadAction","target":["https:\/\/www.visitsaimaa.fi\/fi\/blogit\/"]}]},{"@type":"BreadcrumbList","@id":"https:\/\/www.visitsaimaa.fi\/fi\/blogit\/#breadcrumb","itemListElement":[{"@type":"ListItem","position":1,"name":"Visit Saimaa","item":"https:\/\/www.visitsaimaa.fi\/fi\/"},{"@type":"ListItem","position":2,"name":"Blogit"}]},{"@type":"WebSite","@id":"https:\/\/www.visitsaimaa.fi\/fi\/#website","url":"https:\/\/www.visitsaimaa.fi\/fi\/","name":"Visit Saimaa","description":"The Official Travel Guide of Lakeland Saimaa","potentialAction":[{"@type":"SearchAction","target":{"@type":"EntryPoint","urlTemplate":"https:\/\/www.visitsaimaa.fi\/fi\/?s={search_term_string}"},"query-input":{"@type":"PropertyValueSpecification","valueRequired":true,"valueName":"search_term_string"}}],"inLanguage":"fi"}]}},"_links":{"self":[{"href":"https:\/\/www.visitsaimaa.fi\/fi\/wp-json\/wp\/v2\/pages\/23220","targetHints":{"allow":["GET"]}}],"collection":[{"href":"https:\/\/www.visitsaimaa.fi\/fi\/wp-json\/wp\/v2\/pages"}],"about":[{"href":"https:\/\/www.visitsaimaa.fi\/fi\/wp-json\/wp\/v2\/types\/page"}],"author":[{"embeddable":true,"href":"https:\/\/www.visitsaimaa.fi\/fi\/wp-json\/wp\/v2\/users\/62"}],"replies":[{"embeddable":true,"href":"https:\/\/www.visitsaimaa.fi\/fi\/wp-json\/wp\/v2\/comments?post=23220"}],"version-history":[{"count":57,"href":"https:\/\/www.visitsaimaa.fi\/fi\/wp-json\/wp\/v2\/pages\/23220\/revisions"}],"predecessor-version":[{"id":23849,"href":"https:\/\/www.visitsaimaa.fi\/fi\/wp-json\/wp\/v2\/pages\/23220\/revisions\/23849"}],"wp:attachment":[{"href":"https:\/\/www.visitsaimaa.fi\/fi\/wp-json\/wp\/v2\/media?parent=23220"}],"wp:term":[{"taxonomy":"relatedcontent","embeddable":true,"href":"https:\/\/www.visitsaimaa.fi\/fi\/wp-json\/wp\/v2\/relatedcontent?post=23220"}],"curies":[{"name":"wp","href":"https:\/\/api.w.org\/{rel}","templated":true}]}}