{"id":21204,"date":"2021-06-03T09:35:54","date_gmt":"2021-06-03T06:35:54","guid":{"rendered":"https:\/\/www.visitsaimaa.fi\/?page_id=21204"},"modified":"2023-09-07T19:44:27","modified_gmt":"2023-09-07T16:44:27","slug":"varkaus-reitti-lapsiperheille","status":"publish","type":"page","link":"https:\/\/www.visitsaimaa.fi\/fi\/reitit\/varkaus-reitti-lapsiperheille\/","title":{"rendered":"Varkaus-reitti lapsiperheille"},"content":{"rendered":"<p>[vc_row full_width=&#8221;stretch_row_content_no_spaces&#8221; full_height=&#8221;yes&#8221; parallax=&#8221;content-moving&#8221; parallax_image=&#8221;21356&#8243;][vc_column][vc_column_text]<\/p>\n<h1 style=\"text-align: center\"><span style=\"color: #ffffff\">Varkaudessa kivoja yll\u00e4tyksi\u00e4 lapsiperheille<\/span><\/h1>\n<p>[\/vc_column_text][\/vc_column][\/vc_row][vc_row css=&#8221;.vc_custom_1622715183726{padding-top: 30px !important;}&#8221;][vc_column width=&#8221;1\/4&#8243;][\/vc_column][vc_column width=&#8221;1\/2&#8243;][vc_column_text]<\/p>\n<p style=\"text-align: center\">Varkaus on kaunis ja viihtyis\u00e4 Saimaan rantakaupunki. N\u00e4ht\u00e4v\u00e4\u00e4 ja koettavaa on sek\u00e4 aikuisille ett\u00e4 lapsille, ja kaikki on l\u00e4hell\u00e4. Uimaan, luontopolulle, taide-el\u00e4mysten pariin ja herkuttelemaan p\u00e4\u00e4see aivan kaupungin keskustassa. Luontoel\u00e4myksi\u00e4 tarjoaa Linnansaaren luonnonpuisto, joka on muun muassa harvinaisen saimaannorpan koti.<\/p>\n<p>[\/vc_column_text][\/vc_column][vc_column width=&#8221;1\/4&#8243;][\/vc_column][\/vc_row][vc_row full_width=&#8221;stretch_row_content_no_spaces&#8221;][vc_column]<div class=\"main_header normal\">\n    <figure style=\"background-image: url('https:\/\/www.visitsaimaa.fi\/wp-content\/uploads\/2020\/09\/Travelers-BuddyDJI_0155-1500x600.png'); background-position: center center;\"><\/figure>\n    <div class=\"main_header_content\" style=\"\">\n        <div class=\"container\">\n            \n<h1 style=\"text-align: center\">P\u00e4iv\u00e4 1 \u2013 Taipaleen kanava ja K\u00e4m\u00e4rin luontopolku<\/h1>\n<p style=\"text-align: center\">Luonnonkauniissa ymp\u00e4rist\u00f6ss\u00e4 viihtyy koko perhe<\/p>\n    \n        <\/div>\n    <\/div><!-- \/.container -->\n<\/div><!-- \/.main_header -->\n\n[\/vc_column][\/vc_row][vc_row css=&#8221;.vc_custom_1622702196853{padding-top: 30px !important;}&#8221;][vc_column width=&#8221;1\/4&#8243;][\/vc_column][vc_column width=&#8221;1\/2&#8243;][vc_column_text]Aivan Varkauden keskustassa oleva <a href=\"https:\/\/www.visitsaimaa.fi\/fi\/taipaleen-kanava\/\">Taipaleen kanava<\/a> on historiallinen ja vieh\u00e4tt\u00e4v\u00e4 paikka viett\u00e4\u00e4 mukava ulkoilup\u00e4iv\u00e4. Kanavalla voi seurata veneiden ja laivojen sulutusta sek\u00e4 k\u00e4yd\u00e4 museossa katsomassa mielenkiintoisia elokuvia kanavan historiasta. Museossa oleva puoti ja kahvila ovat auki kes\u00e4isin.<\/p>\n<p>Kanavan vieress\u00e4 on luonnonkaunis ja helppokulkuinen noin 3 kilometrin pituinen <a href=\"https:\/\/www.visitsaimaa.fi\/fi\/kamarin-saari-ja-ammankoski\/\">K\u00e4m\u00e4rin luontopolku<\/a>, jolla voi nauttia vehre\u00e4st\u00e4 luonnosta ja \u00c4mm\u00e4kosken kuohuista. Luontopolku kulkee lehtomaisessa mets\u00e4ss\u00e4 satumaisissa koskimaisemissa, joissa el\u00e4\u00e4 my\u00f6s Varkauden nimikkoel\u00e4in saukko. Reitin varrella on my\u00f6s uimaranta.<\/p>\n<p>Varkauden keskustassa olevan <a href=\"https:\/\/www.hoteloscar.fi\/\" target=\"_blank\" rel=\"noopener\">Hotel Oscarin<\/a> huoneissa koko perhe majoittuu tasokkaasti \u2013 esimerkiksi Prime superior family -huoneeseen mahtuu mukavasti kaksi aikuista ja kaksi lasta. Hotellin ravintola Oscar&#8217;s Bar &amp; Dinner tarjoaa kunnon annokset avotuligrilliss\u00e4 valmistettua ruokaa puhtaista raaka-aineista. Lapsille on oma ruokalista.[\/vc_column_text][\/vc_column][vc_column width=&#8221;1\/4&#8243;][vc_single_image image=&#8221;16012&#8243; img_size=&#8221;medium&#8221;][vc_single_image image=&#8221;19122&#8243; img_size=&#8221;medium&#8221;][\/vc_column][\/vc_row][vc_row full_width=&#8221;stretch_row_content_no_spaces&#8221;][vc_column]<div class=\"main_header normal\">\n    <figure style=\"background-image: url('https:\/\/www.visitsaimaa.fi\/wp-content\/uploads\/2019\/06\/Mekaanisen-Musiikin-Museo-Amadeus-1920x600.jpg'); background-position: center center;\"><\/figure>\n    <div class=\"main_header_content\" style=\"\">\n        <div class=\"container\">\n            \n<h1 style=\"text-align: center\">P\u00e4iv\u00e4 2 \u2013 Mukavaa tekemist\u00e4 ja n\u00e4ht\u00e4v\u00e4\u00e4 Varkaudessa<\/h1>\n<p style=\"text-align: center\">Koko perheen taide- ja kulttuuriel\u00e4myksi\u00e4<\/p>\n    \n        <\/div>\n    <\/div><!-- \/.container -->\n<\/div><!-- \/.main_header -->\n\n[\/vc_column][\/vc_row][vc_row css=&#8221;.vc_custom_1622714882845{padding-top: 30px !important;}&#8221;][vc_column width=&#8221;1\/4&#8243;][\/vc_column][vc_column width=&#8221;1\/2&#8243;][vc_column_text]Mink\u00e4lainen olisi kaupunkip\u00e4iv\u00e4 Varkaudessa? T\u00e4ss\u00e4 parhaat vinkit Varkauden omiin erikoisuuksiin ja n\u00e4ht\u00e4vyyksiin.<\/p>\n<p><strong>Taidekeskus V\u00e4in\u00f6l\u00e4<\/strong> on vieh\u00e4tt\u00e4v\u00e4 puutalo koivujen katveessa aivan Varkauden keskustassa. Sis\u00e4\u00e4n k\u00e4tkeytyy monenmoisia taide-el\u00e4myksi\u00e4, ja taiden\u00e4yttelyt vaihtuvat vuosittain. Vierailun lomassa voi herkutella kodikkaassa kahviossa vaikka itse leivotulla taatelikakulla. Kes\u00e4isin V\u00e4in\u00f6l\u00e4ss\u00e4 voi nauttia my\u00f6s riemastuttavasta naivismitaiteesta ILOA \u2013 Naivistit Varkaudessa -n\u00e4yttelyss\u00e4, osallistua taidesuunnistukseen ja hyp\u00e4t\u00e4 Kalakukko-katujunan kyytiin.<\/p>\n<p>Kokemisen arvoinen paikka on ehdottomasti <strong>Mekaanisen musiikin museo<\/strong>, jossa n\u00e4kee ja kuulee, miten musiikkia on soitettu ennen Spotifyta, MP3-soittimia ja CD-levyj\u00e4.\u00a0 Museon lukuisat erikoiset soittimet soittavat ilman soittajia kokonaisille orkestereille s\u00e4vellettyj\u00e4 musiikkiteoksia. Erikoisiin soittimiin p\u00e4\u00e4see tutustumaan parhaiten opastetuilla kierroksilla.<\/p>\n<p>Maistuvan lounashetken tarjoaa <a href=\"https:\/\/www.visitsaimaa.fi\/fi\/shops\/konttiravintola-morton\/\">Konttiravintola Morton<\/a> keskustassa Saimaan rannassa. Ravintolan herkulliset hampurilaisannokset sek\u00e4 aikuisille ett\u00e4 lapsille viev\u00e4t isommankin n\u00e4l\u00e4n menness\u00e4\u00e4n. Viereinen Hertunniemen uimaranta on hyv\u00e4 paikka kiipeill\u00e4, keinua ja pulahtaa uimaan Saimaaseen.<\/p>\n<h3>Lis\u00e4vinkit Varkaus-p\u00e4iv\u00e4\u00e4n<\/h3>\n<ul>\n<li>Hypp\u00e4\u00e4 kaupunkipy\u00f6r\u00e4n selk\u00e4\u00e4n ja py\u00f6r\u00e4ile Varkauden n\u00e4ht\u00e4vyyksiin. Kaupunkipy\u00f6ri\u00e4 voi vuokrata mobiilisovelluksella ja niit\u00e4 l\u00f6yt\u00e4\u00e4 useammasta paikasta Varkauden keskustassa.<\/li>\n<li>Vekara-Varkaus -festivaaliviikko 12.\u201318.6.2023 tarjoaa katuperformansseja, esityksi\u00e4, ty\u00f6pajoja, seikkailua ja muuta iloista ohjelmaa koko perheelle.<\/li>\n<\/ul>\n<p>[\/vc_column_text][\/vc_column][vc_column width=&#8221;1\/4&#8243;][vc_single_image image=&#8221;14939&#8243; img_size=&#8221;medium&#8221;][vc_single_image image=&#8221;16381&#8243; img_size=&#8221;medium&#8221;][\/vc_column][\/vc_row][vc_row full_width=&#8221;stretch_row_content_no_spaces&#8221;][vc_column]<div class=\"main_header normal\">\n    <figure style=\"background-image: url('https:\/\/www.visitsaimaa.fi\/wp-content\/uploads\/2020\/08\/Norppa.jpg'); background-position: center center;\"><\/figure>\n    <div class=\"main_header_content\" style=\"\">\n        <div class=\"container\">\n            \n<h1 style=\"text-align: center\">P\u00e4iv\u00e4 3 \u2013 Risteily Linnansaareen<\/h1>\n<p style=\"text-align: center\">L\u00e4hde risteilylle Linnansaareen, saimaannorpan kotikonnuille<\/p>\n    \n        <\/div>\n    <\/div><!-- \/.container -->\n<\/div><!-- \/.main_header -->\n\n[\/vc_column][\/vc_row][vc_row css=&#8221;.vc_custom_1622716687654{padding-top: 30px !important;}&#8221;][vc_column width=&#8221;1\/4&#8243;][\/vc_column][vc_column width=&#8221;1\/2&#8243;][vc_column_text]<strong>Linnansaaren kansallispuisto <\/strong>sijaitsee Saimaan syd\u00e4mess\u00e4 keskell\u00e4 aavaa j\u00e4rvenselk\u00e4\u00e4. Linnansaaren kansallispuisto on suomalaista j\u00e4rviluontoa parhaimmillaan, ja sen luonto on upea ymp\u00e4ri vuoden. Ominaista Linnansaarelle ovat avarat j\u00e4rvensel\u00e4t, sadat saaret ja luodot sek\u00e4 rantakallioiden takaa paljastuvat rehev\u00e4t lehdot.<\/p>\n<p>Linnansaareen tehd\u00e4\u00e4n risteilyj\u00e4 Savonlinnan satamasta. Linnansaaren vesist\u00f6\u00e4 p\u00e4\u00e4see ihailemaan my\u00f6s risteilyill\u00e4 Varkaudesta J\u00e4rvisyd\u00e4meen. Lis\u00e4ksi J\u00e4rvisyd\u00e4mest\u00e4 tehd\u00e4\u00e4n maisemaristeilyj\u00e4 Linnansaaren kansallispuistoon. Risteilyill\u00e4 voi hyv\u00e4ll\u00e4 onnella bongata norpan ja muita harvinaisia el\u00e4imi\u00e4, kuten kalas\u00e4\u00e4sken. Eri risteilyvaihtoehtoja l\u00f6yd\u00e4t <a href=\"https:\/\/www.visitsaimaa.fi\/fi\/nae-ja-koe\/risteilyt\/\">Risteilyt<\/a>-sivulta.<\/p>\n<p>J\u00e4rvikylpyl\u00e4\u00a0<a href=\"https:\/\/www.visitsaimaa.fi\/fi\/majoitu\/kylpylat-2\/\">J\u00e4rvisyd\u00e4n<\/a> on kokemisen arvoinen paikka. Saimaan rannalla sijaitsevassa hotellissa majoittuu tasokkaasti ja ainutlaatuinen j\u00e4rvikylpyl\u00e4 on el\u00e4mys koko perheelle. Kylpyl\u00e4 on rakennettu luonnonkivist\u00e4, ja suurista ikkunoista on n\u00e4k\u00f6ala Saimaalla. Kylpyl\u00e4ss\u00e4 on useita saunoja ja viisi allasta, joista on matala lastenallas. Lastenaltaalla on my\u00f6s pieni liukum\u00e4ki, kylpyleluja, kellukkeita sek\u00e4 l\u00f6h\u00f6ilyverkko 4\u201312 -vuotiaille lapsille. Sis\u00e4altaiden vesi on mukavan l\u00e4mmint\u00e4, ja viilentym\u00e4\u00e4n p\u00e4\u00e4see ulkoaltailla, joista voi pulahtaa kes\u00e4isin suoraan Saimaaseen. Kylpyl\u00e4n kolmella l\u00e4mmitetyll\u00e4 norppakivell\u00e4 voi lekotella kuin norpat kev\u00e4tauringossa konsanaan.[\/vc_column_text][\/vc_column][vc_column width=&#8221;1\/4&#8243;][\/vc_column][\/vc_row]<\/p>\n","protected":false},"excerpt":{"rendered":"<p>[vc_row full_width=&#8221;stretch_row_content_no_spaces&#8221; full_height=&#8221;yes&#8221; parallax=&#8221;content-moving&#8221; parallax_image=&#8221;21356&#8243;][vc_column][vc_column_text] Varkaudessa kivoja yll\u00e4tyksi\u00e4 lapsiperheille [\/vc_column_text][\/vc_column][\/vc_row][vc_row css=&#8221;.vc_custom_1622715183726{padding-top: 30px !important;}&#8221;][vc_column width=&#8221;1\/4&#8243;][\/vc_column][vc_column width=&#8221;1\/2&#8243;][vc_column_text] Varkaus on kaunis ja viihtyis\u00e4 Saimaan rantakaupunki. N\u00e4ht\u00e4v\u00e4\u00e4 ja koettavaa on sek\u00e4 aikuisille ett\u00e4 lapsille, [&hellip;]<\/p>\n","protected":false},"author":62,"featured_media":0,"parent":19879,"menu_order":0,"comment_status":"closed","ping_status":"closed","template":"","meta":{"footnotes":""},"relatedcontent":[],"class_list":["post-21204","page","type-page","status-publish","hentry"],"yoast_head":"<!-- This site is optimized with the Yoast SEO Premium plugin v27.3 (Yoast SEO v27.5) - https:\/\/yoast.com\/product\/yoast-seo-premium-wordpress\/ -->\n<title>Varkaus-reitti lapsiperheille - Visit Saimaa<\/title>\n<meta name=\"description\" content=\"Varkaudessa kivoja yll\u00e4tyksi\u00e4 lapsiperheille Varkaus on kaunis ja viihtyis\u00e4 Saimaan rantakaupunki. N\u00e4ht\u00e4v\u00e4\u00e4 ja koettavaa on sek\u00e4 aikuisille ett\u00e4 lapsille,\" \/>\n<meta name=\"robots\" content=\"index, follow, max-snippet:-1, max-image-preview:large, max-video-preview:-1\" \/>\n<link rel=\"canonical\" href=\"https:\/\/www.visitsaimaa.fi\/fi\/reitit\/varkaus-reitti-lapsiperheille\/\" \/>\n<meta property=\"og:locale\" content=\"fi_FI\" \/>\n<meta property=\"og:type\" content=\"article\" \/>\n<meta property=\"og:title\" content=\"Varkaus-reitti lapsiperheille\" \/>\n<meta property=\"og:description\" content=\"Varkaudessa kivoja yll\u00e4tyksi\u00e4 lapsiperheille Varkaus on kaunis ja viihtyis\u00e4 Saimaan rantakaupunki. N\u00e4ht\u00e4v\u00e4\u00e4 ja koettavaa on sek\u00e4 aikuisille ett\u00e4 lapsille,\" \/>\n<meta property=\"og:url\" content=\"https:\/\/www.visitsaimaa.fi\/fi\/reitit\/varkaus-reitti-lapsiperheille\/\" \/>\n<meta property=\"og:site_name\" content=\"Visit Saimaa\" \/>\n<meta property=\"article:modified_time\" content=\"2023-09-07T16:44:27+00:00\" \/>\n<meta name=\"twitter:label1\" content=\"Arvioitu lukuaika\" \/>\n\t<meta name=\"twitter:data1\" content=\"4 minuuttia\" \/>\n<script type=\"application\/ld+json\" class=\"yoast-schema-graph\">{\"@context\":\"https:\\\/\\\/schema.org\",\"@graph\":[{\"@type\":\"WebPage\",\"@id\":\"https:\\\/\\\/www.visitsaimaa.fi\\\/fi\\\/reitit\\\/varkaus-reitti-lapsiperheille\\\/\",\"url\":\"https:\\\/\\\/www.visitsaimaa.fi\\\/fi\\\/reitit\\\/varkaus-reitti-lapsiperheille\\\/\",\"name\":\"Varkaus-reitti lapsiperheille - Visit Saimaa\",\"isPartOf\":{\"@id\":\"https:\\\/\\\/www.visitsaimaa.fi\\\/fi\\\/#website\"},\"datePublished\":\"2021-06-03T06:35:54+00:00\",\"dateModified\":\"2023-09-07T16:44:27+00:00\",\"description\":\"Varkaudessa kivoja yll\u00e4tyksi\u00e4 lapsiperheille Varkaus on kaunis ja viihtyis\u00e4 Saimaan rantakaupunki. N\u00e4ht\u00e4v\u00e4\u00e4 ja koettavaa on sek\u00e4 aikuisille ett\u00e4 lapsille,\",\"breadcrumb\":{\"@id\":\"https:\\\/\\\/www.visitsaimaa.fi\\\/fi\\\/reitit\\\/varkaus-reitti-lapsiperheille\\\/#breadcrumb\"},\"inLanguage\":\"fi\",\"potentialAction\":[{\"@type\":\"ReadAction\",\"target\":[\"https:\\\/\\\/www.visitsaimaa.fi\\\/fi\\\/reitit\\\/varkaus-reitti-lapsiperheille\\\/\"]}]},{\"@type\":\"BreadcrumbList\",\"@id\":\"https:\\\/\\\/www.visitsaimaa.fi\\\/fi\\\/reitit\\\/varkaus-reitti-lapsiperheille\\\/#breadcrumb\",\"itemListElement\":[{\"@type\":\"ListItem\",\"position\":1,\"name\":\"Visit Saimaa\",\"item\":\"https:\\\/\\\/www.visitsaimaa.fi\\\/fi\\\/\"},{\"@type\":\"ListItem\",\"position\":2,\"name\":\"Lomasuositukset\",\"item\":\"https:\\\/\\\/www.visitsaimaa.fi\\\/fi\\\/reitit\\\/\"},{\"@type\":\"ListItem\",\"position\":3,\"name\":\"Varkaus-reitti lapsiperheille\"}]},{\"@type\":\"WebSite\",\"@id\":\"https:\\\/\\\/www.visitsaimaa.fi\\\/fi\\\/#website\",\"url\":\"https:\\\/\\\/www.visitsaimaa.fi\\\/fi\\\/\",\"name\":\"Visit Saimaa\",\"description\":\"The Official Travel Guide of Lakeland Saimaa\",\"potentialAction\":[{\"@type\":\"SearchAction\",\"target\":{\"@type\":\"EntryPoint\",\"urlTemplate\":\"https:\\\/\\\/www.visitsaimaa.fi\\\/fi\\\/?s={search_term_string}\"},\"query-input\":{\"@type\":\"PropertyValueSpecification\",\"valueRequired\":true,\"valueName\":\"search_term_string\"}}],\"inLanguage\":\"fi\"}]}<\/script>\n<!-- \/ Yoast SEO Premium plugin. -->","yoast_head_json":{"title":"Varkaus-reitti lapsiperheille - Visit Saimaa","description":"Varkaudessa kivoja yll\u00e4tyksi\u00e4 lapsiperheille Varkaus on kaunis ja viihtyis\u00e4 Saimaan rantakaupunki. N\u00e4ht\u00e4v\u00e4\u00e4 ja koettavaa on sek\u00e4 aikuisille ett\u00e4 lapsille,","robots":{"index":"index","follow":"follow","max-snippet":"max-snippet:-1","max-image-preview":"max-image-preview:large","max-video-preview":"max-video-preview:-1"},"canonical":"https:\/\/www.visitsaimaa.fi\/fi\/reitit\/varkaus-reitti-lapsiperheille\/","og_locale":"fi_FI","og_type":"article","og_title":"Varkaus-reitti lapsiperheille","og_description":"Varkaudessa kivoja yll\u00e4tyksi\u00e4 lapsiperheille Varkaus on kaunis ja viihtyis\u00e4 Saimaan rantakaupunki. N\u00e4ht\u00e4v\u00e4\u00e4 ja koettavaa on sek\u00e4 aikuisille ett\u00e4 lapsille,","og_url":"https:\/\/www.visitsaimaa.fi\/fi\/reitit\/varkaus-reitti-lapsiperheille\/","og_site_name":"Visit Saimaa","article_modified_time":"2023-09-07T16:44:27+00:00","twitter_misc":{"Arvioitu lukuaika":"4 minuuttia"},"schema":{"@context":"https:\/\/schema.org","@graph":[{"@type":"WebPage","@id":"https:\/\/www.visitsaimaa.fi\/fi\/reitit\/varkaus-reitti-lapsiperheille\/","url":"https:\/\/www.visitsaimaa.fi\/fi\/reitit\/varkaus-reitti-lapsiperheille\/","name":"Varkaus-reitti lapsiperheille - Visit Saimaa","isPartOf":{"@id":"https:\/\/www.visitsaimaa.fi\/fi\/#website"},"datePublished":"2021-06-03T06:35:54+00:00","dateModified":"2023-09-07T16:44:27+00:00","description":"Varkaudessa kivoja yll\u00e4tyksi\u00e4 lapsiperheille Varkaus on kaunis ja viihtyis\u00e4 Saimaan rantakaupunki. N\u00e4ht\u00e4v\u00e4\u00e4 ja koettavaa on sek\u00e4 aikuisille ett\u00e4 lapsille,","breadcrumb":{"@id":"https:\/\/www.visitsaimaa.fi\/fi\/reitit\/varkaus-reitti-lapsiperheille\/#breadcrumb"},"inLanguage":"fi","potentialAction":[{"@type":"ReadAction","target":["https:\/\/www.visitsaimaa.fi\/fi\/reitit\/varkaus-reitti-lapsiperheille\/"]}]},{"@type":"BreadcrumbList","@id":"https:\/\/www.visitsaimaa.fi\/fi\/reitit\/varkaus-reitti-lapsiperheille\/#breadcrumb","itemListElement":[{"@type":"ListItem","position":1,"name":"Visit Saimaa","item":"https:\/\/www.visitsaimaa.fi\/fi\/"},{"@type":"ListItem","position":2,"name":"Lomasuositukset","item":"https:\/\/www.visitsaimaa.fi\/fi\/reitit\/"},{"@type":"ListItem","position":3,"name":"Varkaus-reitti lapsiperheille"}]},{"@type":"WebSite","@id":"https:\/\/www.visitsaimaa.fi\/fi\/#website","url":"https:\/\/www.visitsaimaa.fi\/fi\/","name":"Visit Saimaa","description":"The Official Travel Guide of Lakeland Saimaa","potentialAction":[{"@type":"SearchAction","target":{"@type":"EntryPoint","urlTemplate":"https:\/\/www.visitsaimaa.fi\/fi\/?s={search_term_string}"},"query-input":{"@type":"PropertyValueSpecification","valueRequired":true,"valueName":"search_term_string"}}],"inLanguage":"fi"}]}},"_links":{"self":[{"href":"https:\/\/www.visitsaimaa.fi\/fi\/wp-json\/wp\/v2\/pages\/21204","targetHints":{"allow":["GET"]}}],"collection":[{"href":"https:\/\/www.visitsaimaa.fi\/fi\/wp-json\/wp\/v2\/pages"}],"about":[{"href":"https:\/\/www.visitsaimaa.fi\/fi\/wp-json\/wp\/v2\/types\/page"}],"author":[{"embeddable":true,"href":"https:\/\/www.visitsaimaa.fi\/fi\/wp-json\/wp\/v2\/users\/62"}],"replies":[{"embeddable":true,"href":"https:\/\/www.visitsaimaa.fi\/fi\/wp-json\/wp\/v2\/comments?post=21204"}],"version-history":[{"count":28,"href":"https:\/\/www.visitsaimaa.fi\/fi\/wp-json\/wp\/v2\/pages\/21204\/revisions"}],"predecessor-version":[{"id":28273,"href":"https:\/\/www.visitsaimaa.fi\/fi\/wp-json\/wp\/v2\/pages\/21204\/revisions\/28273"}],"up":[{"embeddable":true,"href":"https:\/\/www.visitsaimaa.fi\/fi\/wp-json\/wp\/v2\/pages\/19879"}],"wp:attachment":[{"href":"https:\/\/www.visitsaimaa.fi\/fi\/wp-json\/wp\/v2\/media?parent=21204"}],"wp:term":[{"taxonomy":"relatedcontent","embeddable":true,"href":"https:\/\/www.visitsaimaa.fi\/fi\/wp-json\/wp\/v2\/relatedcontent?post=21204"}],"curies":[{"name":"wp","href":"https:\/\/api.w.org\/{rel}","templated":true}]}}