{"id":21167,"date":"2021-06-02T16:09:42","date_gmt":"2021-06-02T13:09:42","guid":{"rendered":"https:\/\/www.visitsaimaa.fi\/?page_id=21167"},"modified":"2023-09-07T20:05:19","modified_gmt":"2023-09-07T17:05:19","slug":"savonlinna-reitti-lapsiperheille","status":"publish","type":"page","link":"https:\/\/www.visitsaimaa.fi\/fi\/reitit\/savonlinna-reitti-lapsiperheille\/","title":{"rendered":"Savonlinna-reitti lapsiperheille"},"content":{"rendered":"<p>[vc_row full_width=&#8221;stretch_row_content_no_spaces&#8221; full_height=&#8221;yes&#8221; content_placement=&#8221;middle&#8221; parallax=&#8221;content-moving-fade&#8221; parallax_image=&#8221;2397&#8243;][vc_column][vc_column_text]<\/p>\n<h1 style=\"text-align: center\"><span style=\"color: #ffffff\">Savonlinnassa monta mukavaa lapsiperheille<\/span><\/h1>\n<p>[\/vc_column_text][\/vc_column][\/vc_row][vc_row][vc_column width=&#8221;1\/4&#8243;][\/vc_column][vc_column width=&#8221;1\/2&#8243;][vc_column_text]<\/p>\n<p style=\"text-align: center\">Rentoutumista ja mukavaa oloa maaseudun rauhassa, seikkailua keskiaikaisessa linnassa, upeita Saimaan maisemia, mets\u00e4n ihmeit\u00e4, leikki\u00e4 ja uimahetki\u00e4 \u2013 t\u00e4t\u00e4 on tarjolla Savonlinnan seudulla.<\/p>\n<p style=\"text-align: center\">Aivan Savonlinnan keskustassa p\u00e4\u00e4see historiallisiin kohteisiin, lapsiperheille suunnatuille risteilyille, luontopoluille, uimaan ja sy\u00f6m\u00e4\u00e4n Saimaan herkkujakin. Kaikki on mukavasti l\u00e4hell\u00e4.<\/p>\n<p>[\/vc_column_text][\/vc_column][vc_column width=&#8221;1\/4&#8243;][\/vc_column][\/vc_row][vc_row full_width=&#8221;stretch_row_content_no_spaces&#8221;][vc_column]<div class=\"main_header normal\">\n    <figure style=\"background-image: url('https:\/\/www.visitsaimaa.fi\/wp-content\/uploads\/2019\/09\/Lomamokkila_1-e1569577030393-1920x600.jpg'); background-position: center center;\"><\/figure>\n    <div class=\"main_header_content\" style=\"\">\n        <div class=\"container\">\n            \n<h1 style=\"text-align: center\">P\u00e4iv\u00e4 1 \u2013 Lomamokkila<\/h1>\n<p style=\"text-align: center\">Mukavaa maalaisel\u00e4m\u00e4\u00e4 perheen omalla tilalla<\/p>\n    \n        <\/div>\n    <\/div><!-- \/.container -->\n<\/div><!-- \/.main_header -->\n\n[\/vc_column][\/vc_row][vc_row css=&#8221;.vc_custom_1622640606374{padding-top: 30px !important;}&#8221;][vc_column width=&#8221;1\/4&#8243;][vc_single_image image=&#8221;14194&#8243; img_size=&#8221;medium&#8221;][\/vc_column][vc_column width=&#8221;1\/2&#8243;][vc_column_text]Lomamokkilassa p\u00e4\u00e4see aidon maalaisel\u00e4m\u00e4n makuun keskell\u00e4 kauneinta Saimaata. Maatilan pihapiiriss\u00e4 voi tutustua el\u00e4imiin ja rentoutua pelaamalla tennist\u00e4, lentopalloa tai sulkapalloa. Tilalta voi my\u00f6s vuokrata polkupy\u00f6ri\u00e4 ja v\u00e4lineit\u00e4 aktiviteetteihin. Harrastehuoneessa voi pelata biljardia ja lautapelej\u00e4 tai lukea kirjoja. L\u00e4heisell\u00e4 j\u00e4rvell\u00e4 p\u00e4\u00e4see uimaan, soutelemaan, kalastamaan ja nauttimaan rantasaunan ja savusaunan lempeist\u00e4 l\u00f6ylyist\u00e4. Tilan vanhaan riiheen perustetun riihimuseon kiehtovat esineet kertovat kuinka ennen vanhaan maatilalla on tehty t\u00f6it\u00e4.<\/p>\n<p>Kodikkaita ja tasokkaita majoitusvaihtoehtoja on useita: p\u00e4\u00e4rakennuksen huoneet, vierastalojen tai lomarakennuksen kahden hengen huoneet sek\u00e4 m\u00f6kit Saimaan rannalla. Vierastalojen keitti\u00f6t ovat my\u00f6s lomarakennuksessa majoittujien k\u00e4yt\u00f6ss\u00e4. Aamiaista sek\u00e4 kotona tehty\u00e4, maukasta maalaisruokaa tarjotaan\u00a0 p\u00e4\u00e4rakennuksessa. Raaka-aineissa suositaan oman sek\u00e4 l\u00e4hitilojen tuotteita.[\/vc_column_text][\/vc_column][vc_column width=&#8221;1\/4&#8243;][vc_single_image image=&#8221;14186&#8243; img_size=&#8221;medium&#8221;][\/vc_column][\/vc_row][vc_row full_width=&#8221;stretch_row_content_no_spaces&#8221;][vc_column]<div class=\"main_header normal\">\n    <figure style=\"background-image: url('https:\/\/www.visitsaimaa.fi\/wp-content\/uploads\/2017\/03\/finland-Savonlinna-sightseeing-cruises-Saimaa-cruises-mikkeli--1920x600.jpeg'); background-position: center center;\"><\/figure>\n    <div class=\"main_header_content\" style=\"\">\n        <div class=\"container\">\n            \n<h1 style=\"text-align: center\">P\u00e4iv\u00e4 2 \u2013 Savonlinna<\/h1>\n<p style=\"text-align: center\">J\u00e4nn\u00e4 p\u00e4iv\u00e4 t\u00e4ynn\u00e4 el\u00e4myksi\u00e4 koko perheelle<\/p>\n    \n        <\/div>\n    <\/div><!-- \/.container -->\n<\/div><!-- \/.main_header -->\n\n[\/vc_column][\/vc_row][vc_row css=&#8221;.vc_custom_1622640614354{padding-top: 30px !important;}&#8221;][vc_column width=&#8221;1\/4&#8243;][\/vc_column][vc_column width=&#8221;1\/2&#8243;][vc_column_text]Savonlinna-p\u00e4iv\u00e4n voi aloittaa piipahtamalla torille ostamaan tuoreet herkut ja l\u00e4htem\u00e4ll\u00e4 risteilylle M\/S Ievalla tai h\u00f6yrylaiva S\/S Punkaharjulla. Valittavana on erilaisia maisemaristeilyj\u00e4 sek\u00e4 pikku kippareille ja merirosvoille suunnattuja teemaristeilyj\u00e4. Aivan keskustassa Olavinlinnan kupeessa veden \u00e4\u00e4rell\u00e4 oleva <strong>Pikku Kakkosen leikkipuisto<\/strong> on perheen pienempien suosikkipaikka ja viihtyis\u00e4 alue my\u00f6s aikuisille. Aidatussa leikkipuistossa on paljon kivoja laitteita ja turvallista leikki\u00e4. Leikkien j\u00e4lkeen on mukava pulahtaa uimaan viereisell\u00e4 hiekkarannalla.<\/p>\n<p>Keskiaikainen <a href=\"https:\/\/www.visitsaimaa.fi\/fi\/olavinlinna-ja-riihisaari\/\">Olavinlinna <\/a>on kiehtova kohde koko perheelle. Opastetuilla kierroksilla kuulee parhaat tarinat linnan vaiherikkaasta historiasta. Viereisess\u00e4 Saimaan luonto- ja museokeskus Riihisaaressa voi tutustua mm. yli sata vuotta vanhoihin h\u00f6yrylaivoihin sek\u00e4 tavata lampaita kes\u00e4- ja hein\u00e4kuun ensimm\u00e4isin\u00e4 viikkoina.<\/p>\n<p>N\u00e4l\u00e4n yll\u00e4tt\u00e4ess\u00e4 viihtyis\u00e4n <a href=\"https:\/\/www.visitsaimaa.fi\/fi\/ruoka\/ravintolat\/#!kahvila-saima-2-34053-7\">Kahvila Saiman<\/a> kattavalta listalta l\u00f6ytyy maistuvat herkut jokaiselle. Ruokaa voi sulatella l\u00e4htem\u00e4ll\u00e4 Kalliolinnan saaren muutaman kilometrin pituiselle luontoreitille. Mukavan j\u00e4lkiruokahetken voi viett\u00e4\u00e4 nauttimalla kes\u00e4isin Kalliosaaren lettukahvilan tarjoilusta.<\/p>\n<h3>Lis\u00e4\u00e4 vinkkej\u00e4 Savonlinna-p\u00e4iv\u00e4\u00e4n<\/h3>\n<ul>\n<li><a href=\"https:\/\/www.visitsaimaa.fi\/fi\/hyterman-kivitaidetta\/\">Hyterm\u00e4n luonnonsuojelualueella<\/a> kiert\u00e4\u00e4 helppokulkuinen luontopolku, jonka varrella on lev\u00e4hdyspaikkoja sek\u00e4 erilaisia aittoja ja rakennuksia, joihin p\u00e4\u00e4see tutustumaan opastetuilla kierroksilla.<\/li>\n<li>Punkaharjulla kannattaa k\u00e4yd\u00e4 Suomen mets\u00e4museo Lustossa sek\u00e4 Kuikon Salpa-polulla tutustumassa entis\u00f6ityyn korsuun ja Punkaharjun juoksuhautoihin. Matkan varrella voi k\u00e4yd\u00e4 uimassa upealla hiekkarannalla.<\/li>\n<\/ul>\n<p>[\/vc_column_text][\/vc_column][vc_column width=&#8221;1\/4&#8243;][\/vc_column][\/vc_row][vc_row full_width=&#8221;stretch_row_content_no_spaces&#8221;][vc_column]<div class=\"main_header normal\">\n    <figure style=\"background-image: url('https:\/\/www.visitsaimaa.fi\/wp-content\/uploads\/2015\/03\/DJI_0234-1920x600.jpg'); background-position: center center;\"><\/figure>\n    <div class=\"main_header_content\" style=\"\">\n        <div class=\"container\">\n            \n<h1 style=\"text-align: center\">P\u00e4iv\u00e4 3 \u2013 Punkaharju<\/h1>\n<p style=\"text-align: center\">N\u00e4e ja koe n\u00e4m\u00e4 kohteet maailman kauneimmassa harjuluonnossa<\/p>\n    \n        <\/div>\n    <\/div><!-- \/.container -->\n<\/div><!-- \/.main_header -->\n\n[\/vc_column][\/vc_row][vc_row css=&#8221;.vc_custom_1622640624925{padding-top: 30px !important;}&#8221;][vc_column width=&#8221;1\/4&#8243;][\/vc_column][vc_column width=&#8221;1\/2&#8243;][vc_column_text]<strong>Punkaharjun <\/strong>upeat harjumaisemat k\u00e4tkev\u00e4t monia n\u00e4ht\u00e4vyyksi\u00e4 ja luonnon ihmeit\u00e4.<\/p>\n<p><strong>Mets\u00e4museo Lusto <\/strong>tutustuttaa kivalla tavalla mets\u00e4\u00e4n ja sen merkitykseen suomalaisille. N\u00e4ht\u00e4v\u00e4n\u00e4 on muun muassa mets\u00e4koneita vuosikymmenten varrelta sek\u00e4 huima kokoelma moottorisahoja. Lapset Lusto vie huimiin seikkailuihin: lasten puussa voi kiipeill\u00e4 ja pujahtaa puumajaan ja karhunpes\u00e4ss\u00e4 voi kurkata, onko karhu kotona. Mets\u00e4konesimulaattorilla saa tuntumaa siihen, millaista olisi olla mets\u00e4koneen kuljettaja. Museossa on koko perheen ravintola, ja Luston pihalla sijaitsevassa grillikatoksessa voi viett\u00e4\u00e4 ev\u00e4shetken omia ev\u00e4it\u00e4 sy\u00f6den ja makkaraa paistaen.<\/p>\n<p>Punkaharjun Laukansaaressa sijaitsee tutkimuksellinen Puulajipuisto, jossa voi laittaa pystyyn vaikka pienen kilpailun ja testata puulajien tuntemusta. Yli 30 puulajiin p\u00e4\u00e4see tutustumaan eripituisia reittej\u00e4 kierrellen.<\/p>\n<p><strong>Hotelli Punkaharju<\/strong>\u00a0 on upea ja historiallinen matkailukohde luonnonkauniissa ymp\u00e4rist\u00f6ss\u00e4. Perhe voi majoittua\u00a0kodikkaasti tunnelmallisessa hotellissa, Keisarinnan huvilassa tai mets\u00e4huoneissa Kaarnaniemen k\u00e4rjess\u00e4. Mets\u00e4huoneissa her\u00e4\u00e4 kes\u00e4aamulla linnunlauluun ja laineiden liplatukseen. Hotellin ravintolassa tarjotaan herkullisia ja kekseli\u00e4it\u00e4 l\u00e4hiruoka-annoksia sesongin tuoreista raaka-aineista ja villiyrteist\u00e4. Hotellin em\u00e4nn\u00e4lt\u00e4, Saimi Hoyerilta, voi kuulla kiehtovia tarinoita hotellin historiasta ja Punkaharjun kansallismaisemasta.<\/p>\n<p>Kerim\u00e4en keskustassa kannattaa k\u00e4yd\u00e4 ihmettelem\u00e4ss\u00e4 maailman suurinta puukirkkoa. <strong>Kerim\u00e4en kirkko<\/strong> on varsinainen j\u00e4ttil\u00e4inen: penkkej\u00e4 on 1670 metri\u00e4, ja istumaan mahtuu jopa 3000 ihmist\u00e4.[\/vc_column_text][\/vc_column][vc_column width=&#8221;1\/4&#8243;][\/vc_column][\/vc_row]<\/p>\n","protected":false},"excerpt":{"rendered":"<p>[vc_row full_width=&#8221;stretch_row_content_no_spaces&#8221; full_height=&#8221;yes&#8221; content_placement=&#8221;middle&#8221; parallax=&#8221;content-moving-fade&#8221; parallax_image=&#8221;2397&#8243;][vc_column][vc_column_text] Savonlinnassa monta mukavaa lapsiperheille [\/vc_column_text][\/vc_column][\/vc_row][vc_row][vc_column width=&#8221;1\/4&#8243;][\/vc_column][vc_column width=&#8221;1\/2&#8243;][vc_column_text] Rentoutumista ja mukavaa oloa maaseudun rauhassa, seikkailua keskiaikaisessa linnassa, upeita Saimaan maisemia, mets\u00e4n ihmeit\u00e4, leikki\u00e4 ja uimahetki\u00e4 [&hellip;]<\/p>\n","protected":false},"author":62,"featured_media":0,"parent":19879,"menu_order":0,"comment_status":"closed","ping_status":"closed","template":"","meta":{"footnotes":""},"relatedcontent":[],"class_list":["post-21167","page","type-page","status-publish","hentry"],"yoast_head":"<!-- This site is optimized with the Yoast SEO Premium plugin v27.3 (Yoast SEO v27.2) - https:\/\/yoast.com\/product\/yoast-seo-premium-wordpress\/ -->\n<title>Savonlinna-reitti lapsiperheille - Visit Saimaa<\/title>\n<meta name=\"description\" content=\"Savonlinnassa monta mukavaa lapsiperheille Rentoutumista ja mukavaa oloa maaseudun rauhassa, seikkailua keskiaikaisessa linnassa, upeita Saimaan maisemia,\" \/>\n<meta name=\"robots\" content=\"index, follow, max-snippet:-1, max-image-preview:large, max-video-preview:-1\" \/>\n<link rel=\"canonical\" href=\"https:\/\/www.visitsaimaa.fi\/fi\/reitit\/savonlinna-reitti-lapsiperheille\/\" \/>\n<meta property=\"og:locale\" content=\"fi_FI\" \/>\n<meta property=\"og:type\" content=\"article\" \/>\n<meta property=\"og:title\" content=\"Savonlinna-reitti lapsiperheille - Visit Saimaa\" \/>\n<meta property=\"og:description\" content=\"Savonlinnassa monta mukavaa lapsiperheille Rentoutumista ja mukavaa oloa maaseudun rauhassa, seikkailua keskiaikaisessa linnassa, upeita Saimaan maisemia,\" \/>\n<meta property=\"og:url\" content=\"https:\/\/www.visitsaimaa.fi\/fi\/reitit\/savonlinna-reitti-lapsiperheille\/\" \/>\n<meta property=\"og:site_name\" content=\"Visit Saimaa\" \/>\n<meta property=\"article:modified_time\" content=\"2023-09-07T17:05:19+00:00\" \/>\n<meta name=\"twitter:label1\" content=\"Arvioitu lukuaika\" \/>\n\t<meta name=\"twitter:data1\" content=\"3 minuuttia\" \/>\n<script type=\"application\/ld+json\" class=\"yoast-schema-graph\">{\"@context\":\"https:\/\/schema.org\",\"@graph\":[{\"@type\":\"WebPage\",\"@id\":\"https:\/\/www.visitsaimaa.fi\/fi\/reitit\/savonlinna-reitti-lapsiperheille\/\",\"url\":\"https:\/\/www.visitsaimaa.fi\/fi\/reitit\/savonlinna-reitti-lapsiperheille\/\",\"name\":\"Savonlinna-reitti lapsiperheille - Visit Saimaa\",\"isPartOf\":{\"@id\":\"https:\/\/www.visitsaimaa.fi\/fi\/#website\"},\"datePublished\":\"2021-06-02T13:09:42+00:00\",\"dateModified\":\"2023-09-07T17:05:19+00:00\",\"description\":\"Savonlinnassa monta mukavaa lapsiperheille Rentoutumista ja mukavaa oloa maaseudun rauhassa, seikkailua keskiaikaisessa linnassa, upeita Saimaan maisemia,\",\"breadcrumb\":{\"@id\":\"https:\/\/www.visitsaimaa.fi\/fi\/reitit\/savonlinna-reitti-lapsiperheille\/#breadcrumb\"},\"inLanguage\":\"fi\",\"potentialAction\":[{\"@type\":\"ReadAction\",\"target\":[\"https:\/\/www.visitsaimaa.fi\/fi\/reitit\/savonlinna-reitti-lapsiperheille\/\"]}]},{\"@type\":\"BreadcrumbList\",\"@id\":\"https:\/\/www.visitsaimaa.fi\/fi\/reitit\/savonlinna-reitti-lapsiperheille\/#breadcrumb\",\"itemListElement\":[{\"@type\":\"ListItem\",\"position\":1,\"name\":\"Visit Saimaa\",\"item\":\"https:\/\/www.visitsaimaa.fi\/fi\/\"},{\"@type\":\"ListItem\",\"position\":2,\"name\":\"Lomasuositukset\",\"item\":\"https:\/\/www.visitsaimaa.fi\/fi\/reitit\/\"},{\"@type\":\"ListItem\",\"position\":3,\"name\":\"Savonlinna-reitti lapsiperheille\"}]},{\"@type\":\"WebSite\",\"@id\":\"https:\/\/www.visitsaimaa.fi\/fi\/#website\",\"url\":\"https:\/\/www.visitsaimaa.fi\/fi\/\",\"name\":\"Visit Saimaa\",\"description\":\"The Official Travel Guide of Lakeland Saimaa\",\"potentialAction\":[{\"@type\":\"SearchAction\",\"target\":{\"@type\":\"EntryPoint\",\"urlTemplate\":\"https:\/\/www.visitsaimaa.fi\/fi\/?s={search_term_string}\"},\"query-input\":{\"@type\":\"PropertyValueSpecification\",\"valueRequired\":true,\"valueName\":\"search_term_string\"}}],\"inLanguage\":\"fi\"}]}<\/script>\n<!-- \/ Yoast SEO Premium plugin. -->","yoast_head_json":{"title":"Savonlinna-reitti lapsiperheille - Visit Saimaa","description":"Savonlinnassa monta mukavaa lapsiperheille Rentoutumista ja mukavaa oloa maaseudun rauhassa, seikkailua keskiaikaisessa linnassa, upeita Saimaan maisemia,","robots":{"index":"index","follow":"follow","max-snippet":"max-snippet:-1","max-image-preview":"max-image-preview:large","max-video-preview":"max-video-preview:-1"},"canonical":"https:\/\/www.visitsaimaa.fi\/fi\/reitit\/savonlinna-reitti-lapsiperheille\/","og_locale":"fi_FI","og_type":"article","og_title":"Savonlinna-reitti lapsiperheille - Visit Saimaa","og_description":"Savonlinnassa monta mukavaa lapsiperheille Rentoutumista ja mukavaa oloa maaseudun rauhassa, seikkailua keskiaikaisessa linnassa, upeita Saimaan maisemia,","og_url":"https:\/\/www.visitsaimaa.fi\/fi\/reitit\/savonlinna-reitti-lapsiperheille\/","og_site_name":"Visit Saimaa","article_modified_time":"2023-09-07T17:05:19+00:00","twitter_misc":{"Arvioitu lukuaika":"3 minuuttia"},"schema":{"@context":"https:\/\/schema.org","@graph":[{"@type":"WebPage","@id":"https:\/\/www.visitsaimaa.fi\/fi\/reitit\/savonlinna-reitti-lapsiperheille\/","url":"https:\/\/www.visitsaimaa.fi\/fi\/reitit\/savonlinna-reitti-lapsiperheille\/","name":"Savonlinna-reitti lapsiperheille - Visit Saimaa","isPartOf":{"@id":"https:\/\/www.visitsaimaa.fi\/fi\/#website"},"datePublished":"2021-06-02T13:09:42+00:00","dateModified":"2023-09-07T17:05:19+00:00","description":"Savonlinnassa monta mukavaa lapsiperheille Rentoutumista ja mukavaa oloa maaseudun rauhassa, seikkailua keskiaikaisessa linnassa, upeita Saimaan maisemia,","breadcrumb":{"@id":"https:\/\/www.visitsaimaa.fi\/fi\/reitit\/savonlinna-reitti-lapsiperheille\/#breadcrumb"},"inLanguage":"fi","potentialAction":[{"@type":"ReadAction","target":["https:\/\/www.visitsaimaa.fi\/fi\/reitit\/savonlinna-reitti-lapsiperheille\/"]}]},{"@type":"BreadcrumbList","@id":"https:\/\/www.visitsaimaa.fi\/fi\/reitit\/savonlinna-reitti-lapsiperheille\/#breadcrumb","itemListElement":[{"@type":"ListItem","position":1,"name":"Visit Saimaa","item":"https:\/\/www.visitsaimaa.fi\/fi\/"},{"@type":"ListItem","position":2,"name":"Lomasuositukset","item":"https:\/\/www.visitsaimaa.fi\/fi\/reitit\/"},{"@type":"ListItem","position":3,"name":"Savonlinna-reitti lapsiperheille"}]},{"@type":"WebSite","@id":"https:\/\/www.visitsaimaa.fi\/fi\/#website","url":"https:\/\/www.visitsaimaa.fi\/fi\/","name":"Visit Saimaa","description":"The Official Travel Guide of Lakeland Saimaa","potentialAction":[{"@type":"SearchAction","target":{"@type":"EntryPoint","urlTemplate":"https:\/\/www.visitsaimaa.fi\/fi\/?s={search_term_string}"},"query-input":{"@type":"PropertyValueSpecification","valueRequired":true,"valueName":"search_term_string"}}],"inLanguage":"fi"}]}},"_links":{"self":[{"href":"https:\/\/www.visitsaimaa.fi\/fi\/wp-json\/wp\/v2\/pages\/21167","targetHints":{"allow":["GET"]}}],"collection":[{"href":"https:\/\/www.visitsaimaa.fi\/fi\/wp-json\/wp\/v2\/pages"}],"about":[{"href":"https:\/\/www.visitsaimaa.fi\/fi\/wp-json\/wp\/v2\/types\/page"}],"author":[{"embeddable":true,"href":"https:\/\/www.visitsaimaa.fi\/fi\/wp-json\/wp\/v2\/users\/62"}],"replies":[{"embeddable":true,"href":"https:\/\/www.visitsaimaa.fi\/fi\/wp-json\/wp\/v2\/comments?post=21167"}],"version-history":[{"count":24,"href":"https:\/\/www.visitsaimaa.fi\/fi\/wp-json\/wp\/v2\/pages\/21167\/revisions"}],"predecessor-version":[{"id":21464,"href":"https:\/\/www.visitsaimaa.fi\/fi\/wp-json\/wp\/v2\/pages\/21167\/revisions\/21464"}],"up":[{"embeddable":true,"href":"https:\/\/www.visitsaimaa.fi\/fi\/wp-json\/wp\/v2\/pages\/19879"}],"wp:attachment":[{"href":"https:\/\/www.visitsaimaa.fi\/fi\/wp-json\/wp\/v2\/media?parent=21167"}],"wp:term":[{"taxonomy":"relatedcontent","embeddable":true,"href":"https:\/\/www.visitsaimaa.fi\/fi\/wp-json\/wp\/v2\/relatedcontent?post=21167"}],"curies":[{"name":"wp","href":"https:\/\/api.w.org\/{rel}","templated":true}]}}