{"id":21118,"date":"2021-06-01T13:56:21","date_gmt":"2021-06-01T10:56:21","guid":{"rendered":"https:\/\/www.visitsaimaa.fi\/?page_id=21118"},"modified":"2021-07-28T14:09:22","modified_gmt":"2021-07-28T11:09:22","slug":"perhereitit-saimaalla","status":"publish","type":"page","link":"https:\/\/www.visitsaimaa.fi\/fi\/reitit\/perhereitit-saimaalla\/","title":{"rendered":"Perhereitit Saimaalla"},"content":{"rendered":"<p>[vc_row full_width=&#8221;stretch_row_content_no_spaces&#8221; parallax=&#8221;content-moving-fade&#8221; parallax_image=&#8221;19712&#8243; css=&#8221;.vc_custom_1622802878736{background-color: rgba(39,52,139,0.6) !important;*background-color: rgb(39,52,139) !important;}&#8221;][vc_column css=&#8221;.vc_custom_1622802939634{padding-top: 250px !important;padding-bottom: 250px !important;background-color: rgba(39,52,139,0.5) !important;*background-color: rgb(39,52,139) !important;}&#8221;][vc_column_text]<\/p>\n<h1 style=\"text-align: center\"><span style=\"color: #ffffff\">Perhereitit viev\u00e4t seikkailemaan Saimaalle<\/span><\/h1>\n<p>[\/vc_column_text][\/vc_column][\/vc_row][vc_row][vc_column width=&#8221;1\/4&#8243;][\/vc_column][vc_column width=&#8221;1\/2&#8243;][vc_column_text]<\/p>\n<p style=\"text-align: center\">Saimaalla l\u00f6ytyy monenmoista mukavaa tekemist\u00e4 my\u00f6s lapsiperheille. T\u00e4ss\u00e4 reittiehdotuksia, joihin mahtuu sopivasti aktiviteetteja, luontoel\u00e4myksi\u00e4 ja puuhakohteita Saimaan rantakaupungeissa. Mukavia majoituksia on sek\u00e4 maaseudun rauhassa ett\u00e4 kaupunkien syd\u00e4miss\u00e4. Maistuvaa ruokaa l\u00e4hialueen raaka-aineista on tarjolla my\u00f6s perheen pienimpien makuun.<\/p>\n<h3 style=\"text-align: center\">L\u00e4hde perhematkalle ja viet\u00e4 mukavia p\u00e4ivi\u00e4 Saimaan kivoimmissa perhekohteissa!<\/h3>\n<p>[\/vc_column_text][\/vc_column][vc_column width=&#8221;1\/4&#8243;][\/vc_column][\/vc_row][vc_row full_width=&#8221;stretch_row_content_no_spaces&#8221; css=&#8221;.vc_custom_1622721352601{padding-top: 0px !important;}&#8221;][vc_column width=&#8221;1\/3&#8243; css=&#8221;.vc_custom_1622717715607{padding-top: 100px !important;padding-bottom: 100px !important;background-image: url(https:\/\/www.visitsaimaa.fi\/wp-content\/uploads\/2015\/11\/Finnland-Familienurlaub-Savonlinna.jpg?id=2799) !important;background-position: center !important;background-repeat: no-repeat !important;background-size: cover !important;}&#8221;][vc_column_text]<\/p>\n<h2 style=\"text-align: center\"><span style=\"color: #ffffff\">Savonlinnan perhereitti<\/span><\/h2>\n<p>[\/vc_column_text][vc_btn title=&#8221;LUE LIS\u00c4\u00c4&#8221; style=&#8221;flat&#8221; color=&#8221;primary&#8221; align=&#8221;center&#8221; link=&#8221;url:https%3A%2F%2Fwww.visitsaimaa.fi%2Ffi%2Fsavonlinna-reitti-lapsiperheille%2F&#8221;][\/vc_column][vc_column width=&#8221;1\/3&#8243; css=&#8221;.vc_custom_1622719620581{padding-top: 100px !important;padding-bottom: 100px !important;background-image: url(https:\/\/www.visitsaimaa.fi\/wp-content\/uploads\/2020\/04\/syy1_varkaudenerik_mekmus6.jpg?id=15476) !important;background-position: center !important;background-repeat: no-repeat !important;background-size: cover !important;}&#8221;][vc_column_text]<\/p>\n<h2 style=\"text-align: center\"><span style=\"color: #ffffff\">Varkauden perhereitti<\/span><\/h2>\n<p>[\/vc_column_text][vc_btn title=&#8221;LUE LIS\u00c4\u00c4&#8221; style=&#8221;flat&#8221; color=&#8221;primary&#8221; align=&#8221;center&#8221; link=&#8221;url:https%3A%2F%2Fwww.visitsaimaa.fi%2Ffi%2Fvarkaus-reitti-lapsiperheille%2F&#8221;][\/vc_column][vc_column width=&#8221;1\/3&#8243; css=&#8221;.vc_custom_1622721227167{padding-top: 100px !important;padding-bottom: 100px !important;background-image: url(https:\/\/www.visitsaimaa.fi\/wp-content\/uploads\/2019\/09\/Kenkavero_6.jpg?id=14154) !important;background-position: center !important;background-repeat: no-repeat !important;background-size: cover !important;}&#8221;][vc_column_text]<\/p>\n<h2 style=\"text-align: center\"><span style=\"color: #ffffff\">Mikkelin perhereitti<\/span><\/h2>\n<p>[\/vc_column_text][vc_btn title=&#8221;LUE LIS\u00c4\u00c4&#8221; style=&#8221;flat&#8221; color=&#8221;primary&#8221; align=&#8221;center&#8221; link=&#8221;url:https%3A%2F%2Fwww.visitsaimaa.fi%2Ffi%2Fmikkeli-reitti-lapsiperheille%2F&#8221;][\/vc_column][\/vc_row][vc_row css=&#8221;.vc_custom_1622800975568{padding-top: 30px !important;padding-bottom: 30px !important;}&#8221;][vc_column width=&#8221;2\/3&#8243;][vc_column_text]<\/p>\n<h2 style=\"text-align: center\">Koko perheen melontaretki Juvalla<\/h2>\n<p class=\"article-body px-16 mb-24\" style=\"text-align: center\">Oravareitti Juvalla sopii koko perheen melontaretkeksi. T\u00e4m\u00e4 Juvan Campingista l\u00e4htev\u00e4 vesiluontopolku kulkee osin j\u00e4rvenselk\u00e4\u00e4 ja osin jokea pitkin. Koko reitin pituus on 57 km, mutta meloa voi my\u00f6s lyhyempi\u00e4 muutaman tunnin reittiosuuksia.<\/p>\n<p class=\"article-body px-16 mb-24\" style=\"text-align: center\">Matkan varrella on laavuja ev\u00e4staukoja varten ja reitin varrella olevat opastaulut kertovat alueen kasvillisuudesta ja el\u00e4imist\u00e4.<\/p>\n<p>[\/vc_column_text][\/vc_column][vc_column width=&#8221;1\/3&#8243;][vc_single_image image=&#8221;3529&#8243; img_size=&#8221;large&#8221; alignment=&#8221;center&#8221;][\/vc_column][\/vc_row]<\/p>\n","protected":false},"excerpt":{"rendered":"<p>[vc_row full_width=&#8221;stretch_row_content_no_spaces&#8221; parallax=&#8221;content-moving-fade&#8221; parallax_image=&#8221;19712&#8243; css=&#8221;.vc_custom_1622802878736{background-color: rgba(39,52,139,0.6) !important;*background-color: rgb(39,52,139) !important;}&#8221;][vc_column css=&#8221;.vc_custom_1622802939634{padding-top: 250px !important;padding-bottom: 250px !important;background-color: rgba(39,52,139,0.5) !important;*background-color: rgb(39,52,139) !important;}&#8221;][vc_column_text] Perhereitit viev\u00e4t seikkailemaan Saimaalle [\/vc_column_text][\/vc_column][\/vc_row][vc_row][vc_column width=&#8221;1\/4&#8243;][\/vc_column][vc_column width=&#8221;1\/2&#8243;][vc_column_text] Saimaalla l\u00f6ytyy monenmoista mukavaa tekemist\u00e4 [&hellip;]<\/p>\n","protected":false},"author":62,"featured_media":0,"parent":19879,"menu_order":0,"comment_status":"closed","ping_status":"closed","template":"","meta":{"footnotes":""},"relatedcontent":[],"class_list":["post-21118","page","type-page","status-publish","hentry"],"yoast_head":"<!-- This site is optimized with the Yoast SEO Premium plugin v27.3 (Yoast SEO v27.5) - https:\/\/yoast.com\/product\/yoast-seo-premium-wordpress\/ -->\n<title>Perhereitit Saimaalla - Visit Saimaa<\/title>\n<meta name=\"description\" content=\"Perhereitit viev\u00e4t seikkailemaan Saimaalle Saimaalla l\u00f6ytyy monenmoista mukavaa tekemist\u00e4 my\u00f6s lapsiperheille. T\u00e4ss\u00e4 reittiehdotuksia, joihin mahtuu\" \/>\n<meta name=\"robots\" content=\"index, follow, max-snippet:-1, max-image-preview:large, max-video-preview:-1\" \/>\n<link rel=\"canonical\" href=\"https:\/\/www.visitsaimaa.fi\/fi\/reitit\/perhereitit-saimaalla\/\" \/>\n<meta property=\"og:locale\" content=\"fi_FI\" \/>\n<meta property=\"og:type\" content=\"article\" \/>\n<meta property=\"og:title\" content=\"Perhereitit Saimaalla\" \/>\n<meta property=\"og:description\" content=\"Perhereitit viev\u00e4t seikkailemaan Saimaalle Saimaalla l\u00f6ytyy monenmoista mukavaa tekemist\u00e4 my\u00f6s lapsiperheille. T\u00e4ss\u00e4 reittiehdotuksia, joihin mahtuu\" \/>\n<meta property=\"og:url\" content=\"https:\/\/www.visitsaimaa.fi\/fi\/reitit\/perhereitit-saimaalla\/\" \/>\n<meta property=\"og:site_name\" content=\"Visit Saimaa\" \/>\n<meta property=\"article:modified_time\" content=\"2021-07-28T11:09:22+00:00\" \/>\n<meta name=\"twitter:label1\" content=\"Arvioitu lukuaika\" \/>\n\t<meta name=\"twitter:data1\" content=\"1 minuutti\" \/>\n<script type=\"application\/ld+json\" class=\"yoast-schema-graph\">{\"@context\":\"https:\\\/\\\/schema.org\",\"@graph\":[{\"@type\":\"WebPage\",\"@id\":\"https:\\\/\\\/www.visitsaimaa.fi\\\/fi\\\/reitit\\\/perhereitit-saimaalla\\\/\",\"url\":\"https:\\\/\\\/www.visitsaimaa.fi\\\/fi\\\/reitit\\\/perhereitit-saimaalla\\\/\",\"name\":\"Perhereitit Saimaalla - Visit Saimaa\",\"isPartOf\":{\"@id\":\"https:\\\/\\\/www.visitsaimaa.fi\\\/fi\\\/#website\"},\"datePublished\":\"2021-06-01T10:56:21+00:00\",\"dateModified\":\"2021-07-28T11:09:22+00:00\",\"description\":\"Perhereitit viev\u00e4t seikkailemaan Saimaalle Saimaalla l\u00f6ytyy monenmoista mukavaa tekemist\u00e4 my\u00f6s lapsiperheille. T\u00e4ss\u00e4 reittiehdotuksia, joihin mahtuu\",\"breadcrumb\":{\"@id\":\"https:\\\/\\\/www.visitsaimaa.fi\\\/fi\\\/reitit\\\/perhereitit-saimaalla\\\/#breadcrumb\"},\"inLanguage\":\"fi\",\"potentialAction\":[{\"@type\":\"ReadAction\",\"target\":[\"https:\\\/\\\/www.visitsaimaa.fi\\\/fi\\\/reitit\\\/perhereitit-saimaalla\\\/\"]}]},{\"@type\":\"BreadcrumbList\",\"@id\":\"https:\\\/\\\/www.visitsaimaa.fi\\\/fi\\\/reitit\\\/perhereitit-saimaalla\\\/#breadcrumb\",\"itemListElement\":[{\"@type\":\"ListItem\",\"position\":1,\"name\":\"Visit Saimaa\",\"item\":\"https:\\\/\\\/www.visitsaimaa.fi\\\/fi\\\/\"},{\"@type\":\"ListItem\",\"position\":2,\"name\":\"Lomasuositukset\",\"item\":\"https:\\\/\\\/www.visitsaimaa.fi\\\/fi\\\/reitit\\\/\"},{\"@type\":\"ListItem\",\"position\":3,\"name\":\"Perhereitit Saimaalla\"}]},{\"@type\":\"WebSite\",\"@id\":\"https:\\\/\\\/www.visitsaimaa.fi\\\/fi\\\/#website\",\"url\":\"https:\\\/\\\/www.visitsaimaa.fi\\\/fi\\\/\",\"name\":\"Visit Saimaa\",\"description\":\"The Official Travel Guide of Lakeland Saimaa\",\"potentialAction\":[{\"@type\":\"SearchAction\",\"target\":{\"@type\":\"EntryPoint\",\"urlTemplate\":\"https:\\\/\\\/www.visitsaimaa.fi\\\/fi\\\/?s={search_term_string}\"},\"query-input\":{\"@type\":\"PropertyValueSpecification\",\"valueRequired\":true,\"valueName\":\"search_term_string\"}}],\"inLanguage\":\"fi\"}]}<\/script>\n<!-- \/ Yoast SEO Premium plugin. -->","yoast_head_json":{"title":"Perhereitit Saimaalla - Visit Saimaa","description":"Perhereitit viev\u00e4t seikkailemaan Saimaalle Saimaalla l\u00f6ytyy monenmoista mukavaa tekemist\u00e4 my\u00f6s lapsiperheille. T\u00e4ss\u00e4 reittiehdotuksia, joihin mahtuu","robots":{"index":"index","follow":"follow","max-snippet":"max-snippet:-1","max-image-preview":"max-image-preview:large","max-video-preview":"max-video-preview:-1"},"canonical":"https:\/\/www.visitsaimaa.fi\/fi\/reitit\/perhereitit-saimaalla\/","og_locale":"fi_FI","og_type":"article","og_title":"Perhereitit Saimaalla","og_description":"Perhereitit viev\u00e4t seikkailemaan Saimaalle Saimaalla l\u00f6ytyy monenmoista mukavaa tekemist\u00e4 my\u00f6s lapsiperheille. T\u00e4ss\u00e4 reittiehdotuksia, joihin mahtuu","og_url":"https:\/\/www.visitsaimaa.fi\/fi\/reitit\/perhereitit-saimaalla\/","og_site_name":"Visit Saimaa","article_modified_time":"2021-07-28T11:09:22+00:00","twitter_misc":{"Arvioitu lukuaika":"1 minuutti"},"schema":{"@context":"https:\/\/schema.org","@graph":[{"@type":"WebPage","@id":"https:\/\/www.visitsaimaa.fi\/fi\/reitit\/perhereitit-saimaalla\/","url":"https:\/\/www.visitsaimaa.fi\/fi\/reitit\/perhereitit-saimaalla\/","name":"Perhereitit Saimaalla - Visit Saimaa","isPartOf":{"@id":"https:\/\/www.visitsaimaa.fi\/fi\/#website"},"datePublished":"2021-06-01T10:56:21+00:00","dateModified":"2021-07-28T11:09:22+00:00","description":"Perhereitit viev\u00e4t seikkailemaan Saimaalle Saimaalla l\u00f6ytyy monenmoista mukavaa tekemist\u00e4 my\u00f6s lapsiperheille. T\u00e4ss\u00e4 reittiehdotuksia, joihin mahtuu","breadcrumb":{"@id":"https:\/\/www.visitsaimaa.fi\/fi\/reitit\/perhereitit-saimaalla\/#breadcrumb"},"inLanguage":"fi","potentialAction":[{"@type":"ReadAction","target":["https:\/\/www.visitsaimaa.fi\/fi\/reitit\/perhereitit-saimaalla\/"]}]},{"@type":"BreadcrumbList","@id":"https:\/\/www.visitsaimaa.fi\/fi\/reitit\/perhereitit-saimaalla\/#breadcrumb","itemListElement":[{"@type":"ListItem","position":1,"name":"Visit Saimaa","item":"https:\/\/www.visitsaimaa.fi\/fi\/"},{"@type":"ListItem","position":2,"name":"Lomasuositukset","item":"https:\/\/www.visitsaimaa.fi\/fi\/reitit\/"},{"@type":"ListItem","position":3,"name":"Perhereitit Saimaalla"}]},{"@type":"WebSite","@id":"https:\/\/www.visitsaimaa.fi\/fi\/#website","url":"https:\/\/www.visitsaimaa.fi\/fi\/","name":"Visit Saimaa","description":"The Official Travel Guide of Lakeland Saimaa","potentialAction":[{"@type":"SearchAction","target":{"@type":"EntryPoint","urlTemplate":"https:\/\/www.visitsaimaa.fi\/fi\/?s={search_term_string}"},"query-input":{"@type":"PropertyValueSpecification","valueRequired":true,"valueName":"search_term_string"}}],"inLanguage":"fi"}]}},"_links":{"self":[{"href":"https:\/\/www.visitsaimaa.fi\/fi\/wp-json\/wp\/v2\/pages\/21118","targetHints":{"allow":["GET"]}}],"collection":[{"href":"https:\/\/www.visitsaimaa.fi\/fi\/wp-json\/wp\/v2\/pages"}],"about":[{"href":"https:\/\/www.visitsaimaa.fi\/fi\/wp-json\/wp\/v2\/types\/page"}],"author":[{"embeddable":true,"href":"https:\/\/www.visitsaimaa.fi\/fi\/wp-json\/wp\/v2\/users\/62"}],"replies":[{"embeddable":true,"href":"https:\/\/www.visitsaimaa.fi\/fi\/wp-json\/wp\/v2\/comments?post=21118"}],"version-history":[{"count":39,"href":"https:\/\/www.visitsaimaa.fi\/fi\/wp-json\/wp\/v2\/pages\/21118\/revisions"}],"predecessor-version":[{"id":23252,"href":"https:\/\/www.visitsaimaa.fi\/fi\/wp-json\/wp\/v2\/pages\/21118\/revisions\/23252"}],"up":[{"embeddable":true,"href":"https:\/\/www.visitsaimaa.fi\/fi\/wp-json\/wp\/v2\/pages\/19879"}],"wp:attachment":[{"href":"https:\/\/www.visitsaimaa.fi\/fi\/wp-json\/wp\/v2\/media?parent=21118"}],"wp:term":[{"taxonomy":"relatedcontent","embeddable":true,"href":"https:\/\/www.visitsaimaa.fi\/fi\/wp-json\/wp\/v2\/relatedcontent?post=21118"}],"curies":[{"name":"wp","href":"https:\/\/api.w.org\/{rel}","templated":true}]}}