{"id":21096,"date":"2021-06-01T13:53:04","date_gmt":"2021-06-01T10:53:04","guid":{"rendered":"https:\/\/www.visitsaimaa.fi\/?page_id=21096"},"modified":"2023-09-07T19:50:23","modified_gmt":"2023-09-07T16:50:23","slug":"mikkeli-reitti-lapsiperheille","status":"publish","type":"page","link":"https:\/\/www.visitsaimaa.fi\/fi\/reitit\/mikkeli-reitti-lapsiperheille\/","title":{"rendered":"Mikkeli-reitti lapsiperheille"},"content":{"rendered":"<p>[vc_row full_width=&#8221;stretch_row_content_no_spaces&#8221; full_height=&#8221;yes&#8221; parallax=&#8221;content-moving&#8221; parallax_image=&#8221;21360&#8243;][vc_column][vc_column_text]<\/p>\n<h1 style=\"text-align: center\"><span style=\"color: #ffffff\">Kolmen p\u00e4iv\u00e4n puuhaloma Mikkeliss\u00e4<\/span><\/h1>\n<p>[\/vc_column_text][\/vc_column][\/vc_row][vc_row css=&#8221;.vc_custom_1622545542000{padding-top: 30px !important;padding-bottom: 30px !important;}&#8221;][vc_column width=&#8221;1\/4&#8243;][\/vc_column][vc_column width=&#8221;1\/2&#8243;][vc_column_text]<\/p>\n<p style=\"text-align: center\">Mikkeliss\u00e4 riitt\u00e4\u00e4 puuhaa koko perheelle jokaisena vuodenaikana. Monenlaisia luontoel\u00e4myksi\u00e4, aktiviteetteja ja herkuttelua on tarjolla kaupungin keskustassa, Anttolassa ja Puumalassa.<\/p>\n<p style=\"text-align: center\">Inspiroidu alueen tarjonnasta ja l\u00e4hde kolmen p\u00e4iv\u00e4n tiiviille perhematkalle!<\/p>\n<p>[\/vc_column_text][\/vc_column][vc_column width=&#8221;1\/4&#8243;][\/vc_column][\/vc_row][vc_row full_width=&#8221;stretch_row_content_no_spaces&#8221;][vc_column]<div class=\"main_header normal\">\n    <figure style=\"background-image: url('https:\/\/www.visitsaimaa.fi\/wp-content\/uploads\/2021\/06\/VisitSaimaa_OiOi_Music_Fairytales-Fantasiaharppu-1084x600.jpg'); background-position: center center;\"><\/figure>\n    <div class=\"main_header_content\" style=\"\">\n        <div class=\"container\">\n            \n<h1 style=\"text-align: center\">P\u00e4iv\u00e4 1 \u2013 Mikkeli<\/h1>\n<p style=\"text-align: center\">Monta n\u00e4ht\u00e4v\u00e4\u00e4 ja koettavaa aivan kaupungin keskustassa<\/p>\n    \n        <\/div>\n    <\/div><!-- \/.container -->\n<\/div><!-- \/.main_header -->\n\n[\/vc_column][\/vc_row][vc_row css=&#8221;.vc_custom_1622545567128{padding-top: 30px !important;}&#8221;][vc_column width=&#8221;1\/4&#8243;][\/vc_column][vc_column width=&#8221;1\/2&#8243;][vc_column_text]Urpolan Luontokeskus Mikkeliss\u00e4 on virkist\u00e4v\u00e4 retkikohde l\u00e4hell\u00e4 keskustaa. Luontokeskus sijaitsee Mikkelin vanhimmassa vuodelta 1782 per\u00e4isin olevassa asuinrakennuksessa. Luontokeskuksessa p\u00e4\u00e4see tutustumaan interaktiiviseen sein\u00e4\u00e4n, joka kertoo mm. Saimaan synnyst\u00e4 ja jonka avulla voi pelata j\u00e4\u00e4kausiaiheista reaktiopeli\u00e4. Aivan Luontokeskuksen vierest\u00e4 l\u00e4htee Urpolan joen vartta kiertelev\u00e4 idyllinen luontopolku (1,3 km), jonka varrella on nuotiopaikat ev\u00e4sretke\u00e4 varten. Nuotiopuut saa mukaan Luontokeskuksesta. Joen varrella on my\u00f6s vanha tunnelmallinen myllyrakennus, jossa toimii kes\u00e4isin kahvila.<\/p>\n<p>Kenk\u00e4veron vieh\u00e4tt\u00e4v\u00e4ss\u00e4 Pappilaravintolassa koko perhe nauttii maistuvan lounaan. Vanhan pappilan pihapiirist\u00e4 l\u00f6ytyy my\u00f6s monenlaista n\u00e4ht\u00e4v\u00e4\u00e4, kes\u00e4ll\u00e4 voi n\u00e4hd\u00e4 kanoja ja k\u00e4yd\u00e4 rapsuttamassa lampaita pappilan puutarhassa. Joulupukin kes\u00e4pajassa voi askarrella vaikka lankatonttuja tai tehd\u00e4 oman mato-ongen joulupukin apulaisten ohjauksessa.<\/p>\n<p>Mikkelin sataman Leijonapuistossa voi viett\u00e4\u00e4 mukavan touhuhetken leikkilaivassa, linnunpes\u00e4keinussa tai kuppikarusellissa. Lis\u00e4\u00e4 vauhtia voi hakea Mikkelin torin liukum\u00e4ess\u00e4 samalla kun nauttii torin kahviloiden tarjonnasta, esim. herkullisista kuplavohveleista. Vohvelin yst\u00e4v\u00e4t l\u00f6yt\u00e4v\u00e4t mahtavan herkkupaikan my\u00f6s Naisvuoren n\u00e4k\u00f6tornin alakerran vohvelikahvilasta. N\u00e4k\u00f6tornin huipulta n\u00e4kee hienot maisemat yli kaupungin.<\/p>\n<p>Mikkeliss\u00e4 voi matkata mukavasti keskikes\u00e4ll\u00e4 Mikkelin n\u00e4ht\u00e4vyydest\u00e4 toiseen rauhalliseen tahtiin Mikke-junalla.<\/p>\n<p>Sadep\u00e4iv\u00e4n varalle varma vinkki on vierailu Viihdeuimala Rantakeitaassa tai <a href=\"https:\/\/www.saimaastadiumi.fi\/\" target=\"_blank\" rel=\"noopener\">Saimaa <\/a>Stadiumin Super Cornerissa. Taattua menoa koko perheelle!<\/p>\n<h3>Lis\u00e4vinkit Mikkeli-p\u00e4iv\u00e4\u00e4n<\/h3>\n<ul>\n<li>K\u00e4y kurkistamassa <a href=\"https:\/\/www.visitmikkeli.fi\/fi\/palvelut\/pursialan-hiidenkirnu\" target=\"_blank\" rel=\"noopener\">hiidenkirnuun<\/a>, j\u00e4\u00e4kauden huimaan luomukseen, Pursialassa.<\/li>\n<li>Kes\u00e4-hein\u00e4kuun vaihteessa (28.6.\u20134.7.2021) j\u00e4rjestet\u00e4\u00e4n Mikkeliss\u00e4 Hulivili-karnevaalit, jossa koettavana on monenlaisia kulttuuriel\u00e4myksi\u00e4, ty\u00f6pajoja ja esityksi\u00e4 0\u201313-vuotiaille lapsille ja heid\u00e4n perheilleen.<\/li>\n<\/ul>\n<p>[\/vc_column_text][\/vc_column][vc_column width=&#8221;1\/4&#8243;][\/vc_column][\/vc_row][vc_row full_width=&#8221;stretch_row_content_no_spaces&#8221;][vc_column]<div class=\"main_header normal\">\n    <figure style=\"background-image: url('https:\/\/www.visitsaimaa.fi\/wp-content\/uploads\/2019\/04\/Vihavainen-Neitvuori-1920x600.jpg'); background-position: center center;\"><\/figure>\n    <div class=\"main_header_content\" style=\"\">\n        <div class=\"container\">\n            \n<h1 style=\"text-align: center\">P\u00e4iv\u00e4 2 \u2013 Anttola<\/h1>\n<p style=\"text-align: center\">Viet\u00e4 mukava retkeilyp\u00e4iv\u00e4 Neivuorella, Anttolassa<\/p>\n    \n        <\/div>\n    <\/div><!-- \/.container -->\n<\/div><!-- \/.main_header -->\n\n[\/vc_column][\/vc_row][vc_row css=&#8221;.vc_custom_1622545576558{padding-top: 30px !important;}&#8221;][vc_column width=&#8221;1\/4&#8243;][\/vc_column][vc_column width=&#8221;1\/2&#8243;][vc_column_text]Mikkelist\u00e4 parinkymmenen kilometrin p\u00e4\u00e4ss\u00e4 sijaitseva Neitvuori on mainio retkeilykohde lapsiperheille. Yksi Suomen korkeimmista kallioista omaa mielenkiintoisen tarinan, jonka kuulet opastetuilla Hop On Hop Off-retkill\u00e4.\u00a0 Ihastele Neitvuoren huipulta aukeavia Saimaan kauniita maisemia ja pid\u00e4 ev\u00e4stauko laavulla. Kohteesta l\u00f6ytyy my\u00f6s geok\u00e4tk\u00f6j\u00e4.<\/p>\n<p>Neitvuorelle viev\u00e4n polkun alkup\u00e4\u00e4ss\u00e4 sijaitsee Hiidenmaan tila, jonka lampaat kes\u00e4isin ilahduttavat olemassaolollaan.<\/p>\n<h3>Vierailuvinkkej\u00e4<\/h3>\n<p>Muihin Mikkelin n\u00e4ht\u00e4vyyksiin p\u00e4\u00e4see tutustumaan el\u00e4mysmatkojen kyydiss\u00e4. Lue lis\u00e4\u00e4 <a href=\"https:\/\/www.visitmikkeli.fi\/saimaa-hoponhopoff\" target=\"_blank\" rel=\"noopener\">HopOn HopOff -retkist\u00e4.<\/a>[\/vc_column_text][\/vc_column][vc_column width=&#8221;1\/4&#8243;][\/vc_column][\/vc_row][vc_row full_width=&#8221;stretch_row_content_no_spaces&#8221;][vc_column]<div class=\"main_header normal\">\n    <figure style=\"background-image: url('https:\/\/www.visitsaimaa.fi\/wp-content\/uploads\/2019\/03\/Puumala_norpparetki_wide.jpg'); background-position: center center;\"><\/figure>\n    <div class=\"main_header_content\" style=\"\">\n        <div class=\"container\">\n            \n<h1 style=\"text-align: center\">P\u00e4iv\u00e4 3 \u2013 Maisemareitti Puumalaan<\/h1>\n<p style=\"text-align: center\">Matkalla Anttolasta Puumalaan on paljon hienoja n\u00e4ht\u00e4vyyksi\u00e4<\/p>\n    \n        <\/div>\n    <\/div><!-- \/.container -->\n<\/div><!-- \/.main_header -->\n\n[\/vc_column][\/vc_row][vc_row css=&#8221;.vc_custom_1622545585731{padding-top: 30px !important;}&#8221;][vc_column width=&#8221;1\/4&#8243;][\/vc_column][vc_column width=&#8221;1\/2&#8243;][vc_column_text]Mikkelist\u00e4 Puumalaan johtavan kantatie 62:n varrella on upeita Saimaan maisemia ja erikoisia n\u00e4ht\u00e4vyyksi\u00e4. Poikkea Loketononkaloon ihmettelem\u00e4\u00e4n kalliosein\u00e4mien varjostamaa, salaper\u00e4ist\u00e4, noin 70 m pitk\u00e4\u00e4 rotkoa l\u00e4hell\u00e4 Pistohiekkaa. Lietvedell\u00e4 maisemat kallioisten saarien ja luotojen pirstoittamalle Saimaan sel\u00e4lle ovat parhaimmillaan. Maisemia voi ihailla Lietveden n\u00e4k\u00f6alapaikalla, jossa on my\u00f6s pieni kes\u00e4kahvila.<\/p>\n<p><a href=\"https:\/\/www.visitsaimaa.fi\/fi\/reitit\/saimaan-charmantit\/sahanlahti-resort\/\">Sahanlahti Resortissa<\/a> voi viett\u00e4\u00e4 koko perheen aktiivip\u00e4iv\u00e4n tai ottaa ihan vain rennosti. Vuodenajasta riippuen voit vuokrata py\u00f6r\u00e4t, veneen, kanootit, tennismailat, rantalentopallot, sup-laudat, potkurit ja lumikeng\u00e4t ja l\u00e4hte\u00e4 liikkumaan Saimaan mahtaviin maisemiin. Sahanlahdessa majoitut kodikkaissa ja yksil\u00f6llisiss\u00e4 m\u00f6keiss\u00e4 ja villoissa tai Sahan hotellin huoneissa. Sahanlahden kolme ravintolaa tarjoilevat herkullista koko perheelle maistuvaa l\u00e4hiruokaa.<\/p>\n<p>Puumalan satamatorilla voi kes\u00e4isin seurata Puumalan salmessa ohi ajavia veneit\u00e4, tukkilauttoja ja rahtilaivoja. Herkutteluhetken Satamatorilla voi viett\u00e4\u00e4 vaikka nauttimalla lettuja ja muikkuherkkuja.<\/p>\n<p>Puumalan satamasta p\u00e4\u00e4see my\u00f6s norpparisteilyille norppaa bongaamaan Lakeland GTE:n ekopaatin kyydiss\u00e4.[\/vc_column_text][\/vc_column][vc_column width=&#8221;1\/4&#8243;][\/vc_column][\/vc_row]<\/p>\n","protected":false},"excerpt":{"rendered":"<p>[vc_row full_width=&#8221;stretch_row_content_no_spaces&#8221; full_height=&#8221;yes&#8221; parallax=&#8221;content-moving&#8221; parallax_image=&#8221;21360&#8243;][vc_column][vc_column_text] Kolmen p\u00e4iv\u00e4n puuhaloma Mikkeliss\u00e4 [\/vc_column_text][\/vc_column][\/vc_row][vc_row css=&#8221;.vc_custom_1622545542000{padding-top: 30px !important;padding-bottom: 30px !important;}&#8221;][vc_column width=&#8221;1\/4&#8243;][\/vc_column][vc_column width=&#8221;1\/2&#8243;][vc_column_text] Mikkeliss\u00e4 riitt\u00e4\u00e4 puuhaa koko perheelle jokaisena vuodenaikana. Monenlaisia luontoel\u00e4myksi\u00e4, aktiviteetteja ja herkuttelua on [&hellip;]<\/p>\n","protected":false},"author":62,"featured_media":0,"parent":19879,"menu_order":0,"comment_status":"closed","ping_status":"closed","template":"","meta":{"footnotes":""},"relatedcontent":[],"class_list":["post-21096","page","type-page","status-publish","hentry"],"yoast_head":"<!-- This site is optimized with the Yoast SEO Premium plugin v27.3 (Yoast SEO v27.5) - https:\/\/yoast.com\/product\/yoast-seo-premium-wordpress\/ -->\n<title>Mikkeli-reitti lapsiperheille - Visit Saimaa<\/title>\n<meta name=\"description\" content=\"Kolmen p\u00e4iv\u00e4n puuhaloma Mikkeliss\u00e4 Mikkeliss\u00e4 riitt\u00e4\u00e4 puuhaa koko perheelle jokaisena vuodenaikana. Monenlaisia luontoel\u00e4myksi\u00e4, aktiviteetteja ja\" \/>\n<meta name=\"robots\" content=\"index, follow, max-snippet:-1, max-image-preview:large, max-video-preview:-1\" \/>\n<link rel=\"canonical\" href=\"https:\/\/www.visitsaimaa.fi\/fi\/reitit\/mikkeli-reitti-lapsiperheille\/\" \/>\n<meta property=\"og:locale\" content=\"fi_FI\" \/>\n<meta property=\"og:type\" content=\"article\" \/>\n<meta property=\"og:title\" content=\"Mikkeli-reitti lapsiperheille\" \/>\n<meta property=\"og:description\" content=\"Kolmen p\u00e4iv\u00e4n puuhaloma Mikkeliss\u00e4 Mikkeliss\u00e4 riitt\u00e4\u00e4 puuhaa koko perheelle jokaisena vuodenaikana. Monenlaisia luontoel\u00e4myksi\u00e4, aktiviteetteja ja\" \/>\n<meta property=\"og:url\" content=\"https:\/\/www.visitsaimaa.fi\/fi\/reitit\/mikkeli-reitti-lapsiperheille\/\" \/>\n<meta property=\"og:site_name\" content=\"Visit Saimaa\" \/>\n<meta property=\"article:modified_time\" content=\"2023-09-07T16:50:23+00:00\" \/>\n<meta name=\"twitter:label1\" content=\"Arvioitu lukuaika\" \/>\n\t<meta name=\"twitter:data1\" content=\"4 minuuttia\" \/>\n<script type=\"application\/ld+json\" class=\"yoast-schema-graph\">{\"@context\":\"https:\\\/\\\/schema.org\",\"@graph\":[{\"@type\":\"WebPage\",\"@id\":\"https:\\\/\\\/www.visitsaimaa.fi\\\/fi\\\/reitit\\\/mikkeli-reitti-lapsiperheille\\\/\",\"url\":\"https:\\\/\\\/www.visitsaimaa.fi\\\/fi\\\/reitit\\\/mikkeli-reitti-lapsiperheille\\\/\",\"name\":\"Mikkeli-reitti lapsiperheille - Visit Saimaa\",\"isPartOf\":{\"@id\":\"https:\\\/\\\/www.visitsaimaa.fi\\\/fi\\\/#website\"},\"datePublished\":\"2021-06-01T10:53:04+00:00\",\"dateModified\":\"2023-09-07T16:50:23+00:00\",\"description\":\"Kolmen p\u00e4iv\u00e4n puuhaloma Mikkeliss\u00e4 Mikkeliss\u00e4 riitt\u00e4\u00e4 puuhaa koko perheelle jokaisena vuodenaikana. Monenlaisia luontoel\u00e4myksi\u00e4, aktiviteetteja ja\",\"breadcrumb\":{\"@id\":\"https:\\\/\\\/www.visitsaimaa.fi\\\/fi\\\/reitit\\\/mikkeli-reitti-lapsiperheille\\\/#breadcrumb\"},\"inLanguage\":\"fi\",\"potentialAction\":[{\"@type\":\"ReadAction\",\"target\":[\"https:\\\/\\\/www.visitsaimaa.fi\\\/fi\\\/reitit\\\/mikkeli-reitti-lapsiperheille\\\/\"]}]},{\"@type\":\"BreadcrumbList\",\"@id\":\"https:\\\/\\\/www.visitsaimaa.fi\\\/fi\\\/reitit\\\/mikkeli-reitti-lapsiperheille\\\/#breadcrumb\",\"itemListElement\":[{\"@type\":\"ListItem\",\"position\":1,\"name\":\"Visit Saimaa\",\"item\":\"https:\\\/\\\/www.visitsaimaa.fi\\\/fi\\\/\"},{\"@type\":\"ListItem\",\"position\":2,\"name\":\"Lomasuositukset\",\"item\":\"https:\\\/\\\/www.visitsaimaa.fi\\\/fi\\\/reitit\\\/\"},{\"@type\":\"ListItem\",\"position\":3,\"name\":\"Mikkeli-reitti lapsiperheille\"}]},{\"@type\":\"WebSite\",\"@id\":\"https:\\\/\\\/www.visitsaimaa.fi\\\/fi\\\/#website\",\"url\":\"https:\\\/\\\/www.visitsaimaa.fi\\\/fi\\\/\",\"name\":\"Visit Saimaa\",\"description\":\"The Official Travel Guide of Lakeland Saimaa\",\"potentialAction\":[{\"@type\":\"SearchAction\",\"target\":{\"@type\":\"EntryPoint\",\"urlTemplate\":\"https:\\\/\\\/www.visitsaimaa.fi\\\/fi\\\/?s={search_term_string}\"},\"query-input\":{\"@type\":\"PropertyValueSpecification\",\"valueRequired\":true,\"valueName\":\"search_term_string\"}}],\"inLanguage\":\"fi\"}]}<\/script>\n<!-- \/ Yoast SEO Premium plugin. -->","yoast_head_json":{"title":"Mikkeli-reitti lapsiperheille - Visit Saimaa","description":"Kolmen p\u00e4iv\u00e4n puuhaloma Mikkeliss\u00e4 Mikkeliss\u00e4 riitt\u00e4\u00e4 puuhaa koko perheelle jokaisena vuodenaikana. Monenlaisia luontoel\u00e4myksi\u00e4, aktiviteetteja ja","robots":{"index":"index","follow":"follow","max-snippet":"max-snippet:-1","max-image-preview":"max-image-preview:large","max-video-preview":"max-video-preview:-1"},"canonical":"https:\/\/www.visitsaimaa.fi\/fi\/reitit\/mikkeli-reitti-lapsiperheille\/","og_locale":"fi_FI","og_type":"article","og_title":"Mikkeli-reitti lapsiperheille","og_description":"Kolmen p\u00e4iv\u00e4n puuhaloma Mikkeliss\u00e4 Mikkeliss\u00e4 riitt\u00e4\u00e4 puuhaa koko perheelle jokaisena vuodenaikana. Monenlaisia luontoel\u00e4myksi\u00e4, aktiviteetteja ja","og_url":"https:\/\/www.visitsaimaa.fi\/fi\/reitit\/mikkeli-reitti-lapsiperheille\/","og_site_name":"Visit Saimaa","article_modified_time":"2023-09-07T16:50:23+00:00","twitter_misc":{"Arvioitu lukuaika":"4 minuuttia"},"schema":{"@context":"https:\/\/schema.org","@graph":[{"@type":"WebPage","@id":"https:\/\/www.visitsaimaa.fi\/fi\/reitit\/mikkeli-reitti-lapsiperheille\/","url":"https:\/\/www.visitsaimaa.fi\/fi\/reitit\/mikkeli-reitti-lapsiperheille\/","name":"Mikkeli-reitti lapsiperheille - Visit Saimaa","isPartOf":{"@id":"https:\/\/www.visitsaimaa.fi\/fi\/#website"},"datePublished":"2021-06-01T10:53:04+00:00","dateModified":"2023-09-07T16:50:23+00:00","description":"Kolmen p\u00e4iv\u00e4n puuhaloma Mikkeliss\u00e4 Mikkeliss\u00e4 riitt\u00e4\u00e4 puuhaa koko perheelle jokaisena vuodenaikana. Monenlaisia luontoel\u00e4myksi\u00e4, aktiviteetteja ja","breadcrumb":{"@id":"https:\/\/www.visitsaimaa.fi\/fi\/reitit\/mikkeli-reitti-lapsiperheille\/#breadcrumb"},"inLanguage":"fi","potentialAction":[{"@type":"ReadAction","target":["https:\/\/www.visitsaimaa.fi\/fi\/reitit\/mikkeli-reitti-lapsiperheille\/"]}]},{"@type":"BreadcrumbList","@id":"https:\/\/www.visitsaimaa.fi\/fi\/reitit\/mikkeli-reitti-lapsiperheille\/#breadcrumb","itemListElement":[{"@type":"ListItem","position":1,"name":"Visit Saimaa","item":"https:\/\/www.visitsaimaa.fi\/fi\/"},{"@type":"ListItem","position":2,"name":"Lomasuositukset","item":"https:\/\/www.visitsaimaa.fi\/fi\/reitit\/"},{"@type":"ListItem","position":3,"name":"Mikkeli-reitti lapsiperheille"}]},{"@type":"WebSite","@id":"https:\/\/www.visitsaimaa.fi\/fi\/#website","url":"https:\/\/www.visitsaimaa.fi\/fi\/","name":"Visit Saimaa","description":"The Official Travel Guide of Lakeland Saimaa","potentialAction":[{"@type":"SearchAction","target":{"@type":"EntryPoint","urlTemplate":"https:\/\/www.visitsaimaa.fi\/fi\/?s={search_term_string}"},"query-input":{"@type":"PropertyValueSpecification","valueRequired":true,"valueName":"search_term_string"}}],"inLanguage":"fi"}]}},"_links":{"self":[{"href":"https:\/\/www.visitsaimaa.fi\/fi\/wp-json\/wp\/v2\/pages\/21096","targetHints":{"allow":["GET"]}}],"collection":[{"href":"https:\/\/www.visitsaimaa.fi\/fi\/wp-json\/wp\/v2\/pages"}],"about":[{"href":"https:\/\/www.visitsaimaa.fi\/fi\/wp-json\/wp\/v2\/types\/page"}],"author":[{"embeddable":true,"href":"https:\/\/www.visitsaimaa.fi\/fi\/wp-json\/wp\/v2\/users\/62"}],"replies":[{"embeddable":true,"href":"https:\/\/www.visitsaimaa.fi\/fi\/wp-json\/wp\/v2\/comments?post=21096"}],"version-history":[{"count":23,"href":"https:\/\/www.visitsaimaa.fi\/fi\/wp-json\/wp\/v2\/pages\/21096\/revisions"}],"predecessor-version":[{"id":25752,"href":"https:\/\/www.visitsaimaa.fi\/fi\/wp-json\/wp\/v2\/pages\/21096\/revisions\/25752"}],"up":[{"embeddable":true,"href":"https:\/\/www.visitsaimaa.fi\/fi\/wp-json\/wp\/v2\/pages\/19879"}],"wp:attachment":[{"href":"https:\/\/www.visitsaimaa.fi\/fi\/wp-json\/wp\/v2\/media?parent=21096"}],"wp:term":[{"taxonomy":"relatedcontent","embeddable":true,"href":"https:\/\/www.visitsaimaa.fi\/fi\/wp-json\/wp\/v2\/relatedcontent?post=21096"}],"curies":[{"name":"wp","href":"https:\/\/api.w.org\/{rel}","templated":true}]}}