{"id":20789,"date":"2021-05-28T11:58:25","date_gmt":"2021-05-28T08:58:25","guid":{"rendered":"https:\/\/www.visitsaimaa.fi\/?page_id=20789"},"modified":"2022-03-09T08:44:57","modified_gmt":"2022-03-09T06:44:57","slug":"saimaa-gastronomy-kierros","status":"publish","type":"page","link":"https:\/\/www.visitsaimaa.fi\/fi\/reitit\/saimaa-gastronomy-kierros\/","title":{"rendered":"Saimaa Gastronomy -kierros"},"content":{"rendered":"<p>[vc_row full_width=&#8221;stretch_row_content_no_spaces&#8221; full_height=&#8221;yes&#8221; parallax=&#8221;content-moving-fade&#8221; parallax_image=&#8221;17192&#8243;][vc_column][vc_column_text]<\/p>\n<h1 style=\"text-align: center\"><span style=\"color: #ffffff\">Saimaa Gastronomy -makumatka\u00a0<\/span><\/h1>\n<p>[\/vc_column_text][\/vc_column][\/vc_row][vc_row][vc_column width=&#8221;1\/4&#8243;][\/vc_column][vc_column width=&#8221;1\/2&#8243;][vc_column_text]<\/p>\n<p style=\"text-align: center\">Saimaa Gastronomy -reitti vie nelj\u00e4n upean l\u00e4hiruokaravintolan ja matkakohteen herkkujen \u00e4\u00e4relle. Tertin Kartano, Sahanlahti Resort, Hotelli Punkaharju ja TeaHouse of Wehmais tarjoavat aitoa, suurella syd\u00e4mell\u00e4 tehty\u00e4 l\u00e4hiruokaa uniikilla otteella.<\/p>\n<p style=\"text-align: center\">L\u00e4hde Saimaa Gastronomy -kierrokselle nauttimaan parhaita l\u00e4hiruokaherkkuja Saimaan kauneimmissa maisemissa.<\/p>\n<p>[\/vc_column_text][\/vc_column][vc_column width=&#8221;1\/4&#8243;][\/vc_column][\/vc_row][vc_row full_width=&#8221;stretch_row_content_no_spaces&#8221;][vc_column]<div class=\"main_header normal\">\n    <figure style=\"background-image: url('https:\/\/www.visitsaimaa.fi\/wp-content\/uploads\/2021\/05\/VisitSaimaa_TertinKartano-1920x600.jpg'); background-position: center center;\"><\/figure>\n    <div class=\"main_header_content\" style=\"\">\n        <div class=\"container\">\n            \n<h1 style=\"text-align: center\">P\u00e4iv\u00e4 1. Kartano- ja puutarharavintola Tertin Kartano<\/h1>\n<p style=\"text-align: center\">Moderni makumatka perinteisess\u00e4 kartanomilj\u00f6\u00f6ss\u00e4<\/p>\n    \n        <\/div>\n    <\/div><!-- \/.container -->\n<\/div><!-- \/.main_header -->\n\n[\/vc_column][\/vc_row][vc_row css=&#8221;.vc_custom_1622190340741{margin-top: 30px !important;}&#8221;][vc_column width=&#8221;2\/3&#8243;][vc_column_text]Tertin Kartanon is\u00e4nt\u00e4pari vuodesta 1978, Matti ja Pepita Pylkk\u00e4nen, on luonut Tertist\u00e4 yhden Suomen vieh\u00e4tt\u00e4vimmist\u00e4 matkailukohteista. Tertin Kartano on erikoistunut oman puutarhan antimista tehtyihin herkkuihin.<\/p>\n<p>Historiallisen kartanon mailla on viljelty maata, kasvatettu hevosia, lampaita ja lypsykarjaa vuosisatojen ajan. Onpa kartanossa ollut oma meijeri ja meijerikoulukin. Kartanon pihapiiri, puutarha ja ymp\u00e4rist\u00f6 heijastavat 1800-luvun lopun ajan henke\u00e4. Kartanon peltojen, puutarhan ja kasvimaiden tuotteet ovat jalostuneet korkealaatuisiksi gourmet-herkuiksi kartanon ruokakulttuurin perinteit\u00e4 kunnioittaen. N\u00e4ist\u00e4 herkuista voi nauttia kartanon tunnelmallisessa ravintolassa tai niit\u00e4 voi ostaa mukaan Tertin Herkkukaupasta. Is\u00e4nt\u00e4pari on koonnut parhaat reseptins\u00e4 my\u00f6s keittokirjaksi.<\/p>\n<p>Kartanon keitti\u00f6ll\u00e4 on vuosisatojen historia ja sen maistuvista, puhtaista ja korkealaatuisista herkuista ovat nauttineet niin kartanon vieraat kuin Suomen presidentitkin matkoillaan.<\/p>\n<h3>Vinkkej\u00e4 Tertin vierailulle<\/h3>\n<p>Tertin kartanossa j\u00e4rjestet\u00e4\u00e4n monenlaisia aktiviteetteja ja ohjelmaa ymp\u00e4ri vuoden. T\u00e4ss\u00e4 muutamia vinkkej\u00e4:<\/p>\n<ul>\n<li>Tutustu kartanoon ja sen historiaan ja nauti lasi kuohuvaa.<\/li>\n<li>L\u00e4hde oppaan mukana luomumets\u00e4\u00e4n tutustumaan mets\u00e4n antimiin sesongin mukaan.<\/li>\n<li>Valmista luonnonkosmetiikkaa ja herkullista ruokaa Tertin yrteist\u00e4.<\/li>\n<\/ul>\n<p>Tutustu <a href=\"https:\/\/tertinkartano.fi\/\">Tertin<\/a> tarjontaan ja l\u00e4hde nauttimaan sesongin herkuista hurmaavassa kartanomilj\u00f6\u00f6ss\u00e4.[\/vc_column_text][\/vc_column][vc_column width=&#8221;1\/3&#8243;][vc_single_image image=&#8221;12225&#8243; img_size=&#8221;full&#8221;][\/vc_column][\/vc_row][vc_row full_width=&#8221;stretch_row_content_no_spaces&#8221;][vc_column]<div class=\"main_header big\">\n    <figure style=\"background-image: url('https:\/\/www.visitsaimaa.fi\/wp-content\/uploads\/2021\/05\/VisitSaimaa_Sahanlahti_Resort-1920x600.jpg'); background-position: center center;\"><\/figure>\n    <div class=\"main_header_content\" style=\"\">\n        <div class=\"container\">\n            \n<h1 style=\"text-align: center\">P\u00e4iv\u00e4 2. Artesaaniravintolat Sahanlahti<\/h1>\n<p style=\"text-align: center\">Pala parhainta Saimaata<\/p>\n    \n        <\/div>\n    <\/div><!-- \/.container -->\n<\/div><!-- \/.main_header -->\n\n[\/vc_column][\/vc_row][vc_row css=&#8221;.vc_custom_1622191348537{margin-top: 30px !important;}&#8221;][vc_column width=&#8221;2\/3&#8243;][vc_column_text]Sahanlahti Resort on vanhaan sahamilj\u00f6\u00f6seen rakennettu maineikas ja perinteik\u00e4s matkailukeskus upealla paikalla Saimaan rannalla. Paikan historia ulottuu aina 1700-luvulle, jolloin paikalle perustetiin yksi Saimaan alueen vanhimmista sahalaitoksista. Nykyinen omistajapariskunta, Jaana ja Janne Kuivalainen, on luonut Sahanlahden monipuoliseen lomaparatiisiin l\u00e4mpim\u00e4n ja kodikkaan tunnelman, jossa vieraat viihtyv\u00e4t.<\/p>\n<p>Ainutlaatuinen ja kulttuurihistoriallisesti merkitt\u00e4v\u00e4 ymp\u00e4rist\u00f6, tasokkaat ja yksil\u00f6lliset majoitukset sek\u00e4 ravintoloiden l\u00e4hiruokaherkut houkuttelevat vierailijoita l\u00e4helt\u00e4 ja kaukaa. Sahanlahti on kuitenkin vain alle tunnin p\u00e4\u00e4ss\u00e4 Savonlinnasta, Mikkelist\u00e4 ja Imatralta. Paikka sijaitsee kauniin kantatie 62 varrella, joten Saimaan ainutlaatuisista maisemista ehtii nauttia jo matkalla.<\/p>\n<p>Sahanlahden kolme ravintolaa ovat artesaaniravintoloita. Kaikki ruoka tehd\u00e4\u00e4n omassa keitti\u00f6ss\u00e4 k\u00e4sity\u00f6n\u00e4. Makuel\u00e4mykset rakentuvat l\u00e4hialueen pientuottajien korkealaatuisiin raaka-aineisiin. Herkullisen aterian kruunaa Suomen, ellei jopa koko maailman, kauneimmat maisemat Saimaalle.<\/p>\n<h3>Lis\u00e4\u00e4 el\u00e4myksi\u00e4 Sahanlahdessa<\/h3>\n<ul>\n<li>L\u00e4hde Sahanlahdesta Saimaan risteilylle bongaamaan saimaannorppaa.<\/li>\n<li>Tutustu maalaisel\u00e4m\u00e4\u00e4n Niinisaaressa Puumalassa ja leivo perinteisi\u00e4 karjalanpiirakoita Okkolan Paulan piirakkapajassa.<\/li>\n<li>Vuokraa Sahanlahdesta py\u00f6r\u00e4 ja l\u00e4hde kiert\u00e4m\u00e4\u00e4n upea Puumalan saaristoreitti (60 km).<\/li>\n<\/ul>\n<p>[\/vc_column_text][\/vc_column][vc_column width=&#8221;1\/3&#8243;][vc_single_image image=&#8221;12229&#8243; img_size=&#8221;full&#8221;][\/vc_column][\/vc_row][vc_row full_width=&#8221;stretch_row_content_no_spaces&#8221;][vc_column]<div class=\"main_header normal\">\n    <figure style=\"background-image: url('https:\/\/www.visitsaimaa.fi\/wp-content\/uploads\/2019\/09\/Punkaharjun_Lomamatkailu_1-e1569576867356-1896x600.jpg'); background-position: center center;\"><\/figure>\n    <div class=\"main_header_content\" style=\"\">\n        <div class=\"container\">\n            \n<h1 style=\"text-align: center\">P\u00e4iv\u00e4 3. Villiruokaravintola Hotelli Punkaharju<\/h1>\n<p style=\"text-align: center\">Villin viettelevi\u00e4 makuja upeissa kansallismaisemissa<\/p>\n    \n        <\/div>\n    <\/div><!-- \/.container -->\n<\/div><!-- \/.main_header -->\n\n[\/vc_column][\/vc_row][vc_row css=&#8221;.vc_custom_1622191410514{margin-top: 30px !important;}&#8221;][vc_column width=&#8221;2\/3&#8243;][vc_column_text]Maailman metropolien catwalkeilta Punkaharjuun asettunut Hotelli Punkaharjun em\u00e4nt\u00e4, Saimi Hoyer, on luonut Hotelli Punkaharjusta Saimaan upean mets\u00e4- ja j\u00e4rviluonnon, taiteen ja kulttuurin kehdon. Hotellin historia sai alkunsa vuonna 1845 mets\u00e4nvartijan talona. Saimin omistuksessa hotelli on laajentunut tasokkaaksi ja tunnelmalliseksi majoitus- ja ravintolakohteeksi. Hotellin ja Keisarinnan huviloiden yksil\u00f6lliset ja kodikkaat huoneet viev\u00e4t y\u00f6pyj\u00e4n suloisiin uniin mets\u00e4isen luonnon keskell\u00e4.<\/p>\n<p>Hotelli Punkaharjun Villiruokaravintolan vietteleviss\u00e4 annoksissa maistuvat l\u00e4hituottajien parhaat ainekset, metsien ja j\u00e4rven antimet, luonnon villiyrtit ja sesonkien raaka-aineet. Sienet ovat hotellin em\u00e4nn\u00e4n intohimo, ja villiruokaravintola onkin tunnettu kekseli\u00e4ist\u00e4 ja hienostuneista sieniherkuistaan. Luonnon aidot ja vivahteikkaat maut ja Suomen kauneimmat mets\u00e4iset harjumaisemat kirkasvetisen Puruveden rannalla ovat unohtumaton el\u00e4mys.<\/p>\n<h3><strong>Koe Punkaharjulla<\/strong><\/h3>\n<ul>\n<li>Mets\u00e4museo <a href=\"https:\/\/lusto.fi\/\">Lusto<\/a> tutustuttaa mets\u00e4\u00e4n ja ihmisen ja mets\u00e4n yhteiseen historiaan.<\/li>\n<li>Maailman suurin puukirkko Kerim\u00e4ell\u00e4. Istumapaikkoja 3\u00a0000 ja penkkirivej\u00e4 yli 1\u00a0600 metri\u00e4!<\/li>\n<li>L\u00e4hde sieniretkelle hotelli Punkaharjun l\u00e4himetsiin tai vaikka melontaretkelle Puruveden maisemiin. Tutustu hotelli Punkaharjun <a href=\"https:\/\/hotellipunkaharju.fi\/palvelut\/aktiviteetit\/\">aktiviteetteihin<\/a> ja <a href=\"https:\/\/hotellipunkaharju.fi\/palvelut\/oheispalvelut\/\">retkiin<\/a>.<\/li>\n<\/ul>\n<p>[\/vc_column_text][\/vc_column][vc_column width=&#8221;1\/3&#8243;][vc_single_image image=&#8221;12233&#8243; img_size=&#8221;full&#8221;][\/vc_column][\/vc_row][vc_row full_width=&#8221;stretch_row_content_no_spaces&#8221;][vc_column css=&#8221;.vc_custom_1645535680439{padding-bottom: 20px !important;}&#8221;]<div class=\"main_header big\">\n    <figure style=\"background-image: url('https:\/\/www.visitsaimaa.fi\/wp-content\/uploads\/2022\/02\/Teahouse_21-1-2021_fullres-65-1920x600.jpg'); background-position: center center;\"><\/figure>\n    <div class=\"main_header_content\" style=\"\">\n        <div class=\"container\">\n            \n<h1 style=\"text-align: center\">P\u00e4iv\u00e4 4. Tee- ja luomuravintola TeaHouse of Wehmais<\/h1>\n<p style=\"text-align: center\">Aitoa englantilaista teekulttuuria maaseudun idylliss\u00e4<\/p>\n    \n        <\/div>\n    <\/div><!-- \/.container -->\n<\/div><!-- \/.main_header -->\n\n[\/vc_column][\/vc_row][vc_row css=&#8221;.vc_custom_1622191436676{margin-top: 30px !important;}&#8221;][vc_column width=&#8221;2\/3&#8243;][vc_column_text]TeaHouse of Wehmais on teehuone-bistro, jossa tee ja ruoka kohtaavat aivan uudella tavalla. Sesongin mukaan vaihtuvalta menulta l\u00f6yd\u00e4t l\u00e4hi- ja luomuraaka-aineista valmistetut keitti\u00f6mestarin el\u00e4mykselliset menut ja \u00e0 la carte -annokset sek\u00e4 ihastuttavat teekattaukset. Vierailu Teahouse of Wehmaisissa on ainutlaatuienn el\u00e4mys ja se tarjoaa arjen luksusta, vieh\u00e4tt\u00e4v\u00e4ss\u00e4 kartanomilj\u00f6\u00f6ss\u00e4.<\/p>\n<p>TeaHouse of Wehmaisin tarina alkoi jo vuonna 2010, kun yritt\u00e4j\u00e4 Anna Grotenfelt-Paunonen perusti Wehmaan kartanon pihapiirist\u00e4 l\u00f6ytyv\u00e4\u00e4n tallirakennukseen Suomen ensimm\u00e4isen englantilaiseen teeperinteeseen erikoistuneen teehuoneen. Vuonna 2020 TeaHouse of Wehmais avasi ovensa uudistuneena teehuone-bistrona, joka on erikoistunut monipuolisiin tee-el\u00e4myksiin ja laadukkaaseen teevalikoimaan. Tunnelmallisissa ranskalais-skandinaavisesti sisustetuissa tiloissa paikallisesti tuotetut, herkulliset raaka-aineet ja laadukkaat teet yhdistyv\u00e4t ainutlaatuiseksi el\u00e4mykseksi.<\/p>\n<p>TeaHouse of Wehmaisin yritt\u00e4j\u00e4 Anna on koulutukseltaan yksi Suomen harvoista teesommelierista ja h\u00e4n on henkil\u00f6kohtaisesti valinnut teehuoneen noin 100 teelaadun valikoiman, josta l\u00f6ytyy jokaiselle oma suosikki \u2013 my\u00f6s kotiin viet\u00e4v\u00e4ksi. Rakennuksen toisessa p\u00e4\u00e4ss\u00e4 toimivasta myym\u00e4l\u00e4st\u00e4 l\u00f6yd\u00e4t TeaHouse of Wehmaisin laadukkaan teevalikoiman sek\u00e4 laajan valikoiman teetarvikkeita sek\u00e4 ihania herkkutuotteita.<\/p>\n<h3>Koe TeaHouse of Wehmaisissa<\/h3>\n<ul>\n<li>Maistele eri teelaatuja ammattilaisen opastuksella tai osallistu teecocktailkoluun. Lue lis\u00e4\u00e4 Teahouse of Wehmaisin <a href=\"https:\/\/www.teahouse.fi\/elamykset\">el\u00e4myspalveluista<\/a>.<\/li>\n<li>Vieraile <a href=\"https:\/\/www.visitmikkeli.fi\/juva\">Juvalla<\/a> ja tutustu sen maaseutukulttuuriin, gallerioihin, museoihin, puutarhoihin ja muihin n\u00e4ht\u00e4vyyksiin.<\/li>\n<\/ul>\n<p>[\/vc_column_text][\/vc_column][vc_column width=&#8221;1\/3&#8243;][vc_single_image image=&#8221;25512&#8243; img_size=&#8221;full&#8221;][\/vc_column][\/vc_row]<\/p>\n","protected":false},"excerpt":{"rendered":"<p>[vc_row full_width=&#8221;stretch_row_content_no_spaces&#8221; full_height=&#8221;yes&#8221; parallax=&#8221;content-moving-fade&#8221; parallax_image=&#8221;17192&#8243;][vc_column][vc_column_text] Saimaa Gastronomy -makumatka\u00a0 [\/vc_column_text][\/vc_column][\/vc_row][vc_row][vc_column width=&#8221;1\/4&#8243;][\/vc_column][vc_column width=&#8221;1\/2&#8243;][vc_column_text] Saimaa Gastronomy -reitti vie nelj\u00e4n upean l\u00e4hiruokaravintolan ja matkakohteen herkkujen \u00e4\u00e4relle. Tertin Kartano, Sahanlahti Resort, Hotelli Punkaharju ja TeaHouse [&hellip;]<\/p>\n","protected":false},"author":62,"featured_media":0,"parent":19879,"menu_order":0,"comment_status":"closed","ping_status":"closed","template":"","meta":{"footnotes":""},"relatedcontent":[],"class_list":["post-20789","page","type-page","status-publish","hentry"],"yoast_head":"<!-- This site is optimized with the Yoast SEO Premium plugin v27.3 (Yoast SEO v27.5) - https:\/\/yoast.com\/product\/yoast-seo-premium-wordpress\/ -->\n<title>Saimaa Gastronomy -kierros - Visit Saimaa<\/title>\n<meta name=\"description\" content=\"Saimaa Gastronomy -makumatka\u00a0 Saimaa Gastronomy -reitti vie nelj\u00e4n upean l\u00e4hiruokaravintolan ja matkakohteen herkkujen \u00e4\u00e4relle. Tertin Kartano, Sahanlahti\" \/>\n<meta name=\"robots\" content=\"index, follow, max-snippet:-1, max-image-preview:large, max-video-preview:-1\" \/>\n<link rel=\"canonical\" href=\"https:\/\/www.visitsaimaa.fi\/fi\/reitit\/saimaa-gastronomy-kierros\/\" \/>\n<meta property=\"og:locale\" content=\"fi_FI\" \/>\n<meta property=\"og:type\" content=\"article\" \/>\n<meta property=\"og:title\" content=\"Saimaa Gastronomy -kierros\" \/>\n<meta property=\"og:description\" content=\"Saimaa Gastronomy -makumatka\u00a0 Saimaa Gastronomy -reitti vie nelj\u00e4n upean l\u00e4hiruokaravintolan ja matkakohteen herkkujen \u00e4\u00e4relle. Tertin Kartano, Sahanlahti\" \/>\n<meta property=\"og:url\" content=\"https:\/\/www.visitsaimaa.fi\/fi\/reitit\/saimaa-gastronomy-kierros\/\" \/>\n<meta property=\"og:site_name\" content=\"Visit Saimaa\" \/>\n<meta property=\"article:modified_time\" content=\"2022-03-09T06:44:57+00:00\" \/>\n<meta name=\"twitter:label1\" content=\"Arvioitu lukuaika\" \/>\n\t<meta name=\"twitter:data1\" content=\"5 minuuttia\" \/>\n<script type=\"application\/ld+json\" class=\"yoast-schema-graph\">{\"@context\":\"https:\\\/\\\/schema.org\",\"@graph\":[{\"@type\":\"WebPage\",\"@id\":\"https:\\\/\\\/www.visitsaimaa.fi\\\/fi\\\/reitit\\\/saimaa-gastronomy-kierros\\\/\",\"url\":\"https:\\\/\\\/www.visitsaimaa.fi\\\/fi\\\/reitit\\\/saimaa-gastronomy-kierros\\\/\",\"name\":\"Saimaa Gastronomy -kierros - Visit Saimaa\",\"isPartOf\":{\"@id\":\"https:\\\/\\\/www.visitsaimaa.fi\\\/fi\\\/#website\"},\"datePublished\":\"2021-05-28T08:58:25+00:00\",\"dateModified\":\"2022-03-09T06:44:57+00:00\",\"description\":\"Saimaa Gastronomy -makumatka\u00a0 Saimaa Gastronomy -reitti vie nelj\u00e4n upean l\u00e4hiruokaravintolan ja matkakohteen herkkujen \u00e4\u00e4relle. Tertin Kartano, Sahanlahti\",\"breadcrumb\":{\"@id\":\"https:\\\/\\\/www.visitsaimaa.fi\\\/fi\\\/reitit\\\/saimaa-gastronomy-kierros\\\/#breadcrumb\"},\"inLanguage\":\"fi\",\"potentialAction\":[{\"@type\":\"ReadAction\",\"target\":[\"https:\\\/\\\/www.visitsaimaa.fi\\\/fi\\\/reitit\\\/saimaa-gastronomy-kierros\\\/\"]}]},{\"@type\":\"BreadcrumbList\",\"@id\":\"https:\\\/\\\/www.visitsaimaa.fi\\\/fi\\\/reitit\\\/saimaa-gastronomy-kierros\\\/#breadcrumb\",\"itemListElement\":[{\"@type\":\"ListItem\",\"position\":1,\"name\":\"Visit Saimaa\",\"item\":\"https:\\\/\\\/www.visitsaimaa.fi\\\/fi\\\/\"},{\"@type\":\"ListItem\",\"position\":2,\"name\":\"Lomasuositukset\",\"item\":\"https:\\\/\\\/www.visitsaimaa.fi\\\/fi\\\/reitit\\\/\"},{\"@type\":\"ListItem\",\"position\":3,\"name\":\"Saimaa Gastronomy -kierros\"}]},{\"@type\":\"WebSite\",\"@id\":\"https:\\\/\\\/www.visitsaimaa.fi\\\/fi\\\/#website\",\"url\":\"https:\\\/\\\/www.visitsaimaa.fi\\\/fi\\\/\",\"name\":\"Visit Saimaa\",\"description\":\"The Official Travel Guide of Lakeland Saimaa\",\"potentialAction\":[{\"@type\":\"SearchAction\",\"target\":{\"@type\":\"EntryPoint\",\"urlTemplate\":\"https:\\\/\\\/www.visitsaimaa.fi\\\/fi\\\/?s={search_term_string}\"},\"query-input\":{\"@type\":\"PropertyValueSpecification\",\"valueRequired\":true,\"valueName\":\"search_term_string\"}}],\"inLanguage\":\"fi\"}]}<\/script>\n<!-- \/ Yoast SEO Premium plugin. -->","yoast_head_json":{"title":"Saimaa Gastronomy -kierros - Visit Saimaa","description":"Saimaa Gastronomy -makumatka\u00a0 Saimaa Gastronomy -reitti vie nelj\u00e4n upean l\u00e4hiruokaravintolan ja matkakohteen herkkujen \u00e4\u00e4relle. Tertin Kartano, Sahanlahti","robots":{"index":"index","follow":"follow","max-snippet":"max-snippet:-1","max-image-preview":"max-image-preview:large","max-video-preview":"max-video-preview:-1"},"canonical":"https:\/\/www.visitsaimaa.fi\/fi\/reitit\/saimaa-gastronomy-kierros\/","og_locale":"fi_FI","og_type":"article","og_title":"Saimaa Gastronomy -kierros","og_description":"Saimaa Gastronomy -makumatka\u00a0 Saimaa Gastronomy -reitti vie nelj\u00e4n upean l\u00e4hiruokaravintolan ja matkakohteen herkkujen \u00e4\u00e4relle. Tertin Kartano, Sahanlahti","og_url":"https:\/\/www.visitsaimaa.fi\/fi\/reitit\/saimaa-gastronomy-kierros\/","og_site_name":"Visit Saimaa","article_modified_time":"2022-03-09T06:44:57+00:00","twitter_misc":{"Arvioitu lukuaika":"5 minuuttia"},"schema":{"@context":"https:\/\/schema.org","@graph":[{"@type":"WebPage","@id":"https:\/\/www.visitsaimaa.fi\/fi\/reitit\/saimaa-gastronomy-kierros\/","url":"https:\/\/www.visitsaimaa.fi\/fi\/reitit\/saimaa-gastronomy-kierros\/","name":"Saimaa Gastronomy -kierros - Visit Saimaa","isPartOf":{"@id":"https:\/\/www.visitsaimaa.fi\/fi\/#website"},"datePublished":"2021-05-28T08:58:25+00:00","dateModified":"2022-03-09T06:44:57+00:00","description":"Saimaa Gastronomy -makumatka\u00a0 Saimaa Gastronomy -reitti vie nelj\u00e4n upean l\u00e4hiruokaravintolan ja matkakohteen herkkujen \u00e4\u00e4relle. Tertin Kartano, Sahanlahti","breadcrumb":{"@id":"https:\/\/www.visitsaimaa.fi\/fi\/reitit\/saimaa-gastronomy-kierros\/#breadcrumb"},"inLanguage":"fi","potentialAction":[{"@type":"ReadAction","target":["https:\/\/www.visitsaimaa.fi\/fi\/reitit\/saimaa-gastronomy-kierros\/"]}]},{"@type":"BreadcrumbList","@id":"https:\/\/www.visitsaimaa.fi\/fi\/reitit\/saimaa-gastronomy-kierros\/#breadcrumb","itemListElement":[{"@type":"ListItem","position":1,"name":"Visit Saimaa","item":"https:\/\/www.visitsaimaa.fi\/fi\/"},{"@type":"ListItem","position":2,"name":"Lomasuositukset","item":"https:\/\/www.visitsaimaa.fi\/fi\/reitit\/"},{"@type":"ListItem","position":3,"name":"Saimaa Gastronomy -kierros"}]},{"@type":"WebSite","@id":"https:\/\/www.visitsaimaa.fi\/fi\/#website","url":"https:\/\/www.visitsaimaa.fi\/fi\/","name":"Visit Saimaa","description":"The Official Travel Guide of Lakeland Saimaa","potentialAction":[{"@type":"SearchAction","target":{"@type":"EntryPoint","urlTemplate":"https:\/\/www.visitsaimaa.fi\/fi\/?s={search_term_string}"},"query-input":{"@type":"PropertyValueSpecification","valueRequired":true,"valueName":"search_term_string"}}],"inLanguage":"fi"}]}},"_links":{"self":[{"href":"https:\/\/www.visitsaimaa.fi\/fi\/wp-json\/wp\/v2\/pages\/20789","targetHints":{"allow":["GET"]}}],"collection":[{"href":"https:\/\/www.visitsaimaa.fi\/fi\/wp-json\/wp\/v2\/pages"}],"about":[{"href":"https:\/\/www.visitsaimaa.fi\/fi\/wp-json\/wp\/v2\/types\/page"}],"author":[{"embeddable":true,"href":"https:\/\/www.visitsaimaa.fi\/fi\/wp-json\/wp\/v2\/users\/62"}],"replies":[{"embeddable":true,"href":"https:\/\/www.visitsaimaa.fi\/fi\/wp-json\/wp\/v2\/comments?post=20789"}],"version-history":[{"count":41,"href":"https:\/\/www.visitsaimaa.fi\/fi\/wp-json\/wp\/v2\/pages\/20789\/revisions"}],"predecessor-version":[{"id":25657,"href":"https:\/\/www.visitsaimaa.fi\/fi\/wp-json\/wp\/v2\/pages\/20789\/revisions\/25657"}],"up":[{"embeddable":true,"href":"https:\/\/www.visitsaimaa.fi\/fi\/wp-json\/wp\/v2\/pages\/19879"}],"wp:attachment":[{"href":"https:\/\/www.visitsaimaa.fi\/fi\/wp-json\/wp\/v2\/media?parent=20789"}],"wp:term":[{"taxonomy":"relatedcontent","embeddable":true,"href":"https:\/\/www.visitsaimaa.fi\/fi\/wp-json\/wp\/v2\/relatedcontent?post=20789"}],"curies":[{"name":"wp","href":"https:\/\/api.w.org\/{rel}","templated":true}]}}