{"id":20543,"date":"2021-05-10T11:02:44","date_gmt":"2021-05-10T08:02:44","guid":{"rendered":"https:\/\/www.visitsaimaa.fi\/?page_id=20543"},"modified":"2025-02-18T13:15:37","modified_gmt":"2025-02-18T11:15:37","slug":"herkuttele","status":"publish","type":"page","link":"https:\/\/www.visitsaimaa.fi\/fi\/herkuttele\/","title":{"rendered":"Herkuttele"},"content":{"rendered":"<p>[vc_row full_width=&#8221;stretch_row_content_no_spaces&#8221; parallax=&#8221;content-moving-fade&#8221; parallax_image=&#8221;22385&#8243;][vc_column][vc_column_text]<\/p>\n<p>&nbsp;<\/p>\n<p>&nbsp;<\/p>\n<p>&nbsp;<\/p>\n<p>&nbsp;<\/p>\n<p>&nbsp;<\/p>\n<p>&nbsp;<\/p>\n<p>&nbsp;<\/p>\n<p>&nbsp;<\/p>\n<h1 class=\"montserrat\" style=\"text-align: center\"><span style=\"color: #ffffff\"><strong><span style=\"font-size: 5rem;letter-spacing: 0.3em\">HERKUTTELE<\/span><\/strong><\/span><\/h1>\n<p>&nbsp;<\/p>\n<p>&nbsp;<\/p>\n<p>&nbsp;<\/p>\n<p>[\/vc_column_text][\/vc_column][\/vc_row][vc_row css=&#8221;.vc_custom_1625121894483{padding-top: 60px !important;}&#8221;][vc_column width=&#8221;1\/4&#8243;][\/vc_column][vc_column width=&#8221;1\/2&#8243;][vc_column_text]<\/p>\n<h1 style=\"text-align: center\">Herkuttele Saimaalla<\/h1>\n<p style=\"text-align: center\">Saimaan alueen ravintolat ovat erikoistuneet maukkaaseen l\u00e4hiruokaan.<\/p>\n<p style=\"text-align: center\">Maistele matkallasi paikallisia erikoisuuksia ja tee vaikka kokonainen makumatka Saimaan uniikeissa ruokakohteissa.<\/p>\n<p>[\/vc_column_text][\/vc_column][vc_column width=&#8221;1\/4&#8243;][\/vc_column][\/vc_row][vc_row full_width=&#8221;stretch_row_content_no_spaces&#8221; css=&#8221;.vc_custom_1718360182105{padding-top: 60px !important;}&#8221;][vc_column][vc_column_text css=&#8221;&#8221;]<\/p>\n<h2 style=\"text-align: center\">Ravintolat Mikkelin seudulla<\/h2>\n<p>[\/vc_column_text][vc_row_inner][vc_column_inner width=&#8221;1\/4&#8243;]<div class=\"image-and-button-shortcode\" style=\"background-image: url('https:\/\/www.visitsaimaa.fi\/wp-content\/uploads\/2021\/11\/Tertin_kartano_2021_VisitMikkeli_kuva_Pihla_Liukkonen_Kontrastia-7-1920x600.jpg')\">\n\t\t<a href=\"http:\/\/tertinkartano.fi\" target=\"_blank\" class=\"btn btn-primary\">Tertin Kartano &raquo;<\/a>\n<\/div>\n[\/vc_column_inner][vc_column_inner width=&#8221;1\/4&#8243;]<div class=\"image-and-button-shortcode\" style=\"background-image: url('https:\/\/www.visitsaimaa.fi\/wp-content\/uploads\/2024\/06\/img_6614-scaled.jpg')\">\n\t\t<a href=\"http:\/\/landhauskekkola.fi\" target=\"_blank\" class=\"btn btn-primary\">Landhaus Kekkola &raquo;<\/a>\n<\/div>\n[\/vc_column_inner][vc_column_inner width=&#8221;1\/4&#8243;]<div class=\"image-and-button-shortcode\" style=\"background-image: url('https:\/\/www.visitsaimaa.fi\/wp-content\/uploads\/2024\/05\/by_julia_kivela_0v5a2372-1920x600.jpg')\">\n\t\t<a href=\"http:\/\/kenkavero.fi\" target=\"_blank\" class=\"btn btn-primary\">Kenk\u00e4vero &raquo;<\/a>\n<\/div>\n[\/vc_column_inner][vc_column_inner width=&#8221;1\/4&#8243;]<div class=\"image-and-button-shortcode\" style=\"background-image: url('https:\/\/www.visitsaimaa.fi\/wp-content\/uploads\/2021\/06\/Kyyhkyla-1.png')\">\n\t\t<a href=\"http:\/\/kyyhkyla.fi\" target=\"_blank\" class=\"btn btn-primary\">Kyyhkyl\u00e4 Wellbeing Resort &raquo;<\/a>\n<\/div>\n[\/vc_column_inner][\/vc_row_inner][\/vc_column][\/vc_row][vc_row full_width=&#8221;stretch_row_content_no_spaces&#8221; css=&#8221;.vc_custom_1718360213479{padding-top: 20px !important;}&#8221;][vc_column width=&#8221;1\/5&#8243;]<div class=\"image-and-button-shortcode\" style=\"background-image: url('https:\/\/www.visitsaimaa.fi\/wp-content\/uploads\/2024\/06\/okkola-holiday-cottages-fried-vendace-visit-saimaa-1920x600.jpg')\">\n\t\t<a href=\"https:\/\/www.okkolanlomamokit.com\/ravintola\/\" target=\"_blank\" class=\"btn btn-primary\">Okkolan Lomam\u00f6kit &raquo;<\/a>\n<\/div>\n[\/vc_column][vc_column width=&#8221;1\/5&#8243;]<div class=\"image-and-button-shortcode\" style=\"background-image: url('https:\/\/www.visitsaimaa.fi\/wp-content\/uploads\/2024\/06\/pistohiekka-1024x600.jpg')\">\n\t\t<a href=\"http:\/\/pistohiekka.fi\" target=\"_blank\" class=\"btn btn-primary\">Pistohiekka Resort &raquo;<\/a>\n<\/div>\n[\/vc_column][vc_column width=&#8221;1\/5&#8243;]<div class=\"image-and-button-shortcode\" style=\"background-image: url('https:\/\/www.visitsaimaa.fi\/wp-content\/uploads\/2020\/04\/73390758_2454715907977621_6843442233354485760_n.jpg')\">\n\t\t<a href=\"https:\/\/www.raflaamo.fi\/fi\/ravintola\/mikkeli\/frans-michelle-mikkeli\" target=\"_blank\" class=\"btn btn-primary\">Frans &amp; Michelle &raquo;<\/a>\n<\/div>\n[\/vc_column][vc_column width=&#8221;1\/5&#8243;]<div class=\"image-and-button-shortcode\" style=\"background-image: url('https:\/\/www.visitsaimaa.fi\/wp-content\/uploads\/2024\/06\/woikoskikesa-cc-882021_leveys_1200px-34-1300x-533x600.jpg')\">\n\t\t<a href=\"https:\/\/www.woikoskifeeling.fi\/fi\/whd-gard\/ravintolat.html\" target=\"_blank\" class=\"btn btn-primary\">WHD G\u00e5rdin ravintolat &raquo;<\/a>\n<\/div>\n[\/vc_column][vc_column width=&#8221;1\/5&#8243;]<div class=\"image-and-button-shortcode\" style=\"background-image: url('https:\/\/www.visitsaimaa.fi\/wp-content\/uploads\/2021\/09\/Sahanlahti_terassi2021__kuva_Pihla_Liukkonen_kontrastia-13-1024x600.jpg')\">\n\t\t<a href=\"http:\/\/sahanlahtiresort.fi\" target=\"_blank\" class=\"btn btn-primary\">Sahanlahti Resortin ravintolat &raquo;<\/a>\n<\/div>\n[\/vc_column][\/vc_row][vc_row full_width=&#8221;stretch_row_content_no_spaces&#8221; css=&#8221;.vc_custom_1718360244719{padding-top: 100px !important;}&#8221;][vc_column][vc_column_text css=&#8221;&#8221;]<\/p>\n<h2 style=\"text-align: center\">Ravintolat Savonlinnan seudulla<\/h2>\n<p>[\/vc_column_text][vc_row_inner css=&#8221;.vc_custom_1718351912640{padding-bottom: 20px !important;}&#8221;][vc_column_inner width=&#8221;1\/5&#8243;]<div class=\"image-and-button-shortcode\" style=\"background-image: url('https:\/\/www.visitsaimaa.fi\/wp-content\/uploads\/2022\/04\/Jarvisydan_low-901x600.jpg')\">\n\t\t<a href=\"http:\/\/jarvisydan.fi\" target=\"_blank\" class=\"btn btn-primary\">J\u00e4rvisyd\u00e4n &raquo;<\/a>\n<\/div>\n[\/vc_column_inner][vc_column_inner width=&#8221;1\/5&#8243;]<div class=\"image-and-button-shortcode\" style=\"background-image: url('https:\/\/www.visitsaimaa.fi\/wp-content\/uploads\/2024\/06\/ravintola-majakka-118-1920x600.jpg')\">\n\t\t<a href=\"https:\/\/www.raflaamo.fi\/fi\/ravintola\/savonlinna\/ravintola-majakka\" target=\"_blank\" class=\"btn btn-primary\">Ravintola Majakka &raquo;<\/a>\n<\/div>\n[\/vc_column_inner][vc_column_inner width=&#8221;1\/5&#8243;]<div class=\"image-and-button-shortcode\" style=\"background-image: url('https:\/\/www.visitsaimaa.fi\/wp-content\/uploads\/2024\/06\/visitsaimaa_kruunpuisto_kesa2021_ravintola_fullsizejpg-9275-1024x600.jpg')\">\n\t\t<a href=\"http:\/\/kruunupuisto.fi\" target=\"_blank\" class=\"btn btn-primary\">Kruunupuisto &raquo;<\/a>\n<\/div>\n[\/vc_column_inner][vc_column_inner width=&#8221;1\/5&#8243;]<div class=\"image-and-button-shortcode\" style=\"background-image: url('https:\/\/www.visitsaimaa.fi\/wp-content\/uploads\/2024\/05\/spa-hotel-casino_highres_am203134.jpg')\">\n\t\t<a href=\"https:\/\/www.spahotelcasino.fi\/ravintola-wanha-kasino\/\" target=\"_blank\" class=\"btn btn-primary\">Wanha Kasino &raquo;<\/a>\n<\/div>\n[\/vc_column_inner][vc_column_inner width=&#8221;1\/5&#8243;]<div class=\"image-and-button-shortcode\" style=\"background-image: url('https:\/\/www.visitsaimaa.fi\/wp-content\/uploads\/2020\/11\/Oravi-1632x600.jpg')\">\n\t\t<a href=\"http:\/\/oravivillage.com\" target=\"_blank\" class=\"btn btn-primary\">SaimaaHoliday Oravi &raquo;<\/a>\n<\/div>\n[\/vc_column_inner][\/vc_row_inner][vc_row_inner css=&#8221;.vc_custom_1718352115798{padding-bottom: 20px !important;}&#8221;][vc_column_inner width=&#8221;1\/5&#8243;]<div class=\"image-and-button-shortcode\" style=\"background-image: url('https:\/\/www.visitsaimaa.fi\/wp-content\/uploads\/2022\/02\/Teahouse_21-1-2021_fullres-65-1920x600.jpg')\">\n\t\t<a href=\"http:\/\/teahouse.fi\" target=\"_blank\" class=\"btn btn-primary\">TeaHouse of Wehmais &raquo;<\/a>\n<\/div>\n[\/vc_column_inner][vc_column_inner width=&#8221;1\/5&#8243;]<div class=\"image-and-button-shortcode\" style=\"background-image: url('https:\/\/www.visitsaimaa.fi\/wp-content\/uploads\/2024\/01\/pihlasresort-promo-10.8.2023-web-2048px-98-1920x600.jpg')\">\n\t\t<a href=\"https:\/\/pihlasresort.com\/fi\/\" target=\"_blank\" class=\"btn btn-primary\">Pihlas Resort &raquo;<\/a>\n<\/div>\n[\/vc_column_inner][vc_column_inner width=&#8221;1\/5&#8243;]<div class=\"image-and-button-shortcode\" style=\"background-image: url('https:\/\/www.visitsaimaa.fi\/wp-content\/uploads\/2024\/06\/img_5587-1-copy-1920x600.jpg')\">\n\t\t<a href=\"https:\/\/www.punkaharjuresort.fi\/\" target=\"_blank\" class=\"btn btn-primary\">Punkaharju Resort &raquo;<\/a>\n<\/div>\n[\/vc_column_inner][vc_column_inner width=&#8221;1\/5&#8243;]<div class=\"image-and-button-shortcode\" style=\"background-image: url('https:\/\/www.visitsaimaa.fi\/wp-content\/uploads\/2024\/06\/kyronsalmi-bridge-savonlinna-visit-saimaa-1920x600.jpg')\">\n\t\t<a href=\"https:\/\/www.waahtobrewhouse.fi\/\" target=\"_blank\" class=\"btn btn-primary\">Waahto Brewhouse &raquo;<\/a>\n<\/div>\n[\/vc_column_inner][vc_column_inner width=&#8221;1\/5&#8243;]<div class=\"image-and-button-shortcode\" style=\"background-image: url('https:\/\/www.visitsaimaa.fi\/wp-content\/uploads\/2024\/06\/ruokkeen-lomakyla-2560-scaled.jpg')\">\n\t\t<a href=\"https:\/\/www.ruokkeenlomakyla.fi\/\" target=\"_blank\" class=\"btn btn-primary\">Ruokkeen Lomakyl\u00e4 &raquo;<\/a>\n<\/div>\n[\/vc_column_inner][\/vc_row_inner][vc_row_inner css=&#8221;.vc_custom_1718360135171{padding-top: 20px !important;padding-bottom: 100px !important;}&#8221;][vc_column_inner width=&#8221;1\/6&#8243;]<div class=\"image-and-button-shortcode\" style=\"background-image: url('https:\/\/www.visitsaimaa.fi\/wp-content\/uploads\/2024\/06\/full_tiittalan-kartano_kesa-97-1-1-1920x600.jpg')\">\n\t\t<a href=\"https:\/\/www.tiittalankartano.fi\/\" target=\"_blank\" class=\"btn btn-primary\">Tiittalan Kartano &raquo;<\/a>\n<\/div>\n[\/vc_column_inner][vc_column_inner width=&#8221;1\/6&#8243;]<div class=\"image-and-button-shortcode\" style=\"background-image: url('https:\/\/www.visitsaimaa.fi\/wp-content\/uploads\/2020\/08\/Lomamokkila.jpg')\">\n\t\t<a href=\"https:\/\/lomamokkila.fi\/ruoka\/\" target=\"_blank\" class=\"btn btn-primary\">Lomamokkila &raquo;<\/a>\n<\/div>\n[\/vc_column_inner][vc_column_inner width=&#8221;1\/6&#8243;]<div class=\"image-and-button-shortcode\" style=\"background-image: url('https:\/\/www.visitsaimaa.fi\/wp-content\/uploads\/2020\/03\/ravintola-harjun-portti-768x480-1.jpg')\">\n\t\t<a href=\"https:\/\/www.harjunportti.fi\/\" target=\"_blank\" class=\"btn btn-primary\">Harjun Portti &raquo;<\/a>\n<\/div>\n[\/vc_column_inner][vc_column_inner width=&#8221;1\/6&#8243;]<div class=\"image-and-button-shortcode\" style=\"background-image: url('https:\/\/www.visitsaimaa.fi\/wp-content\/uploads\/2024\/06\/02-kuus-hukkala-1920x600.jpg')\">\n\t\t<a href=\"https:\/\/www.kuus-hukkala.com\/fi\/ravintola\/\" target=\"_blank\" class=\"btn btn-primary\">Kuus-Hukkala &raquo;<\/a>\n<\/div>\n[\/vc_column_inner][vc_column_inner width=&#8221;1\/6&#8243;]<div class=\"image-and-button-shortcode\" style=\"background-image: url('https:\/\/www.visitsaimaa.fi\/wp-content\/uploads\/2024\/06\/01-tanhuvaara_autumn-1920x600.jpg')\">\n\t\t<a href=\"https:\/\/tanhuvaara.fi\/yritykset-ja-ryhmat\/ravintolat\/\" target=\"_blank\" class=\"btn btn-primary\">Tanhuvaara &raquo;<\/a>\n<\/div>\n[\/vc_column_inner][vc_column_inner width=&#8221;1\/6&#8243;]<div class=\"image-and-button-shortcode\" style=\"background-image: url('https:\/\/www.visitsaimaa.fi\/wp-content\/uploads\/2024\/06\/photo-2023-11-28-16-32-51-1497x600.jpg')\">\n\t\t<a href=\"https:\/\/enonkoskenlaiturila.fi\/\" target=\"_blank\" class=\"btn btn-primary\">Enonkosken Maitolaituri &raquo;<\/a>\n<\/div>\n[\/vc_column_inner][\/vc_row_inner][\/vc_column][\/vc_row][vc_row][vc_column][vc_column_text css=&#8221;&#8221;]<\/p>\n<h2 style=\"text-align: center\">Ravintolat Varkauden seudulla<\/h2>\n<p>[\/vc_column_text][\/vc_column][\/vc_row][vc_row css=&#8221;.vc_custom_1718360117313{padding-bottom: 100px !important;}&#8221;][vc_column width=&#8221;1\/2&#8243;]<div class=\"image-and-button-shortcode\" style=\"background-image: url('https:\/\/www.visitsaimaa.fi\/wp-content\/uploads\/2021\/01\/Hotel_Oscar_25.11.2020_fullres-15-1920x600.jpg')\">\n\t\t<a href=\"https:\/\/www.hoteloscar.fi\/ravintolat\/oscars-bar-dinner\/\" target=\"_blank\" class=\"btn btn-primary\">Oscar's Bar &amp; Dinner &raquo;<\/a>\n<\/div>\n[\/vc_column][vc_column width=&#8221;1\/2&#8243;]<div class=\"image-and-button-shortcode\" style=\"background-image: url('https:\/\/www.visitsaimaa.fi\/wp-content\/uploads\/2024\/06\/hotel_oscar_25.11.2020_fullres-18-1920x600.jpg')\">\n\t\t<a href=\"https:\/\/www.hoteloscar.fi\/ravintolat\/oscars-house\/\" target=\"_blank\" class=\"btn btn-primary\">Oscar's House &raquo;<\/a>\n<\/div>\n[\/vc_column][\/vc_row][vc_row][vc_column][vc_zigzag][\/vc_column][\/vc_row][vc_row full_width=&#8221;stretch_row_content_no_spaces&#8221; css=&#8221;.vc_custom_1625121904270{margin-top: 60px !important;}&#8221;][vc_column width=&#8221;1\/2&#8243; css=&#8221;.vc_custom_1620633321796{padding-top: 100px !important;padding-bottom: 100px !important;background-image: url(https:\/\/www.visitsaimaa.fi\/wp-content\/uploads\/2019\/09\/Saimaa_Gastronomy-7.jpg?id=13866) !important;background-position: center !important;background-repeat: no-repeat !important;background-size: cover !important;}&#8221;][vc_column_text]<\/p>\n<h3 style=\"text-align: center\"><span style=\"color: #ffffff\">Saimaa Gastronomy<\/span><\/h3>\n<p>[\/vc_column_text][vc_btn title=&#8221;LUE LIS\u00c4\u00c4&#8221; style=&#8221;flat&#8221; shape=&#8221;square&#8221; color=&#8221;default&#8221; align=&#8221;center&#8221; link=&#8221;url:https%3A%2F%2Fwww.visitsaimaa.fi%2Ffi%2Fruoka%2Fsaimaagastronomy%2F|title:Saimaa%20Gastronomy&#8221;][\/vc_column][vc_column width=&#8221;1\/2&#8243; css=&#8221;.vc_custom_1681300870667{padding-top: 100px !important;padding-bottom: 100px !important;background-image: url(https:\/\/www.visitsaimaa.fi\/wp-content\/uploads\/2021\/08\/Muikkuannos.jpg?id=23444) !important;background-position: center !important;background-repeat: no-repeat !important;background-size: cover !important;}&#8221;][vc_column_text]<\/p>\n<h3 style=\"text-align: center\"><span style=\"color: #ffffff\">Muikku<\/span><\/h3>\n<p>[\/vc_column_text][vc_btn title=&#8221;LUE LIS\u00c4\u00c4&#8221; style=&#8221;flat&#8221; shape=&#8221;square&#8221; color=&#8221;default&#8221; align=&#8221;center&#8221; link=&#8221;url:https%3A%2F%2Fwww.visitsaimaa.fi%2Ffi%2Fmuikku%2F|title:Muikku&#8221;][\/vc_column][\/vc_row][vc_row full_width=&#8221;stretch_row_content_no_spaces&#8221; css=&#8221;.vc_custom_1652694997622{margin-top: 0px !important;}&#8221;][vc_column width=&#8221;1\/2&#8243; css=&#8221;.vc_custom_1620633747710{padding-top: 100px !important;padding-bottom: 100px !important;background-image: url(https:\/\/www.visitsaimaa.fi\/wp-content\/uploads\/2020\/09\/kristaylinen_2020_halla2_2.png?id=17711) !important;background-position: center !important;background-repeat: no-repeat !important;background-size: cover !important;}&#8221;][vc_column_text]<\/p>\n<h3 style=\"text-align: center\"><span style=\"color: #ffffff\">D.O. Saimaa Kitchen<\/span><\/h3>\n<p>[\/vc_column_text][vc_btn title=&#8221;LUE LIS\u00c4\u00c4&#8221; style=&#8221;flat&#8221; shape=&#8221;square&#8221; color=&#8221;default&#8221; align=&#8221;center&#8221; link=&#8221;url:https%3A%2F%2Fwww.visitsaimaa.fi%2Ffi%2Fruoka%2Fd-o-saimaa-kitchen%2F|title:D.O.%20Saimaa%20Kitchen&#8221;][\/vc_column][vc_column parallax=&#8221;content-moving&#8221; parallax_image=&#8221;22317&#8243; width=&#8221;1\/2&#8243; css=&#8221;.vc_custom_1652702379422{padding-top: 100px !important;padding-bottom: 100px !important;background-color: rgba(191,191,191,0.33) !important;*background-color: rgb(191,191,191) !important;}&#8221;][vc_column_text]<\/p>\n<h3 style=\"text-align: center\"><span style=\"color: #ffffff\">L\u00e4hde makumatkalle Sami Kurosen tapaan<\/span><\/h3>\n<p>[\/vc_column_text][vc_btn title=&#8221;LUE LIS\u00c4\u00c4&#8221; style=&#8221;flat&#8221; shape=&#8221;square&#8221; color=&#8221;default&#8221; align=&#8221;center&#8221; link=&#8221;url:https%3A%2F%2Fwww.visitsaimaa.fi%2Ffi%2Freitit%2Fsami-kurosen-makumatka-saimaalla-reitti%2F|title:D.O.%20Saimaa%20Kitchen&#8221;][\/vc_column][\/vc_row][vc_row css=&#8221;.vc_custom_1625121874324{margin-top: 80px !important;}&#8221;][vc_column][vc_column_text]<\/p>\n<h3 style=\"text-align: center\">Karjalanpiirakkaoppia palkitussa Paulan Piirakkapajassa<\/h3>\n<p>[\/vc_column_text][\/vc_column][\/vc_row][vc_row][vc_column width=&#8221;1\/3&#8243;][vc_single_image image=&#8221;13820&#8243; img_size=&#8221;&#8221; alignment=&#8221;center&#8221;][\/vc_column][vc_column width=&#8221;1\/3&#8243;][vc_column_text]<\/p>\n<p style=\"text-align: left\">Okkolan em\u00e4nn\u00e4n piirakkapajassa syntyv\u00e4t perinteiset karjalanpiirakat yhdess\u00e4 hauskaa pit\u00e4en! Piirakkapajassa p\u00e4\u00e4see samalla tutustumaan aitoon suomalaiseen maalaiskotiin. Okkolan em\u00e4nn\u00e4n tuvassa tulevat tutuiksi niin maaseutuyritt\u00e4jyys, paikalliset makuel\u00e4mykset kuin aito savolainen vieraanvaraisuuskin. Em\u00e4nn\u00e4n piirakoissa tuoksuvat ja maistuvat aidot aromit, jotka saavat veden kielelle ja mielen virkistym\u00e4\u00e4n.<\/p>\n<p>[\/vc_column_text][vc_single_image image=&#8221;13990&#8243; img_size=&#8221;&#8221;][\/vc_column][vc_column width=&#8221;1\/3&#8243;][vc_raw_html css=&#8221;&#8221;]JTNDam9oa3Utd2lkZ2V0JTIwaWQlM0QlMjJva2tvbGElMkZkYWFiZGIyMTAxNjJjN2RmJTIyJTIwbG9jYWxlJTNEJTIyZmlfRkklMjIlM0UlM0MlMkZqb2hrdS13aWRnZXQlM0U=[\/vc_raw_html][\/vc_column][\/vc_row]<\/p>\n","protected":false},"excerpt":{"rendered":"<p>[vc_row full_width=&#8221;stretch_row_content_no_spaces&#8221; parallax=&#8221;content-moving-fade&#8221; parallax_image=&#8221;22385&#8243;][vc_column][vc_column_text] &nbsp; &nbsp; &nbsp; &nbsp; &nbsp; &nbsp; &nbsp; &nbsp; HERKUTTELE &nbsp; &nbsp; &nbsp; [\/vc_column_text][\/vc_column][\/vc_row][vc_row css=&#8221;.vc_custom_1625121894483{padding-top: 60px !important;}&#8221;][vc_column width=&#8221;1\/4&#8243;][\/vc_column][vc_column width=&#8221;1\/2&#8243;][vc_column_text] Herkuttele Saimaalla Saimaan alueen ravintolat ovat erikoistuneet maukkaaseen [&hellip;]<\/p>\n","protected":false},"author":57,"featured_media":0,"parent":0,"menu_order":0,"comment_status":"closed","ping_status":"closed","template":"","meta":{"footnotes":""},"relatedcontent":[],"class_list":["post-20543","page","type-page","status-publish","hentry"],"yoast_head":"<!-- This site is optimized with the Yoast SEO Premium plugin v27.3 (Yoast SEO v27.3) - https:\/\/yoast.com\/product\/yoast-seo-premium-wordpress\/ -->\n<title>Herkuttele - Visit Saimaa<\/title>\n<meta name=\"description\" content=\"&nbsp; &nbsp; &nbsp; &nbsp; &nbsp; &nbsp; &nbsp; &nbsp; HERKUTTELE &nbsp; &nbsp; &nbsp; Herkuttele Saimaalla Saimaan alueen ravintolat ovat erikoistuneet\" \/>\n<meta name=\"robots\" content=\"index, follow, max-snippet:-1, max-image-preview:large, max-video-preview:-1\" \/>\n<link rel=\"canonical\" href=\"https:\/\/www.visitsaimaa.fi\/fi\/herkuttele\/\" \/>\n<meta property=\"og:locale\" content=\"fi_FI\" \/>\n<meta property=\"og:type\" content=\"article\" \/>\n<meta property=\"og:title\" content=\"Herkuttele\" \/>\n<meta property=\"og:description\" content=\"&nbsp; &nbsp; &nbsp; &nbsp; &nbsp; &nbsp; &nbsp; &nbsp; HERKUTTELE &nbsp; &nbsp; &nbsp; Herkuttele Saimaalla Saimaan alueen ravintolat ovat erikoistuneet\" \/>\n<meta property=\"og:url\" content=\"https:\/\/www.visitsaimaa.fi\/fi\/herkuttele\/\" \/>\n<meta property=\"og:site_name\" content=\"Visit Saimaa\" \/>\n<meta property=\"article:modified_time\" content=\"2025-02-18T11:15:37+00:00\" \/>\n<meta name=\"twitter:label1\" content=\"Arvioitu lukuaika\" \/>\n\t<meta name=\"twitter:data1\" content=\"3 minuuttia\" \/>\n<script type=\"application\/ld+json\" class=\"yoast-schema-graph\">{\"@context\":\"https:\\\/\\\/schema.org\",\"@graph\":[{\"@type\":\"WebPage\",\"@id\":\"https:\\\/\\\/www.visitsaimaa.fi\\\/fi\\\/herkuttele\\\/\",\"url\":\"https:\\\/\\\/www.visitsaimaa.fi\\\/fi\\\/herkuttele\\\/\",\"name\":\"Herkuttele - Visit Saimaa\",\"isPartOf\":{\"@id\":\"https:\\\/\\\/www.visitsaimaa.fi\\\/fi\\\/#website\"},\"datePublished\":\"2021-05-10T08:02:44+00:00\",\"dateModified\":\"2025-02-18T11:15:37+00:00\",\"description\":\"&nbsp; &nbsp; &nbsp; &nbsp; &nbsp; &nbsp; &nbsp; &nbsp; HERKUTTELE &nbsp; &nbsp; &nbsp; Herkuttele Saimaalla Saimaan alueen ravintolat ovat erikoistuneet\",\"breadcrumb\":{\"@id\":\"https:\\\/\\\/www.visitsaimaa.fi\\\/fi\\\/herkuttele\\\/#breadcrumb\"},\"inLanguage\":\"fi\",\"potentialAction\":[{\"@type\":\"ReadAction\",\"target\":[\"https:\\\/\\\/www.visitsaimaa.fi\\\/fi\\\/herkuttele\\\/\"]}]},{\"@type\":\"BreadcrumbList\",\"@id\":\"https:\\\/\\\/www.visitsaimaa.fi\\\/fi\\\/herkuttele\\\/#breadcrumb\",\"itemListElement\":[{\"@type\":\"ListItem\",\"position\":1,\"name\":\"Visit Saimaa\",\"item\":\"https:\\\/\\\/www.visitsaimaa.fi\\\/fi\\\/\"},{\"@type\":\"ListItem\",\"position\":2,\"name\":\"Herkuttele\"}]},{\"@type\":\"WebSite\",\"@id\":\"https:\\\/\\\/www.visitsaimaa.fi\\\/fi\\\/#website\",\"url\":\"https:\\\/\\\/www.visitsaimaa.fi\\\/fi\\\/\",\"name\":\"Visit Saimaa\",\"description\":\"The Official Travel Guide of Lakeland Saimaa\",\"potentialAction\":[{\"@type\":\"SearchAction\",\"target\":{\"@type\":\"EntryPoint\",\"urlTemplate\":\"https:\\\/\\\/www.visitsaimaa.fi\\\/fi\\\/?s={search_term_string}\"},\"query-input\":{\"@type\":\"PropertyValueSpecification\",\"valueRequired\":true,\"valueName\":\"search_term_string\"}}],\"inLanguage\":\"fi\"}]}<\/script>\n<!-- \/ Yoast SEO Premium plugin. -->","yoast_head_json":{"title":"Herkuttele - Visit Saimaa","description":"&nbsp; &nbsp; &nbsp; &nbsp; &nbsp; &nbsp; &nbsp; &nbsp; HERKUTTELE &nbsp; &nbsp; &nbsp; Herkuttele Saimaalla Saimaan alueen ravintolat ovat erikoistuneet","robots":{"index":"index","follow":"follow","max-snippet":"max-snippet:-1","max-image-preview":"max-image-preview:large","max-video-preview":"max-video-preview:-1"},"canonical":"https:\/\/www.visitsaimaa.fi\/fi\/herkuttele\/","og_locale":"fi_FI","og_type":"article","og_title":"Herkuttele","og_description":"&nbsp; &nbsp; &nbsp; &nbsp; &nbsp; &nbsp; &nbsp; &nbsp; HERKUTTELE &nbsp; &nbsp; &nbsp; Herkuttele Saimaalla Saimaan alueen ravintolat ovat erikoistuneet","og_url":"https:\/\/www.visitsaimaa.fi\/fi\/herkuttele\/","og_site_name":"Visit Saimaa","article_modified_time":"2025-02-18T11:15:37+00:00","twitter_misc":{"Arvioitu lukuaika":"3 minuuttia"},"schema":{"@context":"https:\/\/schema.org","@graph":[{"@type":"WebPage","@id":"https:\/\/www.visitsaimaa.fi\/fi\/herkuttele\/","url":"https:\/\/www.visitsaimaa.fi\/fi\/herkuttele\/","name":"Herkuttele - Visit Saimaa","isPartOf":{"@id":"https:\/\/www.visitsaimaa.fi\/fi\/#website"},"datePublished":"2021-05-10T08:02:44+00:00","dateModified":"2025-02-18T11:15:37+00:00","description":"&nbsp; &nbsp; &nbsp; &nbsp; &nbsp; &nbsp; &nbsp; &nbsp; HERKUTTELE &nbsp; &nbsp; &nbsp; Herkuttele Saimaalla Saimaan alueen ravintolat ovat erikoistuneet","breadcrumb":{"@id":"https:\/\/www.visitsaimaa.fi\/fi\/herkuttele\/#breadcrumb"},"inLanguage":"fi","potentialAction":[{"@type":"ReadAction","target":["https:\/\/www.visitsaimaa.fi\/fi\/herkuttele\/"]}]},{"@type":"BreadcrumbList","@id":"https:\/\/www.visitsaimaa.fi\/fi\/herkuttele\/#breadcrumb","itemListElement":[{"@type":"ListItem","position":1,"name":"Visit Saimaa","item":"https:\/\/www.visitsaimaa.fi\/fi\/"},{"@type":"ListItem","position":2,"name":"Herkuttele"}]},{"@type":"WebSite","@id":"https:\/\/www.visitsaimaa.fi\/fi\/#website","url":"https:\/\/www.visitsaimaa.fi\/fi\/","name":"Visit Saimaa","description":"The Official Travel Guide of Lakeland Saimaa","potentialAction":[{"@type":"SearchAction","target":{"@type":"EntryPoint","urlTemplate":"https:\/\/www.visitsaimaa.fi\/fi\/?s={search_term_string}"},"query-input":{"@type":"PropertyValueSpecification","valueRequired":true,"valueName":"search_term_string"}}],"inLanguage":"fi"}]}},"_links":{"self":[{"href":"https:\/\/www.visitsaimaa.fi\/fi\/wp-json\/wp\/v2\/pages\/20543","targetHints":{"allow":["GET"]}}],"collection":[{"href":"https:\/\/www.visitsaimaa.fi\/fi\/wp-json\/wp\/v2\/pages"}],"about":[{"href":"https:\/\/www.visitsaimaa.fi\/fi\/wp-json\/wp\/v2\/types\/page"}],"author":[{"embeddable":true,"href":"https:\/\/www.visitsaimaa.fi\/fi\/wp-json\/wp\/v2\/users\/57"}],"replies":[{"embeddable":true,"href":"https:\/\/www.visitsaimaa.fi\/fi\/wp-json\/wp\/v2\/comments?post=20543"}],"version-history":[{"count":48,"href":"https:\/\/www.visitsaimaa.fi\/fi\/wp-json\/wp\/v2\/pages\/20543\/revisions"}],"predecessor-version":[{"id":25164,"href":"https:\/\/www.visitsaimaa.fi\/fi\/wp-json\/wp\/v2\/pages\/20543\/revisions\/25164"}],"wp:attachment":[{"href":"https:\/\/www.visitsaimaa.fi\/fi\/wp-json\/wp\/v2\/media?parent=20543"}],"wp:term":[{"taxonomy":"relatedcontent","embeddable":true,"href":"https:\/\/www.visitsaimaa.fi\/fi\/wp-json\/wp\/v2\/relatedcontent?post=20543"}],"curies":[{"name":"wp","href":"https:\/\/api.w.org\/{rel}","templated":true}]}}