{"id":20372,"date":"2021-04-29T19:46:05","date_gmt":"2021-04-29T16:46:05","guid":{"rendered":"https:\/\/www.visitsaimaa.fi\/?page_id=20372"},"modified":"2023-09-07T19:24:42","modified_gmt":"2023-09-07T16:24:42","slug":"kuohuva-kansallisihme-imatrankoski","status":"publish","type":"page","link":"https:\/\/www.visitsaimaa.fi\/fi\/nae-ja-koe\/kayntikohteet\/kuohuva-kansallisihme-imatrankoski\/","title":{"rendered":"Kuohuva kansallisihme Imatrankoski"},"content":{"rendered":"<p>[vc_row][vc_column width=&#8221;1\/2&#8243;][vc_single_image image=&#8221;415&#8243; img_size=&#8221;full&#8221; css=&#8221;.vc_custom_1619714705212{padding-top: 30px !important;}&#8221;][\/vc_column][vc_column width=&#8221;1\/2&#8243; css=&#8221;.vc_custom_1588155543088{padding-right: 50px !important;padding-left: 50px !important;}&#8221;][vc_column_text]<\/p>\n<h2>Kuohuva kansallisihme Imatrankoski<\/h2>\n<p>[\/vc_column_text][vc_column_text]<span style=\"font-weight: 400\">Tiesitk\u00f6, ett\u00e4 <\/span><b>Imatrankoski<\/b><span style=\"font-weight: 400\"> on Suomen ensimm\u00e4inen matkailukohde? Kosken hypnoottinen pauhu houkutteli aatelisia, taiteilijoita ja synkk\u00e4mielisi\u00e4 runoilijoita kotimaasta ja kaukomailta tuijoittelemaan py\u00f6rteisiins\u00e4 jo 1700-luvulla. Kosken rantakallioista voikin edelleen lukea Brasilian keisari Pedro II:n 1800-luvulla j\u00e4tt\u00e4m\u00e4n tervehdyksen.<\/span><\/p>\n<p><span style=\"font-weight: 400\">Imatrankoskea ymp\u00e4r\u00f6i Suomen vanhin luonnonsuojelualue, keisarillistakin ihailua saavuttanut <\/span><b>Kruununpuisto<\/b><span style=\"font-weight: 400\">. Bongaa j\u00e4ttihiidenkirnuja, kilometrin mittainen kaupunkipuro sek\u00e4 ainutlaatuinen kansallismaisema.<\/span>[\/vc_column_text][\/vc_column][\/vc_row]<\/p>\n","protected":false},"excerpt":{"rendered":"<p>[vc_row][vc_column width=&#8221;1\/2&#8243;][vc_single_image image=&#8221;415&#8243; img_size=&#8221;full&#8221; css=&#8221;.vc_custom_1619714705212{padding-top: 30px !important;}&#8221;][\/vc_column][vc_column width=&#8221;1\/2&#8243; css=&#8221;.vc_custom_1588155543088{padding-right: 50px !important;padding-left: 50px !important;}&#8221;][vc_column_text] Kuohuva kansallisihme Imatrankoski [\/vc_column_text][vc_column_text]Tiesitk\u00f6, ett\u00e4 Imatrankoski on Suomen ensimm\u00e4inen matkailukohde? Kosken hypnoottinen pauhu houkutteli aatelisia, taiteilijoita ja [&hellip;]<\/p>\n","protected":false},"author":62,"featured_media":0,"parent":29043,"menu_order":0,"comment_status":"closed","ping_status":"closed","template":"","meta":{"footnotes":""},"relatedcontent":[],"class_list":["post-20372","page","type-page","status-publish","hentry"],"yoast_head":"<!-- This site is optimized with the Yoast SEO Premium plugin v27.3 (Yoast SEO v27.2) - https:\/\/yoast.com\/product\/yoast-seo-premium-wordpress\/ -->\n<title>Kuohuva kansallisihme Imatrankoski - Visit Saimaa<\/title>\n<meta name=\"description\" content=\"Imatrankoski on paitsi kansallismaisema, my\u00f6s Suomen vanhin matkailun\u00e4ht\u00e4vyys!\" \/>\n<meta name=\"robots\" content=\"index, follow, max-snippet:-1, max-image-preview:large, max-video-preview:-1\" \/>\n<link rel=\"canonical\" href=\"https:\/\/www.visitsaimaa.fi\/fi\/nae-ja-koe\/kayntikohteet\/kuohuva-kansallisihme-imatrankoski\/\" \/>\n<meta property=\"og:locale\" content=\"fi_FI\" \/>\n<meta property=\"og:type\" content=\"article\" \/>\n<meta property=\"og:title\" content=\"Kuohuva kansallisihme Imatrankoski - Visit Saimaa\" \/>\n<meta property=\"og:description\" content=\"Imatrankoski on paitsi kansallismaisema, my\u00f6s Suomen vanhin matkailun\u00e4ht\u00e4vyys!\" \/>\n<meta property=\"og:url\" content=\"https:\/\/www.visitsaimaa.fi\/fi\/nae-ja-koe\/kayntikohteet\/kuohuva-kansallisihme-imatrankoski\/\" \/>\n<meta property=\"og:site_name\" content=\"Visit Saimaa\" \/>\n<meta property=\"article:modified_time\" content=\"2023-09-07T16:24:42+00:00\" \/>\n<meta name=\"twitter:label1\" content=\"Arvioitu lukuaika\" \/>\n\t<meta name=\"twitter:data1\" content=\"1 minuutti\" \/>\n<script type=\"application\/ld+json\" class=\"yoast-schema-graph\">{\"@context\":\"https:\/\/schema.org\",\"@graph\":[{\"@type\":\"WebPage\",\"@id\":\"https:\/\/www.visitsaimaa.fi\/fi\/nae-ja-koe\/kayntikohteet\/kuohuva-kansallisihme-imatrankoski\/\",\"url\":\"https:\/\/www.visitsaimaa.fi\/fi\/nae-ja-koe\/kayntikohteet\/kuohuva-kansallisihme-imatrankoski\/\",\"name\":\"Kuohuva kansallisihme Imatrankoski - Visit Saimaa\",\"isPartOf\":{\"@id\":\"https:\/\/www.visitsaimaa.fi\/fi\/#website\"},\"datePublished\":\"2021-04-29T16:46:05+00:00\",\"dateModified\":\"2023-09-07T16:24:42+00:00\",\"description\":\"Imatrankoski on paitsi kansallismaisema, my\u00f6s Suomen vanhin matkailun\u00e4ht\u00e4vyys!\",\"breadcrumb\":{\"@id\":\"https:\/\/www.visitsaimaa.fi\/fi\/nae-ja-koe\/kayntikohteet\/kuohuva-kansallisihme-imatrankoski\/#breadcrumb\"},\"inLanguage\":\"fi\",\"potentialAction\":[{\"@type\":\"ReadAction\",\"target\":[\"https:\/\/www.visitsaimaa.fi\/fi\/nae-ja-koe\/kayntikohteet\/kuohuva-kansallisihme-imatrankoski\/\"]}]},{\"@type\":\"BreadcrumbList\",\"@id\":\"https:\/\/www.visitsaimaa.fi\/fi\/nae-ja-koe\/kayntikohteet\/kuohuva-kansallisihme-imatrankoski\/#breadcrumb\",\"itemListElement\":[{\"@type\":\"ListItem\",\"position\":1,\"name\":\"Visit Saimaa\",\"item\":\"https:\/\/www.visitsaimaa.fi\/fi\/\"},{\"@type\":\"ListItem\",\"position\":2,\"name\":\"N\u00e4e ja koe\",\"item\":\"https:\/\/www.visitsaimaa.fi\/fi\/nae-ja-koe\/\"},{\"@type\":\"ListItem\",\"position\":3,\"name\":\"K\u00e4yntikohteet\",\"item\":\"https:\/\/www.visitsaimaa.fi\/fi\/nae-ja-koe\/kayntikohteet\/\"},{\"@type\":\"ListItem\",\"position\":4,\"name\":\"Kuohuva kansallisihme Imatrankoski\"}]},{\"@type\":\"WebSite\",\"@id\":\"https:\/\/www.visitsaimaa.fi\/fi\/#website\",\"url\":\"https:\/\/www.visitsaimaa.fi\/fi\/\",\"name\":\"Visit Saimaa\",\"description\":\"The Official Travel Guide of Lakeland Saimaa\",\"potentialAction\":[{\"@type\":\"SearchAction\",\"target\":{\"@type\":\"EntryPoint\",\"urlTemplate\":\"https:\/\/www.visitsaimaa.fi\/fi\/?s={search_term_string}\"},\"query-input\":{\"@type\":\"PropertyValueSpecification\",\"valueRequired\":true,\"valueName\":\"search_term_string\"}}],\"inLanguage\":\"fi\"}]}<\/script>\n<!-- \/ Yoast SEO Premium plugin. -->","yoast_head_json":{"title":"Kuohuva kansallisihme Imatrankoski - Visit Saimaa","description":"Imatrankoski on paitsi kansallismaisema, my\u00f6s Suomen vanhin matkailun\u00e4ht\u00e4vyys!","robots":{"index":"index","follow":"follow","max-snippet":"max-snippet:-1","max-image-preview":"max-image-preview:large","max-video-preview":"max-video-preview:-1"},"canonical":"https:\/\/www.visitsaimaa.fi\/fi\/nae-ja-koe\/kayntikohteet\/kuohuva-kansallisihme-imatrankoski\/","og_locale":"fi_FI","og_type":"article","og_title":"Kuohuva kansallisihme Imatrankoski - Visit Saimaa","og_description":"Imatrankoski on paitsi kansallismaisema, my\u00f6s Suomen vanhin matkailun\u00e4ht\u00e4vyys!","og_url":"https:\/\/www.visitsaimaa.fi\/fi\/nae-ja-koe\/kayntikohteet\/kuohuva-kansallisihme-imatrankoski\/","og_site_name":"Visit Saimaa","article_modified_time":"2023-09-07T16:24:42+00:00","twitter_misc":{"Arvioitu lukuaika":"1 minuutti"},"schema":{"@context":"https:\/\/schema.org","@graph":[{"@type":"WebPage","@id":"https:\/\/www.visitsaimaa.fi\/fi\/nae-ja-koe\/kayntikohteet\/kuohuva-kansallisihme-imatrankoski\/","url":"https:\/\/www.visitsaimaa.fi\/fi\/nae-ja-koe\/kayntikohteet\/kuohuva-kansallisihme-imatrankoski\/","name":"Kuohuva kansallisihme Imatrankoski - Visit Saimaa","isPartOf":{"@id":"https:\/\/www.visitsaimaa.fi\/fi\/#website"},"datePublished":"2021-04-29T16:46:05+00:00","dateModified":"2023-09-07T16:24:42+00:00","description":"Imatrankoski on paitsi kansallismaisema, my\u00f6s Suomen vanhin matkailun\u00e4ht\u00e4vyys!","breadcrumb":{"@id":"https:\/\/www.visitsaimaa.fi\/fi\/nae-ja-koe\/kayntikohteet\/kuohuva-kansallisihme-imatrankoski\/#breadcrumb"},"inLanguage":"fi","potentialAction":[{"@type":"ReadAction","target":["https:\/\/www.visitsaimaa.fi\/fi\/nae-ja-koe\/kayntikohteet\/kuohuva-kansallisihme-imatrankoski\/"]}]},{"@type":"BreadcrumbList","@id":"https:\/\/www.visitsaimaa.fi\/fi\/nae-ja-koe\/kayntikohteet\/kuohuva-kansallisihme-imatrankoski\/#breadcrumb","itemListElement":[{"@type":"ListItem","position":1,"name":"Visit Saimaa","item":"https:\/\/www.visitsaimaa.fi\/fi\/"},{"@type":"ListItem","position":2,"name":"N\u00e4e ja koe","item":"https:\/\/www.visitsaimaa.fi\/fi\/nae-ja-koe\/"},{"@type":"ListItem","position":3,"name":"K\u00e4yntikohteet","item":"https:\/\/www.visitsaimaa.fi\/fi\/nae-ja-koe\/kayntikohteet\/"},{"@type":"ListItem","position":4,"name":"Kuohuva kansallisihme Imatrankoski"}]},{"@type":"WebSite","@id":"https:\/\/www.visitsaimaa.fi\/fi\/#website","url":"https:\/\/www.visitsaimaa.fi\/fi\/","name":"Visit Saimaa","description":"The Official Travel Guide of Lakeland Saimaa","potentialAction":[{"@type":"SearchAction","target":{"@type":"EntryPoint","urlTemplate":"https:\/\/www.visitsaimaa.fi\/fi\/?s={search_term_string}"},"query-input":{"@type":"PropertyValueSpecification","valueRequired":true,"valueName":"search_term_string"}}],"inLanguage":"fi"}]}},"_links":{"self":[{"href":"https:\/\/www.visitsaimaa.fi\/fi\/wp-json\/wp\/v2\/pages\/20372","targetHints":{"allow":["GET"]}}],"collection":[{"href":"https:\/\/www.visitsaimaa.fi\/fi\/wp-json\/wp\/v2\/pages"}],"about":[{"href":"https:\/\/www.visitsaimaa.fi\/fi\/wp-json\/wp\/v2\/types\/page"}],"author":[{"embeddable":true,"href":"https:\/\/www.visitsaimaa.fi\/fi\/wp-json\/wp\/v2\/users\/62"}],"replies":[{"embeddable":true,"href":"https:\/\/www.visitsaimaa.fi\/fi\/wp-json\/wp\/v2\/comments?post=20372"}],"version-history":[{"count":4,"href":"https:\/\/www.visitsaimaa.fi\/fi\/wp-json\/wp\/v2\/pages\/20372\/revisions"}],"predecessor-version":[{"id":29042,"href":"https:\/\/www.visitsaimaa.fi\/fi\/wp-json\/wp\/v2\/pages\/20372\/revisions\/29042"}],"up":[{"embeddable":true,"href":"https:\/\/www.visitsaimaa.fi\/fi\/wp-json\/wp\/v2\/pages\/29043"}],"wp:attachment":[{"href":"https:\/\/www.visitsaimaa.fi\/fi\/wp-json\/wp\/v2\/media?parent=20372"}],"wp:term":[{"taxonomy":"relatedcontent","embeddable":true,"href":"https:\/\/www.visitsaimaa.fi\/fi\/wp-json\/wp\/v2\/relatedcontent?post=20372"}],"curies":[{"name":"wp","href":"https:\/\/api.w.org\/{rel}","templated":true}]}}