{"id":20349,"date":"2021-04-29T16:38:32","date_gmt":"2021-04-29T13:38:32","guid":{"rendered":"https:\/\/www.visitsaimaa.fi\/?page_id=20349"},"modified":"2024-06-18T13:40:32","modified_gmt":"2024-06-18T10:40:32","slug":"tiedekeskus-muisti","status":"publish","type":"page","link":"https:\/\/www.visitsaimaa.fi\/fi\/nae-ja-koe\/kulttuuria\/tiedekeskus-muisti\/","title":{"rendered":"Tiedekeskus Muisti kertoo ihmisist\u00e4 sodassa"},"content":{"rendered":"<p>[vc_row][vc_column width=&#8221;1\/2&#8243; css=&#8221;.vc_custom_1619785287312{padding-top: 30px !important;padding-right: 50px !important;padding-left: 50px !important;}&#8221;][vc_single_image image=&#8221;20491&#8243; img_size=&#8221;full&#8221;][\/vc_column][vc_column width=&#8221;1\/2&#8243;][vc_column_text]<\/p>\n<h2>Tiedekeskus Muisti tuo ihmisten kokemukset sodasta l\u00e4helle<\/h2>\n<p>[\/vc_column_text][vc_column_text css=&#8221;&#8221;]Sodan ja rauhan keskus Muisti Mikkeliss\u00e4 on tiedekeskus, joka kertoo sodan vaikutuksista ihmisiin ja yhteiskuntaan. Muistin n\u00e4yttelyiss\u00e4 p\u00e4\u00e4set viimeisint\u00e4 teknologiaa hy\u00f6dynt\u00e4en el\u00e4ytym\u00e4\u00e4n, kokeilemaan ja vaikuttamaan n\u00e4yttelykokemukseesi. Valitsetko sotamiehen vai pasifistin tarinan? Mit\u00e4 Kaukoid\u00e4n sotarintamalla tapahtui? Virtuaalitodellisuudessa talvisodan Kannaksella \u2013 milt\u00e4 etulinjassa tuntuu?\u00a0 Miten sotaa johdettiin? K\u00e4ytt\u00e4isitk\u00f6 propagandaa? Mit\u00e4 naiset ja lapset tekiv\u00e4t sodassa? Milloin sota oikeasti p\u00e4\u00e4ttyy? Ent\u00e4 jos se olisit ollut sin\u00e4?<\/p>\n<p>Muisti ja P\u00e4\u00e4majamuseo muodostavat kokonaisuuden, jossa on 1100 m2 n\u00e4yttelytilaa, kahvila ja kauppa. Muisti on niille, joita sodan historia kiinnostaa, ja erityisesti niille, joita se ei kiinnosta.<\/p>\n<h3>Mannerheimin p\u00e4\u00e4maja on luonteva paikka Muistille<\/h3>\n<p>Mannerheimin p\u00e4\u00e4maja Mikkeliss\u00e4 on luonteva paikka Sodan ja rauhan keskus Muistille. Digitaalinen teknologia vie meid\u00e4t el\u00e4v\u00e4sti suomalaisten kokemuksiin toisen maailmansodan aikana. N\u00e4yttely auttaa meit\u00e4 ymm\u00e4rt\u00e4m\u00e4\u00e4n ihmisten kohtaloita ja pohtimaan, miten itse olisimme vastaavissa tilanteissa toimineet.<\/p>\n<p>Muisti auttaa meit\u00e4 muistamaan, miten sodat syttyv\u00e4t, milt\u00e4 sota tuntuu ihmisess\u00e4, miten sodat lopetetaan, ja miten yll\u00e4pidet\u00e4\u00e4n rauhaa.<\/p>\n<p>Tervetuloa <a href=\"https:\/\/www.muisti.org\/\" target=\"_blank\" rel=\"noopener\">Sodan ja rauhan keskus Muistiin<\/a>! Varmista sujuva n\u00e4yttelyvierailu ja <a href=\"https:\/\/kauppa.muisti.org\/tuote\/liput_ja_opastukset\/paasylippu\/\" target=\"_blank\" rel=\"noopener\">osta p\u00e4\u00e4syliput ennakkoon<\/a>.<\/p>\n<h3>Majoitus- ja ravintolavinkit Mikkeliss\u00e4<\/h3>\n<p>Mikkeliss\u00e4 y\u00f6vyt ja herkuttelet tunnelmallisessa kartanomilj\u00f6\u00f6ss\u00e4 <a href=\"https:\/\/www.visitsaimaa.fi\/fi\/reitit\/saimaan-charmantit\/tertin-kartano\/\">Tertin kartanossa<\/a>. <a href=\"https:\/\/www.visitsaimaa.fi\/fi\/reitit\/saimaan-charmantit\/kyyhkylan-kartano-ja-hotelli\/\">Kyyhkyl\u00e4n Kartano<\/a> Saimaan rannalla tarjoaa majoitusta historiallisessa kartanohotellissa. <a href=\"http:\/\/landhauskekkola.fi\">Landhaus Kekkola<\/a> on persoonallinen kartano Mikkeliss\u00e4, jossa herkuttelet ja y\u00f6vyt saman katon alla.[\/vc_column_text][\/vc_column][\/vc_row][vc_column][\/vc_column]<\/p>\n","protected":false},"excerpt":{"rendered":"<p>[vc_row][vc_column width=&#8221;1\/2&#8243; css=&#8221;.vc_custom_1619785287312{padding-top: 30px !important;padding-right: 50px !important;padding-left: 50px !important;}&#8221;][vc_single_image image=&#8221;20491&#8243; img_size=&#8221;full&#8221;][\/vc_column][vc_column width=&#8221;1\/2&#8243;][vc_column_text] Tiedekeskus Muisti tuo ihmisten kokemukset sodasta l\u00e4helle [\/vc_column_text][vc_column_text css=&#8221;&#8221;]Sodan ja rauhan keskus Muisti Mikkeliss\u00e4 on tiedekeskus, joka kertoo [&hellip;]<\/p>\n","protected":false},"author":62,"featured_media":0,"parent":6996,"menu_order":0,"comment_status":"closed","ping_status":"closed","template":"","meta":{"footnotes":""},"relatedcontent":[],"class_list":["post-20349","page","type-page","status-publish","hentry"],"yoast_head":"<!-- This site is optimized with the Yoast SEO Premium plugin v27.3 (Yoast SEO v27.3) - https:\/\/yoast.com\/product\/yoast-seo-premium-wordpress\/ -->\n<title>Tiedekeskus Muisti kertoo ihmisist\u00e4 sodassa - Visit Saimaa<\/title>\n<meta name=\"description\" content=\"Mikkeliss\u00e4 sijaitseva Muisti on tiedekeskus, joka kertoo sodasta vuorovaikutteisten n\u00e4yttelyiden avulla.\" \/>\n<meta name=\"robots\" content=\"index, follow, max-snippet:-1, max-image-preview:large, max-video-preview:-1\" \/>\n<link rel=\"canonical\" href=\"https:\/\/www.visitsaimaa.fi\/fi\/nae-ja-koe\/kulttuuria\/tiedekeskus-muisti\/\" \/>\n<meta property=\"og:locale\" content=\"fi_FI\" \/>\n<meta property=\"og:type\" content=\"article\" \/>\n<meta property=\"og:title\" content=\"Tiedekeskus Muisti kertoo ihmisist\u00e4 sodassa\" \/>\n<meta property=\"og:description\" content=\"Mikkeliss\u00e4 sijaitseva Muisti on tiedekeskus, joka kertoo sodasta vuorovaikutteisten n\u00e4yttelyiden avulla.\" \/>\n<meta property=\"og:url\" content=\"https:\/\/www.visitsaimaa.fi\/fi\/nae-ja-koe\/kulttuuria\/tiedekeskus-muisti\/\" \/>\n<meta property=\"og:site_name\" content=\"Visit Saimaa\" \/>\n<meta property=\"article:modified_time\" content=\"2024-06-18T10:40:32+00:00\" \/>\n<meta name=\"twitter:label1\" content=\"Arvioitu lukuaika\" \/>\n\t<meta name=\"twitter:data1\" content=\"2 minuuttia\" \/>\n<script type=\"application\/ld+json\" class=\"yoast-schema-graph\">{\"@context\":\"https:\\\/\\\/schema.org\",\"@graph\":[{\"@type\":\"WebPage\",\"@id\":\"https:\\\/\\\/www.visitsaimaa.fi\\\/fi\\\/nae-ja-koe\\\/kulttuuria\\\/tiedekeskus-muisti\\\/\",\"url\":\"https:\\\/\\\/www.visitsaimaa.fi\\\/fi\\\/nae-ja-koe\\\/kulttuuria\\\/tiedekeskus-muisti\\\/\",\"name\":\"Tiedekeskus Muisti kertoo ihmisist\u00e4 sodassa - Visit Saimaa\",\"isPartOf\":{\"@id\":\"https:\\\/\\\/www.visitsaimaa.fi\\\/fi\\\/#website\"},\"datePublished\":\"2021-04-29T13:38:32+00:00\",\"dateModified\":\"2024-06-18T10:40:32+00:00\",\"description\":\"Mikkeliss\u00e4 sijaitseva Muisti on tiedekeskus, joka kertoo sodasta vuorovaikutteisten n\u00e4yttelyiden avulla.\",\"breadcrumb\":{\"@id\":\"https:\\\/\\\/www.visitsaimaa.fi\\\/fi\\\/nae-ja-koe\\\/kulttuuria\\\/tiedekeskus-muisti\\\/#breadcrumb\"},\"inLanguage\":\"fi\",\"potentialAction\":[{\"@type\":\"ReadAction\",\"target\":[\"https:\\\/\\\/www.visitsaimaa.fi\\\/fi\\\/nae-ja-koe\\\/kulttuuria\\\/tiedekeskus-muisti\\\/\"]}]},{\"@type\":\"BreadcrumbList\",\"@id\":\"https:\\\/\\\/www.visitsaimaa.fi\\\/fi\\\/nae-ja-koe\\\/kulttuuria\\\/tiedekeskus-muisti\\\/#breadcrumb\",\"itemListElement\":[{\"@type\":\"ListItem\",\"position\":1,\"name\":\"Visit Saimaa\",\"item\":\"https:\\\/\\\/www.visitsaimaa.fi\\\/fi\\\/\"},{\"@type\":\"ListItem\",\"position\":2,\"name\":\"N\u00e4e ja koe\",\"item\":\"https:\\\/\\\/www.visitsaimaa.fi\\\/fi\\\/nae-ja-koe\\\/\"},{\"@type\":\"ListItem\",\"position\":3,\"name\":\"Kulttuuria\",\"item\":\"https:\\\/\\\/www.visitsaimaa.fi\\\/fi\\\/nae-ja-koe\\\/kulttuuria\\\/\"},{\"@type\":\"ListItem\",\"position\":4,\"name\":\"Tiedekeskus Muisti kertoo ihmisist\u00e4 sodassa\"}]},{\"@type\":\"WebSite\",\"@id\":\"https:\\\/\\\/www.visitsaimaa.fi\\\/fi\\\/#website\",\"url\":\"https:\\\/\\\/www.visitsaimaa.fi\\\/fi\\\/\",\"name\":\"Visit Saimaa\",\"description\":\"The Official Travel Guide of Lakeland Saimaa\",\"potentialAction\":[{\"@type\":\"SearchAction\",\"target\":{\"@type\":\"EntryPoint\",\"urlTemplate\":\"https:\\\/\\\/www.visitsaimaa.fi\\\/fi\\\/?s={search_term_string}\"},\"query-input\":{\"@type\":\"PropertyValueSpecification\",\"valueRequired\":true,\"valueName\":\"search_term_string\"}}],\"inLanguage\":\"fi\"}]}<\/script>\n<!-- \/ Yoast SEO Premium plugin. -->","yoast_head_json":{"title":"Tiedekeskus Muisti kertoo ihmisist\u00e4 sodassa - Visit Saimaa","description":"Mikkeliss\u00e4 sijaitseva Muisti on tiedekeskus, joka kertoo sodasta vuorovaikutteisten n\u00e4yttelyiden avulla.","robots":{"index":"index","follow":"follow","max-snippet":"max-snippet:-1","max-image-preview":"max-image-preview:large","max-video-preview":"max-video-preview:-1"},"canonical":"https:\/\/www.visitsaimaa.fi\/fi\/nae-ja-koe\/kulttuuria\/tiedekeskus-muisti\/","og_locale":"fi_FI","og_type":"article","og_title":"Tiedekeskus Muisti kertoo ihmisist\u00e4 sodassa","og_description":"Mikkeliss\u00e4 sijaitseva Muisti on tiedekeskus, joka kertoo sodasta vuorovaikutteisten n\u00e4yttelyiden avulla.","og_url":"https:\/\/www.visitsaimaa.fi\/fi\/nae-ja-koe\/kulttuuria\/tiedekeskus-muisti\/","og_site_name":"Visit Saimaa","article_modified_time":"2024-06-18T10:40:32+00:00","twitter_misc":{"Arvioitu lukuaika":"2 minuuttia"},"schema":{"@context":"https:\/\/schema.org","@graph":[{"@type":"WebPage","@id":"https:\/\/www.visitsaimaa.fi\/fi\/nae-ja-koe\/kulttuuria\/tiedekeskus-muisti\/","url":"https:\/\/www.visitsaimaa.fi\/fi\/nae-ja-koe\/kulttuuria\/tiedekeskus-muisti\/","name":"Tiedekeskus Muisti kertoo ihmisist\u00e4 sodassa - Visit Saimaa","isPartOf":{"@id":"https:\/\/www.visitsaimaa.fi\/fi\/#website"},"datePublished":"2021-04-29T13:38:32+00:00","dateModified":"2024-06-18T10:40:32+00:00","description":"Mikkeliss\u00e4 sijaitseva Muisti on tiedekeskus, joka kertoo sodasta vuorovaikutteisten n\u00e4yttelyiden avulla.","breadcrumb":{"@id":"https:\/\/www.visitsaimaa.fi\/fi\/nae-ja-koe\/kulttuuria\/tiedekeskus-muisti\/#breadcrumb"},"inLanguage":"fi","potentialAction":[{"@type":"ReadAction","target":["https:\/\/www.visitsaimaa.fi\/fi\/nae-ja-koe\/kulttuuria\/tiedekeskus-muisti\/"]}]},{"@type":"BreadcrumbList","@id":"https:\/\/www.visitsaimaa.fi\/fi\/nae-ja-koe\/kulttuuria\/tiedekeskus-muisti\/#breadcrumb","itemListElement":[{"@type":"ListItem","position":1,"name":"Visit Saimaa","item":"https:\/\/www.visitsaimaa.fi\/fi\/"},{"@type":"ListItem","position":2,"name":"N\u00e4e ja koe","item":"https:\/\/www.visitsaimaa.fi\/fi\/nae-ja-koe\/"},{"@type":"ListItem","position":3,"name":"Kulttuuria","item":"https:\/\/www.visitsaimaa.fi\/fi\/nae-ja-koe\/kulttuuria\/"},{"@type":"ListItem","position":4,"name":"Tiedekeskus Muisti kertoo ihmisist\u00e4 sodassa"}]},{"@type":"WebSite","@id":"https:\/\/www.visitsaimaa.fi\/fi\/#website","url":"https:\/\/www.visitsaimaa.fi\/fi\/","name":"Visit Saimaa","description":"The Official Travel Guide of Lakeland Saimaa","potentialAction":[{"@type":"SearchAction","target":{"@type":"EntryPoint","urlTemplate":"https:\/\/www.visitsaimaa.fi\/fi\/?s={search_term_string}"},"query-input":{"@type":"PropertyValueSpecification","valueRequired":true,"valueName":"search_term_string"}}],"inLanguage":"fi"}]}},"_links":{"self":[{"href":"https:\/\/www.visitsaimaa.fi\/fi\/wp-json\/wp\/v2\/pages\/20349","targetHints":{"allow":["GET"]}}],"collection":[{"href":"https:\/\/www.visitsaimaa.fi\/fi\/wp-json\/wp\/v2\/pages"}],"about":[{"href":"https:\/\/www.visitsaimaa.fi\/fi\/wp-json\/wp\/v2\/types\/page"}],"author":[{"embeddable":true,"href":"https:\/\/www.visitsaimaa.fi\/fi\/wp-json\/wp\/v2\/users\/62"}],"replies":[{"embeddable":true,"href":"https:\/\/www.visitsaimaa.fi\/fi\/wp-json\/wp\/v2\/comments?post=20349"}],"version-history":[{"count":25,"href":"https:\/\/www.visitsaimaa.fi\/fi\/wp-json\/wp\/v2\/pages\/20349\/revisions"}],"predecessor-version":[{"id":30634,"href":"https:\/\/www.visitsaimaa.fi\/fi\/wp-json\/wp\/v2\/pages\/20349\/revisions\/30634"}],"up":[{"embeddable":true,"href":"https:\/\/www.visitsaimaa.fi\/fi\/wp-json\/wp\/v2\/pages\/6996"}],"wp:attachment":[{"href":"https:\/\/www.visitsaimaa.fi\/fi\/wp-json\/wp\/v2\/media?parent=20349"}],"wp:term":[{"taxonomy":"relatedcontent","embeddable":true,"href":"https:\/\/www.visitsaimaa.fi\/fi\/wp-json\/wp\/v2\/relatedcontent?post=20349"}],"curies":[{"name":"wp","href":"https:\/\/api.w.org\/{rel}","templated":true}]}}