{"id":20337,"date":"2021-04-29T16:17:08","date_gmt":"2021-04-29T13:17:08","guid":{"rendered":"https:\/\/www.visitsaimaa.fi\/?page_id=20337"},"modified":"2023-09-07T20:03:53","modified_gmt":"2023-09-07T17:03:53","slug":"taipaleen-kanava","status":"publish","type":"page","link":"https:\/\/www.visitsaimaa.fi\/fi\/nae-ja-koe\/kayntikohteet\/taipaleen-kanava\/","title":{"rendered":"Taipaleen kanava"},"content":{"rendered":"<p>[vc_row][vc_column width=&#8221;1\/2&#8243;][vc_single_image image=&#8221;17792&#8243; img_size=&#8221;full&#8221; css=&#8221;.vc_custom_1619701957666{padding-top: 30px !important;}&#8221;][\/vc_column][vc_column width=&#8221;1\/2&#8243;][vc_column_text]<\/p>\n<h2>Taipaleen kanava-alue kutsuu viihtym\u00e4\u00e4n<\/h2>\n<p>[\/vc_column_text][vc_column_text]Taipaleen kanava-alue on historiallinen ja vieh\u00e4tt\u00e4v\u00e4 paikka Varkauden keskustassa. Kanavan historiaan voit tutustua museon perusn\u00e4yttely &#8221;Via Canaliassa&#8221;, jossa yli sata vuotta vanha pienoismalli, elokuvat menneelt\u00e4 vuosisadalta sek\u00e4 virtuaalinen sulutus avaavat kanavan toimintaa ja menneisyytt\u00e4.<\/p>\n<p>Kanava on osa Saimaan syv\u00e4v\u00e4yl\u00e4\u00e4, joten aika vier\u00e4ht\u00e4\u00e4 my\u00f6s seuratessa veneiden ja laivojen kulkua sulun l\u00e4pi. Vanha kanava on 180 vuoden takaa, ja se on varsin massiivinen ilmestys kivest\u00e4 rakennettuine sein\u00e4mineen. Vanha kanava olikin Suomen ensimm\u00e4inen sulkuportilla varustettu kanava.<\/p>\n<p>Museopuoti Luotsi ja kahvila on auki kes\u00e4ll\u00e4 vierailijoille.<\/p>\n<p>Lue lis\u00e4\u00e4 <a href=\"https:\/\/www.visitvarkaus.fi\/ajanviete\/vesisto-ja-luontokohteet\/taipaleen-kanava-alue\/\" target=\"_blank\" rel=\"noopener\">Taipaleen kanava-alueesta<\/a>.<\/p>\n<h3>Majoitus- ja ravintolavinkit Varkaudessa<\/h3>\n<p>Tasokasta majoitusta Varkaudessa tarjoaa <a href=\"https:\/\/www.visitsaimaa.fi\/fi\/shops\/hotel-oscar\/\">Hotel Oscar<\/a>. Hyv\u00e4 paikka herkutteluun on Hertunrannan rantatorilla sijaitseva <a href=\"https:\/\/www.visitsaimaa.fi\/fi\/shops\/konttiravintola-morton\/\">Ravintola Morton<\/a>, joka on kuulu mehevist\u00e4 hampurilaisistaan.[\/vc_column_text][\/vc_column][\/vc_row][vc_row][vc_column][vc_column_text]<\/p>\n<h2 style=\"text-align: center\">L\u00e4hde luontoon Taipaleelle<\/h2>\n<p style=\"text-align: center\">Kun kerran Taipaleelle l\u00e4hdet, tutustu my\u00f6s luontoreittiin tai seilaa Taipaleelle Saimaata pitkin.<\/p>\n<p>[\/vc_column_text][\/vc_column][\/vc_row][vc_row full_width=&#8221;stretch_row_content_no_spaces&#8221;][vc_column width=&#8221;1\/2&#8243; css=&#8221;.vc_custom_1619771940366{padding-top: 100px !important;padding-bottom: 100px !important;background-image: url(https:\/\/www.visitsaimaa.fi\/wp-content\/uploads\/2020\/05\/Travelers-BuddyDJI_0208-2.png?id=16012) !important;background-position: center !important;background-repeat: no-repeat !important;background-size: cover !important;}&#8221;][vc_column_text]<\/p>\n<h2 style=\"text-align: center\"><span style=\"color: #ffffff\">K\u00e4m\u00e4rin saari ja \u00c4mm\u00e4nkoski<br \/>\n<\/span><\/h2>\n<p>[\/vc_column_text][vc_btn title=&#8221;LUE LIS\u00c4\u00c4&#8221; style=&#8221;flat&#8221; shape=&#8221;round&#8221; color=&#8221;blue&#8221; align=&#8221;center&#8221; i_icon_fontawesome=&#8221;fas fa-arrow-right&#8221; css_animation=&#8221;fadeInDown&#8221; add_icon=&#8221;true&#8221; link=&#8221;url:https%3A%2F%2Fwww.visitsaimaa.fi%2Ffi%2Fkamarin-saari-ja-ammankoski%2F|title:K%C3%A4rkiteemat&#8221;][\/vc_column][vc_column width=&#8221;1\/2&#8243; css=&#8221;.vc_custom_1619772374381{padding-top: 100px !important;padding-bottom: 100px !important;background-image: url(https:\/\/www.visitsaimaa.fi\/wp-content\/uploads\/2015\/03\/DJI_0312-2.jpg?id=7030) !important;background-position: center !important;background-repeat: no-repeat !important;background-size: cover !important;}&#8221;][vc_column_text]<\/p>\n<h2 style=\"text-align: center\"><span style=\"color: #ffffff\">Seilaajan Saimaa<br \/>\n<\/span><\/h2>\n<p>[\/vc_column_text][vc_btn title=&#8221;LUE LIS\u00c4\u00c4&#8221; style=&#8221;flat&#8221; shape=&#8221;round&#8221; color=&#8221;blue&#8221; align=&#8221;center&#8221; i_icon_fontawesome=&#8221;fas fa-arrow-right&#8221; css_animation=&#8221;fadeInDown&#8221; add_icon=&#8221;true&#8221; link=&#8221;url:https%3A%2F%2Fwww.visitsaimaa.fi%2Ffi%2Fseilaajan-saimaa%2F|title:K%C3%A4rkiteemat|target:_blank&#8221;][\/vc_column][\/vc_row]<\/p>\n","protected":false},"excerpt":{"rendered":"<p>[vc_row][vc_column width=&#8221;1\/2&#8243;][vc_single_image image=&#8221;17792&#8243; img_size=&#8221;full&#8221; css=&#8221;.vc_custom_1619701957666{padding-top: 30px !important;}&#8221;][\/vc_column][vc_column width=&#8221;1\/2&#8243;][vc_column_text] Taipaleen kanava-alue kutsuu viihtym\u00e4\u00e4n [\/vc_column_text][vc_column_text]Taipaleen kanava-alue on historiallinen ja vieh\u00e4tt\u00e4v\u00e4 paikka Varkauden keskustassa. Kanavan historiaan voit tutustua museon perusn\u00e4yttely &#8221;Via Canaliassa&#8221;, jossa [&hellip;]<\/p>\n","protected":false},"author":62,"featured_media":0,"parent":29043,"menu_order":0,"comment_status":"closed","ping_status":"closed","template":"","meta":{"footnotes":""},"relatedcontent":[],"class_list":["post-20337","page","type-page","status-publish","hentry"],"yoast_head":"<!-- This site is optimized with the Yoast SEO Premium plugin v27.3 (Yoast SEO v27.4) - https:\/\/yoast.com\/product\/yoast-seo-premium-wordpress\/ -->\n<title>Taipaleen kanava - Visit Saimaa<\/title>\n<meta name=\"description\" content=\"Taipaleen kanava-alueella tutustut kanavan historiaan kanavamuseossa, viihdyt kes\u00e4kahvilassa sek\u00e4 seuraat kanavasulun toimintaa.\" \/>\n<meta name=\"robots\" content=\"index, follow, max-snippet:-1, max-image-preview:large, max-video-preview:-1\" \/>\n<link rel=\"canonical\" href=\"https:\/\/www.visitsaimaa.fi\/fi\/nae-ja-koe\/kayntikohteet\/taipaleen-kanava\/\" \/>\n<meta property=\"og:locale\" content=\"fi_FI\" \/>\n<meta property=\"og:type\" content=\"article\" \/>\n<meta property=\"og:title\" content=\"Taipaleen kanava\" \/>\n<meta property=\"og:description\" content=\"Taipaleen kanava-alueella tutustut kanavan historiaan kanavamuseossa, viihdyt kes\u00e4kahvilassa sek\u00e4 seuraat kanavasulun toimintaa.\" \/>\n<meta property=\"og:url\" content=\"https:\/\/www.visitsaimaa.fi\/fi\/nae-ja-koe\/kayntikohteet\/taipaleen-kanava\/\" \/>\n<meta property=\"og:site_name\" content=\"Visit Saimaa\" \/>\n<meta property=\"article:modified_time\" content=\"2023-09-07T17:03:53+00:00\" \/>\n<meta name=\"twitter:label1\" content=\"Arvioitu lukuaika\" \/>\n\t<meta name=\"twitter:data1\" content=\"1 minuutti\" \/>\n<script type=\"application\/ld+json\" class=\"yoast-schema-graph\">{\"@context\":\"https:\\\/\\\/schema.org\",\"@graph\":[{\"@type\":\"WebPage\",\"@id\":\"https:\\\/\\\/www.visitsaimaa.fi\\\/fi\\\/nae-ja-koe\\\/kayntikohteet\\\/taipaleen-kanava\\\/\",\"url\":\"https:\\\/\\\/www.visitsaimaa.fi\\\/fi\\\/nae-ja-koe\\\/kayntikohteet\\\/taipaleen-kanava\\\/\",\"name\":\"Taipaleen kanava - Visit Saimaa\",\"isPartOf\":{\"@id\":\"https:\\\/\\\/www.visitsaimaa.fi\\\/fi\\\/#website\"},\"datePublished\":\"2021-04-29T13:17:08+00:00\",\"dateModified\":\"2023-09-07T17:03:53+00:00\",\"description\":\"Taipaleen kanava-alueella tutustut kanavan historiaan kanavamuseossa, viihdyt kes\u00e4kahvilassa sek\u00e4 seuraat kanavasulun toimintaa.\",\"breadcrumb\":{\"@id\":\"https:\\\/\\\/www.visitsaimaa.fi\\\/fi\\\/nae-ja-koe\\\/kayntikohteet\\\/taipaleen-kanava\\\/#breadcrumb\"},\"inLanguage\":\"fi\",\"potentialAction\":[{\"@type\":\"ReadAction\",\"target\":[\"https:\\\/\\\/www.visitsaimaa.fi\\\/fi\\\/nae-ja-koe\\\/kayntikohteet\\\/taipaleen-kanava\\\/\"]}]},{\"@type\":\"BreadcrumbList\",\"@id\":\"https:\\\/\\\/www.visitsaimaa.fi\\\/fi\\\/nae-ja-koe\\\/kayntikohteet\\\/taipaleen-kanava\\\/#breadcrumb\",\"itemListElement\":[{\"@type\":\"ListItem\",\"position\":1,\"name\":\"Visit Saimaa\",\"item\":\"https:\\\/\\\/www.visitsaimaa.fi\\\/fi\\\/\"},{\"@type\":\"ListItem\",\"position\":2,\"name\":\"N\u00e4e ja koe\",\"item\":\"https:\\\/\\\/www.visitsaimaa.fi\\\/fi\\\/nae-ja-koe\\\/\"},{\"@type\":\"ListItem\",\"position\":3,\"name\":\"K\u00e4yntikohteet\",\"item\":\"https:\\\/\\\/www.visitsaimaa.fi\\\/fi\\\/nae-ja-koe\\\/kayntikohteet\\\/\"},{\"@type\":\"ListItem\",\"position\":4,\"name\":\"Taipaleen kanava\"}]},{\"@type\":\"WebSite\",\"@id\":\"https:\\\/\\\/www.visitsaimaa.fi\\\/fi\\\/#website\",\"url\":\"https:\\\/\\\/www.visitsaimaa.fi\\\/fi\\\/\",\"name\":\"Visit Saimaa\",\"description\":\"The Official Travel Guide of Lakeland Saimaa\",\"potentialAction\":[{\"@type\":\"SearchAction\",\"target\":{\"@type\":\"EntryPoint\",\"urlTemplate\":\"https:\\\/\\\/www.visitsaimaa.fi\\\/fi\\\/?s={search_term_string}\"},\"query-input\":{\"@type\":\"PropertyValueSpecification\",\"valueRequired\":true,\"valueName\":\"search_term_string\"}}],\"inLanguage\":\"fi\"}]}<\/script>\n<!-- \/ Yoast SEO Premium plugin. -->","yoast_head_json":{"title":"Taipaleen kanava - Visit Saimaa","description":"Taipaleen kanava-alueella tutustut kanavan historiaan kanavamuseossa, viihdyt kes\u00e4kahvilassa sek\u00e4 seuraat kanavasulun toimintaa.","robots":{"index":"index","follow":"follow","max-snippet":"max-snippet:-1","max-image-preview":"max-image-preview:large","max-video-preview":"max-video-preview:-1"},"canonical":"https:\/\/www.visitsaimaa.fi\/fi\/nae-ja-koe\/kayntikohteet\/taipaleen-kanava\/","og_locale":"fi_FI","og_type":"article","og_title":"Taipaleen kanava","og_description":"Taipaleen kanava-alueella tutustut kanavan historiaan kanavamuseossa, viihdyt kes\u00e4kahvilassa sek\u00e4 seuraat kanavasulun toimintaa.","og_url":"https:\/\/www.visitsaimaa.fi\/fi\/nae-ja-koe\/kayntikohteet\/taipaleen-kanava\/","og_site_name":"Visit Saimaa","article_modified_time":"2023-09-07T17:03:53+00:00","twitter_misc":{"Arvioitu lukuaika":"1 minuutti"},"schema":{"@context":"https:\/\/schema.org","@graph":[{"@type":"WebPage","@id":"https:\/\/www.visitsaimaa.fi\/fi\/nae-ja-koe\/kayntikohteet\/taipaleen-kanava\/","url":"https:\/\/www.visitsaimaa.fi\/fi\/nae-ja-koe\/kayntikohteet\/taipaleen-kanava\/","name":"Taipaleen kanava - Visit Saimaa","isPartOf":{"@id":"https:\/\/www.visitsaimaa.fi\/fi\/#website"},"datePublished":"2021-04-29T13:17:08+00:00","dateModified":"2023-09-07T17:03:53+00:00","description":"Taipaleen kanava-alueella tutustut kanavan historiaan kanavamuseossa, viihdyt kes\u00e4kahvilassa sek\u00e4 seuraat kanavasulun toimintaa.","breadcrumb":{"@id":"https:\/\/www.visitsaimaa.fi\/fi\/nae-ja-koe\/kayntikohteet\/taipaleen-kanava\/#breadcrumb"},"inLanguage":"fi","potentialAction":[{"@type":"ReadAction","target":["https:\/\/www.visitsaimaa.fi\/fi\/nae-ja-koe\/kayntikohteet\/taipaleen-kanava\/"]}]},{"@type":"BreadcrumbList","@id":"https:\/\/www.visitsaimaa.fi\/fi\/nae-ja-koe\/kayntikohteet\/taipaleen-kanava\/#breadcrumb","itemListElement":[{"@type":"ListItem","position":1,"name":"Visit Saimaa","item":"https:\/\/www.visitsaimaa.fi\/fi\/"},{"@type":"ListItem","position":2,"name":"N\u00e4e ja koe","item":"https:\/\/www.visitsaimaa.fi\/fi\/nae-ja-koe\/"},{"@type":"ListItem","position":3,"name":"K\u00e4yntikohteet","item":"https:\/\/www.visitsaimaa.fi\/fi\/nae-ja-koe\/kayntikohteet\/"},{"@type":"ListItem","position":4,"name":"Taipaleen kanava"}]},{"@type":"WebSite","@id":"https:\/\/www.visitsaimaa.fi\/fi\/#website","url":"https:\/\/www.visitsaimaa.fi\/fi\/","name":"Visit Saimaa","description":"The Official Travel Guide of Lakeland Saimaa","potentialAction":[{"@type":"SearchAction","target":{"@type":"EntryPoint","urlTemplate":"https:\/\/www.visitsaimaa.fi\/fi\/?s={search_term_string}"},"query-input":{"@type":"PropertyValueSpecification","valueRequired":true,"valueName":"search_term_string"}}],"inLanguage":"fi"}]}},"_links":{"self":[{"href":"https:\/\/www.visitsaimaa.fi\/fi\/wp-json\/wp\/v2\/pages\/20337","targetHints":{"allow":["GET"]}}],"collection":[{"href":"https:\/\/www.visitsaimaa.fi\/fi\/wp-json\/wp\/v2\/pages"}],"about":[{"href":"https:\/\/www.visitsaimaa.fi\/fi\/wp-json\/wp\/v2\/types\/page"}],"author":[{"embeddable":true,"href":"https:\/\/www.visitsaimaa.fi\/fi\/wp-json\/wp\/v2\/users\/62"}],"replies":[{"embeddable":true,"href":"https:\/\/www.visitsaimaa.fi\/fi\/wp-json\/wp\/v2\/comments?post=20337"}],"version-history":[{"count":16,"href":"https:\/\/www.visitsaimaa.fi\/fi\/wp-json\/wp\/v2\/pages\/20337\/revisions"}],"predecessor-version":[{"id":21440,"href":"https:\/\/www.visitsaimaa.fi\/fi\/wp-json\/wp\/v2\/pages\/20337\/revisions\/21440"}],"up":[{"embeddable":true,"href":"https:\/\/www.visitsaimaa.fi\/fi\/wp-json\/wp\/v2\/pages\/29043"}],"wp:attachment":[{"href":"https:\/\/www.visitsaimaa.fi\/fi\/wp-json\/wp\/v2\/media?parent=20337"}],"wp:term":[{"taxonomy":"relatedcontent","embeddable":true,"href":"https:\/\/www.visitsaimaa.fi\/fi\/wp-json\/wp\/v2\/relatedcontent?post=20337"}],"curies":[{"name":"wp","href":"https:\/\/api.w.org\/{rel}","templated":true}]}}