{"id":20253,"date":"2021-04-26T10:36:59","date_gmt":"2021-04-26T07:36:59","guid":{"rendered":"https:\/\/www.visitsaimaa.fi\/?page_id=20253"},"modified":"2023-05-17T17:55:26","modified_gmt":"2023-05-17T14:55:26","slug":"aktiviteettireitti","status":"publish","type":"page","link":"https:\/\/www.visitsaimaa.fi\/fi\/reitit\/aktiviteettireitti\/","title":{"rendered":"Aktiviteettireitti"},"content":{"rendered":"<p>[vc_row full_width=&#8221;stretch_row_content_no_spaces&#8221; full_height=&#8221;yes&#8221; parallax=&#8221;content-moving-fade&#8221; parallax_image=&#8221;19691&#8243;][vc_column][vc_column_text]<\/p>\n<h1 style=\"text-align: center;color: white\">Kolmen p\u00e4iv\u00e4n aktiviteettiloma Saimaalla<\/h1>\n<p>[\/vc_column_text][\/vc_column][\/vc_row][vc_row][vc_column width=&#8221;1\/4&#8243;][\/vc_column][vc_column width=&#8221;1\/2&#8243;][vc_column_text css=&#8221;.vc_custom_1621862494034{padding-top: 40px !important;padding-bottom: 40px !important;}&#8221;]<\/p>\n<p style=\"text-align: center\">Euroopan laajin j\u00e4rvialue Saimaa on aktiviteetteja kaipaavan lomailijan keidas. Keskell\u00e4 Suomen kauneinta j\u00e4rviluontoa voi harrastaa mielenkiintoisia lajeja ymp\u00e4ri vuoden.<\/p>\n<p style=\"text-align: center\">L\u00e4hde kokemaan Saimaan parhaat luontoreitit meloen, py\u00f6r\u00e4n sel\u00e4ss\u00e4 tai patikoiden!<\/p>\n<p>[\/vc_column_text][\/vc_column][vc_column width=&#8221;1\/4&#8243;][\/vc_column][\/vc_row][vc_row full_width=&#8221;stretch_row_content_no_spaces&#8221;][vc_column]<div class=\"main_header normal\">\n    <figure style=\"background-image: url('https:\/\/www.visitsaimaa.fi\/wp-content\/uploads\/2015\/10\/Melonta-Linnansaaressa-1024x600.jpg'); background-position: center center;\"><\/figure>\n    <div class=\"main_header_content\" style=\"\">\n        <div class=\"container\">\n            \n<h2 style=\"text-align: center\">P\u00e4iv\u00e4 1 \u2013 Kanoottiretki Linnansaaren ja Koloveden kansallispuistoissa<\/h2>\n<p style=\"text-align: center\">Villi\u00e4 luontoa ja mielenkiintoisia melontareittej\u00e4<\/p>\n    \n        <\/div>\n    <\/div><!-- \/.container -->\n<\/div><!-- \/.main_header -->\n\n[\/vc_column][\/vc_row][vc_row css=&#8221;.vc_custom_1618559646507{padding-top: 40px !important;padding-bottom: 40px !important;}&#8221;][vc_column width=&#8221;1\/4&#8243;][\/vc_column][vc_column width=&#8221;1\/2&#8243;][vc_column_text]<strong>Linnansaari <\/strong>sijaitsee Saimaan syd\u00e4mess\u00e4 keskell\u00e4 aavaa j\u00e4rvenselk\u00e4\u00e4. Linnansaaren vesill\u00e4 voi bongata saimaannorpan ja hyv\u00e4ll\u00e4 onnella my\u00f6s taivaalla kaartelevan kalas\u00e4\u00e4sken. Vesist\u00f6\u00e4 rikkovat lukuisat kauniit saaret ja kallioiset luodot. Linnansaaren torpassa p\u00e4\u00e4see tutustumaan my\u00f6s kaskiviljelyyn. Linnansaaren luonto on upea ymp\u00e4ri vuoden. Kes\u00e4isin alueella on tarjolla venekyytej\u00e4 sek\u00e4 Savonlinnan satamasta l\u00e4htevi\u00e4 pidempi\u00e4 risteilyj\u00e4.<\/p>\n<p><strong>Koloveden kansallispuisto<\/strong> on melojan unelma. Vesist\u00f6ss\u00e4 riitt\u00e4\u00e4 mielenkiintoisia reittej\u00e4 kallioiden ja jyrk\u00e4nteiden v\u00e4liss\u00e4. Koloveden luonnossa voi n\u00e4hd\u00e4 my\u00f6s kivikautisia kalliomaalauksia. Hyv\u00e4ll\u00e4 onnella Koloveden vesist\u00f6iss\u00e4 voi n\u00e4hd\u00e4 my\u00f6s saimaannorpan.<\/p>\n<p>SaimaaHoliday \u2013matkakeskus <strong>Oravi <\/strong>on idyllinen kyl\u00e4 keskell\u00e4 Saimaata Koloveden ja Linnansaaren kansallispuistojen v\u00e4liss\u00e4. Paikka on todellinen melojan paratiisi. Oravista voi vuokrata melomiseen tarvittavat v\u00e4lineet ja osallistua opastetuille melontaretkille. Oravissa j\u00e4rjestet\u00e4\u00e4n my\u00f6s\u00a0 saimaannorpparisteilyj\u00e4 sek\u00e4 opastettuja kalastus- ja mets\u00e4stysretki\u00e4.[\/vc_column_text][\/vc_column][vc_column width=&#8221;1\/4&#8243;][\/vc_column][\/vc_row][vc_row full_width=&#8221;stretch_row_content_no_spaces&#8221;][vc_column]<div class=\"main_header big\">\n    <figure style=\"background-image: url('https:\/\/www.visitsaimaa.fi\/wp-content\/uploads\/2016\/06\/Finland-summer-activities-Mikkeli-Savonlinna-1920x600.jpg'); background-position: center center;\"><\/figure>\n    <div class=\"main_header_content\" style=\"\">\n        <div class=\"container\">\n            \n<h2 style=\"text-align: center\">P\u00e4iv\u00e4 2 \u2013 Py\u00f6r\u00e4illen saaristoreitti Puumalassa<\/h2>\n<p style=\"text-align: center\">Haltioidu Saimaan luonnosta ja maisemista Suomen kauneimmalla reitill\u00e4<\/p>\n    \n        <\/div>\n    <\/div><!-- \/.container -->\n<\/div><!-- \/.main_header -->\n\n[\/vc_column][\/vc_row][vc_row css=&#8221;.vc_custom_1618559898929{padding-top: 40px !important;padding-bottom: 40px !important;}&#8221;][vc_column width=&#8221;1\/4&#8243;][\/vc_column][vc_column width=&#8221;1\/2&#8243;][vc_column_text]<a href=\"https:\/\/www.visitsaimaa.fi\/fi\/pyoralla-saimaan-saaristoreitille\/\">Puumalan saaristoreitti<\/a> on kokemisen arvoinen kierros ajaa py\u00f6r\u00e4ll\u00e4 tai moottoripy\u00f6r\u00e4ll\u00e4. Reitin pituus on noin 60 kilometri\u00e4 ja se kulkee p\u00e4\u00e4osin asfaltoiduilla teill\u00e4, mutta sen varrella on my\u00f6s kaksi lyhytt\u00e4 soratien p\u00e4tk\u00e4\u00e4 (2 km ja 4 km). Matkan aikana ylitet\u00e4\u00e4n useita siltoja sek\u00e4 Lintusalo-Hurissalo -v\u00e4li lautan kyydiss\u00e4. Lauttamatka kannattaa varata etuk\u00e4teen.<\/p>\n<p>Reitin voi hyv\u00e4kuntoinen polkea p\u00e4iv\u00e4ss\u00e4 tai sitten napata kulkupelikseen s\u00e4hk\u00f6py\u00f6r\u00e4n, joita vuokraa Saimaa bikes. Reitin voi jakaa my\u00f6s useammalle p\u00e4iv\u00e4lle, jolloin ehtii nauttia my\u00f6s matkan varrelle osuvista ruoka- ja majoituskohteista.<\/p>\n<h3>Majoitusvinkkej\u00e4 Puumalan saaristoreitill\u00e4<\/h3>\n<p><strong>Sahanlahti Resort <\/strong>on upea matkailukohde Saimaan rannalla, joka tarjoaa kodikasta ja yksil\u00f6llist\u00e4 hotelli- ja m\u00f6kkimajoitusta. Sahanlahden ravintoloissa matkailijaa voi nauttia herkullista sesongin raaka-aineista valmistettua l\u00e4hiruokaa.<\/p>\n<p><strong>Okkolan lomam\u00f6keiss\u00e4<\/strong> Puumalan Niinisalossa majoitut jylh\u00e4nkauniissa maisemissa er\u00e4maan rauhassa. Ravintola Niinipuu tarjoilee maittavaa, suomalaista ruokaa, kuten paikallisia kalaherkkuja.[\/vc_column_text][\/vc_column][vc_column width=&#8221;1\/4&#8243;][\/vc_column][\/vc_row][vc_row full_width=&#8221;stretch_row_content_no_spaces&#8221;][vc_column]<div class=\"main_header normal\">\n    <figure style=\"background-image: url('https:\/\/www.visitsaimaa.fi\/wp-content\/uploads\/2020\/07\/Julia_Kivela_072020_neitvuori2-1500x600.png'); background-position: center center;\"><\/figure>\n    <div class=\"main_header_content\" style=\"\">\n        <div class=\"container\">\n            \n<h2>P\u00e4iv\u00e4 3 \u2013 Vaellus Saimaa Geoparkin ja Luonterin maastoissa<\/h2>\n<p style=\"text-align: center\">N\u00e4e Saimaalle niin kauas kuin silm\u00e4 siint\u00e4\u00e4<\/p>\n    \n        <\/div>\n    <\/div><!-- \/.container -->\n<\/div><!-- \/.main_header -->\n\n[\/vc_column][\/vc_row][vc_row css=&#8221;.vc_custom_1618560004874{padding-top: 40px !important;padding-bottom: 40px !important;}&#8221;][vc_column width=&#8221;1\/4&#8243;][\/vc_column][vc_column width=&#8221;1\/2&#8243;][vc_column_text]Saimaan pinnasta 110 metrin korkeuteen nousevalta <strong>Neitvuorelta <\/strong>avautuu n\u00e4kym\u00e4t pitk\u00e4lle Luonterin sel\u00e4lle. Neitvuorella on vaihtelevia ja paikoin haastavia vaellusreittej\u00e4, joiden varrella voit pys\u00e4hty\u00e4 ihailemaan maisemia. Reittien varrelta l\u00f6ytyy my\u00f6s tulentekopaikkoja ev\u00e4staukoja varten. Neitvuorella vaeltamiseen kannattaa varata aikaa, jotta ehdit nauttia maisemista ja vaihtelevasta maastosta.<\/p>\n<p>&nbsp;<\/p>\n<p><strong>Rakokallion<\/strong> haljennut vuori on komea n\u00e4ky Syd\u00e4nmaan vaellusreitill\u00e4. Syd\u00e4nmaan reitti on noin viisi kilometri\u00e4 pitk\u00e4 ja kulkee l\u00e4pi vehreiden metsien. Reitin varrella on Metsom\u00e4en n\u00e4k\u00f6alapaikka, josta voi ihailla upeaa mets\u00e4maisemaa. Reitilt\u00e4 l\u00f6ytyy my\u00f6s M\u00e4kilammen rantapaikka, jossa voi uida, tehd\u00e4 tulet ja y\u00f6py\u00e4.<\/p>\n<p>[\/vc_column_text][\/vc_column][vc_column width=&#8221;1\/4&#8243;][\/vc_column][\/vc_row]<\/p>\n","protected":false},"excerpt":{"rendered":"<p>[vc_row full_width=&#8221;stretch_row_content_no_spaces&#8221; full_height=&#8221;yes&#8221; parallax=&#8221;content-moving-fade&#8221; parallax_image=&#8221;19691&#8243;][vc_column][vc_column_text] Kolmen p\u00e4iv\u00e4n aktiviteettiloma Saimaalla [\/vc_column_text][\/vc_column][\/vc_row][vc_row][vc_column width=&#8221;1\/4&#8243;][\/vc_column][vc_column width=&#8221;1\/2&#8243;][vc_column_text css=&#8221;.vc_custom_1621862494034{padding-top: 40px !important;padding-bottom: 40px !important;}&#8221;] Euroopan laajin j\u00e4rvialue Saimaa on aktiviteetteja kaipaavan lomailijan keidas. Keskell\u00e4 Suomen kauneinta j\u00e4rviluontoa [&hellip;]<\/p>\n","protected":false},"author":57,"featured_media":0,"parent":19879,"menu_order":0,"comment_status":"closed","ping_status":"closed","template":"","meta":{"footnotes":""},"relatedcontent":[],"class_list":["post-20253","page","type-page","status-publish","hentry"],"yoast_head":"<!-- This site is optimized with the Yoast SEO Premium plugin v27.3 (Yoast SEO v27.5) - https:\/\/yoast.com\/product\/yoast-seo-premium-wordpress\/ -->\n<title>Aktiviteettireitti - Visit Saimaa<\/title>\n<meta name=\"description\" content=\"Kolmen p\u00e4iv\u00e4n aktiviteettiloma Saimaalla Euroopan laajin j\u00e4rvialue Saimaa on aktiviteetteja kaipaavan lomailijan keidas. Keskell\u00e4 Suomen kauneinta\" \/>\n<meta name=\"robots\" content=\"index, follow, max-snippet:-1, max-image-preview:large, max-video-preview:-1\" \/>\n<link rel=\"canonical\" href=\"https:\/\/www.visitsaimaa.fi\/fi\/reitit\/aktiviteettireitti\/\" \/>\n<meta property=\"og:locale\" content=\"fi_FI\" \/>\n<meta property=\"og:type\" content=\"article\" \/>\n<meta property=\"og:title\" content=\"Aktiviteettireitti\" \/>\n<meta property=\"og:description\" content=\"Kolmen p\u00e4iv\u00e4n aktiviteettiloma Saimaalla Euroopan laajin j\u00e4rvialue Saimaa on aktiviteetteja kaipaavan lomailijan keidas. Keskell\u00e4 Suomen kauneinta\" \/>\n<meta property=\"og:url\" content=\"https:\/\/www.visitsaimaa.fi\/fi\/reitit\/aktiviteettireitti\/\" \/>\n<meta property=\"og:site_name\" content=\"Visit Saimaa\" \/>\n<meta property=\"article:modified_time\" content=\"2023-05-17T14:55:26+00:00\" \/>\n<meta name=\"twitter:label1\" content=\"Arvioitu lukuaika\" \/>\n\t<meta name=\"twitter:data1\" content=\"3 minuuttia\" \/>\n<script type=\"application\/ld+json\" class=\"yoast-schema-graph\">{\"@context\":\"https:\\\/\\\/schema.org\",\"@graph\":[{\"@type\":\"WebPage\",\"@id\":\"https:\\\/\\\/www.visitsaimaa.fi\\\/fi\\\/reitit\\\/aktiviteettireitti\\\/\",\"url\":\"https:\\\/\\\/www.visitsaimaa.fi\\\/fi\\\/reitit\\\/aktiviteettireitti\\\/\",\"name\":\"Aktiviteettireitti - Visit Saimaa\",\"isPartOf\":{\"@id\":\"https:\\\/\\\/www.visitsaimaa.fi\\\/fi\\\/#website\"},\"datePublished\":\"2021-04-26T07:36:59+00:00\",\"dateModified\":\"2023-05-17T14:55:26+00:00\",\"description\":\"Kolmen p\u00e4iv\u00e4n aktiviteettiloma Saimaalla Euroopan laajin j\u00e4rvialue Saimaa on aktiviteetteja kaipaavan lomailijan keidas. Keskell\u00e4 Suomen kauneinta\",\"breadcrumb\":{\"@id\":\"https:\\\/\\\/www.visitsaimaa.fi\\\/fi\\\/reitit\\\/aktiviteettireitti\\\/#breadcrumb\"},\"inLanguage\":\"fi\",\"potentialAction\":[{\"@type\":\"ReadAction\",\"target\":[\"https:\\\/\\\/www.visitsaimaa.fi\\\/fi\\\/reitit\\\/aktiviteettireitti\\\/\"]}]},{\"@type\":\"BreadcrumbList\",\"@id\":\"https:\\\/\\\/www.visitsaimaa.fi\\\/fi\\\/reitit\\\/aktiviteettireitti\\\/#breadcrumb\",\"itemListElement\":[{\"@type\":\"ListItem\",\"position\":1,\"name\":\"Visit Saimaa\",\"item\":\"https:\\\/\\\/www.visitsaimaa.fi\\\/fi\\\/\"},{\"@type\":\"ListItem\",\"position\":2,\"name\":\"Lomasuositukset\",\"item\":\"https:\\\/\\\/www.visitsaimaa.fi\\\/fi\\\/reitit\\\/\"},{\"@type\":\"ListItem\",\"position\":3,\"name\":\"Aktiviteettireitti\"}]},{\"@type\":\"WebSite\",\"@id\":\"https:\\\/\\\/www.visitsaimaa.fi\\\/fi\\\/#website\",\"url\":\"https:\\\/\\\/www.visitsaimaa.fi\\\/fi\\\/\",\"name\":\"Visit Saimaa\",\"description\":\"The Official Travel Guide of Lakeland Saimaa\",\"potentialAction\":[{\"@type\":\"SearchAction\",\"target\":{\"@type\":\"EntryPoint\",\"urlTemplate\":\"https:\\\/\\\/www.visitsaimaa.fi\\\/fi\\\/?s={search_term_string}\"},\"query-input\":{\"@type\":\"PropertyValueSpecification\",\"valueRequired\":true,\"valueName\":\"search_term_string\"}}],\"inLanguage\":\"fi\"}]}<\/script>\n<!-- \/ Yoast SEO Premium plugin. -->","yoast_head_json":{"title":"Aktiviteettireitti - Visit Saimaa","description":"Kolmen p\u00e4iv\u00e4n aktiviteettiloma Saimaalla Euroopan laajin j\u00e4rvialue Saimaa on aktiviteetteja kaipaavan lomailijan keidas. Keskell\u00e4 Suomen kauneinta","robots":{"index":"index","follow":"follow","max-snippet":"max-snippet:-1","max-image-preview":"max-image-preview:large","max-video-preview":"max-video-preview:-1"},"canonical":"https:\/\/www.visitsaimaa.fi\/fi\/reitit\/aktiviteettireitti\/","og_locale":"fi_FI","og_type":"article","og_title":"Aktiviteettireitti","og_description":"Kolmen p\u00e4iv\u00e4n aktiviteettiloma Saimaalla Euroopan laajin j\u00e4rvialue Saimaa on aktiviteetteja kaipaavan lomailijan keidas. Keskell\u00e4 Suomen kauneinta","og_url":"https:\/\/www.visitsaimaa.fi\/fi\/reitit\/aktiviteettireitti\/","og_site_name":"Visit Saimaa","article_modified_time":"2023-05-17T14:55:26+00:00","twitter_misc":{"Arvioitu lukuaika":"3 minuuttia"},"schema":{"@context":"https:\/\/schema.org","@graph":[{"@type":"WebPage","@id":"https:\/\/www.visitsaimaa.fi\/fi\/reitit\/aktiviteettireitti\/","url":"https:\/\/www.visitsaimaa.fi\/fi\/reitit\/aktiviteettireitti\/","name":"Aktiviteettireitti - Visit Saimaa","isPartOf":{"@id":"https:\/\/www.visitsaimaa.fi\/fi\/#website"},"datePublished":"2021-04-26T07:36:59+00:00","dateModified":"2023-05-17T14:55:26+00:00","description":"Kolmen p\u00e4iv\u00e4n aktiviteettiloma Saimaalla Euroopan laajin j\u00e4rvialue Saimaa on aktiviteetteja kaipaavan lomailijan keidas. Keskell\u00e4 Suomen kauneinta","breadcrumb":{"@id":"https:\/\/www.visitsaimaa.fi\/fi\/reitit\/aktiviteettireitti\/#breadcrumb"},"inLanguage":"fi","potentialAction":[{"@type":"ReadAction","target":["https:\/\/www.visitsaimaa.fi\/fi\/reitit\/aktiviteettireitti\/"]}]},{"@type":"BreadcrumbList","@id":"https:\/\/www.visitsaimaa.fi\/fi\/reitit\/aktiviteettireitti\/#breadcrumb","itemListElement":[{"@type":"ListItem","position":1,"name":"Visit Saimaa","item":"https:\/\/www.visitsaimaa.fi\/fi\/"},{"@type":"ListItem","position":2,"name":"Lomasuositukset","item":"https:\/\/www.visitsaimaa.fi\/fi\/reitit\/"},{"@type":"ListItem","position":3,"name":"Aktiviteettireitti"}]},{"@type":"WebSite","@id":"https:\/\/www.visitsaimaa.fi\/fi\/#website","url":"https:\/\/www.visitsaimaa.fi\/fi\/","name":"Visit Saimaa","description":"The Official Travel Guide of Lakeland Saimaa","potentialAction":[{"@type":"SearchAction","target":{"@type":"EntryPoint","urlTemplate":"https:\/\/www.visitsaimaa.fi\/fi\/?s={search_term_string}"},"query-input":{"@type":"PropertyValueSpecification","valueRequired":true,"valueName":"search_term_string"}}],"inLanguage":"fi"}]}},"_links":{"self":[{"href":"https:\/\/www.visitsaimaa.fi\/fi\/wp-json\/wp\/v2\/pages\/20253","targetHints":{"allow":["GET"]}}],"collection":[{"href":"https:\/\/www.visitsaimaa.fi\/fi\/wp-json\/wp\/v2\/pages"}],"about":[{"href":"https:\/\/www.visitsaimaa.fi\/fi\/wp-json\/wp\/v2\/types\/page"}],"author":[{"embeddable":true,"href":"https:\/\/www.visitsaimaa.fi\/fi\/wp-json\/wp\/v2\/users\/57"}],"replies":[{"embeddable":true,"href":"https:\/\/www.visitsaimaa.fi\/fi\/wp-json\/wp\/v2\/comments?post=20253"}],"version-history":[{"count":18,"href":"https:\/\/www.visitsaimaa.fi\/fi\/wp-json\/wp\/v2\/pages\/20253\/revisions"}],"predecessor-version":[{"id":28328,"href":"https:\/\/www.visitsaimaa.fi\/fi\/wp-json\/wp\/v2\/pages\/20253\/revisions\/28328"}],"up":[{"embeddable":true,"href":"https:\/\/www.visitsaimaa.fi\/fi\/wp-json\/wp\/v2\/pages\/19879"}],"wp:attachment":[{"href":"https:\/\/www.visitsaimaa.fi\/fi\/wp-json\/wp\/v2\/media?parent=20253"}],"wp:term":[{"taxonomy":"relatedcontent","embeddable":true,"href":"https:\/\/www.visitsaimaa.fi\/fi\/wp-json\/wp\/v2\/relatedcontent?post=20253"}],"curies":[{"name":"wp","href":"https:\/\/api.w.org\/{rel}","templated":true}]}}