{"id":19928,"date":"2021-04-08T11:43:48","date_gmt":"2021-04-08T08:43:48","guid":{"rendered":"https:\/\/www.visitsaimaa.fi\/?page_id=19928"},"modified":"2024-07-04T13:31:31","modified_gmt":"2024-07-04T10:31:31","slug":"d-o-saimaa-kitchen","status":"publish","type":"page","link":"https:\/\/www.visitsaimaa.fi\/fi\/herkuttele\/d-o-saimaa-kitchen\/","title":{"rendered":"D.O. Saimaa Kitchen"},"content":{"rendered":"<p>[vc_row full_width=&#8221;stretch_row_content_no_spaces&#8221;][vc_column]<div class=\"main_header normal\">\n    <figure style=\"background-image: url('https:\/\/www.visitsaimaa.fi\/wp-content\/uploads\/2020\/09\/kristaylinen_2020_halla2-1500x600.png'); background-position: center center;\"><\/figure>\n    <div class=\"main_header_content\" style=\"\">\n        <div class=\"container\">\n            \n<h1 style=\"text-align: center\">D.O. Saimaa \u2014 parasta ruokaa Saimaalta<\/h1>\n<p style=\"text-align: center\">Tule maistamaan Saimaan parhaat maut!<\/p>\n    \n        <\/div>\n    <\/div><!-- \/.container -->\n<\/div><!-- \/.main_header -->\n\n[\/vc_column][\/vc_row][vc_row][vc_column][vc_column_text]<\/p>\n<h2 style=\"text-align: center\">D.O. Saimaa &#8211; 100 % hyv\u00e4\u00e4 Saimaan seudulta<\/h2>\n<p>[\/vc_column_text][\/vc_column][\/vc_row][vc_row][vc_column width=&#8221;1\/4&#8243;][vc_single_image image=&#8221;14996&#8243; img_size=&#8221;&#8221; alignment=&#8221;center&#8221;][\/vc_column][vc_column width=&#8221;3\/4&#8243;][vc_column_text]<\/p>\n<p style=\"text-align: left\"><strong>D.O. Saimaa on Suomen ensimm\u00e4inen\u00a0alueellinen laatu- ja alkuper\u00e4merkki<\/strong><\/p>\n<p style=\"text-align: left\">Alkuper\u00e4merkin tuotteissa hyv\u00e4 tarkoittaa paitsi korkeaa laatua ja vastuullisuutta,\u00a0my\u00f6s positiivista vaikutusta ymp\u00e4rist\u00f6\u00f6n, kulttuuriin sek\u00e4\u00a0alueen elinvoimaisuuteen.\u00a0D.O. Saimaa -merkittyj\u00e4 tuotteita tai raaka-aineita k\u00e4ytt\u00e4v\u00e4t kuluttajat, ravintolat ja j\u00e4lleenmyyj\u00e4t tiet\u00e4v\u00e4t tekev\u00e4ns\u00e4 eettisen ja vastuullisen valinnan.<\/p>\n<p style=\"text-align: left\"><em><strong>Kaikki <a href=\"https:\/\/www.visitsaimaa.fi\/fi\/ruoka\/saimaagastronomy\/\">Saimaa Gastronomy -ravintolat<\/a> ovat my\u00f6s D.O. Saimaa merkittyj\u00e4 ravintoloita eli\u00a0arvostavat raaka-aineissaan\u00a0alkuper\u00e4\u00e4, puhtautta ja korkeaa laatua.<\/strong><\/em><\/p>\n<p><a href=\"https:\/\/www.dosaimaa.fi\"><strong>Lue lis\u00e4\u00e4 D.O. Saimaa laatu- ja alkuper\u00e4merkist\u00e4<\/strong><\/a>[\/vc_column_text][\/vc_column][\/vc_row][vc_column][vc_btn title=&#8221;LUE LIS\u00c4\u00c4 TAPAHTUMISTA JA RAVINTOLOISTA&#8221; style=&#8221;classic&#8221; color=&#8221;black&#8221; align=&#8221;center&#8221; css=&#8221;&#8221; link=&#8221;url:https%3A%2F%2Fwww.visitmikkeli.fi%2Fmaistadosaimaa|target:_blank&#8221;][\/vc_column][vc_row][vc_column][\/vc_column][\/vc_row]<\/p>\n","protected":false},"excerpt":{"rendered":"<p>[vc_row full_width=&#8221;stretch_row_content_no_spaces&#8221;][vc_column][\/vc_column][\/vc_row][vc_row][vc_column][vc_column_text] D.O. Saimaa &#8211; 100 % hyv\u00e4\u00e4 Saimaan seudulta [\/vc_column_text][\/vc_column][\/vc_row][vc_row][vc_column width=&#8221;1\/4&#8243;][vc_single_image image=&#8221;14996&#8243; img_size=&#8221;&#8221; alignment=&#8221;center&#8221;][\/vc_column][vc_column width=&#8221;3\/4&#8243;][vc_column_text] D.O. Saimaa on Suomen ensimm\u00e4inen\u00a0alueellinen laatu- ja alkuper\u00e4merkki Alkuper\u00e4merkin tuotteissa hyv\u00e4 tarkoittaa paitsi korkeaa [&hellip;]<\/p>\n","protected":false},"author":57,"featured_media":0,"parent":20543,"menu_order":0,"comment_status":"closed","ping_status":"closed","template":"","meta":{"footnotes":""},"relatedcontent":[366],"class_list":["post-19928","page","type-page","status-publish","hentry","relatedcontent-saimaa-gastronomy"],"yoast_head":"<!-- This site is optimized with the Yoast SEO Premium plugin v27.3 (Yoast SEO v27.5) - https:\/\/yoast.com\/product\/yoast-seo-premium-wordpress\/ -->\n<title>D.O. Saimaa Kitchen - Visit Saimaa<\/title>\n<meta name=\"description\" content=\"D.O. Saimaa - 100 % hyv\u00e4\u00e4 Saimaan seudulta D.O. Saimaa on Suomen ensimm\u00e4inen\u00a0alueellinen laatu- ja alkuper\u00e4merkki Alkuper\u00e4merkin tuotteissa hyv\u00e4 D.O. Saimaa on Suomen ensimm\u00e4inen ruoan laatu- ja alkuper\u00e4merkki.\" \/>\n<meta name=\"robots\" content=\"index, follow, max-snippet:-1, max-image-preview:large, max-video-preview:-1\" \/>\n<link rel=\"canonical\" href=\"https:\/\/www.visitsaimaa.fi\/fi\/herkuttele\/d-o-saimaa-kitchen\/\" \/>\n<meta property=\"og:locale\" content=\"fi_FI\" \/>\n<meta property=\"og:type\" content=\"article\" \/>\n<meta property=\"og:title\" content=\"D.O. Saimaa Kitchen\" \/>\n<meta property=\"og:description\" content=\"D.O. Saimaa - 100 % hyv\u00e4\u00e4 Saimaan seudulta D.O. Saimaa on Suomen ensimm\u00e4inen\u00a0alueellinen laatu- ja alkuper\u00e4merkki Alkuper\u00e4merkin tuotteissa hyv\u00e4 D.O. Saimaa on Suomen ensimm\u00e4inen ruoan laatu- ja alkuper\u00e4merkki.\" \/>\n<meta property=\"og:url\" content=\"https:\/\/www.visitsaimaa.fi\/fi\/herkuttele\/d-o-saimaa-kitchen\/\" \/>\n<meta property=\"og:site_name\" content=\"Visit Saimaa\" \/>\n<meta property=\"article:modified_time\" content=\"2024-07-04T10:31:31+00:00\" \/>\n<meta name=\"twitter:label1\" content=\"Arvioitu lukuaika\" \/>\n\t<meta name=\"twitter:data1\" content=\"2 minuuttia\" \/>\n<script type=\"application\/ld+json\" class=\"yoast-schema-graph\">{\"@context\":\"https:\\\/\\\/schema.org\",\"@graph\":[{\"@type\":\"WebPage\",\"@id\":\"https:\\\/\\\/www.visitsaimaa.fi\\\/fi\\\/herkuttele\\\/d-o-saimaa-kitchen\\\/\",\"url\":\"https:\\\/\\\/www.visitsaimaa.fi\\\/fi\\\/herkuttele\\\/d-o-saimaa-kitchen\\\/\",\"name\":\"D.O. Saimaa Kitchen - Visit Saimaa\",\"isPartOf\":{\"@id\":\"https:\\\/\\\/www.visitsaimaa.fi\\\/fi\\\/#website\"},\"datePublished\":\"2021-04-08T08:43:48+00:00\",\"dateModified\":\"2024-07-04T10:31:31+00:00\",\"description\":\"D.O. Saimaa - 100 % hyv\u00e4\u00e4 Saimaan seudulta D.O. Saimaa on Suomen ensimm\u00e4inen\u00a0alueellinen laatu- ja alkuper\u00e4merkki Alkuper\u00e4merkin tuotteissa hyv\u00e4 D.O. Saimaa on Suomen ensimm\u00e4inen ruoan laatu- ja alkuper\u00e4merkki.\",\"breadcrumb\":{\"@id\":\"https:\\\/\\\/www.visitsaimaa.fi\\\/fi\\\/herkuttele\\\/d-o-saimaa-kitchen\\\/#breadcrumb\"},\"inLanguage\":\"fi\",\"potentialAction\":[{\"@type\":\"ReadAction\",\"target\":[\"https:\\\/\\\/www.visitsaimaa.fi\\\/fi\\\/herkuttele\\\/d-o-saimaa-kitchen\\\/\"]}]},{\"@type\":\"BreadcrumbList\",\"@id\":\"https:\\\/\\\/www.visitsaimaa.fi\\\/fi\\\/herkuttele\\\/d-o-saimaa-kitchen\\\/#breadcrumb\",\"itemListElement\":[{\"@type\":\"ListItem\",\"position\":1,\"name\":\"Visit Saimaa\",\"item\":\"https:\\\/\\\/www.visitsaimaa.fi\\\/fi\\\/\"},{\"@type\":\"ListItem\",\"position\":2,\"name\":\"Herkuttele\",\"item\":\"https:\\\/\\\/www.visitsaimaa.fi\\\/fi\\\/herkuttele\\\/\"},{\"@type\":\"ListItem\",\"position\":3,\"name\":\"D.O. Saimaa Kitchen\"}]},{\"@type\":\"WebSite\",\"@id\":\"https:\\\/\\\/www.visitsaimaa.fi\\\/fi\\\/#website\",\"url\":\"https:\\\/\\\/www.visitsaimaa.fi\\\/fi\\\/\",\"name\":\"Visit Saimaa\",\"description\":\"The Official Travel Guide of Lakeland Saimaa\",\"potentialAction\":[{\"@type\":\"SearchAction\",\"target\":{\"@type\":\"EntryPoint\",\"urlTemplate\":\"https:\\\/\\\/www.visitsaimaa.fi\\\/fi\\\/?s={search_term_string}\"},\"query-input\":{\"@type\":\"PropertyValueSpecification\",\"valueRequired\":true,\"valueName\":\"search_term_string\"}}],\"inLanguage\":\"fi\"}]}<\/script>\n<!-- \/ Yoast SEO Premium plugin. -->","yoast_head_json":{"title":"D.O. Saimaa Kitchen - Visit Saimaa","description":"D.O. Saimaa - 100 % hyv\u00e4\u00e4 Saimaan seudulta D.O. Saimaa on Suomen ensimm\u00e4inen\u00a0alueellinen laatu- ja alkuper\u00e4merkki Alkuper\u00e4merkin tuotteissa hyv\u00e4 D.O. Saimaa on Suomen ensimm\u00e4inen ruoan laatu- ja alkuper\u00e4merkki.","robots":{"index":"index","follow":"follow","max-snippet":"max-snippet:-1","max-image-preview":"max-image-preview:large","max-video-preview":"max-video-preview:-1"},"canonical":"https:\/\/www.visitsaimaa.fi\/fi\/herkuttele\/d-o-saimaa-kitchen\/","og_locale":"fi_FI","og_type":"article","og_title":"D.O. Saimaa Kitchen","og_description":"D.O. Saimaa - 100 % hyv\u00e4\u00e4 Saimaan seudulta D.O. Saimaa on Suomen ensimm\u00e4inen\u00a0alueellinen laatu- ja alkuper\u00e4merkki Alkuper\u00e4merkin tuotteissa hyv\u00e4 D.O. Saimaa on Suomen ensimm\u00e4inen ruoan laatu- ja alkuper\u00e4merkki.","og_url":"https:\/\/www.visitsaimaa.fi\/fi\/herkuttele\/d-o-saimaa-kitchen\/","og_site_name":"Visit Saimaa","article_modified_time":"2024-07-04T10:31:31+00:00","twitter_misc":{"Arvioitu lukuaika":"2 minuuttia"},"schema":{"@context":"https:\/\/schema.org","@graph":[{"@type":"WebPage","@id":"https:\/\/www.visitsaimaa.fi\/fi\/herkuttele\/d-o-saimaa-kitchen\/","url":"https:\/\/www.visitsaimaa.fi\/fi\/herkuttele\/d-o-saimaa-kitchen\/","name":"D.O. Saimaa Kitchen - Visit Saimaa","isPartOf":{"@id":"https:\/\/www.visitsaimaa.fi\/fi\/#website"},"datePublished":"2021-04-08T08:43:48+00:00","dateModified":"2024-07-04T10:31:31+00:00","description":"D.O. Saimaa - 100 % hyv\u00e4\u00e4 Saimaan seudulta D.O. Saimaa on Suomen ensimm\u00e4inen\u00a0alueellinen laatu- ja alkuper\u00e4merkki Alkuper\u00e4merkin tuotteissa hyv\u00e4 D.O. Saimaa on Suomen ensimm\u00e4inen ruoan laatu- ja alkuper\u00e4merkki.","breadcrumb":{"@id":"https:\/\/www.visitsaimaa.fi\/fi\/herkuttele\/d-o-saimaa-kitchen\/#breadcrumb"},"inLanguage":"fi","potentialAction":[{"@type":"ReadAction","target":["https:\/\/www.visitsaimaa.fi\/fi\/herkuttele\/d-o-saimaa-kitchen\/"]}]},{"@type":"BreadcrumbList","@id":"https:\/\/www.visitsaimaa.fi\/fi\/herkuttele\/d-o-saimaa-kitchen\/#breadcrumb","itemListElement":[{"@type":"ListItem","position":1,"name":"Visit Saimaa","item":"https:\/\/www.visitsaimaa.fi\/fi\/"},{"@type":"ListItem","position":2,"name":"Herkuttele","item":"https:\/\/www.visitsaimaa.fi\/fi\/herkuttele\/"},{"@type":"ListItem","position":3,"name":"D.O. Saimaa Kitchen"}]},{"@type":"WebSite","@id":"https:\/\/www.visitsaimaa.fi\/fi\/#website","url":"https:\/\/www.visitsaimaa.fi\/fi\/","name":"Visit Saimaa","description":"The Official Travel Guide of Lakeland Saimaa","potentialAction":[{"@type":"SearchAction","target":{"@type":"EntryPoint","urlTemplate":"https:\/\/www.visitsaimaa.fi\/fi\/?s={search_term_string}"},"query-input":{"@type":"PropertyValueSpecification","valueRequired":true,"valueName":"search_term_string"}}],"inLanguage":"fi"}]}},"_links":{"self":[{"href":"https:\/\/www.visitsaimaa.fi\/fi\/wp-json\/wp\/v2\/pages\/19928","targetHints":{"allow":["GET"]}}],"collection":[{"href":"https:\/\/www.visitsaimaa.fi\/fi\/wp-json\/wp\/v2\/pages"}],"about":[{"href":"https:\/\/www.visitsaimaa.fi\/fi\/wp-json\/wp\/v2\/types\/page"}],"author":[{"embeddable":true,"href":"https:\/\/www.visitsaimaa.fi\/fi\/wp-json\/wp\/v2\/users\/57"}],"replies":[{"embeddable":true,"href":"https:\/\/www.visitsaimaa.fi\/fi\/wp-json\/wp\/v2\/comments?post=19928"}],"version-history":[{"count":32,"href":"https:\/\/www.visitsaimaa.fi\/fi\/wp-json\/wp\/v2\/pages\/19928\/revisions"}],"predecessor-version":[{"id":30722,"href":"https:\/\/www.visitsaimaa.fi\/fi\/wp-json\/wp\/v2\/pages\/19928\/revisions\/30722"}],"up":[{"embeddable":true,"href":"https:\/\/www.visitsaimaa.fi\/fi\/wp-json\/wp\/v2\/pages\/20543"}],"wp:attachment":[{"href":"https:\/\/www.visitsaimaa.fi\/fi\/wp-json\/wp\/v2\/media?parent=19928"}],"wp:term":[{"taxonomy":"relatedcontent","embeddable":true,"href":"https:\/\/www.visitsaimaa.fi\/fi\/wp-json\/wp\/v2\/relatedcontent?post=19928"}],"curies":[{"name":"wp","href":"https:\/\/api.w.org\/{rel}","templated":true}]}}