{"id":19898,"date":"2021-04-26T09:49:44","date_gmt":"2021-04-26T06:49:44","guid":{"rendered":"https:\/\/www.visitsaimaa.fi\/?page_id=19898"},"modified":"2022-03-22T15:11:39","modified_gmt":"2022-03-22T13:11:39","slug":"saimaan-makuja-reitti","status":"publish","type":"page","link":"https:\/\/www.visitsaimaa.fi\/fi\/reitit\/saimaan-makuja-reitti\/","title":{"rendered":"Saimaan makuja -reitti"},"content":{"rendered":"<p>[vc_row full_width=&#8221;stretch_row_content_no_spaces&#8221; full_height=&#8221;yes&#8221; parallax=&#8221;content-moving-fade&#8221; parallax_image=&#8221;17210&#8243;][vc_column][vc_column_text css_animation=&#8221;none&#8221;]<\/p>\n<h1 style=\"text-align: center\"><span style=\"color: #ffffff\">Kulinaristisia el\u00e4myksi\u00e4 Saimaalla<\/span><\/h1>\n<p>[\/vc_column_text][\/vc_column][\/vc_row][vc_row css=&#8221;.vc_custom_1617863915051{padding-top: 40px !important;padding-bottom: 40px !important;}&#8221;][vc_column width=&#8221;1\/4&#8243;][\/vc_column][vc_column width=&#8221;1\/2&#8243;][vc_custom_heading text=&#8221;Nelj\u00e4n p\u00e4iv\u00e4n kiertomatka Suomen parhaan l\u00e4hiruoan alkul\u00e4hteille&#8221; font_container=&#8221;tag:h2|text_align:center&#8221;][vc_column_text]<\/p>\n<p style=\"text-align: center\">Saimaan alue on l\u00e4hiruoan kehto. Kirkasvetinen Saimaa on kuuluisa kaloistaan; moni on varmasti kuullut Saimaan muikuista. Puhtaat mets\u00e4t k\u00e4tkev\u00e4t kullanarvoisia raaka-aineita kuten marjoja ja sieni\u00e4. Paikallisten viljelij\u00f6iden puhtaat ja laadukkaat vihannekset, hedelm\u00e4t ja lihatuotteet maistuvat sek\u00e4 paikallisille ett\u00e4 matkailijoille.<\/p>\n<p style=\"text-align: center\">L\u00e4hde nauttimaan l\u00e4hiruuan aatelia ja Suomen kauneimpia maisemia!<\/p>\n<p>[\/vc_column_text][\/vc_column][vc_column width=&#8221;1\/4&#8243;][\/vc_column][\/vc_row][vc_row full_width=&#8221;stretch_row_content_no_spaces&#8221;][vc_column]<div class=\"main_header normal\">\n    <figure style=\"background-image: url('https:\/\/www.visitsaimaa.fi\/wp-content\/uploads\/2021\/03\/by_Julia_Kivela_W2A4554-1920x600.jpg'); background-position: center center;\"><\/figure>\n    <div class=\"main_header_content\" style=\"\">\n        <div class=\"container\">\n            \n<h1 style=\"text-align: center\">P\u00e4iv\u00e4 1 \u2013 Mikkeli<\/h1>\n<p style=\"text-align: center\">Vanhan ajan hurmaa ja Saimaan luonnon luksusta<\/p>\n    \n        <\/div>\n    <\/div><!-- \/.container -->\n<\/div><!-- \/.main_header -->\n\n[\/vc_column][\/vc_row][vc_row css=&#8221;.vc_custom_1617864216839{padding-top: 40px !important;padding-bottom: 40px !important;}&#8221;][vc_column width=&#8221;1\/4&#8243;][\/vc_column][vc_column width=&#8221;1\/2&#8243;][vc_column_text]P\u00e4\u00e4majakaupunki Mikkeliss\u00e4 herkkumatkan voi aloittaa<strong> Tertin Kartanosta<\/strong>. Tertin kahvila ja kauppa ovat auki ymp\u00e4ri vuoden, ja kahvilassa voi nauttia lounasta joka p\u00e4iv\u00e4. My\u00f6s Kartanon ravintola on p\u00e4ivitt\u00e4in auki kes\u00e4kaudella sek\u00e4 joulun aikaan. Tertin Herkkupuodissa voi ostaa Tertin omia herkullisia tuotteita ja esimerkiksi sisustustavaroita.<\/p>\n<p>Suomen suurin pappila <strong>Kenk\u00e4vero<\/strong> on upea kohde l\u00e4hell\u00e4 Mikkelin keskustaa. Kenk\u00e4vero on ymp\u00e4rivuotinen kohde, jossa voit tutustua pappilan entis\u00f6ityihin rakennuksiin ja jossa j\u00e4rjestet\u00e4\u00e4n tapahtumia ymp\u00e4ri vuoden. Pihapiiriss\u00e4 sijaitsee my\u00f6s putiikkeja, joissa myyd\u00e4\u00e4n k\u00e4sit\u00f6it\u00e4, matkamuistoja ja muita paikallisia ja kotimaisia tuotteita. Kes\u00e4ll\u00e4 Kenk\u00e4veron pihapiiriss\u00e4 kukoistaa puutarha. Kenk\u00e4veron ravintola tarjoilee herkkuja p\u00e4ivitt\u00e4in l\u00e4pi vuoden.<\/p>\n<p><strong>Ollinm\u00e4en viinitilalla<\/strong> valmistetaan kotimaisia viinej\u00e4 kotimaisista marjoista. Tilalla voi tutustua viinin tekoon sek\u00e4 maistella viinej\u00e4 ja muita tilan juomia kuten siideri\u00e4 ja lik\u00f6\u00f6ri\u00e4.<\/p>\n<p>Mikkeliss\u00e4 kannattaa vierailla my\u00f6s kuuluisalla Mikkelin torilla, jossa kes\u00e4aikaan on tarjolla tuoreita paikallisia ruokatuotteita, ihania kahviloita ja ruokapaikkoja. Kaiken kruunaa vilkas ja l\u00e4mmin ilmapiiri.[\/vc_column_text][\/vc_column][vc_column width=&#8221;1\/4&#8243;][\/vc_column][\/vc_row][vc_row full_width=&#8221;stretch_row_content_no_spaces&#8221;][vc_column]<div class=\"main_header normal\">\n    <figure style=\"background-image: url('https:\/\/www.visitsaimaa.fi\/wp-content\/uploads\/2021\/01\/food-2.jpg'); background-position: center center;\"><\/figure>\n    <div class=\"main_header_content\" style=\"\">\n        <div class=\"container\">\n            \n<h1 style=\"text-align: center\">P\u00e4iv\u00e4 2- Puumala ja Niinisaari<\/h1>\n<p style=\"text-align: center\">Herkuttelua ja luontoel\u00e4myksi\u00e4 upeissa maisemissa, Suomen kauneimman saaristoreitin varrella<\/p>\n    \n        <\/div>\n    <\/div><!-- \/.container -->\n<\/div><!-- \/.main_header -->\n\n[\/vc_column][\/vc_row][vc_row css=&#8221;.vc_custom_1617864353310{padding-top: 40px !important;padding-bottom: 40px !important;}&#8221;][vc_column width=&#8221;1\/4&#8243;][\/vc_column][vc_column width=&#8221;1\/2&#8243;][vc_column_text]Matka pitkin tiet\u00e4 numero 62 Mikkelist\u00e4 Puumalaan on h\u00e4kellytt\u00e4v\u00e4n kaunis maisemiltaan. Lis\u00e4ksi matkalla on upeita kohteita, joihin kannattaa pys\u00e4hty\u00e4 pidemm\u00e4ksikin aikaa.<\/p>\n<p>Matkailukeskus <strong>Sahanlahti<\/strong> Puumalassa on ainutlaatuinen matkailukohde Saimaan rannalla. Sahanlahti on rakentunut vanhan sahan ymp\u00e4rille, ja alue huokuu historiaa. Sahanlahden j\u00e4rvenrantahotelli, m\u00f6kit ja huvilat tarjoavat kodikkaita ja yksil\u00f6llisi\u00e4 majoitusvaihtoehtoja luonnon keskell\u00e4. Sahanlahden ravintoloissa nautit parasta paikallista ruokaa sesongin puhtaista raaka-aineista sek\u00e4 upeista n\u00e4kymist\u00e4 Saimaalle. Ruoan eettisyys, korkea laatu ja tuoreus ovat ravintoloille kunnia-asia. L\u00e4hituottajien upeat raaka-aineet p\u00e4\u00e4sev\u00e4t oikeuksiinsa ravintoloiden herkullisissa annoksissa. Kes\u00e4isin Sahanlahdessa veneilij\u00f6it\u00e4 palvelee my\u00f6s vierasvenesatama.<\/p>\n<p><strong>Okkolan lomam\u00f6kit<\/strong> tarjoaa syd\u00e4mellisen l\u00e4mmint\u00e4 tunnelmaa ja er\u00e4maan rauhaa Saimaan jylh\u00e4nkauniissa luonnossa. Perheyritys sijaitsee Puumalan saaristossa Niinisaaressa. Okkolan lomam\u00f6kkien em\u00e4nt\u00e4 Paula avaa ovensa my\u00f6s suvun aitoon ja perinteiseen kotitaloon, jossa loihditaan herkullisia karjalanpiirakoita ja marjapiirakoita. <strong>Ravintola Niinipuu<\/strong> tarjoaa tuoretta l\u00e4hiruokaa, kuten Saimaasta nostettua kalaa, l\u00e4himets\u00e4n sieni\u00e4 ja muita paikallisia herkkuja, erikoisuutena aito savustettu lankkulohi Puumalan kirjolohesta.<\/p>\n<p>Puumalan suunnalla kannattaa pit\u00e4\u00e4 mieless\u00e4 my\u00f6s <strong>LakelandGTE<\/strong>, joka j\u00e4rjest\u00e4\u00e4 norpparisteilyj\u00e4 s\u00e4hk\u00f6k\u00e4ytt\u00f6isen Ekopaatin kyydiss\u00e4. Risteilyt l\u00e4htev\u00e4t joko Okkolasta lomam\u00f6keilt\u00e4 tai Sahanlahdesta. L\u00e4hde leppoisalle risteilylle bongaamaan harvinaista saimaannorppaa![\/vc_column_text][\/vc_column][vc_column width=&#8221;1\/4&#8243;][\/vc_column][\/vc_row][vc_row full_width=&#8221;stretch_row_content_no_spaces&#8221;][vc_column]<div class=\"main_header normal\">\n    <figure style=\"background-image: url('https:\/\/www.visitsaimaa.fi\/wp-content\/uploads\/2019\/09\/OkkolanPaula-1920x600.jpg'); background-position: center center;\"><\/figure>\n    <div class=\"main_header_content\" style=\"\">\n        <div class=\"container\">\n            \n<h1 style=\"text-align: center\">P\u00e4iv\u00e4 3 Juva-Savonlinna<\/h1>\n<p style=\"text-align: center\">Pikkukaupungin tunnelmaa, paikallisia herkkuja sek\u00e4 tuulahduksia maailmalta<\/p>\n    \n        <\/div>\n    <\/div><!-- \/.container -->\n<\/div><!-- \/.main_header -->\n\n[\/vc_column][\/vc_row][vc_row css=&#8221;.vc_custom_1617864501071{padding-top: 40px !important;padding-bottom: 40px !important;}&#8221;][vc_column width=&#8221;1\/4&#8243;][\/vc_column][vc_column width=&#8221;1\/2&#8243;][vc_column_text]Yksi Saimaan alueen suosituimmista kohteista, <strong>Savonlinna<\/strong>, tarjoaa vierailijoille rikasta kulttuuria ja pienen kaupungin vieh\u00e4tt\u00e4v\u00e4\u00e4 tunnelmaa. Ehdoton n\u00e4ht\u00e4vyys on keskiaikainen linna <strong>Olavinlinna<\/strong>, jossa my\u00f6s j\u00e4rjestet\u00e4\u00e4n kes\u00e4isin maailmankuulut Savonlinnan Oopperajuhlat. K\u00e4y k\u00e4velyll\u00e4 vanhassa kaupungissa, ihastele kauniita puutaloja ja piipahda yksil\u00f6llisiss\u00e4 design-putiikeissa ja kahviloissa. Paikallista el\u00e4m\u00e4nmenoa ja tunnelmaa p\u00e4\u00e4set aistimaan kaupungin vieh\u00e4tt\u00e4v\u00e4ll\u00e4 torilla vaikka l\u00f6rtsykahveista nauttien.<\/p>\n<p><strong>Kahvila ja hotelli Saima <\/strong>on idyllinen kahvila-ravintola Olavinlinnan l\u00e4hell\u00e4 keskell\u00e4 vanhaa kaupunkia. Perheen pit\u00e4m\u00e4ss\u00e4 ravintolassa on tarjolla tuoretta muikkua eri muodoissaan ja muita paikallisia herkkuja.<\/p>\n<p>Suomen ainoa englantilaiseen teekulttuuriin vihkiytynyt teehuone, <strong>TeaHouse of Wehmais<\/strong> on uniikki matkailukohde vanhan kartanon pihapiiriss\u00e4 Juvalla. Teehuone on erikoistunut englantilaiseen teekulttuuriin ripauksella Saimaan paikallisia piirteit\u00e4. Upeassa tunnelmassa maistuvat teehuoneen monenlaiset herkut, ja ruokalistalta l\u00f6ytyykin satoja erilaisia teevaihtoehtoja ja useita herkullisia iltap\u00e4iv\u00e4teekattauksia. Teehuoneen herkut valmistetaan tietenkin paikallisista raaka-aineista.[\/vc_column_text][\/vc_column][vc_column width=&#8221;1\/4&#8243;][\/vc_column][\/vc_row][vc_row full_width=&#8221;stretch_row_content_no_spaces&#8221;][vc_column]<div class=\"main_header normal\">\n    <figure style=\"background-image: url('https:\/\/www.visitsaimaa.fi\/wp-content\/uploads\/2019\/09\/Punkaharjun_Lomamatkailu_1-e1569576867356-1896x600.jpg'); background-position: center center;\"><\/figure>\n    <div class=\"main_header_content\" style=\"\">\n        <div class=\"container\">\n            \n<h1 style=\"text-align: center\">P\u00e4iv\u00e4 4 &#8211; Punkaharju<\/h1>\n<p style=\"text-align: center\">Saimaan kauneimpia harjumaisemia ja luonnon parhaimpia kulinaristisia nautintoja<\/p>\n    \n        <\/div>\n    <\/div><!-- \/.container -->\n<\/div><!-- \/.main_header -->\n\n[\/vc_column][\/vc_row][vc_row css=&#8221;.vc_custom_1617864975653{padding-top: 40px !important;padding-bottom: 40px !important;}&#8221;][vc_column width=&#8221;1\/4&#8243;][\/vc_column][vc_column width=&#8221;1\/2&#8243;][vc_column_text]Saimaan ymp\u00e4r\u00f6im\u00e4 <strong>Punkaharju<\/strong> sijaitsee upeissa harjumaisemissa keskell\u00e4 kaunista ja puhdasta luontoa. <strong>Hotelli Punkaharjussa <\/strong>aistit mennytt\u00e4 aikaa tyylikk\u00e4\u00e4sti sisustetuissa saleissa ja huoneissa sek\u00e4 nautit tuoreista raaka-aineista tehty\u00e4 herkullista l\u00e4hiruokaa. Ravintola tuo annoksiin luonnon parhaat antimet, joissa maistat my\u00f6s villiyrttien vivahteikkaat aromit.\u00a0Entinen huippumalli Saimi Hoyer entis\u00f6i rakennuksen takaisin entisajan loistoonsa muutamia vuosia sitten. Saimi on Punkaharjun alueen, luonnon ja erityisesti mets\u00e4sienten intohimoinen puolestapuhuja.<\/p>\n<p>Punkaharjulla kannattaa vierailla my\u00f6s mets\u00e4museo <strong>Lustossa. <\/strong>Mets\u00e4museon upeat kokoelmat tutustuttavat k\u00e4vij\u00e4n ihmisen ja mets\u00e4n suhteeseen ja mets\u00e4kulttuuriin historian, nykyhetken ja tulevaisuuden n\u00e4k\u00f6kulmasta.<\/p>\n<p>Ainutlaatuinen kohde Punkaharjun suunnalla on my\u00f6s <strong>Kerim\u00e4en kirkko<\/strong>, joka on maailman suurin puukirkko: sinne mahtuu jopa 3000 ihmist\u00e4 ja penkkirivej\u00e4 on yhteens\u00e4 yli 1 600 metri\u00e4![\/vc_column_text][\/vc_column][vc_column width=&#8221;1\/4&#8243;][\/vc_column][\/vc_row]<\/p>\n","protected":false},"excerpt":{"rendered":"<p>[vc_row full_width=&#8221;stretch_row_content_no_spaces&#8221; full_height=&#8221;yes&#8221; parallax=&#8221;content-moving-fade&#8221; parallax_image=&#8221;17210&#8243;][vc_column][vc_column_text css_animation=&#8221;none&#8221;] Kulinaristisia el\u00e4myksi\u00e4 Saimaalla [\/vc_column_text][\/vc_column][\/vc_row][vc_row css=&#8221;.vc_custom_1617863915051{padding-top: 40px !important;padding-bottom: 40px !important;}&#8221;][vc_column width=&#8221;1\/4&#8243;][\/vc_column][vc_column width=&#8221;1\/2&#8243;][vc_custom_heading text=&#8221;Nelj\u00e4n p\u00e4iv\u00e4n kiertomatka Suomen parhaan l\u00e4hiruoan alkul\u00e4hteille&#8221; font_container=&#8221;tag:h2|text_align:center&#8221;][vc_column_text] Saimaan alue on l\u00e4hiruoan kehto. [&hellip;]<\/p>\n","protected":false},"author":57,"featured_media":0,"parent":19879,"menu_order":0,"comment_status":"closed","ping_status":"closed","template":"","meta":{"footnotes":""},"relatedcontent":[],"class_list":["post-19898","page","type-page","status-publish","hentry"],"yoast_head":"<!-- This site is optimized with the Yoast SEO Premium plugin v27.3 (Yoast SEO v27.3) - https:\/\/yoast.com\/product\/yoast-seo-premium-wordpress\/ -->\n<title>Saimaan makuja -reitti - Visit Saimaa<\/title>\n<meta name=\"description\" content=\"Kulinaristisia el\u00e4myksi\u00e4 Saimaalla Saimaan alue on l\u00e4hiruoan kehto. Kirkasvetinen Saimaa on kuuluisa kaloistaan; moni on varmasti kuullut Saimaan\" \/>\n<meta name=\"robots\" content=\"index, follow, max-snippet:-1, max-image-preview:large, max-video-preview:-1\" \/>\n<link rel=\"canonical\" href=\"https:\/\/www.visitsaimaa.fi\/fi\/reitit\/saimaan-makuja-reitti\/\" \/>\n<meta property=\"og:locale\" content=\"fi_FI\" \/>\n<meta property=\"og:type\" content=\"article\" \/>\n<meta property=\"og:title\" content=\"Saimaan makuja -reitti\" \/>\n<meta property=\"og:description\" content=\"Kulinaristisia el\u00e4myksi\u00e4 Saimaalla Saimaan alue on l\u00e4hiruoan kehto. Kirkasvetinen Saimaa on kuuluisa kaloistaan; moni on varmasti kuullut Saimaan\" \/>\n<meta property=\"og:url\" content=\"https:\/\/www.visitsaimaa.fi\/fi\/reitit\/saimaan-makuja-reitti\/\" \/>\n<meta property=\"og:site_name\" content=\"Visit Saimaa\" \/>\n<meta property=\"article:modified_time\" content=\"2022-03-22T13:11:39+00:00\" \/>\n<meta name=\"twitter:label1\" content=\"Arvioitu lukuaika\" \/>\n\t<meta name=\"twitter:data1\" content=\"4 minuuttia\" \/>\n<script type=\"application\/ld+json\" class=\"yoast-schema-graph\">{\"@context\":\"https:\\\/\\\/schema.org\",\"@graph\":[{\"@type\":\"WebPage\",\"@id\":\"https:\\\/\\\/www.visitsaimaa.fi\\\/fi\\\/reitit\\\/saimaan-makuja-reitti\\\/\",\"url\":\"https:\\\/\\\/www.visitsaimaa.fi\\\/fi\\\/reitit\\\/saimaan-makuja-reitti\\\/\",\"name\":\"Saimaan makuja -reitti - Visit Saimaa\",\"isPartOf\":{\"@id\":\"https:\\\/\\\/www.visitsaimaa.fi\\\/fi\\\/#website\"},\"datePublished\":\"2021-04-26T06:49:44+00:00\",\"dateModified\":\"2022-03-22T13:11:39+00:00\",\"description\":\"Kulinaristisia el\u00e4myksi\u00e4 Saimaalla Saimaan alue on l\u00e4hiruoan kehto. Kirkasvetinen Saimaa on kuuluisa kaloistaan; moni on varmasti kuullut Saimaan\",\"breadcrumb\":{\"@id\":\"https:\\\/\\\/www.visitsaimaa.fi\\\/fi\\\/reitit\\\/saimaan-makuja-reitti\\\/#breadcrumb\"},\"inLanguage\":\"fi\",\"potentialAction\":[{\"@type\":\"ReadAction\",\"target\":[\"https:\\\/\\\/www.visitsaimaa.fi\\\/fi\\\/reitit\\\/saimaan-makuja-reitti\\\/\"]}]},{\"@type\":\"BreadcrumbList\",\"@id\":\"https:\\\/\\\/www.visitsaimaa.fi\\\/fi\\\/reitit\\\/saimaan-makuja-reitti\\\/#breadcrumb\",\"itemListElement\":[{\"@type\":\"ListItem\",\"position\":1,\"name\":\"Visit Saimaa\",\"item\":\"https:\\\/\\\/www.visitsaimaa.fi\\\/fi\\\/\"},{\"@type\":\"ListItem\",\"position\":2,\"name\":\"Lomasuositukset\",\"item\":\"https:\\\/\\\/www.visitsaimaa.fi\\\/fi\\\/reitit\\\/\"},{\"@type\":\"ListItem\",\"position\":3,\"name\":\"Saimaan makuja -reitti\"}]},{\"@type\":\"WebSite\",\"@id\":\"https:\\\/\\\/www.visitsaimaa.fi\\\/fi\\\/#website\",\"url\":\"https:\\\/\\\/www.visitsaimaa.fi\\\/fi\\\/\",\"name\":\"Visit Saimaa\",\"description\":\"The Official Travel Guide of Lakeland Saimaa\",\"potentialAction\":[{\"@type\":\"SearchAction\",\"target\":{\"@type\":\"EntryPoint\",\"urlTemplate\":\"https:\\\/\\\/www.visitsaimaa.fi\\\/fi\\\/?s={search_term_string}\"},\"query-input\":{\"@type\":\"PropertyValueSpecification\",\"valueRequired\":true,\"valueName\":\"search_term_string\"}}],\"inLanguage\":\"fi\"}]}<\/script>\n<!-- \/ Yoast SEO Premium plugin. -->","yoast_head_json":{"title":"Saimaan makuja -reitti - Visit Saimaa","description":"Kulinaristisia el\u00e4myksi\u00e4 Saimaalla Saimaan alue on l\u00e4hiruoan kehto. Kirkasvetinen Saimaa on kuuluisa kaloistaan; moni on varmasti kuullut Saimaan","robots":{"index":"index","follow":"follow","max-snippet":"max-snippet:-1","max-image-preview":"max-image-preview:large","max-video-preview":"max-video-preview:-1"},"canonical":"https:\/\/www.visitsaimaa.fi\/fi\/reitit\/saimaan-makuja-reitti\/","og_locale":"fi_FI","og_type":"article","og_title":"Saimaan makuja -reitti","og_description":"Kulinaristisia el\u00e4myksi\u00e4 Saimaalla Saimaan alue on l\u00e4hiruoan kehto. Kirkasvetinen Saimaa on kuuluisa kaloistaan; moni on varmasti kuullut Saimaan","og_url":"https:\/\/www.visitsaimaa.fi\/fi\/reitit\/saimaan-makuja-reitti\/","og_site_name":"Visit Saimaa","article_modified_time":"2022-03-22T13:11:39+00:00","twitter_misc":{"Arvioitu lukuaika":"4 minuuttia"},"schema":{"@context":"https:\/\/schema.org","@graph":[{"@type":"WebPage","@id":"https:\/\/www.visitsaimaa.fi\/fi\/reitit\/saimaan-makuja-reitti\/","url":"https:\/\/www.visitsaimaa.fi\/fi\/reitit\/saimaan-makuja-reitti\/","name":"Saimaan makuja -reitti - Visit Saimaa","isPartOf":{"@id":"https:\/\/www.visitsaimaa.fi\/fi\/#website"},"datePublished":"2021-04-26T06:49:44+00:00","dateModified":"2022-03-22T13:11:39+00:00","description":"Kulinaristisia el\u00e4myksi\u00e4 Saimaalla Saimaan alue on l\u00e4hiruoan kehto. Kirkasvetinen Saimaa on kuuluisa kaloistaan; moni on varmasti kuullut Saimaan","breadcrumb":{"@id":"https:\/\/www.visitsaimaa.fi\/fi\/reitit\/saimaan-makuja-reitti\/#breadcrumb"},"inLanguage":"fi","potentialAction":[{"@type":"ReadAction","target":["https:\/\/www.visitsaimaa.fi\/fi\/reitit\/saimaan-makuja-reitti\/"]}]},{"@type":"BreadcrumbList","@id":"https:\/\/www.visitsaimaa.fi\/fi\/reitit\/saimaan-makuja-reitti\/#breadcrumb","itemListElement":[{"@type":"ListItem","position":1,"name":"Visit Saimaa","item":"https:\/\/www.visitsaimaa.fi\/fi\/"},{"@type":"ListItem","position":2,"name":"Lomasuositukset","item":"https:\/\/www.visitsaimaa.fi\/fi\/reitit\/"},{"@type":"ListItem","position":3,"name":"Saimaan makuja -reitti"}]},{"@type":"WebSite","@id":"https:\/\/www.visitsaimaa.fi\/fi\/#website","url":"https:\/\/www.visitsaimaa.fi\/fi\/","name":"Visit Saimaa","description":"The Official Travel Guide of Lakeland Saimaa","potentialAction":[{"@type":"SearchAction","target":{"@type":"EntryPoint","urlTemplate":"https:\/\/www.visitsaimaa.fi\/fi\/?s={search_term_string}"},"query-input":{"@type":"PropertyValueSpecification","valueRequired":true,"valueName":"search_term_string"}}],"inLanguage":"fi"}]}},"_links":{"self":[{"href":"https:\/\/www.visitsaimaa.fi\/fi\/wp-json\/wp\/v2\/pages\/19898","targetHints":{"allow":["GET"]}}],"collection":[{"href":"https:\/\/www.visitsaimaa.fi\/fi\/wp-json\/wp\/v2\/pages"}],"about":[{"href":"https:\/\/www.visitsaimaa.fi\/fi\/wp-json\/wp\/v2\/types\/page"}],"author":[{"embeddable":true,"href":"https:\/\/www.visitsaimaa.fi\/fi\/wp-json\/wp\/v2\/users\/57"}],"replies":[{"embeddable":true,"href":"https:\/\/www.visitsaimaa.fi\/fi\/wp-json\/wp\/v2\/comments?post=19898"}],"version-history":[{"count":40,"href":"https:\/\/www.visitsaimaa.fi\/fi\/wp-json\/wp\/v2\/pages\/19898\/revisions"}],"predecessor-version":[{"id":25748,"href":"https:\/\/www.visitsaimaa.fi\/fi\/wp-json\/wp\/v2\/pages\/19898\/revisions\/25748"}],"up":[{"embeddable":true,"href":"https:\/\/www.visitsaimaa.fi\/fi\/wp-json\/wp\/v2\/pages\/19879"}],"wp:attachment":[{"href":"https:\/\/www.visitsaimaa.fi\/fi\/wp-json\/wp\/v2\/media?parent=19898"}],"wp:term":[{"taxonomy":"relatedcontent","embeddable":true,"href":"https:\/\/www.visitsaimaa.fi\/fi\/wp-json\/wp\/v2\/relatedcontent?post=19898"}],"curies":[{"name":"wp","href":"https:\/\/api.w.org\/{rel}","templated":true}]}}