{"id":19896,"date":"2021-04-09T11:45:36","date_gmt":"2021-04-09T08:45:36","guid":{"rendered":"https:\/\/www.visitsaimaa.fi\/?page_id=19896"},"modified":"2026-05-05T12:32:34","modified_gmt":"2026-05-05T09:32:34","slug":"yhteyshenkilot","status":"publish","type":"page","link":"https:\/\/www.visitsaimaa.fi\/fi\/info\/yhteyshenkilot\/","title":{"rendered":"Yhteyshenkil\u00f6t"},"content":{"rendered":"<p>[vc_row full_width=&#8221;stretch_row_content_no_spaces&#8221;][vc_column]<div class=\"main_header normal\">\n    <figure style=\"background-image: url('https:\/\/www.visitsaimaa.fi\/wp-content\/uploads\/2020\/10\/AstuvanIllallinen_15.8.2020_JonneVaahtera_Kixit-6.png'); background-position: center center;\"><\/figure>\n    <div class=\"main_header_content\" style=\"\">\n        <div class=\"container\">\n            \n<h1 style=\"text-align: center\">Yhteyshenkil\u00f6t<\/h1>\n<p style=\"text-align: center\">Saimaan tiimi palveluksessasi!<\/p>\n    \n        <\/div>\n    <\/div><!-- \/.container -->\n<\/div><!-- \/.main_header -->\n\n[\/vc_column][\/vc_row][vc_row][vc_column][vc_column_text][\/vc_column_text][\/vc_column][\/vc_row][vc_row][vc_column width=&#8221;1\/6&#8243;][\/vc_column][vc_column width=&#8221;2\/3&#8243;][vc_column_text css=&#8221;&#8221;][\/vc_column_text][vc_row_inner][vc_column_inner width=&#8221;1\/2&#8243;][vc_column_text css=&#8221;&#8221;]<\/p>\n<p style=\"text-align: center\"><strong>Maisa H\u00e4kkinen<br \/>\n<\/strong>Projektip\u00e4\u00e4llikk\u00f6<strong><br \/>\n<\/strong>044 794 2219<br \/>\nmaisa.hakkinen@mikseimikkeli.fi[\/vc_column_text][\/vc_column_inner][vc_column_inner width=&#8221;1\/2&#8243;][vc_column_text css=&#8221;&#8221;]<\/p>\n<p style=\"text-align: center;\"><strong>Heli Mende<\/strong><\/p>\n<p style=\"text-align: center;\">Senior Advisor<\/p>\n<p style=\"text-align: center;\">heli.mende@mikseimikkeli.fi<\/p>\n<p>[\/vc_column_text][\/vc_column_inner][\/vc_row_inner][\/vc_column][vc_column width=&#8221;1\/6&#8243;][\/vc_column][\/vc_row]<\/p>\n","protected":false},"excerpt":{"rendered":"<p>[vc_row full_width=&#8221;stretch_row_content_no_spaces&#8221;][vc_column][\/vc_column][\/vc_row][vc_row][vc_column][vc_column_text][\/vc_column_text][\/vc_column][\/vc_row][vc_row][vc_column width=&#8221;1\/6&#8243;][\/vc_column][vc_column width=&#8221;2\/3&#8243;][vc_column_text css=&#8221;&#8221;][\/vc_column_text][vc_row_inner][vc_column_inner width=&#8221;1\/2&#8243;][vc_column_text css=&#8221;&#8221;] Maisa H\u00e4kkinen Projektip\u00e4\u00e4llikk\u00f6 044 794 2219 maisa.hakkinen@mikseimikkeli.fi[\/vc_column_text][\/vc_column_inner][vc_column_inner width=&#8221;1\/2&#8243;][vc_column_text css=&#8221;&#8221;] Heli Mende Senior Advisor heli.mende@mikseimikkeli.fi [\/vc_column_text][\/vc_column_inner][\/vc_row_inner][\/vc_column][vc_column width=&#8221;1\/6&#8243;][\/vc_column][\/vc_row]<\/p>\n","protected":false},"author":57,"featured_media":0,"parent":29046,"menu_order":0,"comment_status":"closed","ping_status":"closed","template":"","meta":{"footnotes":""},"relatedcontent":[],"class_list":["post-19896","page","type-page","status-publish","hentry"],"yoast_head":"<!-- This site is optimized with the Yoast SEO Premium plugin v27.3 (Yoast SEO v27.5) - https:\/\/yoast.com\/product\/yoast-seo-premium-wordpress\/ -->\n<title>Yhteyshenkil\u00f6t - Visit Saimaa<\/title>\n<meta name=\"description\" content=\"Maisa H\u00e4kkinen Projektip\u00e4\u00e4llikk\u00f6 044 794 2219 maisa.hakkinen@mikseimikkeli.fiHeli Mende Senior Advisor heli.mende@mikseimikkeli.fi\" \/>\n<meta name=\"robots\" content=\"index, follow, max-snippet:-1, max-image-preview:large, max-video-preview:-1\" \/>\n<link rel=\"canonical\" href=\"https:\/\/www.visitsaimaa.fi\/fi\/info\/yhteyshenkilot\/\" \/>\n<meta property=\"og:locale\" content=\"fi_FI\" \/>\n<meta property=\"og:type\" content=\"article\" \/>\n<meta property=\"og:title\" content=\"Yhteyshenkil\u00f6t\" \/>\n<meta property=\"og:description\" content=\"Maisa H\u00e4kkinen Projektip\u00e4\u00e4llikk\u00f6 044 794 2219 maisa.hakkinen@mikseimikkeli.fiHeli Mende Senior Advisor heli.mende@mikseimikkeli.fi\" \/>\n<meta property=\"og:url\" content=\"https:\/\/www.visitsaimaa.fi\/fi\/info\/yhteyshenkilot\/\" \/>\n<meta property=\"og:site_name\" content=\"Visit Saimaa\" \/>\n<meta property=\"article:modified_time\" content=\"2026-05-05T09:32:34+00:00\" \/>\n<meta name=\"twitter:label1\" content=\"Arvioitu lukuaika\" \/>\n\t<meta name=\"twitter:data1\" content=\"1 minuutti\" \/>\n<script type=\"application\/ld+json\" class=\"yoast-schema-graph\">{\"@context\":\"https:\\\/\\\/schema.org\",\"@graph\":[{\"@type\":\"WebPage\",\"@id\":\"https:\\\/\\\/www.visitsaimaa.fi\\\/fi\\\/info\\\/yhteyshenkilot\\\/\",\"url\":\"https:\\\/\\\/www.visitsaimaa.fi\\\/fi\\\/info\\\/yhteyshenkilot\\\/\",\"name\":\"Yhteyshenkil\u00f6t - Visit Saimaa\",\"isPartOf\":{\"@id\":\"https:\\\/\\\/www.visitsaimaa.fi\\\/fi\\\/#website\"},\"datePublished\":\"2021-04-09T08:45:36+00:00\",\"dateModified\":\"2026-05-05T09:32:34+00:00\",\"description\":\"Maisa H\u00e4kkinen Projektip\u00e4\u00e4llikk\u00f6 044 794 2219 maisa.hakkinen@mikseimikkeli.fiHeli Mende Senior Advisor heli.mende@mikseimikkeli.fi\",\"breadcrumb\":{\"@id\":\"https:\\\/\\\/www.visitsaimaa.fi\\\/fi\\\/info\\\/yhteyshenkilot\\\/#breadcrumb\"},\"inLanguage\":\"fi\",\"potentialAction\":[{\"@type\":\"ReadAction\",\"target\":[\"https:\\\/\\\/www.visitsaimaa.fi\\\/fi\\\/info\\\/yhteyshenkilot\\\/\"]}]},{\"@type\":\"BreadcrumbList\",\"@id\":\"https:\\\/\\\/www.visitsaimaa.fi\\\/fi\\\/info\\\/yhteyshenkilot\\\/#breadcrumb\",\"itemListElement\":[{\"@type\":\"ListItem\",\"position\":1,\"name\":\"Visit Saimaa\",\"item\":\"https:\\\/\\\/www.visitsaimaa.fi\\\/fi\\\/\"},{\"@type\":\"ListItem\",\"position\":2,\"name\":\"Info\",\"item\":\"https:\\\/\\\/www.visitsaimaa.fi\\\/fi\\\/info\\\/\"},{\"@type\":\"ListItem\",\"position\":3,\"name\":\"Yhteyshenkil\u00f6t\"}]},{\"@type\":\"WebSite\",\"@id\":\"https:\\\/\\\/www.visitsaimaa.fi\\\/fi\\\/#website\",\"url\":\"https:\\\/\\\/www.visitsaimaa.fi\\\/fi\\\/\",\"name\":\"Visit Saimaa\",\"description\":\"The Official Travel Guide of Lakeland Saimaa\",\"potentialAction\":[{\"@type\":\"SearchAction\",\"target\":{\"@type\":\"EntryPoint\",\"urlTemplate\":\"https:\\\/\\\/www.visitsaimaa.fi\\\/fi\\\/?s={search_term_string}\"},\"query-input\":{\"@type\":\"PropertyValueSpecification\",\"valueRequired\":true,\"valueName\":\"search_term_string\"}}],\"inLanguage\":\"fi\"}]}<\/script>\n<!-- \/ Yoast SEO Premium plugin. -->","yoast_head_json":{"title":"Yhteyshenkil\u00f6t - Visit Saimaa","description":"Maisa H\u00e4kkinen Projektip\u00e4\u00e4llikk\u00f6 044 794 2219 maisa.hakkinen@mikseimikkeli.fiHeli Mende Senior Advisor heli.mende@mikseimikkeli.fi","robots":{"index":"index","follow":"follow","max-snippet":"max-snippet:-1","max-image-preview":"max-image-preview:large","max-video-preview":"max-video-preview:-1"},"canonical":"https:\/\/www.visitsaimaa.fi\/fi\/info\/yhteyshenkilot\/","og_locale":"fi_FI","og_type":"article","og_title":"Yhteyshenkil\u00f6t","og_description":"Maisa H\u00e4kkinen Projektip\u00e4\u00e4llikk\u00f6 044 794 2219 maisa.hakkinen@mikseimikkeli.fiHeli Mende Senior Advisor heli.mende@mikseimikkeli.fi","og_url":"https:\/\/www.visitsaimaa.fi\/fi\/info\/yhteyshenkilot\/","og_site_name":"Visit Saimaa","article_modified_time":"2026-05-05T09:32:34+00:00","twitter_misc":{"Arvioitu lukuaika":"1 minuutti"},"schema":{"@context":"https:\/\/schema.org","@graph":[{"@type":"WebPage","@id":"https:\/\/www.visitsaimaa.fi\/fi\/info\/yhteyshenkilot\/","url":"https:\/\/www.visitsaimaa.fi\/fi\/info\/yhteyshenkilot\/","name":"Yhteyshenkil\u00f6t - Visit Saimaa","isPartOf":{"@id":"https:\/\/www.visitsaimaa.fi\/fi\/#website"},"datePublished":"2021-04-09T08:45:36+00:00","dateModified":"2026-05-05T09:32:34+00:00","description":"Maisa H\u00e4kkinen Projektip\u00e4\u00e4llikk\u00f6 044 794 2219 maisa.hakkinen@mikseimikkeli.fiHeli Mende Senior Advisor heli.mende@mikseimikkeli.fi","breadcrumb":{"@id":"https:\/\/www.visitsaimaa.fi\/fi\/info\/yhteyshenkilot\/#breadcrumb"},"inLanguage":"fi","potentialAction":[{"@type":"ReadAction","target":["https:\/\/www.visitsaimaa.fi\/fi\/info\/yhteyshenkilot\/"]}]},{"@type":"BreadcrumbList","@id":"https:\/\/www.visitsaimaa.fi\/fi\/info\/yhteyshenkilot\/#breadcrumb","itemListElement":[{"@type":"ListItem","position":1,"name":"Visit Saimaa","item":"https:\/\/www.visitsaimaa.fi\/fi\/"},{"@type":"ListItem","position":2,"name":"Info","item":"https:\/\/www.visitsaimaa.fi\/fi\/info\/"},{"@type":"ListItem","position":3,"name":"Yhteyshenkil\u00f6t"}]},{"@type":"WebSite","@id":"https:\/\/www.visitsaimaa.fi\/fi\/#website","url":"https:\/\/www.visitsaimaa.fi\/fi\/","name":"Visit Saimaa","description":"The Official Travel Guide of Lakeland Saimaa","potentialAction":[{"@type":"SearchAction","target":{"@type":"EntryPoint","urlTemplate":"https:\/\/www.visitsaimaa.fi\/fi\/?s={search_term_string}"},"query-input":{"@type":"PropertyValueSpecification","valueRequired":true,"valueName":"search_term_string"}}],"inLanguage":"fi"}]}},"_links":{"self":[{"href":"https:\/\/www.visitsaimaa.fi\/fi\/wp-json\/wp\/v2\/pages\/19896","targetHints":{"allow":["GET"]}}],"collection":[{"href":"https:\/\/www.visitsaimaa.fi\/fi\/wp-json\/wp\/v2\/pages"}],"about":[{"href":"https:\/\/www.visitsaimaa.fi\/fi\/wp-json\/wp\/v2\/types\/page"}],"author":[{"embeddable":true,"href":"https:\/\/www.visitsaimaa.fi\/fi\/wp-json\/wp\/v2\/users\/57"}],"replies":[{"embeddable":true,"href":"https:\/\/www.visitsaimaa.fi\/fi\/wp-json\/wp\/v2\/comments?post=19896"}],"version-history":[{"count":39,"href":"https:\/\/www.visitsaimaa.fi\/fi\/wp-json\/wp\/v2\/pages\/19896\/revisions"}],"predecessor-version":[{"id":32713,"href":"https:\/\/www.visitsaimaa.fi\/fi\/wp-json\/wp\/v2\/pages\/19896\/revisions\/32713"}],"up":[{"embeddable":true,"href":"https:\/\/www.visitsaimaa.fi\/fi\/wp-json\/wp\/v2\/pages\/29046"}],"wp:attachment":[{"href":"https:\/\/www.visitsaimaa.fi\/fi\/wp-json\/wp\/v2\/media?parent=19896"}],"wp:term":[{"taxonomy":"relatedcontent","embeddable":true,"href":"https:\/\/www.visitsaimaa.fi\/fi\/wp-json\/wp\/v2\/relatedcontent?post=19896"}],"curies":[{"name":"wp","href":"https:\/\/api.w.org\/{rel}","templated":true}]}}