{"id":19746,"date":"2021-03-23T15:25:52","date_gmt":"2021-03-23T13:25:52","guid":{"rendered":"https:\/\/www.visitsaimaa.fi\/?page_id=19746"},"modified":"2025-06-23T15:11:42","modified_gmt":"2025-06-23T12:11:42","slug":"saimaan-vahvuudet","status":"publish","type":"page","link":"https:\/\/www.visitsaimaa.fi\/fi\/info\/saimaan-vahvuudet\/","title":{"rendered":"Saimaan vahvuudet"},"content":{"rendered":"<p>[vc_row full_width=&#8221;stretch_row_content_no_spaces&#8221;][vc_column]<div class=\"main_header normal\">\n    <figure style=\"background-image: url('https:\/\/www.visitsaimaa.fi\/wp-content\/uploads\/2020\/09\/Sulkava_Linnavuori_kesa_ilta_DJI_0070_web-1500x600.png'); background-position: center center;\"><\/figure>\n    <div class=\"main_header_content\" style=\"\">\n        <div class=\"container\">\n            \n<h1 style=\"text-align: center\">Saimaan vahvuudet<\/h1>\n<p style=\"text-align: center\">Luonto, kulttuuri, aktiviteetit ja ruoka ovat Saimaan nelj\u00e4 vahvaa<\/p>\n    \n        <\/div>\n    <\/div><!-- \/.container -->\n<\/div><!-- \/.main_header -->\n\n[vc_row_inner css=&#8221;.vc_custom_1618559574097{padding-top: 40px !important;}&#8221;][vc_column_inner][vc_column_text css=&#8221;&#8221;]<\/p>\n<p style=\"text-align: center\">Saimaa on aitoja asioita. <span class=\"fontstyle0\">Puhdas luonto, vuodenaikojen vaihtelut, monipuoliset kulttuurikohteet<br \/>\nja herkulliset ruokael\u00e4mykset kutsuvat nauttimaan ainutlaatuisista kokemuksista Saimaalla.<\/span>[\/vc_column_text][\/vc_column_inner][\/vc_row_inner][\/vc_column][\/vc_row][vc_row css=&#8221;.vc_custom_1616505888832{padding-top: 40px !important;padding-bottom: 40px !important;}&#8221;][vc_column width=&#8221;2\/3&#8243;][vc_column_text css=&#8221;&#8221;]<\/p>\n<h3>Kest\u00e4v\u00e4\u00e4 luontomatkailua Saimaa Geoparkissa<\/h3>\n<p>Saimaa on UNESCO:n tunnustama Geopark-alue t\u00e4ynn\u00e4 kiinnostavia geologisia kohteita, luonton\u00e4ht\u00e4vyyksi\u00e4 ja historiallisia paikkoja kuten <a href=\"https:\/\/www.visitsaimaa.fi\/fi\/astuvansalmen-kalliomaalaukset-historialliset-graffitit-saimaalla\/\">Astuvansalmen kalliomaalaukset<\/a>, <a href=\"https:\/\/www.visitsaimaa.fi\/fi\/neitvuori\/\">Neitvuori<\/a> ja <a href=\"https:\/\/visitsavonlinna.fi\/punkaharju\/\" target=\"_blank\" rel=\"noopener\">Punkaharjun harjut<\/a> ja <a href=\"https:\/\/visitsavonlinna.fi\/koloveden-kansallispuisto\/\" target=\"_blank\" rel=\"noopener\">Koloveden <\/a>ja <a href=\"https:\/\/visitsavonlinna.fi\/linnansaaren-kansallispuisto\/\" target=\"_blank\" rel=\"noopener\">Linnasaaren<\/a> kansallispuistot. Saimaan luonnon syk\u00e4hdytt\u00e4vin ihme on maailman uhanalaisin hylje \u2013 <a href=\"https:\/\/www.visitsaimaa.fi\/fi\/nae-ja-koe\/saimaannorppa\/\">saimaannorppa<\/a>, joka on asustellut Saimaalla jo yli 8 000 vuotta. T\u00e4t\u00e4 huipputyyppi\u00e4 p\u00e4\u00e4see Saimaalla my\u00f6s bongaamaan norpparetkell\u00e4.<\/p>\n<h3>Aktiviteetteja ja hyv\u00e4\u00e4 oloa jokaisena vuodenaikana<\/h3>\n<p>Saimaan alueen kansallispuistoihin, luontokohteisiin ja reiteille p\u00e4\u00e4set helposti mist\u00e4 suunnasta ja mill\u00e4 kyydill\u00e4 tahansa. Mikkelin, Varkauden ja Savonlinnan kaupunkien ymp\u00e4rille rakentuvat teemareitit sis\u00e4lt\u00e4v\u00e4t hienoja maaseutukohteita, loistavia ravintoloita ja majoituspaikkoja ja uniikkeja n\u00e4ht\u00e4vyyksi\u00e4.<\/p>\n<p>Saimaa on tietenkin my\u00f6s kes\u00e4m\u00f6kkil\u00e4isen ja rantasaunojan paratiisi. Puhtaat, rauhalliset rannat, tunnelmalliset auringonnousut ja -laskut, leppoisat l\u00f6ylyt ja pulahdus raikkaaseen j\u00e4rviveteen ovat hyvinvointia parhaimmillaan.<\/p>\n<h3>Saimaalainen kulttuuri yhdist\u00e4\u00e4 perinteit\u00e4 ja uusia tuulia<\/h3>\n<p>Saimaa on ollut vuosituhansia t\u00e4rke\u00e4 vesireitti id\u00e4n ja l\u00e4nnen v\u00e4liss\u00e4. Alueen kulttuuriin ovat antaneet leimansa maanviljelys, sota-ajat, linnat ja kartanot, maaseutukylien el\u00e4m\u00e4nmeno sek\u00e4 saaristolaisuus. Seudulle on syntynyt kymmeni\u00e4 erikoisuuksia, joista t\u00e4ss\u00e4 muutamia tutustumisen arvoisia kohteita:<\/p>\n<ul>\n<li><a href=\"https:\/\/www.visitsaimaa.fi\/fi\/nae-ja-koe\/kartanot-ja-puutarhat\/\">Mikkelin seudun ihanat kartanot<\/a><\/li>\n<li><a href=\"https:\/\/www.visitmikkeli.fi\/teema\/astuvansalmi\">Astuvansalmen kalliomaalaukset<\/a> Ristiinassa, Mikkeliss\u00e4<\/li>\n<li><a href=\"https:\/\/www.muisti.org\/\" target=\"_blank\" rel=\"noopener\">Sodan ja rauhan keskus Muisti<\/a> Mikkeliss\u00e4<\/li>\n<li><a href=\"https:\/\/visitsavonlinna.fi\/products\/kerimaen-kirkko-maailman-suurin-puukirkko\/\" target=\"_blank\" rel=\"noopener\">Maailman suurin puukirkko Kerim\u00e4ell\u00e4<\/a><\/li>\n<li><a href=\"https:\/\/operafestival.fi\/\" target=\"_blank\" rel=\"noopener\">Savonlinnan oopperajuhlat<\/a> historiallisessa Olavinlinnassa ja itse <a href=\"https:\/\/www.kansallismuseo.fi\/fi\/olavinlinna\">Olavinlinna<\/a><\/li>\n<li><a href=\"https:\/\/lusto.fi\/\" target=\"_blank\" rel=\"noopener\">Mets\u00e4museo Lusto<\/a> Punkaharjulla<\/li>\n<li><a href=\"https:\/\/www.savonlinna.fi\/riihisaari\" target=\"_blank\" rel=\"noopener\">Riihisaaren luonto- ja museokeskus<\/a> Savonlinnassa<\/li>\n<li><a href=\"http:\/\/mekaanisenmusiikinmuseo.fi\/index.php?page=etusivu_fi\" target=\"_blank\" rel=\"noopener\">Mekaanisen Musiikin Museo<\/a> Varkaudessa<\/li>\n<\/ul>\n<h3>Saimaa Gastronomy on l\u00e4hiruokaa parhaimmillaan<\/h3>\n<p>Saimaan seudun ruuassa n\u00e4kyv\u00e4t ja maistuvat hienot j\u00e4rvikalat, metsien antimet ja paikallisten viljelij\u00f6iden tuottama l\u00e4hiruoka. Monelle maistuu tutut muikut, karjalanpiirakat ja l\u00f6rtsyt, mutta hienostuneempaan makuun l\u00f6ytyy vaikkapa ekologisesti tuotettua sammen tuorem\u00e4ti\u00e4 Varkaudesta \u2013 aitoa l\u00e4hiruokaa sekin.<\/p>\n<p>Merkkin\u00e4 korkeasta laadusta <a href=\"https:\/\/www.visitsaimaa.fi\/fi\/ruoka\/saimaagastronomy\/\">Saimaa Gastronomy<\/a> &#8211; ravintoloille on my\u00f6nnetty D.O. Saimaa -laatu- ja alkuper\u00e4ismerkki. Ne arvostavat raaka-aineissaan&nbsp;alkuper\u00e4\u00e4, puhtautta ja korkeaa laatua. Lue lis\u00e4\u00e4 <a href=\"https:\/\/www.dosaimaa.fi\/\" target=\"_blank\" rel=\"noopener\">D.O. Saimaa<\/a> -ravintoloista ja -tuottajista.[\/vc_column_text][\/vc_column][vc_column width=&#8221;1\/3&#8243; css=&#8221;.vc_custom_1617949706421{padding-top: -10px !important;}&#8221;][vc_column_text css=&#8221;&#8221;]<\/p>\n<h3 style=\"text-align: left;\">Tiesitk\u00f6, ett\u00e4 Saimaalla on<\/h3>\n<ul>\n<li style=\"text-align: left;\"><strong>15 000<\/strong> kilometri\u00e4 rantaviivaa<\/li>\n<li style=\"text-align: left;\"><strong>15 000<\/strong> saarta<\/li>\n<li style=\"text-align: left;\"><strong>15 000<\/strong> puuta jokaista etel\u00e4-savolaista kohden<\/li>\n<li style=\"text-align: left;\">n. <strong>50 000<\/strong> vapaa-ajan asuntoa<\/li>\n<li style=\"text-align: left;\"><strong>495 <\/strong>saimaannorppaa<\/li>\n<li style=\"text-align: left;\"><strong>129<\/strong> kartanoa, joista osa my\u00f6s matkailukohteina<\/li>\n<\/ul>\n<p>[\/vc_column_text][vc_single_image image=&#8221;16995&#8243; img_size=&#8221;medium&#8221; css=&#8221;.vc_custom_1622026411357{padding-left: 20px !important;}&#8221;][vc_single_image image=&#8221;17353&#8243; img_size=&#8221;medium&#8221; css=&#8221;.vc_custom_1622026419953{padding-left: 20px !important;}&#8221;][vc_single_image image=&#8221;6259&#8243; img_size=&#8221;medium&#8221; css=&#8221;.vc_custom_1622026428721{padding-left: 20px !important;}&#8221;][\/vc_column][\/vc_row][vc_row][vc_column][vc_images_carousel images=&#8221;25233,25237,25241,25245,25249,25253,25257,25261,25265,25269,25273,25277,25281,25285&#8243; img_size=&#8221;large&#8221;][\/vc_column][\/vc_row]<\/p>\n","protected":false},"excerpt":{"rendered":"<p>[vc_row full_width=&#8221;stretch_row_content_no_spaces&#8221;][vc_column][vc_row_inner css=&#8221;.vc_custom_1618559574097{padding-top: 40px !important;}&#8221;][vc_column_inner][vc_column_text css=&#8221;&#8221;] Saimaa on aitoja asioita. Puhdas luonto, vuodenaikojen vaihtelut, monipuoliset kulttuurikohteet ja herkulliset ruokael\u00e4mykset kutsuvat nauttimaan ainutlaatuisista kokemuksista Saimaalla.[\/vc_column_text][\/vc_column_inner][\/vc_row_inner][\/vc_column][\/vc_row][vc_row css=&#8221;.vc_custom_1616505888832{padding-top: 40px !important;padding-bottom: 40px !important;}&#8221;][vc_column width=&#8221;2\/3&#8243;][vc_column_text [&hellip;]<\/p>\n","protected":false},"author":57,"featured_media":0,"parent":29046,"menu_order":0,"comment_status":"closed","ping_status":"closed","template":"","meta":{"footnotes":""},"relatedcontent":[],"class_list":["post-19746","page","type-page","status-publish","hentry"],"yoast_head":"<!-- This site is optimized with the Yoast SEO Premium plugin v27.3 (Yoast SEO v27.5) - https:\/\/yoast.com\/product\/yoast-seo-premium-wordpress\/ -->\n<title>Saimaan vahvuudet - Visit Saimaa<\/title>\n<meta name=\"description\" content=\"Saimaa on aitoja asioita. Puhdas luonto, vuodenaikojen vaihtelut, monipuoliset kulttuurikohteet ja herkulliset ruokael\u00e4mykset kutsuvat nauttimaan Saimaa on aitoja asioita. Puhdas luonto, vuodenaikojen vaihtelut, monipuoliset kulttuurikohteetja herkulliset ruokael\u00e4mykset kutsuvat nauttimaan ainutlaatuisista kokemuksista Saimaalla.\" \/>\n<meta name=\"robots\" content=\"index, follow, max-snippet:-1, max-image-preview:large, max-video-preview:-1\" \/>\n<link rel=\"canonical\" href=\"https:\/\/www.visitsaimaa.fi\/fi\/info\/saimaan-vahvuudet\/\" \/>\n<meta property=\"og:locale\" content=\"fi_FI\" \/>\n<meta property=\"og:type\" content=\"article\" \/>\n<meta property=\"og:title\" content=\"Saimaan vahvuudet\" \/>\n<meta property=\"og:description\" content=\"Saimaa on aitoja asioita. Puhdas luonto, vuodenaikojen vaihtelut, monipuoliset kulttuurikohteet ja herkulliset ruokael\u00e4mykset kutsuvat nauttimaan Saimaa on aitoja asioita. Puhdas luonto, vuodenaikojen vaihtelut, monipuoliset kulttuurikohteetja herkulliset ruokael\u00e4mykset kutsuvat nauttimaan ainutlaatuisista kokemuksista Saimaalla.\" \/>\n<meta property=\"og:url\" content=\"https:\/\/www.visitsaimaa.fi\/fi\/info\/saimaan-vahvuudet\/\" \/>\n<meta property=\"og:site_name\" content=\"Visit Saimaa\" \/>\n<meta property=\"article:modified_time\" content=\"2025-06-23T12:11:42+00:00\" \/>\n<meta name=\"twitter:label1\" content=\"Arvioitu lukuaika\" \/>\n\t<meta name=\"twitter:data1\" content=\"3 minuuttia\" \/>\n<script type=\"application\/ld+json\" class=\"yoast-schema-graph\">{\"@context\":\"https:\\\/\\\/schema.org\",\"@graph\":[{\"@type\":\"WebPage\",\"@id\":\"https:\\\/\\\/www.visitsaimaa.fi\\\/fi\\\/info\\\/saimaan-vahvuudet\\\/\",\"url\":\"https:\\\/\\\/www.visitsaimaa.fi\\\/fi\\\/info\\\/saimaan-vahvuudet\\\/\",\"name\":\"Saimaan vahvuudet - Visit Saimaa\",\"isPartOf\":{\"@id\":\"https:\\\/\\\/www.visitsaimaa.fi\\\/fi\\\/#website\"},\"datePublished\":\"2021-03-23T13:25:52+00:00\",\"dateModified\":\"2025-06-23T12:11:42+00:00\",\"description\":\"Saimaa on aitoja asioita. Puhdas luonto, vuodenaikojen vaihtelut, monipuoliset kulttuurikohteet ja herkulliset ruokael\u00e4mykset kutsuvat nauttimaan Saimaa on aitoja asioita. Puhdas luonto, vuodenaikojen vaihtelut, monipuoliset kulttuurikohteetja herkulliset ruokael\u00e4mykset kutsuvat nauttimaan ainutlaatuisista kokemuksista Saimaalla.\",\"breadcrumb\":{\"@id\":\"https:\\\/\\\/www.visitsaimaa.fi\\\/fi\\\/info\\\/saimaan-vahvuudet\\\/#breadcrumb\"},\"inLanguage\":\"fi\",\"potentialAction\":[{\"@type\":\"ReadAction\",\"target\":[\"https:\\\/\\\/www.visitsaimaa.fi\\\/fi\\\/info\\\/saimaan-vahvuudet\\\/\"]}]},{\"@type\":\"BreadcrumbList\",\"@id\":\"https:\\\/\\\/www.visitsaimaa.fi\\\/fi\\\/info\\\/saimaan-vahvuudet\\\/#breadcrumb\",\"itemListElement\":[{\"@type\":\"ListItem\",\"position\":1,\"name\":\"Visit Saimaa\",\"item\":\"https:\\\/\\\/www.visitsaimaa.fi\\\/fi\\\/\"},{\"@type\":\"ListItem\",\"position\":2,\"name\":\"Info\",\"item\":\"https:\\\/\\\/www.visitsaimaa.fi\\\/fi\\\/info\\\/\"},{\"@type\":\"ListItem\",\"position\":3,\"name\":\"Saimaan vahvuudet\"}]},{\"@type\":\"WebSite\",\"@id\":\"https:\\\/\\\/www.visitsaimaa.fi\\\/fi\\\/#website\",\"url\":\"https:\\\/\\\/www.visitsaimaa.fi\\\/fi\\\/\",\"name\":\"Visit Saimaa\",\"description\":\"The Official Travel Guide of Lakeland Saimaa\",\"potentialAction\":[{\"@type\":\"SearchAction\",\"target\":{\"@type\":\"EntryPoint\",\"urlTemplate\":\"https:\\\/\\\/www.visitsaimaa.fi\\\/fi\\\/?s={search_term_string}\"},\"query-input\":{\"@type\":\"PropertyValueSpecification\",\"valueRequired\":true,\"valueName\":\"search_term_string\"}}],\"inLanguage\":\"fi\"}]}<\/script>\n<!-- \/ Yoast SEO Premium plugin. -->","yoast_head_json":{"title":"Saimaan vahvuudet - Visit Saimaa","description":"Saimaa on aitoja asioita. Puhdas luonto, vuodenaikojen vaihtelut, monipuoliset kulttuurikohteet ja herkulliset ruokael\u00e4mykset kutsuvat nauttimaan Saimaa on aitoja asioita. Puhdas luonto, vuodenaikojen vaihtelut, monipuoliset kulttuurikohteetja herkulliset ruokael\u00e4mykset kutsuvat nauttimaan ainutlaatuisista kokemuksista Saimaalla.","robots":{"index":"index","follow":"follow","max-snippet":"max-snippet:-1","max-image-preview":"max-image-preview:large","max-video-preview":"max-video-preview:-1"},"canonical":"https:\/\/www.visitsaimaa.fi\/fi\/info\/saimaan-vahvuudet\/","og_locale":"fi_FI","og_type":"article","og_title":"Saimaan vahvuudet","og_description":"Saimaa on aitoja asioita. Puhdas luonto, vuodenaikojen vaihtelut, monipuoliset kulttuurikohteet ja herkulliset ruokael\u00e4mykset kutsuvat nauttimaan Saimaa on aitoja asioita. Puhdas luonto, vuodenaikojen vaihtelut, monipuoliset kulttuurikohteetja herkulliset ruokael\u00e4mykset kutsuvat nauttimaan ainutlaatuisista kokemuksista Saimaalla.","og_url":"https:\/\/www.visitsaimaa.fi\/fi\/info\/saimaan-vahvuudet\/","og_site_name":"Visit Saimaa","article_modified_time":"2025-06-23T12:11:42+00:00","twitter_misc":{"Arvioitu lukuaika":"3 minuuttia"},"schema":{"@context":"https:\/\/schema.org","@graph":[{"@type":"WebPage","@id":"https:\/\/www.visitsaimaa.fi\/fi\/info\/saimaan-vahvuudet\/","url":"https:\/\/www.visitsaimaa.fi\/fi\/info\/saimaan-vahvuudet\/","name":"Saimaan vahvuudet - Visit Saimaa","isPartOf":{"@id":"https:\/\/www.visitsaimaa.fi\/fi\/#website"},"datePublished":"2021-03-23T13:25:52+00:00","dateModified":"2025-06-23T12:11:42+00:00","description":"Saimaa on aitoja asioita. Puhdas luonto, vuodenaikojen vaihtelut, monipuoliset kulttuurikohteet ja herkulliset ruokael\u00e4mykset kutsuvat nauttimaan Saimaa on aitoja asioita. Puhdas luonto, vuodenaikojen vaihtelut, monipuoliset kulttuurikohteetja herkulliset ruokael\u00e4mykset kutsuvat nauttimaan ainutlaatuisista kokemuksista Saimaalla.","breadcrumb":{"@id":"https:\/\/www.visitsaimaa.fi\/fi\/info\/saimaan-vahvuudet\/#breadcrumb"},"inLanguage":"fi","potentialAction":[{"@type":"ReadAction","target":["https:\/\/www.visitsaimaa.fi\/fi\/info\/saimaan-vahvuudet\/"]}]},{"@type":"BreadcrumbList","@id":"https:\/\/www.visitsaimaa.fi\/fi\/info\/saimaan-vahvuudet\/#breadcrumb","itemListElement":[{"@type":"ListItem","position":1,"name":"Visit Saimaa","item":"https:\/\/www.visitsaimaa.fi\/fi\/"},{"@type":"ListItem","position":2,"name":"Info","item":"https:\/\/www.visitsaimaa.fi\/fi\/info\/"},{"@type":"ListItem","position":3,"name":"Saimaan vahvuudet"}]},{"@type":"WebSite","@id":"https:\/\/www.visitsaimaa.fi\/fi\/#website","url":"https:\/\/www.visitsaimaa.fi\/fi\/","name":"Visit Saimaa","description":"The Official Travel Guide of Lakeland Saimaa","potentialAction":[{"@type":"SearchAction","target":{"@type":"EntryPoint","urlTemplate":"https:\/\/www.visitsaimaa.fi\/fi\/?s={search_term_string}"},"query-input":{"@type":"PropertyValueSpecification","valueRequired":true,"valueName":"search_term_string"}}],"inLanguage":"fi"}]}},"_links":{"self":[{"href":"https:\/\/www.visitsaimaa.fi\/fi\/wp-json\/wp\/v2\/pages\/19746","targetHints":{"allow":["GET"]}}],"collection":[{"href":"https:\/\/www.visitsaimaa.fi\/fi\/wp-json\/wp\/v2\/pages"}],"about":[{"href":"https:\/\/www.visitsaimaa.fi\/fi\/wp-json\/wp\/v2\/types\/page"}],"author":[{"embeddable":true,"href":"https:\/\/www.visitsaimaa.fi\/fi\/wp-json\/wp\/v2\/users\/57"}],"replies":[{"embeddable":true,"href":"https:\/\/www.visitsaimaa.fi\/fi\/wp-json\/wp\/v2\/comments?post=19746"}],"version-history":[{"count":37,"href":"https:\/\/www.visitsaimaa.fi\/fi\/wp-json\/wp\/v2\/pages\/19746\/revisions"}],"predecessor-version":[{"id":32219,"href":"https:\/\/www.visitsaimaa.fi\/fi\/wp-json\/wp\/v2\/pages\/19746\/revisions\/32219"}],"up":[{"embeddable":true,"href":"https:\/\/www.visitsaimaa.fi\/fi\/wp-json\/wp\/v2\/pages\/29046"}],"wp:attachment":[{"href":"https:\/\/www.visitsaimaa.fi\/fi\/wp-json\/wp\/v2\/media?parent=19746"}],"wp:term":[{"taxonomy":"relatedcontent","embeddable":true,"href":"https:\/\/www.visitsaimaa.fi\/fi\/wp-json\/wp\/v2\/relatedcontent?post=19746"}],"curies":[{"name":"wp","href":"https:\/\/api.w.org\/{rel}","templated":true}]}}