{"id":19726,"date":"2021-03-23T14:46:59","date_gmt":"2021-03-23T12:46:59","guid":{"rendered":"https:\/\/www.visitsaimaa.fi\/?page_id=19726"},"modified":"2023-04-06T09:31:59","modified_gmt":"2023-04-06T06:31:59","slug":"medialle-ja-ammattilaisille","status":"publish","type":"page","link":"https:\/\/www.visitsaimaa.fi\/fi\/medialle-ja-ammattilaisille\/","title":{"rendered":"Medialle ja ammattilaisille"},"content":{"rendered":"<p>[vc_row css=&#8221;.vc_custom_1616487903755{padding-top: 50px !important;padding-bottom: 50px !important;}&#8221;][vc_column][vc_column_text]<\/p>\n<h1 style=\"text-align: center;\">Medialle ja ammattilaisille<\/h1>\n<p style=\"text-align: center;\">T\u00e4nne olemme kostaneet vinkkej\u00e4 ja linkkej\u00e4 Saimaan seudun matkakohteiden parhaimmistosta inspiraatiosi l\u00e4hteeksi.<\/p>\n<p style=\"text-align: center;\">T\u00e4\u00e4lt\u00e4 p\u00e4\u00e4set alkuun oletpa suunnittelemassa mediamatkaa tai\u00a0 tutustumismatkaa alueen yrityksiin ja matkakohteisiin.<\/p>\n<p style=\"text-align: center;\">Ja me autamme mielell\u00e4mme, joten <a href=\"https:\/\/www.visitsaimaa.fi\/fi\/yhteyshenkilot\/\">ota rohkeasti yhteytt\u00e4<\/a>!<\/p>\n<p>[\/vc_column_text][\/vc_column][\/vc_row][vc_row full_width=&#8221;stretch_row_content_no_spaces&#8221;][vc_column width=&#8221;1\/2&#8243; css=&#8221;.vc_custom_1618213851852{padding-top: 100px !important;padding-bottom: 100px !important;background-image: url(https:\/\/www.visitsaimaa.fi\/wp-content\/uploads\/2021\/03\/at-neitvuori-hill.jpg?id=19679) !important;background-position: center !important;background-repeat: no-repeat !important;background-size: cover !important;}&#8221;][vc_column_text]<\/p>\n<h2 style=\"text-align: center\"><span style=\"color: #ffffff\">Saimaan vahvuudet<br \/>\n<\/span><\/h2>\n<p>[\/vc_column_text][vc_btn title=&#8221;TUTUSTU SAIMAASEEN&#8221; style=&#8221;flat&#8221; shape=&#8221;round&#8221; color=&#8221;blue&#8221; align=&#8221;center&#8221; i_icon_fontawesome=&#8221;fas fa-arrow-right&#8221; css_animation=&#8221;fadeInDown&#8221; add_icon=&#8221;true&#8221; link=&#8221;url:https%3A%2F%2Fwww.visitsaimaa.fi%2Ffi%2Fsaimaan-vahvuudet%2F|title:K%C3%A4rkiteemat&#8221;][\/vc_column][vc_column width=&#8221;1\/2&#8243; css=&#8221;.vc_custom_1637319077139{padding-top: 100px !important;padding-bottom: 100px !important;background-image: url(https:\/\/www.visitsaimaa.fi\/wp-content\/uploads\/2021\/11\/Tertin_kartano_2021_VisitMikkeli_kuva_Pihla_Liukkonen_Kontrastia-7-scaled.jpg?id=24605) !important;background-position: center !important;background-repeat: no-repeat !important;background-size: cover !important;}&#8221;][vc_column_text]<\/p>\n<h2><\/h2>\n<h2><\/h2>\n<h2><\/h2>\n<h2><\/h2>\n<h2><\/h2>\n<h2 style=\"text-align: center;\"><span style=\"color: #ffffff;\">Majoitus, ravintolat ja kokoukset<br \/>\n<\/span><\/h2>\n<p>[\/vc_column_text][vc_btn title=&#8221;L\u00d6YD\u00c4 OMA OLOSI&#8221; style=&#8221;flat&#8221; shape=&#8221;round&#8221; color=&#8221;blue&#8221; align=&#8221;center&#8221; i_icon_fontawesome=&#8221;fas fa-arrow-right&#8221; css_animation=&#8221;fadeInDown&#8221; add_icon=&#8221;true&#8221; link=&#8221;url:https%3A%2F%2Fwww.visitsaimaa.fi%2Ffi%2Fmajoitus-ravintolat-ja-kokoukset%2F|title:K%C3%A4rkiteemat&#8221;][\/vc_column][\/vc_row][vc_row full_width=&#8221;stretch_row_content_no_spaces&#8221;][vc_column width=&#8221;1\/2&#8243; css=&#8221;.vc_custom_1618213937945{padding-top: 100px !important;padding-bottom: 100px !important;background-image: url(https:\/\/www.visitsaimaa.fi\/wp-content\/uploads\/2020\/07\/Olavinlinna-photographer-1.jpg?id=16974) !important;background-position: center !important;background-repeat: no-repeat !important;background-size: cover !important;}&#8221;][vc_column_text]<\/p>\n<h2 style=\"text-align: center\"><span style=\"color: #ffffff\">Reittej\u00e4 Saimaalle<br \/>\n<\/span><\/h2>\n<p>[\/vc_column_text][vc_btn title=&#8221;L\u00d6YD\u00c4 REITTISI&#8221; style=&#8221;flat&#8221; shape=&#8221;round&#8221; color=&#8221;blue&#8221; align=&#8221;center&#8221; i_icon_fontawesome=&#8221;fas fa-arrow-right&#8221; css_animation=&#8221;fadeInDown&#8221; add_icon=&#8221;true&#8221; link=&#8221;url:https%3A%2F%2Fwww.visitsaimaa.fi%2Ffi%2Freitteja-saimaalle%2F|title:Reittej%C3%A4%20Saimaalle&#8221;][\/vc_column][vc_column width=&#8221;1\/2&#8243; css=&#8221;.vc_custom_1618214870480{padding-top: 100px !important;padding-bottom: 100px !important;background-image: url(https:\/\/www.visitsaimaa.fi\/wp-content\/uploads\/2020\/07\/Neitvuori-view-2.jpg?id=16937) !important;background-position: center !important;background-repeat: no-repeat !important;background-size: cover !important;}&#8221;][vc_column_text]<\/p>\n<h2 style=\"text-align: center\"><span style=\"color: #ffffff\">Kuvia Saimaalta<br \/>\n<\/span><\/h2>\n<p>[\/vc_column_text][vc_btn title=&#8221;SIIRRY KUVAPANKKIIN&#8221; style=&#8221;flat&#8221; shape=&#8221;round&#8221; color=&#8221;blue&#8221; align=&#8221;center&#8221; i_icon_fontawesome=&#8221;fas fa-arrow-right&#8221; css_animation=&#8221;fadeInDown&#8221; add_icon=&#8221;true&#8221; link=&#8221;url:https%3A%2F%2Fsaimaa.kuvat.fi%2Fkuvat%2F|title:kuvat.fi-kuvapankki&#8221;][\/vc_column][\/vc_row][vc_row full_width=&#8221;stretch_row_content_no_spaces&#8221; css=&#8221;.vc_custom_1627389836880{padding-bottom: 30px !important;}&#8221;][vc_column width=&#8221;1\/2&#8243; css=&#8221;.vc_custom_1618214057166{padding-top: 100px !important;padding-bottom: 100px !important;background-image: url(https:\/\/www.visitsaimaa.fi\/wp-content\/uploads\/2020\/08\/Varkaus.jpg?id=17272) !important;background-position: center !important;background-repeat: no-repeat !important;background-size: cover !important;}&#8221;][vc_column_text]<\/p>\n<h2 style=\"text-align: center\"><span style=\"color: #ffffff\">Tutustumismatkalle?<br \/>\n<\/span><\/h2>\n<p>[\/vc_column_text][vc_btn title=&#8221;TERVETULOA!&#8221; style=&#8221;flat&#8221; shape=&#8221;round&#8221; color=&#8221;blue&#8221; align=&#8221;center&#8221; i_icon_fontawesome=&#8221;fas fa-arrow-right&#8221; css_animation=&#8221;fadeInDown&#8221; add_icon=&#8221;true&#8221; link=&#8221;url:https%3A%2F%2Fwww.visitsaimaa.fi%2Ffi%2Ftutustumismatkat%2F|title:Tutustumismatkat&#8221;][\/vc_column][vc_column width=&#8221;1\/2&#8243; css=&#8221;.vc_custom_1633004349081{padding-top: 100px !important;padding-bottom: 100px !important;background-image: url(https:\/\/www.visitsaimaa.fi\/wp-content\/uploads\/2020\/10\/savonlinna-10-2017.png?id=18143) !important;background-position: center !important;background-repeat: no-repeat !important;background-size: cover !important;}&#8221;][vc_column_text]<\/p>\n<h2 style=\"text-align: center\"><span style=\"color: #ffffff\">Yhteyshenkil\u00f6t<\/span><\/h2>\n<p>[\/vc_column_text][vc_btn title=&#8221;OTA YHTEYTT\u00c4!&#8221; style=&#8221;flat&#8221; shape=&#8221;round&#8221; color=&#8221;blue&#8221; align=&#8221;center&#8221; i_icon_fontawesome=&#8221;fas fa-arrow-right&#8221; css_animation=&#8221;fadeInDown&#8221; add_icon=&#8221;true&#8221; link=&#8221;url:https%3A%2F%2Fwww.visitsaimaa.fi%2Ffi%2Fyhteyshenkilot%2F|title:Yhteyshenkil%C3%B6t&#8221;][\/vc_column][\/vc_row]<\/p>\n","protected":false},"excerpt":{"rendered":"<p>[vc_row css=&#8221;.vc_custom_1616487903755{padding-top: 50px !important;padding-bottom: 50px !important;}&#8221;][vc_column][vc_column_text] Medialle ja ammattilaisille T\u00e4nne olemme kostaneet vinkkej\u00e4 ja linkkej\u00e4 Saimaan seudun matkakohteiden parhaimmistosta inspiraatiosi l\u00e4hteeksi. T\u00e4\u00e4lt\u00e4 p\u00e4\u00e4set alkuun oletpa suunnittelemassa mediamatkaa tai\u00a0 tutustumismatkaa alueen [&hellip;]<\/p>\n","protected":false},"author":57,"featured_media":0,"parent":0,"menu_order":0,"comment_status":"closed","ping_status":"closed","template":"","meta":{"footnotes":""},"relatedcontent":[],"class_list":["post-19726","page","type-page","status-publish","hentry"],"yoast_head":"<!-- This site is optimized with the Yoast SEO Premium plugin v27.3 (Yoast SEO v27.5) - https:\/\/yoast.com\/product\/yoast-seo-premium-wordpress\/ -->\n<title>Medialle ja ammattilaisille - Visit Saimaa<\/title>\n<meta name=\"description\" content=\"Medialle ja ammattilaisille T\u00e4nne olemme kostaneet vinkkej\u00e4 ja linkkej\u00e4 Saimaan seudun matkakohteiden parhaimmistosta inspiraatiosi l\u00e4hteeksi. T\u00e4\u00e4lt\u00e4\" \/>\n<meta name=\"robots\" content=\"index, follow, max-snippet:-1, max-image-preview:large, max-video-preview:-1\" \/>\n<link rel=\"canonical\" href=\"https:\/\/www.visitsaimaa.fi\/fi\/medialle-ja-ammattilaisille\/\" \/>\n<meta property=\"og:locale\" content=\"fi_FI\" \/>\n<meta property=\"og:type\" content=\"article\" \/>\n<meta property=\"og:title\" content=\"Medialle ja ammattilaisille\" \/>\n<meta property=\"og:description\" content=\"Medialle ja ammattilaisille T\u00e4nne olemme kostaneet vinkkej\u00e4 ja linkkej\u00e4 Saimaan seudun matkakohteiden parhaimmistosta inspiraatiosi l\u00e4hteeksi. T\u00e4\u00e4lt\u00e4\" \/>\n<meta property=\"og:url\" content=\"https:\/\/www.visitsaimaa.fi\/fi\/medialle-ja-ammattilaisille\/\" \/>\n<meta property=\"og:site_name\" content=\"Visit Saimaa\" \/>\n<meta property=\"article:modified_time\" content=\"2023-04-06T06:31:59+00:00\" \/>\n<meta name=\"twitter:label1\" content=\"Arvioitu lukuaika\" \/>\n\t<meta name=\"twitter:data1\" content=\"1 minuutti\" \/>\n<script type=\"application\/ld+json\" class=\"yoast-schema-graph\">{\"@context\":\"https:\\\/\\\/schema.org\",\"@graph\":[{\"@type\":\"WebPage\",\"@id\":\"https:\\\/\\\/www.visitsaimaa.fi\\\/fi\\\/medialle-ja-ammattilaisille\\\/\",\"url\":\"https:\\\/\\\/www.visitsaimaa.fi\\\/fi\\\/medialle-ja-ammattilaisille\\\/\",\"name\":\"Medialle ja ammattilaisille - Visit Saimaa\",\"isPartOf\":{\"@id\":\"https:\\\/\\\/www.visitsaimaa.fi\\\/fi\\\/#website\"},\"datePublished\":\"2021-03-23T12:46:59+00:00\",\"dateModified\":\"2023-04-06T06:31:59+00:00\",\"description\":\"Medialle ja ammattilaisille T\u00e4nne olemme kostaneet vinkkej\u00e4 ja linkkej\u00e4 Saimaan seudun matkakohteiden parhaimmistosta inspiraatiosi l\u00e4hteeksi. T\u00e4\u00e4lt\u00e4\",\"breadcrumb\":{\"@id\":\"https:\\\/\\\/www.visitsaimaa.fi\\\/fi\\\/medialle-ja-ammattilaisille\\\/#breadcrumb\"},\"inLanguage\":\"fi\",\"potentialAction\":[{\"@type\":\"ReadAction\",\"target\":[\"https:\\\/\\\/www.visitsaimaa.fi\\\/fi\\\/medialle-ja-ammattilaisille\\\/\"]}]},{\"@type\":\"BreadcrumbList\",\"@id\":\"https:\\\/\\\/www.visitsaimaa.fi\\\/fi\\\/medialle-ja-ammattilaisille\\\/#breadcrumb\",\"itemListElement\":[{\"@type\":\"ListItem\",\"position\":1,\"name\":\"Visit Saimaa\",\"item\":\"https:\\\/\\\/www.visitsaimaa.fi\\\/fi\\\/\"},{\"@type\":\"ListItem\",\"position\":2,\"name\":\"Medialle ja ammattilaisille\"}]},{\"@type\":\"WebSite\",\"@id\":\"https:\\\/\\\/www.visitsaimaa.fi\\\/fi\\\/#website\",\"url\":\"https:\\\/\\\/www.visitsaimaa.fi\\\/fi\\\/\",\"name\":\"Visit Saimaa\",\"description\":\"The Official Travel Guide of Lakeland Saimaa\",\"potentialAction\":[{\"@type\":\"SearchAction\",\"target\":{\"@type\":\"EntryPoint\",\"urlTemplate\":\"https:\\\/\\\/www.visitsaimaa.fi\\\/fi\\\/?s={search_term_string}\"},\"query-input\":{\"@type\":\"PropertyValueSpecification\",\"valueRequired\":true,\"valueName\":\"search_term_string\"}}],\"inLanguage\":\"fi\"}]}<\/script>\n<!-- \/ Yoast SEO Premium plugin. -->","yoast_head_json":{"title":"Medialle ja ammattilaisille - Visit Saimaa","description":"Medialle ja ammattilaisille T\u00e4nne olemme kostaneet vinkkej\u00e4 ja linkkej\u00e4 Saimaan seudun matkakohteiden parhaimmistosta inspiraatiosi l\u00e4hteeksi. T\u00e4\u00e4lt\u00e4","robots":{"index":"index","follow":"follow","max-snippet":"max-snippet:-1","max-image-preview":"max-image-preview:large","max-video-preview":"max-video-preview:-1"},"canonical":"https:\/\/www.visitsaimaa.fi\/fi\/medialle-ja-ammattilaisille\/","og_locale":"fi_FI","og_type":"article","og_title":"Medialle ja ammattilaisille","og_description":"Medialle ja ammattilaisille T\u00e4nne olemme kostaneet vinkkej\u00e4 ja linkkej\u00e4 Saimaan seudun matkakohteiden parhaimmistosta inspiraatiosi l\u00e4hteeksi. T\u00e4\u00e4lt\u00e4","og_url":"https:\/\/www.visitsaimaa.fi\/fi\/medialle-ja-ammattilaisille\/","og_site_name":"Visit Saimaa","article_modified_time":"2023-04-06T06:31:59+00:00","twitter_misc":{"Arvioitu lukuaika":"1 minuutti"},"schema":{"@context":"https:\/\/schema.org","@graph":[{"@type":"WebPage","@id":"https:\/\/www.visitsaimaa.fi\/fi\/medialle-ja-ammattilaisille\/","url":"https:\/\/www.visitsaimaa.fi\/fi\/medialle-ja-ammattilaisille\/","name":"Medialle ja ammattilaisille - Visit Saimaa","isPartOf":{"@id":"https:\/\/www.visitsaimaa.fi\/fi\/#website"},"datePublished":"2021-03-23T12:46:59+00:00","dateModified":"2023-04-06T06:31:59+00:00","description":"Medialle ja ammattilaisille T\u00e4nne olemme kostaneet vinkkej\u00e4 ja linkkej\u00e4 Saimaan seudun matkakohteiden parhaimmistosta inspiraatiosi l\u00e4hteeksi. T\u00e4\u00e4lt\u00e4","breadcrumb":{"@id":"https:\/\/www.visitsaimaa.fi\/fi\/medialle-ja-ammattilaisille\/#breadcrumb"},"inLanguage":"fi","potentialAction":[{"@type":"ReadAction","target":["https:\/\/www.visitsaimaa.fi\/fi\/medialle-ja-ammattilaisille\/"]}]},{"@type":"BreadcrumbList","@id":"https:\/\/www.visitsaimaa.fi\/fi\/medialle-ja-ammattilaisille\/#breadcrumb","itemListElement":[{"@type":"ListItem","position":1,"name":"Visit Saimaa","item":"https:\/\/www.visitsaimaa.fi\/fi\/"},{"@type":"ListItem","position":2,"name":"Medialle ja ammattilaisille"}]},{"@type":"WebSite","@id":"https:\/\/www.visitsaimaa.fi\/fi\/#website","url":"https:\/\/www.visitsaimaa.fi\/fi\/","name":"Visit Saimaa","description":"The Official Travel Guide of Lakeland Saimaa","potentialAction":[{"@type":"SearchAction","target":{"@type":"EntryPoint","urlTemplate":"https:\/\/www.visitsaimaa.fi\/fi\/?s={search_term_string}"},"query-input":{"@type":"PropertyValueSpecification","valueRequired":true,"valueName":"search_term_string"}}],"inLanguage":"fi"}]}},"_links":{"self":[{"href":"https:\/\/www.visitsaimaa.fi\/fi\/wp-json\/wp\/v2\/pages\/19726","targetHints":{"allow":["GET"]}}],"collection":[{"href":"https:\/\/www.visitsaimaa.fi\/fi\/wp-json\/wp\/v2\/pages"}],"about":[{"href":"https:\/\/www.visitsaimaa.fi\/fi\/wp-json\/wp\/v2\/types\/page"}],"author":[{"embeddable":true,"href":"https:\/\/www.visitsaimaa.fi\/fi\/wp-json\/wp\/v2\/users\/57"}],"replies":[{"embeddable":true,"href":"https:\/\/www.visitsaimaa.fi\/fi\/wp-json\/wp\/v2\/comments?post=19726"}],"version-history":[{"count":41,"href":"https:\/\/www.visitsaimaa.fi\/fi\/wp-json\/wp\/v2\/pages\/19726\/revisions"}],"predecessor-version":[{"id":27861,"href":"https:\/\/www.visitsaimaa.fi\/fi\/wp-json\/wp\/v2\/pages\/19726\/revisions\/27861"}],"wp:attachment":[{"href":"https:\/\/www.visitsaimaa.fi\/fi\/wp-json\/wp\/v2\/media?parent=19726"}],"wp:term":[{"taxonomy":"relatedcontent","embeddable":true,"href":"https:\/\/www.visitsaimaa.fi\/fi\/wp-json\/wp\/v2\/relatedcontent?post=19726"}],"curies":[{"name":"wp","href":"https:\/\/api.w.org\/{rel}","templated":true}]}}