{"id":19166,"date":"2021-02-01T13:24:57","date_gmt":"2021-02-01T11:24:57","guid":{"rendered":"https:\/\/www.visitsaimaa.fi\/?page_id=19166"},"modified":"2025-06-23T15:29:57","modified_gmt":"2025-06-23T12:29:57","slug":"etatyo","status":"publish","type":"page","link":"https:\/\/www.visitsaimaa.fi\/fi\/info\/etatyo\/","title":{"rendered":"Et\u00e4ty\u00f6"},"content":{"rendered":"<p>[vc_row full_width=&#8221;stretch_row_content_no_spaces&#8221;][vc_column]<div class=\"main_header normal\">\n    <figure style=\"background-image: url('https:\/\/www.visitsaimaa.fi\/wp-content\/uploads\/2021\/02\/mies_avannossa-1920x600.jpg'); background-position: center center;\"><\/figure>\n    <div class=\"main_header_content\" style=\"\">\n        <div class=\"container\">\n            \n<h1 style=\"text-align: center\"><b data-stringify-type=\"bold\">Et\u00e4ty\u00f6 Saimaalla \u2013 iloa ja valoa ty\u00f6ntekoon!<\/b><\/h1>\n    \n        <\/div>\n    <\/div><!-- \/.container -->\n<\/div><!-- \/.main_header -->\n\n[\/vc_column][\/vc_row][vc_row css=&#8221;.vc_custom_1612178411939{margin-top: 40px !important;margin-bottom: 40px !important;}&#8221;][vc_column width=&#8221;1\/6&#8243;][\/vc_column][vc_column width=&#8221;2\/3&#8243;][vc_column_text]<\/p>\n<h2 style=\"text-align: center\">Viisi syyt\u00e4 vuokrata et\u00e4ty\u00f6paikka keskelt\u00e4 Suomen kauneinta j\u00e4rviluontoa<\/h2>\n<p style=\"text-align: center\"><strong>Ty\u00f6ntekij\u00e4 on yrityksen t\u00e4rkein resurssi. Keskell\u00e4 pitkittyneit\u00e4 poikkeusoloja ty\u00f6nantajat voivat nyt ilahduttaa urheita et\u00e4ty\u00f6ntekij\u00f6it\u00e4 tarjoamalla Saimaalta upeat puitteet et\u00e4ty\u00f6n tekoon. Rentoutunut mieli on avain kirkkaampaan ja tehokkaampaan ty\u00f6p\u00e4iv\u00e4\u00e4n.<\/strong><\/p>\n<p style=\"text-align: center\">Saimaan rannoilla on tarjolla upeita mahdollisuuksia et\u00e4ty\u00f6n tekoon. Yritys voi vuokrata ty\u00f6ntekij\u00f6idens\u00e4 k\u00e4ytt\u00f6\u00f6n esimerkiksi m\u00f6kin tai hotellihuoneita keskelt\u00e4 Saimaan ainutlaatuisia puitteita.<\/p>\n<p style=\"text-align: center\">Ty\u00f6ntekij\u00e4t saavat vauhtia ty\u00f6ntekoon maisemanvaihdosta, mutta ovat edelleen turvassa koronavirukselta. Esimerkiksi m\u00f6keiss\u00e4 voi mainiosti tehd\u00e4 p\u00e4iv\u00e4t et\u00e4t\u00f6it\u00e4 ja ty\u00f6p\u00e4iv\u00e4n j\u00e4lkeen elo Saimaalla lataa akkuja tehokkaasti. Mik\u00e4\u00e4n ei tuo enemp\u00e4\u00e4 lis\u00e4voimaa kuin m\u00f6kkisauna, pulahdus avantoon tai hotelliaamiainen.<\/p>\n<p style=\"text-align: center\">Lis\u00e4ksi perhe voi l\u00e4hte\u00e4 mukaan, sill\u00e4 Saimaalla piisaa runsain mitoin puuhaa perheille.<\/p>\n<p>[\/vc_column_text][\/vc_column][vc_column width=&#8221;1\/6&#8243;][\/vc_column][\/vc_row][vc_row full_width=&#8221;stretch_row_content_no_spaces&#8221; parallax=&#8221;content-moving&#8221; parallax_image=&#8221;19288&#8243; css=&#8221;.vc_custom_1612272820586{margin-top: 50px !important;margin-bottom: 50px !important;padding-top: 120px !important;padding-bottom: 120px !important;}&#8221;][vc_column][\/vc_column][\/vc_row][vc_row][vc_column width=&#8221;1\/6&#8243;][\/vc_column][vc_column width=&#8221;2\/3&#8243;][vc_column_text css=&#8221;&#8221;]<\/p>\n<h2 style=\"text-align: center;\"><\/h2>\n<h2 style=\"text-align: center;\"><strong><span style=\"font-size: 48px;\">1.<\/span><\/strong><\/h2>\n<h4 style=\"text-align: center;\"><strong>Ty\u00f6ntekij\u00e4lle rauhaa keskitty\u00e4.<\/strong><\/h4>\n<p style=\"text-align: center;\">Saimaan luonnon hiljaisuudessa mieli tyhjenee ylim\u00e4\u00e4r\u00e4isest\u00e4 ja ty\u00f6kin sujuu lennokkaammin. Jos perhe on mukana, voi ty\u00f6t\u00e4 tehd\u00e4 my\u00f6s m\u00f6kkikuntien tarjoamissa et\u00e4ty\u00f6pisteiss\u00e4.<\/p>\n<h2 style=\"text-align: center;\"><strong><span style=\"font-size: 48px;\">2.<\/span><\/strong><\/h2>\n<h4 style=\"text-align: center;\"><strong>Hyv\u00e4t yhteydet et\u00e4palavereille<\/strong><\/h4>\n<p style=\"text-align: center;\">Saimaan alueella on panostettu tietoliikenneyhteyksien toimivuuteen ja ty\u00f6lle t\u00e4rke\u00e4t nettiyhteydet toimivat sujuvasti monessa niemennokassa.<\/p>\n<h2 style=\"text-align: center;\"><strong><span style=\"font-size: 48px;\">3.<\/span><\/strong><\/h2>\n<h4 style=\"text-align: center;\"><strong>Lis\u00e4potkua saunasta, luonnosta ja l\u00e4hiruuasta<\/strong><\/h4>\n<p style=\"text-align: center;\">Vapaa-ajalla saunominen, luonnossa liikkuminen ja ulkoharrastukset tuovat kiireisen ty\u00f6ntekij\u00e4n arkeen kaivatun heng\u00e4hdystauon. Lis\u00e4ksi ymp\u00e4ri Saimaan aluetta on tarjolla Suomen parasta l\u00e4hiruokaa, josta voi nauttia my\u00f6s talviaikaan.<\/p>\n<h2 style=\"text-align: center;\"><strong><span style=\"font-size: 48px;\">4.<\/span><\/strong><\/h2>\n<h4 style=\"text-align: center;\"><strong>Lyhyt matka p\u00e4\u00e4kaupunkiseudulle<\/strong><\/h4>\n<p style=\"text-align: center;\">Jos et\u00e4ty\u00f6ss\u00e4 Saimaalla viihtyy pidemm\u00e4nkin aikaa, p\u00e4\u00e4see p\u00e4\u00e4kaupunkiseudulle tarvittaessa vain muutamassa tunnissa.<\/p>\n<h2 style=\"text-align: center;\"><strong><span style=\"font-size: 48px;\">5.<\/span><\/strong><\/h2>\n<h4 style=\"text-align: center;\"><strong>Positiivinen yritysmielikuva<\/strong><\/h4>\n<p style=\"text-align: center;\">Ty\u00f6ntekij\u00f6iden et\u00e4ty\u00f6oloihin panostaminen luo ty\u00f6antajasta positiivista mielikuvaa, ja se viesti kiirii kauas. Saimaalta esimerkiksi m\u00f6kin vuokraava yritys tarjoaa samalla ty\u00f6ntekij\u00f6ille koronaturvallisen, mutta ainutlaatuisen ymp\u00e4rist\u00f6n niin arjen kuin vapaa-ajan viettoon.<\/p>\n<p>[\/vc_column_text][\/vc_column][vc_column width=&#8221;1\/6&#8243;][\/vc_column][\/vc_row][vc_row][vc_column][vc_icon icon_fontawesome=&#8221;fas fa-chevron-down&#8221; color=&#8221;black&#8221; align=&#8221;center&#8221; css_animation=&#8221;fadeInDown&#8221;][\/vc_column][\/vc_row][vc_row][vc_column][vc_column_text]<\/p>\n<h2 style=\"text-align: center\">Huvilat ja m\u00f6kit<\/h2>\n<p style=\"text-align: center\">Todellista luonnonrauhaa kaipaavalle ty\u00f6ntekij\u00e4lle Saimaalta l\u00f6ytyy paljon erilaisia m\u00f6kkivaihtoehtoja ja luksusta kaipaavalle tai koko perheen kanssa matkaavalle tasokas huvila.<\/p>\n<p>[\/vc_column_text][vc_row_inner][vc_column_inner width=&#8221;1\/2&#8243;]<div class=\"image-and-button-shortcode\" style=\"background-image: url('https:\/\/www.visitsaimaa.fi\/wp-content\/uploads\/2025\/06\/remote-working-at-cottage-laiturilla-1920x600.jpg')\">\n\t\t<a href=\"https:\/\/www.visitsaimaa.fi\/fi\/majoitu\/\"  class=\"btn btn-primary\">Tutustu alueen m\u00f6kkitarjontaan &raquo;<\/a>\n<\/div>\n[\/vc_column_inner][vc_column_inner width=&#8221;1\/2&#8243;]<div class=\"image-and-button-shortcode\" style=\"background-image: url('https:\/\/www.visitsaimaa.fi\/wp-content\/uploads\/2025\/06\/seurahuone_huoneisto009-high-res-1-1024x600.jpg')\">\n\t\t<a href=\"https:\/\/www.sokoshotels.fi\/hotellit\/savonlinna\/original-sokos-hotel-seurahuone\/seurahuone-apartments?gad_source=1&gad_campaignid=22553798853&gbraid=0AAAAADz-q48jzZr5WsfSrcQp4ltQ2RRKV&gclid=CjwKCAjw9uPCBhATEiwABHN9K0GV72D6EOxXQC1tlNMNKHYohGPi6Crj1G8GEBqXSnH1iR43XgwZ-RoCKZcQAvD_BwE\" target=\"_blank\" class=\"btn btn-primary\">Varaa pidempiaikainen majoitus Savonlinnan keskustasta &raquo;<\/a>\n<\/div>\n[\/vc_column_inner][\/vc_row_inner][\/vc_column][\/vc_row][vc_row][vc_column][\/vc_column][\/vc_row][vc_row][vc_column][\/vc_column][\/vc_row][vc_row][vc_column][vc_icon icon_fontawesome=&#8221;fas fa-chevron-down&#8221; color=&#8221;black&#8221; align=&#8221;center&#8221; css_animation=&#8221;fadeInDown&#8221;][\/vc_column][\/vc_row][vc_row full_width=&#8221;stretch_row_content_no_spaces&#8221; parallax=&#8221;content-moving&#8221; parallax_image=&#8221;19288&#8243; css=&#8221;.vc_custom_1612272820586{margin-top: 50px !important;margin-bottom: 50px !important;padding-top: 120px !important;padding-bottom: 120px !important;}&#8221;][vc_column][vc_btn title=&#8221;LIS\u00c4\u00c4 ET\u00c4TY\u00d6VINKKEJ\u00c4 SAVONLINNASSA&#8221; style=&#8221;flat&#8221; shape=&#8221;square&#8221; color=&#8221;black&#8221; size=&#8221;lg&#8221; align=&#8221;center&#8221; i_icon_fontawesome=&#8221;fas fa-angle-right&#8221; add_icon=&#8221;true&#8221; link=&#8221;url:https%3A%2F%2Fvisitsavonlinna.fi%2Fworkatsavonlinna%2F|target:_blank&#8221;][vc_btn title=&#8221;ET\u00c4TY\u00d6 M\u00d6KILL\u00c4 ETEL\u00c4-SAVOSSA&#8221; style=&#8221;flat&#8221; shape=&#8221;square&#8221; color=&#8221;black&#8221; size=&#8221;lg&#8221; align=&#8221;center&#8221; i_icon_fontawesome=&#8221;fas fa-angle-right&#8221; add_icon=&#8221;true&#8221; link=&#8221;url:https%3A%2F%2Flaiturilla.fi%2Fetatyo-mokilla|target:_blank&#8221;][vc_btn title=&#8221;ET\u00c4TY\u00d6TILAT PUUMALASSA&#8221; style=&#8221;flat&#8221; shape=&#8221;square&#8221; color=&#8221;black&#8221; size=&#8221;lg&#8221; align=&#8221;center&#8221; i_icon_fontawesome=&#8221;fas fa-angle-right&#8221; add_icon=&#8221;true&#8221; link=&#8221;url:https%3A%2F%2Fpuumala.fi%2Ftyo-ja-yrittajyys%2Fvapaat-toimitilat%2F|target:_blank&#8221;][vc_btn title=&#8221;ET\u00c4TY\u00d6TILAT JUVALLA&#8221; style=&#8221;flat&#8221; shape=&#8221;square&#8221; color=&#8221;black&#8221; size=&#8221;lg&#8221; align=&#8221;center&#8221; i_icon_fontawesome=&#8221;fas fa-angle-right&#8221; add_icon=&#8221;true&#8221; link=&#8221;url:https%3A%2F%2Fwww.juva.fi%2Fetatyo|target:_blank&#8221;][vc_btn title=&#8221;ET\u00c4TY\u00d6TILAT SULKAVALLA&#8221; style=&#8221;flat&#8221; shape=&#8221;square&#8221; color=&#8221;black&#8221; size=&#8221;lg&#8221; align=&#8221;center&#8221; i_icon_fontawesome=&#8221;fas fa-angle-right&#8221; add_icon=&#8221;true&#8221; link=&#8221;url:https%3A%2F%2Fsulkava.fi%2Fvapaa-ajan-palvelut%2Fkirjasto%2Fpalvelut%2F|target:_blank&#8221;][\/vc_column][\/vc_row][vc_row][vc_column][vc_column_text]<\/p>\n<h2 style=\"text-align: center\">Ty\u00f6p\u00e4iv\u00e4n tauko luonnossa<\/h2>\n<p style=\"text-align: center\">Alla olevasta kartasta l\u00f6yd\u00e4t helposti sopivat luontoreitit ja -polut Saimaalta. Klikkaa listatut kortit auki saadaksesi lis\u00e4tietoa reitist\u00e4.<\/p>\n<p>[\/vc_column_text][\/vc_column][\/vc_row][vc_row][vc_column][vc_raw_html css=&#8221;&#8221;]JTNDc2NyaXB0JTIwdHlwZSUzRCUyMnRleHQlMkZqYXZhc2NyaXB0JTIyJTIwc3JjJTNEJTIyJTJGJTJGd3d3Lm91dGRvb3JhY3RpdmUuY29tJTJGYWxwcG9ydGFsJTJGb2FfaGVhZC5qcyUzRnByb2olM0RhcGktZnYtdmlzaXQtbWlra2VsaSUyNmFtcCUzQmtleSUzREJKRjlaU0ZDLUVNV0dNWlJCLTRPU1NMUlZVJTI2YW1wJTNCbGFuZyUzRGZpJTIyJTNFJTNDJTJGc2NyaXB0JTNFJTBBJTBBJTNDZGl2JTIwY2xhc3MlM0QlMjJvYXgtdG9wLWNvbnQlMjIlM0UlM0MlMkZkaXYlM0UlMEElMEElMjAlMjAlMjAlMjAlM0NzY3JpcHQlMjB0eXBlJTNEJTIydGV4dCUyRmphdmFzY3JpcHQlMjIlM0UlMEElMEElMjAlMjAlMjAlMjAlMjAlMjB2YXIlMjBjb25mJTIwJTNEJTIwJTdCJTBBJTIwJTIwJTIwJTIwJTIwJTIwJTIwJTIwJTIwJTIwZnJvbnRlbmR0eXBlJTNBJTIwJTIwJTIwJTIydG91ciUyMiUyQyUwQSUyMCUyMCUyMCUyMCUyMCUyMCUyMCUyMCUyMCUyMHpvb20lM0ElMjAlMjAlMjAlMjAlMjAlMjAlMjAlMjAlMjAlMjAlMjA4JTJDJTBBJTIwJTIwJTIwJTIwJTIwJTIwJTIwJTIwJTIwJTIwY2VudGVyJTNBJTIwJTIwJTIwJTIwJTIwJTIwJTIwJTVCJTIwMjguMTI1JTJDJTIwNjEuNzgwOTIlMjAlNUQlMEElMjAlMjAlMjAlMjAlMjAlMjAlN0QlM0IlMEElMjAlMjAlMjAlMjAlMjAlMjAlMEElMjAlMjAlMjAlMjAlMjAlMjB2YXIlMjBmdnAlMjAlM0QlMjBvYS5hcGkuZmxleHZpZXdwYWdlJTI4JTIwY29uZiUyMCUyOSUzQiUwQSUwQSUyMCUyMCUyMCUyMCUzQyUyRnNjcmlwdCUzRQ==[\/vc_raw_html][\/vc_column][\/vc_row]<\/p>\n","protected":false},"excerpt":{"rendered":"<p>[vc_row full_width=&#8221;stretch_row_content_no_spaces&#8221;][vc_column][\/vc_column][\/vc_row][vc_row css=&#8221;.vc_custom_1612178411939{margin-top: 40px !important;margin-bottom: 40px !important;}&#8221;][vc_column width=&#8221;1\/6&#8243;][\/vc_column][vc_column width=&#8221;2\/3&#8243;][vc_column_text] Viisi syyt\u00e4 vuokrata et\u00e4ty\u00f6paikka keskelt\u00e4 Suomen kauneinta j\u00e4rviluontoa Ty\u00f6ntekij\u00e4 on yrityksen t\u00e4rkein resurssi. Keskell\u00e4 pitkittyneit\u00e4 poikkeusoloja ty\u00f6nantajat voivat nyt ilahduttaa urheita [&hellip;]<\/p>\n","protected":false},"author":46,"featured_media":0,"parent":29046,"menu_order":0,"comment_status":"closed","ping_status":"closed","template":"","meta":{"footnotes":""},"relatedcontent":[],"class_list":["post-19166","page","type-page","status-publish","hentry"],"yoast_head":"<!-- This site is optimized with the Yoast SEO Premium plugin v27.3 (Yoast SEO v27.3) - https:\/\/yoast.com\/product\/yoast-seo-premium-wordpress\/ -->\n<title>Et\u00e4ty\u00f6 - Visit Saimaa<\/title>\n<meta name=\"description\" content=\"Viisi syyt\u00e4 vuokrata et\u00e4ty\u00f6paikka keskelt\u00e4 Suomen kauneinta j\u00e4rviluontoa Ty\u00f6ntekij\u00e4 on yrityksen t\u00e4rkein resurssi. Keskell\u00e4 pitkittyneit\u00e4 poikkeusoloja\" \/>\n<meta name=\"robots\" content=\"index, follow, max-snippet:-1, max-image-preview:large, max-video-preview:-1\" \/>\n<link rel=\"canonical\" href=\"https:\/\/www.visitsaimaa.fi\/fi\/info\/etatyo\/\" \/>\n<meta property=\"og:locale\" content=\"fi_FI\" \/>\n<meta property=\"og:type\" content=\"article\" \/>\n<meta property=\"og:title\" content=\"Et\u00e4ty\u00f6\" \/>\n<meta property=\"og:description\" content=\"Viisi syyt\u00e4 vuokrata et\u00e4ty\u00f6paikka keskelt\u00e4 Suomen kauneinta j\u00e4rviluontoa Ty\u00f6ntekij\u00e4 on yrityksen t\u00e4rkein resurssi. Keskell\u00e4 pitkittyneit\u00e4 poikkeusoloja\" \/>\n<meta property=\"og:url\" content=\"https:\/\/www.visitsaimaa.fi\/fi\/info\/etatyo\/\" \/>\n<meta property=\"og:site_name\" content=\"Visit Saimaa\" \/>\n<meta property=\"article:modified_time\" content=\"2025-06-23T12:29:57+00:00\" \/>\n<meta name=\"twitter:label1\" content=\"Arvioitu lukuaika\" \/>\n\t<meta name=\"twitter:data1\" content=\"2 minuuttia\" \/>\n<script type=\"application\/ld+json\" class=\"yoast-schema-graph\">{\"@context\":\"https:\\\/\\\/schema.org\",\"@graph\":[{\"@type\":\"WebPage\",\"@id\":\"https:\\\/\\\/www.visitsaimaa.fi\\\/fi\\\/info\\\/etatyo\\\/\",\"url\":\"https:\\\/\\\/www.visitsaimaa.fi\\\/fi\\\/info\\\/etatyo\\\/\",\"name\":\"Et\u00e4ty\u00f6 - Visit Saimaa\",\"isPartOf\":{\"@id\":\"https:\\\/\\\/www.visitsaimaa.fi\\\/fi\\\/#website\"},\"datePublished\":\"2021-02-01T11:24:57+00:00\",\"dateModified\":\"2025-06-23T12:29:57+00:00\",\"description\":\"Viisi syyt\u00e4 vuokrata et\u00e4ty\u00f6paikka keskelt\u00e4 Suomen kauneinta j\u00e4rviluontoa Ty\u00f6ntekij\u00e4 on yrityksen t\u00e4rkein resurssi. Keskell\u00e4 pitkittyneit\u00e4 poikkeusoloja\",\"breadcrumb\":{\"@id\":\"https:\\\/\\\/www.visitsaimaa.fi\\\/fi\\\/info\\\/etatyo\\\/#breadcrumb\"},\"inLanguage\":\"fi\",\"potentialAction\":[{\"@type\":\"ReadAction\",\"target\":[\"https:\\\/\\\/www.visitsaimaa.fi\\\/fi\\\/info\\\/etatyo\\\/\"]}]},{\"@type\":\"BreadcrumbList\",\"@id\":\"https:\\\/\\\/www.visitsaimaa.fi\\\/fi\\\/info\\\/etatyo\\\/#breadcrumb\",\"itemListElement\":[{\"@type\":\"ListItem\",\"position\":1,\"name\":\"Visit Saimaa\",\"item\":\"https:\\\/\\\/www.visitsaimaa.fi\\\/fi\\\/\"},{\"@type\":\"ListItem\",\"position\":2,\"name\":\"Info\",\"item\":\"https:\\\/\\\/www.visitsaimaa.fi\\\/fi\\\/info\\\/\"},{\"@type\":\"ListItem\",\"position\":3,\"name\":\"Et\u00e4ty\u00f6\"}]},{\"@type\":\"WebSite\",\"@id\":\"https:\\\/\\\/www.visitsaimaa.fi\\\/fi\\\/#website\",\"url\":\"https:\\\/\\\/www.visitsaimaa.fi\\\/fi\\\/\",\"name\":\"Visit Saimaa\",\"description\":\"The Official Travel Guide of Lakeland Saimaa\",\"potentialAction\":[{\"@type\":\"SearchAction\",\"target\":{\"@type\":\"EntryPoint\",\"urlTemplate\":\"https:\\\/\\\/www.visitsaimaa.fi\\\/fi\\\/?s={search_term_string}\"},\"query-input\":{\"@type\":\"PropertyValueSpecification\",\"valueRequired\":true,\"valueName\":\"search_term_string\"}}],\"inLanguage\":\"fi\"}]}<\/script>\n<!-- \/ Yoast SEO Premium plugin. -->","yoast_head_json":{"title":"Et\u00e4ty\u00f6 - Visit Saimaa","description":"Viisi syyt\u00e4 vuokrata et\u00e4ty\u00f6paikka keskelt\u00e4 Suomen kauneinta j\u00e4rviluontoa Ty\u00f6ntekij\u00e4 on yrityksen t\u00e4rkein resurssi. Keskell\u00e4 pitkittyneit\u00e4 poikkeusoloja","robots":{"index":"index","follow":"follow","max-snippet":"max-snippet:-1","max-image-preview":"max-image-preview:large","max-video-preview":"max-video-preview:-1"},"canonical":"https:\/\/www.visitsaimaa.fi\/fi\/info\/etatyo\/","og_locale":"fi_FI","og_type":"article","og_title":"Et\u00e4ty\u00f6","og_description":"Viisi syyt\u00e4 vuokrata et\u00e4ty\u00f6paikka keskelt\u00e4 Suomen kauneinta j\u00e4rviluontoa Ty\u00f6ntekij\u00e4 on yrityksen t\u00e4rkein resurssi. Keskell\u00e4 pitkittyneit\u00e4 poikkeusoloja","og_url":"https:\/\/www.visitsaimaa.fi\/fi\/info\/etatyo\/","og_site_name":"Visit Saimaa","article_modified_time":"2025-06-23T12:29:57+00:00","twitter_misc":{"Arvioitu lukuaika":"2 minuuttia"},"schema":{"@context":"https:\/\/schema.org","@graph":[{"@type":"WebPage","@id":"https:\/\/www.visitsaimaa.fi\/fi\/info\/etatyo\/","url":"https:\/\/www.visitsaimaa.fi\/fi\/info\/etatyo\/","name":"Et\u00e4ty\u00f6 - Visit Saimaa","isPartOf":{"@id":"https:\/\/www.visitsaimaa.fi\/fi\/#website"},"datePublished":"2021-02-01T11:24:57+00:00","dateModified":"2025-06-23T12:29:57+00:00","description":"Viisi syyt\u00e4 vuokrata et\u00e4ty\u00f6paikka keskelt\u00e4 Suomen kauneinta j\u00e4rviluontoa Ty\u00f6ntekij\u00e4 on yrityksen t\u00e4rkein resurssi. Keskell\u00e4 pitkittyneit\u00e4 poikkeusoloja","breadcrumb":{"@id":"https:\/\/www.visitsaimaa.fi\/fi\/info\/etatyo\/#breadcrumb"},"inLanguage":"fi","potentialAction":[{"@type":"ReadAction","target":["https:\/\/www.visitsaimaa.fi\/fi\/info\/etatyo\/"]}]},{"@type":"BreadcrumbList","@id":"https:\/\/www.visitsaimaa.fi\/fi\/info\/etatyo\/#breadcrumb","itemListElement":[{"@type":"ListItem","position":1,"name":"Visit Saimaa","item":"https:\/\/www.visitsaimaa.fi\/fi\/"},{"@type":"ListItem","position":2,"name":"Info","item":"https:\/\/www.visitsaimaa.fi\/fi\/info\/"},{"@type":"ListItem","position":3,"name":"Et\u00e4ty\u00f6"}]},{"@type":"WebSite","@id":"https:\/\/www.visitsaimaa.fi\/fi\/#website","url":"https:\/\/www.visitsaimaa.fi\/fi\/","name":"Visit Saimaa","description":"The Official Travel Guide of Lakeland Saimaa","potentialAction":[{"@type":"SearchAction","target":{"@type":"EntryPoint","urlTemplate":"https:\/\/www.visitsaimaa.fi\/fi\/?s={search_term_string}"},"query-input":{"@type":"PropertyValueSpecification","valueRequired":true,"valueName":"search_term_string"}}],"inLanguage":"fi"}]}},"_links":{"self":[{"href":"https:\/\/www.visitsaimaa.fi\/fi\/wp-json\/wp\/v2\/pages\/19166","targetHints":{"allow":["GET"]}}],"collection":[{"href":"https:\/\/www.visitsaimaa.fi\/fi\/wp-json\/wp\/v2\/pages"}],"about":[{"href":"https:\/\/www.visitsaimaa.fi\/fi\/wp-json\/wp\/v2\/types\/page"}],"author":[{"embeddable":true,"href":"https:\/\/www.visitsaimaa.fi\/fi\/wp-json\/wp\/v2\/users\/46"}],"replies":[{"embeddable":true,"href":"https:\/\/www.visitsaimaa.fi\/fi\/wp-json\/wp\/v2\/comments?post=19166"}],"version-history":[{"count":33,"href":"https:\/\/www.visitsaimaa.fi\/fi\/wp-json\/wp\/v2\/pages\/19166\/revisions"}],"predecessor-version":[{"id":32232,"href":"https:\/\/www.visitsaimaa.fi\/fi\/wp-json\/wp\/v2\/pages\/19166\/revisions\/32232"}],"up":[{"embeddable":true,"href":"https:\/\/www.visitsaimaa.fi\/fi\/wp-json\/wp\/v2\/pages\/29046"}],"wp:attachment":[{"href":"https:\/\/www.visitsaimaa.fi\/fi\/wp-json\/wp\/v2\/media?parent=19166"}],"wp:term":[{"taxonomy":"relatedcontent","embeddable":true,"href":"https:\/\/www.visitsaimaa.fi\/fi\/wp-json\/wp\/v2\/relatedcontent?post=19166"}],"curies":[{"name":"wp","href":"https:\/\/api.w.org\/{rel}","templated":true}]}}