{"id":19041,"date":"2021-01-25T15:33:30","date_gmt":"2021-01-25T13:33:30","guid":{"rendered":"https:\/\/www.visitsaimaa.fi\/?page_id=19041"},"modified":"2023-09-07T19:56:21","modified_gmt":"2023-09-07T16:56:21","slug":"saavutettavuusseloste","status":"publish","type":"page","link":"https:\/\/www.visitsaimaa.fi\/fi\/info\/saavutettavuusseloste\/","title":{"rendered":"Saavutettavuusseloste"},"content":{"rendered":"<p>[vc_row css=&#8221;.vc_custom_1611581627767{border-bottom-width: 40px !important;padding-top: 40px !important;}&#8221;][vc_column][vc_column_text]<\/p>\n<h1>Visitsaimaa.fi saavutettavuusseloste<\/h1>\n<section>T\u00e4m\u00e4 saavutettavuusseloste koskee palvelua visitsaimaa.fi ja on laadittu 25.1.2021. Palvelua koskee laki digitaalisten palvelujen tarjoamisesta, jossa edellytet\u00e4\u00e4n, ett\u00e4 julkisten verkkopalvelujen on oltava saavutettavia.Olemme arvioineet palvelun saavutettavuuden itse.<\/section>\n<section>\n<h2>Digipalvelun saavutettavuuden tila<\/h2>\n<p>visitsaimaa.fi t\u00e4ytt\u00e4\u00e4 kaikki saavutettavuusvaatimukset.<\/p>\n<\/section>\n<section>\n<h2>Huomasitko saavutettavuuspuutteen digipalvelussamme?<\/h2>\n<p>Kerro se meille s\u00e4hk\u00f6postilla osoitteeseen jannika.vahvaselka@mikseimikkeli.fi ja teemme parhaamme puutteen korjaamiseksi.<\/p>\n<\/section>\n<section>\n<h2>Valvontaviranomainen<\/h2>\n<p>Jos huomaat sivustolla saavutettavuusongelmia, anna ensin palautetta meille eli sivuston yll\u00e4pit\u00e4j\u00e4lle. Vastauksessa voi menn\u00e4 14 p\u00e4iv\u00e4\u00e4. Jos et ole tyytyv\u00e4inen saamaasi vastaukseen tai et saa vastausta lainkaan kahden viikon aikana,\u00a0<a href=\"https:\/\/www.saavutettavuusvaatimukset.fi\/oikeutesi\/\" target=\"_blank\" rel=\"noopener\">voit tehd\u00e4 ilmoituksen Etel\u00e4-Suomen aluehallintovirastoon<\/a>. Etel\u00e4-Suomen aluehallintoviraston sivulla kerrotaan tarkasti, miten ilmoituksen voi tehd\u00e4 ja miten asia k\u00e4sitell\u00e4\u00e4n.<\/p>\n<h2>Valvontaviranomaisen yhteystiedot<\/h2>\n<p>Etel\u00e4-Suomen aluehallintovirasto<br \/>\nSaavutettavuuden valvonnan yksikk\u00f6<br \/>\nwww.saavutettavuusvaatimukset.fi<br \/>\nsaavutettavuus(at)avi.fi<br \/>\npuhelinnumero vaihde 0295 016 000<\/p>\n<\/section>\n<p>[\/vc_column_text][\/vc_column][\/vc_row]<\/p>\n","protected":false},"excerpt":{"rendered":"<p>[vc_row css=&#8221;.vc_custom_1611581627767{border-bottom-width: 40px !important;padding-top: 40px !important;}&#8221;][vc_column][vc_column_text] Visitsaimaa.fi saavutettavuusseloste T\u00e4m\u00e4 saavutettavuusseloste koskee palvelua visitsaimaa.fi ja on laadittu 25.1.2021. Palvelua koskee laki digitaalisten palvelujen tarjoamisesta, jossa edellytet\u00e4\u00e4n, ett\u00e4 julkisten verkkopalvelujen on oltava [&hellip;]<\/p>\n","protected":false},"author":46,"featured_media":0,"parent":29046,"menu_order":0,"comment_status":"closed","ping_status":"closed","template":"","meta":{"footnotes":""},"relatedcontent":[],"class_list":["post-19041","page","type-page","status-publish","hentry"],"yoast_head":"<!-- This site is optimized with the Yoast SEO Premium plugin v27.3 (Yoast SEO v27.2) - https:\/\/yoast.com\/product\/yoast-seo-premium-wordpress\/ -->\n<title>Saavutettavuusseloste - Visit Saimaa<\/title>\n<meta name=\"description\" content=\"Visitsaimaa.fi saavutettavuusseloste T\u00e4m\u00e4 saavutettavuusseloste koskee palvelua visitsaimaa.fi ja on laadittu 25.1.2021. Palvelua koskee laki\" \/>\n<meta name=\"robots\" content=\"index, follow, max-snippet:-1, max-image-preview:large, max-video-preview:-1\" \/>\n<link rel=\"canonical\" href=\"https:\/\/www.visitsaimaa.fi\/fi\/info\/saavutettavuusseloste\/\" \/>\n<meta property=\"og:locale\" content=\"fi_FI\" \/>\n<meta property=\"og:type\" content=\"article\" \/>\n<meta property=\"og:title\" content=\"Saavutettavuusseloste - Visit Saimaa\" \/>\n<meta property=\"og:description\" content=\"Visitsaimaa.fi saavutettavuusseloste T\u00e4m\u00e4 saavutettavuusseloste koskee palvelua visitsaimaa.fi ja on laadittu 25.1.2021. Palvelua koskee laki\" \/>\n<meta property=\"og:url\" content=\"https:\/\/www.visitsaimaa.fi\/fi\/info\/saavutettavuusseloste\/\" \/>\n<meta property=\"og:site_name\" content=\"Visit Saimaa\" \/>\n<meta property=\"article:modified_time\" content=\"2023-09-07T16:56:21+00:00\" \/>\n<meta name=\"twitter:label1\" content=\"Arvioitu lukuaika\" \/>\n\t<meta name=\"twitter:data1\" content=\"1 minuutti\" \/>\n<script type=\"application\/ld+json\" class=\"yoast-schema-graph\">{\"@context\":\"https:\/\/schema.org\",\"@graph\":[{\"@type\":\"WebPage\",\"@id\":\"https:\/\/www.visitsaimaa.fi\/fi\/info\/saavutettavuusseloste\/\",\"url\":\"https:\/\/www.visitsaimaa.fi\/fi\/info\/saavutettavuusseloste\/\",\"name\":\"Saavutettavuusseloste - Visit Saimaa\",\"isPartOf\":{\"@id\":\"https:\/\/www.visitsaimaa.fi\/fi\/#website\"},\"datePublished\":\"2021-01-25T13:33:30+00:00\",\"dateModified\":\"2023-09-07T16:56:21+00:00\",\"description\":\"Visitsaimaa.fi saavutettavuusseloste T\u00e4m\u00e4 saavutettavuusseloste koskee palvelua visitsaimaa.fi ja on laadittu 25.1.2021. Palvelua koskee laki\",\"breadcrumb\":{\"@id\":\"https:\/\/www.visitsaimaa.fi\/fi\/info\/saavutettavuusseloste\/#breadcrumb\"},\"inLanguage\":\"fi\",\"potentialAction\":[{\"@type\":\"ReadAction\",\"target\":[\"https:\/\/www.visitsaimaa.fi\/fi\/info\/saavutettavuusseloste\/\"]}]},{\"@type\":\"BreadcrumbList\",\"@id\":\"https:\/\/www.visitsaimaa.fi\/fi\/info\/saavutettavuusseloste\/#breadcrumb\",\"itemListElement\":[{\"@type\":\"ListItem\",\"position\":1,\"name\":\"Visit Saimaa\",\"item\":\"https:\/\/www.visitsaimaa.fi\/fi\/\"},{\"@type\":\"ListItem\",\"position\":2,\"name\":\"Info\",\"item\":\"https:\/\/www.visitsaimaa.fi\/fi\/info\/\"},{\"@type\":\"ListItem\",\"position\":3,\"name\":\"Saavutettavuusseloste\"}]},{\"@type\":\"WebSite\",\"@id\":\"https:\/\/www.visitsaimaa.fi\/fi\/#website\",\"url\":\"https:\/\/www.visitsaimaa.fi\/fi\/\",\"name\":\"Visit Saimaa\",\"description\":\"The Official Travel Guide of Lakeland Saimaa\",\"potentialAction\":[{\"@type\":\"SearchAction\",\"target\":{\"@type\":\"EntryPoint\",\"urlTemplate\":\"https:\/\/www.visitsaimaa.fi\/fi\/?s={search_term_string}\"},\"query-input\":{\"@type\":\"PropertyValueSpecification\",\"valueRequired\":true,\"valueName\":\"search_term_string\"}}],\"inLanguage\":\"fi\"}]}<\/script>\n<!-- \/ Yoast SEO Premium plugin. -->","yoast_head_json":{"title":"Saavutettavuusseloste - Visit Saimaa","description":"Visitsaimaa.fi saavutettavuusseloste T\u00e4m\u00e4 saavutettavuusseloste koskee palvelua visitsaimaa.fi ja on laadittu 25.1.2021. Palvelua koskee laki","robots":{"index":"index","follow":"follow","max-snippet":"max-snippet:-1","max-image-preview":"max-image-preview:large","max-video-preview":"max-video-preview:-1"},"canonical":"https:\/\/www.visitsaimaa.fi\/fi\/info\/saavutettavuusseloste\/","og_locale":"fi_FI","og_type":"article","og_title":"Saavutettavuusseloste - Visit Saimaa","og_description":"Visitsaimaa.fi saavutettavuusseloste T\u00e4m\u00e4 saavutettavuusseloste koskee palvelua visitsaimaa.fi ja on laadittu 25.1.2021. Palvelua koskee laki","og_url":"https:\/\/www.visitsaimaa.fi\/fi\/info\/saavutettavuusseloste\/","og_site_name":"Visit Saimaa","article_modified_time":"2023-09-07T16:56:21+00:00","twitter_misc":{"Arvioitu lukuaika":"1 minuutti"},"schema":{"@context":"https:\/\/schema.org","@graph":[{"@type":"WebPage","@id":"https:\/\/www.visitsaimaa.fi\/fi\/info\/saavutettavuusseloste\/","url":"https:\/\/www.visitsaimaa.fi\/fi\/info\/saavutettavuusseloste\/","name":"Saavutettavuusseloste - Visit Saimaa","isPartOf":{"@id":"https:\/\/www.visitsaimaa.fi\/fi\/#website"},"datePublished":"2021-01-25T13:33:30+00:00","dateModified":"2023-09-07T16:56:21+00:00","description":"Visitsaimaa.fi saavutettavuusseloste T\u00e4m\u00e4 saavutettavuusseloste koskee palvelua visitsaimaa.fi ja on laadittu 25.1.2021. Palvelua koskee laki","breadcrumb":{"@id":"https:\/\/www.visitsaimaa.fi\/fi\/info\/saavutettavuusseloste\/#breadcrumb"},"inLanguage":"fi","potentialAction":[{"@type":"ReadAction","target":["https:\/\/www.visitsaimaa.fi\/fi\/info\/saavutettavuusseloste\/"]}]},{"@type":"BreadcrumbList","@id":"https:\/\/www.visitsaimaa.fi\/fi\/info\/saavutettavuusseloste\/#breadcrumb","itemListElement":[{"@type":"ListItem","position":1,"name":"Visit Saimaa","item":"https:\/\/www.visitsaimaa.fi\/fi\/"},{"@type":"ListItem","position":2,"name":"Info","item":"https:\/\/www.visitsaimaa.fi\/fi\/info\/"},{"@type":"ListItem","position":3,"name":"Saavutettavuusseloste"}]},{"@type":"WebSite","@id":"https:\/\/www.visitsaimaa.fi\/fi\/#website","url":"https:\/\/www.visitsaimaa.fi\/fi\/","name":"Visit Saimaa","description":"The Official Travel Guide of Lakeland Saimaa","potentialAction":[{"@type":"SearchAction","target":{"@type":"EntryPoint","urlTemplate":"https:\/\/www.visitsaimaa.fi\/fi\/?s={search_term_string}"},"query-input":{"@type":"PropertyValueSpecification","valueRequired":true,"valueName":"search_term_string"}}],"inLanguage":"fi"}]}},"_links":{"self":[{"href":"https:\/\/www.visitsaimaa.fi\/fi\/wp-json\/wp\/v2\/pages\/19041","targetHints":{"allow":["GET"]}}],"collection":[{"href":"https:\/\/www.visitsaimaa.fi\/fi\/wp-json\/wp\/v2\/pages"}],"about":[{"href":"https:\/\/www.visitsaimaa.fi\/fi\/wp-json\/wp\/v2\/types\/page"}],"author":[{"embeddable":true,"href":"https:\/\/www.visitsaimaa.fi\/fi\/wp-json\/wp\/v2\/users\/46"}],"replies":[{"embeddable":true,"href":"https:\/\/www.visitsaimaa.fi\/fi\/wp-json\/wp\/v2\/comments?post=19041"}],"version-history":[{"count":3,"href":"https:\/\/www.visitsaimaa.fi\/fi\/wp-json\/wp\/v2\/pages\/19041\/revisions"}],"predecessor-version":[{"id":19044,"href":"https:\/\/www.visitsaimaa.fi\/fi\/wp-json\/wp\/v2\/pages\/19041\/revisions\/19044"}],"up":[{"embeddable":true,"href":"https:\/\/www.visitsaimaa.fi\/fi\/wp-json\/wp\/v2\/pages\/29046"}],"wp:attachment":[{"href":"https:\/\/www.visitsaimaa.fi\/fi\/wp-json\/wp\/v2\/media?parent=19041"}],"wp:term":[{"taxonomy":"relatedcontent","embeddable":true,"href":"https:\/\/www.visitsaimaa.fi\/fi\/wp-json\/wp\/v2\/relatedcontent?post=19041"}],"curies":[{"name":"wp","href":"https:\/\/api.w.org\/{rel}","templated":true}]}}