{"id":16815,"date":"2020-07-29T16:26:06","date_gmt":"2020-07-29T13:26:06","guid":{"rendered":"https:\/\/www.visitsaimaa.fi\/?page_id=16815"},"modified":"2025-04-14T13:11:29","modified_gmt":"2025-04-14T10:11:29","slug":"tapahtumat","status":"publish","type":"page","link":"https:\/\/www.visitsaimaa.fi\/fi\/tapahtumat\/","title":{"rendered":"Tapahtumat"},"content":{"rendered":"<p>[vc_row full_width=&#8221;stretch_row_content_no_spaces&#8221; parallax=&#8221;content-moving-fade&#8221; parallax_image=&#8221;16817&#8243; css=&#8221;.vc_custom_1596029623670{padding-top: 250px !important;padding-bottom: 250px !important;}&#8221;][vc_column][vc_column_text]<\/p>\n<h2 class=\"montserrat\" style=\"text-align: center\"><\/h2>\n<p>&nbsp;<\/p>\n<p>&nbsp;<\/p>\n<p>&nbsp;<\/p>\n<p>&nbsp;<\/p>\n<p>&nbsp;<\/p>\n<p>&nbsp;<\/p>\n<p>&nbsp;<\/p>\n<p>&nbsp;<\/p>\n<h2 class=\"montserrat\" style=\"text-align: center\"><span style=\"color: #ffffff\"><strong><span style=\"font-size: 5rem;letter-spacing: 0.3em\">TAPAHTUMAT<\/span><\/strong><\/span><\/h2>\n<p>&nbsp;<\/p>\n<p>&nbsp;<\/p>\n<p>&nbsp;<\/p>\n<p>&nbsp;<\/p>\n<p>&nbsp;<\/p>\n<p>[\/vc_column_text][\/vc_column][\/vc_row][vc_row css=&#8221;.vc_custom_1567421184936{margin-bottom: 50px !important;}&#8221;][vc_column width=&#8221;1\/4&#8243;][\/vc_column][vc_column width=&#8221;1\/2&#8243;][vc_column_text css=&#8221;&#8221;]<\/p>\n<h1 style=\"text-align: center\">Tapahtumat Saimaalla<\/h1>\n<p style=\"text-align: center\">Osallistu Saimaalla luonnonrauhan nauttimisen ohella mukaansa tempaaviin teatterin\u00e4yt\u00f6ksiin, hurmaannu pienten kylien sympaattisista tapahtumista, taltuta kulttuurinn\u00e4lk\u00e4 mielenkiintoisissa n\u00e4yttelyiss\u00e4 ja nauti puhtaista raaka-aineista valmistetuista herkuista l\u00e4hiruokatapahtumissa. Tervetuloa!<\/p>\n<p>[\/vc_column_text][vc_icon icon_fontawesome=&#8221;fas fa-chevron-down&#8221; color=&#8221;black&#8221; align=&#8221;center&#8221; css_animation=&#8221;fadeInDown&#8221;][\/vc_column][vc_column width=&#8221;1\/4&#8243;][\/vc_column][\/vc_row][vc_row equal_height=&#8221;yes&#8221;][vc_column width=&#8221;1\/2&#8243; css=&#8221;.vc_custom_1744625288245{padding-top: 260px !important;padding-bottom: 20px !important;background-image: url(https:\/\/www.visitsaimaa.fi\/wp-content\/uploads\/2025\/01\/philharmoniakonserttito46-@ville-hautakangas-scaled.jpg?id=31269) !important;background-position: center !important;background-repeat: no-repeat !important;background-size: cover !important;}&#8221;][vc_btn title=&#8221;Mikkelin Musiikkijuhlat&#8221; style=&#8221;flat&#8221; shape=&#8221;square&#8221; color=&#8221;black&#8221; size=&#8221;lg&#8221; align=&#8221;center&#8221; css=&#8221;&#8221; el_class=&#8221;btn-saimaa&#8221; link=&#8221;url:https%3A%2F%2Fmikkelinmusiikkijuhlat.fi%2F|target:_blank&#8221;][\/vc_column][vc_column width=&#8221;1\/2&#8243; css=&#8221;.vc_custom_1744625354911{padding-top: 260px !important;padding-bottom: 20px !important;background-image: url(https:\/\/www.visitsaimaa.fi\/wp-content\/uploads\/2024\/04\/olavinlinna-katsomo-auditorium.jpg?id=29899) !important;background-position: center !important;background-repeat: no-repeat !important;background-size: cover !important;}&#8221;][vc_btn title=&#8221;Savonlinnan Oopperajuhlat&#8221; style=&#8221;flat&#8221; shape=&#8221;square&#8221; color=&#8221;black&#8221; size=&#8221;lg&#8221; align=&#8221;center&#8221; css=&#8221;&#8221; el_class=&#8221;btn-saimaa&#8221; link=&#8221;url:https%3A%2F%2Foperafestival.fi%2Fkesa2025%2F|target:_blank&#8221;][\/vc_column][\/vc_row][vc_row][vc_column][vc_empty_space][\/vc_column][\/vc_row][vc_row equal_height=&#8221;yes&#8221;][vc_column width=&#8221;1\/3&#8243; css=&#8221;.vc_custom_1725362350592{padding-top: 260px !important;padding-bottom: 20px !important;background-image: url(https:\/\/www.visitsaimaa.fi\/wp-content\/uploads\/2022\/09\/Varkauden_teatteri_web-12_low.jpg?id=27246) !important;background-position: center !important;background-repeat: no-repeat !important;background-size: cover !important;}&#8221;][vc_btn title=&#8221;Varkauden Teatteri&#8221; style=&#8221;flat&#8221; shape=&#8221;square&#8221; color=&#8221;black&#8221; size=&#8221;lg&#8221; align=&#8221;center&#8221; css=&#8221;&#8221; el_class=&#8221;btn-saimaa&#8221; link=&#8221;url:https%3A%2F%2Fvarkaudenteatteri.fi%2F|target:_blank&#8221;][\/vc_column][vc_column width=&#8221;1\/3&#8243; css=&#8221;.vc_custom_1695842568235{padding-top: 260px !important;padding-bottom: 20px !important;background-image: url(https:\/\/www.visitsaimaa.fi\/wp-content\/uploads\/2021\/06\/ravit-scaled.jpeg?id=21594) !important;background-position: center !important;background-repeat: no-repeat !important;background-size: cover !important;}&#8221;][vc_btn title=&#8221;Mikkelit ravit&#8221; style=&#8221;flat&#8221; shape=&#8221;square&#8221; color=&#8221;black&#8221; size=&#8221;lg&#8221; align=&#8221;center&#8221; css=&#8221;&#8221; el_class=&#8221;btn-saimaa&#8221; link=&#8221;url:https%3A%2F%2Fwww.mikkelinravirata.fi%2Fkalenteri.html|target:_blank&#8221;][\/vc_column][vc_column width=&#8221;1\/3&#8243; css=&#8221;.vc_custom_1725362577598{padding-top: 260px !important;padding-bottom: 20px !important;background-image: url(https:\/\/www.visitsaimaa.fi\/wp-content\/uploads\/2024\/06\/kyronsalmi-bridge-savonlinna-visit-saimaa.jpg?id=30554) !important;background-position: center !important;background-repeat: no-repeat !important;background-size: cover !important;}&#8221;][vc_btn title=&#8221;Savonlinnan Teatteri&#8221; style=&#8221;flat&#8221; shape=&#8221;square&#8221; color=&#8221;black&#8221; size=&#8221;lg&#8221; align=&#8221;center&#8221; css=&#8221;&#8221; el_class=&#8221;btn-saimaa&#8221; link=&#8221;url:https%3A%2F%2Fsavonlinnanteatteri.fi%2F|target:_blank&#8221;][\/vc_column][\/vc_row][vc_row][vc_column][vc_icon icon_fontawesome=&#8221;fas fa-chevron-down&#8221; color=&#8221;black&#8221; align=&#8221;center&#8221; css_animation=&#8221;fadeInDown&#8221; css=&#8221;.vc_custom_1596031494034{padding-top: 70px !important;}&#8221;][\/vc_column][\/vc_row][vc_row][vc_column][vc_column_text]<\/p>\n<h2 style=\"text-align: center\">Tapahtumia Saimaalla<\/h2>\n<p style=\"text-align: center\">Lis\u00e4\u00e4 tapahtumia l\u00f6yd\u00e4t alueiden omista tapahtumakalentereista.<\/p>\n<p style=\"text-align: center\"><a href=\"https:\/\/www.mikkelinyt.fi\/fi-FI\" target=\"_blank\" rel=\"noopener\">Mikkeli<\/a> | <a href=\"https:\/\/tapahtumat.savonlinna.fi\/fi-FI\" target=\"_blank\" rel=\"noopener\">Savonlinna<\/a> | <a href=\"https:\/\/visitvarkaus.fi\/fi\/sivu\/tapahtumat\" target=\"_blank\" rel=\"noopener\">Varkaus<\/a><\/p>\n<p>[\/vc_column_text][\/vc_column][\/vc_row][vc_row][vc_column width=&#8221;1\/3&#8243;][vc_single_image image=&#8221;16832&#8243; alignment=&#8221;center&#8221; onclick=&#8221;custom_link&#8221; link=&#8221;http:\/\/www.mikkelinyt.fi&#8221;][\/vc_column][vc_column width=&#8221;1\/3&#8243;][vc_single_image image=&#8221;16836&#8243; img_size=&#8221;full&#8221; alignment=&#8221;center&#8221; onclick=&#8221;custom_link&#8221; link=&#8221;https:\/\/tapahtumat.savonlinna.fi\/fi-FI&#8221;][\/vc_column][vc_column width=&#8221;1\/3&#8243;][vc_single_image image=&#8221;28298&#8243; img_size=&#8221;full&#8221; alignment=&#8221;center&#8221; onclick=&#8221;custom_link&#8221; link=&#8221;https:\/\/visitvarkaus.fi\/fi\/sivu\/tapahtumat&#8221;][\/vc_column][\/vc_row][vc_row][vc_column][vc_icon icon_fontawesome=&#8221;fas fa-chevron-down&#8221; color=&#8221;black&#8221; align=&#8221;center&#8221; css_animation=&#8221;fadeInDown&#8221; css=&#8221;.vc_custom_1596428966872{padding-top: 20px !important;padding-bottom: 60px !important;}&#8221;][\/vc_column][\/vc_row][vc_row full_width=&#8221;stretch_row_content_no_spaces&#8221; parallax=&#8221;content-moving-fade&#8221; parallax_image=&#8221;14062&#8243; css=&#8221;.vc_custom_1596428681467{padding-top: 250px !important;padding-bottom: 250px !important;}&#8221;][vc_column][vc_column_text]<\/p>\n<h2 style=\"text-align: center\"><span style=\"color: #ffffff\">Anna Saimaan hurmata sinut pidemm\u00e4ksikin aikaa.<\/span><\/h2>\n<p>[\/vc_column_text][vc_btn title=&#8221;MAJOITUS&#8221; style=&#8221;flat&#8221; shape=&#8221;square&#8221; color=&#8221;black&#8221; size=&#8221;lg&#8221; align=&#8221;center&#8221; i_icon_fontawesome=&#8221;fas fa-angle-right&#8221; add_icon=&#8221;true&#8221; link=&#8221;url:https%3A%2F%2Fwww.visitsaimaa.fi%2Ffi%2Fmajoitu%2F|||&#8221;][\/vc_column][\/vc_row]<\/p>\n","protected":false},"excerpt":{"rendered":"<p>[vc_row full_width=&#8221;stretch_row_content_no_spaces&#8221; parallax=&#8221;content-moving-fade&#8221; parallax_image=&#8221;16817&#8243; css=&#8221;.vc_custom_1596029623670{padding-top: 250px !important;padding-bottom: 250px !important;}&#8221;][vc_column][vc_column_text] &nbsp; &nbsp; &nbsp; &nbsp; &nbsp; &nbsp; &nbsp; &nbsp; TAPAHTUMAT &nbsp; &nbsp; &nbsp; &nbsp; &nbsp; [\/vc_column_text][\/vc_column][\/vc_row][vc_row css=&#8221;.vc_custom_1567421184936{margin-bottom: 50px !important;}&#8221;][vc_column width=&#8221;1\/4&#8243;][\/vc_column][vc_column width=&#8221;1\/2&#8243;][vc_column_text css=&#8221;&#8221;] [&hellip;]<\/p>\n","protected":false},"author":53,"featured_media":0,"parent":0,"menu_order":0,"comment_status":"closed","ping_status":"closed","template":"","meta":{"footnotes":""},"relatedcontent":[],"class_list":{"0":"post-16815","1":"page","2":"type-page","3":"status-publish","4":"hentry","6":"priority-3"},"yoast_head":"<!-- This site is optimized with the Yoast SEO Premium plugin v27.3 (Yoast SEO v27.4) - https:\/\/yoast.com\/product\/yoast-seo-premium-wordpress\/ -->\n<title>Tapahtumat - Visit Saimaa<\/title>\n<meta name=\"description\" content=\"&nbsp; &nbsp; &nbsp; &nbsp; &nbsp; &nbsp; &nbsp; &nbsp; TAPAHTUMAT &nbsp; &nbsp; &nbsp; &nbsp; &nbsp; Tapahtumat Saimaalla Osallistu Saimaalla\" \/>\n<meta name=\"robots\" content=\"index, follow, max-snippet:-1, max-image-preview:large, max-video-preview:-1\" \/>\n<link rel=\"canonical\" href=\"https:\/\/www.visitsaimaa.fi\/fi\/tapahtumat\/\" \/>\n<meta property=\"og:locale\" content=\"fi_FI\" \/>\n<meta property=\"og:type\" content=\"article\" \/>\n<meta property=\"og:title\" content=\"Tapahtumat\" \/>\n<meta property=\"og:description\" content=\"&nbsp; &nbsp; &nbsp; &nbsp; &nbsp; &nbsp; &nbsp; &nbsp; TAPAHTUMAT &nbsp; &nbsp; &nbsp; &nbsp; &nbsp; Tapahtumat Saimaalla Osallistu Saimaalla\" \/>\n<meta property=\"og:url\" content=\"https:\/\/www.visitsaimaa.fi\/fi\/tapahtumat\/\" \/>\n<meta property=\"og:site_name\" content=\"Visit Saimaa\" \/>\n<meta property=\"article:modified_time\" content=\"2025-04-14T10:11:29+00:00\" \/>\n<meta name=\"twitter:label1\" content=\"Arvioitu lukuaika\" \/>\n\t<meta name=\"twitter:data1\" content=\"3 minuuttia\" \/>\n<script type=\"application\/ld+json\" class=\"yoast-schema-graph\">{\"@context\":\"https:\\\/\\\/schema.org\",\"@graph\":[{\"@type\":\"WebPage\",\"@id\":\"https:\\\/\\\/www.visitsaimaa.fi\\\/fi\\\/tapahtumat\\\/\",\"url\":\"https:\\\/\\\/www.visitsaimaa.fi\\\/fi\\\/tapahtumat\\\/\",\"name\":\"Tapahtumat - Visit Saimaa\",\"isPartOf\":{\"@id\":\"https:\\\/\\\/www.visitsaimaa.fi\\\/fi\\\/#website\"},\"datePublished\":\"2020-07-29T13:26:06+00:00\",\"dateModified\":\"2025-04-14T10:11:29+00:00\",\"description\":\"&nbsp; &nbsp; &nbsp; &nbsp; &nbsp; &nbsp; &nbsp; &nbsp; TAPAHTUMAT &nbsp; &nbsp; &nbsp; &nbsp; &nbsp; Tapahtumat Saimaalla Osallistu Saimaalla\",\"breadcrumb\":{\"@id\":\"https:\\\/\\\/www.visitsaimaa.fi\\\/fi\\\/tapahtumat\\\/#breadcrumb\"},\"inLanguage\":\"fi\",\"potentialAction\":[{\"@type\":\"ReadAction\",\"target\":[\"https:\\\/\\\/www.visitsaimaa.fi\\\/fi\\\/tapahtumat\\\/\"]}]},{\"@type\":\"BreadcrumbList\",\"@id\":\"https:\\\/\\\/www.visitsaimaa.fi\\\/fi\\\/tapahtumat\\\/#breadcrumb\",\"itemListElement\":[{\"@type\":\"ListItem\",\"position\":1,\"name\":\"Visit Saimaa\",\"item\":\"https:\\\/\\\/www.visitsaimaa.fi\\\/fi\\\/\"},{\"@type\":\"ListItem\",\"position\":2,\"name\":\"Tapahtumat\"}]},{\"@type\":\"WebSite\",\"@id\":\"https:\\\/\\\/www.visitsaimaa.fi\\\/fi\\\/#website\",\"url\":\"https:\\\/\\\/www.visitsaimaa.fi\\\/fi\\\/\",\"name\":\"Visit Saimaa\",\"description\":\"The Official Travel Guide of Lakeland Saimaa\",\"potentialAction\":[{\"@type\":\"SearchAction\",\"target\":{\"@type\":\"EntryPoint\",\"urlTemplate\":\"https:\\\/\\\/www.visitsaimaa.fi\\\/fi\\\/?s={search_term_string}\"},\"query-input\":{\"@type\":\"PropertyValueSpecification\",\"valueRequired\":true,\"valueName\":\"search_term_string\"}}],\"inLanguage\":\"fi\"}]}<\/script>\n<!-- \/ Yoast SEO Premium plugin. -->","yoast_head_json":{"title":"Tapahtumat - Visit Saimaa","description":"&nbsp; &nbsp; &nbsp; &nbsp; &nbsp; &nbsp; &nbsp; &nbsp; TAPAHTUMAT &nbsp; &nbsp; &nbsp; &nbsp; &nbsp; Tapahtumat Saimaalla Osallistu Saimaalla","robots":{"index":"index","follow":"follow","max-snippet":"max-snippet:-1","max-image-preview":"max-image-preview:large","max-video-preview":"max-video-preview:-1"},"canonical":"https:\/\/www.visitsaimaa.fi\/fi\/tapahtumat\/","og_locale":"fi_FI","og_type":"article","og_title":"Tapahtumat","og_description":"&nbsp; &nbsp; &nbsp; &nbsp; &nbsp; &nbsp; &nbsp; &nbsp; TAPAHTUMAT &nbsp; &nbsp; &nbsp; &nbsp; &nbsp; Tapahtumat Saimaalla Osallistu Saimaalla","og_url":"https:\/\/www.visitsaimaa.fi\/fi\/tapahtumat\/","og_site_name":"Visit Saimaa","article_modified_time":"2025-04-14T10:11:29+00:00","twitter_misc":{"Arvioitu lukuaika":"3 minuuttia"},"schema":{"@context":"https:\/\/schema.org","@graph":[{"@type":"WebPage","@id":"https:\/\/www.visitsaimaa.fi\/fi\/tapahtumat\/","url":"https:\/\/www.visitsaimaa.fi\/fi\/tapahtumat\/","name":"Tapahtumat - Visit Saimaa","isPartOf":{"@id":"https:\/\/www.visitsaimaa.fi\/fi\/#website"},"datePublished":"2020-07-29T13:26:06+00:00","dateModified":"2025-04-14T10:11:29+00:00","description":"&nbsp; &nbsp; &nbsp; &nbsp; &nbsp; &nbsp; &nbsp; &nbsp; TAPAHTUMAT &nbsp; &nbsp; &nbsp; &nbsp; &nbsp; Tapahtumat Saimaalla Osallistu Saimaalla","breadcrumb":{"@id":"https:\/\/www.visitsaimaa.fi\/fi\/tapahtumat\/#breadcrumb"},"inLanguage":"fi","potentialAction":[{"@type":"ReadAction","target":["https:\/\/www.visitsaimaa.fi\/fi\/tapahtumat\/"]}]},{"@type":"BreadcrumbList","@id":"https:\/\/www.visitsaimaa.fi\/fi\/tapahtumat\/#breadcrumb","itemListElement":[{"@type":"ListItem","position":1,"name":"Visit Saimaa","item":"https:\/\/www.visitsaimaa.fi\/fi\/"},{"@type":"ListItem","position":2,"name":"Tapahtumat"}]},{"@type":"WebSite","@id":"https:\/\/www.visitsaimaa.fi\/fi\/#website","url":"https:\/\/www.visitsaimaa.fi\/fi\/","name":"Visit Saimaa","description":"The Official Travel Guide of Lakeland Saimaa","potentialAction":[{"@type":"SearchAction","target":{"@type":"EntryPoint","urlTemplate":"https:\/\/www.visitsaimaa.fi\/fi\/?s={search_term_string}"},"query-input":{"@type":"PropertyValueSpecification","valueRequired":true,"valueName":"search_term_string"}}],"inLanguage":"fi"}]}},"_links":{"self":[{"href":"https:\/\/www.visitsaimaa.fi\/fi\/wp-json\/wp\/v2\/pages\/16815","targetHints":{"allow":["GET"]}}],"collection":[{"href":"https:\/\/www.visitsaimaa.fi\/fi\/wp-json\/wp\/v2\/pages"}],"about":[{"href":"https:\/\/www.visitsaimaa.fi\/fi\/wp-json\/wp\/v2\/types\/page"}],"author":[{"embeddable":true,"href":"https:\/\/www.visitsaimaa.fi\/fi\/wp-json\/wp\/v2\/users\/53"}],"replies":[{"embeddable":true,"href":"https:\/\/www.visitsaimaa.fi\/fi\/wp-json\/wp\/v2\/comments?post=16815"}],"version-history":[{"count":22,"href":"https:\/\/www.visitsaimaa.fi\/fi\/wp-json\/wp\/v2\/pages\/16815\/revisions"}],"predecessor-version":[{"id":32051,"href":"https:\/\/www.visitsaimaa.fi\/fi\/wp-json\/wp\/v2\/pages\/16815\/revisions\/32051"}],"wp:attachment":[{"href":"https:\/\/www.visitsaimaa.fi\/fi\/wp-json\/wp\/v2\/media?parent=16815"}],"wp:term":[{"taxonomy":"relatedcontent","embeddable":true,"href":"https:\/\/www.visitsaimaa.fi\/fi\/wp-json\/wp\/v2\/relatedcontent?post=16815"}],"curies":[{"name":"wp","href":"https:\/\/api.w.org\/{rel}","templated":true}]}}