{"id":16761,"date":"2020-07-15T11:13:34","date_gmt":"2020-07-15T08:13:34","guid":{"rendered":"https:\/\/www.visitsaimaa.fi\/?page_id=16761"},"modified":"2022-05-16T15:28:05","modified_gmt":"2022-05-16T12:28:05","slug":"kulttuuri","status":"publish","type":"page","link":"https:\/\/www.visitsaimaa.fi\/fi\/info\/vastuullisuus\/kulttuuri\/","title":{"rendered":"Kulttuuri"},"content":{"rendered":"<p>[vc_row full_width=&#8221;stretch_row_content_no_spaces&#8221; parallax=&#8221;content-moving-fade&#8221; parallax_image=&#8221;17136&#8243; parallax_speed_bg=&#8221;2&#8243; css=&#8221;.vc_custom_1600271838085{padding-top: 180px !important;padding-bottom: 180px !important;}&#8221;][vc_column][vc_single_image image=&#8221;21528&#8243; img_size=&#8221;large&#8221; alignment=&#8221;center&#8221;][vc_column_text]<\/p>\n<h2 class=\"montserrat\" style=\"text-align: center\"><span style=\"font-size: 80px;font-weight: 500;letter-spacing: 24px;color: #ffffff\">KULTTUURI<\/span><\/h2>\n<h3 style=\"text-align: center\"><span style=\"color: #ffffff\">Aitoja tarinoita<\/span><\/h3>\n<p>[\/vc_column_text][\/vc_column][\/vc_row][vc_row css=&#8221;.vc_custom_1567421184936{margin-bottom: 50px !important;}&#8221;][vc_column width=&#8221;1\/4&#8243;][\/vc_column][vc_column width=&#8221;1\/2&#8243;][vc_column_text]<\/p>\n<p style=\"text-align: center\">Tervetuloa Saimaalle aidon el\u00e4m\u00e4n \u00e4\u00e4relle. J\u00e4rviluonnolla on ollut suuri merkitys Saimaalla jo ensimm\u00e4isten asukkaiden saapuessa. Paikallistarinat kumpuavatkin usein luonnonn\u00e4ht\u00e4vyyksist\u00e4 ja paikallishistoriasta ja monissa k\u00e4yntikohteissa kerrotaan tarinoita v\u00e4rikk\u00e4\u00e4st\u00e4 historiasta sek\u00e4 menneest\u00e4 ja\u00a0nykyisest\u00e4 el\u00e4m\u00e4st\u00e4 Saimaan rannoilla. Paikallisen kulttuurin ja historian vaaliminen on vastuullinen teko, jotta tulevatkin sukupolvet voivat nauttia esi-isiemme kulttuurimaisemista ja historiallisesti merkitt\u00e4vist\u00e4 k\u00e4yntikohteista.<\/p>\n<p>[\/vc_column_text][vc_icon icon_fontawesome=&#8221;fas fa-chevron-down&#8221; color=&#8221;black&#8221; align=&#8221;center&#8221; css_animation=&#8221;fadeInDown&#8221;][\/vc_column][vc_column width=&#8221;1\/4&#8243;][\/vc_column][\/vc_row][vc_row full_width=&#8221;stretch_row_content_no_spaces&#8221; content_placement=&#8221;bottom&#8221; parallax=&#8221;content-moving-fade&#8221; parallax_image=&#8221;17140&#8243; parallax_speed_bg=&#8221;2&#8243; css=&#8221;.vc_custom_1598006497372{padding-top: 200px !important;padding-bottom: 200px !important;}&#8221;][vc_column][vc_column_text css_animation=&#8221;none&#8221;]<\/p>\n<h3 style=\"text-align: center\"><span style=\"color: #ffffff\">Saimaan tarinoita monessa polvessa<\/span><\/h3>\n<h4 style=\"text-align: center\"><span style=\"color: #ffffff\">Saimaan perheyrityksiss\u00e4 elinkeino on <\/span><br \/>\n<span style=\"color: #ffffff\">usein siirtynyt sukupolvelta toiselle. <\/span><br \/>\n<span style=\"color: #ffffff\">Paikallisten yritt\u00e4jien ty\u00f6n ansiosta perinteet <\/span><br \/>\n<span style=\"color: #ffffff\">ovat s\u00e4ilyneet meid\u00e4n kaikkien nautittavaksi.<\/span><\/h4>\n<h4 style=\"text-align: center\"><span style=\"color: #ffffff\">Saimaalla voit esimerkiksi aistia monien<\/span><br \/>\n<span style=\"color: #ffffff\">vanhojen kartanoiden ja huviloiden<\/span><br \/>\n<span style=\"color: #ffffff\">ylv\u00e4st\u00e4 tunnelmaa, majoittua entiseen<\/span><br \/>\n<span style=\"color: #ffffff\">mets\u00e4nvartijan taloon sek\u00e4 nauttia<\/span><br \/>\n<span style=\"color: #ffffff\">vaikkapa vanhan sahan tarjoiluista.<span class=\"Apple-converted-space\">\u00a0<\/span><\/span><\/h4>\n<p>[\/vc_column_text][\/vc_column][\/vc_row][vc_row css=&#8221;.vc_custom_1567421184936{margin-bottom: 50px !important;}&#8221;][vc_column width=&#8221;1\/4&#8243;][\/vc_column][vc_column width=&#8221;1\/2&#8243;][vc_column_text]<\/p>\n<h2 style=\"text-align: center\">Saimaan historiaa monesta n\u00e4k\u00f6kulmasta<\/h2>\n<p style=\"text-align: center\">Savonlinnan keskiaikainen Olavinlinna, Marsalkka Mannerheimin p\u00e4\u00e4maja Mikkeliss\u00e4 ja Varkauden kanava-alue luovat omat persoonalliset kulttuurileimansa alueen kaupunkeihin.<\/p>\n<p>[\/vc_column_text][vc_icon icon_fontawesome=&#8221;fas fa-chevron-down&#8221; color=&#8221;black&#8221; align=&#8221;center&#8221; css_animation=&#8221;fadeInDown&#8221; css=&#8221;.vc_custom_1600189280404{padding-top: -100px !important;}&#8221;][\/vc_column][vc_column width=&#8221;1\/4&#8243;][\/vc_column][\/vc_row][vc_row css=&#8221;.vc_custom_1600189312331{padding-top: -100px !important;}&#8221;][vc_column width=&#8221;1\/3&#8243; css=&#8221;.vc_custom_1600188914378{padding-top: 260px !important;padding-bottom: 20px !important;background-image: url(https:\/\/www.visitsaimaa.fi\/wp-content\/uploads\/2020\/05\/olavinlinna-2-2.png?id=16130) !important;background-position: center !important;background-repeat: no-repeat !important;background-size: cover !important;}&#8221;][vc_btn title=&#8221;Historiallinen Olavinlinna Savonlinnassa&#8221; style=&#8221;flat&#8221; shape=&#8221;square&#8221; color=&#8221;black&#8221; align=&#8221;center&#8221; link=&#8221;url:https%3A%2F%2Fvisitsavonlinna.fi%2Folavinlinna%2F|target:_blank&#8221;][\/vc_column][vc_column width=&#8221;1\/3&#8243; css=&#8221;.vc_custom_1600188932350{padding-top: 260px !important;padding-bottom: 20px !important;background-image: url(https:\/\/www.visitsaimaa.fi\/wp-content\/uploads\/2019\/04\/VisitiMkkeliMannerheim_kuva_PihlaLiukkonen_Kontrastia-44_nelioweb.jpg?id=12884) !important;background-position: center !important;background-repeat: no-repeat !important;background-size: cover !important;}&#8221;][vc_btn title=&#8221;Marsalkka Mannerheimin Mikkeli&#8221; style=&#8221;flat&#8221; shape=&#8221;square&#8221; color=&#8221;black&#8221; align=&#8221;center&#8221; link=&#8221;url:https%3A%2F%2Fwww.visitmikkeli.fi%2Fsotahistoria|target:_blank&#8221;][\/vc_column][vc_column width=&#8221;1\/3&#8243; css=&#8221;.vc_custom_1600188940618{padding-top: 260px !important;padding-bottom: 20px !important;background-image: url(https:\/\/www.visitsaimaa.fi\/wp-content\/uploads\/2020\/09\/Travelers-BuddyDJI_0155.png?id=17792) !important;background-position: center !important;background-repeat: no-repeat !important;background-size: cover !important;}&#8221;][vc_btn title=&#8221;Vanhan kanavan historiaa Varkaudessa&#8221; style=&#8221;flat&#8221; shape=&#8221;square&#8221; color=&#8221;black&#8221; align=&#8221;center&#8221; link=&#8221;url:http%3A%2F%2Fwww.visitvarkaus.fi%2Fajanviete%2Fnahtavyydet%2Ftaipaleen-kanava-alue-ja-kanavamuseo%2F&#8221;][\/vc_column][\/vc_row][vc_row][vc_column][\/vc_column][\/vc_row][vc_row][vc_column][vc_empty_space][\/vc_column][\/vc_row][vc_row][vc_column width=&#8221;1\/4&#8243;][\/vc_column][vc_column width=&#8221;1\/2&#8243;][vc_column_text]<\/p>\n<h2 style=\"text-align: center\">Aitojen tarinoiden ja paikalliskulttuurin yst\u00e4v\u00e4n k\u00e4rkikohteet Saimaalla<\/h2>\n<p style=\"text-align: center\">Saimaalla riitt\u00e4\u00e4 mielenkiintoista kulttuuriperint\u00f6\u00e4, historiallisia kohteita ja tapahtumia. T\u00e4ss\u00e4 muutama vinkki aitoja perinteit\u00e4 ja kulttuuria rakastaville.<\/p>\n<p>[\/vc_column_text][\/vc_column][vc_column width=&#8221;1\/4&#8243;][\/vc_column][\/vc_row][vc_row][vc_column]<div class=\"posts-list-grid wpb_content_element\">\n                            <div class=\"row no-gutter\"><div class=\"row no-gutter\"><div class=\"col-xs-10 col-sm-5 col-lg-4 col-main row-two \">    <div class=\"post-box post-stub post-22693 attachment type-attachment status-inherit hentry\" data-openid=\"sami_kurosen_makumatka_saimaalla_kausi_1_jakso_6_kallioniemi_ilkkaarvola_samikuronen_artokeinanen_otto_002_kuvaaja_vilmanorokorpi-1-22693-1\" data-contentid=\"1:22693\" data-showrelated=\"1\" id=\"sami_kurosen_makumatka_saimaalla_kausi_1_jakso_6_kallioniemi_ilkkaarvola_samikuronen_artokeinanen_otto_002_kuvaaja_vilmanorokorpi-1-22693-1\">\n\n        <div class=\"vs_post_thumbnail\" style=\"background-image: url('https:\/\/www.visitsaimaa.fi\/wp-content\/themes\/visitsaimaa2019\/images\/default_visitsaimaa_2016.jpg')\" ><\/div>\n        <div class=\"image_overlay\"><\/div>\n                \n                <a href=\"https:\/\/www.visitsaimaa.fi\/fi\/sami_kurosen_makumatka_saimaalla_kausi_1_jakso_6_kallioniemi_ilkkaarvola_samikuronen_artokeinanen_otto_002_kuvaaja_vilmanorokorpi\/\"  class=\" get-post-details\" title=\"sami_kurosen_makumatka_saimaalla_kausi_1_jakso_6_kallioniemi_ilkkaarvola_samikuronen_artokeinanen_otto_002_kuvaaja_vilmanorokorpi\">\n            <span class=\"info\">\n                \n                                <span class=\"h3\">sami_kurosen_makumatka_saimaalla_kausi_1_jakso_6_kallioniemi_ilkkaarvola_samikuronen_artokeinanen_otto_002_kuvaaja_vilmanorokorpi<\/span>\n                                            <\/span><!-- \/.info -->\n        <\/a>\n\n    <\/div>\n    <\/div><!-- box-main --><div class=\"col-xs-10 col-sm-5 col-lg-6 col-rest row-two\"><div class=\"row no-gutter\"><div class=\"col-xs-5 col-lg-33\">    <div class=\"post-box post-stub\" data-openid=\"-1--2\" data-contentid=\"1:\" data-showrelated=\"1\" id=\"-1--2\">\n\n        <div class=\"vs_post_thumbnail\" style=\"background-image: url('https:\/\/www.visitsaimaa.fi\/wp-content\/themes\/visitsaimaa2019\/images\/default_visitsaimaa_2016.jpg')\" ><\/div>\n        <div class=\"image_overlay\"><\/div>\n                \n                <a href=\"\"  class=\" get-post-details\" title=\"\">\n            <span class=\"info\">\n                \n                                <span class=\"h3\"><\/span>\n                                            <\/span><!-- \/.info -->\n        <\/a>\n\n    <\/div>\n    <\/div><div class=\"col-xs-5 col-lg-33\">    <div class=\"post-box post-stub\" data-openid=\"-1--3\" data-contentid=\"1:\" data-showrelated=\"1\" id=\"-1--3\">\n\n        <div class=\"vs_post_thumbnail\" style=\"background-image: url('https:\/\/www.visitsaimaa.fi\/wp-content\/themes\/visitsaimaa2019\/images\/default_visitsaimaa_2016.jpg')\" ><\/div>\n        <div class=\"image_overlay\"><\/div>\n                \n                <a href=\"\"  class=\" get-post-details\" title=\"\">\n            <span class=\"info\">\n                \n                                <span class=\"h3\"><\/span>\n                                            <\/span><!-- \/.info -->\n        <\/a>\n\n    <\/div>\n    <\/div><div class=\"col-xs-5 col-lg-33\">    <div class=\"post-box post-stub\" data-openid=\"-1--4\" data-contentid=\"1:\" data-showrelated=\"1\" id=\"-1--4\">\n\n        <div class=\"vs_post_thumbnail\" style=\"background-image: url('https:\/\/www.visitsaimaa.fi\/wp-content\/themes\/visitsaimaa2019\/images\/default_visitsaimaa_2016.jpg')\" ><\/div>\n        <div class=\"image_overlay\"><\/div>\n                \n                <a href=\"\"  class=\" get-post-details\" title=\"\">\n            <span class=\"info\">\n                \n                                <span class=\"h3\"><\/span>\n                                            <\/span><!-- \/.info -->\n        <\/a>\n\n    <\/div>\n    <\/div><div class=\"col-xs-5 col-lg-33\">    <div class=\"post-box post-stub post-23472 attachment type-attachment status-inherit hentry\" data-openid=\"savustetut-muikut-2-1-23472-5\" data-contentid=\"1:23472\" data-showrelated=\"1\" id=\"savustetut-muikut-2-1-23472-5\">\n\n        <div class=\"vs_post_thumbnail\" style=\"background-image: url('https:\/\/www.visitsaimaa.fi\/wp-content\/themes\/visitsaimaa2019\/images\/default_visitsaimaa_2016.jpg')\" ><\/div>\n        <div class=\"image_overlay\"><\/div>\n                \n                <a href=\"https:\/\/www.visitsaimaa.fi\/fi\/savustetut-muikut-2\/\"  class=\" get-post-details\" title=\"savustetut muikut\">\n            <span class=\"info\">\n                \n                                <span class=\"h3\">savustetut muikut<\/span>\n                                            <\/span><!-- \/.info -->\n        <\/a>\n\n    <\/div>\n    <\/div><div class=\"col-xs-10 col-lg-66\">    <div class=\"post-box post-stub post-28885 attachment type-attachment status-inherit hentry\" data-openid=\"visitsaimaa_pyorailyreitit_3-2-1-28885-6\" data-contentid=\"1:28885\" data-showrelated=\"1\" id=\"visitsaimaa_pyorailyreitit_3-2-1-28885-6\">\n\n        <div class=\"vs_post_thumbnail\" style=\"background-image: url('https:\/\/www.visitsaimaa.fi\/wp-content\/themes\/visitsaimaa2019\/images\/default_visitsaimaa_2016.jpg')\" ><\/div>\n        <div class=\"image_overlay\"><\/div>\n                \n                <a href=\"https:\/\/www.visitsaimaa.fi\/fi\/visitsaimaa_pyorailyreitit_3-2\/\"  class=\" get-post-details\" title=\"VISITSAIMAA_pyorailyreitit_3\">\n            <span class=\"info\">\n                \n                                <span class=\"h3\">VISITSAIMAA_pyorailyreitit_3<\/span>\n                                            <\/span><!-- \/.info -->\n        <\/a>\n\n    <\/div>\n    <\/div><\/div><!-- row --><\/div><!-- .rest --><\/div><!-- \/.row --><\/div><!-- \/.row -->\n                            <\/div><!--\/.posts-list-grid -->[\/vc_column][\/vc_row]<\/p>\n","protected":false},"excerpt":{"rendered":"<p>[vc_row full_width=&#8221;stretch_row_content_no_spaces&#8221; parallax=&#8221;content-moving-fade&#8221; parallax_image=&#8221;17136&#8243; parallax_speed_bg=&#8221;2&#8243; css=&#8221;.vc_custom_1600271838085{padding-top: 180px !important;padding-bottom: 180px !important;}&#8221;][vc_column][vc_single_image image=&#8221;21528&#8243; img_size=&#8221;large&#8221; alignment=&#8221;center&#8221;][vc_column_text] KULTTUURI Aitoja tarinoita [\/vc_column_text][\/vc_column][\/vc_row][vc_row css=&#8221;.vc_custom_1567421184936{margin-bottom: 50px !important;}&#8221;][vc_column width=&#8221;1\/4&#8243;][\/vc_column][vc_column width=&#8221;1\/2&#8243;][vc_column_text] Tervetuloa Saimaalle aidon el\u00e4m\u00e4n \u00e4\u00e4relle. J\u00e4rviluonnolla on ollut [&hellip;]<\/p>\n","protected":false},"author":53,"featured_media":0,"parent":16555,"menu_order":0,"comment_status":"closed","ping_status":"closed","template":"","meta":{"footnotes":""},"relatedcontent":[],"class_list":{"0":"post-16761","1":"page","2":"type-page","3":"status-publish","4":"hentry","6":"priority-3"},"yoast_head":"<!-- This site is optimized with the Yoast SEO Premium plugin v27.3 (Yoast SEO v27.5) - https:\/\/yoast.com\/product\/yoast-seo-premium-wordpress\/ -->\n<title>Kulttuuri - Visit Saimaa<\/title>\n<meta name=\"description\" content=\"KULTTUURI Aitoja tarinoita Tervetuloa Saimaalle aidon el\u00e4m\u00e4n \u00e4\u00e4relle. J\u00e4rviluonnolla on ollut suuri merkitys Saimaalla jo ensimm\u00e4isten asukkaiden\" \/>\n<meta name=\"robots\" content=\"index, follow, max-snippet:-1, max-image-preview:large, max-video-preview:-1\" \/>\n<link rel=\"canonical\" href=\"https:\/\/www.visitsaimaa.fi\/fi\/info\/vastuullisuus\/kulttuuri\/\" \/>\n<meta property=\"og:locale\" content=\"fi_FI\" \/>\n<meta property=\"og:type\" content=\"article\" \/>\n<meta property=\"og:title\" content=\"Kulttuuri\" \/>\n<meta property=\"og:description\" content=\"KULTTUURI Aitoja tarinoita Tervetuloa Saimaalle aidon el\u00e4m\u00e4n \u00e4\u00e4relle. J\u00e4rviluonnolla on ollut suuri merkitys Saimaalla jo ensimm\u00e4isten asukkaiden\" \/>\n<meta property=\"og:url\" content=\"https:\/\/www.visitsaimaa.fi\/fi\/info\/vastuullisuus\/kulttuuri\/\" \/>\n<meta property=\"og:site_name\" content=\"Visit Saimaa\" \/>\n<meta property=\"article:modified_time\" content=\"2022-05-16T12:28:05+00:00\" \/>\n<meta name=\"twitter:label1\" content=\"Arvioitu lukuaika\" \/>\n\t<meta name=\"twitter:data1\" content=\"2 minuuttia\" \/>\n<script type=\"application\/ld+json\" class=\"yoast-schema-graph\">{\"@context\":\"https:\\\/\\\/schema.org\",\"@graph\":[{\"@type\":\"WebPage\",\"@id\":\"https:\\\/\\\/www.visitsaimaa.fi\\\/fi\\\/info\\\/vastuullisuus\\\/kulttuuri\\\/\",\"url\":\"https:\\\/\\\/www.visitsaimaa.fi\\\/fi\\\/info\\\/vastuullisuus\\\/kulttuuri\\\/\",\"name\":\"Kulttuuri - Visit Saimaa\",\"isPartOf\":{\"@id\":\"https:\\\/\\\/www.visitsaimaa.fi\\\/fi\\\/#website\"},\"datePublished\":\"2020-07-15T08:13:34+00:00\",\"dateModified\":\"2022-05-16T12:28:05+00:00\",\"description\":\"KULTTUURI Aitoja tarinoita Tervetuloa Saimaalle aidon el\u00e4m\u00e4n \u00e4\u00e4relle. J\u00e4rviluonnolla on ollut suuri merkitys Saimaalla jo ensimm\u00e4isten asukkaiden\",\"breadcrumb\":{\"@id\":\"https:\\\/\\\/www.visitsaimaa.fi\\\/fi\\\/info\\\/vastuullisuus\\\/kulttuuri\\\/#breadcrumb\"},\"inLanguage\":\"fi\",\"potentialAction\":[{\"@type\":\"ReadAction\",\"target\":[\"https:\\\/\\\/www.visitsaimaa.fi\\\/fi\\\/info\\\/vastuullisuus\\\/kulttuuri\\\/\"]}]},{\"@type\":\"BreadcrumbList\",\"@id\":\"https:\\\/\\\/www.visitsaimaa.fi\\\/fi\\\/info\\\/vastuullisuus\\\/kulttuuri\\\/#breadcrumb\",\"itemListElement\":[{\"@type\":\"ListItem\",\"position\":1,\"name\":\"Visit Saimaa\",\"item\":\"https:\\\/\\\/www.visitsaimaa.fi\\\/fi\\\/\"},{\"@type\":\"ListItem\",\"position\":2,\"name\":\"Info\",\"item\":\"https:\\\/\\\/www.visitsaimaa.fi\\\/fi\\\/info\\\/\"},{\"@type\":\"ListItem\",\"position\":3,\"name\":\"Vastuullisuus\",\"item\":\"https:\\\/\\\/www.visitsaimaa.fi\\\/fi\\\/info\\\/vastuullisuus\\\/\"},{\"@type\":\"ListItem\",\"position\":4,\"name\":\"Kulttuuri\"}]},{\"@type\":\"WebSite\",\"@id\":\"https:\\\/\\\/www.visitsaimaa.fi\\\/fi\\\/#website\",\"url\":\"https:\\\/\\\/www.visitsaimaa.fi\\\/fi\\\/\",\"name\":\"Visit Saimaa\",\"description\":\"The Official Travel Guide of Lakeland Saimaa\",\"potentialAction\":[{\"@type\":\"SearchAction\",\"target\":{\"@type\":\"EntryPoint\",\"urlTemplate\":\"https:\\\/\\\/www.visitsaimaa.fi\\\/fi\\\/?s={search_term_string}\"},\"query-input\":{\"@type\":\"PropertyValueSpecification\",\"valueRequired\":true,\"valueName\":\"search_term_string\"}}],\"inLanguage\":\"fi\"}]}<\/script>\n<!-- \/ Yoast SEO Premium plugin. -->","yoast_head_json":{"title":"Kulttuuri - Visit Saimaa","description":"KULTTUURI Aitoja tarinoita Tervetuloa Saimaalle aidon el\u00e4m\u00e4n \u00e4\u00e4relle. J\u00e4rviluonnolla on ollut suuri merkitys Saimaalla jo ensimm\u00e4isten asukkaiden","robots":{"index":"index","follow":"follow","max-snippet":"max-snippet:-1","max-image-preview":"max-image-preview:large","max-video-preview":"max-video-preview:-1"},"canonical":"https:\/\/www.visitsaimaa.fi\/fi\/info\/vastuullisuus\/kulttuuri\/","og_locale":"fi_FI","og_type":"article","og_title":"Kulttuuri","og_description":"KULTTUURI Aitoja tarinoita Tervetuloa Saimaalle aidon el\u00e4m\u00e4n \u00e4\u00e4relle. J\u00e4rviluonnolla on ollut suuri merkitys Saimaalla jo ensimm\u00e4isten asukkaiden","og_url":"https:\/\/www.visitsaimaa.fi\/fi\/info\/vastuullisuus\/kulttuuri\/","og_site_name":"Visit Saimaa","article_modified_time":"2022-05-16T12:28:05+00:00","twitter_misc":{"Arvioitu lukuaika":"2 minuuttia"},"schema":{"@context":"https:\/\/schema.org","@graph":[{"@type":"WebPage","@id":"https:\/\/www.visitsaimaa.fi\/fi\/info\/vastuullisuus\/kulttuuri\/","url":"https:\/\/www.visitsaimaa.fi\/fi\/info\/vastuullisuus\/kulttuuri\/","name":"Kulttuuri - Visit Saimaa","isPartOf":{"@id":"https:\/\/www.visitsaimaa.fi\/fi\/#website"},"datePublished":"2020-07-15T08:13:34+00:00","dateModified":"2022-05-16T12:28:05+00:00","description":"KULTTUURI Aitoja tarinoita Tervetuloa Saimaalle aidon el\u00e4m\u00e4n \u00e4\u00e4relle. J\u00e4rviluonnolla on ollut suuri merkitys Saimaalla jo ensimm\u00e4isten asukkaiden","breadcrumb":{"@id":"https:\/\/www.visitsaimaa.fi\/fi\/info\/vastuullisuus\/kulttuuri\/#breadcrumb"},"inLanguage":"fi","potentialAction":[{"@type":"ReadAction","target":["https:\/\/www.visitsaimaa.fi\/fi\/info\/vastuullisuus\/kulttuuri\/"]}]},{"@type":"BreadcrumbList","@id":"https:\/\/www.visitsaimaa.fi\/fi\/info\/vastuullisuus\/kulttuuri\/#breadcrumb","itemListElement":[{"@type":"ListItem","position":1,"name":"Visit Saimaa","item":"https:\/\/www.visitsaimaa.fi\/fi\/"},{"@type":"ListItem","position":2,"name":"Info","item":"https:\/\/www.visitsaimaa.fi\/fi\/info\/"},{"@type":"ListItem","position":3,"name":"Vastuullisuus","item":"https:\/\/www.visitsaimaa.fi\/fi\/info\/vastuullisuus\/"},{"@type":"ListItem","position":4,"name":"Kulttuuri"}]},{"@type":"WebSite","@id":"https:\/\/www.visitsaimaa.fi\/fi\/#website","url":"https:\/\/www.visitsaimaa.fi\/fi\/","name":"Visit Saimaa","description":"The Official Travel Guide of Lakeland Saimaa","potentialAction":[{"@type":"SearchAction","target":{"@type":"EntryPoint","urlTemplate":"https:\/\/www.visitsaimaa.fi\/fi\/?s={search_term_string}"},"query-input":{"@type":"PropertyValueSpecification","valueRequired":true,"valueName":"search_term_string"}}],"inLanguage":"fi"}]}},"_links":{"self":[{"href":"https:\/\/www.visitsaimaa.fi\/fi\/wp-json\/wp\/v2\/pages\/16761","targetHints":{"allow":["GET"]}}],"collection":[{"href":"https:\/\/www.visitsaimaa.fi\/fi\/wp-json\/wp\/v2\/pages"}],"about":[{"href":"https:\/\/www.visitsaimaa.fi\/fi\/wp-json\/wp\/v2\/types\/page"}],"author":[{"embeddable":true,"href":"https:\/\/www.visitsaimaa.fi\/fi\/wp-json\/wp\/v2\/users\/53"}],"replies":[{"embeddable":true,"href":"https:\/\/www.visitsaimaa.fi\/fi\/wp-json\/wp\/v2\/comments?post=16761"}],"version-history":[{"count":10,"href":"https:\/\/www.visitsaimaa.fi\/fi\/wp-json\/wp\/v2\/pages\/16761\/revisions"}],"predecessor-version":[{"id":26384,"href":"https:\/\/www.visitsaimaa.fi\/fi\/wp-json\/wp\/v2\/pages\/16761\/revisions\/26384"}],"up":[{"embeddable":true,"href":"https:\/\/www.visitsaimaa.fi\/fi\/wp-json\/wp\/v2\/pages\/16555"}],"wp:attachment":[{"href":"https:\/\/www.visitsaimaa.fi\/fi\/wp-json\/wp\/v2\/media?parent=16761"}],"wp:term":[{"taxonomy":"relatedcontent","embeddable":true,"href":"https:\/\/www.visitsaimaa.fi\/fi\/wp-json\/wp\/v2\/relatedcontent?post=16761"}],"curies":[{"name":"wp","href":"https:\/\/api.w.org\/{rel}","templated":true}]}}