{"id":16617,"date":"2020-06-23T13:30:19","date_gmt":"2020-06-23T10:30:19","guid":{"rendered":"https:\/\/www.visitsaimaa.fi\/?page_id=16617"},"modified":"2025-03-24T14:11:54","modified_gmt":"2025-03-24T12:11:54","slug":"ruoka","status":"publish","type":"page","link":"https:\/\/www.visitsaimaa.fi\/fi\/info\/vastuullisuus\/ruoka\/","title":{"rendered":"Ruoka"},"content":{"rendered":"<p>[vc_row full_width=&#8221;stretch_row_content_no_spaces&#8221;][vc_column]<div class=\"main_header big\">\n    <figure style=\"background-image: url('https:\/\/www.visitsaimaa.fi\/wp-content\/uploads\/2020\/01\/mushroom3-1920x600.jpg'); background-position: center center;\"><\/figure>\n    <div class=\"main_header_content\" style=\"\">\n        <div class=\"container\">\n            \n<h1 style=\"text-align: center;\">Ruoka<\/h1>\n<p style=\"text-align: center;\">Aitojen makujen \u00e4\u00e4rell\u00e4<\/p>\n    \n        <\/div>\n    <\/div><!-- \/.container -->\n<\/div><!-- \/.main_header -->\n\n[\/vc_column][\/vc_row][vc_row css=&#8221;.vc_custom_1567421184936{margin-bottom: 50px !important;}&#8221;][vc_column width=&#8221;1\/4&#8243;][\/vc_column][vc_column width=&#8221;1\/2&#8243;][vc_empty_space][vc_column_text]<\/p>\n<p style=\"text-align: center;\">Saimaan alueen rikkaus on l\u00e4hialueen puhtaista raaka-aineista valmistettu ruoka, jota tarjotaan useissa alueen ravintoloissa. Parhaimmillaan raaka-aineet saadaan keitti\u00f6\u00f6n vain parinkymmenen metrin p\u00e4\u00e4st\u00e4 saman p\u00e4iv\u00e4n aamuna, kun niist\u00e4 valmistetaan upeita herkkuja, ehk\u00e4p\u00e4 jopa vuosisatoja vanhalla reseptilla. Juuri sinulle.<\/p>\n<p>[\/vc_column_text][vc_icon icon_fontawesome=&#8221;fas fa-chevron-down&#8221; color=&#8221;black&#8221; align=&#8221;center&#8221; css_animation=&#8221;fadeInDown&#8221;][\/vc_column][vc_column width=&#8221;1\/4&#8243;][\/vc_column][\/vc_row][vc_row full_width=&#8221;stretch_row_content_no_spaces&#8221; content_placement=&#8221;middle&#8221; parallax=&#8221;content-moving-fade&#8221; parallax_image=&#8221;17711&#8243; css=&#8221;.vc_custom_1742811645796{padding-top: 200px !important;padding-bottom: 200px !important;}&#8221;][vc_column][vc_column_text css_animation=&#8221;none&#8221; css=&#8221;&#8221;]<\/p>\n<h4 style=\"text-align: center;\"><span style=\"color: #ffffff;\">Useissa ravintoloissa on tarjolla<\/span><br \/>\n<span style=\"color: #ffffff;\">l\u00e4himetsien marjoja ja sieni\u00e4,<\/span><br \/>\n<span style=\"color: #ffffff;\">kotimaista villikalaa,<\/span><br \/>\n<span style=\"color: #ffffff;\">paikallisten tuottajien tuotteita,<\/span><br \/>\n<span style=\"color: #ffffff;\">omassa yrttitarhassa kasvatettuja<\/span><br \/>\n<span style=\"color: #ffffff;\">yrttej\u00e4,\u00a0oman puutarhan<\/span><br \/>\n<span style=\"color: #ffffff;\">marjoja ja hedelmi\u00e4 sek\u00e4\u00a0villiyrttej\u00e4.<\/span><\/h4>\n<h4 style=\"text-align: center;\"><span style=\"color: #ffffff;\">L\u00e4hiruoan k\u00e4ytt\u00e4minen mahdollistaa<\/span><br \/>\n<span style=\"color: #ffffff;\">raaka-aineiden tarjoamisen tuoreena,<\/span><br \/>\n<span style=\"color: #ffffff;\">ty\u00f6llist\u00e4\u00e4 paikallisia ja l\u00e4hialueen ihmisi\u00e4<\/span><br \/>\n<span style=\"color: #ffffff;\">ja vahvistaa paikallistaloutta.<\/span><br \/>\n<span style=\"color: #ffffff;\">Tutustu Saimaan yritysten tarjoamiin el\u00e4myksiin<\/span><br \/>\n<span style=\"color: #ffffff;\">ja maistele luonnon puhtaita makuja.<\/span><\/h4>\n<p>[\/vc_column_text][\/vc_column][\/vc_row][vc_row][vc_column width=&#8221;1\/4&#8243;][\/vc_column][vc_column width=&#8221;1\/2&#8243;][vc_column_text]<\/p>\n<h2 style=\"text-align: center;\">Ruokaa rakkaudella valmistettuna<\/h2>\n<p style=\"text-align: center;\">N\u00e4iss\u00e4 ravintoloissa p\u00e4\u00e4set nauttimaan paikallisista tai jopa ravintolan itse kasvattamista raaka-aineista valmistetuista herkuista.<\/p>\n<p>[\/vc_column_text][vc_icon icon_fontawesome=&#8221;fas fa-chevron-down&#8221; color=&#8221;black&#8221; align=&#8221;center&#8221; css_animation=&#8221;fadeInDown&#8221;][\/vc_column][vc_column width=&#8221;1\/4&#8243;][\/vc_column][\/vc_row][vc_row][vc_column width=&#8221;1\/3&#8243;][vc_empty_space]<div class=\"image-and-button-shortcode\" style=\"background-image: url('https:\/\/www.visitsaimaa.fi\/wp-content\/uploads\/2020\/08\/Tertti-1.jpg')\">\n\t\t\t<h3 class=\"h2\">Tertin Kartano<\/h3>\n\t\t<a href=\"https:\/\/tertinkartano.fi\/\" target=\"_blank\" class=\"btn btn-primary\">Palkittuja makuja upeassa kartanomilj\u00f6\u00f6ss\u00e4 &raquo;<\/a>\n<\/div>\n[\/vc_column][vc_column width=&#8221;1\/3&#8243;][vc_empty_space]<div class=\"image-and-button-shortcode\" style=\"background-image: url('https:\/\/www.visitsaimaa.fi\/wp-content\/uploads\/2021\/08\/niinipuu_ulkoa7-1024x683-1-1024x600.jpg')\">\n\t\t\t<h3 class=\"h2\">Ravintola Niinipuu - Okkolan Lomam\u00f6kit<\/h3>\n\t\t<a href=\"https:\/\/www.okkolanlomamokit.com\/ravintola\/\" target=\"_blank\" class=\"btn btn-primary\">Perinteisi\u00e4 makuja vanhassa pihapiiriss\u00e4 &raquo;<\/a>\n<\/div>\n[\/vc_column][vc_column width=&#8221;1\/3&#8243;][vc_empty_space]<div class=\"image-and-button-shortcode\" style=\"background-image: url('https:\/\/www.visitsaimaa.fi\/wp-content\/uploads\/2021\/09\/Sahanlahti_terassi2021__kuva_Pihla_Liukkonen_kontrastia-13-1024x600.jpg')\">\n\t\t\t<h3 class=\"h2\">Ravintola Koskivahti - Sahanlahti Resort<\/h3>\n\t\t<a href=\"https:\/\/www.sahanlahtiresort.fi\/ruoka\" target=\"_blank\" class=\"btn btn-primary\">Ruokaile Saimaan parhaimpia makuja Suomen kauneimmalla terassin\u00e4kym\u00e4ll\u00e4 &raquo;<\/a>\n<\/div>\n[\/vc_column][\/vc_row][vc_row][vc_column width=&#8221;1\/3&#8243;][vc_empty_space]<div class=\"image-and-button-shortcode\" style=\"background-image: url('https:\/\/www.visitsaimaa.fi\/wp-content\/uploads\/2020\/05\/Wallenius-Kenk-vero12-1920x600.jpg')\">\n\t\t\t<h3 class=\"h2\">Kenk\u00e4vero<\/h3>\n\t\t<a href=\"https:\/\/www.kenkavero.fi\/nyt-suosittelemme\" target=\"_blank\" class=\"btn btn-primary\">Vanhan pappilan perinteiden mukaan l\u00e4hell\u00e4 tuotettuja makuja &raquo;<\/a>\n<\/div>\n[\/vc_column][vc_column width=&#8221;1\/3&#8243;][vc_empty_space]<div class=\"image-and-button-shortcode\" style=\"background-image: url('https:\/\/www.visitsaimaa.fi\/wp-content\/uploads\/2024\/01\/pihlasresort-promo-10.8.2023-web-2048px-98-1920x600.jpg')\">\n\t\t\t<h3 class=\"h2\">Ravintola Siimes - Pihlas Resort<\/h3>\n\t\t<a href=\"https:\/\/pihlasresort.com\/fi\/ravintola-siimes\" target=\"_blank\" class=\"btn btn-primary\">Mets\u00e4n Siimeksess\u00e4 ainutlaatuisia makuel\u00e4myksi\u00e4 &raquo;<\/a>\n<\/div>\n[\/vc_column][vc_column width=&#8221;1\/3&#8243;][vc_empty_space]<div class=\"image-and-button-shortcode\" style=\"background-image: url('https:\/\/www.visitsaimaa.fi\/wp-content\/uploads\/2022\/09\/Teahouse_21-1-2021_fullres-64-1024x600.jpg')\">\n\t\t\t<h3 class=\"h2\">TeaHouse of Wehmais<\/h3>\n\t\t<a href=\"https:\/\/www.teahouse.fi\/\" target=\"_blank\" class=\"btn btn-primary\">Monipuolisia tee-el\u00e4myksi\u00e4 kartanon pihapiiriss\u00e4 &raquo;<\/a>\n<\/div>\n[\/vc_column][\/vc_row][vc_row][vc_column width=&#8221;1\/3&#8243;][vc_empty_space]<div class=\"image-and-button-shortcode\" style=\"background-image: url('https:\/\/www.visitsaimaa.fi\/wp-content\/uploads\/2021\/06\/sami_kurosen_makumatka_saimaalla_kausi_1_jakso_3_putkisalo_illallissali_kuvaaja_vilmanorokorpi-1920x600.jpg')\">\n\t\t\t<h3 class=\"h2\">Putkisalon Kartano<\/h3>\n\t\t<a href=\"https:\/\/putkisalo.fi\/putkisalon-kartanon-illalliset\/\" target=\"_blank\" class=\"btn btn-primary\">Lammastilan tunnelmaa ja tunnelmalliset illalliset &raquo;<\/a>\n<\/div>\n[\/vc_column][vc_column width=&#8221;1\/3&#8243;][vc_empty_space]<div class=\"image-and-button-shortcode\" style=\"background-image: url('https:\/\/www.visitsaimaa.fi\/wp-content\/uploads\/2025\/03\/restaurant-ruukinranta-autumn-1773x600.jpg')\">\n\t\t\t<h3 class=\"h2\">Ravintola Ruukinranta - Oravi<\/h3>\n\t\t<a href=\"https:\/\/www.oravivillage.com\/fi\/Oravi\/Ravintola-Ruukinranta\" target=\"_blank\" class=\"btn btn-primary\">Idyllinen ravintola ruukkimilj\u00f6\u00f6ss\u00e4 kanavakyl\u00e4ss\u00e4 kansallispuiston kupeessa &raquo;<\/a>\n<\/div>\n[\/vc_column][vc_column width=&#8221;1\/3&#8243;][vc_empty_space]<div class=\"image-and-button-shortcode\" style=\"background-image: url('https:\/\/www.visitsaimaa.fi\/wp-content\/uploads\/2024\/06\/ruokkeen-lomakyla-2560-scaled.jpg')\">\n\t\t\t<h3 class=\"h2\">Ruokkeen Lomakyl\u00e4<\/h3>\n\t\t<a href=\"https:\/\/www.ruokkeenlomakyla.fi\/ravintola\/\" target=\"_blank\" class=\"btn btn-primary\">Perinteist\u00e4 kotiruokaa, tunnelmalliset teemaillat ja itse jalostetut kalas\u00e4ilykkeet &raquo;<\/a>\n<\/div>\n[\/vc_column][\/vc_row][vc_row][vc_column width=&#8221;1\/3&#8243;][vc_empty_space]<div class=\"image-and-button-shortcode\" style=\"background-image: url('https:\/\/www.visitsaimaa.fi\/wp-content\/uploads\/2024\/05\/uhkua_kaposaari_15-7-2022-32-1920x600.jpg')\">\n\t\t\t<h3 class=\"h2\">Uhkua<\/h3>\n\t\t<a href=\"https:\/\/uhkua.fi\/ruokaelamykset\/\" target=\"_blank\" class=\"btn btn-primary\">Ruokaa luonnosta ja luonnossa &raquo;<\/a>\n<\/div>\n[\/vc_column][vc_column width=&#8221;1\/3&#8243;][vc_empty_space]<div class=\"image-and-button-shortcode\" style=\"background-image: url('https:\/\/www.visitsaimaa.fi\/wp-content\/uploads\/2024\/08\/pistohiekka_syyskamppis-1920x600.jpeg')\">\n\t\t\t<h3 class=\"h2\">Pistohiekka Resort<\/h3>\n\t\t<a href=\"https:\/\/www.pistohiekka.fi\/ravintola\/\" target=\"_blank\" class=\"btn btn-primary\">Maukasta l\u00e4hiruokaa ja upeaa puuarkkitehtuuria &raquo;<\/a>\n<\/div>\n[\/vc_column][vc_column width=&#8221;1\/3&#8243;][vc_empty_space]<div class=\"image-and-button-shortcode\" style=\"background-image: url('https:\/\/www.visitsaimaa.fi\/wp-content\/uploads\/2021\/06\/sami_kurosen_makumatka_saimaalla_kausi_1_jakso_1_ollinmaenviinitila_tapakset_kuvaaja_vilmanorokorpi-1920x600.jpg')\">\n\t\t\t<h3 class=\"h2\">Ollinm\u00e4en Viinitila<\/h3>\n\t\t<a href=\"https:\/\/ollinmaenviinitila.johku.com\/\" target=\"_blank\" class=\"btn btn-primary\">Marjaviinit kotimaisista marjoista kera savolaisten sapasten &raquo;<\/a>\n<\/div>\n[\/vc_column][\/vc_row][vc_row][vc_column width=&#8221;1\/4&#8243;][\/vc_column][vc_column width=&#8221;1\/2&#8243;][vc_empty_space][vc_column_text css=&#8221;&#8221;]<\/p>\n<h2 style=\"text-align: center;\">Aamiainen on p\u00e4iv\u00e4n t\u00e4rkein ateria<\/h2>\n<p style=\"text-align: center;\">Aamiainen on p\u00e4iv\u00e4n t\u00e4rkein ateria ja erityisen spesiaalin siit\u00e4 tekee hyv\u00e4 seura, kiireett\u00f6myys ja laadukkaat raaka-aineet.<\/p>\n<p>[\/vc_column_text][vc_icon icon_fontawesome=&#8221;fas fa-chevron-down&#8221; color=&#8221;black&#8221; align=&#8221;center&#8221; css_animation=&#8221;fadeInDown&#8221; css=&#8221;&#8221;][\/vc_column][vc_column width=&#8221;1\/4&#8243;][\/vc_column][\/vc_row][vc_row][vc_column width=&#8221;1\/2&#8243;][vc_empty_space]<div class=\"image-and-button-shortcode\" style=\"background-image: url('https:\/\/www.visitsaimaa.fi\/wp-content\/uploads\/2025\/03\/017-1920x600.jpg')\">\n\t\t\t<h3 class=\"h2\">Inkeritalon aamusauna - Kruunupuisto<\/h3>\n\t\t<a href=\"\"  class=\"btn btn-primary\">Nauti aamiainen saunomisen lomassa Punkaharjun kansallismaisemassa &raquo;<\/a>\n<\/div>\n[\/vc_column][vc_column width=&#8221;1\/2&#8243;][vc_empty_space]<div class=\"image-and-button-shortcode\" style=\"background-image: url('https:\/\/www.visitsaimaa.fi\/wp-content\/uploads\/2025\/02\/aamiainen-linkkumylly-1920x600.jpg')\">\n\t\t\t<h3 class=\"h2\">Linkkumylly<\/h3>\n\t\t<a href=\"https:\/\/linkkumylly.fi\/fi\/palvelut\/\" target=\"_blank\" class=\"btn btn-primary\">Visuaalinen ja maukas aamiaisel\u00e4mys M\u00e4ntyharjulla &raquo;<\/a>\n<\/div>\n[\/vc_column][\/vc_row][vc_row full_width=&#8221;stretch_row_content_no_spaces&#8221; content_placement=&#8221;bottom&#8221; parallax=&#8221;content-moving-fade&#8221; parallax_image=&#8221;13850&#8243; disable_element=&#8221;yes&#8221; css=&#8221;.vc_custom_1742817584824{padding-top: 200px !important;padding-bottom: 200px !important;}&#8221;][vc_column][vc_empty_space][vc_column_text]<\/p>\n<h3 style=\"text-align: center;\"><span style=\"color: #ffffff;\">Saimaa Gastronomy on <\/span><br \/>\n<span style=\"color: #ffffff;\">nelj\u00e4n yrityksen verkosto,<br \/>\njoita <\/span><span style=\"color: #ffffff;\">yhdist\u00e4\u00e4 rakkaus<br \/>\nSaimaata ja\u00a0<\/span><span style=\"color: #ffffff;\">sen ainut-<br \/>\nlaatuista luontoa kohtaan. <\/span><\/h3>\n<p style=\"text-align: center;\"><span style=\"color: #ffffff;\">Kaikissa kohteissa arvostetaan <\/span><br \/>\n<span style=\"color: #ffffff;\">paikallisia puhtaita <\/span><br \/>\n<span style=\"color: #ffffff;\">l\u00e4hiraaka-aineita sek\u00e4 <\/span><br \/>\n<span style=\"color: #ffffff;\">pientuottajien tuotteta. <\/span><br \/>\n<span style=\"color: #ffffff;\">Maittavat menut rakentuvat <\/span><br \/>\n<span style=\"color: #ffffff;\">kausituotteiden ymp\u00e4rille ja <\/span><br \/>\n<span style=\"color: #ffffff;\">p\u00f6ytien antimet vaihtuvatkin <\/span><br \/>\n<span style=\"color: #ffffff;\">vuodenaikojen, jopa p\u00e4iv\u00e4n <\/span><br \/>\n<span style=\"color: #ffffff;\">s\u00e4\u00e4n\u00a0mukaan.<\/span>[\/vc_column_text][vc_btn title=&#8221;TUTUSTU&#8221; style=&#8221;flat&#8221; shape=&#8221;square&#8221; color=&#8221;black&#8221; align=&#8221;center&#8221; i_icon_fontawesome=&#8221;fas fa-angle-right&#8221; add_icon=&#8221;true&#8221; link=&#8221;url:https%3A%2F%2Fwww.visitsaimaa.fi%2Ffi%2Fruoka%2Fsaimaagastronomy%2F|title:Ruoka&#8221;][\/vc_column][\/vc_row][vc_row][vc_column width=&#8221;1\/4&#8243;][\/vc_column][vc_column width=&#8221;1\/2&#8243;][\/vc_column][vc_column width=&#8221;1\/4&#8243;][\/vc_column][\/vc_row][vc_row][vc_column width=&#8221;1\/4&#8243;][\/vc_column][vc_column width=&#8221;1\/2&#8243;][vc_empty_space][vc_icon icon_fontawesome=&#8221;fas fa-angle-down&#8221; color=&#8221;black&#8221; size=&#8221;lg&#8221; align=&#8221;center&#8221; css_animation=&#8221;fadeInDown&#8221; css=&#8221;&#8221;][\/vc_column][vc_column width=&#8221;1\/4&#8243;][\/vc_column][\/vc_row][vc_row][vc_column width=&#8221;1\/2&#8243;][vc_column_text css=&#8221;&#8221;]<\/p>\n<h2 style=\"text-align: left;\">Saimaan paikallista kulttuuria ja herkullista l\u00e4hiruokaa<\/h2>\n<p style=\"text-align: left;\">Saimaa Gastronomy -ravintolat \u2013 Tertin Kartano, TeaHouse of Wehmais,\u00a0 ja Sahanlahti Resort \u2013 ovat paitsi uniikkeja l\u00e4hiruoan keitaita my\u00f6s upeita Saimaan matkakohteita. L\u00e4hde Saimaa Gastronomy -kierrokselle nauttimaan jokaisen ainutlaatuiset makuel\u00e4mykset.<\/p>\n<p>[\/vc_column_text][\/vc_column][vc_column width=&#8221;1\/2&#8243;][vc_empty_space]<div class=\"image-and-button-shortcode\" style=\"background-image: url('https:\/\/www.visitsaimaa.fi\/wp-content\/uploads\/2020\/08\/Tertti-1.jpg')\">\n\t\t\t<h3 class=\"h2\">Saimaa Gastronomy -makumatka<\/h3>\n\t\t<a href=\"https:\/\/www.visitsaimaa.fi\/fi\/reitit\/saimaa-gastronomy-kierros\/\"  class=\"btn btn-primary\">L\u00e4hde matkalle &raquo;<\/a>\n<\/div>\n[\/vc_column][\/vc_row][vc_row][vc_column width=&#8221;1\/4&#8243;][\/vc_column][vc_column width=&#8221;1\/2&#8243;][vc_empty_space][vc_icon icon_fontawesome=&#8221;fas fa-angle-down&#8221; color=&#8221;black&#8221; size=&#8221;lg&#8221; align=&#8221;center&#8221; css_animation=&#8221;fadeInDown&#8221; css=&#8221;&#8221;][\/vc_column][vc_column width=&#8221;1\/4&#8243;][\/vc_column][\/vc_row][vc_row][vc_column width=&#8221;1\/4&#8243;][vc_single_image image=&#8221;14996&#8243; img_size=&#8221;medium&#8221;][\/vc_column][vc_column width=&#8221;3\/4&#8243;][vc_column_text]<\/p>\n<h2>D.O. Saimaa \u2013 100 % hyv\u00e4\u00e4 Saimaan seudulta<\/h2>\n<p>D.O. Saimaa on Suomen ensimm\u00e4inen, alueellinen alkuper\u00e4- ja laatumerkki. Merkin sloganissa mainittu hyv\u00e4 tarkoittaa paitsi korkeaa laatua, my\u00f6s positiivista vaikutusta ymp\u00e4rist\u00f6\u00f6n, kulttuuriin, alueen elinvoimaisuuteen ja yhteiskuntaan. D.O. Saimaa -tuotteita k\u00e4ytt\u00e4v\u00e4t ravintolat arvostavat raaka-aineissaan alkuper\u00e4\u00e4, puhtautta ja korkeaa laatua. Alkuper\u00e4merkityt D.O. Saimaa -tuotteet ovat sek\u00e4 eettisesti ett\u00e4 paikallisen yhteis\u00f6n kannalta hyv\u00e4 valinta.[\/vc_column_text][vc_btn title=&#8221;TUTUSTU LIS\u00c4\u00c4&#8221; style=&#8221;flat&#8221; color=&#8221;primary&#8221; i_icon_fontawesome=&#8221;fas fa-angle-right&#8221; add_icon=&#8221;true&#8221; link=&#8221;url:https%3A%2F%2Fwww.dosaimaa.fi%2F&#8221;][\/vc_column][\/vc_row]<\/p>\n","protected":false},"excerpt":{"rendered":"<p>[vc_row full_width=&#8221;stretch_row_content_no_spaces&#8221;][vc_column][\/vc_column][\/vc_row][vc_row css=&#8221;.vc_custom_1567421184936{margin-bottom: 50px !important;}&#8221;][vc_column width=&#8221;1\/4&#8243;][\/vc_column][vc_column width=&#8221;1\/2&#8243;][vc_empty_space][vc_column_text] Saimaan alueen rikkaus on l\u00e4hialueen puhtaista raaka-aineista valmistettu ruoka, jota tarjotaan useissa alueen ravintoloissa. Parhaimmillaan raaka-aineet saadaan keitti\u00f6\u00f6n vain parinkymmenen metrin p\u00e4\u00e4st\u00e4 saman [&hellip;]<\/p>\n","protected":false},"author":53,"featured_media":0,"parent":16555,"menu_order":0,"comment_status":"closed","ping_status":"closed","template":"","meta":{"footnotes":""},"relatedcontent":[],"class_list":{"0":"post-16617","1":"page","2":"type-page","3":"status-publish","4":"hentry","6":"priority-3"},"yoast_head":"<!-- This site is optimized with the Yoast SEO Premium plugin v27.3 (Yoast SEO v27.5) - https:\/\/yoast.com\/product\/yoast-seo-premium-wordpress\/ -->\n<title>Ruoka - Visit Saimaa<\/title>\n<meta name=\"description\" content=\"Saimaan alueen rikkaus on l\u00e4hialueen puhtaista raaka-aineista valmistettu ruoka, jota tarjotaan useissa alueen ravintoloissa. Parhaimmillaan raaka-aineet\" \/>\n<meta name=\"robots\" content=\"index, follow, max-snippet:-1, max-image-preview:large, max-video-preview:-1\" \/>\n<link rel=\"canonical\" href=\"https:\/\/www.visitsaimaa.fi\/fi\/info\/vastuullisuus\/ruoka\/\" \/>\n<meta property=\"og:locale\" content=\"fi_FI\" \/>\n<meta property=\"og:type\" content=\"article\" \/>\n<meta property=\"og:title\" content=\"Ruoka\" \/>\n<meta property=\"og:description\" content=\"Saimaan alueen rikkaus on l\u00e4hialueen puhtaista raaka-aineista valmistettu ruoka, jota tarjotaan useissa alueen ravintoloissa. Parhaimmillaan raaka-aineet\" \/>\n<meta property=\"og:url\" content=\"https:\/\/www.visitsaimaa.fi\/fi\/info\/vastuullisuus\/ruoka\/\" \/>\n<meta property=\"og:site_name\" content=\"Visit Saimaa\" \/>\n<meta property=\"article:modified_time\" content=\"2025-03-24T12:11:54+00:00\" \/>\n<meta name=\"twitter:label1\" content=\"Arvioitu lukuaika\" \/>\n\t<meta name=\"twitter:data1\" content=\"8 minuuttia\" \/>\n<script type=\"application\/ld+json\" class=\"yoast-schema-graph\">{\"@context\":\"https:\\\/\\\/schema.org\",\"@graph\":[{\"@type\":\"WebPage\",\"@id\":\"https:\\\/\\\/www.visitsaimaa.fi\\\/fi\\\/info\\\/vastuullisuus\\\/ruoka\\\/\",\"url\":\"https:\\\/\\\/www.visitsaimaa.fi\\\/fi\\\/info\\\/vastuullisuus\\\/ruoka\\\/\",\"name\":\"Ruoka - Visit Saimaa\",\"isPartOf\":{\"@id\":\"https:\\\/\\\/www.visitsaimaa.fi\\\/fi\\\/#website\"},\"datePublished\":\"2020-06-23T10:30:19+00:00\",\"dateModified\":\"2025-03-24T12:11:54+00:00\",\"description\":\"Saimaan alueen rikkaus on l\u00e4hialueen puhtaista raaka-aineista valmistettu ruoka, jota tarjotaan useissa alueen ravintoloissa. Parhaimmillaan raaka-aineet\",\"breadcrumb\":{\"@id\":\"https:\\\/\\\/www.visitsaimaa.fi\\\/fi\\\/info\\\/vastuullisuus\\\/ruoka\\\/#breadcrumb\"},\"inLanguage\":\"fi\",\"potentialAction\":[{\"@type\":\"ReadAction\",\"target\":[\"https:\\\/\\\/www.visitsaimaa.fi\\\/fi\\\/info\\\/vastuullisuus\\\/ruoka\\\/\"]}]},{\"@type\":\"BreadcrumbList\",\"@id\":\"https:\\\/\\\/www.visitsaimaa.fi\\\/fi\\\/info\\\/vastuullisuus\\\/ruoka\\\/#breadcrumb\",\"itemListElement\":[{\"@type\":\"ListItem\",\"position\":1,\"name\":\"Visit Saimaa\",\"item\":\"https:\\\/\\\/www.visitsaimaa.fi\\\/fi\\\/\"},{\"@type\":\"ListItem\",\"position\":2,\"name\":\"Info\",\"item\":\"https:\\\/\\\/www.visitsaimaa.fi\\\/fi\\\/info\\\/\"},{\"@type\":\"ListItem\",\"position\":3,\"name\":\"Vastuullisuus\",\"item\":\"https:\\\/\\\/www.visitsaimaa.fi\\\/fi\\\/info\\\/vastuullisuus\\\/\"},{\"@type\":\"ListItem\",\"position\":4,\"name\":\"Ruoka\"}]},{\"@type\":\"WebSite\",\"@id\":\"https:\\\/\\\/www.visitsaimaa.fi\\\/fi\\\/#website\",\"url\":\"https:\\\/\\\/www.visitsaimaa.fi\\\/fi\\\/\",\"name\":\"Visit Saimaa\",\"description\":\"The Official Travel Guide of Lakeland Saimaa\",\"potentialAction\":[{\"@type\":\"SearchAction\",\"target\":{\"@type\":\"EntryPoint\",\"urlTemplate\":\"https:\\\/\\\/www.visitsaimaa.fi\\\/fi\\\/?s={search_term_string}\"},\"query-input\":{\"@type\":\"PropertyValueSpecification\",\"valueRequired\":true,\"valueName\":\"search_term_string\"}}],\"inLanguage\":\"fi\"}]}<\/script>\n<!-- \/ Yoast SEO Premium plugin. -->","yoast_head_json":{"title":"Ruoka - Visit Saimaa","description":"Saimaan alueen rikkaus on l\u00e4hialueen puhtaista raaka-aineista valmistettu ruoka, jota tarjotaan useissa alueen ravintoloissa. Parhaimmillaan raaka-aineet","robots":{"index":"index","follow":"follow","max-snippet":"max-snippet:-1","max-image-preview":"max-image-preview:large","max-video-preview":"max-video-preview:-1"},"canonical":"https:\/\/www.visitsaimaa.fi\/fi\/info\/vastuullisuus\/ruoka\/","og_locale":"fi_FI","og_type":"article","og_title":"Ruoka","og_description":"Saimaan alueen rikkaus on l\u00e4hialueen puhtaista raaka-aineista valmistettu ruoka, jota tarjotaan useissa alueen ravintoloissa. Parhaimmillaan raaka-aineet","og_url":"https:\/\/www.visitsaimaa.fi\/fi\/info\/vastuullisuus\/ruoka\/","og_site_name":"Visit Saimaa","article_modified_time":"2025-03-24T12:11:54+00:00","twitter_misc":{"Arvioitu lukuaika":"8 minuuttia"},"schema":{"@context":"https:\/\/schema.org","@graph":[{"@type":"WebPage","@id":"https:\/\/www.visitsaimaa.fi\/fi\/info\/vastuullisuus\/ruoka\/","url":"https:\/\/www.visitsaimaa.fi\/fi\/info\/vastuullisuus\/ruoka\/","name":"Ruoka - Visit Saimaa","isPartOf":{"@id":"https:\/\/www.visitsaimaa.fi\/fi\/#website"},"datePublished":"2020-06-23T10:30:19+00:00","dateModified":"2025-03-24T12:11:54+00:00","description":"Saimaan alueen rikkaus on l\u00e4hialueen puhtaista raaka-aineista valmistettu ruoka, jota tarjotaan useissa alueen ravintoloissa. Parhaimmillaan raaka-aineet","breadcrumb":{"@id":"https:\/\/www.visitsaimaa.fi\/fi\/info\/vastuullisuus\/ruoka\/#breadcrumb"},"inLanguage":"fi","potentialAction":[{"@type":"ReadAction","target":["https:\/\/www.visitsaimaa.fi\/fi\/info\/vastuullisuus\/ruoka\/"]}]},{"@type":"BreadcrumbList","@id":"https:\/\/www.visitsaimaa.fi\/fi\/info\/vastuullisuus\/ruoka\/#breadcrumb","itemListElement":[{"@type":"ListItem","position":1,"name":"Visit Saimaa","item":"https:\/\/www.visitsaimaa.fi\/fi\/"},{"@type":"ListItem","position":2,"name":"Info","item":"https:\/\/www.visitsaimaa.fi\/fi\/info\/"},{"@type":"ListItem","position":3,"name":"Vastuullisuus","item":"https:\/\/www.visitsaimaa.fi\/fi\/info\/vastuullisuus\/"},{"@type":"ListItem","position":4,"name":"Ruoka"}]},{"@type":"WebSite","@id":"https:\/\/www.visitsaimaa.fi\/fi\/#website","url":"https:\/\/www.visitsaimaa.fi\/fi\/","name":"Visit Saimaa","description":"The Official Travel Guide of Lakeland Saimaa","potentialAction":[{"@type":"SearchAction","target":{"@type":"EntryPoint","urlTemplate":"https:\/\/www.visitsaimaa.fi\/fi\/?s={search_term_string}"},"query-input":{"@type":"PropertyValueSpecification","valueRequired":true,"valueName":"search_term_string"}}],"inLanguage":"fi"}]}},"_links":{"self":[{"href":"https:\/\/www.visitsaimaa.fi\/fi\/wp-json\/wp\/v2\/pages\/16617","targetHints":{"allow":["GET"]}}],"collection":[{"href":"https:\/\/www.visitsaimaa.fi\/fi\/wp-json\/wp\/v2\/pages"}],"about":[{"href":"https:\/\/www.visitsaimaa.fi\/fi\/wp-json\/wp\/v2\/types\/page"}],"author":[{"embeddable":true,"href":"https:\/\/www.visitsaimaa.fi\/fi\/wp-json\/wp\/v2\/users\/53"}],"replies":[{"embeddable":true,"href":"https:\/\/www.visitsaimaa.fi\/fi\/wp-json\/wp\/v2\/comments?post=16617"}],"version-history":[{"count":37,"href":"https:\/\/www.visitsaimaa.fi\/fi\/wp-json\/wp\/v2\/pages\/16617\/revisions"}],"predecessor-version":[{"id":31746,"href":"https:\/\/www.visitsaimaa.fi\/fi\/wp-json\/wp\/v2\/pages\/16617\/revisions\/31746"}],"up":[{"embeddable":true,"href":"https:\/\/www.visitsaimaa.fi\/fi\/wp-json\/wp\/v2\/pages\/16555"}],"wp:attachment":[{"href":"https:\/\/www.visitsaimaa.fi\/fi\/wp-json\/wp\/v2\/media?parent=16617"}],"wp:term":[{"taxonomy":"relatedcontent","embeddable":true,"href":"https:\/\/www.visitsaimaa.fi\/fi\/wp-json\/wp\/v2\/relatedcontent?post=16617"}],"curies":[{"name":"wp","href":"https:\/\/api.w.org\/{rel}","templated":true}]}}