{"id":16555,"date":"2020-06-17T10:21:35","date_gmt":"2020-06-17T07:21:35","guid":{"rendered":"https:\/\/www.visitsaimaa.fi\/?page_id=16555"},"modified":"2025-06-23T15:14:09","modified_gmt":"2025-06-23T12:14:09","slug":"vastuullisuus","status":"publish","type":"page","link":"https:\/\/www.visitsaimaa.fi\/fi\/info\/vastuullisuus\/","title":{"rendered":"Vastuullisuus"},"content":{"rendered":"<p>[vc_row full_width=&#8221;stretch_row_content_no_spaces&#8221;][vc_column]<div class=\"main_header normal\">\n    <figure style=\"background-image: url('https:\/\/www.visitsaimaa.fi\/wp-content\/uploads\/2020\/09\/Seal-1.jpg'); background-position: center center;\"><\/figure>\n    <div class=\"main_header_content\" style=\"\">\n        <div class=\"container\">\n            \n<h1 style=\"text-align: center;\">Vastuullisuus<\/h1>\n<p>&nbsp;<\/p>\n<p style=\"text-align: center;\">Tutustu vastuullisuuteen alueellamme, Sustainable Travel Finland merkin saaneisiin yrityksiin ja heid\u00e4n tuotteisiinsa.<\/p>\n    \n        <\/div>\n    <\/div><!-- \/.container -->\n<\/div><!-- \/.main_header -->\n\n[\/vc_column][\/vc_row][vc_row css=&#8221;.vc_custom_1567421184936{margin-bottom: 50px !important;}&#8221;][vc_column width=&#8221;1\/4&#8243;][\/vc_column][vc_column width=&#8221;1\/2&#8243;][vc_empty_space][vc_empty_space][vc_column_text css=&#8221;&#8221;]<\/p>\n<p style=\"text-align: center;\">Matkustamisesta aiheutuu usein ymp\u00e4rist\u00f6vaikutuksia, mutta samalla se lis\u00e4\u00e4 my\u00f6s alueen elinvoimaa ja mahdollistaa muun muassa luonnonn\u00e4ht\u00e4vyyksien yll\u00e4pitoa.<\/p>\n<p style=\"text-align: center;\">Vastuullisuus syntyy usein pienist\u00e4 teoista, vaikkapa valitsemalla l\u00e4hiraaka-aineita k\u00e4ytt\u00e4v\u00e4n ravintolan tai nauttimalla luonnosta lihasvoimin kajakilla tai lumikengill\u00e4. L\u00e4hell\u00e4 olevasta luonnosta saamme puhtaat raaka-aineet ravintoloihin, mehukkaimmat paikallistarinat menneisyydest\u00e4, rakennusaineet majoituksiin ja mieleenpainuvimmat el\u00e4mykset.<\/p>\n<div class=\"wpb_text_column wpb_content_element vc_custom_1654775752334\">\n<div class=\"wpb_wrapper\">\n<p style=\"text-align: center;\">Olemme nostaneet t\u00e4ll\u00e4 sivulla esiin vastuullisia toimijoita, jotta sinun olisi helpompi valita vastuullinen matkakohde ja nauttia lomastasi hyv\u00e4ll\u00e4 mielell\u00e4.<\/p>\n<\/div>\n<\/div>\n<p>[\/vc_column_text][vc_icon icon_fontawesome=&#8221;fas fa-chevron-down&#8221; color=&#8221;black&#8221; align=&#8221;center&#8221; css_animation=&#8221;fadeInDown&#8221;][\/vc_column][vc_column width=&#8221;1\/4&#8243;][\/vc_column][\/vc_row][vc_row equal_height=&#8221;yes&#8221;][vc_column width=&#8221;1\/4&#8243; css=&#8221;.vc_custom_1592901703434{padding-top: 260px !important;padding-bottom: 20px !important;background-image: url(https:\/\/www.visitsaimaa.fi\/wp-content\/uploads\/2019\/09\/VisitSaimaa_HotelliPunkaharku_KuhaaJaParsaa.jpg?id=14278) !important;background-position: center !important;background-repeat: no-repeat !important;background-size: cover !important;}&#8221;][vc_btn title=&#8221;RUOKA&#8221; style=&#8221;flat&#8221; shape=&#8221;square&#8221; color=&#8221;black&#8221; size=&#8221;lg&#8221; align=&#8221;center&#8221; css=&#8221;&#8221; el_class=&#8221;btn-saimaa&#8221; link=&#8221;url:https%3A%2F%2Fwww.visitsaimaa.fi%2Ffi%2Fvastuullisuus%2Fruoka%2F|title:Anttolanhovi||&#8221;][\/vc_column][vc_column width=&#8221;1\/4&#8243; css=&#8221;.vc_custom_1592902017479{padding-top: 260px !important;padding-bottom: 20px !important;background-image: url(https:\/\/www.visitsaimaa.fi\/wp-content\/uploads\/2019\/09\/Anttolanhovi_villa_1.jpg?id=14014) !important;background-position: center !important;background-repeat: no-repeat !important;background-size: cover !important;}&#8221;][vc_btn title=&#8221;MAJOITUS&#8221; style=&#8221;flat&#8221; shape=&#8221;square&#8221; color=&#8221;black&#8221; size=&#8221;lg&#8221; align=&#8221;center&#8221; el_class=&#8221;btn-saimaa&#8221; link=&#8221;url:https%3A%2F%2Fwww.visitsaimaa.fi%2Ffi%2Fvastuullisuus%2Fmajoitus%2F|title:Kenk%C3%A4vero||&#8221;][\/vc_column][vc_column width=&#8221;1\/4&#8243; css=&#8221;.vc_custom_1592901801444{padding-top: 260px !important;padding-bottom: 20px !important;background-image: url(https:\/\/www.visitsaimaa.fi\/wp-content\/uploads\/2020\/01\/mushroom3.jpg?id=15016) !important;background-position: center !important;background-repeat: no-repeat !important;background-size: cover !important;}&#8221;][vc_btn title=&#8221;LUONTO JA AKTIVITEETIT&#8221; style=&#8221;flat&#8221; shape=&#8221;square&#8221; color=&#8221;black&#8221; size=&#8221;lg&#8221; align=&#8221;center&#8221; el_class=&#8221;btn-saimaa&#8221; link=&#8221;url:https%3A%2F%2Fwww.visitsaimaa.fi%2Ffi%2Fvastuullisuus%2Fluonto-ja-aktiviteetit%2F|title:Kyyhkyl%C3%A4n%20Kartano%20ja%20Hotelli||&#8221;][\/vc_column][vc_column width=&#8221;1\/4&#8243; css=&#8221;.vc_custom_1592902047426{padding-top: 260px !important;padding-bottom: 20px !important;background-image: url(https:\/\/www.visitsaimaa.fi\/wp-content\/uploads\/2020\/04\/Kenkavero.jpg?id=15814) !important;background-position: center !important;background-repeat: no-repeat !important;background-size: cover !important;}&#8221;][vc_btn title=&#8221;KULTTUURI&#8221; style=&#8221;flat&#8221; shape=&#8221;square&#8221; color=&#8221;black&#8221; size=&#8221;lg&#8221; align=&#8221;center&#8221; el_class=&#8221;btn-saimaa&#8221; link=&#8221;url:https%3A%2F%2Fwww.visitsaimaa.fi%2Ffi%2Fvastuullisuus%2Fkulttuuri%2F|title:Kyyhkyl%C3%A4n%20Kartano%20ja%20Hotelli||&#8221;][\/vc_column][\/vc_row][vc_row][vc_column][vc_icon icon_fontawesome=&#8221;fas fa-chevron-down&#8221; color=&#8221;black&#8221; align=&#8221;center&#8221; css_animation=&#8221;fadeInDown&#8221; css=&#8221;.vc_custom_1593616679541{padding-top: 30px !important;}&#8221;][\/vc_column][\/vc_row][vc_row][vc_column width=&#8221;1\/4&#8243;][vc_empty_space][\/vc_column][vc_column width=&#8221;1\/2&#8243;][vc_column_text]<\/p>\n<h2 style=\"text-align: center;\">Miksi valita vastuullisemmin?<\/h2>\n<p>[\/vc_column_text][vc_column_text]<\/p>\n<p style=\"text-align: center;\">Vastuullinen matkailu on toimintaa, joka on ekologisesti, taloudellisesti, sosiokulttuurisesti ja eettisesti kest\u00e4v\u00e4\u00e4. K\u00e4yt\u00e4nn\u00f6ss\u00e4 vastuullisuus voi n\u00e4ky\u00e4 esimerkiksi matkailuyrityksen pyrkimyksen\u00e4 v\u00e4hent\u00e4\u00e4 ruokah\u00e4vikki\u00e4 tai paikallisen kulttuuriperinn\u00f6n vaalimisena. Vastuullisuus on matkailualan ja matkailijoiden yhteinen asia. Valitsemalla vastuullisemmin pid\u00e4t huolta siit\u00e4 ett\u00e4 Saimaan aarteet ovat ihasteltavissa viel\u00e4 j\u00e4lkipolviemme j\u00e4lkipolville.<\/p>\n<p>[\/vc_column_text][\/vc_column][vc_column width=&#8221;1\/4&#8243;][vc_empty_space][\/vc_column][\/vc_row][vc_row full_width=&#8221;stretch_row_content_no_spaces&#8221; content_placement=&#8221;top&#8221; parallax=&#8221;content-moving&#8221; parallax_image=&#8221;12471&#8243; css=&#8221;.vc_custom_1622463208973{padding-top: 150px !important;padding-bottom: 150px !important;background-position: 0 0;background-repeat:-repeat;}&#8221;][vc_column][vc_column_text css_animation=&#8221;fadeInUp&#8221;]<\/p>\n<h2 style=\"text-align: center;\"><span style=\"color: #ffffff;\">Kokosimme vastuullisen matkailijan vinkit, tutustu niihin t\u00e4st\u00e4.<\/span><\/h2>\n<p>[\/vc_column_text][vc_btn title=&#8221;VASTUULLISEN MATKAILIJAN OPAS&#8221; style=&#8221;flat&#8221; shape=&#8221;square&#8221; color=&#8221;white&#8221; size=&#8221;lg&#8221; align=&#8221;center&#8221; el_class=&#8221;btn-saimaa&#8221; link=&#8221;url:https%3A%2F%2Fen.calameo.com%2Fread%2F00057423974c1a91f19e0|target:_blank&#8221;][\/vc_column][\/vc_row][vc_row][vc_column width=&#8221;1\/4&#8243;][\/vc_column][vc_column width=&#8221;1\/2&#8243;][vc_cta h2=&#8221;Sitoumus2050&#8243; txt_align=&#8221;center&#8221; shape=&#8221;square&#8221; style=&#8221;flat&#8221; color=&#8221;chino&#8221; add_button=&#8221;bottom&#8221; btn_title=&#8221;TUTUSTU SITOUMUKSEEN&#8221; btn_style=&#8221;flat&#8221; btn_shape=&#8221;square&#8221; btn_color=&#8221;black&#8221; btn_align=&#8221;center&#8221; btn_i_icon_fontawesome=&#8221;fas fa-angle-right&#8221; btn_add_icon=&#8221;true&#8221; btn_link=&#8221;url:https%3A%2F%2Fsitoumus2050.fi%2Ftoimenpidesitoumukset%23%2F%2Fdetails%2F484948|||&#8221;]<\/p>\n<p style=\"text-align: center;\">Valtioneuvoston kest\u00e4v\u00e4n kehityksen p\u00e4\u00e4sihteerist\u00f6 on hyv\u00e4ksynyt Visit Saimaan konkreettisen kest\u00e4v\u00e4n kehityksen yhteiskuntasitoumuksen.<\/p>\n<p>Yhteiskuntasitoumuksella sitoudumme vahvistamaan Saimaan alueen vastuullista matkailua, viestim\u00e4\u00e4n Saimaan alueen arvoista, lis\u00e4\u00e4m\u00e4\u00e4n yritysten tietoisuutta vastuullisuuden eri osa-alueista sek\u00e4 matkailijoiden ymm\u00e4rryst\u00e4 luonnon kunnioitusta ja vastuullisempaa matkustamista kohtaan.[\/vc_cta][\/vc_column][vc_column width=&#8221;1\/4&#8243;][\/vc_column][\/vc_row][vc_row][vc_column][vc_empty_space][\/vc_column][\/vc_row][vc_row][vc_column width=&#8221;1\/4&#8243;][\/vc_column][vc_column width=&#8221;1\/2&#8243;][vc_column_text]<\/p>\n<h2 style=\"text-align: center;\">Sustainable Travel Finland -merkki vastuullisille yrityksille<\/h2>\n<p style=\"text-align: center;\">Visit Finland my\u00f6nt\u00e4\u00e4 <a href=\"https:\/\/www.businessfinland.fi\/suomalaisille-asiakkaille\/palvelut\/matkailun-edistaminen\/vastuullisuus\/sustainable-travel-finland\" target=\"_blank\" rel=\"noopener\">Sustainable Travel Finland<\/a> -merkin yritykselle, joka tekee pitk\u00e4j\u00e4nteisesti ja suunnitelmallisesti ty\u00f6t\u00e4 kest\u00e4v\u00e4n matkailun edist\u00e4miseksi. Yrityksen toiminnan tulee lis\u00e4ksi t\u00e4ytt\u00e4\u00e4 Suomen kansalliset kest\u00e4v\u00e4n matkailun kriteerit. Alla on listattu Saimaan matkailuyritykset, joille on my\u00f6nnetty STF-merkki.<\/p>\n<p>[\/vc_column_text][vc_single_image image=&#8221;31718&#8243; img_size=&#8221;medium&#8221; alignment=&#8221;center&#8221; css=&#8221;&#8221;][\/vc_column][vc_column width=&#8221;1\/4&#8243;][\/vc_column][\/vc_row][vc_row][vc_column width=&#8221;1\/4&#8243;][vc_empty_space]<div class=\"image-and-button-shortcode\" style=\"background-image: url('https:\/\/www.visitsaimaa.fi\/wp-content\/uploads\/2024\/07\/oravi_linnasaari_canoeing-1920x600.jpg')\">\n\t\t\t<h3 class=\"h2\">SaimaaHoliday Oravi<\/h3>\n\t\t<a href=\"https:\/\/www.oravivillage.com\/fi\" target=\"_blank\" class=\"btn btn-primary\">Vastuullisia retki\u00e4 ja majoitusta &raquo;<\/a>\n<\/div>\n[\/vc_column][vc_column width=&#8221;1\/4&#8243;][vc_empty_space]<div class=\"image-and-button-shortcode\" style=\"background-image: url('https:\/\/www.visitsaimaa.fi\/wp-content\/uploads\/2021\/09\/Sahanlahti_terassi2021__kuva_Pihla_Liukkonen_kontrastia-13-1024x600.jpg')\">\n\t\t\t<h3 class=\"h2\">Sahanlahti Resort<\/h3>\n\t\t<a href=\"https:\/\/www.sahanlahtiresort.fi\/\" target=\"_blank\" class=\"btn btn-primary\">El\u00e4myksellinen lomakeskus Puumalassa &raquo;<\/a>\n<\/div>\n[\/vc_column][vc_column width=&#8221;1\/4&#8243;][vc_empty_space]<div class=\"image-and-button-shortcode\" style=\"background-image: url('https:\/\/www.visitsaimaa.fi\/wp-content\/uploads\/2025\/03\/seurahuone-1-ulkokuva-1024x600.jpg')\">\n\t\t\t<h3 class=\"h2\">Original Sokos Hotel Seurahuone<\/h3>\n\t\t<a href=\"https:\/\/www.sokoshotels.fi\/hotellit\/savonlinna\/original-sokos-hotel-seurahuone\" target=\"_blank\" class=\"btn btn-primary\">Hotellimajoitus Savonlinnan keskustassa &raquo;<\/a>\n<\/div>\n[\/vc_column][vc_column width=&#8221;1\/4&#8243;][vc_empty_space]<div class=\"image-and-button-shortcode\" style=\"background-image: url('https:\/\/www.visitsaimaa.fi\/wp-content\/uploads\/2022\/09\/Arto_Lakeland_25-5-2022-4_low-1500x600.jpg')\">\n\t\t\t<h3 class=\"h2\">LakelandGTE<\/h3>\n\t\t<a href=\"https:\/\/lakelandgte.fi\/\" target=\"_blank\" class=\"btn btn-primary\">Ekologisia el\u00e4myksi\u00e4 Puumalassa &raquo;<\/a>\n<\/div>\n[\/vc_column][\/vc_row][vc_row][vc_column width=&#8221;1\/4&#8243;][vc_empty_space]<div class=\"image-and-button-shortcode\" style=\"background-image: url('https:\/\/www.visitsaimaa.fi\/wp-content\/uploads\/2022\/09\/461b12dKruunupuisto_paakuva_low-1920x600.jpg')\">\n\t\t\t<h3 class=\"h2\">Kruunupuisto<\/h3>\n\t\t<a href=\"https:\/\/www.kruunupuisto.fi\/?_gl=1%2A93ozvu%2A_up%2AMQ..%2A_ga%2AMTYwMDM4MzEwNC4xNzQyNTU4Mzg0%2A_ga_7XK9YHBL5Y%2AMTc0MjU1ODM4My4xLjAuMTc0MjU1ODM4My4wLjAuMA..%2A_gs%2AMQ..%2A_ga_Z9FWE6W2NE%2AMTc0MjU1ODM4My4xLjAuMTc0MjU1ODM4My4wLjAuMA..&gclid=EAIaIQobChMI0aSG6o-bjAMVGhiiAx1RzTcgEAAYASAAEgKBPvD_BwE\" target=\"_blank\" class=\"btn btn-primary\">Hyvinvointia Punkaharjulla &raquo;<\/a>\n<\/div>\n[\/vc_column][vc_column width=&#8221;1\/4&#8243;][vc_empty_space]<div class=\"image-and-button-shortcode\" style=\"background-image: url('https:\/\/www.visitsaimaa.fi\/wp-content\/uploads\/2019\/05\/Elviira_ja_Olavinlinna_SM-1920x600.jpg')\">\n\t\t\t<h3 class=\"h2\">Savonlinna Risteilyt<\/h3>\n\t\t<a href=\"https:\/\/savonlinnaristeilyt.fi\/\" target=\"_blank\" class=\"btn btn-primary\">Maisemaristeilyt Savonlinnassa &raquo;<\/a>\n<\/div>\n[\/vc_column][vc_column width=&#8221;1\/4&#8243;][vc_empty_space]<div class=\"image-and-button-shortcode\" style=\"background-image: url('https:\/\/www.visitsaimaa.fi\/wp-content\/uploads\/2019\/04\/Ooppera-720x600.jpg')\">\n\t\t\t<h3 class=\"h2\">Savonlinnan Oopperajuhlat<\/h3>\n\t\t<a href=\"https:\/\/operafestival.fi\/\" target=\"_blank\" class=\"btn btn-primary\">Uniikki oopperael\u00e4mys Olavinlinnassa &raquo;<\/a>\n<\/div>\n[\/vc_column][vc_column width=&#8221;1\/4&#8243;][vc_empty_space]<div class=\"image-and-button-shortcode\" style=\"background-image: url('https:\/\/www.visitsaimaa.fi\/wp-content\/uploads\/2025\/02\/sapasfestivaali-2020-12-1920x600.jpg')\">\n\t\t\t<h3 class=\"h2\">Olavinlinna Ravintolat - Linnantupa<\/h3>\n\t\t<a href=\"https:\/\/www.raflaamo.fi\/fi\/ravintola\/savonlinna\/olavinlinna-ravintolat\" target=\"_blank\" class=\"btn btn-primary\">Ravintola keskiaikaisessa Olavinlinnassa &raquo;<\/a>\n<\/div>\n[\/vc_column][\/vc_row][vc_row][vc_column width=&#8221;1\/4&#8243;][vc_empty_space]<div class=\"image-and-button-shortcode\" style=\"background-image: url('https:\/\/www.visitsaimaa.fi\/wp-content\/uploads\/2025\/03\/kenkavero_paarakennus-edesta-2020_kuva_pihla_liukkonen_kontrastia-1920x600.jpg')\">\n\t\t\t<h3 class=\"h2\">Kenk\u00e4vero<\/h3>\n\t\t<a href=\"https:\/\/www.kenkavero.fi\/\" target=\"_blank\" class=\"btn btn-primary\">Koe vanhan pappilan lumo kaikilla aisteilla &raquo;<\/a>\n<\/div>\n[\/vc_column][vc_column width=&#8221;1\/4&#8243;][vc_empty_space]<div class=\"image-and-button-shortcode\" style=\"background-image: url('https:\/\/www.visitsaimaa.fi\/wp-content\/uploads\/2025\/03\/spahotel-casino-ilmakuva-1-1920x600.jpg')\">\n\t\t\t<h3 class=\"h2\">Spahotel Casino<\/h3>\n\t\t<a href=\"https:\/\/www.spahotelcasino.fi\/\" target=\"_blank\" class=\"btn btn-primary\">Kylpyl\u00e4 onnellisten saarella &raquo;<\/a>\n<\/div>\n[\/vc_column][vc_column width=&#8221;1\/4&#8243;][vc_empty_space]<div class=\"image-and-button-shortcode\" style=\"background-image: url('https:\/\/www.visitsaimaa.fi\/wp-content\/uploads\/2024\/01\/paula-okkola-holiday-cottages-visit-saimaa-1920x600.jpg')\">\n\t\t\t<h3 class=\"h2\">Okkolan lomam\u00f6kit<\/h3>\n\t\t<a href=\"https:\/\/www.okkolanlomamokit.com\/mokit\/?gad_source=1&gclid=EAIaIQobChMIg6ab6qWijAMVrV2RBR1YiAacEAAYASAAEgJhv_D_BwE\" target=\"_blank\" class=\"btn btn-primary\">Lomam\u00f6kkej\u00e4 ja aitoja el\u00e4myksi\u00e4 Puumalassa &raquo;<\/a>\n<\/div>\n[\/vc_column][vc_column width=&#8221;1\/4&#8243;][vc_empty_space]<div class=\"image-and-button-shortcode\" style=\"background-image: url('https:\/\/www.visitsaimaa.fi\/wp-content\/uploads\/2025\/03\/mainbuilding-summer3-1200x600.jpg')\">\n\t\t\t<h3 class=\"h2\">Lomamokkila ja B&amp;B Taipaleenniemi<\/h3>\n\t\t<a href=\"https:\/\/lomamokkila.fi\/\" target=\"_blank\" class=\"btn btn-primary\">Majoitu maaseudulla tai historiallisessa milj\u00f6\u00f6ss\u00e4 Saimaan rannalla &raquo;<\/a>\n<\/div>\n[\/vc_column][\/vc_row][vc_row][vc_column width=&#8221;1\/4&#8243;][vc_empty_space]<div class=\"image-and-button-shortcode\" style=\"background-image: url('https:\/\/www.visitsaimaa.fi\/wp-content\/uploads\/2025\/03\/esitteeseen_scandic-mikkeli-superior-family-1-1920x600.jpg')\">\n\t\t\t<h3 class=\"h2\">Scandic Mikkeli<\/h3>\n\t\t<a href=\"https:\/\/www.scandichotels.fi\/hotellit\/suomi\/mikkeli\/scandic-mikkeli?utm_source=google&utm_medium=cpc&utm_campaign=FI%20%7C%20Brand%20%7C%20Generic&cmpid=ppc&mckv=s_dc|pcrid|650991744458|kword|scandic%20mikkeli|match|e|plid|&s_kwcid=AL!7589!3!650991744458!e!!g!!scandic%20mikkeli&gad_source=1&gclid=EAIaIQobChMI0bGfoKaijAMVphiiAx2vAheuEAAYASAAEgKWRfD_BwE\" target=\"_blank\" class=\"btn btn-primary\">Tunnelmallinen hotelli Mikkelin keskustassa &raquo;<\/a>\n<\/div>\n[\/vc_column][vc_column width=&#8221;1\/4&#8243;][vc_empty_space]<div class=\"image-and-button-shortcode\" style=\"background-image: url('https:\/\/www.visitsaimaa.fi\/wp-content\/uploads\/2024\/06\/lomalehto-syksymokki-1920x600.jpg')\">\n\t\t\t<h3 class=\"h2\">Lomalehto<\/h3>\n\t\t<a href=\"https:\/\/lomalehto.com\/\" target=\"_blank\" class=\"btn btn-primary\">Viet\u00e4 m\u00f6kkiloma Kiviapajalla &raquo;<\/a>\n<\/div>\n[\/vc_column][vc_column width=&#8221;1\/4&#8243;][vc_empty_space]<div class=\"image-and-button-shortcode\" style=\"background-image: url('https:\/\/www.visitsaimaa.fi\/wp-content\/uploads\/2025\/03\/lakeside-sauna-grillhut-1024x600.jpg')\">\n\t\t\t<h3 class=\"h2\">Kaidan Kiho<\/h3>\n\t\t<a href=\"https:\/\/kaidankiho.com\/\" target=\"_blank\" class=\"btn btn-primary\">Ekologista m\u00f6kkimajoitusta Ristiinassa &raquo;<\/a>\n<\/div>\n[\/vc_column][vc_column width=&#8221;1\/4&#8243;][vc_empty_space][\/vc_column][\/vc_row][vc_row][vc_column][vc_empty_space][vc_column_text]<\/p>\n<h2 style=\"text-align: center;\">Vastuullista matkailua kehitt\u00e4m\u00e4ss\u00e4<\/h2>\n<p style=\"text-align: center;\">Tutustu, miten Sahanlahti Resort, Kenk\u00e4vero ja Hotel &amp; Spa Resort J\u00e4rvisyd\u00e4n ovat kehitt\u00e4neet vastuullisuuttaan.<\/p>\n<p>[\/vc_column_text][\/vc_column][\/vc_row][vc_row][vc_column width=&#8221;1\/6&#8243;][\/vc_column][vc_column width=&#8221;2\/3&#8243;][vc_video link=&#8221;https:\/\/www.youtube.com\/watch?v=Y1SLFEpgDdc&#8221;][\/vc_column][vc_column width=&#8221;1\/6&#8243;][\/vc_column][\/vc_row]<\/p>\n","protected":false},"excerpt":{"rendered":"<p>[vc_row full_width=&#8221;stretch_row_content_no_spaces&#8221;][vc_column][\/vc_column][\/vc_row][vc_row css=&#8221;.vc_custom_1567421184936{margin-bottom: 50px !important;}&#8221;][vc_column width=&#8221;1\/4&#8243;][\/vc_column][vc_column width=&#8221;1\/2&#8243;][vc_empty_space][vc_empty_space][vc_column_text css=&#8221;&#8221;] Matkustamisesta aiheutuu usein ymp\u00e4rist\u00f6vaikutuksia, mutta samalla se lis\u00e4\u00e4 my\u00f6s alueen elinvoimaa ja mahdollistaa muun muassa luonnonn\u00e4ht\u00e4vyyksien yll\u00e4pitoa. Vastuullisuus syntyy usein pienist\u00e4 teoista, [&hellip;]<\/p>\n","protected":false},"author":53,"featured_media":0,"parent":29046,"menu_order":0,"comment_status":"closed","ping_status":"closed","template":"","meta":{"footnotes":""},"relatedcontent":[],"class_list":{"0":"post-16555","1":"page","2":"type-page","3":"status-publish","4":"hentry","6":"priority-3"},"yoast_head":"<!-- This site is optimized with the Yoast SEO Premium plugin v27.3 (Yoast SEO v27.4) - https:\/\/yoast.com\/product\/yoast-seo-premium-wordpress\/ -->\n<title>Vastuullisuus - Visit Saimaa<\/title>\n<meta name=\"description\" content=\"Vastuullisuus on meille ja Saimaalle t\u00e4rke\u00e4\u00e4. Tutustu yrityksiimme ja aktiviteetteihimme Saimaalla ja tee vastuullinen valinta.\" \/>\n<meta name=\"robots\" content=\"index, follow, max-snippet:-1, max-image-preview:large, max-video-preview:-1\" \/>\n<link rel=\"canonical\" href=\"https:\/\/www.visitsaimaa.fi\/fi\/info\/vastuullisuus\/\" \/>\n<meta property=\"og:locale\" content=\"fi_FI\" \/>\n<meta property=\"og:type\" content=\"article\" \/>\n<meta property=\"og:title\" content=\"Vastuullisuus\" \/>\n<meta property=\"og:description\" content=\"Vastuullisuus on meille ja Saimaalle t\u00e4rke\u00e4\u00e4. Tutustu yrityksiimme ja aktiviteetteihimme Saimaalla ja tee vastuullinen valinta.\" \/>\n<meta property=\"og:url\" content=\"https:\/\/www.visitsaimaa.fi\/fi\/info\/vastuullisuus\/\" \/>\n<meta property=\"og:site_name\" content=\"Visit Saimaa\" \/>\n<meta property=\"article:modified_time\" content=\"2025-06-23T12:14:09+00:00\" \/>\n<meta name=\"twitter:label1\" content=\"Arvioitu lukuaika\" \/>\n\t<meta name=\"twitter:data1\" content=\"7 minuuttia\" \/>\n<script type=\"application\/ld+json\" class=\"yoast-schema-graph\">{\"@context\":\"https:\\\/\\\/schema.org\",\"@graph\":[{\"@type\":\"WebPage\",\"@id\":\"https:\\\/\\\/www.visitsaimaa.fi\\\/fi\\\/info\\\/vastuullisuus\\\/\",\"url\":\"https:\\\/\\\/www.visitsaimaa.fi\\\/fi\\\/info\\\/vastuullisuus\\\/\",\"name\":\"Vastuullisuus - Visit Saimaa\",\"isPartOf\":{\"@id\":\"https:\\\/\\\/www.visitsaimaa.fi\\\/fi\\\/#website\"},\"datePublished\":\"2020-06-17T07:21:35+00:00\",\"dateModified\":\"2025-06-23T12:14:09+00:00\",\"description\":\"Vastuullisuus on meille ja Saimaalle t\u00e4rke\u00e4\u00e4. Tutustu yrityksiimme ja aktiviteetteihimme Saimaalla ja tee vastuullinen valinta.\",\"breadcrumb\":{\"@id\":\"https:\\\/\\\/www.visitsaimaa.fi\\\/fi\\\/info\\\/vastuullisuus\\\/#breadcrumb\"},\"inLanguage\":\"fi\",\"potentialAction\":[{\"@type\":\"ReadAction\",\"target\":[\"https:\\\/\\\/www.visitsaimaa.fi\\\/fi\\\/info\\\/vastuullisuus\\\/\"]}]},{\"@type\":\"BreadcrumbList\",\"@id\":\"https:\\\/\\\/www.visitsaimaa.fi\\\/fi\\\/info\\\/vastuullisuus\\\/#breadcrumb\",\"itemListElement\":[{\"@type\":\"ListItem\",\"position\":1,\"name\":\"Visit Saimaa\",\"item\":\"https:\\\/\\\/www.visitsaimaa.fi\\\/fi\\\/\"},{\"@type\":\"ListItem\",\"position\":2,\"name\":\"Info\",\"item\":\"https:\\\/\\\/www.visitsaimaa.fi\\\/fi\\\/info\\\/\"},{\"@type\":\"ListItem\",\"position\":3,\"name\":\"Vastuullisuus\"}]},{\"@type\":\"WebSite\",\"@id\":\"https:\\\/\\\/www.visitsaimaa.fi\\\/fi\\\/#website\",\"url\":\"https:\\\/\\\/www.visitsaimaa.fi\\\/fi\\\/\",\"name\":\"Visit Saimaa\",\"description\":\"The Official Travel Guide of Lakeland Saimaa\",\"potentialAction\":[{\"@type\":\"SearchAction\",\"target\":{\"@type\":\"EntryPoint\",\"urlTemplate\":\"https:\\\/\\\/www.visitsaimaa.fi\\\/fi\\\/?s={search_term_string}\"},\"query-input\":{\"@type\":\"PropertyValueSpecification\",\"valueRequired\":true,\"valueName\":\"search_term_string\"}}],\"inLanguage\":\"fi\"}]}<\/script>\n<!-- \/ Yoast SEO Premium plugin. -->","yoast_head_json":{"title":"Vastuullisuus - Visit Saimaa","description":"Vastuullisuus on meille ja Saimaalle t\u00e4rke\u00e4\u00e4. Tutustu yrityksiimme ja aktiviteetteihimme Saimaalla ja tee vastuullinen valinta.","robots":{"index":"index","follow":"follow","max-snippet":"max-snippet:-1","max-image-preview":"max-image-preview:large","max-video-preview":"max-video-preview:-1"},"canonical":"https:\/\/www.visitsaimaa.fi\/fi\/info\/vastuullisuus\/","og_locale":"fi_FI","og_type":"article","og_title":"Vastuullisuus","og_description":"Vastuullisuus on meille ja Saimaalle t\u00e4rke\u00e4\u00e4. Tutustu yrityksiimme ja aktiviteetteihimme Saimaalla ja tee vastuullinen valinta.","og_url":"https:\/\/www.visitsaimaa.fi\/fi\/info\/vastuullisuus\/","og_site_name":"Visit Saimaa","article_modified_time":"2025-06-23T12:14:09+00:00","twitter_misc":{"Arvioitu lukuaika":"7 minuuttia"},"schema":{"@context":"https:\/\/schema.org","@graph":[{"@type":"WebPage","@id":"https:\/\/www.visitsaimaa.fi\/fi\/info\/vastuullisuus\/","url":"https:\/\/www.visitsaimaa.fi\/fi\/info\/vastuullisuus\/","name":"Vastuullisuus - Visit Saimaa","isPartOf":{"@id":"https:\/\/www.visitsaimaa.fi\/fi\/#website"},"datePublished":"2020-06-17T07:21:35+00:00","dateModified":"2025-06-23T12:14:09+00:00","description":"Vastuullisuus on meille ja Saimaalle t\u00e4rke\u00e4\u00e4. Tutustu yrityksiimme ja aktiviteetteihimme Saimaalla ja tee vastuullinen valinta.","breadcrumb":{"@id":"https:\/\/www.visitsaimaa.fi\/fi\/info\/vastuullisuus\/#breadcrumb"},"inLanguage":"fi","potentialAction":[{"@type":"ReadAction","target":["https:\/\/www.visitsaimaa.fi\/fi\/info\/vastuullisuus\/"]}]},{"@type":"BreadcrumbList","@id":"https:\/\/www.visitsaimaa.fi\/fi\/info\/vastuullisuus\/#breadcrumb","itemListElement":[{"@type":"ListItem","position":1,"name":"Visit Saimaa","item":"https:\/\/www.visitsaimaa.fi\/fi\/"},{"@type":"ListItem","position":2,"name":"Info","item":"https:\/\/www.visitsaimaa.fi\/fi\/info\/"},{"@type":"ListItem","position":3,"name":"Vastuullisuus"}]},{"@type":"WebSite","@id":"https:\/\/www.visitsaimaa.fi\/fi\/#website","url":"https:\/\/www.visitsaimaa.fi\/fi\/","name":"Visit Saimaa","description":"The Official Travel Guide of Lakeland Saimaa","potentialAction":[{"@type":"SearchAction","target":{"@type":"EntryPoint","urlTemplate":"https:\/\/www.visitsaimaa.fi\/fi\/?s={search_term_string}"},"query-input":{"@type":"PropertyValueSpecification","valueRequired":true,"valueName":"search_term_string"}}],"inLanguage":"fi"}]}},"_links":{"self":[{"href":"https:\/\/www.visitsaimaa.fi\/fi\/wp-json\/wp\/v2\/pages\/16555","targetHints":{"allow":["GET"]}}],"collection":[{"href":"https:\/\/www.visitsaimaa.fi\/fi\/wp-json\/wp\/v2\/pages"}],"about":[{"href":"https:\/\/www.visitsaimaa.fi\/fi\/wp-json\/wp\/v2\/types\/page"}],"author":[{"embeddable":true,"href":"https:\/\/www.visitsaimaa.fi\/fi\/wp-json\/wp\/v2\/users\/53"}],"replies":[{"embeddable":true,"href":"https:\/\/www.visitsaimaa.fi\/fi\/wp-json\/wp\/v2\/comments?post=16555"}],"version-history":[{"count":69,"href":"https:\/\/www.visitsaimaa.fi\/fi\/wp-json\/wp\/v2\/pages\/16555\/revisions"}],"predecessor-version":[{"id":32221,"href":"https:\/\/www.visitsaimaa.fi\/fi\/wp-json\/wp\/v2\/pages\/16555\/revisions\/32221"}],"up":[{"embeddable":true,"href":"https:\/\/www.visitsaimaa.fi\/fi\/wp-json\/wp\/v2\/pages\/29046"}],"wp:attachment":[{"href":"https:\/\/www.visitsaimaa.fi\/fi\/wp-json\/wp\/v2\/media?parent=16555"}],"wp:term":[{"taxonomy":"relatedcontent","embeddable":true,"href":"https:\/\/www.visitsaimaa.fi\/fi\/wp-json\/wp\/v2\/relatedcontent?post=16555"}],"curies":[{"name":"wp","href":"https:\/\/api.w.org\/{rel}","templated":true}]}}