{"id":16017,"date":"2020-05-02T21:25:56","date_gmt":"2020-05-02T18:25:56","guid":{"rendered":"https:\/\/www.visitsaimaa.fi\/?page_id=16017"},"modified":"2023-09-07T19:24:55","modified_gmt":"2023-09-07T16:24:55","slug":"kamarin-saari-ja-ammankoski","status":"publish","type":"page","link":"https:\/\/www.visitsaimaa.fi\/fi\/nae-ja-koe\/kayntikohteet\/kamarin-saari-ja-ammankoski\/","title":{"rendered":"K\u00e4m\u00e4rin saari ja \u00c4mm\u00e4nkoski"},"content":{"rendered":"<p>[vc_row][vc_column width=&#8221;1\/2&#8243;][vc_single_image image=&#8221;16012&#8243; img_size=&#8221;full&#8221; css=&#8221;.vc_custom_1588513947640{padding-top: 30px !important;}&#8221;][\/vc_column][vc_column width=&#8221;1\/2&#8243;][vc_column_text]<\/p>\n<h2>K\u00e4m\u00e4rin luontopolku ja \u00c4mm\u00e4kosken kuohuntaa<\/h2>\n<p>[\/vc_column_text][vc_separator style=&#8221;dashed&#8221; border_width=&#8221;2&#8243;][vc_column_text]<em>Luonnonkauniilla K\u00e4m\u00e4rin luontopolulla\u00a0voit nauttia vehre\u00e4st\u00e4 luonnosta ja \u00c4mm\u00e4nkosken kuohuista aivan Taipaleen kanavan vieress\u00e4 Varkauden keskustan tuntumassa.<\/em><\/p>\n<hr \/>\n<p>3 kilometrin pituinen K\u00e4m\u00e4rin luontopolku johtaa sinut lehtipuuvaltaisessa lehdossa satumaisiin koskimaisemiin, yli puusiltojen ja yhtyy valaistuun ulkoilureittiin uimarannan tuntumassa. T\u00e4\u00e4ll\u00e4 luonto el\u00e4\u00e4 tiiviiss\u00e4 yhteydess\u00e4 kulttuurin ja kaupungin kanssa.<\/p>\n<p>Luonnonkaunis K\u00e4m\u00e4rin saari sijaitsee mahtavan \u00c4mm\u00e4nkosken ja historiallisesti arvokkaan Taipaleen kanava-alueen v\u00e4liss\u00e4. K\u00e4m\u00e4rin luonto on monipuolinen ja el\u00e4inlajisto on runsas. T\u00e4ll\u00e4 luontopolulla el\u00e4\u00e4\u00a0 Varkauden nimikkoel\u00e4in saukko. Lahoavat lehtipuut ovat talvisin houkutelleet alueelle my\u00f6s valkoselk\u00e4tikan. Kosket,\u00a0\u00c4mm\u00e4nkoski ja K\u00e4m\u00e4rinkosket\u00a0pirist\u00e4v\u00e4t vehre\u00e4\u00e4 maisemaa ja niiss\u00e4 on oma hy\u00f6nteis- ja kalamaailmansa.<\/p>\n<p>Paavo K\u00e4m\u00e4r\u00e4inen perusti paikalle Lepp\u00e4virran ensimm\u00e4isen veroa maksavan vesimyllyn ilmeisesti jo ennen 1750-luvun puoltav\u00e4li\u00e4, ja h\u00e4nen mukaisesti myllyn paikkaa alettiin kutsua K\u00e4m\u00e4rinkoskeksi. K\u00e4m\u00e4r\u00e4-sanan on arveltu my\u00f6s tarkoittavan &#8217;kurtistunutta, k\u00e4pertynytt\u00e4&#8217; mutta my\u00f6s &#8217;kosken kuohun taittumisen kive\u00e4 vasten&#8217;.<\/p>\n<p>Tutustu lis\u00e4\u00e4 osoitteessa\u00a0<a href=\"http:\/\/www.visitvarkaus.fi\/ajanviete\/vesisto-ja-luontokohteet\/kamarin-saari-ja-ammakoski\/\" target=\"_blank\" rel=\"noopener noreferrer\"><strong>visitvarkaus.fi<\/strong><\/a>[\/vc_column_text][\/vc_column][\/vc_row]<\/p>\n","protected":false},"excerpt":{"rendered":"<p>[vc_row][vc_column width=&#8221;1\/2&#8243;][vc_single_image image=&#8221;16012&#8243; img_size=&#8221;full&#8221; css=&#8221;.vc_custom_1588513947640{padding-top: 30px !important;}&#8221;][\/vc_column][vc_column width=&#8221;1\/2&#8243;][vc_column_text] K\u00e4m\u00e4rin luontopolku ja \u00c4mm\u00e4kosken kuohuntaa [\/vc_column_text][vc_separator style=&#8221;dashed&#8221; border_width=&#8221;2&#8243;][vc_column_text]Luonnonkauniilla K\u00e4m\u00e4rin luontopolulla\u00a0voit nauttia vehre\u00e4st\u00e4 luonnosta ja \u00c4mm\u00e4nkosken kuohuista aivan Taipaleen kanavan vieress\u00e4 Varkauden keskustan [&hellip;]<\/p>\n","protected":false},"author":53,"featured_media":0,"parent":29043,"menu_order":0,"comment_status":"closed","ping_status":"closed","template":"","meta":{"footnotes":""},"relatedcontent":[],"class_list":{"0":"post-16017","1":"page","2":"type-page","3":"status-publish","4":"hentry","6":"priority-3"},"yoast_head":"<!-- This site is optimized with the Yoast SEO Premium plugin v27.3 (Yoast SEO v27.4) - https:\/\/yoast.com\/product\/yoast-seo-premium-wordpress\/ -->\n<title>K\u00e4m\u00e4rin saari ja \u00c4mm\u00e4nkoski - Visit Saimaa<\/title>\n<meta name=\"description\" content=\"K\u00e4m\u00e4rin luontopolku ja \u00c4mm\u00e4kosken kuohuntaa Luonnonkauniilla K\u00e4m\u00e4rin luontopolulla\u00a0voit nauttia vehre\u00e4st\u00e4 luonnosta ja \u00c4mm\u00e4nkosken kuohuista aivan\" \/>\n<meta name=\"robots\" content=\"index, follow, max-snippet:-1, max-image-preview:large, max-video-preview:-1\" \/>\n<link rel=\"canonical\" href=\"https:\/\/www.visitsaimaa.fi\/fi\/nae-ja-koe\/kayntikohteet\/kamarin-saari-ja-ammankoski\/\" \/>\n<meta property=\"og:locale\" content=\"fi_FI\" \/>\n<meta property=\"og:type\" content=\"article\" \/>\n<meta property=\"og:title\" content=\"K\u00e4m\u00e4rin saari ja \u00c4mm\u00e4nkoski\" \/>\n<meta property=\"og:description\" content=\"K\u00e4m\u00e4rin luontopolku ja \u00c4mm\u00e4kosken kuohuntaa Luonnonkauniilla K\u00e4m\u00e4rin luontopolulla\u00a0voit nauttia vehre\u00e4st\u00e4 luonnosta ja \u00c4mm\u00e4nkosken kuohuista aivan\" \/>\n<meta property=\"og:url\" content=\"https:\/\/www.visitsaimaa.fi\/fi\/nae-ja-koe\/kayntikohteet\/kamarin-saari-ja-ammankoski\/\" \/>\n<meta property=\"og:site_name\" content=\"Visit Saimaa\" \/>\n<meta property=\"article:modified_time\" content=\"2023-09-07T16:24:55+00:00\" \/>\n<meta name=\"twitter:label1\" content=\"Arvioitu lukuaika\" \/>\n\t<meta name=\"twitter:data1\" content=\"1 minuutti\" \/>\n<script type=\"application\/ld+json\" class=\"yoast-schema-graph\">{\"@context\":\"https:\\\/\\\/schema.org\",\"@graph\":[{\"@type\":\"WebPage\",\"@id\":\"https:\\\/\\\/www.visitsaimaa.fi\\\/fi\\\/nae-ja-koe\\\/kayntikohteet\\\/kamarin-saari-ja-ammankoski\\\/\",\"url\":\"https:\\\/\\\/www.visitsaimaa.fi\\\/fi\\\/nae-ja-koe\\\/kayntikohteet\\\/kamarin-saari-ja-ammankoski\\\/\",\"name\":\"K\u00e4m\u00e4rin saari ja \u00c4mm\u00e4nkoski - Visit Saimaa\",\"isPartOf\":{\"@id\":\"https:\\\/\\\/www.visitsaimaa.fi\\\/fi\\\/#website\"},\"datePublished\":\"2020-05-02T18:25:56+00:00\",\"dateModified\":\"2023-09-07T16:24:55+00:00\",\"description\":\"K\u00e4m\u00e4rin luontopolku ja \u00c4mm\u00e4kosken kuohuntaa Luonnonkauniilla K\u00e4m\u00e4rin luontopolulla\u00a0voit nauttia vehre\u00e4st\u00e4 luonnosta ja \u00c4mm\u00e4nkosken kuohuista aivan\",\"breadcrumb\":{\"@id\":\"https:\\\/\\\/www.visitsaimaa.fi\\\/fi\\\/nae-ja-koe\\\/kayntikohteet\\\/kamarin-saari-ja-ammankoski\\\/#breadcrumb\"},\"inLanguage\":\"fi\",\"potentialAction\":[{\"@type\":\"ReadAction\",\"target\":[\"https:\\\/\\\/www.visitsaimaa.fi\\\/fi\\\/nae-ja-koe\\\/kayntikohteet\\\/kamarin-saari-ja-ammankoski\\\/\"]}]},{\"@type\":\"BreadcrumbList\",\"@id\":\"https:\\\/\\\/www.visitsaimaa.fi\\\/fi\\\/nae-ja-koe\\\/kayntikohteet\\\/kamarin-saari-ja-ammankoski\\\/#breadcrumb\",\"itemListElement\":[{\"@type\":\"ListItem\",\"position\":1,\"name\":\"Visit Saimaa\",\"item\":\"https:\\\/\\\/www.visitsaimaa.fi\\\/fi\\\/\"},{\"@type\":\"ListItem\",\"position\":2,\"name\":\"N\u00e4e ja koe\",\"item\":\"https:\\\/\\\/www.visitsaimaa.fi\\\/fi\\\/nae-ja-koe\\\/\"},{\"@type\":\"ListItem\",\"position\":3,\"name\":\"K\u00e4yntikohteet\",\"item\":\"https:\\\/\\\/www.visitsaimaa.fi\\\/fi\\\/nae-ja-koe\\\/kayntikohteet\\\/\"},{\"@type\":\"ListItem\",\"position\":4,\"name\":\"K\u00e4m\u00e4rin saari ja \u00c4mm\u00e4nkoski\"}]},{\"@type\":\"WebSite\",\"@id\":\"https:\\\/\\\/www.visitsaimaa.fi\\\/fi\\\/#website\",\"url\":\"https:\\\/\\\/www.visitsaimaa.fi\\\/fi\\\/\",\"name\":\"Visit Saimaa\",\"description\":\"The Official Travel Guide of Lakeland Saimaa\",\"potentialAction\":[{\"@type\":\"SearchAction\",\"target\":{\"@type\":\"EntryPoint\",\"urlTemplate\":\"https:\\\/\\\/www.visitsaimaa.fi\\\/fi\\\/?s={search_term_string}\"},\"query-input\":{\"@type\":\"PropertyValueSpecification\",\"valueRequired\":true,\"valueName\":\"search_term_string\"}}],\"inLanguage\":\"fi\"}]}<\/script>\n<!-- \/ Yoast SEO Premium plugin. -->","yoast_head_json":{"title":"K\u00e4m\u00e4rin saari ja \u00c4mm\u00e4nkoski - Visit Saimaa","description":"K\u00e4m\u00e4rin luontopolku ja \u00c4mm\u00e4kosken kuohuntaa Luonnonkauniilla K\u00e4m\u00e4rin luontopolulla\u00a0voit nauttia vehre\u00e4st\u00e4 luonnosta ja \u00c4mm\u00e4nkosken kuohuista aivan","robots":{"index":"index","follow":"follow","max-snippet":"max-snippet:-1","max-image-preview":"max-image-preview:large","max-video-preview":"max-video-preview:-1"},"canonical":"https:\/\/www.visitsaimaa.fi\/fi\/nae-ja-koe\/kayntikohteet\/kamarin-saari-ja-ammankoski\/","og_locale":"fi_FI","og_type":"article","og_title":"K\u00e4m\u00e4rin saari ja \u00c4mm\u00e4nkoski","og_description":"K\u00e4m\u00e4rin luontopolku ja \u00c4mm\u00e4kosken kuohuntaa Luonnonkauniilla K\u00e4m\u00e4rin luontopolulla\u00a0voit nauttia vehre\u00e4st\u00e4 luonnosta ja \u00c4mm\u00e4nkosken kuohuista aivan","og_url":"https:\/\/www.visitsaimaa.fi\/fi\/nae-ja-koe\/kayntikohteet\/kamarin-saari-ja-ammankoski\/","og_site_name":"Visit Saimaa","article_modified_time":"2023-09-07T16:24:55+00:00","twitter_misc":{"Arvioitu lukuaika":"1 minuutti"},"schema":{"@context":"https:\/\/schema.org","@graph":[{"@type":"WebPage","@id":"https:\/\/www.visitsaimaa.fi\/fi\/nae-ja-koe\/kayntikohteet\/kamarin-saari-ja-ammankoski\/","url":"https:\/\/www.visitsaimaa.fi\/fi\/nae-ja-koe\/kayntikohteet\/kamarin-saari-ja-ammankoski\/","name":"K\u00e4m\u00e4rin saari ja \u00c4mm\u00e4nkoski - Visit Saimaa","isPartOf":{"@id":"https:\/\/www.visitsaimaa.fi\/fi\/#website"},"datePublished":"2020-05-02T18:25:56+00:00","dateModified":"2023-09-07T16:24:55+00:00","description":"K\u00e4m\u00e4rin luontopolku ja \u00c4mm\u00e4kosken kuohuntaa Luonnonkauniilla K\u00e4m\u00e4rin luontopolulla\u00a0voit nauttia vehre\u00e4st\u00e4 luonnosta ja \u00c4mm\u00e4nkosken kuohuista aivan","breadcrumb":{"@id":"https:\/\/www.visitsaimaa.fi\/fi\/nae-ja-koe\/kayntikohteet\/kamarin-saari-ja-ammankoski\/#breadcrumb"},"inLanguage":"fi","potentialAction":[{"@type":"ReadAction","target":["https:\/\/www.visitsaimaa.fi\/fi\/nae-ja-koe\/kayntikohteet\/kamarin-saari-ja-ammankoski\/"]}]},{"@type":"BreadcrumbList","@id":"https:\/\/www.visitsaimaa.fi\/fi\/nae-ja-koe\/kayntikohteet\/kamarin-saari-ja-ammankoski\/#breadcrumb","itemListElement":[{"@type":"ListItem","position":1,"name":"Visit Saimaa","item":"https:\/\/www.visitsaimaa.fi\/fi\/"},{"@type":"ListItem","position":2,"name":"N\u00e4e ja koe","item":"https:\/\/www.visitsaimaa.fi\/fi\/nae-ja-koe\/"},{"@type":"ListItem","position":3,"name":"K\u00e4yntikohteet","item":"https:\/\/www.visitsaimaa.fi\/fi\/nae-ja-koe\/kayntikohteet\/"},{"@type":"ListItem","position":4,"name":"K\u00e4m\u00e4rin saari ja \u00c4mm\u00e4nkoski"}]},{"@type":"WebSite","@id":"https:\/\/www.visitsaimaa.fi\/fi\/#website","url":"https:\/\/www.visitsaimaa.fi\/fi\/","name":"Visit Saimaa","description":"The Official Travel Guide of Lakeland Saimaa","potentialAction":[{"@type":"SearchAction","target":{"@type":"EntryPoint","urlTemplate":"https:\/\/www.visitsaimaa.fi\/fi\/?s={search_term_string}"},"query-input":{"@type":"PropertyValueSpecification","valueRequired":true,"valueName":"search_term_string"}}],"inLanguage":"fi"}]}},"_links":{"self":[{"href":"https:\/\/www.visitsaimaa.fi\/fi\/wp-json\/wp\/v2\/pages\/16017","targetHints":{"allow":["GET"]}}],"collection":[{"href":"https:\/\/www.visitsaimaa.fi\/fi\/wp-json\/wp\/v2\/pages"}],"about":[{"href":"https:\/\/www.visitsaimaa.fi\/fi\/wp-json\/wp\/v2\/types\/page"}],"author":[{"embeddable":true,"href":"https:\/\/www.visitsaimaa.fi\/fi\/wp-json\/wp\/v2\/users\/53"}],"replies":[{"embeddable":true,"href":"https:\/\/www.visitsaimaa.fi\/fi\/wp-json\/wp\/v2\/comments?post=16017"}],"version-history":[{"count":1,"href":"https:\/\/www.visitsaimaa.fi\/fi\/wp-json\/wp\/v2\/pages\/16017\/revisions"}],"predecessor-version":[{"id":29051,"href":"https:\/\/www.visitsaimaa.fi\/fi\/wp-json\/wp\/v2\/pages\/16017\/revisions\/29051"}],"up":[{"embeddable":true,"href":"https:\/\/www.visitsaimaa.fi\/fi\/wp-json\/wp\/v2\/pages\/29043"}],"wp:attachment":[{"href":"https:\/\/www.visitsaimaa.fi\/fi\/wp-json\/wp\/v2\/media?parent=16017"}],"wp:term":[{"taxonomy":"relatedcontent","embeddable":true,"href":"https:\/\/www.visitsaimaa.fi\/fi\/wp-json\/wp\/v2\/relatedcontent?post=16017"}],"curies":[{"name":"wp","href":"https:\/\/api.w.org\/{rel}","templated":true}]}}