{"id":15993,"date":"2020-05-02T21:05:16","date_gmt":"2020-05-02T18:05:16","guid":{"rendered":"https:\/\/www.visitsaimaa.fi\/?page_id=15993"},"modified":"2023-09-07T19:26:39","modified_gmt":"2023-09-07T16:26:39","slug":"neitvuori","status":"publish","type":"page","link":"https:\/\/www.visitsaimaa.fi\/fi\/nae-ja-koe\/kayntikohteet\/neitvuori\/","title":{"rendered":"Neitvuori"},"content":{"rendered":"<p>[vc_row][vc_column width=&#8221;1\/2&#8243;][vc_single_image image=&#8221;15974&#8243; img_size=&#8221;full&#8221; css=&#8221;.vc_custom_1588442757995{padding-top: 30px !important;}&#8221;][\/vc_column][vc_column width=&#8221;1\/2&#8243;][vc_column_text]<\/p>\n<h2>110 metri\u00e4 Saimaan yl\u00e4puolella &#8211; Neitvuori<\/h2>\n<p>[\/vc_column_text][vc_separator style=&#8221;dashed&#8221; border_width=&#8221;2&#8243;][vc_column_text]<em>Neitvuori on saanut nimens\u00e4 neidon sy\u00f6ksytty\u00e4 alas vuorelta. Uskallatko itse kiivet\u00e4 yl\u00f6s?<\/em><\/p>\n<hr \/>\n<p>Neitvuori Mikkelin Anttolassa on yksi Etel\u00e4-Savon korkeimmista vuorista 184 m, jonka huippu on 110 m Saimaan pintaa korkeammalla. Neitvuorelta avautuu n\u00e4kym\u00e4t hyv\u00e4ll\u00e4 s\u00e4\u00e4ll\u00e4 jopa kymmenien kilometrien p\u00e4\u00e4h\u00e4n Luonterin saaristoon, sokkeloiselle Saimaalle.<\/p>\n<p>Paikka tunnettiin ennen Hiidenvuorena, mutta sit\u00e4 alettiin nimitt\u00e4m\u00e4\u00e4n Neitvuoreksi Isovihan aikaan ven\u00e4l\u00e4isi\u00e4 paenneen neidon sy\u00f6ksytty\u00e4 alas jyrk\u00e4nteelt\u00e4.<\/p>\n<p>Tutustu lis\u00e4\u00e4 osoitteessa\u00a0<a href=\"https:\/\/www.visitmikkeli.fi\/fi\/palvelut\/neitvuoren-alueen-retkeilyreitit-ja-nakoalapaikat\" target=\"_blank\" rel=\"noopener noreferrer\"><strong>visitmikkeli.fi<\/strong><\/a>[\/vc_column_text][\/vc_column][\/vc_row]<\/p>\n","protected":false},"excerpt":{"rendered":"<p>[vc_row][vc_column width=&#8221;1\/2&#8243;][vc_single_image image=&#8221;15974&#8243; img_size=&#8221;full&#8221; css=&#8221;.vc_custom_1588442757995{padding-top: 30px !important;}&#8221;][\/vc_column][vc_column width=&#8221;1\/2&#8243;][vc_column_text] 110 metri\u00e4 Saimaan yl\u00e4puolella &#8211; Neitvuori [\/vc_column_text][vc_separator style=&#8221;dashed&#8221; border_width=&#8221;2&#8243;][vc_column_text]Neitvuori on saanut nimens\u00e4 neidon sy\u00f6ksytty\u00e4 alas vuorelta. Uskallatko itse kiivet\u00e4 yl\u00f6s? Neitvuori Mikkelin [&hellip;]<\/p>\n","protected":false},"author":53,"featured_media":0,"parent":29043,"menu_order":0,"comment_status":"closed","ping_status":"closed","template":"","meta":{"footnotes":""},"relatedcontent":[],"class_list":{"0":"post-15993","1":"page","2":"type-page","3":"status-publish","4":"hentry","6":"priority-3"},"yoast_head":"<!-- This site is optimized with the Yoast SEO Premium plugin v27.3 (Yoast SEO v27.2) - https:\/\/yoast.com\/product\/yoast-seo-premium-wordpress\/ -->\n<title>Neitvuori - Visit Saimaa<\/title>\n<meta name=\"description\" content=\"110 metri\u00e4 Saimaan yl\u00e4puolella - Neitvuori Neitvuori on saanut nimens\u00e4 neidon sy\u00f6ksytty\u00e4 alas vuorelta. Uskallatko itse kiivet\u00e4 yl\u00f6s? Neitvuori Mikkelin\" \/>\n<meta name=\"robots\" content=\"index, follow, max-snippet:-1, max-image-preview:large, max-video-preview:-1\" \/>\n<link rel=\"canonical\" href=\"https:\/\/www.visitsaimaa.fi\/fi\/nae-ja-koe\/kayntikohteet\/neitvuori\/\" \/>\n<meta property=\"og:locale\" content=\"fi_FI\" \/>\n<meta property=\"og:type\" content=\"article\" \/>\n<meta property=\"og:title\" content=\"Neitvuori - Visit Saimaa\" \/>\n<meta property=\"og:description\" content=\"110 metri\u00e4 Saimaan yl\u00e4puolella - Neitvuori Neitvuori on saanut nimens\u00e4 neidon sy\u00f6ksytty\u00e4 alas vuorelta. Uskallatko itse kiivet\u00e4 yl\u00f6s? Neitvuori Mikkelin\" \/>\n<meta property=\"og:url\" content=\"https:\/\/www.visitsaimaa.fi\/fi\/nae-ja-koe\/kayntikohteet\/neitvuori\/\" \/>\n<meta property=\"og:site_name\" content=\"Visit Saimaa\" \/>\n<meta property=\"article:modified_time\" content=\"2023-09-07T16:26:39+00:00\" \/>\n<meta name=\"twitter:label1\" content=\"Arvioitu lukuaika\" \/>\n\t<meta name=\"twitter:data1\" content=\"1 minuutti\" \/>\n<script type=\"application\/ld+json\" class=\"yoast-schema-graph\">{\"@context\":\"https:\/\/schema.org\",\"@graph\":[{\"@type\":\"WebPage\",\"@id\":\"https:\/\/www.visitsaimaa.fi\/fi\/nae-ja-koe\/kayntikohteet\/neitvuori\/\",\"url\":\"https:\/\/www.visitsaimaa.fi\/fi\/nae-ja-koe\/kayntikohteet\/neitvuori\/\",\"name\":\"Neitvuori - Visit Saimaa\",\"isPartOf\":{\"@id\":\"https:\/\/www.visitsaimaa.fi\/fi\/#website\"},\"datePublished\":\"2020-05-02T18:05:16+00:00\",\"dateModified\":\"2023-09-07T16:26:39+00:00\",\"description\":\"110 metri\u00e4 Saimaan yl\u00e4puolella - Neitvuori Neitvuori on saanut nimens\u00e4 neidon sy\u00f6ksytty\u00e4 alas vuorelta. Uskallatko itse kiivet\u00e4 yl\u00f6s? Neitvuori Mikkelin\",\"breadcrumb\":{\"@id\":\"https:\/\/www.visitsaimaa.fi\/fi\/nae-ja-koe\/kayntikohteet\/neitvuori\/#breadcrumb\"},\"inLanguage\":\"fi\",\"potentialAction\":[{\"@type\":\"ReadAction\",\"target\":[\"https:\/\/www.visitsaimaa.fi\/fi\/nae-ja-koe\/kayntikohteet\/neitvuori\/\"]}]},{\"@type\":\"BreadcrumbList\",\"@id\":\"https:\/\/www.visitsaimaa.fi\/fi\/nae-ja-koe\/kayntikohteet\/neitvuori\/#breadcrumb\",\"itemListElement\":[{\"@type\":\"ListItem\",\"position\":1,\"name\":\"Visit Saimaa\",\"item\":\"https:\/\/www.visitsaimaa.fi\/fi\/\"},{\"@type\":\"ListItem\",\"position\":2,\"name\":\"N\u00e4e ja koe\",\"item\":\"https:\/\/www.visitsaimaa.fi\/fi\/nae-ja-koe\/\"},{\"@type\":\"ListItem\",\"position\":3,\"name\":\"K\u00e4yntikohteet\",\"item\":\"https:\/\/www.visitsaimaa.fi\/fi\/nae-ja-koe\/kayntikohteet\/\"},{\"@type\":\"ListItem\",\"position\":4,\"name\":\"Neitvuori\"}]},{\"@type\":\"WebSite\",\"@id\":\"https:\/\/www.visitsaimaa.fi\/fi\/#website\",\"url\":\"https:\/\/www.visitsaimaa.fi\/fi\/\",\"name\":\"Visit Saimaa\",\"description\":\"The Official Travel Guide of Lakeland Saimaa\",\"potentialAction\":[{\"@type\":\"SearchAction\",\"target\":{\"@type\":\"EntryPoint\",\"urlTemplate\":\"https:\/\/www.visitsaimaa.fi\/fi\/?s={search_term_string}\"},\"query-input\":{\"@type\":\"PropertyValueSpecification\",\"valueRequired\":true,\"valueName\":\"search_term_string\"}}],\"inLanguage\":\"fi\"}]}<\/script>\n<!-- \/ Yoast SEO Premium plugin. -->","yoast_head_json":{"title":"Neitvuori - Visit Saimaa","description":"110 metri\u00e4 Saimaan yl\u00e4puolella - Neitvuori Neitvuori on saanut nimens\u00e4 neidon sy\u00f6ksytty\u00e4 alas vuorelta. Uskallatko itse kiivet\u00e4 yl\u00f6s? Neitvuori Mikkelin","robots":{"index":"index","follow":"follow","max-snippet":"max-snippet:-1","max-image-preview":"max-image-preview:large","max-video-preview":"max-video-preview:-1"},"canonical":"https:\/\/www.visitsaimaa.fi\/fi\/nae-ja-koe\/kayntikohteet\/neitvuori\/","og_locale":"fi_FI","og_type":"article","og_title":"Neitvuori - Visit Saimaa","og_description":"110 metri\u00e4 Saimaan yl\u00e4puolella - Neitvuori Neitvuori on saanut nimens\u00e4 neidon sy\u00f6ksytty\u00e4 alas vuorelta. Uskallatko itse kiivet\u00e4 yl\u00f6s? Neitvuori Mikkelin","og_url":"https:\/\/www.visitsaimaa.fi\/fi\/nae-ja-koe\/kayntikohteet\/neitvuori\/","og_site_name":"Visit Saimaa","article_modified_time":"2023-09-07T16:26:39+00:00","twitter_misc":{"Arvioitu lukuaika":"1 minuutti"},"schema":{"@context":"https:\/\/schema.org","@graph":[{"@type":"WebPage","@id":"https:\/\/www.visitsaimaa.fi\/fi\/nae-ja-koe\/kayntikohteet\/neitvuori\/","url":"https:\/\/www.visitsaimaa.fi\/fi\/nae-ja-koe\/kayntikohteet\/neitvuori\/","name":"Neitvuori - Visit Saimaa","isPartOf":{"@id":"https:\/\/www.visitsaimaa.fi\/fi\/#website"},"datePublished":"2020-05-02T18:05:16+00:00","dateModified":"2023-09-07T16:26:39+00:00","description":"110 metri\u00e4 Saimaan yl\u00e4puolella - Neitvuori Neitvuori on saanut nimens\u00e4 neidon sy\u00f6ksytty\u00e4 alas vuorelta. Uskallatko itse kiivet\u00e4 yl\u00f6s? Neitvuori Mikkelin","breadcrumb":{"@id":"https:\/\/www.visitsaimaa.fi\/fi\/nae-ja-koe\/kayntikohteet\/neitvuori\/#breadcrumb"},"inLanguage":"fi","potentialAction":[{"@type":"ReadAction","target":["https:\/\/www.visitsaimaa.fi\/fi\/nae-ja-koe\/kayntikohteet\/neitvuori\/"]}]},{"@type":"BreadcrumbList","@id":"https:\/\/www.visitsaimaa.fi\/fi\/nae-ja-koe\/kayntikohteet\/neitvuori\/#breadcrumb","itemListElement":[{"@type":"ListItem","position":1,"name":"Visit Saimaa","item":"https:\/\/www.visitsaimaa.fi\/fi\/"},{"@type":"ListItem","position":2,"name":"N\u00e4e ja koe","item":"https:\/\/www.visitsaimaa.fi\/fi\/nae-ja-koe\/"},{"@type":"ListItem","position":3,"name":"K\u00e4yntikohteet","item":"https:\/\/www.visitsaimaa.fi\/fi\/nae-ja-koe\/kayntikohteet\/"},{"@type":"ListItem","position":4,"name":"Neitvuori"}]},{"@type":"WebSite","@id":"https:\/\/www.visitsaimaa.fi\/fi\/#website","url":"https:\/\/www.visitsaimaa.fi\/fi\/","name":"Visit Saimaa","description":"The Official Travel Guide of Lakeland Saimaa","potentialAction":[{"@type":"SearchAction","target":{"@type":"EntryPoint","urlTemplate":"https:\/\/www.visitsaimaa.fi\/fi\/?s={search_term_string}"},"query-input":{"@type":"PropertyValueSpecification","valueRequired":true,"valueName":"search_term_string"}}],"inLanguage":"fi"}]}},"_links":{"self":[{"href":"https:\/\/www.visitsaimaa.fi\/fi\/wp-json\/wp\/v2\/pages\/15993","targetHints":{"allow":["GET"]}}],"collection":[{"href":"https:\/\/www.visitsaimaa.fi\/fi\/wp-json\/wp\/v2\/pages"}],"about":[{"href":"https:\/\/www.visitsaimaa.fi\/fi\/wp-json\/wp\/v2\/types\/page"}],"author":[{"embeddable":true,"href":"https:\/\/www.visitsaimaa.fi\/fi\/wp-json\/wp\/v2\/users\/53"}],"replies":[{"embeddable":true,"href":"https:\/\/www.visitsaimaa.fi\/fi\/wp-json\/wp\/v2\/comments?post=15993"}],"version-history":[{"count":1,"href":"https:\/\/www.visitsaimaa.fi\/fi\/wp-json\/wp\/v2\/pages\/15993\/revisions"}],"predecessor-version":[{"id":29052,"href":"https:\/\/www.visitsaimaa.fi\/fi\/wp-json\/wp\/v2\/pages\/15993\/revisions\/29052"}],"up":[{"embeddable":true,"href":"https:\/\/www.visitsaimaa.fi\/fi\/wp-json\/wp\/v2\/pages\/29043"}],"wp:attachment":[{"href":"https:\/\/www.visitsaimaa.fi\/fi\/wp-json\/wp\/v2\/media?parent=15993"}],"wp:term":[{"taxonomy":"relatedcontent","embeddable":true,"href":"https:\/\/www.visitsaimaa.fi\/fi\/wp-json\/wp\/v2\/relatedcontent?post=15993"}],"curies":[{"name":"wp","href":"https:\/\/api.w.org\/{rel}","templated":true}]}}