{"id":15986,"date":"2020-05-02T21:00:11","date_gmt":"2020-05-02T18:00:11","guid":{"rendered":"https:\/\/www.visitsaimaa.fi\/?page_id=15986"},"modified":"2023-09-07T19:51:29","modified_gmt":"2023-09-07T16:51:29","slug":"hyterman-kivitaidetta","status":"publish","type":"page","link":"https:\/\/www.visitsaimaa.fi\/fi\/nae-ja-koe\/luontokohteet-ja-reitit\/hyterman-kivitaidetta\/","title":{"rendered":"Hyterm\u00e4n kivitaidetta"},"content":{"rendered":"<p>[vc_row][vc_column width=&#8221;1\/2&#8243;][vc_single_image image=&#8221;15981&#8243; img_size=&#8221;full&#8221; css=&#8221;.vc_custom_1588441883781{padding-top: 30px !important;}&#8221;][\/vc_column][vc_column width=&#8221;1\/2&#8243;][vc_column_text]<\/p>\n<h2>Hyterm\u00e4: kivitaidetta ja Romu-Heikin perint\u00f6<\/h2>\n<p>[\/vc_column_text][vc_separator style=&#8221;dashed&#8221; border_width=&#8221;2&#8243;][vc_column_text]<em>Hyterm\u00e4n 50 hehtaarin luonnonkaunis saariryhm\u00e4 on julistettu luonnonsuojelualueeksi ja rauhoitetuksi vuonna 1931.<\/em><\/p>\n<hr \/>\n<p>Hyterm\u00e4n luonnonsuojelu- ja museosaaret Kerim\u00e4ell\u00e4 kristallinkirkkaan Puruveden ymp\u00e4r\u00f6im\u00e4n\u00e4 on varmasti yksi Saimaan mielenkiintoisimmista ja kauneimmista luontokohteista.<\/p>\n<p>Hyterm\u00e4n kolmen saaren s\u00e4ilyminen l\u00e4hes t\u00e4ydellisesti luonnontilassa on Kerim\u00e4en nimismiehen ja sotakamreeri Heikki H\u00e4yrysen, \u201dRomu-Heikin\u201d, ja h\u00e4nen vaimonsa ansiota. He aloittivat metsien ja maiseman hoidon \u201dtuleville sukupolville iloksi, onneksi ja siunaukseksi\u201d ja t\u00e4st\u00e4 ty\u00f6st\u00e4 saamme nauttia viel\u00e4 t\u00e4n\u00e4kin p\u00e4iv\u00e4n\u00e4.<\/p>\n<p>Saarten kauniin harjuluonnon ja hienon j\u00e4rvimaiseman kruunaa Romu-Heikin kokoama ulkomuseo vanhoine rakennuksineen. Hyterm\u00e4n erikoisin n\u00e4ht\u00e4vyys on vuonna 1937 valmistunut yli seitsenmetrinen, kivist\u00e4 ja myllynkivist\u00e4 muurattu &#8221;Ty\u00f6nmuisto&#8221; \u2013 menneiden ja tulevien sukupolvien ty\u00f6lle omistettu muistomerkki.<\/p>\n<p>Tutustu Hyterm\u00e4\u00e4n lis\u00e4\u00e4 osoitteessa\u00a0<a href=\"https:\/\/visitsavonlinna.fi\/hyterma\/\" target=\"_blank\" rel=\"noopener noreferrer\"><strong>visitsavonlinna.fi<\/strong><\/a>[\/vc_column_text][\/vc_column][\/vc_row]<\/p>\n","protected":false},"excerpt":{"rendered":"<p>[vc_row][vc_column width=&#8221;1\/2&#8243;][vc_single_image image=&#8221;15981&#8243; img_size=&#8221;full&#8221; css=&#8221;.vc_custom_1588441883781{padding-top: 30px !important;}&#8221;][\/vc_column][vc_column width=&#8221;1\/2&#8243;][vc_column_text] Hyterm\u00e4: kivitaidetta ja Romu-Heikin perint\u00f6 [\/vc_column_text][vc_separator style=&#8221;dashed&#8221; border_width=&#8221;2&#8243;][vc_column_text]Hyterm\u00e4n 50 hehtaarin luonnonkaunis saariryhm\u00e4 on julistettu luonnonsuojelualueeksi ja rauhoitetuksi vuonna 1931. Hyterm\u00e4n luonnonsuojelu- ja [&hellip;]<\/p>\n","protected":false},"author":53,"featured_media":0,"parent":12445,"menu_order":0,"comment_status":"closed","ping_status":"closed","template":"","meta":{"footnotes":""},"relatedcontent":[],"class_list":{"0":"post-15986","1":"page","2":"type-page","3":"status-publish","4":"hentry","6":"priority-3"},"yoast_head":"<!-- This site is optimized with the Yoast SEO Premium plugin v27.3 (Yoast SEO v27.5) - https:\/\/yoast.com\/product\/yoast-seo-premium-wordpress\/ -->\n<title>Hyterm\u00e4n kivitaidetta - Visit Saimaa<\/title>\n<meta name=\"description\" content=\"Hyterm\u00e4: kivitaidetta ja Romu-Heikin perint\u00f6 Hyterm\u00e4n 50 hehtaarin luonnonkaunis saariryhm\u00e4 on julistettu luonnonsuojelualueeksi ja rauhoitetuksi vuonna\" \/>\n<meta name=\"robots\" content=\"index, follow, max-snippet:-1, max-image-preview:large, max-video-preview:-1\" \/>\n<link rel=\"canonical\" href=\"https:\/\/www.visitsaimaa.fi\/fi\/nae-ja-koe\/luontokohteet-ja-reitit\/hyterman-kivitaidetta\/\" \/>\n<meta property=\"og:locale\" content=\"fi_FI\" \/>\n<meta property=\"og:type\" content=\"article\" \/>\n<meta property=\"og:title\" content=\"Hyterm\u00e4n kivitaidetta\" \/>\n<meta property=\"og:description\" content=\"Hyterm\u00e4: kivitaidetta ja Romu-Heikin perint\u00f6 Hyterm\u00e4n 50 hehtaarin luonnonkaunis saariryhm\u00e4 on julistettu luonnonsuojelualueeksi ja rauhoitetuksi vuonna\" \/>\n<meta property=\"og:url\" content=\"https:\/\/www.visitsaimaa.fi\/fi\/nae-ja-koe\/luontokohteet-ja-reitit\/hyterman-kivitaidetta\/\" \/>\n<meta property=\"og:site_name\" content=\"Visit Saimaa\" \/>\n<meta property=\"article:modified_time\" content=\"2023-09-07T16:51:29+00:00\" \/>\n<meta name=\"twitter:label1\" content=\"Arvioitu lukuaika\" \/>\n\t<meta name=\"twitter:data1\" content=\"1 minuutti\" \/>\n<script type=\"application\/ld+json\" class=\"yoast-schema-graph\">{\"@context\":\"https:\\\/\\\/schema.org\",\"@graph\":[{\"@type\":\"WebPage\",\"@id\":\"https:\\\/\\\/www.visitsaimaa.fi\\\/fi\\\/nae-ja-koe\\\/luontokohteet-ja-reitit\\\/hyterman-kivitaidetta\\\/\",\"url\":\"https:\\\/\\\/www.visitsaimaa.fi\\\/fi\\\/nae-ja-koe\\\/luontokohteet-ja-reitit\\\/hyterman-kivitaidetta\\\/\",\"name\":\"Hyterm\u00e4n kivitaidetta - Visit Saimaa\",\"isPartOf\":{\"@id\":\"https:\\\/\\\/www.visitsaimaa.fi\\\/fi\\\/#website\"},\"datePublished\":\"2020-05-02T18:00:11+00:00\",\"dateModified\":\"2023-09-07T16:51:29+00:00\",\"description\":\"Hyterm\u00e4: kivitaidetta ja Romu-Heikin perint\u00f6 Hyterm\u00e4n 50 hehtaarin luonnonkaunis saariryhm\u00e4 on julistettu luonnonsuojelualueeksi ja rauhoitetuksi vuonna\",\"breadcrumb\":{\"@id\":\"https:\\\/\\\/www.visitsaimaa.fi\\\/fi\\\/nae-ja-koe\\\/luontokohteet-ja-reitit\\\/hyterman-kivitaidetta\\\/#breadcrumb\"},\"inLanguage\":\"fi\",\"potentialAction\":[{\"@type\":\"ReadAction\",\"target\":[\"https:\\\/\\\/www.visitsaimaa.fi\\\/fi\\\/nae-ja-koe\\\/luontokohteet-ja-reitit\\\/hyterman-kivitaidetta\\\/\"]}]},{\"@type\":\"BreadcrumbList\",\"@id\":\"https:\\\/\\\/www.visitsaimaa.fi\\\/fi\\\/nae-ja-koe\\\/luontokohteet-ja-reitit\\\/hyterman-kivitaidetta\\\/#breadcrumb\",\"itemListElement\":[{\"@type\":\"ListItem\",\"position\":1,\"name\":\"Visit Saimaa\",\"item\":\"https:\\\/\\\/www.visitsaimaa.fi\\\/fi\\\/\"},{\"@type\":\"ListItem\",\"position\":2,\"name\":\"N\u00e4e ja koe\",\"item\":\"https:\\\/\\\/www.visitsaimaa.fi\\\/fi\\\/nae-ja-koe\\\/\"},{\"@type\":\"ListItem\",\"position\":3,\"name\":\"Luontokohteet ja -reitit\",\"item\":\"https:\\\/\\\/www.visitsaimaa.fi\\\/fi\\\/nae-ja-koe\\\/luontokohteet-ja-reitit\\\/\"},{\"@type\":\"ListItem\",\"position\":4,\"name\":\"Hyterm\u00e4n kivitaidetta\"}]},{\"@type\":\"WebSite\",\"@id\":\"https:\\\/\\\/www.visitsaimaa.fi\\\/fi\\\/#website\",\"url\":\"https:\\\/\\\/www.visitsaimaa.fi\\\/fi\\\/\",\"name\":\"Visit Saimaa\",\"description\":\"The Official Travel Guide of Lakeland Saimaa\",\"potentialAction\":[{\"@type\":\"SearchAction\",\"target\":{\"@type\":\"EntryPoint\",\"urlTemplate\":\"https:\\\/\\\/www.visitsaimaa.fi\\\/fi\\\/?s={search_term_string}\"},\"query-input\":{\"@type\":\"PropertyValueSpecification\",\"valueRequired\":true,\"valueName\":\"search_term_string\"}}],\"inLanguage\":\"fi\"}]}<\/script>\n<!-- \/ Yoast SEO Premium plugin. -->","yoast_head_json":{"title":"Hyterm\u00e4n kivitaidetta - Visit Saimaa","description":"Hyterm\u00e4: kivitaidetta ja Romu-Heikin perint\u00f6 Hyterm\u00e4n 50 hehtaarin luonnonkaunis saariryhm\u00e4 on julistettu luonnonsuojelualueeksi ja rauhoitetuksi vuonna","robots":{"index":"index","follow":"follow","max-snippet":"max-snippet:-1","max-image-preview":"max-image-preview:large","max-video-preview":"max-video-preview:-1"},"canonical":"https:\/\/www.visitsaimaa.fi\/fi\/nae-ja-koe\/luontokohteet-ja-reitit\/hyterman-kivitaidetta\/","og_locale":"fi_FI","og_type":"article","og_title":"Hyterm\u00e4n kivitaidetta","og_description":"Hyterm\u00e4: kivitaidetta ja Romu-Heikin perint\u00f6 Hyterm\u00e4n 50 hehtaarin luonnonkaunis saariryhm\u00e4 on julistettu luonnonsuojelualueeksi ja rauhoitetuksi vuonna","og_url":"https:\/\/www.visitsaimaa.fi\/fi\/nae-ja-koe\/luontokohteet-ja-reitit\/hyterman-kivitaidetta\/","og_site_name":"Visit Saimaa","article_modified_time":"2023-09-07T16:51:29+00:00","twitter_misc":{"Arvioitu lukuaika":"1 minuutti"},"schema":{"@context":"https:\/\/schema.org","@graph":[{"@type":"WebPage","@id":"https:\/\/www.visitsaimaa.fi\/fi\/nae-ja-koe\/luontokohteet-ja-reitit\/hyterman-kivitaidetta\/","url":"https:\/\/www.visitsaimaa.fi\/fi\/nae-ja-koe\/luontokohteet-ja-reitit\/hyterman-kivitaidetta\/","name":"Hyterm\u00e4n kivitaidetta - Visit Saimaa","isPartOf":{"@id":"https:\/\/www.visitsaimaa.fi\/fi\/#website"},"datePublished":"2020-05-02T18:00:11+00:00","dateModified":"2023-09-07T16:51:29+00:00","description":"Hyterm\u00e4: kivitaidetta ja Romu-Heikin perint\u00f6 Hyterm\u00e4n 50 hehtaarin luonnonkaunis saariryhm\u00e4 on julistettu luonnonsuojelualueeksi ja rauhoitetuksi vuonna","breadcrumb":{"@id":"https:\/\/www.visitsaimaa.fi\/fi\/nae-ja-koe\/luontokohteet-ja-reitit\/hyterman-kivitaidetta\/#breadcrumb"},"inLanguage":"fi","potentialAction":[{"@type":"ReadAction","target":["https:\/\/www.visitsaimaa.fi\/fi\/nae-ja-koe\/luontokohteet-ja-reitit\/hyterman-kivitaidetta\/"]}]},{"@type":"BreadcrumbList","@id":"https:\/\/www.visitsaimaa.fi\/fi\/nae-ja-koe\/luontokohteet-ja-reitit\/hyterman-kivitaidetta\/#breadcrumb","itemListElement":[{"@type":"ListItem","position":1,"name":"Visit Saimaa","item":"https:\/\/www.visitsaimaa.fi\/fi\/"},{"@type":"ListItem","position":2,"name":"N\u00e4e ja koe","item":"https:\/\/www.visitsaimaa.fi\/fi\/nae-ja-koe\/"},{"@type":"ListItem","position":3,"name":"Luontokohteet ja -reitit","item":"https:\/\/www.visitsaimaa.fi\/fi\/nae-ja-koe\/luontokohteet-ja-reitit\/"},{"@type":"ListItem","position":4,"name":"Hyterm\u00e4n kivitaidetta"}]},{"@type":"WebSite","@id":"https:\/\/www.visitsaimaa.fi\/fi\/#website","url":"https:\/\/www.visitsaimaa.fi\/fi\/","name":"Visit Saimaa","description":"The Official Travel Guide of Lakeland Saimaa","potentialAction":[{"@type":"SearchAction","target":{"@type":"EntryPoint","urlTemplate":"https:\/\/www.visitsaimaa.fi\/fi\/?s={search_term_string}"},"query-input":{"@type":"PropertyValueSpecification","valueRequired":true,"valueName":"search_term_string"}}],"inLanguage":"fi"}]}},"_links":{"self":[{"href":"https:\/\/www.visitsaimaa.fi\/fi\/wp-json\/wp\/v2\/pages\/15986","targetHints":{"allow":["GET"]}}],"collection":[{"href":"https:\/\/www.visitsaimaa.fi\/fi\/wp-json\/wp\/v2\/pages"}],"about":[{"href":"https:\/\/www.visitsaimaa.fi\/fi\/wp-json\/wp\/v2\/types\/page"}],"author":[{"embeddable":true,"href":"https:\/\/www.visitsaimaa.fi\/fi\/wp-json\/wp\/v2\/users\/53"}],"replies":[{"embeddable":true,"href":"https:\/\/www.visitsaimaa.fi\/fi\/wp-json\/wp\/v2\/comments?post=15986"}],"version-history":[{"count":1,"href":"https:\/\/www.visitsaimaa.fi\/fi\/wp-json\/wp\/v2\/pages\/15986\/revisions"}],"predecessor-version":[{"id":28966,"href":"https:\/\/www.visitsaimaa.fi\/fi\/wp-json\/wp\/v2\/pages\/15986\/revisions\/28966"}],"up":[{"embeddable":true,"href":"https:\/\/www.visitsaimaa.fi\/fi\/wp-json\/wp\/v2\/pages\/12445"}],"wp:attachment":[{"href":"https:\/\/www.visitsaimaa.fi\/fi\/wp-json\/wp\/v2\/media?parent=15986"}],"wp:term":[{"taxonomy":"relatedcontent","embeddable":true,"href":"https:\/\/www.visitsaimaa.fi\/fi\/wp-json\/wp\/v2\/relatedcontent?post=15986"}],"curies":[{"name":"wp","href":"https:\/\/api.w.org\/{rel}","templated":true}]}}