{"id":15776,"date":"2020-04-29T13:06:19","date_gmt":"2020-04-29T10:06:19","guid":{"rendered":"https:\/\/www.visitsaimaa.fi\/?page_id=15776"},"modified":"2023-09-07T19:30:43","modified_gmt":"2023-09-07T16:30:43","slug":"astuvansalmen-kalliomaalaukset-historialliset-graffitit-saimaalla","status":"publish","type":"page","link":"https:\/\/www.visitsaimaa.fi\/fi\/nae-ja-koe\/luontokohteet-ja-reitit\/astuvansalmen-kalliomaalaukset-historialliset-graffitit-saimaalla\/","title":{"rendered":"Astuvansalmen kalliomaalaukset: historialliset graffitit Saimaalla"},"content":{"rendered":"<p>[vc_row][vc_column width=&#8221;1\/2&#8243;][vc_single_image image=&#8221;15777&#8243; img_size=&#8221;full&#8221; css=&#8221;.vc_custom_1588262621286{padding-top: 30px !important;}&#8221;][\/vc_column][vc_column width=&#8221;1\/2&#8243; css=&#8221;.vc_custom_1588154836077{padding-right: 50px !important;padding-left: 50px !important;}&#8221;][vc_column_text]<\/p>\n<h2>Astuvansalmen kalliomaalaukset: historialliset graffitit Saimaalla<\/h2>\n<p>[\/vc_column_text][vc_separator style=&#8221;dashed&#8221; border_width=&#8221;2&#8243;][vc_column_text]<em>Hirvi\u00e4, ihmishahmoja, veneit\u00e4, k\u00e4mmenien ja tassujen j\u00e4lki\u00e4&#8230;\u00a0Astuvansalmen 4 500\u20136 000 vuotta vanhat kalliomaalaukset k\u00e4sitt\u00e4v\u00e4t 65 kuvaa, mik\u00e4 tekee kokonaisuudesta yhden Fennoskandian suurimmista.<\/em><\/p>\n<hr \/>\n<p><strong><a href=\"https:\/\/www.visitmikkeli.fi\/fi\/palvelut\/astuvansalmen-kalliomaalaukset\" target=\"_blank\" rel=\"noopener noreferrer\">Astuvansalmen kalliomaalauksiin<\/a><\/strong> Mikkelin Ristiinassa p\u00e4\u00e4set tutustumaan koko komeudessaan vesilt\u00e4 k\u00e4sin. Aivan oma juttunsa on ainutlaatuinen ja aistikas <strong>illallinen kelluvassa ravintolassa Saimaan Y\u00f6vedell\u00e4 15.8.2020.<\/strong> Illallinen alkaa klo 18 venekuljetuksella suomen kielen professorin E.N. Set\u00e4l\u00e4n rakennuttamalta kes\u00e4huvilalta, nykyisest\u00e4 <strong><a href=\"https:\/\/ravintolakallioniemi.fi\" target=\"_blank\" rel=\"noopener noreferrer\">ravintola Kallioniemest\u00e4<\/a><\/strong> Mikkelin Ristiinasta. Luvassa on ihanaa \u00e4rsykett\u00e4 joka aistille Astuvan-ukon lempe\u00e4n katseen alla: kolmen ruokalajin illallinen klo 19, Astuvan amatsonien esitys , ja jos hetkeksi maltat nostaa katseen kattauksesta, avautuu tuhansia vuosia vanha kalliotaide silmiesi edess\u00e4.<\/p>\n<p>Illallisen valmistaa arvostettu keitti\u00f6mestari, l\u00e4hiruoka-aatteestaan tunnettu Ilkka Arvola sek\u00e4 ravintola Kallioniemen p\u00e4\u00e4kokki Marko Sairinen.<\/p>\n<p>J\u00e4rvell\u00e4 lipuessa on helppo ymm\u00e4rt\u00e4\u00e4 miksi juuri Astuvansalmen kallio valittiin muinaisten seremonioiden pitopaikaksi: kalliomaalaukset on maalattu lohkareeseen, joka muistuttaa oikeasta suunnasta katsottuna ihmisen p\u00e4\u00e4t\u00e4<\/p>\n<p>Illallisen hinta 115 \u20ac \/ hl\u00f6 (sis. venekuljetus, kolmen ruokalajin illallinen, juomat, Astuvan amatsonien esitys). Illalliselle mahtuu 50 henkil\u00f6\u00e4. Varaukset ja lis\u00e4tiedot otto@ravintolakallioniemi.fi tai 040 70 58043.[\/vc_column_text][vc_btn title=&#8221;LIS\u00c4TIETOJA ILLALLISESTA&#8221; style=&#8221;flat&#8221; shape=&#8221;square&#8221; color=&#8221;black&#8221; link=&#8221;url:https%3A%2F%2Fravintolakallioniemi.fi%2F1-2%2F||target:%20_blank|&#8221; css=&#8221;.vc_custom_1594656011044{padding-top: -50px !important;}&#8221;][vc_column_text]Tutustu lis\u00e4\u00e4 Saimaan kauniiseen Mikkelin seutuun <strong><a href=\"https:\/\/www.visitmikkeli.fi\" target=\"_blank\" rel=\"noopener noreferrer\">visitmikkeli.fi<\/a>.<\/strong>[\/vc_column_text][\/vc_column][\/vc_row]<\/p>\n","protected":false},"excerpt":{"rendered":"<p>[vc_row][vc_column width=&#8221;1\/2&#8243;][vc_single_image image=&#8221;15777&#8243; img_size=&#8221;full&#8221; css=&#8221;.vc_custom_1588262621286{padding-top: 30px !important;}&#8221;][\/vc_column][vc_column width=&#8221;1\/2&#8243; css=&#8221;.vc_custom_1588154836077{padding-right: 50px !important;padding-left: 50px !important;}&#8221;][vc_column_text] Astuvansalmen kalliomaalaukset: historialliset graffitit Saimaalla [\/vc_column_text][vc_separator style=&#8221;dashed&#8221; border_width=&#8221;2&#8243;][vc_column_text]Hirvi\u00e4, ihmishahmoja, veneit\u00e4, k\u00e4mmenien ja tassujen j\u00e4lki\u00e4&#8230;\u00a0Astuvansalmen 4 500\u20136 000 [&hellip;]<\/p>\n","protected":false},"author":15,"featured_media":0,"parent":12445,"menu_order":0,"comment_status":"closed","ping_status":"closed","template":"","meta":{"footnotes":""},"relatedcontent":[],"class_list":{"0":"post-15776","1":"page","2":"type-page","3":"status-publish","4":"hentry","6":"priority-3"},"yoast_head":"<!-- This site is optimized with the Yoast SEO Premium plugin v27.3 (Yoast SEO v27.5) - https:\/\/yoast.com\/product\/yoast-seo-premium-wordpress\/ -->\n<title>Astuvansalmen kalliomaalaukset: historialliset graffitit Saimaalla - Visit Saimaa<\/title>\n<meta name=\"description\" content=\"Astuvansalmen kalliomaalaukset: historialliset graffitit Saimaalla Hirvi\u00e4, ihmishahmoja, veneit\u00e4, k\u00e4mmenien ja tassujen j\u00e4lki\u00e4...\u00a0Astuvansalmen 4 500\u20136\" \/>\n<meta name=\"robots\" content=\"index, follow, max-snippet:-1, max-image-preview:large, max-video-preview:-1\" \/>\n<link rel=\"canonical\" href=\"https:\/\/www.visitsaimaa.fi\/fi\/nae-ja-koe\/luontokohteet-ja-reitit\/astuvansalmen-kalliomaalaukset-historialliset-graffitit-saimaalla\/\" \/>\n<meta property=\"og:locale\" content=\"fi_FI\" \/>\n<meta property=\"og:type\" content=\"article\" \/>\n<meta property=\"og:title\" content=\"Astuvansalmen kalliomaalaukset: historialliset graffitit Saimaalla\" \/>\n<meta property=\"og:description\" content=\"Astuvansalmen kalliomaalaukset: historialliset graffitit Saimaalla Hirvi\u00e4, ihmishahmoja, veneit\u00e4, k\u00e4mmenien ja tassujen j\u00e4lki\u00e4...\u00a0Astuvansalmen 4 500\u20136\" \/>\n<meta property=\"og:url\" content=\"https:\/\/www.visitsaimaa.fi\/fi\/nae-ja-koe\/luontokohteet-ja-reitit\/astuvansalmen-kalliomaalaukset-historialliset-graffitit-saimaalla\/\" \/>\n<meta property=\"og:site_name\" content=\"Visit Saimaa\" \/>\n<meta property=\"article:modified_time\" content=\"2023-09-07T16:30:43+00:00\" \/>\n<meta name=\"twitter:label1\" content=\"Arvioitu lukuaika\" \/>\n\t<meta name=\"twitter:data1\" content=\"1 minuutti\" \/>\n<script type=\"application\/ld+json\" class=\"yoast-schema-graph\">{\"@context\":\"https:\\\/\\\/schema.org\",\"@graph\":[{\"@type\":\"WebPage\",\"@id\":\"https:\\\/\\\/www.visitsaimaa.fi\\\/fi\\\/nae-ja-koe\\\/luontokohteet-ja-reitit\\\/astuvansalmen-kalliomaalaukset-historialliset-graffitit-saimaalla\\\/\",\"url\":\"https:\\\/\\\/www.visitsaimaa.fi\\\/fi\\\/nae-ja-koe\\\/luontokohteet-ja-reitit\\\/astuvansalmen-kalliomaalaukset-historialliset-graffitit-saimaalla\\\/\",\"name\":\"Astuvansalmen kalliomaalaukset: historialliset graffitit Saimaalla - Visit Saimaa\",\"isPartOf\":{\"@id\":\"https:\\\/\\\/www.visitsaimaa.fi\\\/fi\\\/#website\"},\"datePublished\":\"2020-04-29T10:06:19+00:00\",\"dateModified\":\"2023-09-07T16:30:43+00:00\",\"description\":\"Astuvansalmen kalliomaalaukset: historialliset graffitit Saimaalla Hirvi\u00e4, ihmishahmoja, veneit\u00e4, k\u00e4mmenien ja tassujen j\u00e4lki\u00e4...\u00a0Astuvansalmen 4 500\u20136\",\"breadcrumb\":{\"@id\":\"https:\\\/\\\/www.visitsaimaa.fi\\\/fi\\\/nae-ja-koe\\\/luontokohteet-ja-reitit\\\/astuvansalmen-kalliomaalaukset-historialliset-graffitit-saimaalla\\\/#breadcrumb\"},\"inLanguage\":\"fi\",\"potentialAction\":[{\"@type\":\"ReadAction\",\"target\":[\"https:\\\/\\\/www.visitsaimaa.fi\\\/fi\\\/nae-ja-koe\\\/luontokohteet-ja-reitit\\\/astuvansalmen-kalliomaalaukset-historialliset-graffitit-saimaalla\\\/\"]}]},{\"@type\":\"BreadcrumbList\",\"@id\":\"https:\\\/\\\/www.visitsaimaa.fi\\\/fi\\\/nae-ja-koe\\\/luontokohteet-ja-reitit\\\/astuvansalmen-kalliomaalaukset-historialliset-graffitit-saimaalla\\\/#breadcrumb\",\"itemListElement\":[{\"@type\":\"ListItem\",\"position\":1,\"name\":\"Visit Saimaa\",\"item\":\"https:\\\/\\\/www.visitsaimaa.fi\\\/fi\\\/\"},{\"@type\":\"ListItem\",\"position\":2,\"name\":\"N\u00e4e ja koe\",\"item\":\"https:\\\/\\\/www.visitsaimaa.fi\\\/fi\\\/nae-ja-koe\\\/\"},{\"@type\":\"ListItem\",\"position\":3,\"name\":\"Luontokohteet ja -reitit\",\"item\":\"https:\\\/\\\/www.visitsaimaa.fi\\\/fi\\\/nae-ja-koe\\\/luontokohteet-ja-reitit\\\/\"},{\"@type\":\"ListItem\",\"position\":4,\"name\":\"Astuvansalmen kalliomaalaukset: historialliset graffitit Saimaalla\"}]},{\"@type\":\"WebSite\",\"@id\":\"https:\\\/\\\/www.visitsaimaa.fi\\\/fi\\\/#website\",\"url\":\"https:\\\/\\\/www.visitsaimaa.fi\\\/fi\\\/\",\"name\":\"Visit Saimaa\",\"description\":\"The Official Travel Guide of Lakeland Saimaa\",\"potentialAction\":[{\"@type\":\"SearchAction\",\"target\":{\"@type\":\"EntryPoint\",\"urlTemplate\":\"https:\\\/\\\/www.visitsaimaa.fi\\\/fi\\\/?s={search_term_string}\"},\"query-input\":{\"@type\":\"PropertyValueSpecification\",\"valueRequired\":true,\"valueName\":\"search_term_string\"}}],\"inLanguage\":\"fi\"}]}<\/script>\n<!-- \/ Yoast SEO Premium plugin. -->","yoast_head_json":{"title":"Astuvansalmen kalliomaalaukset: historialliset graffitit Saimaalla - Visit Saimaa","description":"Astuvansalmen kalliomaalaukset: historialliset graffitit Saimaalla Hirvi\u00e4, ihmishahmoja, veneit\u00e4, k\u00e4mmenien ja tassujen j\u00e4lki\u00e4...\u00a0Astuvansalmen 4 500\u20136","robots":{"index":"index","follow":"follow","max-snippet":"max-snippet:-1","max-image-preview":"max-image-preview:large","max-video-preview":"max-video-preview:-1"},"canonical":"https:\/\/www.visitsaimaa.fi\/fi\/nae-ja-koe\/luontokohteet-ja-reitit\/astuvansalmen-kalliomaalaukset-historialliset-graffitit-saimaalla\/","og_locale":"fi_FI","og_type":"article","og_title":"Astuvansalmen kalliomaalaukset: historialliset graffitit Saimaalla","og_description":"Astuvansalmen kalliomaalaukset: historialliset graffitit Saimaalla Hirvi\u00e4, ihmishahmoja, veneit\u00e4, k\u00e4mmenien ja tassujen j\u00e4lki\u00e4...\u00a0Astuvansalmen 4 500\u20136","og_url":"https:\/\/www.visitsaimaa.fi\/fi\/nae-ja-koe\/luontokohteet-ja-reitit\/astuvansalmen-kalliomaalaukset-historialliset-graffitit-saimaalla\/","og_site_name":"Visit Saimaa","article_modified_time":"2023-09-07T16:30:43+00:00","twitter_misc":{"Arvioitu lukuaika":"1 minuutti"},"schema":{"@context":"https:\/\/schema.org","@graph":[{"@type":"WebPage","@id":"https:\/\/www.visitsaimaa.fi\/fi\/nae-ja-koe\/luontokohteet-ja-reitit\/astuvansalmen-kalliomaalaukset-historialliset-graffitit-saimaalla\/","url":"https:\/\/www.visitsaimaa.fi\/fi\/nae-ja-koe\/luontokohteet-ja-reitit\/astuvansalmen-kalliomaalaukset-historialliset-graffitit-saimaalla\/","name":"Astuvansalmen kalliomaalaukset: historialliset graffitit Saimaalla - Visit Saimaa","isPartOf":{"@id":"https:\/\/www.visitsaimaa.fi\/fi\/#website"},"datePublished":"2020-04-29T10:06:19+00:00","dateModified":"2023-09-07T16:30:43+00:00","description":"Astuvansalmen kalliomaalaukset: historialliset graffitit Saimaalla Hirvi\u00e4, ihmishahmoja, veneit\u00e4, k\u00e4mmenien ja tassujen j\u00e4lki\u00e4...\u00a0Astuvansalmen 4 500\u20136","breadcrumb":{"@id":"https:\/\/www.visitsaimaa.fi\/fi\/nae-ja-koe\/luontokohteet-ja-reitit\/astuvansalmen-kalliomaalaukset-historialliset-graffitit-saimaalla\/#breadcrumb"},"inLanguage":"fi","potentialAction":[{"@type":"ReadAction","target":["https:\/\/www.visitsaimaa.fi\/fi\/nae-ja-koe\/luontokohteet-ja-reitit\/astuvansalmen-kalliomaalaukset-historialliset-graffitit-saimaalla\/"]}]},{"@type":"BreadcrumbList","@id":"https:\/\/www.visitsaimaa.fi\/fi\/nae-ja-koe\/luontokohteet-ja-reitit\/astuvansalmen-kalliomaalaukset-historialliset-graffitit-saimaalla\/#breadcrumb","itemListElement":[{"@type":"ListItem","position":1,"name":"Visit Saimaa","item":"https:\/\/www.visitsaimaa.fi\/fi\/"},{"@type":"ListItem","position":2,"name":"N\u00e4e ja koe","item":"https:\/\/www.visitsaimaa.fi\/fi\/nae-ja-koe\/"},{"@type":"ListItem","position":3,"name":"Luontokohteet ja -reitit","item":"https:\/\/www.visitsaimaa.fi\/fi\/nae-ja-koe\/luontokohteet-ja-reitit\/"},{"@type":"ListItem","position":4,"name":"Astuvansalmen kalliomaalaukset: historialliset graffitit Saimaalla"}]},{"@type":"WebSite","@id":"https:\/\/www.visitsaimaa.fi\/fi\/#website","url":"https:\/\/www.visitsaimaa.fi\/fi\/","name":"Visit Saimaa","description":"The Official Travel Guide of Lakeland Saimaa","potentialAction":[{"@type":"SearchAction","target":{"@type":"EntryPoint","urlTemplate":"https:\/\/www.visitsaimaa.fi\/fi\/?s={search_term_string}"},"query-input":{"@type":"PropertyValueSpecification","valueRequired":true,"valueName":"search_term_string"}}],"inLanguage":"fi"}]}},"_links":{"self":[{"href":"https:\/\/www.visitsaimaa.fi\/fi\/wp-json\/wp\/v2\/pages\/15776","targetHints":{"allow":["GET"]}}],"collection":[{"href":"https:\/\/www.visitsaimaa.fi\/fi\/wp-json\/wp\/v2\/pages"}],"about":[{"href":"https:\/\/www.visitsaimaa.fi\/fi\/wp-json\/wp\/v2\/types\/page"}],"author":[{"embeddable":true,"href":"https:\/\/www.visitsaimaa.fi\/fi\/wp-json\/wp\/v2\/users\/15"}],"replies":[{"embeddable":true,"href":"https:\/\/www.visitsaimaa.fi\/fi\/wp-json\/wp\/v2\/comments?post=15776"}],"version-history":[{"count":1,"href":"https:\/\/www.visitsaimaa.fi\/fi\/wp-json\/wp\/v2\/pages\/15776\/revisions"}],"predecessor-version":[{"id":28969,"href":"https:\/\/www.visitsaimaa.fi\/fi\/wp-json\/wp\/v2\/pages\/15776\/revisions\/28969"}],"up":[{"embeddable":true,"href":"https:\/\/www.visitsaimaa.fi\/fi\/wp-json\/wp\/v2\/pages\/12445"}],"wp:attachment":[{"href":"https:\/\/www.visitsaimaa.fi\/fi\/wp-json\/wp\/v2\/media?parent=15776"}],"wp:term":[{"taxonomy":"relatedcontent","embeddable":true,"href":"https:\/\/www.visitsaimaa.fi\/fi\/wp-json\/wp\/v2\/relatedcontent?post=15776"}],"curies":[{"name":"wp","href":"https:\/\/api.w.org\/{rel}","templated":true}]}}