{"id":15769,"date":"2020-04-29T13:03:05","date_gmt":"2020-04-29T10:03:05","guid":{"rendered":"https:\/\/www.visitsaimaa.fi\/?page_id=15769"},"modified":"2023-09-07T20:18:01","modified_gmt":"2023-09-07T17:18:01","slug":"varkaus-yllattaa","status":"publish","type":"page","link":"https:\/\/www.visitsaimaa.fi\/fi\/nae-ja-koe\/seudun-parhaat\/varkaus-yllattaa\/","title":{"rendered":"Varkaus yll\u00e4tt\u00e4\u00e4: teollista arkkitehtuuria, mekaanista musiikkia ja tatuointikulttuuria"},"content":{"rendered":"<p>[vc_row][vc_column width=&#8221;1\/2&#8243;][vc_single_image image=&#8221;13091&#8243; img_size=&#8221;full&#8221; css=&#8221;.vc_custom_1653990310441{padding-top: 30px !important;}&#8221;][\/vc_column][vc_column width=&#8221;1\/2&#8243;][vc_column_text]<\/p>\n<h2>Varkaus yll\u00e4tt\u00e4\u00e4: teollista arkkitehtuuria, mekaanista musiikkia ja tatuointikulttuuria<\/h2>\n<p>[\/vc_column_text][vc_separator style=&#8221;dashed&#8221; border_width=&#8221;2&#8243;][vc_column_text]<em>Miten ensimm\u00e4iset tatuoinnit on hakattu ihoon tai musiikkia soitettu kauan ennen Spotifyta? Ent\u00e4 milt\u00e4 maistuu kotimainen kaviaari? Vieraile Varkaudessa ja selvit\u00e4!<\/em><\/p>\n<hr \/>\n<p>Varkauden <a href=\"http:\/\/www.visitvarkaus.fi\/ajanviete\/nahtavyydet\/mekaanisen-musiikin-museo-2\/\" target=\"_blank\" rel=\"noopener noreferrer\"><strong>Mekaanisen Musiikin Museossa<\/strong><\/a> on esill\u00e4 noin 400 ihmeellist\u00e4 instrumenttia ja 7 suurta salia sisustettu eri aikakausien mukaan ajalta ennen digitaalisia \u00e4\u00e4nentoistolaitteita. Kierroksella tulevat tutuiksi itsekseen soittavat pianot, soittorasiat, posetiivit, viulut ja haitarit ja mit\u00e4 kekseli\u00e4imm\u00e4t orkesteriviritelm\u00e4t.<\/p>\n<p>Tatuointialan erikoisuuksia esittelee alan ainoa museo Suomessa,\u00a0<a href=\"http:\/\/www.visitvarkaus.fi\/ajanviete\/nahtavyydet\/tattoo-museo\/\" target=\"_blank\" rel=\"noopener noreferrer\"><strong>Tattoo Museo <\/strong><\/a>Varkaudessa. Sen kansainv\u00e4linen kokoelma koostuu eri aikakausien tatuointikulttuuriin liittyvist\u00e4 v\u00e4lineist\u00e4 ja aineistoista \u2013 niin tatuoijilta, merimiehilt\u00e4, p\u00e4\u00e4kallonmets\u00e4st\u00e4jilt\u00e4, rokkit\u00e4hdilt\u00e4, kuninkaallisilta kuin tavallisilta kansalaisilta.<\/p>\n<p>Vanhan Varkauden idylliset puutalovaltaiset ty\u00f6l\u00e4iskorttelit kertovat kaupungin teollisesta historiasta. Alue on ainutlaatuinen kulttuuriymp\u00e4rist\u00f6 ja sen rakennukset ovat suojeltuja. Tee tunnelmallinen aikamatka Varkauden 1800-luvun historiaan kiert\u00e4m\u00e4ll\u00e4 historiallinen k\u00e4velyreitti, jonka varrella on mm. Niittyl\u00e4n kaksikerroksiset asuntokasarmit, tehtaiden l\u00e4\u00e4k\u00e4reiden asuintalona toiminut Tyysk\u00e4 ja ruukinpatruunaan asuinrakennus Villa. Reitin varrella on\u00a0 my\u00f6s opastuspisteit\u00e4, joiden vanhat valokuvat kertovat Vanhan Varkauden tarinaa.<\/p>\n<p>Saiko Varkaus sinut jo koukkuun? Tutustu lis\u00e4\u00e4 osoitteessa\u00a0<a href=\"http:\/\/www.visitvarkaus.fi\" target=\"_blank\" rel=\"noopener noreferrer\"><strong>visitvarkaus.fi<\/strong><\/a>[\/vc_column_text][\/vc_column][\/vc_row]<\/p>\n","protected":false},"excerpt":{"rendered":"<p>[vc_row][vc_column width=&#8221;1\/2&#8243;][vc_single_image image=&#8221;13091&#8243; img_size=&#8221;full&#8221; css=&#8221;.vc_custom_1653990310441{padding-top: 30px !important;}&#8221;][\/vc_column][vc_column width=&#8221;1\/2&#8243;][vc_column_text] Varkaus yll\u00e4tt\u00e4\u00e4: teollista arkkitehtuuria, mekaanista musiikkia ja tatuointikulttuuria [\/vc_column_text][vc_separator style=&#8221;dashed&#8221; border_width=&#8221;2&#8243;][vc_column_text]Miten ensimm\u00e4iset tatuoinnit on hakattu ihoon tai musiikkia soitettu kauan ennen Spotifyta? [&hellip;]<\/p>\n","protected":false},"author":15,"featured_media":0,"parent":28380,"menu_order":0,"comment_status":"closed","ping_status":"closed","template":"","meta":{"footnotes":""},"relatedcontent":[],"class_list":{"0":"post-15769","1":"page","2":"type-page","3":"status-publish","4":"hentry","6":"priority-3"},"yoast_head":"<!-- This site is optimized with the Yoast SEO Premium plugin v27.3 (Yoast SEO v27.2) - https:\/\/yoast.com\/product\/yoast-seo-premium-wordpress\/ -->\n<title>Varkaus yll\u00e4tt\u00e4\u00e4: teollista arkkitehtuuria, mekaanista musiikkia ja tatuointikulttuuria - Visit Saimaa<\/title>\n<meta name=\"description\" content=\"Varkaus yll\u00e4tt\u00e4\u00e4: teollista arkkitehtuuria, mekaanista musiikkia ja tatuointikulttuuria Miten ensimm\u00e4iset tatuoinnit on hakattu ihoon tai musiikkia\" \/>\n<meta name=\"robots\" content=\"index, follow, max-snippet:-1, max-image-preview:large, max-video-preview:-1\" \/>\n<link rel=\"canonical\" href=\"https:\/\/www.visitsaimaa.fi\/fi\/nae-ja-koe\/seudun-parhaat\/varkaus-yllattaa\/\" \/>\n<meta property=\"og:locale\" content=\"fi_FI\" \/>\n<meta property=\"og:type\" content=\"article\" \/>\n<meta property=\"og:title\" content=\"Varkaus yll\u00e4tt\u00e4\u00e4: teollista arkkitehtuuria, mekaanista musiikkia ja tatuointikulttuuria - Visit Saimaa\" \/>\n<meta property=\"og:description\" content=\"Varkaus yll\u00e4tt\u00e4\u00e4: teollista arkkitehtuuria, mekaanista musiikkia ja tatuointikulttuuria Miten ensimm\u00e4iset tatuoinnit on hakattu ihoon tai musiikkia\" \/>\n<meta property=\"og:url\" content=\"https:\/\/www.visitsaimaa.fi\/fi\/nae-ja-koe\/seudun-parhaat\/varkaus-yllattaa\/\" \/>\n<meta property=\"og:site_name\" content=\"Visit Saimaa\" \/>\n<meta property=\"article:modified_time\" content=\"2023-09-07T17:18:01+00:00\" \/>\n<meta name=\"twitter:label1\" content=\"Arvioitu lukuaika\" \/>\n\t<meta name=\"twitter:data1\" content=\"2 minuuttia\" \/>\n<script type=\"application\/ld+json\" class=\"yoast-schema-graph\">{\"@context\":\"https:\/\/schema.org\",\"@graph\":[{\"@type\":\"WebPage\",\"@id\":\"https:\/\/www.visitsaimaa.fi\/fi\/nae-ja-koe\/seudun-parhaat\/varkaus-yllattaa\/\",\"url\":\"https:\/\/www.visitsaimaa.fi\/fi\/nae-ja-koe\/seudun-parhaat\/varkaus-yllattaa\/\",\"name\":\"Varkaus yll\u00e4tt\u00e4\u00e4: teollista arkkitehtuuria, mekaanista musiikkia ja tatuointikulttuuria - Visit Saimaa\",\"isPartOf\":{\"@id\":\"https:\/\/www.visitsaimaa.fi\/fi\/#website\"},\"datePublished\":\"2020-04-29T10:03:05+00:00\",\"dateModified\":\"2023-09-07T17:18:01+00:00\",\"description\":\"Varkaus yll\u00e4tt\u00e4\u00e4: teollista arkkitehtuuria, mekaanista musiikkia ja tatuointikulttuuria Miten ensimm\u00e4iset tatuoinnit on hakattu ihoon tai musiikkia\",\"breadcrumb\":{\"@id\":\"https:\/\/www.visitsaimaa.fi\/fi\/nae-ja-koe\/seudun-parhaat\/varkaus-yllattaa\/#breadcrumb\"},\"inLanguage\":\"fi\",\"potentialAction\":[{\"@type\":\"ReadAction\",\"target\":[\"https:\/\/www.visitsaimaa.fi\/fi\/nae-ja-koe\/seudun-parhaat\/varkaus-yllattaa\/\"]}]},{\"@type\":\"BreadcrumbList\",\"@id\":\"https:\/\/www.visitsaimaa.fi\/fi\/nae-ja-koe\/seudun-parhaat\/varkaus-yllattaa\/#breadcrumb\",\"itemListElement\":[{\"@type\":\"ListItem\",\"position\":1,\"name\":\"Visit Saimaa\",\"item\":\"https:\/\/www.visitsaimaa.fi\/fi\/\"},{\"@type\":\"ListItem\",\"position\":2,\"name\":\"N\u00e4e ja koe\",\"item\":\"https:\/\/www.visitsaimaa.fi\/fi\/nae-ja-koe\/\"},{\"@type\":\"ListItem\",\"position\":3,\"name\":\"Seudun parhaat\",\"item\":\"https:\/\/www.visitsaimaa.fi\/fi\/nae-ja-koe\/seudun-parhaat\/\"},{\"@type\":\"ListItem\",\"position\":4,\"name\":\"Varkaus yll\u00e4tt\u00e4\u00e4: teollista arkkitehtuuria, mekaanista musiikkia ja tatuointikulttuuria\"}]},{\"@type\":\"WebSite\",\"@id\":\"https:\/\/www.visitsaimaa.fi\/fi\/#website\",\"url\":\"https:\/\/www.visitsaimaa.fi\/fi\/\",\"name\":\"Visit Saimaa\",\"description\":\"The Official Travel Guide of Lakeland Saimaa\",\"potentialAction\":[{\"@type\":\"SearchAction\",\"target\":{\"@type\":\"EntryPoint\",\"urlTemplate\":\"https:\/\/www.visitsaimaa.fi\/fi\/?s={search_term_string}\"},\"query-input\":{\"@type\":\"PropertyValueSpecification\",\"valueRequired\":true,\"valueName\":\"search_term_string\"}}],\"inLanguage\":\"fi\"}]}<\/script>\n<!-- \/ Yoast SEO Premium plugin. -->","yoast_head_json":{"title":"Varkaus yll\u00e4tt\u00e4\u00e4: teollista arkkitehtuuria, mekaanista musiikkia ja tatuointikulttuuria - Visit Saimaa","description":"Varkaus yll\u00e4tt\u00e4\u00e4: teollista arkkitehtuuria, mekaanista musiikkia ja tatuointikulttuuria Miten ensimm\u00e4iset tatuoinnit on hakattu ihoon tai musiikkia","robots":{"index":"index","follow":"follow","max-snippet":"max-snippet:-1","max-image-preview":"max-image-preview:large","max-video-preview":"max-video-preview:-1"},"canonical":"https:\/\/www.visitsaimaa.fi\/fi\/nae-ja-koe\/seudun-parhaat\/varkaus-yllattaa\/","og_locale":"fi_FI","og_type":"article","og_title":"Varkaus yll\u00e4tt\u00e4\u00e4: teollista arkkitehtuuria, mekaanista musiikkia ja tatuointikulttuuria - Visit Saimaa","og_description":"Varkaus yll\u00e4tt\u00e4\u00e4: teollista arkkitehtuuria, mekaanista musiikkia ja tatuointikulttuuria Miten ensimm\u00e4iset tatuoinnit on hakattu ihoon tai musiikkia","og_url":"https:\/\/www.visitsaimaa.fi\/fi\/nae-ja-koe\/seudun-parhaat\/varkaus-yllattaa\/","og_site_name":"Visit Saimaa","article_modified_time":"2023-09-07T17:18:01+00:00","twitter_misc":{"Arvioitu lukuaika":"2 minuuttia"},"schema":{"@context":"https:\/\/schema.org","@graph":[{"@type":"WebPage","@id":"https:\/\/www.visitsaimaa.fi\/fi\/nae-ja-koe\/seudun-parhaat\/varkaus-yllattaa\/","url":"https:\/\/www.visitsaimaa.fi\/fi\/nae-ja-koe\/seudun-parhaat\/varkaus-yllattaa\/","name":"Varkaus yll\u00e4tt\u00e4\u00e4: teollista arkkitehtuuria, mekaanista musiikkia ja tatuointikulttuuria - Visit Saimaa","isPartOf":{"@id":"https:\/\/www.visitsaimaa.fi\/fi\/#website"},"datePublished":"2020-04-29T10:03:05+00:00","dateModified":"2023-09-07T17:18:01+00:00","description":"Varkaus yll\u00e4tt\u00e4\u00e4: teollista arkkitehtuuria, mekaanista musiikkia ja tatuointikulttuuria Miten ensimm\u00e4iset tatuoinnit on hakattu ihoon tai musiikkia","breadcrumb":{"@id":"https:\/\/www.visitsaimaa.fi\/fi\/nae-ja-koe\/seudun-parhaat\/varkaus-yllattaa\/#breadcrumb"},"inLanguage":"fi","potentialAction":[{"@type":"ReadAction","target":["https:\/\/www.visitsaimaa.fi\/fi\/nae-ja-koe\/seudun-parhaat\/varkaus-yllattaa\/"]}]},{"@type":"BreadcrumbList","@id":"https:\/\/www.visitsaimaa.fi\/fi\/nae-ja-koe\/seudun-parhaat\/varkaus-yllattaa\/#breadcrumb","itemListElement":[{"@type":"ListItem","position":1,"name":"Visit Saimaa","item":"https:\/\/www.visitsaimaa.fi\/fi\/"},{"@type":"ListItem","position":2,"name":"N\u00e4e ja koe","item":"https:\/\/www.visitsaimaa.fi\/fi\/nae-ja-koe\/"},{"@type":"ListItem","position":3,"name":"Seudun parhaat","item":"https:\/\/www.visitsaimaa.fi\/fi\/nae-ja-koe\/seudun-parhaat\/"},{"@type":"ListItem","position":4,"name":"Varkaus yll\u00e4tt\u00e4\u00e4: teollista arkkitehtuuria, mekaanista musiikkia ja tatuointikulttuuria"}]},{"@type":"WebSite","@id":"https:\/\/www.visitsaimaa.fi\/fi\/#website","url":"https:\/\/www.visitsaimaa.fi\/fi\/","name":"Visit Saimaa","description":"The Official Travel Guide of Lakeland Saimaa","potentialAction":[{"@type":"SearchAction","target":{"@type":"EntryPoint","urlTemplate":"https:\/\/www.visitsaimaa.fi\/fi\/?s={search_term_string}"},"query-input":{"@type":"PropertyValueSpecification","valueRequired":true,"valueName":"search_term_string"}}],"inLanguage":"fi"}]}},"_links":{"self":[{"href":"https:\/\/www.visitsaimaa.fi\/fi\/wp-json\/wp\/v2\/pages\/15769","targetHints":{"allow":["GET"]}}],"collection":[{"href":"https:\/\/www.visitsaimaa.fi\/fi\/wp-json\/wp\/v2\/pages"}],"about":[{"href":"https:\/\/www.visitsaimaa.fi\/fi\/wp-json\/wp\/v2\/types\/page"}],"author":[{"embeddable":true,"href":"https:\/\/www.visitsaimaa.fi\/fi\/wp-json\/wp\/v2\/users\/15"}],"replies":[{"embeddable":true,"href":"https:\/\/www.visitsaimaa.fi\/fi\/wp-json\/wp\/v2\/comments?post=15769"}],"version-history":[{"count":5,"href":"https:\/\/www.visitsaimaa.fi\/fi\/wp-json\/wp\/v2\/pages\/15769\/revisions"}],"predecessor-version":[{"id":26511,"href":"https:\/\/www.visitsaimaa.fi\/fi\/wp-json\/wp\/v2\/pages\/15769\/revisions\/26511"}],"up":[{"embeddable":true,"href":"https:\/\/www.visitsaimaa.fi\/fi\/wp-json\/wp\/v2\/pages\/28380"}],"wp:attachment":[{"href":"https:\/\/www.visitsaimaa.fi\/fi\/wp-json\/wp\/v2\/media?parent=15769"}],"wp:term":[{"taxonomy":"relatedcontent","embeddable":true,"href":"https:\/\/www.visitsaimaa.fi\/fi\/wp-json\/wp\/v2\/relatedcontent?post=15769"}],"curies":[{"name":"wp","href":"https:\/\/api.w.org\/{rel}","templated":true}]}}