{"id":14882,"date":"2019-12-27T14:22:53","date_gmt":"2019-12-27T12:22:53","guid":{"rendered":"https:\/\/www.visitsaimaa.fi\/?page_id=14882"},"modified":"2021-05-27T13:33:09","modified_gmt":"2021-05-27T10:33:09","slug":"pyhan-olavin-kulttuurireitti","status":"publish","type":"page","link":"https:\/\/www.visitsaimaa.fi\/fi\/reitit\/pyhan-olavin-kulttuurireitti\/","title":{"rendered":"Pyh\u00e4n Olavin kulttuurireitti"},"content":{"rendered":"<p>[vc_row full_width=&#8221;stretch_row_content_no_spaces&#8221;][vc_column]<div class=\"main_header normal\">\n    <figure style=\"background-image: url('https:\/\/www.visitsaimaa.fi\/wp-content\/uploads\/2015\/11\/Finnische-Seenplatte-Sehensw-rdigkeiten-Olavinlinna-1920x584.jpg'); background-position: center center;\"><\/figure>\n    <div class=\"main_header_content\" style=\"\">\n        <div class=\"container\">\n            \n<h1 style=\"text-align: center\">Pyh\u00e4n Olavin kulttuurireitti<\/h1>\n<p class=\"more-118837\" style=\"text-align: center\">Tervetuloa Pyh\u00e4n Olavin j\u00e4ljille!<\/p>\n    \n        <\/div>\n    <\/div><!-- \/.container -->\n<\/div><!-- \/.main_header -->\n\n[\/vc_column][\/vc_row][vc_row gap=&#8221;2&#8243;][vc_column width=&#8221;1\/4&#8243;][\/vc_column][vc_column width=&#8221;1\/2&#8243;][vc_column_text][\/vc_column_text][vc_column_text]<strong>Pyh\u00e4 Olavi j\u00e4tti keskiajalta l\u00e4htien Savonlinnan seudulle vahvat j\u00e4lkens\u00e4, joita voi seurata t\u00e4n\u00e4kin p\u00e4iv\u00e4n\u00e4 el\u00e4vien perinteiden ja kiehtovien matkailukohteiden kautta. Olavinlinna seisoo yh\u00e4 ylv\u00e4\u00e4n\u00e4 kalliosaarellaan, mink\u00e4 lis\u00e4ksi lukuisat patsaat, kirkot, luonnonkohteet ja museoesineet kertovat Savonlinnan monipolvisesta menneisyydest\u00e4 id\u00e4n ja l\u00e4nnen rajamailla.<\/strong>[\/vc_column_text][vc_column_text]Pohjolan t\u00e4rkeimm\u00e4n pyhimyksen perinn\u00f6st\u00e4 ammentava Pyh\u00e4 Olavi -kokonaisuus tarjoaa monipuolisten kohteiden, tuotteiden, palveluiden ja tapahtumien muodossa runsaasti sis\u00e4lt\u00f6\u00e4 Saimaan alueella matkaileville p\u00e4iv\u00e4retkist\u00e4 monip\u00e4iv\u00e4isiin teemamatkoihin saakka. Tai tee vaikka kokonainen pyhiinvaellus l\u00e4pi Suomen Savonlinnasta alkaen!<\/p>\n<p class=\"more-118837\"><a href=\"https:\/\/visitsavonlinna.fi\/kuka-oli-pyha-olavi\/\">Pyh\u00e4\u00e4n Olaviin<\/a> eli viikinkikuningas Olavi Haraldssoniin (995\u20131030) pohjautuva kultti rantautui Saimaan rannoille viimeist\u00e4\u00e4n keskiajalla Olavinlinnan perustamisen my\u00f6t\u00e4. Uusi kristillinen usko eli tosin pitk\u00e4\u00e4n rinnakkain luonnonuskontojen kanssa, mutta \u201dOlliin\u201d tai \u201dUotiin\u201d liittyv\u00e4t perinteet ovat s\u00e4ilyneet l\u00e4pi vuosisatojen erityisen vahvoina juuri Savonlinnan ymp\u00e4rist\u00f6ss\u00e4 \u2013 ehk\u00e4p\u00e4 maailman ainoan Pyh\u00e4n Olavin mukaan nimens\u00e4 saaneen linnan ansiosta.<\/p>\n<p class=\"more-118837\">Nykyisin Olavista muistuttavat mm. monet patsaat ja tapahtumat, joista samalla Savonlinnan kaupunkia juhlistava <a href=\"https:\/\/visitsavonlinna.fi\/pyhan-olavin-paivan-historia\/\">Pyh\u00e4n Olavin p\u00e4iv\u00e4<\/a> 29.7. sek\u00e4 hein\u00e4kuussa juostava Pyh\u00e4n Olavin Maraton kantavat yh\u00e4 Pohjolan suosikkipyhimyksen nime\u00e4. Tiesitk\u00f6 muuten, ett\u00e4 Tallisaaren kuuluisa p\u00e4ssipatsaskin liittyy Pyh\u00e4n Olavin p\u00e4iv\u00e4n juhlintaan?<\/p>\n<p class=\"more-118837\">Lis\u00e4ksi Savonlinnan alueen monet muut mielenkiintoiset n\u00e4ht\u00e4vyydet, kuten Kerim\u00e4elt\u00e4 l\u00f6ytyneet kuppikivet, vanhat kirkkomaat sek\u00e4 Olavin elinaikaan rautakaudelle sijoittuvat esinel\u00f6yd\u00f6t, yhdist\u00e4v\u00e4t seudun \u2013 monipuolista tuote- ja palvelutarjontaa unohtamatta \u2013 vuosisatoja vanhaan yhteispohjoismaiseen perinteeseen. Rakenteilla olevaa kansainv\u00e4list\u00e4 <a href=\"http:\/\/pyhanolavinmannerreitti.fi\/\" target=\"_blank\" rel=\"noopener noreferrer\">Pyh\u00e4n Olavin vaellusreitti\u00e4<\/a> pitkin Savonlinnasta voi seurata Pyh\u00e4n Olavin perint\u00f6\u00e4 aina Norjan Trondheimiin saakka viikinkikuninkaan viimeiselle leposijalle.<\/p>\n<p>[\/vc_column_text][\/vc_column][vc_column width=&#8221;1\/4&#8243;][\/vc_column][\/vc_row]<\/p>\n","protected":false},"excerpt":{"rendered":"<p>[vc_row full_width=&#8221;stretch_row_content_no_spaces&#8221;][vc_column][\/vc_column][\/vc_row][vc_row gap=&#8221;2&#8243;][vc_column width=&#8221;1\/4&#8243;][\/vc_column][vc_column width=&#8221;1\/2&#8243;][vc_column_text][\/vc_column_text][vc_column_text]Pyh\u00e4 Olavi j\u00e4tti keskiajalta l\u00e4htien Savonlinnan seudulle vahvat j\u00e4lkens\u00e4, joita voi seurata t\u00e4n\u00e4kin p\u00e4iv\u00e4n\u00e4 el\u00e4vien perinteiden ja kiehtovien matkailukohteiden kautta. Olavinlinna seisoo yh\u00e4 ylv\u00e4\u00e4n\u00e4 kalliosaarellaan, mink\u00e4 [&hellip;]<\/p>\n","protected":false},"author":53,"featured_media":0,"parent":19879,"menu_order":0,"comment_status":"closed","ping_status":"closed","template":"","meta":{"footnotes":""},"relatedcontent":[],"class_list":{"0":"post-14882","1":"page","2":"type-page","3":"status-publish","4":"hentry","6":"priority-3"},"yoast_head":"<!-- This site is optimized with the Yoast SEO Premium plugin v27.3 (Yoast SEO v27.5) - https:\/\/yoast.com\/product\/yoast-seo-premium-wordpress\/ -->\n<title>Pyh\u00e4n Olavin kulttuurireitti - Visit Saimaa<\/title>\n<meta name=\"description\" content=\"Pyh\u00e4 Olavi j\u00e4tti keskiajalta l\u00e4htien Savonlinnan seudulle vahvat j\u00e4lkens\u00e4, joita voi seurata t\u00e4n\u00e4kin p\u00e4iv\u00e4n\u00e4 el\u00e4vien perinteiden ja kiehtovien\" \/>\n<meta name=\"robots\" content=\"index, follow, max-snippet:-1, max-image-preview:large, max-video-preview:-1\" \/>\n<link rel=\"canonical\" href=\"https:\/\/www.visitsaimaa.fi\/fi\/reitit\/pyhan-olavin-kulttuurireitti\/\" \/>\n<meta property=\"og:locale\" content=\"fi_FI\" \/>\n<meta property=\"og:type\" content=\"article\" \/>\n<meta property=\"og:title\" content=\"Pyh\u00e4n Olavin kulttuurireitti\" \/>\n<meta property=\"og:description\" content=\"Pyh\u00e4 Olavi j\u00e4tti keskiajalta l\u00e4htien Savonlinnan seudulle vahvat j\u00e4lkens\u00e4, joita voi seurata t\u00e4n\u00e4kin p\u00e4iv\u00e4n\u00e4 el\u00e4vien perinteiden ja kiehtovien\" \/>\n<meta property=\"og:url\" content=\"https:\/\/www.visitsaimaa.fi\/fi\/reitit\/pyhan-olavin-kulttuurireitti\/\" \/>\n<meta property=\"og:site_name\" content=\"Visit Saimaa\" \/>\n<meta property=\"article:modified_time\" content=\"2021-05-27T10:33:09+00:00\" \/>\n<meta name=\"twitter:label1\" content=\"Arvioitu lukuaika\" \/>\n\t<meta name=\"twitter:data1\" content=\"2 minuuttia\" \/>\n<script type=\"application\/ld+json\" class=\"yoast-schema-graph\">{\"@context\":\"https:\\\/\\\/schema.org\",\"@graph\":[{\"@type\":\"WebPage\",\"@id\":\"https:\\\/\\\/www.visitsaimaa.fi\\\/fi\\\/reitit\\\/pyhan-olavin-kulttuurireitti\\\/\",\"url\":\"https:\\\/\\\/www.visitsaimaa.fi\\\/fi\\\/reitit\\\/pyhan-olavin-kulttuurireitti\\\/\",\"name\":\"Pyh\u00e4n Olavin kulttuurireitti - Visit Saimaa\",\"isPartOf\":{\"@id\":\"https:\\\/\\\/www.visitsaimaa.fi\\\/fi\\\/#website\"},\"datePublished\":\"2019-12-27T12:22:53+00:00\",\"dateModified\":\"2021-05-27T10:33:09+00:00\",\"description\":\"Pyh\u00e4 Olavi j\u00e4tti keskiajalta l\u00e4htien Savonlinnan seudulle vahvat j\u00e4lkens\u00e4, joita voi seurata t\u00e4n\u00e4kin p\u00e4iv\u00e4n\u00e4 el\u00e4vien perinteiden ja kiehtovien\",\"breadcrumb\":{\"@id\":\"https:\\\/\\\/www.visitsaimaa.fi\\\/fi\\\/reitit\\\/pyhan-olavin-kulttuurireitti\\\/#breadcrumb\"},\"inLanguage\":\"fi\",\"potentialAction\":[{\"@type\":\"ReadAction\",\"target\":[\"https:\\\/\\\/www.visitsaimaa.fi\\\/fi\\\/reitit\\\/pyhan-olavin-kulttuurireitti\\\/\"]}]},{\"@type\":\"BreadcrumbList\",\"@id\":\"https:\\\/\\\/www.visitsaimaa.fi\\\/fi\\\/reitit\\\/pyhan-olavin-kulttuurireitti\\\/#breadcrumb\",\"itemListElement\":[{\"@type\":\"ListItem\",\"position\":1,\"name\":\"Visit Saimaa\",\"item\":\"https:\\\/\\\/www.visitsaimaa.fi\\\/fi\\\/\"},{\"@type\":\"ListItem\",\"position\":2,\"name\":\"Lomasuositukset\",\"item\":\"https:\\\/\\\/www.visitsaimaa.fi\\\/fi\\\/reitit\\\/\"},{\"@type\":\"ListItem\",\"position\":3,\"name\":\"Pyh\u00e4n Olavin kulttuurireitti\"}]},{\"@type\":\"WebSite\",\"@id\":\"https:\\\/\\\/www.visitsaimaa.fi\\\/fi\\\/#website\",\"url\":\"https:\\\/\\\/www.visitsaimaa.fi\\\/fi\\\/\",\"name\":\"Visit Saimaa\",\"description\":\"The Official Travel Guide of Lakeland Saimaa\",\"potentialAction\":[{\"@type\":\"SearchAction\",\"target\":{\"@type\":\"EntryPoint\",\"urlTemplate\":\"https:\\\/\\\/www.visitsaimaa.fi\\\/fi\\\/?s={search_term_string}\"},\"query-input\":{\"@type\":\"PropertyValueSpecification\",\"valueRequired\":true,\"valueName\":\"search_term_string\"}}],\"inLanguage\":\"fi\"}]}<\/script>\n<!-- \/ Yoast SEO Premium plugin. -->","yoast_head_json":{"title":"Pyh\u00e4n Olavin kulttuurireitti - Visit Saimaa","description":"Pyh\u00e4 Olavi j\u00e4tti keskiajalta l\u00e4htien Savonlinnan seudulle vahvat j\u00e4lkens\u00e4, joita voi seurata t\u00e4n\u00e4kin p\u00e4iv\u00e4n\u00e4 el\u00e4vien perinteiden ja kiehtovien","robots":{"index":"index","follow":"follow","max-snippet":"max-snippet:-1","max-image-preview":"max-image-preview:large","max-video-preview":"max-video-preview:-1"},"canonical":"https:\/\/www.visitsaimaa.fi\/fi\/reitit\/pyhan-olavin-kulttuurireitti\/","og_locale":"fi_FI","og_type":"article","og_title":"Pyh\u00e4n Olavin kulttuurireitti","og_description":"Pyh\u00e4 Olavi j\u00e4tti keskiajalta l\u00e4htien Savonlinnan seudulle vahvat j\u00e4lkens\u00e4, joita voi seurata t\u00e4n\u00e4kin p\u00e4iv\u00e4n\u00e4 el\u00e4vien perinteiden ja kiehtovien","og_url":"https:\/\/www.visitsaimaa.fi\/fi\/reitit\/pyhan-olavin-kulttuurireitti\/","og_site_name":"Visit Saimaa","article_modified_time":"2021-05-27T10:33:09+00:00","twitter_misc":{"Arvioitu lukuaika":"2 minuuttia"},"schema":{"@context":"https:\/\/schema.org","@graph":[{"@type":"WebPage","@id":"https:\/\/www.visitsaimaa.fi\/fi\/reitit\/pyhan-olavin-kulttuurireitti\/","url":"https:\/\/www.visitsaimaa.fi\/fi\/reitit\/pyhan-olavin-kulttuurireitti\/","name":"Pyh\u00e4n Olavin kulttuurireitti - Visit Saimaa","isPartOf":{"@id":"https:\/\/www.visitsaimaa.fi\/fi\/#website"},"datePublished":"2019-12-27T12:22:53+00:00","dateModified":"2021-05-27T10:33:09+00:00","description":"Pyh\u00e4 Olavi j\u00e4tti keskiajalta l\u00e4htien Savonlinnan seudulle vahvat j\u00e4lkens\u00e4, joita voi seurata t\u00e4n\u00e4kin p\u00e4iv\u00e4n\u00e4 el\u00e4vien perinteiden ja kiehtovien","breadcrumb":{"@id":"https:\/\/www.visitsaimaa.fi\/fi\/reitit\/pyhan-olavin-kulttuurireitti\/#breadcrumb"},"inLanguage":"fi","potentialAction":[{"@type":"ReadAction","target":["https:\/\/www.visitsaimaa.fi\/fi\/reitit\/pyhan-olavin-kulttuurireitti\/"]}]},{"@type":"BreadcrumbList","@id":"https:\/\/www.visitsaimaa.fi\/fi\/reitit\/pyhan-olavin-kulttuurireitti\/#breadcrumb","itemListElement":[{"@type":"ListItem","position":1,"name":"Visit Saimaa","item":"https:\/\/www.visitsaimaa.fi\/fi\/"},{"@type":"ListItem","position":2,"name":"Lomasuositukset","item":"https:\/\/www.visitsaimaa.fi\/fi\/reitit\/"},{"@type":"ListItem","position":3,"name":"Pyh\u00e4n Olavin kulttuurireitti"}]},{"@type":"WebSite","@id":"https:\/\/www.visitsaimaa.fi\/fi\/#website","url":"https:\/\/www.visitsaimaa.fi\/fi\/","name":"Visit Saimaa","description":"The Official Travel Guide of Lakeland Saimaa","potentialAction":[{"@type":"SearchAction","target":{"@type":"EntryPoint","urlTemplate":"https:\/\/www.visitsaimaa.fi\/fi\/?s={search_term_string}"},"query-input":{"@type":"PropertyValueSpecification","valueRequired":true,"valueName":"search_term_string"}}],"inLanguage":"fi"}]}},"_links":{"self":[{"href":"https:\/\/www.visitsaimaa.fi\/fi\/wp-json\/wp\/v2\/pages\/14882","targetHints":{"allow":["GET"]}}],"collection":[{"href":"https:\/\/www.visitsaimaa.fi\/fi\/wp-json\/wp\/v2\/pages"}],"about":[{"href":"https:\/\/www.visitsaimaa.fi\/fi\/wp-json\/wp\/v2\/types\/page"}],"author":[{"embeddable":true,"href":"https:\/\/www.visitsaimaa.fi\/fi\/wp-json\/wp\/v2\/users\/53"}],"replies":[{"embeddable":true,"href":"https:\/\/www.visitsaimaa.fi\/fi\/wp-json\/wp\/v2\/comments?post=14882"}],"version-history":[{"count":4,"href":"https:\/\/www.visitsaimaa.fi\/fi\/wp-json\/wp\/v2\/pages\/14882\/revisions"}],"predecessor-version":[{"id":20777,"href":"https:\/\/www.visitsaimaa.fi\/fi\/wp-json\/wp\/v2\/pages\/14882\/revisions\/20777"}],"up":[{"embeddable":true,"href":"https:\/\/www.visitsaimaa.fi\/fi\/wp-json\/wp\/v2\/pages\/19879"}],"wp:attachment":[{"href":"https:\/\/www.visitsaimaa.fi\/fi\/wp-json\/wp\/v2\/media?parent=14882"}],"wp:term":[{"taxonomy":"relatedcontent","embeddable":true,"href":"https:\/\/www.visitsaimaa.fi\/fi\/wp-json\/wp\/v2\/relatedcontent?post=14882"}],"curies":[{"name":"wp","href":"https:\/\/api.w.org\/{rel}","templated":true}]}}