{"id":14098,"date":"2019-09-25T14:51:58","date_gmt":"2019-09-25T11:51:58","guid":{"rendered":"https:\/\/www.visitsaimaa.fi\/?page_id=14098"},"modified":"2019-10-17T15:03:45","modified_gmt":"2019-10-17T12:03:45","slug":"loikansaaren-lomamokit","status":"publish","type":"page","link":"https:\/\/www.visitsaimaa.fi\/fi\/saimaan-charmantit\/loikansaaren-lomamokit\/","title":{"rendered":"Loikansaaren lomam\u00f6kit"},"content":{"rendered":"<p>[vc_row full_width=&#8221;stretch_row_content&#8221; parallax=&#8221;content-moving-fade&#8221; parallax_image=&#8221;14099&#8243; css=&#8221;.vc_custom_1569566040944{padding-top: 700px !important;}&#8221;][vc_column][\/vc_column][\/vc_row][vc_row][vc_column][vc_column_text]<\/p>\n<h1 style=\"text-align: center\">Loikansaaren lomam\u00f6kit<\/h1>\n<p style=\"text-align: center\"><strong>Loikansaari on idyllinen maaseudun lomapaikka aivan Savonlinnan saariston ytimess\u00e4. Meill\u00e4 nautit aidosta suomalaisesta m\u00f6kkiel\u00e4m\u00e4st\u00e4 ja eri vuodenaikojen kiehtovuudesta Saimaan j\u00e4rviluonnossa. Country henkiset m\u00f6kit ja tasokkaat huvilat sijaitsevat Loikansaaren kartanon mailla, jolla on pitk\u00e4 historia yhten\u00e4 alueen vanhimpana asuinpaikkana.<\/strong><\/p>\n<h2 style=\"text-align: center\">Rantahuvilat avarilla maisemilla<\/h2>\n<p>Rantahuvila on valintasi, jos kaipaat perinteisen suomalaisen m\u00f6kkiel\u00e4m\u00e4n lis\u00e4ksi loma-asumiseesi tilaa, tasokkuutta ja yksityisyytt\u00e4. Rantahuvilalla koet olevasi keskell\u00e4 kauneinta Saimaan saaristoluontoa.<\/p>\n<p>Rantahuvilat majoittavat lomalaisia ymp\u00e4rivuoden. Ne sijaitsevat n. 1 km p\u00e4\u00e4ss\u00e4 Loikansaaren kartanolta saaren It\u00e4-p\u00e4\u00e4ss\u00e4 rauhallisessa Hoviniemess\u00e4. Huvilat ovat jyhke\u00e4\u00e4 h\u00f6yl\u00e4hirtt\u00e4 ja edustavat suomalaista hirsirakentamista parhaimmillaan. Rakennusmateriaalit ovat suomalaista puuta ja tiilt\u00e4. Sisustuksissa on k\u00e4ytetty kotimaisten designerien tuotteita. Kodikas tupakeitti\u00f6 ratkaisu ja varaava takka tuovat tunnelmaa ja mukavuutta etenkin kylm\u00e4najan m\u00f6kkeilyyn. Tilavat kuistit j\u00e4rvelle p\u00e4in houkuttelevat kes\u00e4isin ruokailemaan ulkona.<\/p>\n<p>Saunat ovat k\u00e4tev\u00e4sti saman katon alla. Ne ovat reilun kokoisia ja puul\u00e4mmitteisi\u00e4, l\u00f6ylyt ovat pehme\u00e4t eik\u00e4 ilma lopu kesken. Saunasta p\u00e4\u00e4set suoraan uimaan, sill\u00e4 huvilat on rakennettu mahdollisimman l\u00e4helle rantaa. J\u00e4rvimaisemat ovat todella upeat. Huviloilta avautuu avara maisema isolle Haapaveden sel\u00e4lle. Rantahuviloistamme ei ole suoraa n\u00e4k\u00f6yhteytt\u00e4 naapuriin, saat olla piilopirtiss\u00e4si kaikessa rauhassa. Huvilaan kuuluu nurmikkoista ja luonnonmukaista piha-aluetta, ulkorakennus\/varasto polttopuineen, nuotiopaikka, kovapohjainen uimaranta ja soutuvene.<\/p>\n<h2 style=\"text-align: center\"><strong>Rantam\u00f6kit omalla erillisell\u00e4 rantasaunalla<\/strong><\/h2>\n<p>Rantam\u00f6kki sopii sinulle, joka haet lomaltasi perinteist\u00e4 kodikasta Suomalaista m\u00f6kkiel\u00e4m\u00e4\u00e4 h\u00f6ystettyn\u00e4 kaikin mukavuuksin. Rantam\u00f6keill\u00e4 koet aidon luonnonl\u00e4heisen loman Saimaan j\u00e4rviluonnossa.<\/p>\n<p>Rantam\u00f6kit majoittavat lomalaisia kev\u00e4\u00e4st\u00e4 pitk\u00e4lle syksyyn. Ne sijaitsevat n. 1 km p\u00e4\u00e4ss\u00e4 Loikansaaren kartanolta omalla alueellaan luonnonkauniissa Hirviniemess\u00e4. M\u00f6kit ovat tyylilt\u00e4\u00e4n maalaishenkisi\u00e4 ns. \u2018punainen tupa\u2019 &#8211; m\u00f6kkej\u00e4 pirtinp\u00f6ytineen ja tiilitakkoineen. M\u00f6kkien rakennusmateriaalina on suosittu kotimaista puuta ja tiilt\u00e4. Rantam\u00f6kkien pohjaratkaisut ovat tehokkaat ja my\u00f6s sisustuksissa suomalaisuus on perusarvona. M\u00f6kit ovat peruskorjattu ja varustettu kaikilla mukavuuksilla. Jokaisella m\u00f6kill\u00e4 on oma erillinen rantasauna ja pukuhuone ja tietenkin uimaranta. Saunat ovat perinteisi\u00e4 puul\u00e4mmitteisi\u00e4 saunoja, joista irtoaa tunnetusti pehme\u00e4t l\u00f6ylyt. L\u00f6ylyist\u00e4 voit pulahtaa suoraan uimaan. J\u00e4rvimaisemat rantasaunoilta ovat pys\u00e4hdytt\u00e4v\u00e4n kauniit. Rantam\u00f6kiss\u00e4 lomailet omassa rauhassa j\u00e4rviluonnon ymp\u00e4r\u00f6im\u00e4n\u00e4.<\/p>\n<p>M\u00f6kkiin kuuluu luonnonmukainen pieni piha-alue, nuotiopaikka. Kovapohjainen uimaranta ja soutuvene.<\/p>\n<h2 style=\"text-align: center\"><strong>Veneily\u00e4, py\u00f6r\u00e4ily\u00e4 ja patikointia<\/strong><\/h2>\n<p>Vuokraamme moottoriveneit\u00e4 ja maastopy\u00f6ri\u00e4 sek\u00e4 p\u00e4iv\u00e4k\u00e4ytt\u00f6\u00f6n, ett\u00e4 pidemm\u00e4ksikin ajaksi. Sijaintimme on ihanteellinen veneretkeilyyn saaristoalueella. Meilt\u00e4 voi k\u00e4yd\u00e4 k\u00e4tev\u00e4sti veneell\u00e4 my\u00f6s kaupungissa ostoksilla, torilla tai vaikkapa cityajelulla Savonlinnan ymp\u00e4ri. Vesiteitse matkaa kaupunkiin on 10 km. Useimmat l\u00e4htev\u00e4t maisema-ajelulle kiert\u00e4en l\u00e4heisen rakentamattoman Tihe\u00e4saaren. Jos onni suo voi matkalla bongata Saimaannorpan k\u00f6ll\u00f6ttelem\u00e4ss\u00e4 rantakalliolla. Veneemme soveltuvat hyvin my\u00f6s kalastukseen. Py\u00f6rill\u00e4 voi kurvailla saaren vieh\u00e4tt\u00e4vi\u00e4 hiekkateit\u00e4 pitkin ja Savonlinnaankin saakka, jonne matkaa 16 km. Huvila- ja m\u00f6kkialueita yhdist\u00e4\u00e4 noin 4 km mittainen luontopolku. Polun varrella on turvallista marjastaa, sienest\u00e4\u00e4 tai muuten vain nauttia maisemista.<\/p>\n<h2 style=\"text-align: center\"><strong>Loikansaareen palataan uudelleen<\/strong><\/h2>\n<p>Loikansaari tunnetaan tasokkaana ja luotettavana m\u00f6kkivuokrausyrityksen\u00e4. Kansainv\u00e4list\u00e4 lomatoimintaa tilalla on ollut jo yli 45 vuoden ajan. Vuosien saatossa yritykselle on muodostunut suuri vakiasiakaskunta, jotka haluavat palata vuosi toisensa j\u00e4lkeen lomailemaan tuttuun ymp\u00e4rist\u00f6\u00f6n. Samat perheet palaavat jo jopa kolmannessa polvessa. Aikaisemmat hyv\u00e4t lomakokemukset ja muistot ovat muodostaneet useille tunnesiteen paikkaan. \u201dSyd\u00e4n t\u00e4nne on j\u00e4\u00e4nyt, eik\u00e4 takaisin saa\u201d: sanoi er\u00e4skin rouva.<\/p>\n<p>Loikansaari on hyv\u00e4 vaihtoehto oman loma-asunnon omistamiselle. Maksat vain siit\u00e4 ajasta, jonka m\u00f6kill\u00e4 tai huvilalla viet\u00e4t. \u00a0Ei ole huolia huoltot\u00f6ist\u00e4, vaan p\u00e4\u00e4set suoraan nauttimaan m\u00f6kkeilyn parhaista paloista. N\u00e4it\u00e4 asioita moni hektisess\u00e4 ty\u00f6el\u00e4m\u00e4ss\u00e4 kiinni oleva arvostaa.[\/vc_column_text][vc_single_image image=&#8221;14363&#8243; img_size=&#8221;&#8221; alignment=&#8221;center&#8221;][\/vc_column][\/vc_row][vc_row][vc_column width=&#8221;1\/4&#8243;][vc_single_image image=&#8221;14111&#8243; img_size=&#8221;500&#215;500&#8243; onclick=&#8221;link_image&#8221;][\/vc_column][vc_column width=&#8221;1\/4&#8243;][vc_single_image image=&#8221;14103&#8243; img_size=&#8221;500&#215;500&#8243; onclick=&#8221;link_image&#8221;][\/vc_column][vc_column width=&#8221;1\/4&#8243;][vc_single_image image=&#8221;14107&#8243; img_size=&#8221;500&#215;500&#8243; onclick=&#8221;link_image&#8221;][\/vc_column][vc_column width=&#8221;1\/4&#8243;][vc_single_image image=&#8221;14115&#8243; img_size=&#8221;500&#215;500&#8243; onclick=&#8221;link_image&#8221;][\/vc_column][\/vc_row][vc_row full_width=&#8221;stretch_row&#8221; css=&#8221;.vc_custom_1569411630923{padding-top: 50px !important;padding-bottom: 50px !important;background-color: #efefef !important;}&#8221;][vc_column][vc_column_text]<\/p>\n<p style=\"text-align: center\"><strong>Loikansaaren lomam\u00f6kit<\/strong><br \/>\nLoikansaarentie 430<br \/>\n58810 Kallislahti<br \/>\n+358 44 0640116<br \/>\nlomamokit@loikansaari.fi<\/p>\n<p style=\"text-align: center\">Avoinna ymp\u00e4ri vuoden.<\/p>\n<p style=\"text-align: center\"><a href=\"http:\/\/www.loikansaari.fi\/\">www.loikansaari.fi<\/a><br \/>\n<a href=\"https:\/\/www.facebook.com\/loikansaari\">Facebook<\/a>[\/vc_column_text][\/vc_column][\/vc_row]<\/p>\n","protected":false},"excerpt":{"rendered":"<p>[vc_row full_width=&#8221;stretch_row_content&#8221; parallax=&#8221;content-moving-fade&#8221; parallax_image=&#8221;14099&#8243; css=&#8221;.vc_custom_1569566040944{padding-top: 700px !important;}&#8221;][vc_column][\/vc_column][\/vc_row][vc_row][vc_column][vc_column_text] Loikansaaren lomam\u00f6kit Loikansaari on idyllinen maaseudun lomapaikka aivan Savonlinnan saariston ytimess\u00e4. Meill\u00e4 nautit aidosta suomalaisesta m\u00f6kkiel\u00e4m\u00e4st\u00e4 ja eri vuodenaikojen kiehtovuudesta Saimaan j\u00e4rviluonnossa. Country [&hellip;]<\/p>\n","protected":false},"author":46,"featured_media":0,"parent":13297,"menu_order":0,"comment_status":"closed","ping_status":"closed","template":"","meta":{"footnotes":""},"relatedcontent":[],"class_list":{"0":"post-14098","1":"page","2":"type-page","3":"status-publish","4":"hentry","6":"priority-3"},"yoast_head":"<!-- This site is optimized with the Yoast SEO Premium plugin v27.3 (Yoast SEO v27.5) - https:\/\/yoast.com\/product\/yoast-seo-premium-wordpress\/ -->\n<title>Loikansaaren lomam\u00f6kit - Visit Saimaa<\/title>\n<meta name=\"description\" content=\"Loikansaaren lomam\u00f6kit Loikansaari on idyllinen maaseudun lomapaikka aivan Savonlinnan saariston ytimess\u00e4. Meill\u00e4 nautit aidosta suomalaisesta\" \/>\n<meta name=\"robots\" content=\"index, follow, max-snippet:-1, max-image-preview:large, max-video-preview:-1\" \/>\n<link rel=\"canonical\" href=\"https:\/\/www.visitsaimaa.fi\/fi\/saimaan-charmantit\/loikansaaren-lomamokit\/\" \/>\n<meta property=\"og:locale\" content=\"fi_FI\" \/>\n<meta property=\"og:type\" content=\"article\" \/>\n<meta property=\"og:title\" content=\"Loikansaaren lomam\u00f6kit\" \/>\n<meta property=\"og:description\" content=\"Loikansaaren lomam\u00f6kit Loikansaari on idyllinen maaseudun lomapaikka aivan Savonlinnan saariston ytimess\u00e4. Meill\u00e4 nautit aidosta suomalaisesta\" \/>\n<meta property=\"og:url\" content=\"https:\/\/www.visitsaimaa.fi\/fi\/saimaan-charmantit\/loikansaaren-lomamokit\/\" \/>\n<meta property=\"og:site_name\" content=\"Visit Saimaa\" \/>\n<meta property=\"article:modified_time\" content=\"2019-10-17T12:03:45+00:00\" \/>\n<meta name=\"twitter:label1\" content=\"Arvioitu lukuaika\" \/>\n\t<meta name=\"twitter:data1\" content=\"4 minuuttia\" \/>\n<script type=\"application\/ld+json\" class=\"yoast-schema-graph\">{\"@context\":\"https:\\\/\\\/schema.org\",\"@graph\":[{\"@type\":\"WebPage\",\"@id\":\"https:\\\/\\\/www.visitsaimaa.fi\\\/fi\\\/saimaan-charmantit\\\/loikansaaren-lomamokit\\\/\",\"url\":\"https:\\\/\\\/www.visitsaimaa.fi\\\/fi\\\/saimaan-charmantit\\\/loikansaaren-lomamokit\\\/\",\"name\":\"Loikansaaren lomam\u00f6kit - Visit Saimaa\",\"isPartOf\":{\"@id\":\"https:\\\/\\\/www.visitsaimaa.fi\\\/fi\\\/#website\"},\"datePublished\":\"2019-09-25T11:51:58+00:00\",\"dateModified\":\"2019-10-17T12:03:45+00:00\",\"description\":\"Loikansaaren lomam\u00f6kit Loikansaari on idyllinen maaseudun lomapaikka aivan Savonlinnan saariston ytimess\u00e4. Meill\u00e4 nautit aidosta suomalaisesta\",\"breadcrumb\":{\"@id\":\"https:\\\/\\\/www.visitsaimaa.fi\\\/fi\\\/saimaan-charmantit\\\/loikansaaren-lomamokit\\\/#breadcrumb\"},\"inLanguage\":\"fi\",\"potentialAction\":[{\"@type\":\"ReadAction\",\"target\":[\"https:\\\/\\\/www.visitsaimaa.fi\\\/fi\\\/saimaan-charmantit\\\/loikansaaren-lomamokit\\\/\"]}]},{\"@type\":\"BreadcrumbList\",\"@id\":\"https:\\\/\\\/www.visitsaimaa.fi\\\/fi\\\/saimaan-charmantit\\\/loikansaaren-lomamokit\\\/#breadcrumb\",\"itemListElement\":[{\"@type\":\"ListItem\",\"position\":1,\"name\":\"Visit Saimaa\",\"item\":\"https:\\\/\\\/www.visitsaimaa.fi\\\/fi\\\/\"},{\"@type\":\"ListItem\",\"position\":2,\"name\":\"Saimaan Charmantit\",\"item\":\"https:\\\/\\\/www.visitsaimaa.fi\\\/fi\\\/saimaan-charmantit\\\/\"},{\"@type\":\"ListItem\",\"position\":3,\"name\":\"Loikansaaren lomam\u00f6kit\"}]},{\"@type\":\"WebSite\",\"@id\":\"https:\\\/\\\/www.visitsaimaa.fi\\\/fi\\\/#website\",\"url\":\"https:\\\/\\\/www.visitsaimaa.fi\\\/fi\\\/\",\"name\":\"Visit Saimaa\",\"description\":\"The Official Travel Guide of Lakeland Saimaa\",\"potentialAction\":[{\"@type\":\"SearchAction\",\"target\":{\"@type\":\"EntryPoint\",\"urlTemplate\":\"https:\\\/\\\/www.visitsaimaa.fi\\\/fi\\\/?s={search_term_string}\"},\"query-input\":{\"@type\":\"PropertyValueSpecification\",\"valueRequired\":true,\"valueName\":\"search_term_string\"}}],\"inLanguage\":\"fi\"}]}<\/script>\n<!-- \/ Yoast SEO Premium plugin. -->","yoast_head_json":{"title":"Loikansaaren lomam\u00f6kit - Visit Saimaa","description":"Loikansaaren lomam\u00f6kit Loikansaari on idyllinen maaseudun lomapaikka aivan Savonlinnan saariston ytimess\u00e4. Meill\u00e4 nautit aidosta suomalaisesta","robots":{"index":"index","follow":"follow","max-snippet":"max-snippet:-1","max-image-preview":"max-image-preview:large","max-video-preview":"max-video-preview:-1"},"canonical":"https:\/\/www.visitsaimaa.fi\/fi\/saimaan-charmantit\/loikansaaren-lomamokit\/","og_locale":"fi_FI","og_type":"article","og_title":"Loikansaaren lomam\u00f6kit","og_description":"Loikansaaren lomam\u00f6kit Loikansaari on idyllinen maaseudun lomapaikka aivan Savonlinnan saariston ytimess\u00e4. Meill\u00e4 nautit aidosta suomalaisesta","og_url":"https:\/\/www.visitsaimaa.fi\/fi\/saimaan-charmantit\/loikansaaren-lomamokit\/","og_site_name":"Visit Saimaa","article_modified_time":"2019-10-17T12:03:45+00:00","twitter_misc":{"Arvioitu lukuaika":"4 minuuttia"},"schema":{"@context":"https:\/\/schema.org","@graph":[{"@type":"WebPage","@id":"https:\/\/www.visitsaimaa.fi\/fi\/saimaan-charmantit\/loikansaaren-lomamokit\/","url":"https:\/\/www.visitsaimaa.fi\/fi\/saimaan-charmantit\/loikansaaren-lomamokit\/","name":"Loikansaaren lomam\u00f6kit - Visit Saimaa","isPartOf":{"@id":"https:\/\/www.visitsaimaa.fi\/fi\/#website"},"datePublished":"2019-09-25T11:51:58+00:00","dateModified":"2019-10-17T12:03:45+00:00","description":"Loikansaaren lomam\u00f6kit Loikansaari on idyllinen maaseudun lomapaikka aivan Savonlinnan saariston ytimess\u00e4. Meill\u00e4 nautit aidosta suomalaisesta","breadcrumb":{"@id":"https:\/\/www.visitsaimaa.fi\/fi\/saimaan-charmantit\/loikansaaren-lomamokit\/#breadcrumb"},"inLanguage":"fi","potentialAction":[{"@type":"ReadAction","target":["https:\/\/www.visitsaimaa.fi\/fi\/saimaan-charmantit\/loikansaaren-lomamokit\/"]}]},{"@type":"BreadcrumbList","@id":"https:\/\/www.visitsaimaa.fi\/fi\/saimaan-charmantit\/loikansaaren-lomamokit\/#breadcrumb","itemListElement":[{"@type":"ListItem","position":1,"name":"Visit Saimaa","item":"https:\/\/www.visitsaimaa.fi\/fi\/"},{"@type":"ListItem","position":2,"name":"Saimaan Charmantit","item":"https:\/\/www.visitsaimaa.fi\/fi\/saimaan-charmantit\/"},{"@type":"ListItem","position":3,"name":"Loikansaaren lomam\u00f6kit"}]},{"@type":"WebSite","@id":"https:\/\/www.visitsaimaa.fi\/fi\/#website","url":"https:\/\/www.visitsaimaa.fi\/fi\/","name":"Visit Saimaa","description":"The Official Travel Guide of Lakeland Saimaa","potentialAction":[{"@type":"SearchAction","target":{"@type":"EntryPoint","urlTemplate":"https:\/\/www.visitsaimaa.fi\/fi\/?s={search_term_string}"},"query-input":{"@type":"PropertyValueSpecification","valueRequired":true,"valueName":"search_term_string"}}],"inLanguage":"fi"}]}},"_links":{"self":[{"href":"https:\/\/www.visitsaimaa.fi\/fi\/wp-json\/wp\/v2\/pages\/14098","targetHints":{"allow":["GET"]}}],"collection":[{"href":"https:\/\/www.visitsaimaa.fi\/fi\/wp-json\/wp\/v2\/pages"}],"about":[{"href":"https:\/\/www.visitsaimaa.fi\/fi\/wp-json\/wp\/v2\/types\/page"}],"author":[{"embeddable":true,"href":"https:\/\/www.visitsaimaa.fi\/fi\/wp-json\/wp\/v2\/users\/46"}],"replies":[{"embeddable":true,"href":"https:\/\/www.visitsaimaa.fi\/fi\/wp-json\/wp\/v2\/comments?post=14098"}],"version-history":[{"count":0,"href":"https:\/\/www.visitsaimaa.fi\/fi\/wp-json\/wp\/v2\/pages\/14098\/revisions"}],"up":[{"embeddable":true,"href":"https:\/\/www.visitsaimaa.fi\/fi\/wp-json\/wp\/v2\/pages\/13297"}],"wp:attachment":[{"href":"https:\/\/www.visitsaimaa.fi\/fi\/wp-json\/wp\/v2\/media?parent=14098"}],"wp:term":[{"taxonomy":"relatedcontent","embeddable":true,"href":"https:\/\/www.visitsaimaa.fi\/fi\/wp-json\/wp\/v2\/relatedcontent?post=14098"}],"curies":[{"name":"wp","href":"https:\/\/api.w.org\/{rel}","templated":true}]}}