{"id":14071,"date":"2019-09-25T14:39:01","date_gmt":"2019-09-25T11:39:01","guid":{"rendered":"https:\/\/www.visitsaimaa.fi\/?page_id=14071"},"modified":"2019-09-27T14:52:31","modified_gmt":"2019-09-27T11:52:31","slug":"s-s-punkaharju","status":"publish","type":"page","link":"https:\/\/www.visitsaimaa.fi\/fi\/saimaan-charmantit\/s-s-punkaharju\/","title":{"rendered":"s\/s Punkaharju"},"content":{"rendered":"<p>[vc_row full_width=&#8221;stretch_row_content_no_spaces&#8221; parallax=&#8221;content-moving-fade&#8221; parallax_image=&#8221;14381&#8243; css=&#8221;.vc_custom_1569585112176{padding-top: 700px !important;}&#8221;][vc_column][\/vc_column][\/vc_row][vc_row][vc_column][vc_column_text]<\/p>\n<h1 style=\"text-align: center\">s\/s Punkaharju<\/h1>\n<p style=\"text-align: center\"><strong>s\/s Punkaharju on 115-vuotias Saimaan kaunotar, joka vie sinut \u00a0perinteiselle h\u00f6yrylaivaristeilylle saimaannorpan valtakuntaan. N\u00e4e keskiaikainen Olavinlinna ja tee matkaa nauttien aidosta kes\u00e4tunnelmasta.<\/strong><\/p>\n<h2 style=\"text-align: center\">Astu laivaan!<\/h2>\n<p style=\"text-align: center\">J\u00e4rjest\u00e4mme laadukkaat <strong>h\u00f6yrylaivaristeilyt<\/strong> 30 vuoden kokemuksella Savonlinnassa ja Saimaalla! Kokemuksemme erilaisten risteilyjen j\u00e4rjest\u00e4misest\u00e4 takaa viihtyis\u00e4n ja el\u00e4myksellinen matkan jokaiselle. Labyrinttimainen Saimaa tuhansine saarineen ja kapeikkoineen, keskiaikainen Olavinlinna, kansallispuistot ja saimaannorppa. Koe se kaikki risteillen ja kes\u00e4isest\u00e4 p\u00e4iv\u00e4st\u00e4 nauttien.<\/p>\n<p style=\"text-align: center\">Herkuttelijoille on tarjolla monipuolinen menu tuoreena laivan keitti\u00f6st\u00e4. S\/S Punkaharjun maisemaristeilyt matkustajasatamasta aikataulun mukaan joka p\u00e4iv\u00e4 kes\u00e4-elokuussa. Tilausristeilyt suunnitellaan aina mittatilausty\u00f6n\u00e4 asiakkaan toivomusten mukaisesti. Tervetuloa h\u00f6yrylaivaristeilylle!<\/p>\n<p>[\/vc_column_text][vc_single_image image=&#8221;14363&#8243; img_size=&#8221;&#8221; alignment=&#8221;center&#8221;][\/vc_column][\/vc_row][vc_row][vc_column width=&#8221;1\/5&#8243;][vc_single_image image=&#8221;14093&#8243; img_size=&#8221;500&#215;500&#8243; onclick=&#8221;link_image&#8221;][\/vc_column][vc_column width=&#8221;1\/5&#8243;][vc_single_image image=&#8221;14077&#8243; img_size=&#8221;500&#215;500&#8243; onclick=&#8221;link_image&#8221;][\/vc_column][vc_column width=&#8221;1\/5&#8243;][vc_single_image image=&#8221;14081&#8243; img_size=&#8221;500&#215;500&#8243; onclick=&#8221;link_image&#8221;][\/vc_column][vc_column width=&#8221;1\/5&#8243;][vc_single_image image=&#8221;14085&#8243; img_size=&#8221;500&#215;500&#8243; onclick=&#8221;link_image&#8221;][\/vc_column][vc_column width=&#8221;1\/5&#8243;][vc_single_image image=&#8221;14089&#8243; img_size=&#8221;500&#215;500&#8243; onclick=&#8221;link_image&#8221;][\/vc_column][\/vc_row][vc_row full_width=&#8221;stretch_row&#8221; css=&#8221;.vc_custom_1569410585089{padding-top: 50px !important;padding-bottom: 50px !important;background-color: #efefef !important;}&#8221;][vc_column][vc_column_text]<\/p>\n<p style=\"text-align: center\"><strong>s\/s Punkaharju<\/strong><br \/>\nSatamapuistonkatu<br \/>\n57130 Savonlinna<br \/>\n0503682287<br \/>\njanne.leinonen@vipcruise.info<\/p>\n<p style=\"text-align: center\">Avoinna kes\u00e4kauden.<\/p>\n<p style=\"text-align: center\"><a href=\"http:\/\/www.vipcruise.info\/\">www.vipcruise.info<\/a><br \/>\n<a href=\"https:\/\/www.instagram.com\/ss_punkaharju_official\">Instagram<\/a><br \/>\n<a href=\"https:\/\/www.facebook.com\/ssPunkaharju\">Facebook<\/a>[\/vc_column_text][\/vc_column][\/vc_row]<\/p>\n","protected":false},"excerpt":{"rendered":"<p>[vc_row full_width=&#8221;stretch_row_content_no_spaces&#8221; parallax=&#8221;content-moving-fade&#8221; parallax_image=&#8221;14381&#8243; css=&#8221;.vc_custom_1569585112176{padding-top: 700px !important;}&#8221;][vc_column][\/vc_column][\/vc_row][vc_row][vc_column][vc_column_text] s\/s Punkaharju s\/s Punkaharju on 115-vuotias Saimaan kaunotar, joka vie sinut \u00a0perinteiselle h\u00f6yrylaivaristeilylle saimaannorpan valtakuntaan. N\u00e4e keskiaikainen Olavinlinna ja tee matkaa nauttien aidosta [&hellip;]<\/p>\n","protected":false},"author":46,"featured_media":0,"parent":13297,"menu_order":0,"comment_status":"closed","ping_status":"closed","template":"","meta":{"footnotes":""},"relatedcontent":[],"class_list":{"0":"post-14071","1":"page","2":"type-page","3":"status-publish","4":"hentry","6":"priority-3"},"yoast_head":"<!-- This site is optimized with the Yoast SEO Premium plugin v27.3 (Yoast SEO v27.4) - https:\/\/yoast.com\/product\/yoast-seo-premium-wordpress\/ -->\n<title>s\/s Punkaharju - Visit Saimaa<\/title>\n<meta name=\"description\" content=\"s\/s Punkaharju s\/s Punkaharju on 115-vuotias Saimaan kaunotar, joka vie sinut \u00a0perinteiselle h\u00f6yrylaivaristeilylle saimaannorpan valtakuntaan. N\u00e4e\" \/>\n<meta name=\"robots\" content=\"index, follow, max-snippet:-1, max-image-preview:large, max-video-preview:-1\" \/>\n<link rel=\"canonical\" href=\"https:\/\/www.visitsaimaa.fi\/fi\/saimaan-charmantit\/s-s-punkaharju\/\" \/>\n<meta property=\"og:locale\" content=\"fi_FI\" \/>\n<meta property=\"og:type\" content=\"article\" \/>\n<meta property=\"og:title\" content=\"s\/s Punkaharju\" \/>\n<meta property=\"og:description\" content=\"s\/s Punkaharju s\/s Punkaharju on 115-vuotias Saimaan kaunotar, joka vie sinut \u00a0perinteiselle h\u00f6yrylaivaristeilylle saimaannorpan valtakuntaan. N\u00e4e\" \/>\n<meta property=\"og:url\" content=\"https:\/\/www.visitsaimaa.fi\/fi\/saimaan-charmantit\/s-s-punkaharju\/\" \/>\n<meta property=\"og:site_name\" content=\"Visit Saimaa\" \/>\n<meta property=\"article:modified_time\" content=\"2019-09-27T11:52:31+00:00\" \/>\n<meta name=\"twitter:label1\" content=\"Arvioitu lukuaika\" \/>\n\t<meta name=\"twitter:data1\" content=\"1 minuutti\" \/>\n<script type=\"application\/ld+json\" class=\"yoast-schema-graph\">{\"@context\":\"https:\\\/\\\/schema.org\",\"@graph\":[{\"@type\":\"WebPage\",\"@id\":\"https:\\\/\\\/www.visitsaimaa.fi\\\/fi\\\/saimaan-charmantit\\\/s-s-punkaharju\\\/\",\"url\":\"https:\\\/\\\/www.visitsaimaa.fi\\\/fi\\\/saimaan-charmantit\\\/s-s-punkaharju\\\/\",\"name\":\"s\\\/s Punkaharju - Visit Saimaa\",\"isPartOf\":{\"@id\":\"https:\\\/\\\/www.visitsaimaa.fi\\\/fi\\\/#website\"},\"datePublished\":\"2019-09-25T11:39:01+00:00\",\"dateModified\":\"2019-09-27T11:52:31+00:00\",\"description\":\"s\\\/s Punkaharju s\\\/s Punkaharju on 115-vuotias Saimaan kaunotar, joka vie sinut \u00a0perinteiselle h\u00f6yrylaivaristeilylle saimaannorpan valtakuntaan. N\u00e4e\",\"breadcrumb\":{\"@id\":\"https:\\\/\\\/www.visitsaimaa.fi\\\/fi\\\/saimaan-charmantit\\\/s-s-punkaharju\\\/#breadcrumb\"},\"inLanguage\":\"fi\",\"potentialAction\":[{\"@type\":\"ReadAction\",\"target\":[\"https:\\\/\\\/www.visitsaimaa.fi\\\/fi\\\/saimaan-charmantit\\\/s-s-punkaharju\\\/\"]}]},{\"@type\":\"BreadcrumbList\",\"@id\":\"https:\\\/\\\/www.visitsaimaa.fi\\\/fi\\\/saimaan-charmantit\\\/s-s-punkaharju\\\/#breadcrumb\",\"itemListElement\":[{\"@type\":\"ListItem\",\"position\":1,\"name\":\"Visit Saimaa\",\"item\":\"https:\\\/\\\/www.visitsaimaa.fi\\\/fi\\\/\"},{\"@type\":\"ListItem\",\"position\":2,\"name\":\"Saimaan Charmantit\",\"item\":\"https:\\\/\\\/www.visitsaimaa.fi\\\/fi\\\/saimaan-charmantit\\\/\"},{\"@type\":\"ListItem\",\"position\":3,\"name\":\"s\\\/s Punkaharju\"}]},{\"@type\":\"WebSite\",\"@id\":\"https:\\\/\\\/www.visitsaimaa.fi\\\/fi\\\/#website\",\"url\":\"https:\\\/\\\/www.visitsaimaa.fi\\\/fi\\\/\",\"name\":\"Visit Saimaa\",\"description\":\"The Official Travel Guide of Lakeland Saimaa\",\"potentialAction\":[{\"@type\":\"SearchAction\",\"target\":{\"@type\":\"EntryPoint\",\"urlTemplate\":\"https:\\\/\\\/www.visitsaimaa.fi\\\/fi\\\/?s={search_term_string}\"},\"query-input\":{\"@type\":\"PropertyValueSpecification\",\"valueRequired\":true,\"valueName\":\"search_term_string\"}}],\"inLanguage\":\"fi\"}]}<\/script>\n<!-- \/ Yoast SEO Premium plugin. -->","yoast_head_json":{"title":"s\/s Punkaharju - Visit Saimaa","description":"s\/s Punkaharju s\/s Punkaharju on 115-vuotias Saimaan kaunotar, joka vie sinut \u00a0perinteiselle h\u00f6yrylaivaristeilylle saimaannorpan valtakuntaan. N\u00e4e","robots":{"index":"index","follow":"follow","max-snippet":"max-snippet:-1","max-image-preview":"max-image-preview:large","max-video-preview":"max-video-preview:-1"},"canonical":"https:\/\/www.visitsaimaa.fi\/fi\/saimaan-charmantit\/s-s-punkaharju\/","og_locale":"fi_FI","og_type":"article","og_title":"s\/s Punkaharju","og_description":"s\/s Punkaharju s\/s Punkaharju on 115-vuotias Saimaan kaunotar, joka vie sinut \u00a0perinteiselle h\u00f6yrylaivaristeilylle saimaannorpan valtakuntaan. N\u00e4e","og_url":"https:\/\/www.visitsaimaa.fi\/fi\/saimaan-charmantit\/s-s-punkaharju\/","og_site_name":"Visit Saimaa","article_modified_time":"2019-09-27T11:52:31+00:00","twitter_misc":{"Arvioitu lukuaika":"1 minuutti"},"schema":{"@context":"https:\/\/schema.org","@graph":[{"@type":"WebPage","@id":"https:\/\/www.visitsaimaa.fi\/fi\/saimaan-charmantit\/s-s-punkaharju\/","url":"https:\/\/www.visitsaimaa.fi\/fi\/saimaan-charmantit\/s-s-punkaharju\/","name":"s\/s Punkaharju - Visit Saimaa","isPartOf":{"@id":"https:\/\/www.visitsaimaa.fi\/fi\/#website"},"datePublished":"2019-09-25T11:39:01+00:00","dateModified":"2019-09-27T11:52:31+00:00","description":"s\/s Punkaharju s\/s Punkaharju on 115-vuotias Saimaan kaunotar, joka vie sinut \u00a0perinteiselle h\u00f6yrylaivaristeilylle saimaannorpan valtakuntaan. N\u00e4e","breadcrumb":{"@id":"https:\/\/www.visitsaimaa.fi\/fi\/saimaan-charmantit\/s-s-punkaharju\/#breadcrumb"},"inLanguage":"fi","potentialAction":[{"@type":"ReadAction","target":["https:\/\/www.visitsaimaa.fi\/fi\/saimaan-charmantit\/s-s-punkaharju\/"]}]},{"@type":"BreadcrumbList","@id":"https:\/\/www.visitsaimaa.fi\/fi\/saimaan-charmantit\/s-s-punkaharju\/#breadcrumb","itemListElement":[{"@type":"ListItem","position":1,"name":"Visit Saimaa","item":"https:\/\/www.visitsaimaa.fi\/fi\/"},{"@type":"ListItem","position":2,"name":"Saimaan Charmantit","item":"https:\/\/www.visitsaimaa.fi\/fi\/saimaan-charmantit\/"},{"@type":"ListItem","position":3,"name":"s\/s Punkaharju"}]},{"@type":"WebSite","@id":"https:\/\/www.visitsaimaa.fi\/fi\/#website","url":"https:\/\/www.visitsaimaa.fi\/fi\/","name":"Visit Saimaa","description":"The Official Travel Guide of Lakeland Saimaa","potentialAction":[{"@type":"SearchAction","target":{"@type":"EntryPoint","urlTemplate":"https:\/\/www.visitsaimaa.fi\/fi\/?s={search_term_string}"},"query-input":{"@type":"PropertyValueSpecification","valueRequired":true,"valueName":"search_term_string"}}],"inLanguage":"fi"}]}},"_links":{"self":[{"href":"https:\/\/www.visitsaimaa.fi\/fi\/wp-json\/wp\/v2\/pages\/14071","targetHints":{"allow":["GET"]}}],"collection":[{"href":"https:\/\/www.visitsaimaa.fi\/fi\/wp-json\/wp\/v2\/pages"}],"about":[{"href":"https:\/\/www.visitsaimaa.fi\/fi\/wp-json\/wp\/v2\/types\/page"}],"author":[{"embeddable":true,"href":"https:\/\/www.visitsaimaa.fi\/fi\/wp-json\/wp\/v2\/users\/46"}],"replies":[{"embeddable":true,"href":"https:\/\/www.visitsaimaa.fi\/fi\/wp-json\/wp\/v2\/comments?post=14071"}],"version-history":[{"count":0,"href":"https:\/\/www.visitsaimaa.fi\/fi\/wp-json\/wp\/v2\/pages\/14071\/revisions"}],"up":[{"embeddable":true,"href":"https:\/\/www.visitsaimaa.fi\/fi\/wp-json\/wp\/v2\/pages\/13297"}],"wp:attachment":[{"href":"https:\/\/www.visitsaimaa.fi\/fi\/wp-json\/wp\/v2\/media?parent=14071"}],"wp:term":[{"taxonomy":"relatedcontent","embeddable":true,"href":"https:\/\/www.visitsaimaa.fi\/fi\/wp-json\/wp\/v2\/relatedcontent?post=14071"}],"curies":[{"name":"wp","href":"https:\/\/api.w.org\/{rel}","templated":true}]}}