{"id":13958,"date":"2019-09-19T14:32:28","date_gmt":"2019-09-19T11:32:28","guid":{"rendered":"https:\/\/www.visitsaimaa.fi\/?page_id=13958"},"modified":"2019-09-27T14:42:28","modified_gmt":"2019-09-27T11:42:28","slug":"sahanlahti-resort","status":"publish","type":"page","link":"https:\/\/www.visitsaimaa.fi\/fi\/saimaan-charmantit\/sahanlahti-resort\/","title":{"rendered":"Sahanlahti Resort"},"content":{"rendered":"<p>[vc_row full_width=&#8221;stretch_row_content_no_spaces&#8221; parallax=&#8221;content-moving-fade&#8221; parallax_image=&#8221;13969&#8243; css=&#8221;.vc_custom_1569570720570{padding-top: 700px !important;}&#8221;][vc_column][\/vc_column][\/vc_row][vc_row][vc_column][vc_column_text]<\/p>\n<h1 style=\"text-align: center\">Sahanlahti Resort<\/h1>\n<p style=\"text-align: center\"><strong>Sahanlahti on maineikas ja perinteik\u00e4s matkailukeskus, joka sijaitsee upealla paikalla Puumalassa, vajaan tunnin ajomatkan p\u00e4\u00e4ss\u00e4 Savonlinnasta, Mikkelist\u00e4 ja Imatralta. Uniikki ja kulttuurihistoriallisesti ainutlaatuinen sahaymp\u00e4rist\u00f6 Saimaan rannalla ja nykyaikaisesti varustellut tilat luovat upean kokonaisuuden lomailuun ja juhlille. Koskivahti ravintolan terassilta avautuvaa Saimaa-n\u00e4kym\u00e4\u00e4 on kuvailtu maailman ainutlaatuisimmaksi \u2013 eik\u00e4 suotta, sill\u00e4 vastaavaa ei ole viel\u00e4 eteen tullut.<\/strong><\/p>\n<p style=\"text-align: center\"><strong>Yksi Saimaan alueen vanhimmista sahalaitoksista, Sahanlahti, syntyi vuonna 1765 perustetun, nykyisin jo h\u00e4vinneen, vesisahan ymp\u00e4rille. Sahatoimintaa harjoitettiin Sahanlahden maisemissa l\u00e4hes 200 vuotta.<\/strong><\/p>\n<h2 style=\"text-align: center\">Maineikas ja perinteik\u00e4s matkailukeskus Puumalassa<\/h2>\n<p style=\"text-align: center\">Uniikki ja kulttuurihistoriallisesti ainutlaatuinen sahaymp\u00e4rist\u00f6 Saimaan rannalla ja nykyaikaisesti varustellut tilat luovat upean kokonaisuuden lomailuun ja juhlille.<\/p>\n<p style=\"text-align: center\">Sahanlahtea em\u00e4nn\u00f6i ja is\u00e4nn\u00f6i nykyisell\u00e4\u00e4n yritt\u00e4j\u00e4pariskunta Jaana ja Janne Kuivalainen. He ovat pitk\u00e4j\u00e4nteisell\u00e4 ty\u00f6ll\u00e4\u00e4n uudistaneet toimintaa ja nostaneet Sahanlahden yhdeksi maamme parhaista ruokamatkailukohteista. He ovat luoneet Sahanlahteen l\u00e4mp\u00f6isen ja kotoisan ilmapiirin, jossa vieraat viihtyv\u00e4t ja tuntevat olonsa tervetulleiksi.<\/p>\n<h2 style=\"text-align: center\">Suomen paras ruokamatkailutuote 2019<\/h2>\n<p style=\"text-align: center\">Sahanlahti on palkittu vuoden 2014 Etel\u00e4-Savon ruokamatkailuyrityksen\u00e4 ja Sahanlahti on my\u00f6s Vuoksen vesist\u00f6alueen vuoden vierassatama 2015. Kansainv\u00e4lisille markkinoille suuntaavalla tuotteella Sahanlahti nappasi Visit Finlandin k\u00e4rkituotekilpailun palkinnon vuonna 2017. Sahanlahti on yksi nelj\u00e4st\u00e4 Saimaa Gastronomy yrityksest\u00e4. Saimaa Gastronomy-verkoston teemaviikonloput voittivat Suomen paras ruokamatkailutuote 2019 -palkinnon valtakunnallisessa Hungry for Finland -ruokamatkailukilpailussa.<\/p>\n<h2 style=\"text-align: center\">Sahanlahti on kokonaisvaltainen lomakeskus<\/h2>\n<p style=\"text-align: center\">Kyl\u00e4m\u00e4isest\u00e4 pihapiirist\u00e4 l\u00f6ytyy monenlaista <strong>majoitusta<\/strong>, erilaisia <strong>saunoja<\/strong> (talvella my\u00f6s is\u00e4nn\u00e4n rakentama j\u00e4\u00e4sauna) ja runsaasti aktiviteetteja niin talvella kuin kes\u00e4ll\u00e4. Kulttuuria tarjoillaan my\u00f6s <strong>konserttien<\/strong> ja <strong>teatteriesitysten<\/strong> muodossa uudessa Sahan El\u00e4mysverstaassa. Kes\u00e4ll\u00e4 2020 ensi-illan kokee \u201cPalava Tahto\u201d n\u00e4ytelm\u00e4, joka kertoo Elsa Heporaudan s\u00e4ken\u00f6iv\u00e4st\u00e4 el\u00e4m\u00e4st\u00e4. Elsa oli Sahanlahdessa syntynyt voimanainen, Kalevalaisten naisten ja Kalevala Korun perustaja.<\/p>\n<p>[\/vc_column_text][vc_single_image image=&#8221;14363&#8243; img_size=&#8221;&#8221; alignment=&#8221;center&#8221;][\/vc_column][\/vc_row][vc_row][vc_column width=&#8221;1\/5&#8243;][vc_single_image image=&#8221;13973&#8243; img_size=&#8221;500&#215;500&#8243; onclick=&#8221;link_image&#8221;][\/vc_column][vc_column width=&#8221;1\/5&#8243;][vc_single_image image=&#8221;13977&#8243; img_size=&#8221;500&#215;500&#8243; onclick=&#8221;link_image&#8221;][\/vc_column][vc_column width=&#8221;1\/5&#8243;][vc_single_image image=&#8221;14296&#8243; img_size=&#8221;500&#215;500&#8243; onclick=&#8221;link_image&#8221;][\/vc_column][vc_column width=&#8221;1\/5&#8243;][vc_single_image image=&#8221;13961&#8243; img_size=&#8221;500&#215;500&#8243; onclick=&#8221;link_image&#8221;][\/vc_column][vc_column width=&#8221;1\/5&#8243;][vc_single_image image=&#8221;14291&#8243; img_size=&#8221;500&#215;500&#8243; onclick=&#8221;link_image&#8221;][\/vc_column][\/vc_row][vc_row full_width=&#8221;stretch_row&#8221; css=&#8221;.vc_custom_1568892677429{padding-top: 50px !important;padding-bottom: 50px !important;background-color: #efefef !important;}&#8221;][vc_column][vc_column_text]<\/p>\n<p style=\"text-align: center\"><strong>Sahanlahti Resort<\/strong><br \/>\nLietvedentie 830<br \/>\n52200 Puumala<br \/>\n040 779 9896<br \/>\nsales@sahanlahtiresort.fi<\/p>\n<p style=\"text-align: center\">Majoitukset ja erilaiset tilaisuudet varattavissa ymp\u00e4ri vuoden!<\/p>\n<p style=\"text-align: center\"><a href=\"https:\/\/www.sahanlahtiresort.fi\/\">www.sahanlahtiresort.fi<\/a><br \/>\n<a href=\"https:\/\/www.instagram.com\/sahanlahti\">Instagram<\/a><br \/>\n<a href=\"https:\/\/www.facebook.com\/sahanlahtiresort\">Facebook<\/a>[\/vc_column_text][\/vc_column][\/vc_row]<\/p>\n","protected":false},"excerpt":{"rendered":"<p>[vc_row full_width=&#8221;stretch_row_content_no_spaces&#8221; parallax=&#8221;content-moving-fade&#8221; parallax_image=&#8221;13969&#8243; css=&#8221;.vc_custom_1569570720570{padding-top: 700px !important;}&#8221;][vc_column][\/vc_column][\/vc_row][vc_row][vc_column][vc_column_text] Sahanlahti Resort Sahanlahti on maineikas ja perinteik\u00e4s matkailukeskus, joka sijaitsee upealla paikalla Puumalassa, vajaan tunnin ajomatkan p\u00e4\u00e4ss\u00e4 Savonlinnasta, Mikkelist\u00e4 ja Imatralta. Uniikki ja [&hellip;]<\/p>\n","protected":false},"author":46,"featured_media":0,"parent":13297,"menu_order":0,"comment_status":"closed","ping_status":"closed","template":"","meta":{"footnotes":""},"relatedcontent":[],"class_list":{"0":"post-13958","1":"page","2":"type-page","3":"status-publish","4":"hentry","6":"priority-3"},"yoast_head":"<!-- This site is optimized with the Yoast SEO Premium plugin v27.3 (Yoast SEO v27.3) - https:\/\/yoast.com\/product\/yoast-seo-premium-wordpress\/ -->\n<title>Sahanlahti Resort - Visit Saimaa<\/title>\n<meta name=\"description\" content=\"Sahanlahti Resort Sahanlahti on maineikas ja perinteik\u00e4s matkailukeskus, joka sijaitsee upealla paikalla Puumalassa, vajaan tunnin ajomatkan p\u00e4\u00e4ss\u00e4\" \/>\n<meta name=\"robots\" content=\"index, follow, max-snippet:-1, max-image-preview:large, max-video-preview:-1\" \/>\n<link rel=\"canonical\" href=\"https:\/\/www.visitsaimaa.fi\/fi\/saimaan-charmantit\/sahanlahti-resort\/\" \/>\n<meta property=\"og:locale\" content=\"fi_FI\" \/>\n<meta property=\"og:type\" content=\"article\" \/>\n<meta property=\"og:title\" content=\"Sahanlahti Resort\" \/>\n<meta property=\"og:description\" content=\"Sahanlahti Resort Sahanlahti on maineikas ja perinteik\u00e4s matkailukeskus, joka sijaitsee upealla paikalla Puumalassa, vajaan tunnin ajomatkan p\u00e4\u00e4ss\u00e4\" \/>\n<meta property=\"og:url\" content=\"https:\/\/www.visitsaimaa.fi\/fi\/saimaan-charmantit\/sahanlahti-resort\/\" \/>\n<meta property=\"og:site_name\" content=\"Visit Saimaa\" \/>\n<meta property=\"article:modified_time\" content=\"2019-09-27T11:42:28+00:00\" \/>\n<meta name=\"twitter:label1\" content=\"Arvioitu lukuaika\" \/>\n\t<meta name=\"twitter:data1\" content=\"2 minuuttia\" \/>\n<script type=\"application\/ld+json\" class=\"yoast-schema-graph\">{\"@context\":\"https:\\\/\\\/schema.org\",\"@graph\":[{\"@type\":\"WebPage\",\"@id\":\"https:\\\/\\\/www.visitsaimaa.fi\\\/fi\\\/saimaan-charmantit\\\/sahanlahti-resort\\\/\",\"url\":\"https:\\\/\\\/www.visitsaimaa.fi\\\/fi\\\/saimaan-charmantit\\\/sahanlahti-resort\\\/\",\"name\":\"Sahanlahti Resort - Visit Saimaa\",\"isPartOf\":{\"@id\":\"https:\\\/\\\/www.visitsaimaa.fi\\\/fi\\\/#website\"},\"datePublished\":\"2019-09-19T11:32:28+00:00\",\"dateModified\":\"2019-09-27T11:42:28+00:00\",\"description\":\"Sahanlahti Resort Sahanlahti on maineikas ja perinteik\u00e4s matkailukeskus, joka sijaitsee upealla paikalla Puumalassa, vajaan tunnin ajomatkan p\u00e4\u00e4ss\u00e4\",\"breadcrumb\":{\"@id\":\"https:\\\/\\\/www.visitsaimaa.fi\\\/fi\\\/saimaan-charmantit\\\/sahanlahti-resort\\\/#breadcrumb\"},\"inLanguage\":\"fi\",\"potentialAction\":[{\"@type\":\"ReadAction\",\"target\":[\"https:\\\/\\\/www.visitsaimaa.fi\\\/fi\\\/saimaan-charmantit\\\/sahanlahti-resort\\\/\"]}]},{\"@type\":\"BreadcrumbList\",\"@id\":\"https:\\\/\\\/www.visitsaimaa.fi\\\/fi\\\/saimaan-charmantit\\\/sahanlahti-resort\\\/#breadcrumb\",\"itemListElement\":[{\"@type\":\"ListItem\",\"position\":1,\"name\":\"Visit Saimaa\",\"item\":\"https:\\\/\\\/www.visitsaimaa.fi\\\/fi\\\/\"},{\"@type\":\"ListItem\",\"position\":2,\"name\":\"Saimaan Charmantit\",\"item\":\"https:\\\/\\\/www.visitsaimaa.fi\\\/fi\\\/saimaan-charmantit\\\/\"},{\"@type\":\"ListItem\",\"position\":3,\"name\":\"Sahanlahti Resort\"}]},{\"@type\":\"WebSite\",\"@id\":\"https:\\\/\\\/www.visitsaimaa.fi\\\/fi\\\/#website\",\"url\":\"https:\\\/\\\/www.visitsaimaa.fi\\\/fi\\\/\",\"name\":\"Visit Saimaa\",\"description\":\"The Official Travel Guide of Lakeland Saimaa\",\"potentialAction\":[{\"@type\":\"SearchAction\",\"target\":{\"@type\":\"EntryPoint\",\"urlTemplate\":\"https:\\\/\\\/www.visitsaimaa.fi\\\/fi\\\/?s={search_term_string}\"},\"query-input\":{\"@type\":\"PropertyValueSpecification\",\"valueRequired\":true,\"valueName\":\"search_term_string\"}}],\"inLanguage\":\"fi\"}]}<\/script>\n<!-- \/ Yoast SEO Premium plugin. -->","yoast_head_json":{"title":"Sahanlahti Resort - Visit Saimaa","description":"Sahanlahti Resort Sahanlahti on maineikas ja perinteik\u00e4s matkailukeskus, joka sijaitsee upealla paikalla Puumalassa, vajaan tunnin ajomatkan p\u00e4\u00e4ss\u00e4","robots":{"index":"index","follow":"follow","max-snippet":"max-snippet:-1","max-image-preview":"max-image-preview:large","max-video-preview":"max-video-preview:-1"},"canonical":"https:\/\/www.visitsaimaa.fi\/fi\/saimaan-charmantit\/sahanlahti-resort\/","og_locale":"fi_FI","og_type":"article","og_title":"Sahanlahti Resort","og_description":"Sahanlahti Resort Sahanlahti on maineikas ja perinteik\u00e4s matkailukeskus, joka sijaitsee upealla paikalla Puumalassa, vajaan tunnin ajomatkan p\u00e4\u00e4ss\u00e4","og_url":"https:\/\/www.visitsaimaa.fi\/fi\/saimaan-charmantit\/sahanlahti-resort\/","og_site_name":"Visit Saimaa","article_modified_time":"2019-09-27T11:42:28+00:00","twitter_misc":{"Arvioitu lukuaika":"2 minuuttia"},"schema":{"@context":"https:\/\/schema.org","@graph":[{"@type":"WebPage","@id":"https:\/\/www.visitsaimaa.fi\/fi\/saimaan-charmantit\/sahanlahti-resort\/","url":"https:\/\/www.visitsaimaa.fi\/fi\/saimaan-charmantit\/sahanlahti-resort\/","name":"Sahanlahti Resort - Visit Saimaa","isPartOf":{"@id":"https:\/\/www.visitsaimaa.fi\/fi\/#website"},"datePublished":"2019-09-19T11:32:28+00:00","dateModified":"2019-09-27T11:42:28+00:00","description":"Sahanlahti Resort Sahanlahti on maineikas ja perinteik\u00e4s matkailukeskus, joka sijaitsee upealla paikalla Puumalassa, vajaan tunnin ajomatkan p\u00e4\u00e4ss\u00e4","breadcrumb":{"@id":"https:\/\/www.visitsaimaa.fi\/fi\/saimaan-charmantit\/sahanlahti-resort\/#breadcrumb"},"inLanguage":"fi","potentialAction":[{"@type":"ReadAction","target":["https:\/\/www.visitsaimaa.fi\/fi\/saimaan-charmantit\/sahanlahti-resort\/"]}]},{"@type":"BreadcrumbList","@id":"https:\/\/www.visitsaimaa.fi\/fi\/saimaan-charmantit\/sahanlahti-resort\/#breadcrumb","itemListElement":[{"@type":"ListItem","position":1,"name":"Visit Saimaa","item":"https:\/\/www.visitsaimaa.fi\/fi\/"},{"@type":"ListItem","position":2,"name":"Saimaan Charmantit","item":"https:\/\/www.visitsaimaa.fi\/fi\/saimaan-charmantit\/"},{"@type":"ListItem","position":3,"name":"Sahanlahti Resort"}]},{"@type":"WebSite","@id":"https:\/\/www.visitsaimaa.fi\/fi\/#website","url":"https:\/\/www.visitsaimaa.fi\/fi\/","name":"Visit Saimaa","description":"The Official Travel Guide of Lakeland Saimaa","potentialAction":[{"@type":"SearchAction","target":{"@type":"EntryPoint","urlTemplate":"https:\/\/www.visitsaimaa.fi\/fi\/?s={search_term_string}"},"query-input":{"@type":"PropertyValueSpecification","valueRequired":true,"valueName":"search_term_string"}}],"inLanguage":"fi"}]}},"_links":{"self":[{"href":"https:\/\/www.visitsaimaa.fi\/fi\/wp-json\/wp\/v2\/pages\/13958","targetHints":{"allow":["GET"]}}],"collection":[{"href":"https:\/\/www.visitsaimaa.fi\/fi\/wp-json\/wp\/v2\/pages"}],"about":[{"href":"https:\/\/www.visitsaimaa.fi\/fi\/wp-json\/wp\/v2\/types\/page"}],"author":[{"embeddable":true,"href":"https:\/\/www.visitsaimaa.fi\/fi\/wp-json\/wp\/v2\/users\/46"}],"replies":[{"embeddable":true,"href":"https:\/\/www.visitsaimaa.fi\/fi\/wp-json\/wp\/v2\/comments?post=13958"}],"version-history":[{"count":0,"href":"https:\/\/www.visitsaimaa.fi\/fi\/wp-json\/wp\/v2\/pages\/13958\/revisions"}],"up":[{"embeddable":true,"href":"https:\/\/www.visitsaimaa.fi\/fi\/wp-json\/wp\/v2\/pages\/13297"}],"wp:attachment":[{"href":"https:\/\/www.visitsaimaa.fi\/fi\/wp-json\/wp\/v2\/media?parent=13958"}],"wp:term":[{"taxonomy":"relatedcontent","embeddable":true,"href":"https:\/\/www.visitsaimaa.fi\/fi\/wp-json\/wp\/v2\/relatedcontent?post=13958"}],"curies":[{"name":"wp","href":"https:\/\/api.w.org\/{rel}","templated":true}]}}