{"id":13908,"date":"2019-09-19T09:48:28","date_gmt":"2019-09-19T06:48:28","guid":{"rendered":"https:\/\/www.visitsaimaa.fi\/?page_id=13908"},"modified":"2025-06-23T15:34:53","modified_gmt":"2025-06-23T12:34:53","slug":"saapuminen","status":"publish","type":"page","link":"https:\/\/www.visitsaimaa.fi\/fi\/info\/saapuminen\/","title":{"rendered":"Saapuminen"},"content":{"rendered":"<p>[vc_row full_width=&#8221;stretch_row_content_no_spaces&#8221;][vc_column]<div class=\"main_header big\">\n    <figure style=\"background-image: url('https:\/\/www.visitsaimaa.fi\/wp-content\/uploads\/2022\/05\/neitvuori_low.png'); background-position: center center;\"><\/figure>\n    <div class=\"main_header_content\" style=\"\">\n        <div class=\"container\">\n                \n        <\/div>\n    <\/div><!-- \/.container -->\n<\/div><!-- \/.main_header -->\n\n[\/vc_column][\/vc_row][vc_row css=&#8221;.vc_custom_1622024846494{padding-top: 30px !important;padding-bottom: 30px !important;}&#8221;][vc_column width=&#8221;1\/4&#8243;][\/vc_column][vc_column width=&#8221;1\/2&#8243;][vc_column_text]<\/p>\n<h1 style=\"text-align: center\">Saimaalle on helppo tulla<\/h1>\n<p style=\"text-align: center\">Saimaan seudulle on hyv\u00e4t kulkuyhteydet mist\u00e4 p\u00e4in Suomea tahansa.<\/p>\n<p style=\"text-align: center\">Kaikki Saimaan seudun kaupungit ja hienot matkailukohteet ovat yll\u00e4tt\u00e4v\u00e4n l\u00e4hell\u00e4. Esimerkiksi matka p\u00e4\u00e4kaupunkiseudulta Saimaan seudulle kest\u00e4\u00e4 vain reilut kaksi tuntia.<\/p>\n<p>[\/vc_column_text][\/vc_column][vc_column width=&#8221;1\/4&#8243;][\/vc_column][\/vc_row][vc_row][vc_column][vc_gmaps link=&#8221;#E-8_JTNDaWZyYW1lJTIwc3JjJTNEJTIyaHR0cHMlM0ElMkYlMkZ3d3cuZ29vZ2xlLmNvbSUyRm1hcHMlMkZkJTJGdSUyRjAlMkZlbWJlZCUzRm1pZCUzRDFING5kUURvTXp5T0M5SVNwNUFnb2p1QjVFX1dSaHRoLSUyMiUyMHdpZHRoJTNEJTIyNjQwJTIyJTIwaGVpZ2h0JTNEJTIyNDgwJTIyJTNFJTNDJTJGaWZyYW1lJTNF&#8221;][vc_zigzag][\/vc_column][\/vc_row][vc_row][vc_column width=&#8221;1\/4&#8243;][vc_column_text]<\/p>\n<h2>Autolla<\/h2>\n<p>Liikkuminen paikasta toiseen Saimaan seudulla on k\u00e4tevint\u00e4 omalla autolla.<\/p>\n<p><strong>Vuokra-autoja tarjoavat mm.:<\/strong><\/p>\n<p><a href=\"https:\/\/www.hertz.fi\/rentacar\/reservation\/\">www.hertz.fi<\/a><\/p>\n<p><a href=\"https:\/\/www.avis.fi\/\">www.avis.fi<\/a><\/p>\n<p><a href=\"https:\/\/www.europcar.fi\/\">www.europcar.fi<\/a>[\/vc_column_text][\/vc_column][vc_column width=&#8221;1\/4&#8243;][vc_column_text]<\/p>\n<h2>Junalla<\/h2>\n<p>[\/vc_column_text][vc_column_text css=&#8221;&#8221;]Helsingist\u00e4 Mikkeliin junamatka kest\u00e4\u00e4 reilut kaksi tuntia ja Savonlinnaan sek\u00e4 Varkauteen noin nelj\u00e4 tuntia.<\/p>\n<p><strong>Katso sopivat junavuorot<\/strong><\/p>\n<p><a href=\"https:\/\/www.vr.fi\/\">www.vr.fi<\/a>[\/vc_column_text][\/vc_column][vc_column width=&#8221;1\/4&#8243;][vc_column_text]<\/p>\n<h2>Linja-autolla<\/h2>\n<p>Bussilla p\u00e4\u00e4set k\u00e4tev\u00e4sti l\u00e4hes kaikkiin Saimaan seudun kohteisiin. My\u00f6s liikkuminen paikasta toiseen Saimaan seudulla sujuu rattoisasti linja-autolla.<\/p>\n<p><strong>Katso bussivuorot:<\/strong><\/p>\n<p><a href=\"https:\/\/www.perille.fi\/?lng=fi\">www.perille.fi<\/a>[\/vc_column_text][\/vc_column][vc_column width=&#8221;1\/4&#8243;][vc_column_text css=&#8221;&#8221;]<\/p>\n<h2>Lent\u00e4en<\/h2>\n<p>Helsingist\u00e4 p\u00e4\u00e4see arkip\u00e4ivisin k\u00e4tev\u00e4sti lent\u00e4en Savonlinnaan. Lentoaika vain n. 55 minuuttia.<\/p>\n<p><strong>L\u00f6yd\u00e4 lennot Savonlinna-Helsinki-Savonlinna <a href=\"https:\/\/norppa.aero\/\">norppa.aero<\/a> sivuilta<\/strong>[\/vc_column_text][\/vc_column][\/vc_row]<\/p>\n","protected":false},"excerpt":{"rendered":"<p>[vc_row full_width=&#8221;stretch_row_content_no_spaces&#8221;][vc_column][\/vc_column][\/vc_row][vc_row css=&#8221;.vc_custom_1622024846494{padding-top: 30px !important;padding-bottom: 30px !important;}&#8221;][vc_column width=&#8221;1\/4&#8243;][\/vc_column][vc_column width=&#8221;1\/2&#8243;][vc_column_text] Saimaalle on helppo tulla Saimaan seudulle on hyv\u00e4t kulkuyhteydet mist\u00e4 p\u00e4in Suomea tahansa. Kaikki Saimaan seudun kaupungit ja hienot matkailukohteet ovat [&hellip;]<\/p>\n","protected":false},"author":46,"featured_media":0,"parent":29046,"menu_order":0,"comment_status":"closed","ping_status":"closed","template":"","meta":{"footnotes":""},"relatedcontent":[],"class_list":{"0":"post-13908","1":"page","2":"type-page","3":"status-publish","4":"hentry","6":"priority-3"},"yoast_head":"<!-- This site is optimized with the Yoast SEO Premium plugin v27.3 (Yoast SEO v27.5) - https:\/\/yoast.com\/product\/yoast-seo-premium-wordpress\/ -->\n<title>Saapuminen - Visit Saimaa<\/title>\n<meta name=\"description\" content=\"Saimaalle on helppo tulla Saimaan seudulle on hyv\u00e4t kulkuyhteydet mist\u00e4 p\u00e4in Suomea tahansa. Kaikki Saimaan seudun kaupungit ja hienot matkailukohteet\" \/>\n<meta name=\"robots\" content=\"index, follow, max-snippet:-1, max-image-preview:large, max-video-preview:-1\" \/>\n<link rel=\"canonical\" href=\"https:\/\/www.visitsaimaa.fi\/fi\/info\/saapuminen\/\" \/>\n<meta property=\"og:locale\" content=\"fi_FI\" \/>\n<meta property=\"og:type\" content=\"article\" \/>\n<meta property=\"og:title\" content=\"Saapuminen\" \/>\n<meta property=\"og:description\" content=\"Saimaalle on helppo tulla Saimaan seudulle on hyv\u00e4t kulkuyhteydet mist\u00e4 p\u00e4in Suomea tahansa. Kaikki Saimaan seudun kaupungit ja hienot matkailukohteet\" \/>\n<meta property=\"og:url\" content=\"https:\/\/www.visitsaimaa.fi\/fi\/info\/saapuminen\/\" \/>\n<meta property=\"og:site_name\" content=\"Visit Saimaa\" \/>\n<meta property=\"article:modified_time\" content=\"2025-06-23T12:34:53+00:00\" \/>\n<meta name=\"twitter:label1\" content=\"Arvioitu lukuaika\" \/>\n\t<meta name=\"twitter:data1\" content=\"1 minuutti\" \/>\n<script type=\"application\/ld+json\" class=\"yoast-schema-graph\">{\"@context\":\"https:\\\/\\\/schema.org\",\"@graph\":[{\"@type\":\"WebPage\",\"@id\":\"https:\\\/\\\/www.visitsaimaa.fi\\\/fi\\\/info\\\/saapuminen\\\/\",\"url\":\"https:\\\/\\\/www.visitsaimaa.fi\\\/fi\\\/info\\\/saapuminen\\\/\",\"name\":\"Saapuminen - Visit Saimaa\",\"isPartOf\":{\"@id\":\"https:\\\/\\\/www.visitsaimaa.fi\\\/fi\\\/#website\"},\"datePublished\":\"2019-09-19T06:48:28+00:00\",\"dateModified\":\"2025-06-23T12:34:53+00:00\",\"description\":\"Saimaalle on helppo tulla Saimaan seudulle on hyv\u00e4t kulkuyhteydet mist\u00e4 p\u00e4in Suomea tahansa. Kaikki Saimaan seudun kaupungit ja hienot matkailukohteet\",\"breadcrumb\":{\"@id\":\"https:\\\/\\\/www.visitsaimaa.fi\\\/fi\\\/info\\\/saapuminen\\\/#breadcrumb\"},\"inLanguage\":\"fi\",\"potentialAction\":[{\"@type\":\"ReadAction\",\"target\":[\"https:\\\/\\\/www.visitsaimaa.fi\\\/fi\\\/info\\\/saapuminen\\\/\"]}]},{\"@type\":\"BreadcrumbList\",\"@id\":\"https:\\\/\\\/www.visitsaimaa.fi\\\/fi\\\/info\\\/saapuminen\\\/#breadcrumb\",\"itemListElement\":[{\"@type\":\"ListItem\",\"position\":1,\"name\":\"Visit Saimaa\",\"item\":\"https:\\\/\\\/www.visitsaimaa.fi\\\/fi\\\/\"},{\"@type\":\"ListItem\",\"position\":2,\"name\":\"Info\",\"item\":\"https:\\\/\\\/www.visitsaimaa.fi\\\/fi\\\/info\\\/\"},{\"@type\":\"ListItem\",\"position\":3,\"name\":\"Saapuminen\"}]},{\"@type\":\"WebSite\",\"@id\":\"https:\\\/\\\/www.visitsaimaa.fi\\\/fi\\\/#website\",\"url\":\"https:\\\/\\\/www.visitsaimaa.fi\\\/fi\\\/\",\"name\":\"Visit Saimaa\",\"description\":\"The Official Travel Guide of Lakeland Saimaa\",\"potentialAction\":[{\"@type\":\"SearchAction\",\"target\":{\"@type\":\"EntryPoint\",\"urlTemplate\":\"https:\\\/\\\/www.visitsaimaa.fi\\\/fi\\\/?s={search_term_string}\"},\"query-input\":{\"@type\":\"PropertyValueSpecification\",\"valueRequired\":true,\"valueName\":\"search_term_string\"}}],\"inLanguage\":\"fi\"}]}<\/script>\n<!-- \/ Yoast SEO Premium plugin. -->","yoast_head_json":{"title":"Saapuminen - Visit Saimaa","description":"Saimaalle on helppo tulla Saimaan seudulle on hyv\u00e4t kulkuyhteydet mist\u00e4 p\u00e4in Suomea tahansa. Kaikki Saimaan seudun kaupungit ja hienot matkailukohteet","robots":{"index":"index","follow":"follow","max-snippet":"max-snippet:-1","max-image-preview":"max-image-preview:large","max-video-preview":"max-video-preview:-1"},"canonical":"https:\/\/www.visitsaimaa.fi\/fi\/info\/saapuminen\/","og_locale":"fi_FI","og_type":"article","og_title":"Saapuminen","og_description":"Saimaalle on helppo tulla Saimaan seudulle on hyv\u00e4t kulkuyhteydet mist\u00e4 p\u00e4in Suomea tahansa. Kaikki Saimaan seudun kaupungit ja hienot matkailukohteet","og_url":"https:\/\/www.visitsaimaa.fi\/fi\/info\/saapuminen\/","og_site_name":"Visit Saimaa","article_modified_time":"2025-06-23T12:34:53+00:00","twitter_misc":{"Arvioitu lukuaika":"1 minuutti"},"schema":{"@context":"https:\/\/schema.org","@graph":[{"@type":"WebPage","@id":"https:\/\/www.visitsaimaa.fi\/fi\/info\/saapuminen\/","url":"https:\/\/www.visitsaimaa.fi\/fi\/info\/saapuminen\/","name":"Saapuminen - Visit Saimaa","isPartOf":{"@id":"https:\/\/www.visitsaimaa.fi\/fi\/#website"},"datePublished":"2019-09-19T06:48:28+00:00","dateModified":"2025-06-23T12:34:53+00:00","description":"Saimaalle on helppo tulla Saimaan seudulle on hyv\u00e4t kulkuyhteydet mist\u00e4 p\u00e4in Suomea tahansa. Kaikki Saimaan seudun kaupungit ja hienot matkailukohteet","breadcrumb":{"@id":"https:\/\/www.visitsaimaa.fi\/fi\/info\/saapuminen\/#breadcrumb"},"inLanguage":"fi","potentialAction":[{"@type":"ReadAction","target":["https:\/\/www.visitsaimaa.fi\/fi\/info\/saapuminen\/"]}]},{"@type":"BreadcrumbList","@id":"https:\/\/www.visitsaimaa.fi\/fi\/info\/saapuminen\/#breadcrumb","itemListElement":[{"@type":"ListItem","position":1,"name":"Visit Saimaa","item":"https:\/\/www.visitsaimaa.fi\/fi\/"},{"@type":"ListItem","position":2,"name":"Info","item":"https:\/\/www.visitsaimaa.fi\/fi\/info\/"},{"@type":"ListItem","position":3,"name":"Saapuminen"}]},{"@type":"WebSite","@id":"https:\/\/www.visitsaimaa.fi\/fi\/#website","url":"https:\/\/www.visitsaimaa.fi\/fi\/","name":"Visit Saimaa","description":"The Official Travel Guide of Lakeland Saimaa","potentialAction":[{"@type":"SearchAction","target":{"@type":"EntryPoint","urlTemplate":"https:\/\/www.visitsaimaa.fi\/fi\/?s={search_term_string}"},"query-input":{"@type":"PropertyValueSpecification","valueRequired":true,"valueName":"search_term_string"}}],"inLanguage":"fi"}]}},"_links":{"self":[{"href":"https:\/\/www.visitsaimaa.fi\/fi\/wp-json\/wp\/v2\/pages\/13908","targetHints":{"allow":["GET"]}}],"collection":[{"href":"https:\/\/www.visitsaimaa.fi\/fi\/wp-json\/wp\/v2\/pages"}],"about":[{"href":"https:\/\/www.visitsaimaa.fi\/fi\/wp-json\/wp\/v2\/types\/page"}],"author":[{"embeddable":true,"href":"https:\/\/www.visitsaimaa.fi\/fi\/wp-json\/wp\/v2\/users\/46"}],"replies":[{"embeddable":true,"href":"https:\/\/www.visitsaimaa.fi\/fi\/wp-json\/wp\/v2\/comments?post=13908"}],"version-history":[{"count":12,"href":"https:\/\/www.visitsaimaa.fi\/fi\/wp-json\/wp\/v2\/pages\/13908\/revisions"}],"predecessor-version":[{"id":32218,"href":"https:\/\/www.visitsaimaa.fi\/fi\/wp-json\/wp\/v2\/pages\/13908\/revisions\/32218"}],"up":[{"embeddable":true,"href":"https:\/\/www.visitsaimaa.fi\/fi\/wp-json\/wp\/v2\/pages\/29046"}],"wp:attachment":[{"href":"https:\/\/www.visitsaimaa.fi\/fi\/wp-json\/wp\/v2\/media?parent=13908"}],"wp:term":[{"taxonomy":"relatedcontent","embeddable":true,"href":"https:\/\/www.visitsaimaa.fi\/fi\/wp-json\/wp\/v2\/relatedcontent?post=13908"}],"curies":[{"name":"wp","href":"https:\/\/api.w.org\/{rel}","templated":true}]}}