{"id":13648,"date":"2019-09-11T10:26:56","date_gmt":"2019-09-11T07:26:56","guid":{"rendered":"https:\/\/www.visitsaimaa.fi\/?page_id=13648"},"modified":"2024-02-02T13:58:49","modified_gmt":"2024-02-02T11:58:49","slug":"tertin-kartano","status":"publish","type":"page","link":"https:\/\/www.visitsaimaa.fi\/fi\/saimaan-charmantit\/tertin-kartano\/","title":{"rendered":"Tertin kartano"},"content":{"rendered":"<p>[vc_row full_width=&#8221;stretch_row_content_no_spaces&#8221; parallax=&#8221;content-moving-fade&#8221; parallax_image=&#8221;14339&#8243; css=&#8221;.vc_custom_1569584798006{padding-top: 700px !important;}&#8221;][vc_column][\/vc_column][\/vc_row][vc_row][vc_column][vc_column_text]<\/p>\n<h1 style=\"text-align: center;\">Tertin Kartano<\/h1>\n<p style=\"text-align: center;\"><strong>\u201dKoivukujan p\u00e4\u00e4ss\u00e4, lammen heijastuksessa avautuu portti Tertin Kartanon tunnelmaan. Jos vain sein\u00e4t osaisivat kertoa, kuulisimme mit\u00e4 tapahtui 1600 -luvun rusthollissa ja ratsutilalla. Mit\u00e4 p\u00e4iv\u00e4llisp\u00f6yd\u00e4ss\u00e4 puhuttiin, ja kuinka herrasv\u00e4ki eli arkea? Suvun kartanoperinteet el\u00e4v\u00e4t t\u00e4n\u00e4kin p\u00e4iv\u00e4n\u00e4 etel\u00e4isess\u00e4 Savossa, Tertin kartanossa. L\u00e4mpim\u00e4sti tervetuloa vieraaksemme el\u00e4mykselliseen pihapiiriin\u201c<\/strong><\/p>\n<p style=\"text-align: center;\"><strong>Pihapiiriss\u00e4 palvelee kartanoravintola, herkkupuoti, kahvila ja kodikas farmihotelli. Kahvila &amp; Herkkupuoti sek\u00e4 hotelli ovat avoinna ymp\u00e4ri vuoden. Kokoukset, aktiviteetit ja juhlatilaisuudet j\u00e4rjest\u00e4mme yli 40-vuoden kokemuksella.<\/strong><\/p>\n<h2 style=\"text-align: center;\">Tertin Kartano kutsuu modernille makumatkalle<\/h2>\n<p style=\"text-align: center;\">El\u00e4myksellinen kartanon pihapiiri kutsuu herkutteluhetkille, Deli- ja sisustusostoksille ja y\u00f6pym\u00e4\u00e4n hotelliin. Omien peltojen, kasvimaiden ja puutarhojen antimet on jalostettu laadukkaiksi Gourmet-tuotteiksi ja s\u00e4il\u00f6tty ravintolavieraiden nautittaviksi. Pitkien ruokaperinteiden innoittamana on my\u00f6s julkaistu oma keittokirja. Kartanon pihapiiri on ymp\u00e4ri vuoden avoinna. Oman lis\u00e4ns\u00e4 vierailuun tuo tutustuminen pihapiiri\u00e4 ymp\u00e4r\u00f6iv\u00e4\u00e4n puutarhaan ja maalaismaisemaan. <strong>Ravintola-, kahvila-, puoti- ja hotellipalvelujen<\/strong> lis\u00e4ksi kartano tarjoaa kattavat <strong>juhla- ja aktiviteettipalvelut<\/strong>.<\/p>\n<h2 style=\"text-align: center;\">Pitk\u00e4t perinteet ulottuvat 1600-luvulle asti<\/h2>\n<p style=\"text-align: center;\">Kartanoa is\u00e4nn\u00f6i jo nelj\u00e4tt\u00e4 sukupolvea Pylkk\u00e4sen perhe. 1600-luvulla perustetussa rusthollissa ja ratsutilalla on jo vuosisatoja viljelty maata, kasvatettu hevosia ja lampaita sek\u00e4 pidetty lypsykarjaa. Vuosien varrella tilalla on toiminut jalostuslampola, oma meijeri ja jopa meijerikoulu. Tertin keitti\u00f6ss\u00e4 onkin vuosisatojen ajan opittu valmistamaan laadukasta ruokaa kaikille hyv\u00e4n ruuan yst\u00e4ville.<\/p>\n<h2 style=\"text-align: center;\">Maailman parhaiden ravintoloiden joukossa<\/h2>\n<p style=\"text-align: center;\"><span class=\"ui-provider a b c d e f g h i j k l m n o p q r s t u v w x y z ab ac ae af ag ah ai aj ak\" dir=\"ltr\">National Geographic lehti nosti Tertin kartanon vuoden 2024 maailman parhaiden ravintoloiden listalle. Lehti valitsi maailmasta 21 ravintolaa, joihin kannattaa matkustaa makujen per\u00e4ss\u00e4. Lehti kehuu kartanohotellin ymp\u00e4rist\u00f6\u00e4 hedelm\u00e4- ja yrttitarhoineen. ja mainitsee\u00a0ruokalistalta lepp\u00e4savulohen, fasaanipateen ja paikan p\u00e4\u00e4lt\u00e4 poimituilla mesiangervonkukilla maustetun kakun.\u00a0\u00a0<\/span><\/p>\n<p>[\/vc_column_text][vc_single_image image=&#8221;14363&#8243; img_size=&#8221;&#8221; alignment=&#8221;center&#8221;][\/vc_column][\/vc_row][vc_row equal_height=&#8221;yes&#8221;][vc_column width=&#8221;1\/5&#8243;][vc_single_image image=&#8221;13671&#8243; img_size=&#8221;500&#215;500&#8243; onclick=&#8221;link_image&#8221;][\/vc_column][vc_column width=&#8221;1\/5&#8243;][vc_single_image image=&#8221;13679&#8243; img_size=&#8221;500&#215;500&#8243; onclick=&#8221;link_image&#8221;][\/vc_column][vc_column width=&#8221;1\/5&#8243;][vc_single_image image=&#8221;13683&#8243; img_size=&#8221;500&#215;500&#8243; onclick=&#8221;link_image&#8221;][\/vc_column][vc_column width=&#8221;1\/5&#8243;][vc_single_image image=&#8221;13675&#8243; img_size=&#8221;500&#215;500&#8243; onclick=&#8221;link_image&#8221;][\/vc_column][vc_column width=&#8221;1\/5&#8243;][vc_single_image image=&#8221;13687&#8243; img_size=&#8221;500&#215;500&#8243; onclick=&#8221;link_image&#8221;][\/vc_column][\/vc_row][vc_row full_width=&#8221;stretch_row&#8221; css=&#8221;.vc_custom_1568187635209{padding-top: 50px !important;padding-bottom: 50px !important;background-color: #efefef !important;}&#8221;][vc_column][vc_row_inner][vc_column_inner][vc_column_text]<\/p>\n<p style=\"text-align: center\"><strong>Tertin Kartano<\/strong><br \/>\nKuopiontie 68<br \/>\n50350 Mikkeli<br \/>\n(015) 176012<br \/>\ntertti@tertinkartano.fi<\/p>\n<p style=\"text-align: center\">Avoinna ymp\u00e4ri vuoden.<\/p>\n<p style=\"text-align: center\"><a href=\"https:\/\/www.tertinkartano.fi\">www.tertinkartano.fi<\/a><br \/>\n<a href=\"https:\/\/www.instagram.com\/tertti\/\">Instagram<\/a><br \/>\n<a href=\"https:\/\/www.facebook.com\/Tertinkartano\">Facebook<\/a>[\/vc_column_text][\/vc_column_inner][\/vc_row_inner][\/vc_column][\/vc_row]<\/p>\n","protected":false},"excerpt":{"rendered":"<p>[vc_row full_width=&#8221;stretch_row_content_no_spaces&#8221; parallax=&#8221;content-moving-fade&#8221; parallax_image=&#8221;14339&#8243; css=&#8221;.vc_custom_1569584798006{padding-top: 700px !important;}&#8221;][vc_column][\/vc_column][\/vc_row][vc_row][vc_column][vc_column_text] Tertin Kartano \u201dKoivukujan p\u00e4\u00e4ss\u00e4, lammen heijastuksessa avautuu portti Tertin Kartanon tunnelmaan. Jos vain sein\u00e4t osaisivat kertoa, kuulisimme mit\u00e4 tapahtui 1600 -luvun rusthollissa ja [&hellip;]<\/p>\n","protected":false},"author":46,"featured_media":0,"parent":13297,"menu_order":0,"comment_status":"closed","ping_status":"closed","template":"","meta":{"footnotes":""},"relatedcontent":[],"class_list":{"0":"post-13648","1":"page","2":"type-page","3":"status-publish","4":"hentry","6":"priority-3"},"yoast_head":"<!-- This site is optimized with the Yoast SEO Premium plugin v27.3 (Yoast SEO v27.5) - https:\/\/yoast.com\/product\/yoast-seo-premium-wordpress\/ -->\n<title>Tertin kartano - Visit Saimaa<\/title>\n<meta name=\"description\" content=\"Tertin Kartano \u201dKoivukujan p\u00e4\u00e4ss\u00e4, lammen heijastuksessa avautuu portti Tertin Kartanon tunnelmaan. Jos vain sein\u00e4t osaisivat kertoa, kuulisimme mit\u00e4\" \/>\n<meta name=\"robots\" content=\"index, follow, max-snippet:-1, max-image-preview:large, max-video-preview:-1\" \/>\n<link rel=\"canonical\" href=\"https:\/\/www.visitsaimaa.fi\/fi\/saimaan-charmantit\/tertin-kartano\/\" \/>\n<meta property=\"og:locale\" content=\"fi_FI\" \/>\n<meta property=\"og:type\" content=\"article\" \/>\n<meta property=\"og:title\" content=\"Tertin kartano\" \/>\n<meta property=\"og:description\" content=\"Tertin Kartano \u201dKoivukujan p\u00e4\u00e4ss\u00e4, lammen heijastuksessa avautuu portti Tertin Kartanon tunnelmaan. Jos vain sein\u00e4t osaisivat kertoa, kuulisimme mit\u00e4\" \/>\n<meta property=\"og:url\" content=\"https:\/\/www.visitsaimaa.fi\/fi\/saimaan-charmantit\/tertin-kartano\/\" \/>\n<meta property=\"og:site_name\" content=\"Visit Saimaa\" \/>\n<meta property=\"article:modified_time\" content=\"2024-02-02T11:58:49+00:00\" \/>\n<meta name=\"twitter:label1\" content=\"Arvioitu lukuaika\" \/>\n\t<meta name=\"twitter:data1\" content=\"2 minuuttia\" \/>\n<script type=\"application\/ld+json\" class=\"yoast-schema-graph\">{\"@context\":\"https:\\\/\\\/schema.org\",\"@graph\":[{\"@type\":\"WebPage\",\"@id\":\"https:\\\/\\\/www.visitsaimaa.fi\\\/fi\\\/saimaan-charmantit\\\/tertin-kartano\\\/\",\"url\":\"https:\\\/\\\/www.visitsaimaa.fi\\\/fi\\\/saimaan-charmantit\\\/tertin-kartano\\\/\",\"name\":\"Tertin kartano - Visit Saimaa\",\"isPartOf\":{\"@id\":\"https:\\\/\\\/www.visitsaimaa.fi\\\/fi\\\/#website\"},\"datePublished\":\"2019-09-11T07:26:56+00:00\",\"dateModified\":\"2024-02-02T11:58:49+00:00\",\"description\":\"Tertin Kartano \u201dKoivukujan p\u00e4\u00e4ss\u00e4, lammen heijastuksessa avautuu portti Tertin Kartanon tunnelmaan. Jos vain sein\u00e4t osaisivat kertoa, kuulisimme mit\u00e4\",\"breadcrumb\":{\"@id\":\"https:\\\/\\\/www.visitsaimaa.fi\\\/fi\\\/saimaan-charmantit\\\/tertin-kartano\\\/#breadcrumb\"},\"inLanguage\":\"fi\",\"potentialAction\":[{\"@type\":\"ReadAction\",\"target\":[\"https:\\\/\\\/www.visitsaimaa.fi\\\/fi\\\/saimaan-charmantit\\\/tertin-kartano\\\/\"]}]},{\"@type\":\"BreadcrumbList\",\"@id\":\"https:\\\/\\\/www.visitsaimaa.fi\\\/fi\\\/saimaan-charmantit\\\/tertin-kartano\\\/#breadcrumb\",\"itemListElement\":[{\"@type\":\"ListItem\",\"position\":1,\"name\":\"Visit Saimaa\",\"item\":\"https:\\\/\\\/www.visitsaimaa.fi\\\/fi\\\/\"},{\"@type\":\"ListItem\",\"position\":2,\"name\":\"Saimaan Charmantit\",\"item\":\"https:\\\/\\\/www.visitsaimaa.fi\\\/fi\\\/saimaan-charmantit\\\/\"},{\"@type\":\"ListItem\",\"position\":3,\"name\":\"Tertin kartano\"}]},{\"@type\":\"WebSite\",\"@id\":\"https:\\\/\\\/www.visitsaimaa.fi\\\/fi\\\/#website\",\"url\":\"https:\\\/\\\/www.visitsaimaa.fi\\\/fi\\\/\",\"name\":\"Visit Saimaa\",\"description\":\"The Official Travel Guide of Lakeland Saimaa\",\"potentialAction\":[{\"@type\":\"SearchAction\",\"target\":{\"@type\":\"EntryPoint\",\"urlTemplate\":\"https:\\\/\\\/www.visitsaimaa.fi\\\/fi\\\/?s={search_term_string}\"},\"query-input\":{\"@type\":\"PropertyValueSpecification\",\"valueRequired\":true,\"valueName\":\"search_term_string\"}}],\"inLanguage\":\"fi\"}]}<\/script>\n<!-- \/ Yoast SEO Premium plugin. -->","yoast_head_json":{"title":"Tertin kartano - Visit Saimaa","description":"Tertin Kartano \u201dKoivukujan p\u00e4\u00e4ss\u00e4, lammen heijastuksessa avautuu portti Tertin Kartanon tunnelmaan. Jos vain sein\u00e4t osaisivat kertoa, kuulisimme mit\u00e4","robots":{"index":"index","follow":"follow","max-snippet":"max-snippet:-1","max-image-preview":"max-image-preview:large","max-video-preview":"max-video-preview:-1"},"canonical":"https:\/\/www.visitsaimaa.fi\/fi\/saimaan-charmantit\/tertin-kartano\/","og_locale":"fi_FI","og_type":"article","og_title":"Tertin kartano","og_description":"Tertin Kartano \u201dKoivukujan p\u00e4\u00e4ss\u00e4, lammen heijastuksessa avautuu portti Tertin Kartanon tunnelmaan. Jos vain sein\u00e4t osaisivat kertoa, kuulisimme mit\u00e4","og_url":"https:\/\/www.visitsaimaa.fi\/fi\/saimaan-charmantit\/tertin-kartano\/","og_site_name":"Visit Saimaa","article_modified_time":"2024-02-02T11:58:49+00:00","twitter_misc":{"Arvioitu lukuaika":"2 minuuttia"},"schema":{"@context":"https:\/\/schema.org","@graph":[{"@type":"WebPage","@id":"https:\/\/www.visitsaimaa.fi\/fi\/saimaan-charmantit\/tertin-kartano\/","url":"https:\/\/www.visitsaimaa.fi\/fi\/saimaan-charmantit\/tertin-kartano\/","name":"Tertin kartano - Visit Saimaa","isPartOf":{"@id":"https:\/\/www.visitsaimaa.fi\/fi\/#website"},"datePublished":"2019-09-11T07:26:56+00:00","dateModified":"2024-02-02T11:58:49+00:00","description":"Tertin Kartano \u201dKoivukujan p\u00e4\u00e4ss\u00e4, lammen heijastuksessa avautuu portti Tertin Kartanon tunnelmaan. Jos vain sein\u00e4t osaisivat kertoa, kuulisimme mit\u00e4","breadcrumb":{"@id":"https:\/\/www.visitsaimaa.fi\/fi\/saimaan-charmantit\/tertin-kartano\/#breadcrumb"},"inLanguage":"fi","potentialAction":[{"@type":"ReadAction","target":["https:\/\/www.visitsaimaa.fi\/fi\/saimaan-charmantit\/tertin-kartano\/"]}]},{"@type":"BreadcrumbList","@id":"https:\/\/www.visitsaimaa.fi\/fi\/saimaan-charmantit\/tertin-kartano\/#breadcrumb","itemListElement":[{"@type":"ListItem","position":1,"name":"Visit Saimaa","item":"https:\/\/www.visitsaimaa.fi\/fi\/"},{"@type":"ListItem","position":2,"name":"Saimaan Charmantit","item":"https:\/\/www.visitsaimaa.fi\/fi\/saimaan-charmantit\/"},{"@type":"ListItem","position":3,"name":"Tertin kartano"}]},{"@type":"WebSite","@id":"https:\/\/www.visitsaimaa.fi\/fi\/#website","url":"https:\/\/www.visitsaimaa.fi\/fi\/","name":"Visit Saimaa","description":"The Official Travel Guide of Lakeland Saimaa","potentialAction":[{"@type":"SearchAction","target":{"@type":"EntryPoint","urlTemplate":"https:\/\/www.visitsaimaa.fi\/fi\/?s={search_term_string}"},"query-input":{"@type":"PropertyValueSpecification","valueRequired":true,"valueName":"search_term_string"}}],"inLanguage":"fi"}]}},"_links":{"self":[{"href":"https:\/\/www.visitsaimaa.fi\/fi\/wp-json\/wp\/v2\/pages\/13648","targetHints":{"allow":["GET"]}}],"collection":[{"href":"https:\/\/www.visitsaimaa.fi\/fi\/wp-json\/wp\/v2\/pages"}],"about":[{"href":"https:\/\/www.visitsaimaa.fi\/fi\/wp-json\/wp\/v2\/types\/page"}],"author":[{"embeddable":true,"href":"https:\/\/www.visitsaimaa.fi\/fi\/wp-json\/wp\/v2\/users\/46"}],"replies":[{"embeddable":true,"href":"https:\/\/www.visitsaimaa.fi\/fi\/wp-json\/wp\/v2\/comments?post=13648"}],"version-history":[{"count":1,"href":"https:\/\/www.visitsaimaa.fi\/fi\/wp-json\/wp\/v2\/pages\/13648\/revisions"}],"predecessor-version":[{"id":29710,"href":"https:\/\/www.visitsaimaa.fi\/fi\/wp-json\/wp\/v2\/pages\/13648\/revisions\/29710"}],"up":[{"embeddable":true,"href":"https:\/\/www.visitsaimaa.fi\/fi\/wp-json\/wp\/v2\/pages\/13297"}],"wp:attachment":[{"href":"https:\/\/www.visitsaimaa.fi\/fi\/wp-json\/wp\/v2\/media?parent=13648"}],"wp:term":[{"taxonomy":"relatedcontent","embeddable":true,"href":"https:\/\/www.visitsaimaa.fi\/fi\/wp-json\/wp\/v2\/relatedcontent?post=13648"}],"curies":[{"name":"wp","href":"https:\/\/api.w.org\/{rel}","templated":true}]}}