{"id":13297,"date":"2019-09-09T13:02:23","date_gmt":"2019-09-09T10:02:23","guid":{"rendered":"https:\/\/www.visitsaimaa.fi\/?page_id=13297"},"modified":"2025-12-15T20:40:54","modified_gmt":"2025-12-15T18:40:54","slug":"saimaan-charmantit","status":"publish","type":"page","link":"https:\/\/www.visitsaimaa.fi\/fi\/saimaan-charmantit\/","title":{"rendered":"Saimaan Charmantit"},"content":{"rendered":"<p>[vc_row full_width=&#8221;stretch_row_content_no_spaces&#8221; parallax=&#8221;content-moving-fade&#8221; parallax_image=&#8221;32353&#8243; css=&#8221;.vc_custom_1757501371262{padding-top: 250px !important;padding-bottom: 250px !important;}&#8221;][vc_column][vc_column_text css=&#8221;&#8221;]<\/p>\n<h2 class=\"montserrat\" style=\"text-align: center;\"><span style=\"color: #ffffff; font-size: 5rem; letter-spacing: .3em;\"><span style=\"font-weight: 500;\"><a href=\"https:\/\/www.visitsaimaa.fi\/wp-content\/uploads\/2019\/09\/SaimaanCharmantit_Quality250.png\"><img loading=\"lazy\" decoding=\"async\" class=\"alignnone size-full wp-image-14363\" src=\"https:\/\/www.visitsaimaa.fi\/wp-content\/uploads\/2019\/09\/SaimaanCharmantit_Quality250.png\" alt=\"\" width=\"250\" height=\"256\" \/><\/a><\/span><\/span><\/h2>\n<p>[\/vc_column_text][\/vc_column][\/vc_row][vc_row css=&#8221;.vc_custom_1567421184936{margin-bottom: 50px !important;}&#8221;][vc_column width=&#8221;1\/6&#8243;][\/vc_column][vc_column width=&#8221;2\/3&#8243;][vc_column_text css=&#8221;&#8221;]<\/p>\n<h1 style=\"text-align: center;\"><span style=\"color: #800000;\">Saimaan Charmantit<\/span><\/h1>\n<h3 class=\"playfair\" style=\"text-align: center;\"><span style=\"color: #800000;\">Uniikit k\u00e4yntikohteet Saimaalla<\/span><\/h3>\n<p>&nbsp;<\/p>\n<p style=\"text-align: center;\">Tervetuloa tutustumaan meihin, Saimaan Charmantteihin! Meit\u00e4 on t\u00e4\u00e4ll\u00e4 kaikkiaan 12 pient\u00e4 ja tasokasta, samanhenkist\u00e4 matkailuyrityst\u00e4. Jokaisella meist\u00e4 on hieno tarina ja pitk\u00e4 historia, milj\u00f6\u00f6mme ovat kauniita ja keitti\u00f6mme ovat l\u00e4hiruokaan erikoistuneita. Meill\u00e4 majoitut laadukkaasti. Meill\u00e4 hurmaannut mauista. Meill\u00e4 nautit huolella valmistettua ruokaa viihtyisiss\u00e4 ravintoloissamme. Kokeilet paikallisia kalaherkkuja ja maistelet maan parhaita leivonnaisia. Meill\u00e4 unohdat kiireesi. Vanhoissa pihapiireiss\u00e4mme ja puutarhoissamme koet ihmeellist\u00e4 onnentunnetta. L\u00f6yd\u00e4t mets\u00e4polut ja huikean kauniit j\u00e4rvimaisemat. Saunot, uit, kalastat. Kuuntelet kes\u00e4y\u00f6n maagisia \u00e4\u00e4ni\u00e4. Shoppailet. Teet l\u00f6yt\u00f6j\u00e4 puodeissamme. Itsellesi, kotiin, tuliaisiksi. Kaipaat lavatansseihin ja kes\u00e4teatteriin? Haluat toritapahtumaan, taiden\u00e4yttelyyn, konserttiin, oopperaan&#8230; j\u00e4rjestyy!<\/p>\n<p>&nbsp;<\/p>\n<p style=\"text-align: center;\"><span style=\"color: #800000;\"><strong>Me olemme Saimaan Charmantit. Tunnemme toisemme. Uskallamme suositella toisiamme, sill\u00e4 jo vuodesta 2003 olemme tehneet yhteisty\u00f6t\u00e4, ett\u00e4 vieraamme viihtyisiv\u00e4t. T\u00e4\u00e4lt\u00e4 Etel\u00e4-Savosta l\u00f6ytyy ihan kaikkea! Rentoa meininki\u00e4, mukavia ihmisi\u00e4. H\u00f6yrylaivojakin.<\/strong><\/span><\/p>\n<h3 style=\"text-align: center;\"><span style=\"color: #800000;\"><strong>Odottelemme jo sinua, tervetuloa!<\/strong><\/span><\/h3>\n<p>[\/vc_column_text][\/vc_column][vc_column width=&#8221;1\/6&#8243;][\/vc_column][\/vc_row][vc_row equal_height=&#8221;yes&#8221;][vc_column width=&#8221;1\/2&#8243; css=&#8221;.vc_custom_1570100176898{padding-top: 260px !important;padding-bottom: 20px !important;background-image: url(https:\/\/www.visitsaimaa.fi\/wp-content\/uploads\/2019\/09\/Loikansaaren_lomamokit_1.jpg?id=14099) !important;background-position: center !important;background-repeat: no-repeat !important;background-size: cover !important;}&#8221;][vc_btn title=&#8221;Loikansaaren lomam\u00f6kit&#8221; style=&#8221;flat&#8221; shape=&#8221;square&#8221; color=&#8221;black&#8221; size=&#8221;lg&#8221; align=&#8221;center&#8221; el_class=&#8221;btn-saimaa&#8221; link=&#8221;url:https%3A%2F%2Fwww.visitsaimaa.fi%2Ffi%2Fsaimaan-charmantit%2Floikansaaren-lomamokit%2F|title:Loikansaaren%20lomam%C3%B6kit||&#8221;][\/vc_column][vc_column width=&#8221;1\/2&#8243; css=&#8221;.vc_custom_1733836932240{padding-top: 260px !important;padding-bottom: 20px !important;background-image: url(https:\/\/www.visitsaimaa.fi\/wp-content\/uploads\/2020\/05\/Wallenius-Kenk-vero12-scaled.jpg?id=16103) !important;background-position: center !important;background-repeat: no-repeat !important;background-size: cover !important;}&#8221;][vc_btn title=&#8221;Kenk\u00e4vero&#8221; style=&#8221;flat&#8221; shape=&#8221;square&#8221; color=&#8221;black&#8221; size=&#8221;lg&#8221; align=&#8221;center&#8221; el_class=&#8221;btn-saimaa&#8221; link=&#8221;url:https%3A%2F%2Fwww.visitsaimaa.fi%2Ffi%2Fsaimaan-charmantit%2Fkenkavero%2F|title:Kenk%C3%A4vero||&#8221;][\/vc_column][\/vc_row][vc_row equal_height=&#8221;yes&#8221;][vc_column width=&#8221;1\/2&#8243; css=&#8221;.vc_custom_1570100534917{padding-top: 260px !important;padding-bottom: 20px !important;background-image: url(https:\/\/www.visitsaimaa.fi\/wp-content\/uploads\/2019\/09\/Sahanlahti_1.jpg?id=13969) !important;background-position: center !important;background-repeat: no-repeat !important;background-size: cover !important;}&#8221;][vc_btn title=&#8221;Sahanlahti Resort&#8221; style=&#8221;flat&#8221; shape=&#8221;square&#8221; color=&#8221;black&#8221; size=&#8221;lg&#8221; align=&#8221;center&#8221; el_class=&#8221;btn-saimaa&#8221; link=&#8221;url:https%3A%2F%2Fwww.visitsaimaa.fi%2Ffi%2Fsaimaan-charmantit%2Fsahanlahti-resort%2F|title:Sahanlahti%20Resort||&#8221;][\/vc_column][vc_column width=&#8221;1\/2&#8243; css=&#8221;.vc_custom_1683191217852{padding-top: 260px !important;padding-bottom: 20px !important;background-image: url(https:\/\/www.visitsaimaa.fi\/wp-content\/uploads\/2021\/06\/Tynkkylan-lomaniemi-1.png?id=22896) !important;background-position: center !important;background-repeat: no-repeat !important;background-size: cover !important;}&#8221;][vc_btn title=&#8221;Tynkkyl\u00e4n Lomaniemi&#8221; style=&#8221;flat&#8221; shape=&#8221;square&#8221; color=&#8221;black&#8221; size=&#8221;lg&#8221; align=&#8221;center&#8221; el_class=&#8221;btn-saimaa&#8221; link=&#8221;url:https%3A%2F%2Fwww.visitsaimaa.fi%2Ffi%2Fsaimaan-charmantit%2Ftynkkylan-lomaniemi%2F|title:Tynkkyl%C3%A4n%20Lomaniemi||&#8221;][\/vc_column][\/vc_row][vc_row equal_height=&#8221;yes&#8221; css=&#8221;.vc_custom_1569415567405{margin-bottom: 50px !important;}&#8221;][vc_column width=&#8221;1\/2&#8243; css=&#8221;.vc_custom_1733833536459{padding-top: 260px !important;padding-bottom: 20px !important;background-image: url(https:\/\/www.visitsaimaa.fi\/wp-content\/uploads\/2022\/02\/Teahouse_21-1-2021_fullres-65-scaled.jpg?id=25540) !important;background-position: center !important;background-repeat: no-repeat !important;background-size: cover !important;}&#8221;][vc_btn title=&#8221;TeaHouse of Wehmais&#8221; style=&#8221;flat&#8221; shape=&#8221;square&#8221; color=&#8221;black&#8221; size=&#8221;lg&#8221; align=&#8221;center&#8221; el_class=&#8221;btn-saimaa&#8221; link=&#8221;url:https%3A%2F%2Fwww.visitsaimaa.fi%2Ffi%2Fsaimaan-charmantit%2Fteahouse-of-wehmais%2F|title:TeaHouse%20of%20Wehmais||&#8221;][\/vc_column][vc_column width=&#8221;1\/2&#8243; css=&#8221;.vc_custom_1570100523733{padding-top: 260px !important;padding-bottom: 20px !important;background-image: url(https:\/\/www.visitsaimaa.fi\/wp-content\/uploads\/2019\/09\/Tertin_Kartano_KARTANO_LUXURY.jpg?id=13667) !important;background-position: center !important;background-repeat: no-repeat !important;background-size: cover !important;}&#8221;][vc_btn title=&#8221;Tertin Kartano&#8221; style=&#8221;flat&#8221; shape=&#8221;square&#8221; color=&#8221;black&#8221; size=&#8221;lg&#8221; align=&#8221;center&#8221; el_class=&#8221;btn-saimaa&#8221; link=&#8221;url:https%3A%2F%2Fwww.visitsaimaa.fi%2Ffi%2Fsaimaan-charmantit%2Ftertin-kartano%2F|title:Tertin%20Kartano||&#8221;][\/vc_column][\/vc_row]<\/p>\n","protected":false},"excerpt":{"rendered":"<p>[vc_row full_width=&#8221;stretch_row_content_no_spaces&#8221; parallax=&#8221;content-moving-fade&#8221; parallax_image=&#8221;32353&#8243; css=&#8221;.vc_custom_1757501371262{padding-top: 250px !important;padding-bottom: 250px !important;}&#8221;][vc_column][vc_column_text css=&#8221;&#8221;] [\/vc_column_text][\/vc_column][\/vc_row][vc_row css=&#8221;.vc_custom_1567421184936{margin-bottom: 50px !important;}&#8221;][vc_column width=&#8221;1\/6&#8243;][\/vc_column][vc_column width=&#8221;2\/3&#8243;][vc_column_text css=&#8221;&#8221;] Saimaan Charmantit Uniikit k\u00e4yntikohteet Saimaalla &nbsp; Tervetuloa tutustumaan meihin, Saimaan Charmantteihin! Meit\u00e4 on [&hellip;]<\/p>\n","protected":false},"author":46,"featured_media":0,"parent":0,"menu_order":0,"comment_status":"closed","ping_status":"closed","template":"","meta":{"footnotes":""},"relatedcontent":[],"class_list":{"0":"post-13297","1":"page","2":"type-page","3":"status-publish","4":"hentry","6":"priority-3"},"yoast_head":"<!-- This site is optimized with the Yoast SEO Premium plugin v27.3 (Yoast SEO v27.5) - https:\/\/yoast.com\/product\/yoast-seo-premium-wordpress\/ -->\n<title>Saimaan Charmantit - Visit Saimaa<\/title>\n<meta name=\"description\" content=\"Saimaan Charmantit Uniikit k\u00e4yntikohteet Saimaalla &nbsp; Tervetuloa tutustumaan meihin, Saimaan Charmantteihin! Meit\u00e4 on t\u00e4\u00e4ll\u00e4 kaikkiaan 12 pient\u00e4 ja\" \/>\n<meta name=\"robots\" content=\"index, follow, max-snippet:-1, max-image-preview:large, max-video-preview:-1\" \/>\n<link rel=\"canonical\" href=\"https:\/\/www.visitsaimaa.fi\/fi\/saimaan-charmantit\/\" \/>\n<meta property=\"og:locale\" content=\"fi_FI\" \/>\n<meta property=\"og:type\" content=\"article\" \/>\n<meta property=\"og:title\" content=\"Saimaan Charmantit\" \/>\n<meta property=\"og:description\" content=\"Saimaan Charmantit Uniikit k\u00e4yntikohteet Saimaalla &nbsp; Tervetuloa tutustumaan meihin, Saimaan Charmantteihin! Meit\u00e4 on t\u00e4\u00e4ll\u00e4 kaikkiaan 12 pient\u00e4 ja\" \/>\n<meta property=\"og:url\" content=\"https:\/\/www.visitsaimaa.fi\/fi\/saimaan-charmantit\/\" \/>\n<meta property=\"og:site_name\" content=\"Visit Saimaa\" \/>\n<meta property=\"article:modified_time\" content=\"2025-12-15T18:40:54+00:00\" \/>\n<meta property=\"og:image\" content=\"https:\/\/www.visitsaimaa.fi\/wp-content\/uploads\/2019\/09\/SaimaanCharmantit_Quality250.png\" \/>\n<meta name=\"twitter:label1\" content=\"Arvioitu lukuaika\" \/>\n\t<meta name=\"twitter:data1\" content=\"3 minuuttia\" \/>\n<script type=\"application\/ld+json\" class=\"yoast-schema-graph\">{\"@context\":\"https:\\\/\\\/schema.org\",\"@graph\":[{\"@type\":\"WebPage\",\"@id\":\"https:\\\/\\\/www.visitsaimaa.fi\\\/fi\\\/saimaan-charmantit\\\/\",\"url\":\"https:\\\/\\\/www.visitsaimaa.fi\\\/fi\\\/saimaan-charmantit\\\/\",\"name\":\"Saimaan Charmantit - Visit Saimaa\",\"isPartOf\":{\"@id\":\"https:\\\/\\\/www.visitsaimaa.fi\\\/fi\\\/#website\"},\"primaryImageOfPage\":{\"@id\":\"https:\\\/\\\/www.visitsaimaa.fi\\\/fi\\\/saimaan-charmantit\\\/#primaryimage\"},\"image\":{\"@id\":\"https:\\\/\\\/www.visitsaimaa.fi\\\/fi\\\/saimaan-charmantit\\\/#primaryimage\"},\"thumbnailUrl\":\"https:\\\/\\\/www.visitsaimaa.fi\\\/wp-content\\\/uploads\\\/2019\\\/09\\\/SaimaanCharmantit_Quality250.png\",\"datePublished\":\"2019-09-09T10:02:23+00:00\",\"dateModified\":\"2025-12-15T18:40:54+00:00\",\"description\":\"Saimaan Charmantit Uniikit k\u00e4yntikohteet Saimaalla &nbsp; Tervetuloa tutustumaan meihin, Saimaan Charmantteihin! Meit\u00e4 on t\u00e4\u00e4ll\u00e4 kaikkiaan 12 pient\u00e4 ja\",\"breadcrumb\":{\"@id\":\"https:\\\/\\\/www.visitsaimaa.fi\\\/fi\\\/saimaan-charmantit\\\/#breadcrumb\"},\"inLanguage\":\"fi\",\"potentialAction\":[{\"@type\":\"ReadAction\",\"target\":[\"https:\\\/\\\/www.visitsaimaa.fi\\\/fi\\\/saimaan-charmantit\\\/\"]}]},{\"@type\":\"ImageObject\",\"inLanguage\":\"fi\",\"@id\":\"https:\\\/\\\/www.visitsaimaa.fi\\\/fi\\\/saimaan-charmantit\\\/#primaryimage\",\"url\":\"https:\\\/\\\/www.visitsaimaa.fi\\\/wp-content\\\/uploads\\\/2019\\\/09\\\/SaimaanCharmantit_Quality250.png\",\"contentUrl\":\"https:\\\/\\\/www.visitsaimaa.fi\\\/wp-content\\\/uploads\\\/2019\\\/09\\\/SaimaanCharmantit_Quality250.png\"},{\"@type\":\"BreadcrumbList\",\"@id\":\"https:\\\/\\\/www.visitsaimaa.fi\\\/fi\\\/saimaan-charmantit\\\/#breadcrumb\",\"itemListElement\":[{\"@type\":\"ListItem\",\"position\":1,\"name\":\"Visit Saimaa\",\"item\":\"https:\\\/\\\/www.visitsaimaa.fi\\\/fi\\\/\"},{\"@type\":\"ListItem\",\"position\":2,\"name\":\"Saimaan Charmantit\"}]},{\"@type\":\"WebSite\",\"@id\":\"https:\\\/\\\/www.visitsaimaa.fi\\\/fi\\\/#website\",\"url\":\"https:\\\/\\\/www.visitsaimaa.fi\\\/fi\\\/\",\"name\":\"Visit Saimaa\",\"description\":\"The Official Travel Guide of Lakeland Saimaa\",\"potentialAction\":[{\"@type\":\"SearchAction\",\"target\":{\"@type\":\"EntryPoint\",\"urlTemplate\":\"https:\\\/\\\/www.visitsaimaa.fi\\\/fi\\\/?s={search_term_string}\"},\"query-input\":{\"@type\":\"PropertyValueSpecification\",\"valueRequired\":true,\"valueName\":\"search_term_string\"}}],\"inLanguage\":\"fi\"}]}<\/script>\n<!-- \/ Yoast SEO Premium plugin. -->","yoast_head_json":{"title":"Saimaan Charmantit - Visit Saimaa","description":"Saimaan Charmantit Uniikit k\u00e4yntikohteet Saimaalla &nbsp; Tervetuloa tutustumaan meihin, Saimaan Charmantteihin! Meit\u00e4 on t\u00e4\u00e4ll\u00e4 kaikkiaan 12 pient\u00e4 ja","robots":{"index":"index","follow":"follow","max-snippet":"max-snippet:-1","max-image-preview":"max-image-preview:large","max-video-preview":"max-video-preview:-1"},"canonical":"https:\/\/www.visitsaimaa.fi\/fi\/saimaan-charmantit\/","og_locale":"fi_FI","og_type":"article","og_title":"Saimaan Charmantit","og_description":"Saimaan Charmantit Uniikit k\u00e4yntikohteet Saimaalla &nbsp; Tervetuloa tutustumaan meihin, Saimaan Charmantteihin! Meit\u00e4 on t\u00e4\u00e4ll\u00e4 kaikkiaan 12 pient\u00e4 ja","og_url":"https:\/\/www.visitsaimaa.fi\/fi\/saimaan-charmantit\/","og_site_name":"Visit Saimaa","article_modified_time":"2025-12-15T18:40:54+00:00","og_image":[{"url":"https:\/\/www.visitsaimaa.fi\/wp-content\/uploads\/2019\/09\/SaimaanCharmantit_Quality250.png","type":"","width":"","height":""}],"twitter_misc":{"Arvioitu lukuaika":"3 minuuttia"},"schema":{"@context":"https:\/\/schema.org","@graph":[{"@type":"WebPage","@id":"https:\/\/www.visitsaimaa.fi\/fi\/saimaan-charmantit\/","url":"https:\/\/www.visitsaimaa.fi\/fi\/saimaan-charmantit\/","name":"Saimaan Charmantit - Visit Saimaa","isPartOf":{"@id":"https:\/\/www.visitsaimaa.fi\/fi\/#website"},"primaryImageOfPage":{"@id":"https:\/\/www.visitsaimaa.fi\/fi\/saimaan-charmantit\/#primaryimage"},"image":{"@id":"https:\/\/www.visitsaimaa.fi\/fi\/saimaan-charmantit\/#primaryimage"},"thumbnailUrl":"https:\/\/www.visitsaimaa.fi\/wp-content\/uploads\/2019\/09\/SaimaanCharmantit_Quality250.png","datePublished":"2019-09-09T10:02:23+00:00","dateModified":"2025-12-15T18:40:54+00:00","description":"Saimaan Charmantit Uniikit k\u00e4yntikohteet Saimaalla &nbsp; Tervetuloa tutustumaan meihin, Saimaan Charmantteihin! Meit\u00e4 on t\u00e4\u00e4ll\u00e4 kaikkiaan 12 pient\u00e4 ja","breadcrumb":{"@id":"https:\/\/www.visitsaimaa.fi\/fi\/saimaan-charmantit\/#breadcrumb"},"inLanguage":"fi","potentialAction":[{"@type":"ReadAction","target":["https:\/\/www.visitsaimaa.fi\/fi\/saimaan-charmantit\/"]}]},{"@type":"ImageObject","inLanguage":"fi","@id":"https:\/\/www.visitsaimaa.fi\/fi\/saimaan-charmantit\/#primaryimage","url":"https:\/\/www.visitsaimaa.fi\/wp-content\/uploads\/2019\/09\/SaimaanCharmantit_Quality250.png","contentUrl":"https:\/\/www.visitsaimaa.fi\/wp-content\/uploads\/2019\/09\/SaimaanCharmantit_Quality250.png"},{"@type":"BreadcrumbList","@id":"https:\/\/www.visitsaimaa.fi\/fi\/saimaan-charmantit\/#breadcrumb","itemListElement":[{"@type":"ListItem","position":1,"name":"Visit Saimaa","item":"https:\/\/www.visitsaimaa.fi\/fi\/"},{"@type":"ListItem","position":2,"name":"Saimaan Charmantit"}]},{"@type":"WebSite","@id":"https:\/\/www.visitsaimaa.fi\/fi\/#website","url":"https:\/\/www.visitsaimaa.fi\/fi\/","name":"Visit Saimaa","description":"The Official Travel Guide of Lakeland Saimaa","potentialAction":[{"@type":"SearchAction","target":{"@type":"EntryPoint","urlTemplate":"https:\/\/www.visitsaimaa.fi\/fi\/?s={search_term_string}"},"query-input":{"@type":"PropertyValueSpecification","valueRequired":true,"valueName":"search_term_string"}}],"inLanguage":"fi"}]}},"_links":{"self":[{"href":"https:\/\/www.visitsaimaa.fi\/fi\/wp-json\/wp\/v2\/pages\/13297","targetHints":{"allow":["GET"]}}],"collection":[{"href":"https:\/\/www.visitsaimaa.fi\/fi\/wp-json\/wp\/v2\/pages"}],"about":[{"href":"https:\/\/www.visitsaimaa.fi\/fi\/wp-json\/wp\/v2\/types\/page"}],"author":[{"embeddable":true,"href":"https:\/\/www.visitsaimaa.fi\/fi\/wp-json\/wp\/v2\/users\/46"}],"replies":[{"embeddable":true,"href":"https:\/\/www.visitsaimaa.fi\/fi\/wp-json\/wp\/v2\/comments?post=13297"}],"version-history":[{"count":20,"href":"https:\/\/www.visitsaimaa.fi\/fi\/wp-json\/wp\/v2\/pages\/13297\/revisions"}],"predecessor-version":[{"id":32371,"href":"https:\/\/www.visitsaimaa.fi\/fi\/wp-json\/wp\/v2\/pages\/13297\/revisions\/32371"}],"wp:attachment":[{"href":"https:\/\/www.visitsaimaa.fi\/fi\/wp-json\/wp\/v2\/media?parent=13297"}],"wp:term":[{"taxonomy":"relatedcontent","embeddable":true,"href":"https:\/\/www.visitsaimaa.fi\/fi\/wp-json\/wp\/v2\/relatedcontent?post=13297"}],"curies":[{"name":"wp","href":"https:\/\/api.w.org\/{rel}","templated":true}]}}